{"id":81,"date":"2024-04-19T04:56:41","date_gmt":"2024-04-19T04:56:41","guid":{"rendered":"https:\/\/petalwhim.com\/p\/eternal-rose-for-mothers-day\/"},"modified":"2025-07-25T05:16:06","modified_gmt":"2025-07-25T05:16:06","slug":"anneler-gunu-i%cc%87ci%cc%87n-ebedi%cc%87-gul","status":"publish","type":"product","link":"https:\/\/petalwhim.com\/tr\/p\/anneler-gunu-i%cc%87ci%cc%87n-ebedi%cc%87-gul\/","title":{"rendered":"<span>Ebedi G\u00fcl <\/span><span class=\"product-title-custom\">Anneler G\u00fcn\u00fc<\/span>"},"content":{"rendered":"<h2>Sonsuz bir g\u00fcl <strong>i\u00e7in<\/strong> sonsuz a\u015fk\u0131 ve g\u00fc\u00e7l\u00fc duygular\u0131 sembolize eder<\/h2><p>Bu \u00fcr\u00fcn k\u0131rm\u0131z\u0131 bir <strong>ebedi\u0307 g\u00fcl<\/strong>k\u0131rm\u0131z\u0131, beyaz boncuklar ve evinize yumu\u015fakl\u0131k getirecek ince, hafif bir \u00e7elenkten olu\u015fan sevimli k\u00fc\u00e7\u00fck bir oyuncak ay\u0131. T\u00fcm\u00fc bir \u00f6rt\u00fc ile kaplanm\u0131\u015ft\u0131r. <strong>kal\u0131n cam \u00e7an<\/strong> \u00fcst\u00fcnde k\u00fc\u00e7\u00fck bir kalp ve taban\u0131yla. <br><br>Ebedi g\u00fcl bir <strong>\u00f6l\u00fcms\u00fcz \u00e7i\u0307\u00e7ek<\/strong>.  Bu b\u00fcy\u00fcl\u00fc, \u0131\u015f\u0131lt\u0131l\u0131 g\u00fcl\u00fcn \u00f6zel bir bak\u0131ma ihtiyac\u0131 yoktur. Yata\u011f\u0131n\u0131z\u0131n ba\u015fucuna ya da oturma odan\u0131za yerle\u015ftirdi\u011finizde, bu ebedi g\u00fcl\u00fcn \u00f6l\u00fcms\u00fczl\u00fc\u011f\u00fc <strong>ANILAR<\/strong> ve her t\u00fcrl\u00fc duyguyu<\/strong> g\u00fcnl\u00fck olarak.<br> <br>Bu g\u00fczel g\u00fcl\u00fc cloche alt\u0131nda, Anneler G\u00fcn\u00fc gibi \u00f6zel g\u00fcnlerde onu onurland\u0131rmak i\u00e7in sunabilirsiniz.<\/p><p>E\u011fer bu ebedi g\u00fcl sizin zevkinize uygun de\u011filse, \u015fu \u00fcr\u00fcnlerimize bir g\u00f6z at\u0131n <a title=\"Sonsuz g\u00fcl koleksiyonu\" href=\"https:\/\/www.couronne-de-fleurs.com\/collections\/fleur-rose-eternel\">ebedi g\u00fcl koleksiyonu.<\/a><\/p><!-- split --><h2>Annenize do\u011fum g\u00fcn\u00fc i\u00e7in bir hediye verin.<\/h2><p>\u00dczerinde <strong>May\u0131s ay\u0131n\u0131n son Pazar g\u00fcn\u00fc<\/strong>Bug\u00fcn Anneler G\u00fcn\u00fc. \u00d6zellikle annelere adanm\u0131\u015f bir g\u00fcn. <strong>t\u00fcm anneleri\u0307 onurlandirmak<\/strong> Fransa'da. <\/p><p>Ona iyi tatiller dilemek, onu \u015f\u0131martmak ve onu mutlu edecek k\u00fc\u00e7\u00fck bir hediye vermek adettendir.<\/p><p>Burada, k\u00fc\u00e7\u00fck bir oyuncak ay\u0131yla birlikte bir cloche alt\u0131nda k\u0131rm\u0131z\u0131 ebedi g\u00fcllerden olu\u015fan bir kompozisyon sunuyoruz. Bu hediye <strong>bir o\u011flun annesine duydu\u011fu sonsuz sevgiyi sembolize eder<\/strong>. Bu <strong>Anneler G\u00fcn\u00fc i\u00e7in m\u00fckemmel bir hediye<\/strong>.<\/p><p>Anneniz bu minik hediyeden \u00e7ok memnun kalaca\u011f\u0131 gibi, onu evi i\u00e7in dekoratif bir unsur olarak da kullanabilir.<\/p>","protected":false},"excerpt":{"rendered":"Sonsuz a\u015fk\u0131 ve g\u00fc\u00e7l\u00fc duygular\u0131 simgeleyen ebedi bir g\u00fclBu \u00fcr\u00fcnde k\u0131rm\u0131z\u0131 ebedi bir g\u00fcl, yine k\u0131rm\u0131z\u0131 renkte sevimli k\u00fc\u00e7\u00fck bir ay\u0131c\u0131k, beyaz boncuklar ve evinize yumu\u015fakl\u0131k getirecek ince hafif bir \u00e7elenk bulunmaktad\u0131r. B\u00fct\u00fcn, \u00fcst\u00fcnde k\u00fc\u00e7\u00fck bir kalp bulunan kal\u0131n bir cam \u00e7an ve onun taban\u0131yla kapl\u0131d\u0131r. [...]","protected":false},"featured_media":80,"template":"","meta":[],"product_brand":[],"product_cat":[15,36,19,35],"product_tag":[34],"class_list":{"0":"post-81","1":"product","2":"type-product","3":"status-publish","4":"has-post-thumbnail","6":"product_cat-all-products","7":"product_cat-best-sellers","8":"product_cat-red-forever-rose","9":"product_cat-small-forever-rose","10":"product_tag-small-rose-in-glass","12":"first","13":"instock","14":"shipping-taxable","15":"purchasable","16":"product-type-simple"},"yoast_head":"<!-- This site is optimized with the Yoast SEO plugin v25.9 - https:\/\/yoast.com\/wordpress\/plugins\/seo\/ -->\n<title>Eternal Rose Mother&#039;s Day | T\u00fcrkiye Florist<\/title>\n<meta name=\"description\" content=\"Celebrate everlasting love with our Eternal Rose Mother&#039;s Day .\ud83c\udf39Symbolize your endless affection. Shop now and get a free...\" \/>\n<meta name=\"robots\" content=\"index, follow, max-snippet:-1, max-image-preview:large, max-video-preview:-1\" \/>\n<link rel=\"canonical\" href=\"https:\/\/petalwhim.com\/tr\/p\/anneler-gunu-i\u0307ci\u0307n-ebedi\u0307-gul\/\" \/>\n<meta property=\"og:locale\" content=\"tr_TR\" \/>\n<meta property=\"og:type\" content=\"article\" \/>\n<meta property=\"og:title\" content=\"Eternal Rose Mother&#039;s Day | T\u00fcrkiye Florist\" \/>\n<meta property=\"og:description\" content=\"Celebrate everlasting love with our Eternal Rose Mother&#039;s Day .\ud83c\udf39Symbolize your endless affection. Shop now and get a free...\" \/>\n<meta property=\"og:url\" content=\"https:\/\/petalwhim.com\/tr\/p\/anneler-gunu-i\u0307ci\u0307n-ebedi\u0307-gul\/\" \/>\n<meta property=\"og:site_name\" content=\"Petal Whim\u2122\" \/>\n<meta property=\"article:modified_time\" content=\"2025-07-25T05:16:06+00:00\" \/>\n<meta property=\"og:image\" content=\"https:\/\/petalwhim.com\/wp-content\/uploads\/2024\/04\/product-image-1594224958.jpg\" \/>\n\t<meta property=\"og:image:width\" content=\"640\" \/>\n\t<meta property=\"og:image:height\" content=\"640\" \/>\n\t<meta property=\"og:image:type\" content=\"image\/jpeg\" \/>\n<meta name=\"twitter:card\" content=\"summary_large_image\" \/>\n<meta name=\"twitter:label1\" content=\"Tahmini okuma s\u00fcresi\" \/>\n\t<meta name=\"twitter:data1\" content=\"1 dakika\" \/>\n<script type=\"application\/ld+json\" class=\"yoast-schema-graph\">{\"@context\":\"https:\/\/schema.org\",\"@graph\":[{\"@type\":\"WebPage\",\"@id\":\"https:\/\/petalwhim.com\/p\/eternal-rose-for-mothers-day\/\",\"url\":\"https:\/\/petalwhim.com\/p\/eternal-rose-for-mothers-day\/\",\"name\":\"Eternal Rose Mother's Day | T\u00fcrkiye Florist\",\"isPartOf\":{\"@id\":\"https:\/\/petalwhim.com\/#website\"},\"primaryImageOfPage\":{\"@id\":\"https:\/\/petalwhim.com\/p\/eternal-rose-for-mothers-day\/#primaryimage\"},\"image\":{\"@id\":\"https:\/\/petalwhim.com\/p\/eternal-rose-for-mothers-day\/#primaryimage\"},\"thumbnailUrl\":\"https:\/\/petalwhim.com\/wp-content\/uploads\/2024\/04\/product-image-1594224958.jpg\",\"datePublished\":\"2024-04-19T04:56:41+00:00\",\"dateModified\":\"2025-07-25T05:16:06+00:00\",\"description\":\"Celebrate everlasting love with our Eternal Rose Mother's Day .\ud83c\udf39Symbolize your endless affection. Shop now and get a free...\",\"breadcrumb\":{\"@id\":\"https:\/\/petalwhim.com\/p\/eternal-rose-for-mothers-day\/#breadcrumb\"},\"inLanguage\":\"tr\",\"potentialAction\":[{\"@type\":\"ReadAction\",\"target\":[\"https:\/\/petalwhim.com\/p\/eternal-rose-for-mothers-day\/\"]}]},{\"@type\":\"ImageObject\",\"inLanguage\":\"tr\",\"@id\":\"https:\/\/petalwhim.com\/p\/eternal-rose-for-mothers-day\/#primaryimage\",\"url\":\"https:\/\/petalwhim.com\/wp-content\/uploads\/2024\/04\/product-image-1594224958.jpg\",\"contentUrl\":\"https:\/\/petalwhim.com\/wp-content\/uploads\/2024\/04\/product-image-1594224958.jpg\",\"width\":640,\"height\":640,\"caption\":\"Eternal Rose Mother's Day\"},{\"@type\":\"BreadcrumbList\",\"@id\":\"https:\/\/petalwhim.com\/p\/eternal-rose-for-mothers-day\/#breadcrumb\",\"itemListElement\":[{\"@type\":\"ListItem\",\"position\":1,\"name\":\"Home\",\"item\":\"https:\/\/petalwhim.com\/\"},{\"@type\":\"ListItem\",\"position\":2,\"name\":\"Shop\",\"item\":\"https:\/\/petalwhim.com\/shop\/\"},{\"@type\":\"ListItem\",\"position\":3,\"name\":\"Eternal Rose Mother&#8217;s Day\"}]},{\"@type\":\"WebSite\",\"@id\":\"https:\/\/petalwhim.com\/#website\",\"url\":\"https:\/\/petalwhim.com\/\",\"name\":\"Petal Whim\u2122\",\"description\":\"Rose in Glass\",\"publisher\":{\"@id\":\"https:\/\/petalwhim.com\/#organization\"},\"potentialAction\":[{\"@type\":\"SearchAction\",\"target\":{\"@type\":\"EntryPoint\",\"urlTemplate\":\"https:\/\/petalwhim.com\/?s={search_term_string}\"},\"query-input\":{\"@type\":\"PropertyValueSpecification\",\"valueRequired\":true,\"valueName\":\"search_term_string\"}}],\"inLanguage\":\"tr\"},{\"@type\":\"Organization\",\"@id\":\"https:\/\/petalwhim.com\/#organization\",\"name\":\"Petal Whim\",\"alternateName\":\"Rose in Glass\",\"url\":\"https:\/\/petalwhim.com\/\",\"logo\":{\"@type\":\"ImageObject\",\"inLanguage\":\"tr\",\"@id\":\"https:\/\/petalwhim.com\/#\/schema\/logo\/image\/\",\"url\":\"https:\/\/petalwhim.com\/wp-content\/uploads\/2024\/05\/cropped-Petal-Whim-Favicon.png\",\"contentUrl\":\"https:\/\/petalwhim.com\/wp-content\/uploads\/2024\/05\/cropped-Petal-Whim-Favicon.png\",\"width\":512,\"height\":512,\"caption\":\"Petal Whim\"},\"image\":{\"@id\":\"https:\/\/petalwhim.com\/#\/schema\/logo\/image\/\"}}]}<\/script>\n<!-- \/ Yoast SEO plugin. -->","yoast_head_json":{"title":"Sonsuz G\u00fcl Anneler G\u00fcn\u00fc | T\u00fcrkiye \u00c7i\u00e7ek\u00e7ilik","description":"Ebedi G\u00fcl Anneler G\u00fcn\u00fc hediyemizle sonsuz sevgiyi kutlay\u0131n.\ud83c\udf39Sonsuz sevginizi simgeleyin. \u015eimdi al\u0131\u015fveri\u015f yap\u0131n ve \u00fccretsiz ...","robots":{"index":"index","follow":"follow","max-snippet":"max-snippet:-1","max-image-preview":"max-image-preview:large","max-video-preview":"max-video-preview:-1"},"canonical":"https:\/\/petalwhim.com\/tr\/p\/anneler-gunu-i\u0307ci\u0307n-ebedi\u0307-gul\/","og_locale":"tr_TR","og_type":"article","og_title":"Eternal Rose Mother's Day | T\u00fcrkiye Florist","og_description":"Celebrate everlasting love with our Eternal Rose Mother's Day .\ud83c\udf39Symbolize your endless affection. Shop now and get a free...","og_url":"https:\/\/petalwhim.com\/tr\/p\/anneler-gunu-i\u0307ci\u0307n-ebedi\u0307-gul\/","og_site_name":"Petal Whim\u2122","article_modified_time":"2025-07-25T05:16:06+00:00","og_image":[{"width":640,"height":640,"url":"https:\/\/petalwhim.com\/wp-content\/uploads\/2024\/04\/product-image-1594224958.jpg","type":"image\/jpeg"}],"twitter_card":"summary_large_image","twitter_misc":{"Tahmini okuma s\u00fcresi":"1 dakika"},"schema":{"@context":"https:\/\/schema.org","@graph":[{"@type":"WebPage","@id":"https:\/\/petalwhim.com\/p\/eternal-rose-for-mothers-day\/","url":"https:\/\/petalwhim.com\/p\/eternal-rose-for-mothers-day\/","name":"Sonsuz G\u00fcl Anneler G\u00fcn\u00fc | T\u00fcrkiye \u00c7i\u00e7ek\u00e7ilik","isPartOf":{"@id":"https:\/\/petalwhim.com\/#website"},"primaryImageOfPage":{"@id":"https:\/\/petalwhim.com\/p\/eternal-rose-for-mothers-day\/#primaryimage"},"image":{"@id":"https:\/\/petalwhim.com\/p\/eternal-rose-for-mothers-day\/#primaryimage"},"thumbnailUrl":"https:\/\/petalwhim.com\/wp-content\/uploads\/2024\/04\/product-image-1594224958.jpg","datePublished":"2024-04-19T04:56:41+00:00","dateModified":"2025-07-25T05:16:06+00:00","description":"Ebedi G\u00fcl Anneler G\u00fcn\u00fc hediyemizle sonsuz sevgiyi kutlay\u0131n.\ud83c\udf39Sonsuz sevginizi simgeleyin. \u015eimdi al\u0131\u015fveri\u015f yap\u0131n ve \u00fccretsiz ...","breadcrumb":{"@id":"https:\/\/petalwhim.com\/p\/eternal-rose-for-mothers-day\/#breadcrumb"},"inLanguage":"tr","potentialAction":[{"@type":"ReadAction","target":["https:\/\/petalwhim.com\/p\/eternal-rose-for-mothers-day\/"]}]},{"@type":"ImageObject","inLanguage":"tr","@id":"https:\/\/petalwhim.com\/p\/eternal-rose-for-mothers-day\/#primaryimage","url":"https:\/\/petalwhim.com\/wp-content\/uploads\/2024\/04\/product-image-1594224958.jpg","contentUrl":"https:\/\/petalwhim.com\/wp-content\/uploads\/2024\/04\/product-image-1594224958.jpg","width":640,"height":640,"caption":"Eternal Rose Mother's Day"},{"@type":"BreadcrumbList","@id":"https:\/\/petalwhim.com\/p\/eternal-rose-for-mothers-day\/#breadcrumb","itemListElement":[{"@type":"ListItem","position":1,"name":"Home","item":"https:\/\/petalwhim.com\/"},{"@type":"ListItem","position":2,"name":"Shop","item":"https:\/\/petalwhim.com\/shop\/"},{"@type":"ListItem","position":3,"name":"Eternal Rose Mother&#8217;s Day"}]},{"@type":"WebSite","@id":"https:\/\/petalwhim.com\/#website","url":"https:\/\/petalwhim.com\/","name":"Petal Whim\u2122","description":"Camda G\u00fcl","publisher":{"@id":"https:\/\/petalwhim.com\/#organization"},"potentialAction":[{"@type":"SearchAction","target":{"@type":"EntryPoint","urlTemplate":"https:\/\/petalwhim.com\/?s={search_term_string}"},"query-input":{"@type":"PropertyValueSpecification","valueRequired":true,"valueName":"search_term_string"}}],"inLanguage":"tr"},{"@type":"Organization","@id":"https:\/\/petalwhim.com\/#organization","name":"Petal Whim","alternateName":"Rose in Glass","url":"https:\/\/petalwhim.com\/","logo":{"@type":"ImageObject","inLanguage":"tr","@id":"https:\/\/petalwhim.com\/#\/schema\/logo\/image\/","url":"https:\/\/petalwhim.com\/wp-content\/uploads\/2024\/05\/cropped-Petal-Whim-Favicon.png","contentUrl":"https:\/\/petalwhim.com\/wp-content\/uploads\/2024\/05\/cropped-Petal-Whim-Favicon.png","width":512,"height":512,"caption":"Petal Whim"},"image":{"@id":"https:\/\/petalwhim.com\/#\/schema\/logo\/image\/"}}]}},"_links":{"self":[{"href":"https:\/\/petalwhim.com\/tr\/wp-json\/wp\/v2\/product\/81","targetHints":{"allow":["GET"]}}],"collection":[{"href":"https:\/\/petalwhim.com\/tr\/wp-json\/wp\/v2\/product"}],"about":[{"href":"https:\/\/petalwhim.com\/tr\/wp-json\/wp\/v2\/types\/product"}],"wp:featuredmedia":[{"embeddable":true,"href":"https:\/\/petalwhim.com\/tr\/wp-json\/wp\/v2\/media\/80"}],"wp:attachment":[{"href":"https:\/\/petalwhim.com\/tr\/wp-json\/wp\/v2\/media?parent=81"}],"wp:term":[{"taxonomy":"product_brand","embeddable":true,"href":"https:\/\/petalwhim.com\/tr\/wp-json\/wp\/v2\/product_brand?post=81"},{"taxonomy":"product_cat","embeddable":true,"href":"https:\/\/petalwhim.com\/tr\/wp-json\/wp\/v2\/product_cat?post=81"},{"taxonomy":"product_tag","embeddable":true,"href":"https:\/\/petalwhim.com\/tr\/wp-json\/wp\/v2\/product_tag?post=81"}],"curies":[{"name":"wp","href":"https:\/\/api.w.org\/{rel}","templated":true}]}}