{"id":79,"date":"2024-04-19T04:56:34","date_gmt":"2024-04-19T04:56:34","guid":{"rendered":"https:\/\/petalwhim.com\/p\/eternal-pink-rose-under-glass-dome\/"},"modified":"2025-07-25T05:16:06","modified_gmt":"2025-07-25T05:16:06","slug":"cam-kubbe-altinda-sonsuz-pembe-gul","status":"publish","type":"product","link":"https:\/\/petalwhim.com\/tr\/p\/cam-kubbe-altinda-sonsuz-pembe-gul\/","title":{"rendered":"<span>K\u00fc\u00e7\u00fck Ebedi G\u00fcl <\/span><span class=\"product-title-custom\">Cam Kubbenin Alt\u0131nda G\u00fcl<\/span>"},"content":{"rendered":"<h2>Sevgiliniz i\u00e7in romantik bir hediye bulmaya m\u0131 heveslisiniz? <\/h2><p>Petal Whim\u2122 her \u015feyle ilgilenir. Asl\u0131nda, y\u0131l\u0131n bu son birka\u00e7 ay\u0131 i\u00e7in size K\u00fc\u00e7\u00fck <strong>sonsuz pembe<\/strong> cloche alt\u0131nda. Bu g\u00fczel pembe Small, sizi a\u015f\u0131k edece\u011finden emin oldu\u011funuz k\u00fc\u00e7\u00fck bir kalp ile s\u00fcslenmi\u015f cloche ile birlikte mevcuttur. <\/p><p>Bu g\u00fczel \u00e7i\u00e7ek i\u00e7in kullan\u0131lan pembe renk, a\u015fk\u0131n masum do\u011fas\u0131n\u0131 ifade etmek i\u00e7indir. <\/p><p>Bu \u00e7i\u00e7ek, bir d\u00fc\u011f\u00fcnde verme f\u0131rsat\u0131 bulaca\u011f\u0131n\u0131z ho\u015f bir hediyedir ve evlili\u011fin ki\u015finin hayat\u0131n\u0131n en g\u00fczel g\u00fcn\u00fc oldu\u011funu ak\u0131lda tutacakt\u0131r. <\/p>","protected":false},"excerpt":{"rendered":"Sevgiliniz i\u00e7in romantik bir hediye bulmaya m\u0131 heveslisiniz? Petal Whim\u2122 her \u015feyi hallediyor. Asl\u0131nda, y\u0131l\u0131n bu son birka\u00e7 ay\u0131 i\u00e7in, size K\u00fc\u00e7\u00fck ebedi pembesini cloche alt\u0131nda sunuyor. Bu g\u00fczel pembe Small, \u00fczerinde k\u00fc\u00e7\u00fck bir kalp bulunan cloche'u ile birlikte sunuluyor ve [...]","protected":false},"featured_media":78,"template":"","meta":[],"product_brand":[],"product_cat":[15,36,35],"product_tag":[34],"class_list":{"0":"post-79","1":"product","2":"type-product","3":"status-publish","4":"has-post-thumbnail","6":"product_cat-all-products","7":"product_cat-best-sellers","8":"product_cat-small-forever-rose","9":"product_tag-small-rose-in-glass","11":"first","12":"instock","13":"shipping-taxable","14":"purchasable","15":"product-type-simple"},"yoast_head":"<!-- This site is optimized with the Yoast SEO plugin v25.9 - https:\/\/yoast.com\/wordpress\/plugins\/seo\/ -->\n<title>Small Eternal Rose Rose under Glass Dome | T\u00fcrkiye Florist<\/title>\n<meta name=\"description\" content=\"Celebrate everlasting love with our Small Eternal Rose Rose under Glass Dome .\ud83c\udf39Symbolize your endless affection. Shop now and get a free...\" \/>\n<meta name=\"robots\" content=\"index, follow, max-snippet:-1, max-image-preview:large, max-video-preview:-1\" \/>\n<link rel=\"canonical\" href=\"https:\/\/petalwhim.com\/tr\/p\/cam-kubbe-altinda-sonsuz-pembe-gul\/\" \/>\n<meta property=\"og:locale\" content=\"tr_TR\" \/>\n<meta property=\"og:type\" content=\"article\" \/>\n<meta property=\"og:title\" content=\"Small Eternal Rose Rose under Glass Dome | T\u00fcrkiye Florist\" \/>\n<meta property=\"og:description\" content=\"Celebrate everlasting love with our Small Eternal Rose Rose under Glass Dome .\ud83c\udf39Symbolize your endless affection. Shop now and get a free...\" \/>\n<meta property=\"og:url\" content=\"https:\/\/petalwhim.com\/tr\/p\/cam-kubbe-altinda-sonsuz-pembe-gul\/\" \/>\n<meta property=\"og:site_name\" content=\"Petal Whim\u2122\" \/>\n<meta property=\"article:modified_time\" content=\"2025-07-25T05:16:06+00:00\" \/>\n<meta property=\"og:image\" content=\"https:\/\/petalwhim.com\/wp-content\/uploads\/2024\/04\/product-image-1594224960.jpg\" \/>\n\t<meta property=\"og:image:width\" content=\"640\" \/>\n\t<meta property=\"og:image:height\" content=\"640\" \/>\n\t<meta property=\"og:image:type\" content=\"image\/jpeg\" \/>\n<meta name=\"twitter:card\" content=\"summary_large_image\" \/>\n<meta name=\"twitter:label1\" content=\"Tahmini okuma s\u00fcresi\" \/>\n\t<meta name=\"twitter:data1\" content=\"1 dakika\" \/>\n<script type=\"application\/ld+json\" class=\"yoast-schema-graph\">{\"@context\":\"https:\/\/schema.org\",\"@graph\":[{\"@type\":\"WebPage\",\"@id\":\"https:\/\/petalwhim.com\/p\/eternal-pink-rose-under-glass-dome\/\",\"url\":\"https:\/\/petalwhim.com\/p\/eternal-pink-rose-under-glass-dome\/\",\"name\":\"Small Eternal Rose Rose under Glass Dome | T\u00fcrkiye Florist\",\"isPartOf\":{\"@id\":\"https:\/\/petalwhim.com\/#website\"},\"primaryImageOfPage\":{\"@id\":\"https:\/\/petalwhim.com\/p\/eternal-pink-rose-under-glass-dome\/#primaryimage\"},\"image\":{\"@id\":\"https:\/\/petalwhim.com\/p\/eternal-pink-rose-under-glass-dome\/#primaryimage\"},\"thumbnailUrl\":\"https:\/\/petalwhim.com\/wp-content\/uploads\/2024\/04\/product-image-1594224960.jpg\",\"datePublished\":\"2024-04-19T04:56:34+00:00\",\"dateModified\":\"2025-07-25T05:16:06+00:00\",\"description\":\"Celebrate everlasting love with our Small Eternal Rose Rose under Glass Dome .\ud83c\udf39Symbolize your endless affection. Shop now and get a free...\",\"breadcrumb\":{\"@id\":\"https:\/\/petalwhim.com\/p\/eternal-pink-rose-under-glass-dome\/#breadcrumb\"},\"inLanguage\":\"tr\",\"potentialAction\":[{\"@type\":\"ReadAction\",\"target\":[\"https:\/\/petalwhim.com\/p\/eternal-pink-rose-under-glass-dome\/\"]}]},{\"@type\":\"ImageObject\",\"inLanguage\":\"tr\",\"@id\":\"https:\/\/petalwhim.com\/p\/eternal-pink-rose-under-glass-dome\/#primaryimage\",\"url\":\"https:\/\/petalwhim.com\/wp-content\/uploads\/2024\/04\/product-image-1594224960.jpg\",\"contentUrl\":\"https:\/\/petalwhim.com\/wp-content\/uploads\/2024\/04\/product-image-1594224960.jpg\",\"width\":640,\"height\":640,\"caption\":\"Small Eternal Rose Rose under Glass Dome\"},{\"@type\":\"BreadcrumbList\",\"@id\":\"https:\/\/petalwhim.com\/p\/eternal-pink-rose-under-glass-dome\/#breadcrumb\",\"itemListElement\":[{\"@type\":\"ListItem\",\"position\":1,\"name\":\"Home\",\"item\":\"https:\/\/petalwhim.com\/\"},{\"@type\":\"ListItem\",\"position\":2,\"name\":\"Shop\",\"item\":\"https:\/\/petalwhim.com\/shop\/\"},{\"@type\":\"ListItem\",\"position\":3,\"name\":\"Small Eternal Rose Rose under Glass Dome\"}]},{\"@type\":\"WebSite\",\"@id\":\"https:\/\/petalwhim.com\/#website\",\"url\":\"https:\/\/petalwhim.com\/\",\"name\":\"Petal Whim\u2122\",\"description\":\"Rose in Glass\",\"publisher\":{\"@id\":\"https:\/\/petalwhim.com\/#organization\"},\"potentialAction\":[{\"@type\":\"SearchAction\",\"target\":{\"@type\":\"EntryPoint\",\"urlTemplate\":\"https:\/\/petalwhim.com\/?s={search_term_string}\"},\"query-input\":{\"@type\":\"PropertyValueSpecification\",\"valueRequired\":true,\"valueName\":\"search_term_string\"}}],\"inLanguage\":\"tr\"},{\"@type\":\"Organization\",\"@id\":\"https:\/\/petalwhim.com\/#organization\",\"name\":\"Petal Whim\",\"alternateName\":\"Rose in Glass\",\"url\":\"https:\/\/petalwhim.com\/\",\"logo\":{\"@type\":\"ImageObject\",\"inLanguage\":\"tr\",\"@id\":\"https:\/\/petalwhim.com\/#\/schema\/logo\/image\/\",\"url\":\"https:\/\/petalwhim.com\/wp-content\/uploads\/2024\/05\/cropped-Petal-Whim-Favicon.png\",\"contentUrl\":\"https:\/\/petalwhim.com\/wp-content\/uploads\/2024\/05\/cropped-Petal-Whim-Favicon.png\",\"width\":512,\"height\":512,\"caption\":\"Petal Whim\"},\"image\":{\"@id\":\"https:\/\/petalwhim.com\/#\/schema\/logo\/image\/\"}}]}<\/script>\n<!-- \/ Yoast SEO plugin. -->","yoast_head_json":{"title":"Cam Kubbe Alt\u0131nda K\u00fc\u00e7\u00fck Ebedi G\u00fcl | T\u00fcrkiye \u00c7i\u00e7ek\u00e7isi","description":"Cam Kubbe Alt\u0131nda K\u00fc\u00e7\u00fck Sonsuz G\u00fcl\u00fcm\u00fczle sonsuz sevginizi kutlay\u0131n.\ud83c\udf39Sonsuz sevginizi sembolize edin. \u015eimdi al\u0131\u015fveri\u015f yap\u0131n ve \u00fccretsiz ...","robots":{"index":"index","follow":"follow","max-snippet":"max-snippet:-1","max-image-preview":"max-image-preview:large","max-video-preview":"max-video-preview:-1"},"canonical":"https:\/\/petalwhim.com\/tr\/p\/cam-kubbe-altinda-sonsuz-pembe-gul\/","og_locale":"tr_TR","og_type":"article","og_title":"Small Eternal Rose Rose under Glass Dome | T\u00fcrkiye Florist","og_description":"Celebrate everlasting love with our Small Eternal Rose Rose under Glass Dome .\ud83c\udf39Symbolize your endless affection. Shop now and get a free...","og_url":"https:\/\/petalwhim.com\/tr\/p\/cam-kubbe-altinda-sonsuz-pembe-gul\/","og_site_name":"Petal Whim\u2122","article_modified_time":"2025-07-25T05:16:06+00:00","og_image":[{"width":640,"height":640,"url":"https:\/\/petalwhim.com\/wp-content\/uploads\/2024\/04\/product-image-1594224960.jpg","type":"image\/jpeg"}],"twitter_card":"summary_large_image","twitter_misc":{"Tahmini okuma s\u00fcresi":"1 dakika"},"schema":{"@context":"https:\/\/schema.org","@graph":[{"@type":"WebPage","@id":"https:\/\/petalwhim.com\/p\/eternal-pink-rose-under-glass-dome\/","url":"https:\/\/petalwhim.com\/p\/eternal-pink-rose-under-glass-dome\/","name":"Cam Kubbe Alt\u0131nda K\u00fc\u00e7\u00fck Ebedi G\u00fcl | T\u00fcrkiye \u00c7i\u00e7ek\u00e7isi","isPartOf":{"@id":"https:\/\/petalwhim.com\/#website"},"primaryImageOfPage":{"@id":"https:\/\/petalwhim.com\/p\/eternal-pink-rose-under-glass-dome\/#primaryimage"},"image":{"@id":"https:\/\/petalwhim.com\/p\/eternal-pink-rose-under-glass-dome\/#primaryimage"},"thumbnailUrl":"https:\/\/petalwhim.com\/wp-content\/uploads\/2024\/04\/product-image-1594224960.jpg","datePublished":"2024-04-19T04:56:34+00:00","dateModified":"2025-07-25T05:16:06+00:00","description":"Cam Kubbe Alt\u0131nda K\u00fc\u00e7\u00fck Sonsuz G\u00fcl\u00fcm\u00fczle sonsuz sevginizi kutlay\u0131n.\ud83c\udf39Sonsuz sevginizi sembolize edin. \u015eimdi al\u0131\u015fveri\u015f yap\u0131n ve \u00fccretsiz ...","breadcrumb":{"@id":"https:\/\/petalwhim.com\/p\/eternal-pink-rose-under-glass-dome\/#breadcrumb"},"inLanguage":"tr","potentialAction":[{"@type":"ReadAction","target":["https:\/\/petalwhim.com\/p\/eternal-pink-rose-under-glass-dome\/"]}]},{"@type":"ImageObject","inLanguage":"tr","@id":"https:\/\/petalwhim.com\/p\/eternal-pink-rose-under-glass-dome\/#primaryimage","url":"https:\/\/petalwhim.com\/wp-content\/uploads\/2024\/04\/product-image-1594224960.jpg","contentUrl":"https:\/\/petalwhim.com\/wp-content\/uploads\/2024\/04\/product-image-1594224960.jpg","width":640,"height":640,"caption":"Small Eternal Rose Rose under Glass Dome"},{"@type":"BreadcrumbList","@id":"https:\/\/petalwhim.com\/p\/eternal-pink-rose-under-glass-dome\/#breadcrumb","itemListElement":[{"@type":"ListItem","position":1,"name":"Home","item":"https:\/\/petalwhim.com\/"},{"@type":"ListItem","position":2,"name":"Shop","item":"https:\/\/petalwhim.com\/shop\/"},{"@type":"ListItem","position":3,"name":"Small Eternal Rose Rose under Glass Dome"}]},{"@type":"WebSite","@id":"https:\/\/petalwhim.com\/#website","url":"https:\/\/petalwhim.com\/","name":"Petal Whim\u2122","description":"Camda G\u00fcl","publisher":{"@id":"https:\/\/petalwhim.com\/#organization"},"potentialAction":[{"@type":"SearchAction","target":{"@type":"EntryPoint","urlTemplate":"https:\/\/petalwhim.com\/?s={search_term_string}"},"query-input":{"@type":"PropertyValueSpecification","valueRequired":true,"valueName":"search_term_string"}}],"inLanguage":"tr"},{"@type":"Organization","@id":"https:\/\/petalwhim.com\/#organization","name":"Petal Whim","alternateName":"Rose in Glass","url":"https:\/\/petalwhim.com\/","logo":{"@type":"ImageObject","inLanguage":"tr","@id":"https:\/\/petalwhim.com\/#\/schema\/logo\/image\/","url":"https:\/\/petalwhim.com\/wp-content\/uploads\/2024\/05\/cropped-Petal-Whim-Favicon.png","contentUrl":"https:\/\/petalwhim.com\/wp-content\/uploads\/2024\/05\/cropped-Petal-Whim-Favicon.png","width":512,"height":512,"caption":"Petal Whim"},"image":{"@id":"https:\/\/petalwhim.com\/#\/schema\/logo\/image\/"}}]}},"_links":{"self":[{"href":"https:\/\/petalwhim.com\/tr\/wp-json\/wp\/v2\/product\/79","targetHints":{"allow":["GET"]}}],"collection":[{"href":"https:\/\/petalwhim.com\/tr\/wp-json\/wp\/v2\/product"}],"about":[{"href":"https:\/\/petalwhim.com\/tr\/wp-json\/wp\/v2\/types\/product"}],"wp:featuredmedia":[{"embeddable":true,"href":"https:\/\/petalwhim.com\/tr\/wp-json\/wp\/v2\/media\/78"}],"wp:attachment":[{"href":"https:\/\/petalwhim.com\/tr\/wp-json\/wp\/v2\/media?parent=79"}],"wp:term":[{"taxonomy":"product_brand","embeddable":true,"href":"https:\/\/petalwhim.com\/tr\/wp-json\/wp\/v2\/product_brand?post=79"},{"taxonomy":"product_cat","embeddable":true,"href":"https:\/\/petalwhim.com\/tr\/wp-json\/wp\/v2\/product_cat?post=79"},{"taxonomy":"product_tag","embeddable":true,"href":"https:\/\/petalwhim.com\/tr\/wp-json\/wp\/v2\/product_tag?post=79"}],"curies":[{"name":"wp","href":"https:\/\/api.w.org\/{rel}","templated":true}]}}