{"id":235,"date":"2024-04-19T05:02:13","date_gmt":"2024-04-19T05:02:13","guid":{"rendered":"https:\/\/petalwhim.com\/p\/mini-white-and-green-eternal-rose-under-glass-dome\/"},"modified":"2025-07-25T05:16:01","modified_gmt":"2025-07-25T05:16:01","slug":"cam-kubbe-altinda-mini-beyaz-ve-yesil-ebedi-gul","status":"publish","type":"product","link":"https:\/\/petalwhim.com\/tr\/p\/cam-kubbe-altinda-mini-beyaz-ve-yesil-ebedi-gul\/","title":{"rendered":"<span>Cam Kubbe Alt\u0131nda Mini Ebedi G\u00fcl <\/span><span class=\"product-title-custom\">Beyaz ve Ye\u015fil<\/span>"},"content":{"rendered":"<h2>K\u0131rsal tarzda bir yemek i\u00e7in bu mini ebedi g\u00fcl\u00fc beyaz ve ye\u015fil bir cloche alt\u0131nda sunun<\/h2><p>Bu muhte\u015fem mini g\u00fcl, ah\u015fap bir kaide \u00fczerine \u00f6zenle yerle\u015ftirilmi\u015ftir ve bir <strong>mini p\u0131r\u0131lt\u0131l\u0131 \u00e7elenk<\/strong>. Do\u011fay\u0131 an\u0131msatan dekoratif unsurlarla \u00f6zelle\u015ftirilmi\u015ftir. Cam \u00e7an\u0131n\u0131n tepesinde k\u00fc\u00e7\u00fck bir kalp bulunur.<\/p><p>Mini ebedi g\u00fcl iki renkte sunulur: beyaz ve ye\u015fil, pastel bir toplulukta. Beyaz safl\u0131\u011f\u0131, masumiyeti ve tazeli\u011fi sembolize eder. Ye\u015fil bir g\u00fcl olarak kabul edilir. <strong>pozitif renk<\/strong> umut, istikrar ve iyimserlik \u00e7a\u011fr\u0131s\u0131nda bulunuyor.<\/p><p>Bunu kullanabilirsin <strong>mini ebedi beyaz ve ye\u015fil g\u00fcl<\/strong> Bir d\u00fc\u011f\u00fcn, kom\u00fcnyon veya vaftiz yeme\u011finin masas\u0131n\u0131 s\u00fcslemek i\u00e7in Ev sahibinize bir hediye olabilir. <strong>yemek i\u00e7mek<\/strong>, sonbahar, ya da sadece bir <strong>Sevgililer G\u00fcn\u00fc veya do\u011fum g\u00fcn\u00fc hediyesi<\/strong>.<\/p>","protected":false},"excerpt":{"rendered":"Offer this mini eternal rose under a white and green cloche for a country-style mealThis magnificent mini rose is delicately placed on a wooden base and is surrounded by a mini twinkling garland. It is customized with decorative elements reminiscent of nature. Its glass bell is topped by a small heart.The mini eternal rose comes [&#8230;]","protected":false},"featured_media":234,"template":"","meta":[],"product_brand":[],"product_cat":[15,36,35,20],"product_tag":[34],"class_list":{"0":"post-235","1":"product","2":"type-product","3":"status-publish","4":"has-post-thumbnail","6":"product_cat-all-products","7":"product_cat-best-sellers","8":"product_cat-small-forever-rose","9":"product_cat-white-forever-rose","10":"product_tag-small-rose-in-glass","12":"first","13":"instock","14":"shipping-taxable","15":"purchasable","16":"product-type-simple"},"yoast_head":"<!-- This site is optimized with the Yoast SEO plugin v25.9 - https:\/\/yoast.com\/wordpress\/plugins\/seo\/ -->\n<title>Mini Eternal Rose under Glass Dome White and Green | T\u00fcrkiye Florist<\/title>\n<meta name=\"description\" content=\"Celebrate everlasting love with our Mini Eternal Rose under Glass Dome White and Green .\ud83c\udf39Symbolize your endless affection. Shop now and get a free...\" \/>\n<meta name=\"robots\" content=\"index, follow, max-snippet:-1, max-image-preview:large, max-video-preview:-1\" \/>\n<link rel=\"canonical\" href=\"https:\/\/petalwhim.com\/tr\/p\/cam-kubbe-altinda-mini-beyaz-ve-yesil-ebedi-gul\/\" \/>\n<meta property=\"og:locale\" content=\"tr_TR\" \/>\n<meta property=\"og:type\" content=\"article\" \/>\n<meta property=\"og:title\" content=\"Mini Eternal Rose under Glass Dome White and Green | T\u00fcrkiye Florist\" \/>\n<meta property=\"og:description\" content=\"Celebrate everlasting love with our Mini Eternal Rose under Glass Dome White and Green .\ud83c\udf39Symbolize your endless affection. Shop now and get a free...\" \/>\n<meta property=\"og:url\" content=\"https:\/\/petalwhim.com\/tr\/p\/cam-kubbe-altinda-mini-beyaz-ve-yesil-ebedi-gul\/\" \/>\n<meta property=\"og:site_name\" content=\"Petal Whim\u2122\" \/>\n<meta property=\"article:modified_time\" content=\"2025-07-25T05:16:01+00:00\" \/>\n<meta property=\"og:image\" content=\"https:\/\/petalwhim.com\/wp-content\/uploads\/2024\/04\/product-image-1487364154_053203a4-48cd-4c22-b06a-cb3b0744fbf2.jpg\" \/>\n\t<meta property=\"og:image:width\" content=\"640\" \/>\n\t<meta property=\"og:image:height\" content=\"640\" \/>\n\t<meta property=\"og:image:type\" content=\"image\/jpeg\" \/>\n<meta name=\"twitter:card\" content=\"summary_large_image\" \/>\n<meta name=\"twitter:label1\" content=\"Tahmini okuma s\u00fcresi\" \/>\n\t<meta name=\"twitter:data1\" content=\"1 dakika\" \/>\n<script type=\"application\/ld+json\" class=\"yoast-schema-graph\">{\"@context\":\"https:\/\/schema.org\",\"@graph\":[{\"@type\":\"WebPage\",\"@id\":\"https:\/\/petalwhim.com\/p\/mini-white-and-green-eternal-rose-under-glass-dome\/\",\"url\":\"https:\/\/petalwhim.com\/p\/mini-white-and-green-eternal-rose-under-glass-dome\/\",\"name\":\"Mini Eternal Rose under Glass Dome White and Green | T\u00fcrkiye Florist\",\"isPartOf\":{\"@id\":\"https:\/\/petalwhim.com\/#website\"},\"primaryImageOfPage\":{\"@id\":\"https:\/\/petalwhim.com\/p\/mini-white-and-green-eternal-rose-under-glass-dome\/#primaryimage\"},\"image\":{\"@id\":\"https:\/\/petalwhim.com\/p\/mini-white-and-green-eternal-rose-under-glass-dome\/#primaryimage\"},\"thumbnailUrl\":\"https:\/\/petalwhim.com\/wp-content\/uploads\/2024\/04\/product-image-1487364154_053203a4-48cd-4c22-b06a-cb3b0744fbf2.jpg\",\"datePublished\":\"2024-04-19T05:02:13+00:00\",\"dateModified\":\"2025-07-25T05:16:01+00:00\",\"description\":\"Celebrate everlasting love with our Mini Eternal Rose under Glass Dome White and Green .\ud83c\udf39Symbolize your endless affection. Shop now and get a free...\",\"breadcrumb\":{\"@id\":\"https:\/\/petalwhim.com\/p\/mini-white-and-green-eternal-rose-under-glass-dome\/#breadcrumb\"},\"inLanguage\":\"tr\",\"potentialAction\":[{\"@type\":\"ReadAction\",\"target\":[\"https:\/\/petalwhim.com\/p\/mini-white-and-green-eternal-rose-under-glass-dome\/\"]}]},{\"@type\":\"ImageObject\",\"inLanguage\":\"tr\",\"@id\":\"https:\/\/petalwhim.com\/p\/mini-white-and-green-eternal-rose-under-glass-dome\/#primaryimage\",\"url\":\"https:\/\/petalwhim.com\/wp-content\/uploads\/2024\/04\/product-image-1487364154_053203a4-48cd-4c22-b06a-cb3b0744fbf2.jpg\",\"contentUrl\":\"https:\/\/petalwhim.com\/wp-content\/uploads\/2024\/04\/product-image-1487364154_053203a4-48cd-4c22-b06a-cb3b0744fbf2.jpg\",\"width\":640,\"height\":640,\"caption\":\"Mini Eternal Rose under Glass Dome White and Green\"},{\"@type\":\"BreadcrumbList\",\"@id\":\"https:\/\/petalwhim.com\/p\/mini-white-and-green-eternal-rose-under-glass-dome\/#breadcrumb\",\"itemListElement\":[{\"@type\":\"ListItem\",\"position\":1,\"name\":\"Home\",\"item\":\"https:\/\/petalwhim.com\/\"},{\"@type\":\"ListItem\",\"position\":2,\"name\":\"Shop\",\"item\":\"https:\/\/petalwhim.com\/shop\/\"},{\"@type\":\"ListItem\",\"position\":3,\"name\":\"Mini Eternal Rose under Glass Dome White and Green\"}]},{\"@type\":\"WebSite\",\"@id\":\"https:\/\/petalwhim.com\/#website\",\"url\":\"https:\/\/petalwhim.com\/\",\"name\":\"Petal Whim\u2122\",\"description\":\"Rose in Glass\",\"publisher\":{\"@id\":\"https:\/\/petalwhim.com\/#organization\"},\"potentialAction\":[{\"@type\":\"SearchAction\",\"target\":{\"@type\":\"EntryPoint\",\"urlTemplate\":\"https:\/\/petalwhim.com\/?s={search_term_string}\"},\"query-input\":{\"@type\":\"PropertyValueSpecification\",\"valueRequired\":true,\"valueName\":\"search_term_string\"}}],\"inLanguage\":\"tr\"},{\"@type\":\"Organization\",\"@id\":\"https:\/\/petalwhim.com\/#organization\",\"name\":\"Petal Whim\",\"alternateName\":\"Rose in Glass\",\"url\":\"https:\/\/petalwhim.com\/\",\"logo\":{\"@type\":\"ImageObject\",\"inLanguage\":\"tr\",\"@id\":\"https:\/\/petalwhim.com\/#\/schema\/logo\/image\/\",\"url\":\"https:\/\/petalwhim.com\/wp-content\/uploads\/2024\/05\/cropped-Petal-Whim-Favicon.png\",\"contentUrl\":\"https:\/\/petalwhim.com\/wp-content\/uploads\/2024\/05\/cropped-Petal-Whim-Favicon.png\",\"width\":512,\"height\":512,\"caption\":\"Petal Whim\"},\"image\":{\"@id\":\"https:\/\/petalwhim.com\/#\/schema\/logo\/image\/\"}}]}<\/script>\n<!-- \/ Yoast SEO plugin. -->","yoast_head_json":{"title":"Cam Kubbe Alt\u0131nda Mini Ebedi G\u00fcl Beyaz ve Ye\u015fil | T\u00fcrkiye \u00c7i\u00e7ek\u00e7i","description":"Cam Kubbe Alt\u0131nda Mini Sonsuz G\u00fcl Beyaz ve Ye\u015fil ile sonsuz sevginizi kutlay\u0131n \ud83c\udf39Sonsuz sevginizi sembolize edin. \u015eimdi al\u0131\u015fveri\u015f yap\u0131n ve \u00fccretsiz ...","robots":{"index":"index","follow":"follow","max-snippet":"max-snippet:-1","max-image-preview":"max-image-preview:large","max-video-preview":"max-video-preview:-1"},"canonical":"https:\/\/petalwhim.com\/tr\/p\/cam-kubbe-altinda-mini-beyaz-ve-yesil-ebedi-gul\/","og_locale":"tr_TR","og_type":"article","og_title":"Mini Eternal Rose under Glass Dome White and Green | T\u00fcrkiye Florist","og_description":"Celebrate everlasting love with our Mini Eternal Rose under Glass Dome White and Green .\ud83c\udf39Symbolize your endless affection. Shop now and get a free...","og_url":"https:\/\/petalwhim.com\/tr\/p\/cam-kubbe-altinda-mini-beyaz-ve-yesil-ebedi-gul\/","og_site_name":"Petal Whim\u2122","article_modified_time":"2025-07-25T05:16:01+00:00","og_image":[{"width":640,"height":640,"url":"https:\/\/petalwhim.com\/wp-content\/uploads\/2024\/04\/product-image-1487364154_053203a4-48cd-4c22-b06a-cb3b0744fbf2.jpg","type":"image\/jpeg"}],"twitter_card":"summary_large_image","twitter_misc":{"Tahmini okuma s\u00fcresi":"1 dakika"},"schema":{"@context":"https:\/\/schema.org","@graph":[{"@type":"WebPage","@id":"https:\/\/petalwhim.com\/p\/mini-white-and-green-eternal-rose-under-glass-dome\/","url":"https:\/\/petalwhim.com\/p\/mini-white-and-green-eternal-rose-under-glass-dome\/","name":"Cam Kubbe Alt\u0131nda Mini Ebedi G\u00fcl Beyaz ve Ye\u015fil | T\u00fcrkiye \u00c7i\u00e7ek\u00e7i","isPartOf":{"@id":"https:\/\/petalwhim.com\/#website"},"primaryImageOfPage":{"@id":"https:\/\/petalwhim.com\/p\/mini-white-and-green-eternal-rose-under-glass-dome\/#primaryimage"},"image":{"@id":"https:\/\/petalwhim.com\/p\/mini-white-and-green-eternal-rose-under-glass-dome\/#primaryimage"},"thumbnailUrl":"https:\/\/petalwhim.com\/wp-content\/uploads\/2024\/04\/product-image-1487364154_053203a4-48cd-4c22-b06a-cb3b0744fbf2.jpg","datePublished":"2024-04-19T05:02:13+00:00","dateModified":"2025-07-25T05:16:01+00:00","description":"Cam Kubbe Alt\u0131nda Mini Sonsuz G\u00fcl Beyaz ve Ye\u015fil ile sonsuz sevginizi kutlay\u0131n \ud83c\udf39Sonsuz sevginizi sembolize edin. \u015eimdi al\u0131\u015fveri\u015f yap\u0131n ve \u00fccretsiz ...","breadcrumb":{"@id":"https:\/\/petalwhim.com\/p\/mini-white-and-green-eternal-rose-under-glass-dome\/#breadcrumb"},"inLanguage":"tr","potentialAction":[{"@type":"ReadAction","target":["https:\/\/petalwhim.com\/p\/mini-white-and-green-eternal-rose-under-glass-dome\/"]}]},{"@type":"ImageObject","inLanguage":"tr","@id":"https:\/\/petalwhim.com\/p\/mini-white-and-green-eternal-rose-under-glass-dome\/#primaryimage","url":"https:\/\/petalwhim.com\/wp-content\/uploads\/2024\/04\/product-image-1487364154_053203a4-48cd-4c22-b06a-cb3b0744fbf2.jpg","contentUrl":"https:\/\/petalwhim.com\/wp-content\/uploads\/2024\/04\/product-image-1487364154_053203a4-48cd-4c22-b06a-cb3b0744fbf2.jpg","width":640,"height":640,"caption":"Mini Eternal Rose under Glass Dome White and Green"},{"@type":"BreadcrumbList","@id":"https:\/\/petalwhim.com\/p\/mini-white-and-green-eternal-rose-under-glass-dome\/#breadcrumb","itemListElement":[{"@type":"ListItem","position":1,"name":"Home","item":"https:\/\/petalwhim.com\/"},{"@type":"ListItem","position":2,"name":"Shop","item":"https:\/\/petalwhim.com\/shop\/"},{"@type":"ListItem","position":3,"name":"Mini Eternal Rose under Glass Dome White and Green"}]},{"@type":"WebSite","@id":"https:\/\/petalwhim.com\/#website","url":"https:\/\/petalwhim.com\/","name":"Petal Whim\u2122","description":"Camda G\u00fcl","publisher":{"@id":"https:\/\/petalwhim.com\/#organization"},"potentialAction":[{"@type":"SearchAction","target":{"@type":"EntryPoint","urlTemplate":"https:\/\/petalwhim.com\/?s={search_term_string}"},"query-input":{"@type":"PropertyValueSpecification","valueRequired":true,"valueName":"search_term_string"}}],"inLanguage":"tr"},{"@type":"Organization","@id":"https:\/\/petalwhim.com\/#organization","name":"Petal Whim","alternateName":"Rose in Glass","url":"https:\/\/petalwhim.com\/","logo":{"@type":"ImageObject","inLanguage":"tr","@id":"https:\/\/petalwhim.com\/#\/schema\/logo\/image\/","url":"https:\/\/petalwhim.com\/wp-content\/uploads\/2024\/05\/cropped-Petal-Whim-Favicon.png","contentUrl":"https:\/\/petalwhim.com\/wp-content\/uploads\/2024\/05\/cropped-Petal-Whim-Favicon.png","width":512,"height":512,"caption":"Petal Whim"},"image":{"@id":"https:\/\/petalwhim.com\/#\/schema\/logo\/image\/"}}]}},"_links":{"self":[{"href":"https:\/\/petalwhim.com\/tr\/wp-json\/wp\/v2\/product\/235","targetHints":{"allow":["GET"]}}],"collection":[{"href":"https:\/\/petalwhim.com\/tr\/wp-json\/wp\/v2\/product"}],"about":[{"href":"https:\/\/petalwhim.com\/tr\/wp-json\/wp\/v2\/types\/product"}],"wp:featuredmedia":[{"embeddable":true,"href":"https:\/\/petalwhim.com\/tr\/wp-json\/wp\/v2\/media\/234"}],"wp:attachment":[{"href":"https:\/\/petalwhim.com\/tr\/wp-json\/wp\/v2\/media?parent=235"}],"wp:term":[{"taxonomy":"product_brand","embeddable":true,"href":"https:\/\/petalwhim.com\/tr\/wp-json\/wp\/v2\/product_brand?post=235"},{"taxonomy":"product_cat","embeddable":true,"href":"https:\/\/petalwhim.com\/tr\/wp-json\/wp\/v2\/product_cat?post=235"},{"taxonomy":"product_tag","embeddable":true,"href":"https:\/\/petalwhim.com\/tr\/wp-json\/wp\/v2\/product_tag?post=235"}],"curies":[{"name":"wp","href":"https:\/\/api.w.org\/{rel}","templated":true}]}}