{"id":211,"date":"2024-04-19T05:01:32","date_gmt":"2024-04-19T05:01:32","guid":{"rendered":"https:\/\/petalwhim.com\/p\/grey-eternal-rose-beauty-and-the-beast\/"},"modified":"2025-07-25T05:16:02","modified_gmt":"2025-07-25T05:16:02","slug":"gri%cc%87-ebedi%cc%87-gul-guzelli%cc%87k-ve-cirkinli%cc%87k","status":"publish","type":"product","link":"https:\/\/petalwhim.com\/tr\/p\/gri%cc%87-ebedi%cc%87-gul-guzelli%cc%87k-ve-cirkinli%cc%87k\/","title":{"rendered":"<span>Ebedi G\u00fcl <\/span><span class=\"product-title-custom\">Gri<\/span>"},"content":{"rendered":"<h2>Zamana meydan okuyacak orijinal bir hediye mi ar\u0131yorsunuz? Bu g\u00fcm\u00fc\u015f grisi ebedi g\u00fcl tam size g\u00f6re.<\/h2><p>Cam \u00e7an\u0131 ve s\u0131ra d\u0131\u015f\u0131 ayd\u0131nlatmas\u0131yla kendinizi b\u00fcy\u00fcleyin.<br><br> <strong>Hangi vesileyle verece\u011finizi bilmek ister misiniz?<\/strong> <br><br>Her t\u00fcrl\u00fc etkinlikte hediye edilmek ve y\u0131llar boyunca size ve sevdiklerinize e\u015flik etmek \u00fczere \u00f6zel olarak tasarlanm\u0131\u015ft\u0131r.<br><br>Muhte\u015fem, zarif, g\u00f6z kama\u015ft\u0131r\u0131c\u0131, \u00e7arp\u0131c\u0131, onu tan\u0131mlamak i\u00e7in s\u0131fat s\u0131k\u0131nt\u0131s\u0131 yok, \u00e7\u00fcnk\u00fc hediye olarak vermek bir zorunluluk haline geliyor.<br><br>Daha fazla beklemeyin ve bunu elde edebilen bir\u00e7ok \u015fansl\u0131 ki\u015fiden biri olun.<br><br> <strong>M\u00fckemmellik beklemez. Sen ne d\u00fc\u015f\u00fcn\u00fcyorsun?<\/strong> <br><br><\/p>","protected":false},"excerpt":{"rendered":"Zaman\u0131n testine dayanacak orijinal bir hediye mi ar\u0131yorsunuz? Bu g\u00fcm\u00fc\u015f-gri ebedi g\u00fcl tam size g\u00f6re. Cam \u00e7an\u0131 ve s\u0131ra d\u0131\u015f\u0131 ayd\u0131nlatmas\u0131yla kendinizi b\u00fcy\u00fcleyin. Hangi vesileyle hediye edece\u011finizi bilmek ister misiniz? Herhangi bir etkinlikte verilmek \u00fczere \u00f6zel olarak tasarlanm\u0131\u015ft\u0131r ve [...]","protected":false},"featured_media":210,"template":"","meta":[],"product_brand":[],"product_cat":[15,36],"product_tag":[33],"class_list":{"0":"post-211","1":"product","2":"type-product","3":"status-publish","4":"has-post-thumbnail","6":"product_cat-all-products","7":"product_cat-best-sellers","8":"product_tag-rose-in-glass-dome","10":"first","11":"instock","12":"shipping-taxable","13":"purchasable","14":"product-type-simple"},"yoast_head":"<!-- This site is optimized with the Yoast SEO plugin v25.9 - https:\/\/yoast.com\/wordpress\/plugins\/seo\/ -->\n<title>Eternal Rose Grey | T\u00fcrkiye Florist<\/title>\n<meta name=\"description\" content=\"Celebrate everlasting love with our Eternal Rose Grey .\ud83c\udf39Symbolize your endless affection. Shop now and get a free...\" \/>\n<meta name=\"robots\" content=\"index, follow, max-snippet:-1, max-image-preview:large, max-video-preview:-1\" \/>\n<link rel=\"canonical\" href=\"https:\/\/petalwhim.com\/tr\/p\/gri\u0307-ebedi\u0307-gul-guzelli\u0307k-ve-cirkinli\u0307k\/\" \/>\n<meta property=\"og:locale\" content=\"tr_TR\" \/>\n<meta property=\"og:type\" content=\"article\" \/>\n<meta property=\"og:title\" content=\"Eternal Rose Grey | T\u00fcrkiye Florist\" \/>\n<meta property=\"og:description\" content=\"Celebrate everlasting love with our Eternal Rose Grey .\ud83c\udf39Symbolize your endless affection. Shop now and get a free...\" \/>\n<meta property=\"og:url\" content=\"https:\/\/petalwhim.com\/tr\/p\/gri\u0307-ebedi\u0307-gul-guzelli\u0307k-ve-cirkinli\u0307k\/\" \/>\n<meta property=\"og:site_name\" content=\"Petal Whim\u2122\" \/>\n<meta property=\"article:modified_time\" content=\"2025-07-25T05:16:02+00:00\" \/>\n<meta property=\"og:image\" content=\"https:\/\/petalwhim.com\/wp-content\/uploads\/2024\/04\/product-image-1562975855.jpg\" \/>\n\t<meta property=\"og:image:width\" content=\"640\" \/>\n\t<meta property=\"og:image:height\" content=\"640\" \/>\n\t<meta property=\"og:image:type\" content=\"image\/jpeg\" \/>\n<meta name=\"twitter:card\" content=\"summary_large_image\" \/>\n<meta name=\"twitter:label1\" content=\"Tahmini okuma s\u00fcresi\" \/>\n\t<meta name=\"twitter:data1\" content=\"1 dakika\" \/>\n<script type=\"application\/ld+json\" class=\"yoast-schema-graph\">{\"@context\":\"https:\/\/schema.org\",\"@graph\":[{\"@type\":\"WebPage\",\"@id\":\"https:\/\/petalwhim.com\/p\/grey-eternal-rose-beauty-and-the-beast\/\",\"url\":\"https:\/\/petalwhim.com\/p\/grey-eternal-rose-beauty-and-the-beast\/\",\"name\":\"Eternal Rose Grey | T\u00fcrkiye Florist\",\"isPartOf\":{\"@id\":\"https:\/\/petalwhim.com\/#website\"},\"primaryImageOfPage\":{\"@id\":\"https:\/\/petalwhim.com\/p\/grey-eternal-rose-beauty-and-the-beast\/#primaryimage\"},\"image\":{\"@id\":\"https:\/\/petalwhim.com\/p\/grey-eternal-rose-beauty-and-the-beast\/#primaryimage\"},\"thumbnailUrl\":\"https:\/\/petalwhim.com\/wp-content\/uploads\/2024\/04\/product-image-1562975855.jpg\",\"datePublished\":\"2024-04-19T05:01:32+00:00\",\"dateModified\":\"2025-07-25T05:16:02+00:00\",\"description\":\"Celebrate everlasting love with our Eternal Rose Grey .\ud83c\udf39Symbolize your endless affection. Shop now and get a free...\",\"breadcrumb\":{\"@id\":\"https:\/\/petalwhim.com\/p\/grey-eternal-rose-beauty-and-the-beast\/#breadcrumb\"},\"inLanguage\":\"tr\",\"potentialAction\":[{\"@type\":\"ReadAction\",\"target\":[\"https:\/\/petalwhim.com\/p\/grey-eternal-rose-beauty-and-the-beast\/\"]}]},{\"@type\":\"ImageObject\",\"inLanguage\":\"tr\",\"@id\":\"https:\/\/petalwhim.com\/p\/grey-eternal-rose-beauty-and-the-beast\/#primaryimage\",\"url\":\"https:\/\/petalwhim.com\/wp-content\/uploads\/2024\/04\/product-image-1562975855.jpg\",\"contentUrl\":\"https:\/\/petalwhim.com\/wp-content\/uploads\/2024\/04\/product-image-1562975855.jpg\",\"width\":640,\"height\":640,\"caption\":\"Eternal Rose Grey\"},{\"@type\":\"BreadcrumbList\",\"@id\":\"https:\/\/petalwhim.com\/p\/grey-eternal-rose-beauty-and-the-beast\/#breadcrumb\",\"itemListElement\":[{\"@type\":\"ListItem\",\"position\":1,\"name\":\"Home\",\"item\":\"https:\/\/petalwhim.com\/\"},{\"@type\":\"ListItem\",\"position\":2,\"name\":\"Shop\",\"item\":\"https:\/\/petalwhim.com\/shop\/\"},{\"@type\":\"ListItem\",\"position\":3,\"name\":\"Eternal Rose Grey\"}]},{\"@type\":\"WebSite\",\"@id\":\"https:\/\/petalwhim.com\/#website\",\"url\":\"https:\/\/petalwhim.com\/\",\"name\":\"Petal Whim\u2122\",\"description\":\"Rose in Glass\",\"publisher\":{\"@id\":\"https:\/\/petalwhim.com\/#organization\"},\"potentialAction\":[{\"@type\":\"SearchAction\",\"target\":{\"@type\":\"EntryPoint\",\"urlTemplate\":\"https:\/\/petalwhim.com\/?s={search_term_string}\"},\"query-input\":{\"@type\":\"PropertyValueSpecification\",\"valueRequired\":true,\"valueName\":\"search_term_string\"}}],\"inLanguage\":\"tr\"},{\"@type\":\"Organization\",\"@id\":\"https:\/\/petalwhim.com\/#organization\",\"name\":\"Petal Whim\",\"alternateName\":\"Rose in Glass\",\"url\":\"https:\/\/petalwhim.com\/\",\"logo\":{\"@type\":\"ImageObject\",\"inLanguage\":\"tr\",\"@id\":\"https:\/\/petalwhim.com\/#\/schema\/logo\/image\/\",\"url\":\"https:\/\/petalwhim.com\/wp-content\/uploads\/2024\/05\/cropped-Petal-Whim-Favicon.png\",\"contentUrl\":\"https:\/\/petalwhim.com\/wp-content\/uploads\/2024\/05\/cropped-Petal-Whim-Favicon.png\",\"width\":512,\"height\":512,\"caption\":\"Petal Whim\"},\"image\":{\"@id\":\"https:\/\/petalwhim.com\/#\/schema\/logo\/image\/\"}}]}<\/script>\n<!-- \/ Yoast SEO plugin. -->","yoast_head_json":{"title":"Ebedi G\u00fcl Grisi | T\u00fcrkiye \u00c7i\u00e7ek\u00e7i","description":"Eternal Rose Grey ile sonsuz sevginizi kutlay\u0131n.\ud83c\udf39Sonsuz sevginizi sembolize edin. \u015eimdi al\u0131\u015fveri\u015f yap\u0131n ve \u00fccretsiz ...","robots":{"index":"index","follow":"follow","max-snippet":"max-snippet:-1","max-image-preview":"max-image-preview:large","max-video-preview":"max-video-preview:-1"},"canonical":"https:\/\/petalwhim.com\/tr\/p\/gri\u0307-ebedi\u0307-gul-guzelli\u0307k-ve-cirkinli\u0307k\/","og_locale":"tr_TR","og_type":"article","og_title":"Eternal Rose Grey | T\u00fcrkiye Florist","og_description":"Celebrate everlasting love with our Eternal Rose Grey .\ud83c\udf39Symbolize your endless affection. Shop now and get a free...","og_url":"https:\/\/petalwhim.com\/tr\/p\/gri\u0307-ebedi\u0307-gul-guzelli\u0307k-ve-cirkinli\u0307k\/","og_site_name":"Petal Whim\u2122","article_modified_time":"2025-07-25T05:16:02+00:00","og_image":[{"width":640,"height":640,"url":"https:\/\/petalwhim.com\/wp-content\/uploads\/2024\/04\/product-image-1562975855.jpg","type":"image\/jpeg"}],"twitter_card":"summary_large_image","twitter_misc":{"Tahmini okuma s\u00fcresi":"1 dakika"},"schema":{"@context":"https:\/\/schema.org","@graph":[{"@type":"WebPage","@id":"https:\/\/petalwhim.com\/p\/grey-eternal-rose-beauty-and-the-beast\/","url":"https:\/\/petalwhim.com\/p\/grey-eternal-rose-beauty-and-the-beast\/","name":"Ebedi G\u00fcl Grisi | T\u00fcrkiye \u00c7i\u00e7ek\u00e7i","isPartOf":{"@id":"https:\/\/petalwhim.com\/#website"},"primaryImageOfPage":{"@id":"https:\/\/petalwhim.com\/p\/grey-eternal-rose-beauty-and-the-beast\/#primaryimage"},"image":{"@id":"https:\/\/petalwhim.com\/p\/grey-eternal-rose-beauty-and-the-beast\/#primaryimage"},"thumbnailUrl":"https:\/\/petalwhim.com\/wp-content\/uploads\/2024\/04\/product-image-1562975855.jpg","datePublished":"2024-04-19T05:01:32+00:00","dateModified":"2025-07-25T05:16:02+00:00","description":"Eternal Rose Grey ile sonsuz sevginizi kutlay\u0131n.\ud83c\udf39Sonsuz sevginizi sembolize edin. \u015eimdi al\u0131\u015fveri\u015f yap\u0131n ve \u00fccretsiz ...","breadcrumb":{"@id":"https:\/\/petalwhim.com\/p\/grey-eternal-rose-beauty-and-the-beast\/#breadcrumb"},"inLanguage":"tr","potentialAction":[{"@type":"ReadAction","target":["https:\/\/petalwhim.com\/p\/grey-eternal-rose-beauty-and-the-beast\/"]}]},{"@type":"ImageObject","inLanguage":"tr","@id":"https:\/\/petalwhim.com\/p\/grey-eternal-rose-beauty-and-the-beast\/#primaryimage","url":"https:\/\/petalwhim.com\/wp-content\/uploads\/2024\/04\/product-image-1562975855.jpg","contentUrl":"https:\/\/petalwhim.com\/wp-content\/uploads\/2024\/04\/product-image-1562975855.jpg","width":640,"height":640,"caption":"Eternal Rose Grey"},{"@type":"BreadcrumbList","@id":"https:\/\/petalwhim.com\/p\/grey-eternal-rose-beauty-and-the-beast\/#breadcrumb","itemListElement":[{"@type":"ListItem","position":1,"name":"Home","item":"https:\/\/petalwhim.com\/"},{"@type":"ListItem","position":2,"name":"Shop","item":"https:\/\/petalwhim.com\/shop\/"},{"@type":"ListItem","position":3,"name":"Eternal Rose Grey"}]},{"@type":"WebSite","@id":"https:\/\/petalwhim.com\/#website","url":"https:\/\/petalwhim.com\/","name":"Petal Whim\u2122","description":"Camda G\u00fcl","publisher":{"@id":"https:\/\/petalwhim.com\/#organization"},"potentialAction":[{"@type":"SearchAction","target":{"@type":"EntryPoint","urlTemplate":"https:\/\/petalwhim.com\/?s={search_term_string}"},"query-input":{"@type":"PropertyValueSpecification","valueRequired":true,"valueName":"search_term_string"}}],"inLanguage":"tr"},{"@type":"Organization","@id":"https:\/\/petalwhim.com\/#organization","name":"Petal Whim","alternateName":"Rose in Glass","url":"https:\/\/petalwhim.com\/","logo":{"@type":"ImageObject","inLanguage":"tr","@id":"https:\/\/petalwhim.com\/#\/schema\/logo\/image\/","url":"https:\/\/petalwhim.com\/wp-content\/uploads\/2024\/05\/cropped-Petal-Whim-Favicon.png","contentUrl":"https:\/\/petalwhim.com\/wp-content\/uploads\/2024\/05\/cropped-Petal-Whim-Favicon.png","width":512,"height":512,"caption":"Petal Whim"},"image":{"@id":"https:\/\/petalwhim.com\/#\/schema\/logo\/image\/"}}]}},"_links":{"self":[{"href":"https:\/\/petalwhim.com\/tr\/wp-json\/wp\/v2\/product\/211","targetHints":{"allow":["GET"]}}],"collection":[{"href":"https:\/\/petalwhim.com\/tr\/wp-json\/wp\/v2\/product"}],"about":[{"href":"https:\/\/petalwhim.com\/tr\/wp-json\/wp\/v2\/types\/product"}],"wp:featuredmedia":[{"embeddable":true,"href":"https:\/\/petalwhim.com\/tr\/wp-json\/wp\/v2\/media\/210"}],"wp:attachment":[{"href":"https:\/\/petalwhim.com\/tr\/wp-json\/wp\/v2\/media?parent=211"}],"wp:term":[{"taxonomy":"product_brand","embeddable":true,"href":"https:\/\/petalwhim.com\/tr\/wp-json\/wp\/v2\/product_brand?post=211"},{"taxonomy":"product_cat","embeddable":true,"href":"https:\/\/petalwhim.com\/tr\/wp-json\/wp\/v2\/product_cat?post=211"},{"taxonomy":"product_tag","embeddable":true,"href":"https:\/\/petalwhim.com\/tr\/wp-json\/wp\/v2\/product_tag?post=211"}],"curies":[{"name":"wp","href":"https:\/\/api.w.org\/{rel}","templated":true}]}}