{"id":179,"date":"2024-04-19T05:00:29","date_gmt":"2024-04-19T05:00:29","guid":{"rendered":"https:\/\/petalwhim.com\/p\/gold-eternal-rose\/"},"modified":"2025-07-25T05:16:03","modified_gmt":"2025-07-25T05:16:03","slug":"altin-ebedi-gul","status":"publish","type":"product","link":"https:\/\/petalwhim.com\/tr\/p\/altin-ebedi-gul\/","title":{"rendered":"<span>Ebedi G\u00fcl <\/span><span class=\"product-title-custom\">Alt\u0131n<\/span>"},"content":{"rendered":"<h2>Sevdiklerinize \u00f6zel bir hediye mi vermek istiyorsunuz? Alt\u0131n rengi bu ebedi g\u00fcl tam size g\u00f6re.  <\/h2><p>Sevdiklerinize sizin i\u00e7in ne kadar \u00f6nemli olduklar\u0131n\u0131 g\u00f6sterin ve onlar\u0131 bu alt\u0131n ebedi g\u00fcl ile y\u00fcceltin. <br><br>Zarafeti rakipsizdir.<br><br> <strong>Ne kadar s\u00fcre saklanacak?<\/strong> <br><br>Hi\u00e7 yoktur, \u00e7\u00fcnk\u00fc ebedidir. Onu verdi\u011finiz sevdi\u011finiz ki\u015fiyi uzun y\u0131llar boyunca memnun edecek ve en i\u00e7ten duygular\u0131n\u0131z\u0131n ebedi kan\u0131t\u0131 olacakt\u0131r.<br><br> <strong>Hangi vesileyle verilmesi tavsiye edilir?<\/strong> <br><br>Alt\u0131n ebedi g\u00fcl, en yak\u0131nlar\u0131n\u0131z\u0131, sevdiklerinizi, arkada\u015flar\u0131n\u0131z\u0131 veya ailenizi memnun etmek istedi\u011finizde tavsiye edilir. <br><br>Bu y\u00fczden teredd\u00fct etmeyin ve hediye olarak verin. <br><\/p>","protected":false},"excerpt":{"rendered":"Sevdiklerinize \u00f6zel bir hediye mi vermek istiyorsunuz? Bu alt\u0131n sonsuz g\u00fcl tam size g\u00f6re. Sevdiklerinize sizin i\u00e7in ne kadar \u00f6nemli olduklar\u0131n\u0131 g\u00f6sterin ve onlar\u0131 bu alt\u0131n ebedi g\u00fcl ile y\u00fcceltin. Zarafetinin e\u015fi benzeri yok. Ne kadar s\u00fcre saklanabilir? Hi\u00e7 yok, \u00e7\u00fcnk\u00fc [...]","protected":false},"featured_media":178,"template":"","meta":[],"product_brand":[],"product_cat":[15,36],"product_tag":[33],"class_list":{"0":"post-179","1":"product","2":"type-product","3":"status-publish","4":"has-post-thumbnail","6":"product_cat-all-products","7":"product_cat-best-sellers","8":"product_tag-rose-in-glass-dome","10":"first","11":"instock","12":"sale","13":"shipping-taxable","14":"purchasable","15":"product-type-simple"},"yoast_head":"<!-- This site is optimized with the Yoast SEO plugin v25.9 - https:\/\/yoast.com\/wordpress\/plugins\/seo\/ -->\n<title>Eternal Rose Gold | T\u00fcrkiye Florist<\/title>\n<meta name=\"description\" content=\"Celebrate everlasting love with our Eternal Rose Gold .\ud83c\udf39Symbolize your endless affection. Shop now and get a free...\" \/>\n<meta name=\"robots\" content=\"index, follow, max-snippet:-1, max-image-preview:large, max-video-preview:-1\" \/>\n<link rel=\"canonical\" href=\"https:\/\/petalwhim.com\/tr\/p\/altin-ebedi-gul\/\" \/>\n<meta property=\"og:locale\" content=\"tr_TR\" \/>\n<meta property=\"og:type\" content=\"article\" \/>\n<meta property=\"og:title\" content=\"Eternal Rose Gold | T\u00fcrkiye Florist\" \/>\n<meta property=\"og:description\" content=\"Celebrate everlasting love with our Eternal Rose Gold .\ud83c\udf39Symbolize your endless affection. Shop now and get a free...\" \/>\n<meta property=\"og:url\" content=\"https:\/\/petalwhim.com\/tr\/p\/altin-ebedi-gul\/\" \/>\n<meta property=\"og:site_name\" content=\"Petal Whim\u2122\" \/>\n<meta property=\"article:modified_time\" content=\"2025-07-25T05:16:03+00:00\" \/>\n<meta property=\"og:image\" content=\"https:\/\/petalwhim.com\/wp-content\/uploads\/2024\/04\/product-image-1562975875.jpg\" \/>\n\t<meta property=\"og:image:width\" content=\"640\" \/>\n\t<meta property=\"og:image:height\" content=\"640\" \/>\n\t<meta property=\"og:image:type\" content=\"image\/jpeg\" \/>\n<meta name=\"twitter:card\" content=\"summary_large_image\" \/>\n<meta name=\"twitter:label1\" content=\"Tahmini okuma s\u00fcresi\" \/>\n\t<meta name=\"twitter:data1\" content=\"1 dakika\" \/>\n<script type=\"application\/ld+json\" class=\"yoast-schema-graph\">{\"@context\":\"https:\/\/schema.org\",\"@graph\":[{\"@type\":\"WebPage\",\"@id\":\"https:\/\/petalwhim.com\/p\/gold-eternal-rose\/\",\"url\":\"https:\/\/petalwhim.com\/p\/gold-eternal-rose\/\",\"name\":\"Eternal Rose Gold | T\u00fcrkiye Florist\",\"isPartOf\":{\"@id\":\"https:\/\/petalwhim.com\/#website\"},\"primaryImageOfPage\":{\"@id\":\"https:\/\/petalwhim.com\/p\/gold-eternal-rose\/#primaryimage\"},\"image\":{\"@id\":\"https:\/\/petalwhim.com\/p\/gold-eternal-rose\/#primaryimage\"},\"thumbnailUrl\":\"https:\/\/petalwhim.com\/wp-content\/uploads\/2024\/04\/product-image-1562975875.jpg\",\"datePublished\":\"2024-04-19T05:00:29+00:00\",\"dateModified\":\"2025-07-25T05:16:03+00:00\",\"description\":\"Celebrate everlasting love with our Eternal Rose Gold .\ud83c\udf39Symbolize your endless affection. Shop now and get a free...\",\"breadcrumb\":{\"@id\":\"https:\/\/petalwhim.com\/p\/gold-eternal-rose\/#breadcrumb\"},\"inLanguage\":\"tr\",\"potentialAction\":[{\"@type\":\"ReadAction\",\"target\":[\"https:\/\/petalwhim.com\/p\/gold-eternal-rose\/\"]}]},{\"@type\":\"ImageObject\",\"inLanguage\":\"tr\",\"@id\":\"https:\/\/petalwhim.com\/p\/gold-eternal-rose\/#primaryimage\",\"url\":\"https:\/\/petalwhim.com\/wp-content\/uploads\/2024\/04\/product-image-1562975875.jpg\",\"contentUrl\":\"https:\/\/petalwhim.com\/wp-content\/uploads\/2024\/04\/product-image-1562975875.jpg\",\"width\":640,\"height\":640,\"caption\":\"Eternal Rose Gold\"},{\"@type\":\"BreadcrumbList\",\"@id\":\"https:\/\/petalwhim.com\/p\/gold-eternal-rose\/#breadcrumb\",\"itemListElement\":[{\"@type\":\"ListItem\",\"position\":1,\"name\":\"Home\",\"item\":\"https:\/\/petalwhim.com\/\"},{\"@type\":\"ListItem\",\"position\":2,\"name\":\"Shop\",\"item\":\"https:\/\/petalwhim.com\/shop\/\"},{\"@type\":\"ListItem\",\"position\":3,\"name\":\"Eternal Rose Gold\"}]},{\"@type\":\"WebSite\",\"@id\":\"https:\/\/petalwhim.com\/#website\",\"url\":\"https:\/\/petalwhim.com\/\",\"name\":\"Petal Whim\u2122\",\"description\":\"Rose in Glass\",\"publisher\":{\"@id\":\"https:\/\/petalwhim.com\/#organization\"},\"potentialAction\":[{\"@type\":\"SearchAction\",\"target\":{\"@type\":\"EntryPoint\",\"urlTemplate\":\"https:\/\/petalwhim.com\/?s={search_term_string}\"},\"query-input\":{\"@type\":\"PropertyValueSpecification\",\"valueRequired\":true,\"valueName\":\"search_term_string\"}}],\"inLanguage\":\"tr\"},{\"@type\":\"Organization\",\"@id\":\"https:\/\/petalwhim.com\/#organization\",\"name\":\"Petal Whim\",\"alternateName\":\"Rose in Glass\",\"url\":\"https:\/\/petalwhim.com\/\",\"logo\":{\"@type\":\"ImageObject\",\"inLanguage\":\"tr\",\"@id\":\"https:\/\/petalwhim.com\/#\/schema\/logo\/image\/\",\"url\":\"https:\/\/petalwhim.com\/wp-content\/uploads\/2024\/05\/cropped-Petal-Whim-Favicon.png\",\"contentUrl\":\"https:\/\/petalwhim.com\/wp-content\/uploads\/2024\/05\/cropped-Petal-Whim-Favicon.png\",\"width\":512,\"height\":512,\"caption\":\"Petal Whim\"},\"image\":{\"@id\":\"https:\/\/petalwhim.com\/#\/schema\/logo\/image\/\"}}]}<\/script>\n<!-- \/ Yoast SEO plugin. -->","yoast_head_json":{"title":"Eternal Rose Gold | T\u00fcrkiye \u00c7i\u00e7ek\u00e7ilik","description":"Sonsuz a\u015fk\u0131n\u0131z\u0131 Sonsuz G\u00fcl Alt\u0131n\u0131m\u0131zla kutlay\u0131n.\ud83c\udf39Sonsuz sevginizi sembolize edin. \u015eimdi al\u0131\u015fveri\u015f yap\u0131n ve \u00fccretsiz ...","robots":{"index":"index","follow":"follow","max-snippet":"max-snippet:-1","max-image-preview":"max-image-preview:large","max-video-preview":"max-video-preview:-1"},"canonical":"https:\/\/petalwhim.com\/tr\/p\/altin-ebedi-gul\/","og_locale":"tr_TR","og_type":"article","og_title":"Eternal Rose Gold | T\u00fcrkiye Florist","og_description":"Celebrate everlasting love with our Eternal Rose Gold .\ud83c\udf39Symbolize your endless affection. Shop now and get a free...","og_url":"https:\/\/petalwhim.com\/tr\/p\/altin-ebedi-gul\/","og_site_name":"Petal Whim\u2122","article_modified_time":"2025-07-25T05:16:03+00:00","og_image":[{"width":640,"height":640,"url":"https:\/\/petalwhim.com\/wp-content\/uploads\/2024\/04\/product-image-1562975875.jpg","type":"image\/jpeg"}],"twitter_card":"summary_large_image","twitter_misc":{"Tahmini okuma s\u00fcresi":"1 dakika"},"schema":{"@context":"https:\/\/schema.org","@graph":[{"@type":"WebPage","@id":"https:\/\/petalwhim.com\/p\/gold-eternal-rose\/","url":"https:\/\/petalwhim.com\/p\/gold-eternal-rose\/","name":"Eternal Rose Gold | T\u00fcrkiye \u00c7i\u00e7ek\u00e7ilik","isPartOf":{"@id":"https:\/\/petalwhim.com\/#website"},"primaryImageOfPage":{"@id":"https:\/\/petalwhim.com\/p\/gold-eternal-rose\/#primaryimage"},"image":{"@id":"https:\/\/petalwhim.com\/p\/gold-eternal-rose\/#primaryimage"},"thumbnailUrl":"https:\/\/petalwhim.com\/wp-content\/uploads\/2024\/04\/product-image-1562975875.jpg","datePublished":"2024-04-19T05:00:29+00:00","dateModified":"2025-07-25T05:16:03+00:00","description":"Sonsuz a\u015fk\u0131n\u0131z\u0131 Sonsuz G\u00fcl Alt\u0131n\u0131m\u0131zla kutlay\u0131n.\ud83c\udf39Sonsuz sevginizi sembolize edin. \u015eimdi al\u0131\u015fveri\u015f yap\u0131n ve \u00fccretsiz ...","breadcrumb":{"@id":"https:\/\/petalwhim.com\/p\/gold-eternal-rose\/#breadcrumb"},"inLanguage":"tr","potentialAction":[{"@type":"ReadAction","target":["https:\/\/petalwhim.com\/p\/gold-eternal-rose\/"]}]},{"@type":"ImageObject","inLanguage":"tr","@id":"https:\/\/petalwhim.com\/p\/gold-eternal-rose\/#primaryimage","url":"https:\/\/petalwhim.com\/wp-content\/uploads\/2024\/04\/product-image-1562975875.jpg","contentUrl":"https:\/\/petalwhim.com\/wp-content\/uploads\/2024\/04\/product-image-1562975875.jpg","width":640,"height":640,"caption":"Eternal Rose Gold"},{"@type":"BreadcrumbList","@id":"https:\/\/petalwhim.com\/p\/gold-eternal-rose\/#breadcrumb","itemListElement":[{"@type":"ListItem","position":1,"name":"Home","item":"https:\/\/petalwhim.com\/"},{"@type":"ListItem","position":2,"name":"Shop","item":"https:\/\/petalwhim.com\/shop\/"},{"@type":"ListItem","position":3,"name":"Eternal Rose Gold"}]},{"@type":"WebSite","@id":"https:\/\/petalwhim.com\/#website","url":"https:\/\/petalwhim.com\/","name":"Petal Whim\u2122","description":"Camda G\u00fcl","publisher":{"@id":"https:\/\/petalwhim.com\/#organization"},"potentialAction":[{"@type":"SearchAction","target":{"@type":"EntryPoint","urlTemplate":"https:\/\/petalwhim.com\/?s={search_term_string}"},"query-input":{"@type":"PropertyValueSpecification","valueRequired":true,"valueName":"search_term_string"}}],"inLanguage":"tr"},{"@type":"Organization","@id":"https:\/\/petalwhim.com\/#organization","name":"Petal Whim","alternateName":"Rose in Glass","url":"https:\/\/petalwhim.com\/","logo":{"@type":"ImageObject","inLanguage":"tr","@id":"https:\/\/petalwhim.com\/#\/schema\/logo\/image\/","url":"https:\/\/petalwhim.com\/wp-content\/uploads\/2024\/05\/cropped-Petal-Whim-Favicon.png","contentUrl":"https:\/\/petalwhim.com\/wp-content\/uploads\/2024\/05\/cropped-Petal-Whim-Favicon.png","width":512,"height":512,"caption":"Petal Whim"},"image":{"@id":"https:\/\/petalwhim.com\/#\/schema\/logo\/image\/"}}]}},"_links":{"self":[{"href":"https:\/\/petalwhim.com\/tr\/wp-json\/wp\/v2\/product\/179","targetHints":{"allow":["GET"]}}],"collection":[{"href":"https:\/\/petalwhim.com\/tr\/wp-json\/wp\/v2\/product"}],"about":[{"href":"https:\/\/petalwhim.com\/tr\/wp-json\/wp\/v2\/types\/product"}],"wp:featuredmedia":[{"embeddable":true,"href":"https:\/\/petalwhim.com\/tr\/wp-json\/wp\/v2\/media\/178"}],"wp:attachment":[{"href":"https:\/\/petalwhim.com\/tr\/wp-json\/wp\/v2\/media?parent=179"}],"wp:term":[{"taxonomy":"product_brand","embeddable":true,"href":"https:\/\/petalwhim.com\/tr\/wp-json\/wp\/v2\/product_brand?post=179"},{"taxonomy":"product_cat","embeddable":true,"href":"https:\/\/petalwhim.com\/tr\/wp-json\/wp\/v2\/product_cat?post=179"},{"taxonomy":"product_tag","embeddable":true,"href":"https:\/\/petalwhim.com\/tr\/wp-json\/wp\/v2\/product_tag?post=179"}],"curies":[{"name":"wp","href":"https:\/\/api.w.org\/{rel}","templated":true}]}}