{"id":153,"date":"2024-04-19T04:58:38","date_gmt":"2024-04-19T04:58:38","guid":{"rendered":"https:\/\/petalwhim.com\/p\/luminous-passion-red-eternal-rose\/"},"modified":"2025-07-25T05:16:04","modified_gmt":"2025-07-25T05:16:04","slug":"isiltili-tutku-kirmizi-sonsuz-gul","status":"publish","type":"product","link":"https:\/\/petalwhim.com\/tr\/p\/isiltili-tutku-kirmizi-sonsuz-gul\/","title":{"rendered":"<span>I\u015f\u0131lt\u0131l\u0131 Ebedi G\u00fcl <\/span><span class=\"product-title-custom\">Tutku K\u0131rm\u0131z\u0131s\u0131<\/span>"},"content":{"rendered":"<h2>Sonsuz a\u015fk\u0131 ve g\u00fc\u00e7l\u00fc duygular\u0131 simgeleyen ebedi bir g\u00fcl<\/h2><p>Bu \u00fcr\u00fcn a\u015fa\u011f\u0131dakilerden olu\u015fur <strong>k\u0131rm\u0131z\u0131 ebedi g\u00fcl<\/strong>g\u00fczel ultra ger\u00e7ek ye\u015fil yapraklar ve ince hafif bir \u00e7elenk evinize yumu\u015fakl\u0131k getirecek. B\u00fct\u00fcn\u00fc bir \u00f6rt\u00fc ile kaplanm\u0131\u015ft\u0131r. <strong>kal\u0131n cam \u00e7an<\/strong> ve beyaz taban\u0131. <br><br>Ebedi g\u00fcl bir <strong>\u00d6l\u00fcms\u00fcz \u00e7i\u00e7ek.<\/strong> Bu b\u00fcy\u00fcl\u00fc, \u0131\u015f\u0131lt\u0131l\u0131 g\u00fcl\u00fcn \u00f6zel bir bak\u0131ma ihtiyac\u0131 yoktur. Yata\u011f\u0131n\u0131z\u0131n ba\u015fucuna ya da oturma odan\u0131za yerle\u015ftirdi\u011finizde, bu ebedi g\u00fcl\u00fcn \u00f6l\u00fcms\u00fczl\u00fc\u011f\u00fc <strong>Her g\u00fcn an\u0131lar ve her t\u00fcrl\u00fc duygu. <\/strong> <br><br>Bu g\u00fczel g\u00fcl\u00fc cloche alt\u0131nda sunabilirsiniz. <strong>\u00f6zel g\u00fcnler<\/strong> Sevgililer G\u00fcn\u00fc, y\u0131ld\u00f6n\u00fcm\u00fc ya da sadece ate\u015fli bir a\u015fk\u0131 ifade etmek i\u00e7in.  <\/p>","protected":false},"excerpt":{"rendered":"Sonsuz a\u015fk\u0131 ve g\u00fc\u00e7l\u00fc duygular\u0131 simgeleyen ebedi bir g\u00fclBu \u00fcr\u00fcn k\u0131rm\u0131z\u0131 ebedi bir g\u00fcl, olduk\u00e7a ultra ger\u00e7ek ye\u015fil yapraklar ve evinize yumu\u015fakl\u0131k getirecek ince hafif bir \u00e7elenkten olu\u015fur. \u00dcr\u00fcn\u00fcn tamam\u0131 kal\u0131n bir cam \u00e7an ve beyaz taban\u0131yla kapl\u0131d\u0131r. Ebedi g\u00fcl \u00f6l\u00fcms\u00fcz bir \u00e7i\u00e7ektir. [...]","protected":false},"featured_media":152,"template":"","meta":[],"product_brand":[],"product_cat":[15,36,19],"product_tag":[33],"class_list":{"0":"post-153","1":"product","2":"type-product","3":"status-publish","4":"has-post-thumbnail","6":"product_cat-all-products","7":"product_cat-best-sellers","8":"product_cat-red-forever-rose","9":"product_tag-rose-in-glass-dome","11":"first","12":"outofstock","13":"sale","14":"shipping-taxable","15":"purchasable","16":"product-type-simple"},"yoast_head":"<!-- This site is optimized with the Yoast SEO plugin v25.9 - https:\/\/yoast.com\/wordpress\/plugins\/seo\/ -->\n<title>Luminous Eternal Rose Passion Red | T\u00fcrkiye Florist<\/title>\n<meta name=\"description\" content=\"Celebrate everlasting love with our Luminous Eternal Rose Passion Red .\ud83c\udf39Symbolize your endless affection. Shop now and get a free...\" \/>\n<meta name=\"robots\" content=\"index, follow, max-snippet:-1, max-image-preview:large, max-video-preview:-1\" \/>\n<link rel=\"canonical\" href=\"https:\/\/petalwhim.com\/tr\/p\/isiltili-tutku-kirmizi-sonsuz-gul\/\" \/>\n<meta property=\"og:locale\" content=\"tr_TR\" \/>\n<meta property=\"og:type\" content=\"article\" \/>\n<meta property=\"og:title\" content=\"Luminous Eternal Rose Passion Red | T\u00fcrkiye Florist\" \/>\n<meta property=\"og:description\" content=\"Celebrate everlasting love with our Luminous Eternal Rose Passion Red .\ud83c\udf39Symbolize your endless affection. Shop now and get a free...\" \/>\n<meta property=\"og:url\" content=\"https:\/\/petalwhim.com\/tr\/p\/isiltili-tutku-kirmizi-sonsuz-gul\/\" \/>\n<meta property=\"og:site_name\" content=\"Petal Whim\u2122\" \/>\n<meta property=\"article:modified_time\" content=\"2025-07-25T05:16:04+00:00\" \/>\n<meta property=\"og:image\" content=\"https:\/\/petalwhim.com\/wp-content\/uploads\/2024\/04\/product-image-1562975879.jpg\" \/>\n\t<meta property=\"og:image:width\" content=\"640\" \/>\n\t<meta property=\"og:image:height\" content=\"640\" \/>\n\t<meta property=\"og:image:type\" content=\"image\/jpeg\" \/>\n<meta name=\"twitter:card\" content=\"summary_large_image\" \/>\n<meta name=\"twitter:label1\" content=\"Tahmini okuma s\u00fcresi\" \/>\n\t<meta name=\"twitter:data1\" content=\"1 dakika\" \/>\n<script type=\"application\/ld+json\" class=\"yoast-schema-graph\">{\"@context\":\"https:\/\/schema.org\",\"@graph\":[{\"@type\":\"WebPage\",\"@id\":\"https:\/\/petalwhim.com\/p\/luminous-passion-red-eternal-rose\/\",\"url\":\"https:\/\/petalwhim.com\/p\/luminous-passion-red-eternal-rose\/\",\"name\":\"Luminous Eternal Rose Passion Red | T\u00fcrkiye Florist\",\"isPartOf\":{\"@id\":\"https:\/\/petalwhim.com\/#website\"},\"primaryImageOfPage\":{\"@id\":\"https:\/\/petalwhim.com\/p\/luminous-passion-red-eternal-rose\/#primaryimage\"},\"image\":{\"@id\":\"https:\/\/petalwhim.com\/p\/luminous-passion-red-eternal-rose\/#primaryimage\"},\"thumbnailUrl\":\"https:\/\/petalwhim.com\/wp-content\/uploads\/2024\/04\/product-image-1562975879.jpg\",\"datePublished\":\"2024-04-19T04:58:38+00:00\",\"dateModified\":\"2025-07-25T05:16:04+00:00\",\"description\":\"Celebrate everlasting love with our Luminous Eternal Rose Passion Red .\ud83c\udf39Symbolize your endless affection. Shop now and get a free...\",\"breadcrumb\":{\"@id\":\"https:\/\/petalwhim.com\/p\/luminous-passion-red-eternal-rose\/#breadcrumb\"},\"inLanguage\":\"tr\",\"potentialAction\":[{\"@type\":\"ReadAction\",\"target\":[\"https:\/\/petalwhim.com\/p\/luminous-passion-red-eternal-rose\/\"]}]},{\"@type\":\"ImageObject\",\"inLanguage\":\"tr\",\"@id\":\"https:\/\/petalwhim.com\/p\/luminous-passion-red-eternal-rose\/#primaryimage\",\"url\":\"https:\/\/petalwhim.com\/wp-content\/uploads\/2024\/04\/product-image-1562975879.jpg\",\"contentUrl\":\"https:\/\/petalwhim.com\/wp-content\/uploads\/2024\/04\/product-image-1562975879.jpg\",\"width\":640,\"height\":640,\"caption\":\"Luminous Eternal Rose Passion Red\"},{\"@type\":\"BreadcrumbList\",\"@id\":\"https:\/\/petalwhim.com\/p\/luminous-passion-red-eternal-rose\/#breadcrumb\",\"itemListElement\":[{\"@type\":\"ListItem\",\"position\":1,\"name\":\"Home\",\"item\":\"https:\/\/petalwhim.com\/\"},{\"@type\":\"ListItem\",\"position\":2,\"name\":\"Shop\",\"item\":\"https:\/\/petalwhim.com\/shop\/\"},{\"@type\":\"ListItem\",\"position\":3,\"name\":\"Luminous Eternal Rose Passion Red\"}]},{\"@type\":\"WebSite\",\"@id\":\"https:\/\/petalwhim.com\/#website\",\"url\":\"https:\/\/petalwhim.com\/\",\"name\":\"Petal Whim\u2122\",\"description\":\"Rose in Glass\",\"publisher\":{\"@id\":\"https:\/\/petalwhim.com\/#organization\"},\"potentialAction\":[{\"@type\":\"SearchAction\",\"target\":{\"@type\":\"EntryPoint\",\"urlTemplate\":\"https:\/\/petalwhim.com\/?s={search_term_string}\"},\"query-input\":{\"@type\":\"PropertyValueSpecification\",\"valueRequired\":true,\"valueName\":\"search_term_string\"}}],\"inLanguage\":\"tr\"},{\"@type\":\"Organization\",\"@id\":\"https:\/\/petalwhim.com\/#organization\",\"name\":\"Petal Whim\",\"alternateName\":\"Rose in Glass\",\"url\":\"https:\/\/petalwhim.com\/\",\"logo\":{\"@type\":\"ImageObject\",\"inLanguage\":\"tr\",\"@id\":\"https:\/\/petalwhim.com\/#\/schema\/logo\/image\/\",\"url\":\"https:\/\/petalwhim.com\/wp-content\/uploads\/2024\/05\/cropped-Petal-Whim-Favicon.png\",\"contentUrl\":\"https:\/\/petalwhim.com\/wp-content\/uploads\/2024\/05\/cropped-Petal-Whim-Favicon.png\",\"width\":512,\"height\":512,\"caption\":\"Petal Whim\"},\"image\":{\"@id\":\"https:\/\/petalwhim.com\/#\/schema\/logo\/image\/\"}}]}<\/script>\n<!-- \/ Yoast SEO plugin. -->","yoast_head_json":{"title":"I\u015f\u0131lt\u0131l\u0131 Sonsuz G\u00fcl Tutku K\u0131rm\u0131z\u0131s\u0131 | T\u00fcrkiye \u00c7i\u00e7ek\u00e7i","description":"Luminous Eternal Rose Passion Red ile sonsuz sevginizi kutlay\u0131n.\ud83c\udf39Sonsuz sevginizi sembolize edin. \u015eimdi al\u0131\u015fveri\u015f yap\u0131n ve \u00fccretsiz ...","robots":{"index":"index","follow":"follow","max-snippet":"max-snippet:-1","max-image-preview":"max-image-preview:large","max-video-preview":"max-video-preview:-1"},"canonical":"https:\/\/petalwhim.com\/tr\/p\/isiltili-tutku-kirmizi-sonsuz-gul\/","og_locale":"tr_TR","og_type":"article","og_title":"Luminous Eternal Rose Passion Red | T\u00fcrkiye Florist","og_description":"Celebrate everlasting love with our Luminous Eternal Rose Passion Red .\ud83c\udf39Symbolize your endless affection. Shop now and get a free...","og_url":"https:\/\/petalwhim.com\/tr\/p\/isiltili-tutku-kirmizi-sonsuz-gul\/","og_site_name":"Petal Whim\u2122","article_modified_time":"2025-07-25T05:16:04+00:00","og_image":[{"width":640,"height":640,"url":"https:\/\/petalwhim.com\/wp-content\/uploads\/2024\/04\/product-image-1562975879.jpg","type":"image\/jpeg"}],"twitter_card":"summary_large_image","twitter_misc":{"Tahmini okuma s\u00fcresi":"1 dakika"},"schema":{"@context":"https:\/\/schema.org","@graph":[{"@type":"WebPage","@id":"https:\/\/petalwhim.com\/p\/luminous-passion-red-eternal-rose\/","url":"https:\/\/petalwhim.com\/p\/luminous-passion-red-eternal-rose\/","name":"I\u015f\u0131lt\u0131l\u0131 Sonsuz G\u00fcl Tutku K\u0131rm\u0131z\u0131s\u0131 | T\u00fcrkiye \u00c7i\u00e7ek\u00e7i","isPartOf":{"@id":"https:\/\/petalwhim.com\/#website"},"primaryImageOfPage":{"@id":"https:\/\/petalwhim.com\/p\/luminous-passion-red-eternal-rose\/#primaryimage"},"image":{"@id":"https:\/\/petalwhim.com\/p\/luminous-passion-red-eternal-rose\/#primaryimage"},"thumbnailUrl":"https:\/\/petalwhim.com\/wp-content\/uploads\/2024\/04\/product-image-1562975879.jpg","datePublished":"2024-04-19T04:58:38+00:00","dateModified":"2025-07-25T05:16:04+00:00","description":"Luminous Eternal Rose Passion Red ile sonsuz sevginizi kutlay\u0131n.\ud83c\udf39Sonsuz sevginizi sembolize edin. \u015eimdi al\u0131\u015fveri\u015f yap\u0131n ve \u00fccretsiz ...","breadcrumb":{"@id":"https:\/\/petalwhim.com\/p\/luminous-passion-red-eternal-rose\/#breadcrumb"},"inLanguage":"tr","potentialAction":[{"@type":"ReadAction","target":["https:\/\/petalwhim.com\/p\/luminous-passion-red-eternal-rose\/"]}]},{"@type":"ImageObject","inLanguage":"tr","@id":"https:\/\/petalwhim.com\/p\/luminous-passion-red-eternal-rose\/#primaryimage","url":"https:\/\/petalwhim.com\/wp-content\/uploads\/2024\/04\/product-image-1562975879.jpg","contentUrl":"https:\/\/petalwhim.com\/wp-content\/uploads\/2024\/04\/product-image-1562975879.jpg","width":640,"height":640,"caption":"Luminous Eternal Rose Passion Red"},{"@type":"BreadcrumbList","@id":"https:\/\/petalwhim.com\/p\/luminous-passion-red-eternal-rose\/#breadcrumb","itemListElement":[{"@type":"ListItem","position":1,"name":"Home","item":"https:\/\/petalwhim.com\/"},{"@type":"ListItem","position":2,"name":"Shop","item":"https:\/\/petalwhim.com\/shop\/"},{"@type":"ListItem","position":3,"name":"Luminous Eternal Rose Passion Red"}]},{"@type":"WebSite","@id":"https:\/\/petalwhim.com\/#website","url":"https:\/\/petalwhim.com\/","name":"Petal Whim\u2122","description":"Camda G\u00fcl","publisher":{"@id":"https:\/\/petalwhim.com\/#organization"},"potentialAction":[{"@type":"SearchAction","target":{"@type":"EntryPoint","urlTemplate":"https:\/\/petalwhim.com\/?s={search_term_string}"},"query-input":{"@type":"PropertyValueSpecification","valueRequired":true,"valueName":"search_term_string"}}],"inLanguage":"tr"},{"@type":"Organization","@id":"https:\/\/petalwhim.com\/#organization","name":"Petal Whim","alternateName":"Rose in Glass","url":"https:\/\/petalwhim.com\/","logo":{"@type":"ImageObject","inLanguage":"tr","@id":"https:\/\/petalwhim.com\/#\/schema\/logo\/image\/","url":"https:\/\/petalwhim.com\/wp-content\/uploads\/2024\/05\/cropped-Petal-Whim-Favicon.png","contentUrl":"https:\/\/petalwhim.com\/wp-content\/uploads\/2024\/05\/cropped-Petal-Whim-Favicon.png","width":512,"height":512,"caption":"Petal Whim"},"image":{"@id":"https:\/\/petalwhim.com\/#\/schema\/logo\/image\/"}}]}},"_links":{"self":[{"href":"https:\/\/petalwhim.com\/tr\/wp-json\/wp\/v2\/product\/153","targetHints":{"allow":["GET"]}}],"collection":[{"href":"https:\/\/petalwhim.com\/tr\/wp-json\/wp\/v2\/product"}],"about":[{"href":"https:\/\/petalwhim.com\/tr\/wp-json\/wp\/v2\/types\/product"}],"wp:featuredmedia":[{"embeddable":true,"href":"https:\/\/petalwhim.com\/tr\/wp-json\/wp\/v2\/media\/152"}],"wp:attachment":[{"href":"https:\/\/petalwhim.com\/tr\/wp-json\/wp\/v2\/media?parent=153"}],"wp:term":[{"taxonomy":"product_brand","embeddable":true,"href":"https:\/\/petalwhim.com\/tr\/wp-json\/wp\/v2\/product_brand?post=153"},{"taxonomy":"product_cat","embeddable":true,"href":"https:\/\/petalwhim.com\/tr\/wp-json\/wp\/v2\/product_cat?post=153"},{"taxonomy":"product_tag","embeddable":true,"href":"https:\/\/petalwhim.com\/tr\/wp-json\/wp\/v2\/product_tag?post=153"}],"curies":[{"name":"wp","href":"https:\/\/api.w.org\/{rel}","templated":true}]}}