{"id":115,"date":"2024-04-19T04:57:47","date_gmt":"2024-04-19T04:57:47","guid":{"rendered":"https:\/\/petalwhim.com\/p\/small-eternal-pink-heart-shaped-glass-dome-rose\/"},"modified":"2025-07-25T05:16:05","modified_gmt":"2025-07-25T05:16:05","slug":"kucuk-ebedi%cc%87-pembe-kalp-sekli%cc%87nde-cam-kubbe-gul","status":"publish","type":"product","link":"https:\/\/petalwhim.com\/tr\/p\/kucuk-ebedi%cc%87-pembe-kalp-sekli%cc%87nde-cam-kubbe-gul\/","title":{"rendered":"<span>K\u00fc\u00e7\u00fck Ebedi G\u00fcl <\/span><span class=\"product-title-custom\">Kalp \u015eeklinde Cam Kubbe G\u00fcl<\/span>"},"content":{"rendered":"<h2>Apotheosis'teki bir olay i\u00e7in k\u00fc\u00e7\u00fck bir g\u00fcl m\u00fc? <\/h2><p>Petal Whim\u2122 yan\u0131t veriyor, o halde size rehberlik etmemize izin verin. Size, asl\u0131nda, onun K\u00fc\u00e7\u00fck <strong>sonsuz pembe<\/strong> kalp \u00e7an pembesi. \u00dczerinde, sizi b\u00fcy\u00fcs\u00fcne kapt\u0131racak, kendisi de bir kalple kapl\u0131 g\u00fczel bir K\u00fc\u00e7\u00fck cloche vard\u0131r. <\/p><p>Bu <strong>ebedi\u0307 g\u00fcl<\/strong> pembe renktedir ve size ger\u00e7ek a\u015fk\u0131n masumiyetini hat\u0131rlatacakt\u0131r. <\/p><p>K\u00fc\u00e7\u00fck <strong>sonsuz pembe<\/strong> burada sunulan, her \u015feyden \u00f6nce sevgiden yap\u0131lm\u0131\u015f bir hediyedir. Ger\u00e7ekten de, yeni evlilere, bir d\u00fc\u011f\u00fcnde ya da sevdi\u011finiz ki\u015fiye ya da daha sonra sevdi\u011finiz ki\u015fiye vermeniz gereken \u015feydir.  <\/p>","protected":false},"excerpt":{"rendered":"Apotheosis'teki bir olay i\u00e7in k\u00fc\u00e7\u00fck bir g\u00fcl m\u00fc? Petal Whim\u2122 yan\u0131t veriyor, o halde size rehberlik etmemize izin verin. Size asl\u0131nda K\u00fc\u00e7\u00fck ebedi pembe kalp \u00e7an pembesini sunuyor. \u00dczerinde, sizi b\u00fcy\u00fcs\u00fcne kapt\u0131racak, kendisi de bir kalple kapl\u0131 g\u00fczel bir K\u00fc\u00e7\u00fck cloche var. Bu ebedi g\u00fcl [...]","protected":false},"featured_media":114,"template":"","meta":[],"product_brand":[],"product_cat":[15,36,35],"product_tag":[34],"class_list":{"0":"post-115","1":"product","2":"type-product","3":"status-publish","4":"has-post-thumbnail","6":"product_cat-all-products","7":"product_cat-best-sellers","8":"product_cat-small-forever-rose","9":"product_tag-small-rose-in-glass","11":"first","12":"instock","13":"shipping-taxable","14":"purchasable","15":"product-type-simple"},"yoast_head":"<!-- This site is optimized with the Yoast SEO plugin v25.9 - https:\/\/yoast.com\/wordpress\/plugins\/seo\/ -->\n<title>Small Eternal Rose Heart-shaped Glass Dome Rose | T\u00fcrkiye Florist<\/title>\n<meta name=\"description\" content=\"Celebrate everlasting love with our Small Eternal Rose Heart-shaped Glass Dome Rose .\ud83c\udf39Symbolize your endless affection. Shop now and get a free...\" \/>\n<meta name=\"robots\" content=\"index, follow, max-snippet:-1, max-image-preview:large, max-video-preview:-1\" \/>\n<link rel=\"canonical\" href=\"https:\/\/petalwhim.com\/tr\/p\/kucuk-ebedi\u0307-pembe-kalp-sekli\u0307nde-cam-kubbe-gul\/\" \/>\n<meta property=\"og:locale\" content=\"tr_TR\" \/>\n<meta property=\"og:type\" content=\"article\" \/>\n<meta property=\"og:title\" content=\"Small Eternal Rose Heart-shaped Glass Dome Rose | T\u00fcrkiye Florist\" \/>\n<meta property=\"og:description\" content=\"Celebrate everlasting love with our Small Eternal Rose Heart-shaped Glass Dome Rose .\ud83c\udf39Symbolize your endless affection. Shop now and get a free...\" \/>\n<meta property=\"og:url\" content=\"https:\/\/petalwhim.com\/tr\/p\/kucuk-ebedi\u0307-pembe-kalp-sekli\u0307nde-cam-kubbe-gul\/\" \/>\n<meta property=\"og:site_name\" content=\"Petal Whim\u2122\" \/>\n<meta property=\"article:modified_time\" content=\"2025-07-25T05:16:05+00:00\" \/>\n<meta property=\"og:image\" content=\"https:\/\/petalwhim.com\/wp-content\/uploads\/2024\/04\/product-image-1594224944.jpg\" \/>\n\t<meta property=\"og:image:width\" content=\"640\" \/>\n\t<meta property=\"og:image:height\" content=\"640\" \/>\n\t<meta property=\"og:image:type\" content=\"image\/jpeg\" \/>\n<meta name=\"twitter:card\" content=\"summary_large_image\" \/>\n<meta name=\"twitter:label1\" content=\"Tahmini okuma s\u00fcresi\" \/>\n\t<meta name=\"twitter:data1\" content=\"1 dakika\" \/>\n<script type=\"application\/ld+json\" class=\"yoast-schema-graph\">{\"@context\":\"https:\/\/schema.org\",\"@graph\":[{\"@type\":\"WebPage\",\"@id\":\"https:\/\/petalwhim.com\/p\/small-eternal-pink-heart-shaped-glass-dome-rose\/\",\"url\":\"https:\/\/petalwhim.com\/p\/small-eternal-pink-heart-shaped-glass-dome-rose\/\",\"name\":\"Small Eternal Rose Heart-shaped Glass Dome Rose | T\u00fcrkiye Florist\",\"isPartOf\":{\"@id\":\"https:\/\/petalwhim.com\/#website\"},\"primaryImageOfPage\":{\"@id\":\"https:\/\/petalwhim.com\/p\/small-eternal-pink-heart-shaped-glass-dome-rose\/#primaryimage\"},\"image\":{\"@id\":\"https:\/\/petalwhim.com\/p\/small-eternal-pink-heart-shaped-glass-dome-rose\/#primaryimage\"},\"thumbnailUrl\":\"https:\/\/petalwhim.com\/wp-content\/uploads\/2024\/04\/product-image-1594224944.jpg\",\"datePublished\":\"2024-04-19T04:57:47+00:00\",\"dateModified\":\"2025-07-25T05:16:05+00:00\",\"description\":\"Celebrate everlasting love with our Small Eternal Rose Heart-shaped Glass Dome Rose .\ud83c\udf39Symbolize your endless affection. Shop now and get a free...\",\"breadcrumb\":{\"@id\":\"https:\/\/petalwhim.com\/p\/small-eternal-pink-heart-shaped-glass-dome-rose\/#breadcrumb\"},\"inLanguage\":\"tr\",\"potentialAction\":[{\"@type\":\"ReadAction\",\"target\":[\"https:\/\/petalwhim.com\/p\/small-eternal-pink-heart-shaped-glass-dome-rose\/\"]}]},{\"@type\":\"ImageObject\",\"inLanguage\":\"tr\",\"@id\":\"https:\/\/petalwhim.com\/p\/small-eternal-pink-heart-shaped-glass-dome-rose\/#primaryimage\",\"url\":\"https:\/\/petalwhim.com\/wp-content\/uploads\/2024\/04\/product-image-1594224944.jpg\",\"contentUrl\":\"https:\/\/petalwhim.com\/wp-content\/uploads\/2024\/04\/product-image-1594224944.jpg\",\"width\":640,\"height\":640,\"caption\":\"Small Eternal Rose Heart-shaped Glass Dome Rose\"},{\"@type\":\"BreadcrumbList\",\"@id\":\"https:\/\/petalwhim.com\/p\/small-eternal-pink-heart-shaped-glass-dome-rose\/#breadcrumb\",\"itemListElement\":[{\"@type\":\"ListItem\",\"position\":1,\"name\":\"Home\",\"item\":\"https:\/\/petalwhim.com\/\"},{\"@type\":\"ListItem\",\"position\":2,\"name\":\"Shop\",\"item\":\"https:\/\/petalwhim.com\/shop\/\"},{\"@type\":\"ListItem\",\"position\":3,\"name\":\"Small Eternal Rose Heart-shaped Glass Dome Rose\"}]},{\"@type\":\"WebSite\",\"@id\":\"https:\/\/petalwhim.com\/#website\",\"url\":\"https:\/\/petalwhim.com\/\",\"name\":\"Petal Whim\u2122\",\"description\":\"Rose in Glass\",\"publisher\":{\"@id\":\"https:\/\/petalwhim.com\/#organization\"},\"potentialAction\":[{\"@type\":\"SearchAction\",\"target\":{\"@type\":\"EntryPoint\",\"urlTemplate\":\"https:\/\/petalwhim.com\/?s={search_term_string}\"},\"query-input\":{\"@type\":\"PropertyValueSpecification\",\"valueRequired\":true,\"valueName\":\"search_term_string\"}}],\"inLanguage\":\"tr\"},{\"@type\":\"Organization\",\"@id\":\"https:\/\/petalwhim.com\/#organization\",\"name\":\"Petal Whim\",\"alternateName\":\"Rose in Glass\",\"url\":\"https:\/\/petalwhim.com\/\",\"logo\":{\"@type\":\"ImageObject\",\"inLanguage\":\"tr\",\"@id\":\"https:\/\/petalwhim.com\/#\/schema\/logo\/image\/\",\"url\":\"https:\/\/petalwhim.com\/wp-content\/uploads\/2024\/05\/cropped-Petal-Whim-Favicon.png\",\"contentUrl\":\"https:\/\/petalwhim.com\/wp-content\/uploads\/2024\/05\/cropped-Petal-Whim-Favicon.png\",\"width\":512,\"height\":512,\"caption\":\"Petal Whim\"},\"image\":{\"@id\":\"https:\/\/petalwhim.com\/#\/schema\/logo\/image\/\"}}]}<\/script>\n<!-- \/ Yoast SEO plugin. -->","yoast_head_json":{"title":"K\u00fc\u00e7\u00fck Ebedi G\u00fcl Kalp \u015eeklinde Cam Kubbe G\u00fcl | T\u00fcrkiye \u00c7i\u00e7ek\u00e7i","description":"K\u00fc\u00e7\u00fck Sonsuz G\u00fcl Kalp \u015feklindeki Cam Kubbe G\u00fcl\u00fcm\u00fczle sonsuz sevgiyi kutlay\u0131n.\ud83c\udf39Sonsuz sevginizi sembolize edin. \u015eimdi al\u0131\u015fveri\u015f yap\u0131n ve \u00fccretsiz ...","robots":{"index":"index","follow":"follow","max-snippet":"max-snippet:-1","max-image-preview":"max-image-preview:large","max-video-preview":"max-video-preview:-1"},"canonical":"https:\/\/petalwhim.com\/tr\/p\/kucuk-ebedi\u0307-pembe-kalp-sekli\u0307nde-cam-kubbe-gul\/","og_locale":"tr_TR","og_type":"article","og_title":"Small Eternal Rose Heart-shaped Glass Dome Rose | T\u00fcrkiye Florist","og_description":"Celebrate everlasting love with our Small Eternal Rose Heart-shaped Glass Dome Rose .\ud83c\udf39Symbolize your endless affection. Shop now and get a free...","og_url":"https:\/\/petalwhim.com\/tr\/p\/kucuk-ebedi\u0307-pembe-kalp-sekli\u0307nde-cam-kubbe-gul\/","og_site_name":"Petal Whim\u2122","article_modified_time":"2025-07-25T05:16:05+00:00","og_image":[{"width":640,"height":640,"url":"https:\/\/petalwhim.com\/wp-content\/uploads\/2024\/04\/product-image-1594224944.jpg","type":"image\/jpeg"}],"twitter_card":"summary_large_image","twitter_misc":{"Tahmini okuma s\u00fcresi":"1 dakika"},"schema":{"@context":"https:\/\/schema.org","@graph":[{"@type":"WebPage","@id":"https:\/\/petalwhim.com\/p\/small-eternal-pink-heart-shaped-glass-dome-rose\/","url":"https:\/\/petalwhim.com\/p\/small-eternal-pink-heart-shaped-glass-dome-rose\/","name":"K\u00fc\u00e7\u00fck Ebedi G\u00fcl Kalp \u015eeklinde Cam Kubbe G\u00fcl | T\u00fcrkiye \u00c7i\u00e7ek\u00e7i","isPartOf":{"@id":"https:\/\/petalwhim.com\/#website"},"primaryImageOfPage":{"@id":"https:\/\/petalwhim.com\/p\/small-eternal-pink-heart-shaped-glass-dome-rose\/#primaryimage"},"image":{"@id":"https:\/\/petalwhim.com\/p\/small-eternal-pink-heart-shaped-glass-dome-rose\/#primaryimage"},"thumbnailUrl":"https:\/\/petalwhim.com\/wp-content\/uploads\/2024\/04\/product-image-1594224944.jpg","datePublished":"2024-04-19T04:57:47+00:00","dateModified":"2025-07-25T05:16:05+00:00","description":"K\u00fc\u00e7\u00fck Sonsuz G\u00fcl Kalp \u015feklindeki Cam Kubbe G\u00fcl\u00fcm\u00fczle sonsuz sevgiyi kutlay\u0131n.\ud83c\udf39Sonsuz sevginizi sembolize edin. \u015eimdi al\u0131\u015fveri\u015f yap\u0131n ve \u00fccretsiz ...","breadcrumb":{"@id":"https:\/\/petalwhim.com\/p\/small-eternal-pink-heart-shaped-glass-dome-rose\/#breadcrumb"},"inLanguage":"tr","potentialAction":[{"@type":"ReadAction","target":["https:\/\/petalwhim.com\/p\/small-eternal-pink-heart-shaped-glass-dome-rose\/"]}]},{"@type":"ImageObject","inLanguage":"tr","@id":"https:\/\/petalwhim.com\/p\/small-eternal-pink-heart-shaped-glass-dome-rose\/#primaryimage","url":"https:\/\/petalwhim.com\/wp-content\/uploads\/2024\/04\/product-image-1594224944.jpg","contentUrl":"https:\/\/petalwhim.com\/wp-content\/uploads\/2024\/04\/product-image-1594224944.jpg","width":640,"height":640,"caption":"Small Eternal Rose Heart-shaped Glass Dome Rose"},{"@type":"BreadcrumbList","@id":"https:\/\/petalwhim.com\/p\/small-eternal-pink-heart-shaped-glass-dome-rose\/#breadcrumb","itemListElement":[{"@type":"ListItem","position":1,"name":"Home","item":"https:\/\/petalwhim.com\/"},{"@type":"ListItem","position":2,"name":"Shop","item":"https:\/\/petalwhim.com\/shop\/"},{"@type":"ListItem","position":3,"name":"Small Eternal Rose Heart-shaped Glass Dome Rose"}]},{"@type":"WebSite","@id":"https:\/\/petalwhim.com\/#website","url":"https:\/\/petalwhim.com\/","name":"Petal Whim\u2122","description":"Camda G\u00fcl","publisher":{"@id":"https:\/\/petalwhim.com\/#organization"},"potentialAction":[{"@type":"SearchAction","target":{"@type":"EntryPoint","urlTemplate":"https:\/\/petalwhim.com\/?s={search_term_string}"},"query-input":{"@type":"PropertyValueSpecification","valueRequired":true,"valueName":"search_term_string"}}],"inLanguage":"tr"},{"@type":"Organization","@id":"https:\/\/petalwhim.com\/#organization","name":"Petal Whim","alternateName":"Rose in Glass","url":"https:\/\/petalwhim.com\/","logo":{"@type":"ImageObject","inLanguage":"tr","@id":"https:\/\/petalwhim.com\/#\/schema\/logo\/image\/","url":"https:\/\/petalwhim.com\/wp-content\/uploads\/2024\/05\/cropped-Petal-Whim-Favicon.png","contentUrl":"https:\/\/petalwhim.com\/wp-content\/uploads\/2024\/05\/cropped-Petal-Whim-Favicon.png","width":512,"height":512,"caption":"Petal Whim"},"image":{"@id":"https:\/\/petalwhim.com\/#\/schema\/logo\/image\/"}}]}},"_links":{"self":[{"href":"https:\/\/petalwhim.com\/tr\/wp-json\/wp\/v2\/product\/115","targetHints":{"allow":["GET"]}}],"collection":[{"href":"https:\/\/petalwhim.com\/tr\/wp-json\/wp\/v2\/product"}],"about":[{"href":"https:\/\/petalwhim.com\/tr\/wp-json\/wp\/v2\/types\/product"}],"wp:featuredmedia":[{"embeddable":true,"href":"https:\/\/petalwhim.com\/tr\/wp-json\/wp\/v2\/media\/114"}],"wp:attachment":[{"href":"https:\/\/petalwhim.com\/tr\/wp-json\/wp\/v2\/media?parent=115"}],"wp:term":[{"taxonomy":"product_brand","embeddable":true,"href":"https:\/\/petalwhim.com\/tr\/wp-json\/wp\/v2\/product_brand?post=115"},{"taxonomy":"product_cat","embeddable":true,"href":"https:\/\/petalwhim.com\/tr\/wp-json\/wp\/v2\/product_cat?post=115"},{"taxonomy":"product_tag","embeddable":true,"href":"https:\/\/petalwhim.com\/tr\/wp-json\/wp\/v2\/product_tag?post=115"}],"curies":[{"name":"wp","href":"https:\/\/api.w.org\/{rel}","templated":true}]}}