{"id":107,"date":"2024-04-19T04:57:36","date_gmt":"2024-04-19T04:57:36","guid":{"rendered":"https:\/\/petalwhim.com\/p\/small-eternal-green-rose-under-glass-dome\/"},"modified":"2025-07-25T05:16:05","modified_gmt":"2025-07-25T05:16:05","slug":"cam-kubbe-altinda-kucuk-ebedi-yesil-gul","status":"publish","type":"product","link":"https:\/\/petalwhim.com\/tr\/p\/cam-kubbe-altinda-kucuk-ebedi-yesil-gul\/","title":{"rendered":"<span>K\u00fc\u00e7\u00fck Ebedi G\u00fcl <\/span><span class=\"product-title-custom\">Cam Kubbe Alt\u0131nda Ye\u015fil<\/span>"},"content":{"rendered":"<h2>Hayat\u0131n\u0131z\u0131 payla\u015ft\u0131\u011f\u0131n\u0131z ki\u015fiye bir \u00e7i\u00e7ek vermek ister misiniz?<\/h2><p>Bu durumda, Petal Whim\u2122 sizin rehberiniz olsun. Ger\u00e7ekten de, size k\u00fc\u00e7\u00fck bir <strong>ebedi\u0307 g\u00fcl<\/strong> Bir \u00e7an\u0131n alt\u0131nda ye\u015fil. \u0130kincisinde, sizi b\u00fcy\u00fcs\u00fcne kapt\u0131racak g\u00fczel bir k\u00fc\u00e7\u00fck kalp bulunur. <\/p><p>Bu bitki ye\u015fil renktedir. Bu renk sayesinde, b\u00fcy\u00fck bir \u00f6nemi kavrar\u0131z. <strong>A\u015fk<\/strong> tamamen do\u011fayla ilgilidir.  <\/p><p>Bu g\u00fcl muhte\u015fem bir <strong>Hediye<\/strong> Sevgilinize ya da yeni evlenmi\u015f ve ger\u00e7ek a\u015fk\u0131 tadabilecek gen\u00e7 bir \u00e7ifte vermek i\u00e7in. <\/p>","protected":false},"excerpt":{"rendered":"Hayat\u0131n\u0131z\u0131 payla\u015ft\u0131\u011f\u0131n\u0131z ki\u015fiye bir \u00e7i\u00e7ek vermek istiyorsan\u0131z, b\u0131rak\u0131n Petal Whim\u2122 sizin rehberiniz olsun. Ger\u00e7ekten de, size bir \u00e7an\u0131n alt\u0131nda k\u00fc\u00e7\u00fck bir ebedi g\u00fcl ye\u015fili sunuyor. \u0130kincisinde, sizi b\u00fcy\u00fcs\u00fcn\u00fcn alt\u0131na d\u00fc\u015f\u00fcrecek g\u00fczel bir k\u00fc\u00e7\u00fck kalp bulunur. Bu bitki ye\u015fil renktedir [...]","protected":false},"featured_media":106,"template":"","meta":[],"product_brand":[],"product_cat":[15,36,35],"product_tag":[34],"class_list":{"0":"post-107","1":"product","2":"type-product","3":"status-publish","4":"has-post-thumbnail","6":"product_cat-all-products","7":"product_cat-best-sellers","8":"product_cat-small-forever-rose","9":"product_tag-small-rose-in-glass","11":"first","12":"instock","13":"shipping-taxable","14":"purchasable","15":"product-type-simple"},"yoast_head":"<!-- This site is optimized with the Yoast SEO plugin v25.9 - https:\/\/yoast.com\/wordpress\/plugins\/seo\/ -->\n<title>Small Eternal Rose Green under Glass Dome | T\u00fcrkiye Florist<\/title>\n<meta name=\"description\" content=\"Celebrate everlasting love with our Small Eternal Rose Green under Glass Dome .\ud83c\udf39Symbolize your endless affection. Shop now and get a free...\" \/>\n<meta name=\"robots\" content=\"index, follow, max-snippet:-1, max-image-preview:large, max-video-preview:-1\" \/>\n<link rel=\"canonical\" href=\"https:\/\/petalwhim.com\/tr\/p\/cam-kubbe-altinda-kucuk-ebedi-yesil-gul\/\" \/>\n<meta property=\"og:locale\" content=\"tr_TR\" \/>\n<meta property=\"og:type\" content=\"article\" \/>\n<meta property=\"og:title\" content=\"Small Eternal Rose Green under Glass Dome | T\u00fcrkiye Florist\" \/>\n<meta property=\"og:description\" content=\"Celebrate everlasting love with our Small Eternal Rose Green under Glass Dome .\ud83c\udf39Symbolize your endless affection. Shop now and get a free...\" \/>\n<meta property=\"og:url\" content=\"https:\/\/petalwhim.com\/tr\/p\/cam-kubbe-altinda-kucuk-ebedi-yesil-gul\/\" \/>\n<meta property=\"og:site_name\" content=\"Petal Whim\u2122\" \/>\n<meta property=\"article:modified_time\" content=\"2025-07-25T05:16:05+00:00\" \/>\n<meta property=\"og:image\" content=\"https:\/\/petalwhim.com\/wp-content\/uploads\/2024\/04\/product-image-1594224946.jpg\" \/>\n\t<meta property=\"og:image:width\" content=\"640\" \/>\n\t<meta property=\"og:image:height\" content=\"640\" \/>\n\t<meta property=\"og:image:type\" content=\"image\/jpeg\" \/>\n<meta name=\"twitter:card\" content=\"summary_large_image\" \/>\n<script type=\"application\/ld+json\" class=\"yoast-schema-graph\">{\"@context\":\"https:\/\/schema.org\",\"@graph\":[{\"@type\":\"WebPage\",\"@id\":\"https:\/\/petalwhim.com\/p\/small-eternal-green-rose-under-glass-dome\/\",\"url\":\"https:\/\/petalwhim.com\/p\/small-eternal-green-rose-under-glass-dome\/\",\"name\":\"Small Eternal Rose Green under Glass Dome | T\u00fcrkiye Florist\",\"isPartOf\":{\"@id\":\"https:\/\/petalwhim.com\/#website\"},\"primaryImageOfPage\":{\"@id\":\"https:\/\/petalwhim.com\/p\/small-eternal-green-rose-under-glass-dome\/#primaryimage\"},\"image\":{\"@id\":\"https:\/\/petalwhim.com\/p\/small-eternal-green-rose-under-glass-dome\/#primaryimage\"},\"thumbnailUrl\":\"https:\/\/petalwhim.com\/wp-content\/uploads\/2024\/04\/product-image-1594224946.jpg\",\"datePublished\":\"2024-04-19T04:57:36+00:00\",\"dateModified\":\"2025-07-25T05:16:05+00:00\",\"description\":\"Celebrate everlasting love with our Small Eternal Rose Green under Glass Dome .\ud83c\udf39Symbolize your endless affection. Shop now and get a free...\",\"breadcrumb\":{\"@id\":\"https:\/\/petalwhim.com\/p\/small-eternal-green-rose-under-glass-dome\/#breadcrumb\"},\"inLanguage\":\"tr\",\"potentialAction\":[{\"@type\":\"ReadAction\",\"target\":[\"https:\/\/petalwhim.com\/p\/small-eternal-green-rose-under-glass-dome\/\"]}]},{\"@type\":\"ImageObject\",\"inLanguage\":\"tr\",\"@id\":\"https:\/\/petalwhim.com\/p\/small-eternal-green-rose-under-glass-dome\/#primaryimage\",\"url\":\"https:\/\/petalwhim.com\/wp-content\/uploads\/2024\/04\/product-image-1594224946.jpg\",\"contentUrl\":\"https:\/\/petalwhim.com\/wp-content\/uploads\/2024\/04\/product-image-1594224946.jpg\",\"width\":640,\"height\":640,\"caption\":\"Small Eternal Rose Green under Glass Dome\"},{\"@type\":\"BreadcrumbList\",\"@id\":\"https:\/\/petalwhim.com\/p\/small-eternal-green-rose-under-glass-dome\/#breadcrumb\",\"itemListElement\":[{\"@type\":\"ListItem\",\"position\":1,\"name\":\"Home\",\"item\":\"https:\/\/petalwhim.com\/\"},{\"@type\":\"ListItem\",\"position\":2,\"name\":\"Shop\",\"item\":\"https:\/\/petalwhim.com\/shop\/\"},{\"@type\":\"ListItem\",\"position\":3,\"name\":\"Small Eternal Rose Green under Glass Dome\"}]},{\"@type\":\"WebSite\",\"@id\":\"https:\/\/petalwhim.com\/#website\",\"url\":\"https:\/\/petalwhim.com\/\",\"name\":\"Petal Whim\u2122\",\"description\":\"Rose in Glass\",\"publisher\":{\"@id\":\"https:\/\/petalwhim.com\/#organization\"},\"potentialAction\":[{\"@type\":\"SearchAction\",\"target\":{\"@type\":\"EntryPoint\",\"urlTemplate\":\"https:\/\/petalwhim.com\/?s={search_term_string}\"},\"query-input\":{\"@type\":\"PropertyValueSpecification\",\"valueRequired\":true,\"valueName\":\"search_term_string\"}}],\"inLanguage\":\"tr\"},{\"@type\":\"Organization\",\"@id\":\"https:\/\/petalwhim.com\/#organization\",\"name\":\"Petal Whim\",\"alternateName\":\"Rose in Glass\",\"url\":\"https:\/\/petalwhim.com\/\",\"logo\":{\"@type\":\"ImageObject\",\"inLanguage\":\"tr\",\"@id\":\"https:\/\/petalwhim.com\/#\/schema\/logo\/image\/\",\"url\":\"https:\/\/petalwhim.com\/wp-content\/uploads\/2024\/05\/cropped-Petal-Whim-Favicon.png\",\"contentUrl\":\"https:\/\/petalwhim.com\/wp-content\/uploads\/2024\/05\/cropped-Petal-Whim-Favicon.png\",\"width\":512,\"height\":512,\"caption\":\"Petal Whim\"},\"image\":{\"@id\":\"https:\/\/petalwhim.com\/#\/schema\/logo\/image\/\"}}]}<\/script>\n<!-- \/ Yoast SEO plugin. -->","yoast_head_json":{"title":"Cam Kubbe Alt\u0131nda Ye\u015fil K\u00fc\u00e7\u00fck Ebedi G\u00fcl | T\u00fcrkiye \u00c7i\u00e7ek\u00e7i","description":"Cam Kubbe Alt\u0131nda K\u00fc\u00e7\u00fck Sonsuz G\u00fcl Ye\u015filimiz ile sonsuz sevginizi kutlay\u0131n.\ud83c\udf39Sonsuz sevginizi sembolize edin. \u015eimdi al\u0131\u015fveri\u015f yap\u0131n ve \u00fccretsiz ...","robots":{"index":"index","follow":"follow","max-snippet":"max-snippet:-1","max-image-preview":"max-image-preview:large","max-video-preview":"max-video-preview:-1"},"canonical":"https:\/\/petalwhim.com\/tr\/p\/cam-kubbe-altinda-kucuk-ebedi-yesil-gul\/","og_locale":"tr_TR","og_type":"article","og_title":"Small Eternal Rose Green under Glass Dome | T\u00fcrkiye Florist","og_description":"Celebrate everlasting love with our Small Eternal Rose Green under Glass Dome .\ud83c\udf39Symbolize your endless affection. Shop now and get a free...","og_url":"https:\/\/petalwhim.com\/tr\/p\/cam-kubbe-altinda-kucuk-ebedi-yesil-gul\/","og_site_name":"Petal Whim\u2122","article_modified_time":"2025-07-25T05:16:05+00:00","og_image":[{"width":640,"height":640,"url":"https:\/\/petalwhim.com\/wp-content\/uploads\/2024\/04\/product-image-1594224946.jpg","type":"image\/jpeg"}],"twitter_card":"summary_large_image","schema":{"@context":"https:\/\/schema.org","@graph":[{"@type":"WebPage","@id":"https:\/\/petalwhim.com\/p\/small-eternal-green-rose-under-glass-dome\/","url":"https:\/\/petalwhim.com\/p\/small-eternal-green-rose-under-glass-dome\/","name":"Cam Kubbe Alt\u0131nda Ye\u015fil K\u00fc\u00e7\u00fck Ebedi G\u00fcl | T\u00fcrkiye \u00c7i\u00e7ek\u00e7i","isPartOf":{"@id":"https:\/\/petalwhim.com\/#website"},"primaryImageOfPage":{"@id":"https:\/\/petalwhim.com\/p\/small-eternal-green-rose-under-glass-dome\/#primaryimage"},"image":{"@id":"https:\/\/petalwhim.com\/p\/small-eternal-green-rose-under-glass-dome\/#primaryimage"},"thumbnailUrl":"https:\/\/petalwhim.com\/wp-content\/uploads\/2024\/04\/product-image-1594224946.jpg","datePublished":"2024-04-19T04:57:36+00:00","dateModified":"2025-07-25T05:16:05+00:00","description":"Cam Kubbe Alt\u0131nda K\u00fc\u00e7\u00fck Sonsuz G\u00fcl Ye\u015filimiz ile sonsuz sevginizi kutlay\u0131n.\ud83c\udf39Sonsuz sevginizi sembolize edin. \u015eimdi al\u0131\u015fveri\u015f yap\u0131n ve \u00fccretsiz ...","breadcrumb":{"@id":"https:\/\/petalwhim.com\/p\/small-eternal-green-rose-under-glass-dome\/#breadcrumb"},"inLanguage":"tr","potentialAction":[{"@type":"ReadAction","target":["https:\/\/petalwhim.com\/p\/small-eternal-green-rose-under-glass-dome\/"]}]},{"@type":"ImageObject","inLanguage":"tr","@id":"https:\/\/petalwhim.com\/p\/small-eternal-green-rose-under-glass-dome\/#primaryimage","url":"https:\/\/petalwhim.com\/wp-content\/uploads\/2024\/04\/product-image-1594224946.jpg","contentUrl":"https:\/\/petalwhim.com\/wp-content\/uploads\/2024\/04\/product-image-1594224946.jpg","width":640,"height":640,"caption":"Small Eternal Rose Green under Glass Dome"},{"@type":"BreadcrumbList","@id":"https:\/\/petalwhim.com\/p\/small-eternal-green-rose-under-glass-dome\/#breadcrumb","itemListElement":[{"@type":"ListItem","position":1,"name":"Home","item":"https:\/\/petalwhim.com\/"},{"@type":"ListItem","position":2,"name":"Shop","item":"https:\/\/petalwhim.com\/shop\/"},{"@type":"ListItem","position":3,"name":"Small Eternal Rose Green under Glass Dome"}]},{"@type":"WebSite","@id":"https:\/\/petalwhim.com\/#website","url":"https:\/\/petalwhim.com\/","name":"Petal Whim\u2122","description":"Camda G\u00fcl","publisher":{"@id":"https:\/\/petalwhim.com\/#organization"},"potentialAction":[{"@type":"SearchAction","target":{"@type":"EntryPoint","urlTemplate":"https:\/\/petalwhim.com\/?s={search_term_string}"},"query-input":{"@type":"PropertyValueSpecification","valueRequired":true,"valueName":"search_term_string"}}],"inLanguage":"tr"},{"@type":"Organization","@id":"https:\/\/petalwhim.com\/#organization","name":"Petal Whim","alternateName":"Rose in Glass","url":"https:\/\/petalwhim.com\/","logo":{"@type":"ImageObject","inLanguage":"tr","@id":"https:\/\/petalwhim.com\/#\/schema\/logo\/image\/","url":"https:\/\/petalwhim.com\/wp-content\/uploads\/2024\/05\/cropped-Petal-Whim-Favicon.png","contentUrl":"https:\/\/petalwhim.com\/wp-content\/uploads\/2024\/05\/cropped-Petal-Whim-Favicon.png","width":512,"height":512,"caption":"Petal Whim"},"image":{"@id":"https:\/\/petalwhim.com\/#\/schema\/logo\/image\/"}}]}},"_links":{"self":[{"href":"https:\/\/petalwhim.com\/tr\/wp-json\/wp\/v2\/product\/107","targetHints":{"allow":["GET"]}}],"collection":[{"href":"https:\/\/petalwhim.com\/tr\/wp-json\/wp\/v2\/product"}],"about":[{"href":"https:\/\/petalwhim.com\/tr\/wp-json\/wp\/v2\/types\/product"}],"wp:featuredmedia":[{"embeddable":true,"href":"https:\/\/petalwhim.com\/tr\/wp-json\/wp\/v2\/media\/106"}],"wp:attachment":[{"href":"https:\/\/petalwhim.com\/tr\/wp-json\/wp\/v2\/media?parent=107"}],"wp:term":[{"taxonomy":"product_brand","embeddable":true,"href":"https:\/\/petalwhim.com\/tr\/wp-json\/wp\/v2\/product_brand?post=107"},{"taxonomy":"product_cat","embeddable":true,"href":"https:\/\/petalwhim.com\/tr\/wp-json\/wp\/v2\/product_cat?post=107"},{"taxonomy":"product_tag","embeddable":true,"href":"https:\/\/petalwhim.com\/tr\/wp-json\/wp\/v2\/product_tag?post=107"}],"curies":[{"name":"wp","href":"https:\/\/api.w.org\/{rel}","templated":true}]}}