{"id":24,"date":"2024-04-10T02:26:26","date_gmt":"2024-04-10T02:26:26","guid":{"rendered":"https:\/\/roseinglass.kinsta.cloud\/?page_id=24"},"modified":"2024-06-06T01:04:53","modified_gmt":"2024-06-06T01:04:53","slug":"i%cc%87ade-ve-i%cc%87ade-poli%cc%87ti%cc%87kasi","status":"publish","type":"page","link":"https:\/\/petalwhim.com\/tr\/i%cc%87ade-ve-i%cc%87ade-poli%cc%87ti%cc%87kasi\/","title":{"rendered":"Para \u0130adesi ve \u0130ade Politikas\u0131"},"content":{"rendered":"<h2>Ben istiyorum <strong>d\u00f6n\u00fc\u015f<\/strong> veya <strong>de\u011fi\u015fim*<\/strong> bana uymayan bir \u00fcr\u00fcn.<\/h2>\r\n<strong>Ad\u0131m 1:<\/strong> E\u011fer isterseniz <strong>d\u00f6n\u00fc\u015f<\/strong> veya <strong>de\u011fi\u015fim<\/strong> (farkl\u0131 bir boyut veya renk elde etmek i\u00e7in), l\u00fctfen a\u015fa\u011f\u0131daki ko\u015fullar\u0131 kar\u015f\u0131lad\u0131\u011f\u0131n\u0131zdan emin olun:\r\n<ul>\r\n \t<li>Paketinizi teslim ald\u0131ktan sonra bize iade etmek i\u00e7in 30 g\u00fcn\u00fcn\u00fcz vard\u0131r.<\/li>\r\n \t<li>Etiketler \u00fcr\u00fcne teslim al\u0131nd\u0131\u011f\u0131 \u015fekilde yap\u0131\u015ft\u0131r\u0131lmal\u0131d\u0131r.<\/li>\r\n \t<li>\u00dcr\u00fcn orijinal ambalaj\u0131nda olmal\u0131d\u0131r.<\/li>\r\n<\/ul>\r\n<strong>Ad\u0131m 2:<\/strong> Bize contact@petalwhim.com adresine e-posta g\u00f6ndererek veya do\u011frudan ileti\u015fim adresimiz \u00fczerinden ula\u015f\u0131n.\r\n\r\nE-postan\u0131zda a\u015fa\u011f\u0131daki bilgilerin g\u00f6r\u00fcnd\u00fc\u011f\u00fcnden emin olun: sizin\u00a0<strong>sipari\u015f numaras\u0131<\/strong>, <strong>iade edilen \u00fcr\u00fcnlerin isimleri<\/strong>yan\u0131 s\u0131ra <strong>iadeden ne elde etmek istedi\u011finizi<\/strong> (para iadesi, kupon veya farkl\u0131 bir beden\/renk ile de\u011fi\u015fim).\r\n\r\n<strong>Ad\u0131m 3:<\/strong>\u00a0Size 48 saat i\u00e7inde mallar\u0131 iade edece\u011finiz posta adresiyle birlikte cevap verece\u011fiz.\r\n\r\n\u015eundan haberdar olun\u00a0<strong>iade nakliye masraflar\u0131 size aittir<\/strong>.\r\n\r\n<em>\u00dcr\u00fcnler orijinal halleriyle iade edilmelidir. Y\u0131kanm\u0131\u015f veya giyilmi\u015f (etiketsiz) hi\u00e7bir \u00fcr\u00fcn iade edilemez veya para iadesi yap\u0131lamaz.<\/em>\r\n\r\n<strong>Ad\u0131m 4<\/strong>: \u00dcr\u00fcn\u00fcn\u00fcz\u00fcn g\u00f6nderildi\u011fini bize e-posta ile onaylay\u0131n ve bize\u00a0<strong>paketin g\u00f6nderi numaras\u0131<\/strong>.\r\n\r\nBu, varsa g\u00fcmr\u00fck \u00fccretlerini \u00f6dememize olanak sa\u011flayacakt\u0131r.\u00a0<strong>Bu bilgilere sahip olmad\u0131\u011f\u0131m\u0131z takdirde, g\u00fcmr\u00fck \u00fccretlerini \u00f6deyemeyiz ve paketiniz otomatik olarak size iade edilir<\/strong>.\r\n\r\n<strong>Ad\u0131m 5:<\/strong> \u00d6\u011feleri al\u0131r almaz, incelenecek ve iste\u011finize g\u00f6re biz:\r\n<ul>\r\n \t<li>\u00d6\u011felerinizi iade edin: Sipari\u015finizin iadesini onaylamak i\u00e7in bir e-posta alacaks\u0131n\u0131z. Para iadesi genellikle 5 i\u015f g\u00fcn\u00fc i\u00e7inde al\u0131n\u0131r<\/li>\r\n \t<li>\u00dcr\u00fcnlerinizi de\u011fi\u015ftirin: \u00dcr\u00fcnler, iade formunuzda belirtilen ki\u015filer taraf\u0131ndan de\u011fi\u015ftirilecektir, de\u011fi\u015fimi onaylayan bir e-posta ve yeni bir sipari\u015f numaras\u0131 alacaks\u0131n\u0131z.<\/li>\r\n<\/ul>\r\nPetal Whim\u2122, iade gecikmesinden sonra g\u00f6nderilen veya iletilen iadeleri veya al\u0131nd\u0131klar\u0131 durumla ayn\u0131 olmayan \u00fcr\u00fcnleri reddetme hakk\u0131n\u0131 sakl\u0131 tutar. \u0130ade onayland\u0131ktan sonra, para iadesi \u015fu yolla yap\u0131lacakt\u0131r <strong>sat\u0131n alma i\u015fleminde kullan\u0131lan ayn\u0131 \u00f6deme y\u00f6ntemi<\/strong>. Maksimum iade gecikmesi 10 g\u00fcnd\u00fcr. Banka hesab\u0131n\u0131zdaki iade gecikmesinin her zaman bankan\u0131za ba\u011fl\u0131 oldu\u011funu l\u00fctfen unutmay\u0131n","protected":false},"excerpt":{"rendered":"Bana uymayan bir \u00fcr\u00fcn\u00fc iade etmek veya de\u011fi\u015ftirmek* istiyorum. Ad\u0131m 1: \u00dcr\u00fcn\u00fcn\u00fcz\u00fc iade etmek veya de\u011fi\u015ftirmek isterseniz (farkl\u0131 bir beden veya renk almak i\u00e7in), l\u00fctfen a\u015fa\u011f\u0131daki ko\u015fullar\u0131 kar\u015f\u0131lad\u0131\u011f\u0131n\u0131zdan emin olun: Paketinizi teslim ald\u0131ktan sonra iade etmek i\u00e7in 30 g\u00fcn\u00fcn\u00fcz var [...]","protected":false},"author":1,"featured_media":0,"parent":0,"menu_order":0,"comment_status":"closed","ping_status":"closed","template":"page-blank-title-center.php","meta":{"footnotes":""},"class_list":["post-24","page","type-page","status-publish","hentry"],"yoast_head":"<!-- This site is optimized with the Yoast SEO plugin v25.9 - https:\/\/yoast.com\/wordpress\/plugins\/seo\/ -->\n<title>Refund and Returns Policy - Petal Whim\u2122<\/title>\n<meta name=\"robots\" content=\"noindex, follow\" \/>\n<meta property=\"og:locale\" content=\"tr_TR\" \/>\n<meta property=\"og:type\" content=\"article\" \/>\n<meta property=\"og:title\" content=\"Refund and Returns Policy - Petal Whim\u2122\" \/>\n<meta property=\"og:description\" content=\"I would like to return or exchange* an item that does not suit me. Step 1: If you would like to return or exchange your item (to get a different size or color), please make sure that you meet the following conditions: You have 30 days following the reception of your package to return it [...]\" \/>\n<meta property=\"og:url\" content=\"https:\/\/petalwhim.com\/tr\/i\u0307ade-ve-i\u0307ade-poli\u0307ti\u0307kasi\/\" \/>\n<meta property=\"og:site_name\" content=\"Petal Whim\u2122\" \/>\n<meta property=\"article:modified_time\" content=\"2024-06-06T01:04:53+00:00\" \/>\n<meta property=\"og:image\" content=\"https:\/\/petalwhim.com\/wp-content\/uploads\/2024\/05\/cropped-Petal-Whim-Favicon.png\" \/>\n\t<meta property=\"og:image:width\" content=\"512\" \/>\n\t<meta property=\"og:image:height\" content=\"512\" \/>\n\t<meta property=\"og:image:type\" content=\"image\/png\" \/>\n<meta name=\"twitter:card\" content=\"summary_large_image\" \/>\n<meta name=\"twitter:label1\" content=\"Tahmini okuma s\u00fcresi\" \/>\n\t<meta name=\"twitter:data1\" content=\"2 dakika\" \/>\n<script type=\"application\/ld+json\" class=\"yoast-schema-graph\">{\"@context\":\"https:\/\/schema.org\",\"@graph\":[{\"@type\":\"WebPage\",\"@id\":\"https:\/\/petalwhim.com\/refund-and-returns-policy\/\",\"url\":\"https:\/\/petalwhim.com\/refund-and-returns-policy\/\",\"name\":\"Refund and Returns Policy - Petal Whim\u2122\",\"isPartOf\":{\"@id\":\"https:\/\/petalwhim.com\/#website\"},\"datePublished\":\"2024-04-10T02:26:26+00:00\",\"dateModified\":\"2024-06-06T01:04:53+00:00\",\"breadcrumb\":{\"@id\":\"https:\/\/petalwhim.com\/refund-and-returns-policy\/#breadcrumb\"},\"inLanguage\":\"tr\",\"potentialAction\":[{\"@type\":\"ReadAction\",\"target\":[\"https:\/\/petalwhim.com\/refund-and-returns-policy\/\"]}]},{\"@type\":\"BreadcrumbList\",\"@id\":\"https:\/\/petalwhim.com\/refund-and-returns-policy\/#breadcrumb\",\"itemListElement\":[{\"@type\":\"ListItem\",\"position\":1,\"name\":\"Home\",\"item\":\"https:\/\/petalwhim.com\/\"},{\"@type\":\"ListItem\",\"position\":2,\"name\":\"Refund and Returns Policy\"}]},{\"@type\":\"WebSite\",\"@id\":\"https:\/\/petalwhim.com\/#website\",\"url\":\"https:\/\/petalwhim.com\/\",\"name\":\"Petal Whim\u2122\",\"description\":\"Rose in Glass\",\"publisher\":{\"@id\":\"https:\/\/petalwhim.com\/#organization\"},\"potentialAction\":[{\"@type\":\"SearchAction\",\"target\":{\"@type\":\"EntryPoint\",\"urlTemplate\":\"https:\/\/petalwhim.com\/?s={search_term_string}\"},\"query-input\":{\"@type\":\"PropertyValueSpecification\",\"valueRequired\":true,\"valueName\":\"search_term_string\"}}],\"inLanguage\":\"tr\"},{\"@type\":\"Organization\",\"@id\":\"https:\/\/petalwhim.com\/#organization\",\"name\":\"Petal Whim\",\"alternateName\":\"Rose in Glass\",\"url\":\"https:\/\/petalwhim.com\/\",\"logo\":{\"@type\":\"ImageObject\",\"inLanguage\":\"tr\",\"@id\":\"https:\/\/petalwhim.com\/#\/schema\/logo\/image\/\",\"url\":\"https:\/\/petalwhim.com\/wp-content\/uploads\/2024\/05\/cropped-Petal-Whim-Favicon.png\",\"contentUrl\":\"https:\/\/petalwhim.com\/wp-content\/uploads\/2024\/05\/cropped-Petal-Whim-Favicon.png\",\"width\":512,\"height\":512,\"caption\":\"Petal Whim\"},\"image\":{\"@id\":\"https:\/\/petalwhim.com\/#\/schema\/logo\/image\/\"}}]}<\/script>\n<!-- \/ Yoast SEO plugin. -->","yoast_head_json":{"title":"\u0130ade ve Geri \u00d6deme Politikas\u0131 - Petal Whim\u2122","robots":{"index":"noindex","follow":"follow"},"og_locale":"tr_TR","og_type":"article","og_title":"Refund and Returns Policy - Petal Whim\u2122","og_description":"I would like to return or exchange* an item that does not suit me. Step 1: If you would like to return or exchange your item (to get a different size or color), please make sure that you meet the following conditions: You have 30 days following the reception of your package to return it [...]","og_url":"https:\/\/petalwhim.com\/tr\/i\u0307ade-ve-i\u0307ade-poli\u0307ti\u0307kasi\/","og_site_name":"Petal Whim\u2122","article_modified_time":"2024-06-06T01:04:53+00:00","og_image":[{"width":512,"height":512,"url":"https:\/\/petalwhim.com\/wp-content\/uploads\/2024\/05\/cropped-Petal-Whim-Favicon.png","type":"image\/png"}],"twitter_card":"summary_large_image","twitter_misc":{"Tahmini okuma s\u00fcresi":"2 dakika"},"schema":{"@context":"https:\/\/schema.org","@graph":[{"@type":"WebPage","@id":"https:\/\/petalwhim.com\/refund-and-returns-policy\/","url":"https:\/\/petalwhim.com\/refund-and-returns-policy\/","name":"\u0130ade ve Geri \u00d6deme Politikas\u0131 - Petal Whim\u2122","isPartOf":{"@id":"https:\/\/petalwhim.com\/#website"},"datePublished":"2024-04-10T02:26:26+00:00","dateModified":"2024-06-06T01:04:53+00:00","breadcrumb":{"@id":"https:\/\/petalwhim.com\/refund-and-returns-policy\/#breadcrumb"},"inLanguage":"tr","potentialAction":[{"@type":"ReadAction","target":["https:\/\/petalwhim.com\/refund-and-returns-policy\/"]}]},{"@type":"BreadcrumbList","@id":"https:\/\/petalwhim.com\/refund-and-returns-policy\/#breadcrumb","itemListElement":[{"@type":"ListItem","position":1,"name":"Home","item":"https:\/\/petalwhim.com\/"},{"@type":"ListItem","position":2,"name":"Refund and Returns Policy"}]},{"@type":"WebSite","@id":"https:\/\/petalwhim.com\/#website","url":"https:\/\/petalwhim.com\/","name":"Petal Whim\u2122","description":"Camda G\u00fcl","publisher":{"@id":"https:\/\/petalwhim.com\/#organization"},"potentialAction":[{"@type":"SearchAction","target":{"@type":"EntryPoint","urlTemplate":"https:\/\/petalwhim.com\/?s={search_term_string}"},"query-input":{"@type":"PropertyValueSpecification","valueRequired":true,"valueName":"search_term_string"}}],"inLanguage":"tr"},{"@type":"Organization","@id":"https:\/\/petalwhim.com\/#organization","name":"Petal Whim","alternateName":"Rose in Glass","url":"https:\/\/petalwhim.com\/","logo":{"@type":"ImageObject","inLanguage":"tr","@id":"https:\/\/petalwhim.com\/#\/schema\/logo\/image\/","url":"https:\/\/petalwhim.com\/wp-content\/uploads\/2024\/05\/cropped-Petal-Whim-Favicon.png","contentUrl":"https:\/\/petalwhim.com\/wp-content\/uploads\/2024\/05\/cropped-Petal-Whim-Favicon.png","width":512,"height":512,"caption":"Petal Whim"},"image":{"@id":"https:\/\/petalwhim.com\/#\/schema\/logo\/image\/"}}]}},"_links":{"self":[{"href":"https:\/\/petalwhim.com\/tr\/wp-json\/wp\/v2\/pages\/24","targetHints":{"allow":["GET"]}}],"collection":[{"href":"https:\/\/petalwhim.com\/tr\/wp-json\/wp\/v2\/pages"}],"about":[{"href":"https:\/\/petalwhim.com\/tr\/wp-json\/wp\/v2\/types\/page"}],"author":[{"embeddable":true,"href":"https:\/\/petalwhim.com\/tr\/wp-json\/wp\/v2\/users\/1"}],"replies":[{"embeddable":true,"href":"https:\/\/petalwhim.com\/tr\/wp-json\/wp\/v2\/comments?post=24"}],"version-history":[{"count":0,"href":"https:\/\/petalwhim.com\/tr\/wp-json\/wp\/v2\/pages\/24\/revisions"}],"wp:attachment":[{"href":"https:\/\/petalwhim.com\/tr\/wp-json\/wp\/v2\/media?parent=24"}],"curies":[{"name":"wp","href":"https:\/\/api.w.org\/{rel}","templated":true}]}}