{"id":91,"date":"2024-04-19T04:57:07","date_gmt":"2024-04-19T04:57:07","guid":{"rendered":"https:\/\/petalwhim.com\/p\/blue-teddy-bear-eternal-rose\/"},"modified":"2025-10-15T04:20:57","modified_gmt":"2025-10-15T04:20:57","slug":"bla-teddybjorn-evig-ros","status":"publish","type":"product","link":"https:\/\/petalwhim.com\/sv\/p\/bla-teddybjorn-evig-ros\/","title":{"rendered":"<span>Liten evig ros <\/span><span class=\"product-title-custom\">Bl\u00e5 nallebj\u00f6rn<\/span>"},"content":{"rendered":"<h2>Saknar du id\u00e9er f\u00f6r en present till din \u00e4lskade? <\/h2><p>Petal Whim\u2122 har ett svar. Faktum \u00e4r att hon erbjuder dig sin lilla <strong>evigt rosa<\/strong>med en liten teddybj\u00f6rn vid sin sida. Allt t\u00e4ckt av en klocka, toppad av ett litet hj\u00e4rta, med en vacker bl\u00e5 flott\u00f6r.  <br><br>F\u00e4rgen p\u00e5 den <strong>evig ros<\/strong> \u00e4r bl\u00e5, vilket ger en dr\u00f6msk inramning. Och med sin bl\u00e5 nallebj\u00f6rn ger den en s\u00f6t sida till rosen. <br><br>Detta <strong>evig ros<\/strong> \u00e4r verkligen en underbar present att ge till ett br\u00f6llop, eftersom den ger en underbar, sagolik touch. <\/p><p> <\/p>","protected":false},"excerpt":{"rendered":"Saknar du id\u00e9er f\u00f6r en present till din \u00e4lskade? Petal Whim\u2122 har ett svar. Faktum \u00e4r att hon erbjuder dig sin Small eternal pink, med en liten nallebj\u00f6rn vid sin sida. Allt t\u00e4ckt av en klocka, toppad av ett litet hj\u00e4rta, med en vacker bl\u00e5 flott\u00f6r. Den eviga rosens f\u00e4rg \u00e4r bl\u00e5, vilket [...]","protected":false},"featured_media":90,"template":"","meta":[],"product_brand":[],"product_cat":[15,36,21,35],"product_tag":[34],"class_list":{"0":"post-91","1":"product","2":"type-product","3":"status-publish","4":"has-post-thumbnail","6":"product_cat-all-products","7":"product_cat-best-sellers","8":"product_cat-blue-forever-rose","9":"product_cat-small-forever-rose","10":"product_tag-small-rose-in-glass","12":"first","13":"outofstock","14":"shipping-taxable","15":"purchasable","16":"product-type-simple"},"yoast_head":"<!-- This site is optimized with the Yoast SEO plugin v25.9 - https:\/\/yoast.com\/wordpress\/plugins\/seo\/ -->\n<title>Small Eternal Rose Blue Teddy Bear | Sverige Florist<\/title>\n<meta name=\"description\" content=\"Celebrate everlasting love with our Small Eternal Rose Blue Teddy Bear .\ud83c\udf39Symbolize your endless affection. Shop now and get a free...\" \/>\n<meta name=\"robots\" content=\"index, follow, max-snippet:-1, max-image-preview:large, max-video-preview:-1\" \/>\n<link rel=\"canonical\" href=\"https:\/\/petalwhim.com\/sv\/p\/bla-teddybjorn-evig-ros\/\" \/>\n<meta property=\"og:locale\" content=\"sv_SE\" \/>\n<meta property=\"og:type\" content=\"article\" \/>\n<meta property=\"og:title\" content=\"Small Eternal Rose Blue Teddy Bear | Sverige Florist\" \/>\n<meta property=\"og:description\" content=\"Celebrate everlasting love with our Small Eternal Rose Blue Teddy Bear .\ud83c\udf39Symbolize your endless affection. Shop now and get a free...\" \/>\n<meta property=\"og:url\" content=\"https:\/\/petalwhim.com\/sv\/p\/bla-teddybjorn-evig-ros\/\" \/>\n<meta property=\"og:site_name\" content=\"Petal Whim\u2122\" \/>\n<meta property=\"article:modified_time\" content=\"2025-10-15T04:20:57+00:00\" \/>\n<meta property=\"og:image\" content=\"https:\/\/petalwhim.com\/wp-content\/uploads\/2024\/04\/product-image-1594224962.jpg\" \/>\n\t<meta property=\"og:image:width\" content=\"640\" \/>\n\t<meta property=\"og:image:height\" content=\"640\" \/>\n\t<meta property=\"og:image:type\" content=\"image\/jpeg\" \/>\n<meta name=\"twitter:card\" content=\"summary_large_image\" \/>\n<meta name=\"twitter:label1\" content=\"Ber\u00e4knad l\u00e4stid\" \/>\n\t<meta name=\"twitter:data1\" content=\"1 minut\" \/>\n<script type=\"application\/ld+json\" class=\"yoast-schema-graph\">{\"@context\":\"https:\/\/schema.org\",\"@graph\":[{\"@type\":\"WebPage\",\"@id\":\"https:\/\/petalwhim.com\/p\/blue-teddy-bear-eternal-rose\/\",\"url\":\"https:\/\/petalwhim.com\/p\/blue-teddy-bear-eternal-rose\/\",\"name\":\"Small Eternal Rose Blue Teddy Bear | Sverige Florist\",\"isPartOf\":{\"@id\":\"https:\/\/petalwhim.com\/#website\"},\"primaryImageOfPage\":{\"@id\":\"https:\/\/petalwhim.com\/p\/blue-teddy-bear-eternal-rose\/#primaryimage\"},\"image\":{\"@id\":\"https:\/\/petalwhim.com\/p\/blue-teddy-bear-eternal-rose\/#primaryimage\"},\"thumbnailUrl\":\"https:\/\/petalwhim.com\/wp-content\/uploads\/2024\/04\/product-image-1594224962.jpg\",\"datePublished\":\"2024-04-19T04:57:07+00:00\",\"dateModified\":\"2025-10-15T04:20:57+00:00\",\"description\":\"Celebrate everlasting love with our Small Eternal Rose Blue Teddy Bear .\ud83c\udf39Symbolize your endless affection. Shop now and get a free...\",\"breadcrumb\":{\"@id\":\"https:\/\/petalwhim.com\/p\/blue-teddy-bear-eternal-rose\/#breadcrumb\"},\"inLanguage\":\"sv-SE\",\"potentialAction\":[{\"@type\":\"ReadAction\",\"target\":[\"https:\/\/petalwhim.com\/p\/blue-teddy-bear-eternal-rose\/\"]}]},{\"@type\":\"ImageObject\",\"inLanguage\":\"sv-SE\",\"@id\":\"https:\/\/petalwhim.com\/p\/blue-teddy-bear-eternal-rose\/#primaryimage\",\"url\":\"https:\/\/petalwhim.com\/wp-content\/uploads\/2024\/04\/product-image-1594224962.jpg\",\"contentUrl\":\"https:\/\/petalwhim.com\/wp-content\/uploads\/2024\/04\/product-image-1594224962.jpg\",\"width\":640,\"height\":640,\"caption\":\"Small Eternal Rose Blue Teddy Bear\"},{\"@type\":\"BreadcrumbList\",\"@id\":\"https:\/\/petalwhim.com\/p\/blue-teddy-bear-eternal-rose\/#breadcrumb\",\"itemListElement\":[{\"@type\":\"ListItem\",\"position\":1,\"name\":\"Home\",\"item\":\"https:\/\/petalwhim.com\/\"},{\"@type\":\"ListItem\",\"position\":2,\"name\":\"Shop\",\"item\":\"https:\/\/petalwhim.com\/shop\/\"},{\"@type\":\"ListItem\",\"position\":3,\"name\":\"Small Eternal Rose Blue Teddy Bear\"}]},{\"@type\":\"WebSite\",\"@id\":\"https:\/\/petalwhim.com\/#website\",\"url\":\"https:\/\/petalwhim.com\/\",\"name\":\"Petal Whim\u2122\",\"description\":\"Rose in Glass\",\"publisher\":{\"@id\":\"https:\/\/petalwhim.com\/#organization\"},\"potentialAction\":[{\"@type\":\"SearchAction\",\"target\":{\"@type\":\"EntryPoint\",\"urlTemplate\":\"https:\/\/petalwhim.com\/?s={search_term_string}\"},\"query-input\":{\"@type\":\"PropertyValueSpecification\",\"valueRequired\":true,\"valueName\":\"search_term_string\"}}],\"inLanguage\":\"sv-SE\"},{\"@type\":\"Organization\",\"@id\":\"https:\/\/petalwhim.com\/#organization\",\"name\":\"Petal Whim\",\"alternateName\":\"Rose in Glass\",\"url\":\"https:\/\/petalwhim.com\/\",\"logo\":{\"@type\":\"ImageObject\",\"inLanguage\":\"sv-SE\",\"@id\":\"https:\/\/petalwhim.com\/#\/schema\/logo\/image\/\",\"url\":\"https:\/\/petalwhim.com\/wp-content\/uploads\/2024\/05\/cropped-Petal-Whim-Favicon.png\",\"contentUrl\":\"https:\/\/petalwhim.com\/wp-content\/uploads\/2024\/05\/cropped-Petal-Whim-Favicon.png\",\"width\":512,\"height\":512,\"caption\":\"Petal Whim\"},\"image\":{\"@id\":\"https:\/\/petalwhim.com\/#\/schema\/logo\/image\/\"}}]}<\/script>\n<!-- \/ Yoast SEO plugin. -->","yoast_head_json":{"title":"Liten evig ros bl\u00e5 nallebj\u00f6rn | Sverige Florist","description":"Fira evig k\u00e4rlek med v\u00e5r Small Eternal Rose Blue Teddy Bear .\ud83c\udf39Symbolisera din o\u00e4ndliga tillgivenhet. Handla nu och f\u00e5 en gratis...","robots":{"index":"index","follow":"follow","max-snippet":"max-snippet:-1","max-image-preview":"max-image-preview:large","max-video-preview":"max-video-preview:-1"},"canonical":"https:\/\/petalwhim.com\/sv\/p\/bla-teddybjorn-evig-ros\/","og_locale":"sv_SE","og_type":"article","og_title":"Small Eternal Rose Blue Teddy Bear | Sverige Florist","og_description":"Celebrate everlasting love with our Small Eternal Rose Blue Teddy Bear .\ud83c\udf39Symbolize your endless affection. Shop now and get a free...","og_url":"https:\/\/petalwhim.com\/sv\/p\/bla-teddybjorn-evig-ros\/","og_site_name":"Petal Whim\u2122","article_modified_time":"2025-10-15T04:20:57+00:00","og_image":[{"width":640,"height":640,"url":"https:\/\/petalwhim.com\/wp-content\/uploads\/2024\/04\/product-image-1594224962.jpg","type":"image\/jpeg"}],"twitter_card":"summary_large_image","twitter_misc":{"Ber\u00e4knad l\u00e4stid":"1 minut"},"schema":{"@context":"https:\/\/schema.org","@graph":[{"@type":"WebPage","@id":"https:\/\/petalwhim.com\/p\/blue-teddy-bear-eternal-rose\/","url":"https:\/\/petalwhim.com\/p\/blue-teddy-bear-eternal-rose\/","name":"Liten evig ros bl\u00e5 nallebj\u00f6rn | Sverige Florist","isPartOf":{"@id":"https:\/\/petalwhim.com\/#website"},"primaryImageOfPage":{"@id":"https:\/\/petalwhim.com\/p\/blue-teddy-bear-eternal-rose\/#primaryimage"},"image":{"@id":"https:\/\/petalwhim.com\/p\/blue-teddy-bear-eternal-rose\/#primaryimage"},"thumbnailUrl":"https:\/\/petalwhim.com\/wp-content\/uploads\/2024\/04\/product-image-1594224962.jpg","datePublished":"2024-04-19T04:57:07+00:00","dateModified":"2025-10-15T04:20:57+00:00","description":"Fira evig k\u00e4rlek med v\u00e5r Small Eternal Rose Blue Teddy Bear .\ud83c\udf39Symbolisera din o\u00e4ndliga tillgivenhet. Handla nu och f\u00e5 en gratis...","breadcrumb":{"@id":"https:\/\/petalwhim.com\/p\/blue-teddy-bear-eternal-rose\/#breadcrumb"},"inLanguage":"sv-SE","potentialAction":[{"@type":"ReadAction","target":["https:\/\/petalwhim.com\/p\/blue-teddy-bear-eternal-rose\/"]}]},{"@type":"ImageObject","inLanguage":"sv-SE","@id":"https:\/\/petalwhim.com\/p\/blue-teddy-bear-eternal-rose\/#primaryimage","url":"https:\/\/petalwhim.com\/wp-content\/uploads\/2024\/04\/product-image-1594224962.jpg","contentUrl":"https:\/\/petalwhim.com\/wp-content\/uploads\/2024\/04\/product-image-1594224962.jpg","width":640,"height":640,"caption":"Small Eternal Rose Blue Teddy Bear"},{"@type":"BreadcrumbList","@id":"https:\/\/petalwhim.com\/p\/blue-teddy-bear-eternal-rose\/#breadcrumb","itemListElement":[{"@type":"ListItem","position":1,"name":"Home","item":"https:\/\/petalwhim.com\/"},{"@type":"ListItem","position":2,"name":"Shop","item":"https:\/\/petalwhim.com\/shop\/"},{"@type":"ListItem","position":3,"name":"Small Eternal Rose Blue Teddy Bear"}]},{"@type":"WebSite","@id":"https:\/\/petalwhim.com\/#website","url":"https:\/\/petalwhim.com\/","name":"Petal Whim\u2122","description":"Ros i glas","publisher":{"@id":"https:\/\/petalwhim.com\/#organization"},"potentialAction":[{"@type":"SearchAction","target":{"@type":"EntryPoint","urlTemplate":"https:\/\/petalwhim.com\/?s={search_term_string}"},"query-input":{"@type":"PropertyValueSpecification","valueRequired":true,"valueName":"search_term_string"}}],"inLanguage":"sv-SE"},{"@type":"Organization","@id":"https:\/\/petalwhim.com\/#organization","name":"Petal Whim","alternateName":"Rose in Glass","url":"https:\/\/petalwhim.com\/","logo":{"@type":"ImageObject","inLanguage":"sv-SE","@id":"https:\/\/petalwhim.com\/#\/schema\/logo\/image\/","url":"https:\/\/petalwhim.com\/wp-content\/uploads\/2024\/05\/cropped-Petal-Whim-Favicon.png","contentUrl":"https:\/\/petalwhim.com\/wp-content\/uploads\/2024\/05\/cropped-Petal-Whim-Favicon.png","width":512,"height":512,"caption":"Petal Whim"},"image":{"@id":"https:\/\/petalwhim.com\/#\/schema\/logo\/image\/"}}]}},"_links":{"self":[{"href":"https:\/\/petalwhim.com\/sv\/wp-json\/wp\/v2\/product\/91","targetHints":{"allow":["GET"]}}],"collection":[{"href":"https:\/\/petalwhim.com\/sv\/wp-json\/wp\/v2\/product"}],"about":[{"href":"https:\/\/petalwhim.com\/sv\/wp-json\/wp\/v2\/types\/product"}],"wp:featuredmedia":[{"embeddable":true,"href":"https:\/\/petalwhim.com\/sv\/wp-json\/wp\/v2\/media\/90"}],"wp:attachment":[{"href":"https:\/\/petalwhim.com\/sv\/wp-json\/wp\/v2\/media?parent=91"}],"wp:term":[{"taxonomy":"product_brand","embeddable":true,"href":"https:\/\/petalwhim.com\/sv\/wp-json\/wp\/v2\/product_brand?post=91"},{"taxonomy":"product_cat","embeddable":true,"href":"https:\/\/petalwhim.com\/sv\/wp-json\/wp\/v2\/product_cat?post=91"},{"taxonomy":"product_tag","embeddable":true,"href":"https:\/\/petalwhim.com\/sv\/wp-json\/wp\/v2\/product_tag?post=91"}],"curies":[{"name":"wp","href":"https:\/\/api.w.org\/{rel}","templated":true}]}}