{"id":353,"date":"2024-04-29T01:31:24","date_gmt":"2024-04-29T01:31:24","guid":{"rendered":"https:\/\/petalwhim.com\/p\/flower-bear-pink-petal\/"},"modified":"2025-07-25T05:16:00","modified_gmt":"2025-07-25T05:16:00","slug":"blomma-bjorn-rosa-kronblad","status":"publish","type":"product","link":"https:\/\/petalwhim.com\/sv\/p\/blomma-bjorn-rosa-kronblad\/","title":{"rendered":"<span>Blomma Bj\u00f6rn <\/span><span class=\"product-title-custom\">Pink Petal<\/span>"},"content":{"rendered":"<h2>Nallebj\u00f6rnen Rose: Den ursprungliga presenten f\u00f6r att uttrycka djupa k\u00e4nslor till en \u00e4lskad<\/h2> <p><br \/>Denna magnifika teddybj\u00f6rn \u00e4r tillverkad av <strong>syntetiska eviga rosor<\/strong>. Den \u00e4r en symbol f\u00f6r \u00f6mhet och gos och dess mjukhet kommer att tr\u00f6sta dig som en plyschleksak fr\u00e5n din barndom. <br \/><br \/>Med sin originalitet och symbolik kommer den rosa nallebj\u00f6rnen att ber\u00f6ra <strong>hj\u00e4rta<\/strong> till den person du ger den till. Denna g\u00e5va \u00e4r l\u00e4mplig f\u00f6r en n\u00e4ra anh\u00f6rig, ett barn eller en n\u00e4ra v\u00e4n.<br \/><br \/>Dess rosa f\u00e4rg f\u00f6rkroppsligar romantik och <strong>\u00f6dmjukhet<\/strong>. Enligt blommans spr\u00e5k har den rosa rosen en speciell betydelse. Den f\u00f6rmedlar faktiskt ett k\u00e4rleksfullt budskap fyllt med <strong>lycka<\/strong>.<\/p>","protected":false},"excerpt":{"rendered":"<ul> <li><strong>Teddy composed<\/strong> av 550 eviga rosor och ett svart satinband<\/li> <li>Storlek p\u00e5 denna teddybj\u00f6rn: 40 cm<\/li> <li>Handgjord i v\u00e5r verkstad<\/li> <\/ul>","protected":false},"featured_media":352,"template":"","meta":[],"product_brand":[],"product_cat":[15,32],"product_tag":[],"class_list":{"0":"post-353","1":"product","2":"type-product","3":"status-publish","4":"has-post-thumbnail","6":"product_cat-all-products","7":"product_cat-flower-bear","9":"first","10":"instock","11":"sale","12":"shipping-taxable","13":"purchasable","14":"product-type-simple"},"yoast_head":"<!-- This site is optimized with the Yoast SEO plugin v25.9 - https:\/\/yoast.com\/wordpress\/plugins\/seo\/ -->\n<title>Flower Bear Pink Petal | Sverige Florist<\/title>\n<meta name=\"description\" content=\"Celebrate everlasting love with our Flower Bear Pink Petal .\ud83c\udf39Symbolize your endless affection. Shop now and get a free...\" \/>\n<meta name=\"robots\" content=\"index, follow, max-snippet:-1, max-image-preview:large, max-video-preview:-1\" \/>\n<link rel=\"canonical\" href=\"https:\/\/petalwhim.com\/sv\/p\/blomma-bjorn-rosa-kronblad\/\" \/>\n<meta property=\"og:locale\" content=\"sv_SE\" \/>\n<meta property=\"og:type\" content=\"article\" \/>\n<meta property=\"og:title\" content=\"Flower Bear Pink Petal | Sverige Florist\" \/>\n<meta property=\"og:description\" content=\"Celebrate everlasting love with our Flower Bear Pink Petal .\ud83c\udf39Symbolize your endless affection. Shop now and get a free...\" \/>\n<meta property=\"og:url\" content=\"https:\/\/petalwhim.com\/sv\/p\/blomma-bjorn-rosa-kronblad\/\" \/>\n<meta property=\"og:site_name\" content=\"Petal Whim\u2122\" \/>\n<meta property=\"article:modified_time\" content=\"2025-07-25T05:16:00+00:00\" \/>\n<meta property=\"og:image\" content=\"https:\/\/petalwhim.com\/wp-content\/uploads\/2024\/04\/ours-de-rose_600x_2edf6b16-fc38-4f39-8e7d-81ad5cc161ad_2000x.jpg\" \/>\n\t<meta property=\"og:image:width\" content=\"600\" \/>\n\t<meta property=\"og:image:height\" content=\"600\" \/>\n\t<meta property=\"og:image:type\" content=\"image\/jpeg\" \/>\n<meta name=\"twitter:card\" content=\"summary_large_image\" \/>\n<meta name=\"twitter:label1\" content=\"Ber\u00e4knad l\u00e4stid\" \/>\n\t<meta name=\"twitter:data1\" content=\"1 minut\" \/>\n<script type=\"application\/ld+json\" class=\"yoast-schema-graph\">{\"@context\":\"https:\/\/schema.org\",\"@graph\":[{\"@type\":\"WebPage\",\"@id\":\"https:\/\/petalwhim.com\/p\/flower-bear-pink-petal\/\",\"url\":\"https:\/\/petalwhim.com\/p\/flower-bear-pink-petal\/\",\"name\":\"Flower Bear Pink Petal | Sverige Florist\",\"isPartOf\":{\"@id\":\"https:\/\/petalwhim.com\/#website\"},\"primaryImageOfPage\":{\"@id\":\"https:\/\/petalwhim.com\/p\/flower-bear-pink-petal\/#primaryimage\"},\"image\":{\"@id\":\"https:\/\/petalwhim.com\/p\/flower-bear-pink-petal\/#primaryimage\"},\"thumbnailUrl\":\"https:\/\/petalwhim.com\/wp-content\/uploads\/2024\/04\/ours-de-rose_600x_2edf6b16-fc38-4f39-8e7d-81ad5cc161ad_2000x.jpg\",\"datePublished\":\"2024-04-29T01:31:24+00:00\",\"dateModified\":\"2025-07-25T05:16:00+00:00\",\"description\":\"Celebrate everlasting love with our Flower Bear Pink Petal .\ud83c\udf39Symbolize your endless affection. Shop now and get a free...\",\"breadcrumb\":{\"@id\":\"https:\/\/petalwhim.com\/p\/flower-bear-pink-petal\/#breadcrumb\"},\"inLanguage\":\"sv-SE\",\"potentialAction\":[{\"@type\":\"ReadAction\",\"target\":[\"https:\/\/petalwhim.com\/p\/flower-bear-pink-petal\/\"]}]},{\"@type\":\"ImageObject\",\"inLanguage\":\"sv-SE\",\"@id\":\"https:\/\/petalwhim.com\/p\/flower-bear-pink-petal\/#primaryimage\",\"url\":\"https:\/\/petalwhim.com\/wp-content\/uploads\/2024\/04\/ours-de-rose_600x_2edf6b16-fc38-4f39-8e7d-81ad5cc161ad_2000x.jpg\",\"contentUrl\":\"https:\/\/petalwhim.com\/wp-content\/uploads\/2024\/04\/ours-de-rose_600x_2edf6b16-fc38-4f39-8e7d-81ad5cc161ad_2000x.jpg\",\"width\":600,\"height\":600,\"caption\":\"Flower Bear Pink Petal\"},{\"@type\":\"BreadcrumbList\",\"@id\":\"https:\/\/petalwhim.com\/p\/flower-bear-pink-petal\/#breadcrumb\",\"itemListElement\":[{\"@type\":\"ListItem\",\"position\":1,\"name\":\"Home\",\"item\":\"https:\/\/petalwhim.com\/\"},{\"@type\":\"ListItem\",\"position\":2,\"name\":\"Shop\",\"item\":\"https:\/\/petalwhim.com\/shop\/\"},{\"@type\":\"ListItem\",\"position\":3,\"name\":\"Flower Bear Pink Petal\"}]},{\"@type\":\"WebSite\",\"@id\":\"https:\/\/petalwhim.com\/#website\",\"url\":\"https:\/\/petalwhim.com\/\",\"name\":\"Petal Whim\u2122\",\"description\":\"Rose in Glass\",\"publisher\":{\"@id\":\"https:\/\/petalwhim.com\/#organization\"},\"potentialAction\":[{\"@type\":\"SearchAction\",\"target\":{\"@type\":\"EntryPoint\",\"urlTemplate\":\"https:\/\/petalwhim.com\/?s={search_term_string}\"},\"query-input\":{\"@type\":\"PropertyValueSpecification\",\"valueRequired\":true,\"valueName\":\"search_term_string\"}}],\"inLanguage\":\"sv-SE\"},{\"@type\":\"Organization\",\"@id\":\"https:\/\/petalwhim.com\/#organization\",\"name\":\"Petal Whim\",\"alternateName\":\"Rose in Glass\",\"url\":\"https:\/\/petalwhim.com\/\",\"logo\":{\"@type\":\"ImageObject\",\"inLanguage\":\"sv-SE\",\"@id\":\"https:\/\/petalwhim.com\/#\/schema\/logo\/image\/\",\"url\":\"https:\/\/petalwhim.com\/wp-content\/uploads\/2024\/05\/cropped-Petal-Whim-Favicon.png\",\"contentUrl\":\"https:\/\/petalwhim.com\/wp-content\/uploads\/2024\/05\/cropped-Petal-Whim-Favicon.png\",\"width\":512,\"height\":512,\"caption\":\"Petal Whim\"},\"image\":{\"@id\":\"https:\/\/petalwhim.com\/#\/schema\/logo\/image\/\"}}]}<\/script>\n<!-- \/ Yoast SEO plugin. -->","yoast_head_json":{"title":"Blomsterbj\u00f6rn Pink Petal | Sverige Florist","description":"Fira evig k\u00e4rlek med v\u00e5r Flower Bear Pink Petal .\ud83c\udf39Symbolisera din o\u00e4ndliga tillgivenhet. Handla nu och f\u00e5 en gratis...","robots":{"index":"index","follow":"follow","max-snippet":"max-snippet:-1","max-image-preview":"max-image-preview:large","max-video-preview":"max-video-preview:-1"},"canonical":"https:\/\/petalwhim.com\/sv\/p\/blomma-bjorn-rosa-kronblad\/","og_locale":"sv_SE","og_type":"article","og_title":"Flower Bear Pink Petal | Sverige Florist","og_description":"Celebrate everlasting love with our Flower Bear Pink Petal .\ud83c\udf39Symbolize your endless affection. Shop now and get a free...","og_url":"https:\/\/petalwhim.com\/sv\/p\/blomma-bjorn-rosa-kronblad\/","og_site_name":"Petal Whim\u2122","article_modified_time":"2025-07-25T05:16:00+00:00","og_image":[{"width":600,"height":600,"url":"https:\/\/petalwhim.com\/wp-content\/uploads\/2024\/04\/ours-de-rose_600x_2edf6b16-fc38-4f39-8e7d-81ad5cc161ad_2000x.jpg","type":"image\/jpeg"}],"twitter_card":"summary_large_image","twitter_misc":{"Ber\u00e4knad l\u00e4stid":"1 minut"},"schema":{"@context":"https:\/\/schema.org","@graph":[{"@type":"WebPage","@id":"https:\/\/petalwhim.com\/p\/flower-bear-pink-petal\/","url":"https:\/\/petalwhim.com\/p\/flower-bear-pink-petal\/","name":"Blomsterbj\u00f6rn Pink Petal | Sverige Florist","isPartOf":{"@id":"https:\/\/petalwhim.com\/#website"},"primaryImageOfPage":{"@id":"https:\/\/petalwhim.com\/p\/flower-bear-pink-petal\/#primaryimage"},"image":{"@id":"https:\/\/petalwhim.com\/p\/flower-bear-pink-petal\/#primaryimage"},"thumbnailUrl":"https:\/\/petalwhim.com\/wp-content\/uploads\/2024\/04\/ours-de-rose_600x_2edf6b16-fc38-4f39-8e7d-81ad5cc161ad_2000x.jpg","datePublished":"2024-04-29T01:31:24+00:00","dateModified":"2025-07-25T05:16:00+00:00","description":"Fira evig k\u00e4rlek med v\u00e5r Flower Bear Pink Petal .\ud83c\udf39Symbolisera din o\u00e4ndliga tillgivenhet. Handla nu och f\u00e5 en gratis...","breadcrumb":{"@id":"https:\/\/petalwhim.com\/p\/flower-bear-pink-petal\/#breadcrumb"},"inLanguage":"sv-SE","potentialAction":[{"@type":"ReadAction","target":["https:\/\/petalwhim.com\/p\/flower-bear-pink-petal\/"]}]},{"@type":"ImageObject","inLanguage":"sv-SE","@id":"https:\/\/petalwhim.com\/p\/flower-bear-pink-petal\/#primaryimage","url":"https:\/\/petalwhim.com\/wp-content\/uploads\/2024\/04\/ours-de-rose_600x_2edf6b16-fc38-4f39-8e7d-81ad5cc161ad_2000x.jpg","contentUrl":"https:\/\/petalwhim.com\/wp-content\/uploads\/2024\/04\/ours-de-rose_600x_2edf6b16-fc38-4f39-8e7d-81ad5cc161ad_2000x.jpg","width":600,"height":600,"caption":"Flower Bear Pink Petal"},{"@type":"BreadcrumbList","@id":"https:\/\/petalwhim.com\/p\/flower-bear-pink-petal\/#breadcrumb","itemListElement":[{"@type":"ListItem","position":1,"name":"Home","item":"https:\/\/petalwhim.com\/"},{"@type":"ListItem","position":2,"name":"Shop","item":"https:\/\/petalwhim.com\/shop\/"},{"@type":"ListItem","position":3,"name":"Flower Bear Pink Petal"}]},{"@type":"WebSite","@id":"https:\/\/petalwhim.com\/#website","url":"https:\/\/petalwhim.com\/","name":"Petal Whim\u2122","description":"Ros i glas","publisher":{"@id":"https:\/\/petalwhim.com\/#organization"},"potentialAction":[{"@type":"SearchAction","target":{"@type":"EntryPoint","urlTemplate":"https:\/\/petalwhim.com\/?s={search_term_string}"},"query-input":{"@type":"PropertyValueSpecification","valueRequired":true,"valueName":"search_term_string"}}],"inLanguage":"sv-SE"},{"@type":"Organization","@id":"https:\/\/petalwhim.com\/#organization","name":"Petal Whim","alternateName":"Rose in Glass","url":"https:\/\/petalwhim.com\/","logo":{"@type":"ImageObject","inLanguage":"sv-SE","@id":"https:\/\/petalwhim.com\/#\/schema\/logo\/image\/","url":"https:\/\/petalwhim.com\/wp-content\/uploads\/2024\/05\/cropped-Petal-Whim-Favicon.png","contentUrl":"https:\/\/petalwhim.com\/wp-content\/uploads\/2024\/05\/cropped-Petal-Whim-Favicon.png","width":512,"height":512,"caption":"Petal Whim"},"image":{"@id":"https:\/\/petalwhim.com\/#\/schema\/logo\/image\/"}}]}},"_links":{"self":[{"href":"https:\/\/petalwhim.com\/sv\/wp-json\/wp\/v2\/product\/353","targetHints":{"allow":["GET"]}}],"collection":[{"href":"https:\/\/petalwhim.com\/sv\/wp-json\/wp\/v2\/product"}],"about":[{"href":"https:\/\/petalwhim.com\/sv\/wp-json\/wp\/v2\/types\/product"}],"wp:featuredmedia":[{"embeddable":true,"href":"https:\/\/petalwhim.com\/sv\/wp-json\/wp\/v2\/media\/352"}],"wp:attachment":[{"href":"https:\/\/petalwhim.com\/sv\/wp-json\/wp\/v2\/media?parent=353"}],"wp:term":[{"taxonomy":"product_brand","embeddable":true,"href":"https:\/\/petalwhim.com\/sv\/wp-json\/wp\/v2\/product_brand?post=353"},{"taxonomy":"product_cat","embeddable":true,"href":"https:\/\/petalwhim.com\/sv\/wp-json\/wp\/v2\/product_cat?post=353"},{"taxonomy":"product_tag","embeddable":true,"href":"https:\/\/petalwhim.com\/sv\/wp-json\/wp\/v2\/product_tag?post=353"}],"curies":[{"name":"wp","href":"https:\/\/api.w.org\/{rel}","templated":true}]}}