{"id":247,"date":"2024-04-19T05:02:33","date_gmt":"2024-04-19T05:02:33","guid":{"rendered":"https:\/\/petalwhim.com\/p\/gold-rose\/"},"modified":"2025-07-25T05:16:01","modified_gmt":"2025-07-25T05:16:01","slug":"guldfargad-ros","status":"publish","type":"product","link":"https:\/\/petalwhim.com\/sv\/p\/guldfargad-ros\/","title":{"rendered":"<span>Eternal Rose <\/span><span class=\"product-title-custom\">24 karats guldpl\u00e4terad<\/span>"},"content":{"rendered":"<h2>En evig ros f\u00f6r att symbolisera evig k\u00e4rlek och starka k\u00e4nslor.<\/h2><p>Denna produkt har en 24 karats guldpl\u00e4terad <strong>evig ros.<\/strong>Fr\u00e5n stam till blad till ros - allt \u00e4r gjort av guld.<br>Skrinet har ett ultradesignat stativ samt ett elegant brunt skrin som p\u00e5minner om ett riktigt smyckeskrin. <br><br>Den eviga rosen \u00e4r en <strong>od\u00f6dlig blomma.<\/strong>Denna magiska, lysande ros beh\u00f6ver ingen s\u00e4rskild sk\u00f6tsel. Placerad p\u00e5 nattduksbordet eller i vardagsrummet kommer od\u00f6dligheten hos denna eviga ros att framkalla <strong>minnen och alla typer av k\u00e4nslor varje dag. <\/strong> <br><br>Du kan erbjuda denna vackra ros under klot, f\u00f6r <strong>s\u00e4rskilda tillf\u00e4llen<\/strong> s\u00e5som Alla hj\u00e4rtans dag, en \u00e5rsdag eller helt enkelt f\u00f6r att uttrycka brinnande k\u00e4rlek.<\/p>","protected":false},"excerpt":{"rendered":"<ul style=\"text-align: center;list-style-position: inside;\">\r\n<li>\ud83d\udc51 Rosa doppad i 24k guld<\/li>\r\n<li>\ud83c\udf39 Tillverkad av en riktig ros<\/li>\r\n<li>Briljant och glansig finish.<\/li>\r\n<\/ul>","protected":false},"featured_media":246,"template":"","meta":[],"product_brand":[],"product_cat":[15,23],"product_tag":[],"class_list":{"0":"post-247","1":"product","2":"type-product","3":"status-publish","4":"has-post-thumbnail","6":"product_cat-all-products","7":"product_cat-gold-plated-rose","9":"first","10":"outofstock","11":"sale","12":"shipping-taxable","13":"purchasable","14":"product-type-simple"},"yoast_head":"<!-- This site is optimized with the Yoast SEO plugin v25.9 - https:\/\/yoast.com\/wordpress\/plugins\/seo\/ -->\n<title>Eternal Rose 24 Carat Gold Plated | Sverige Florist<\/title>\n<meta name=\"description\" content=\"Celebrate everlasting love with our Eternal Rose 24 Carat Gold Plated .\ud83c\udf39Symbolize your endless affection. Shop now and get a free...\" \/>\n<meta name=\"robots\" content=\"index, follow, max-snippet:-1, max-image-preview:large, max-video-preview:-1\" \/>\n<link rel=\"canonical\" href=\"https:\/\/petalwhim.com\/sv\/p\/guldfargad-ros\/\" \/>\n<meta property=\"og:locale\" content=\"sv_SE\" \/>\n<meta property=\"og:type\" content=\"article\" \/>\n<meta property=\"og:title\" content=\"Eternal Rose 24 Carat Gold Plated | Sverige Florist\" \/>\n<meta property=\"og:description\" content=\"Celebrate everlasting love with our Eternal Rose 24 Carat Gold Plated .\ud83c\udf39Symbolize your endless affection. Shop now and get a free...\" \/>\n<meta property=\"og:url\" content=\"https:\/\/petalwhim.com\/sv\/p\/guldfargad-ros\/\" \/>\n<meta property=\"og:site_name\" content=\"Petal Whim\u2122\" \/>\n<meta property=\"article:modified_time\" content=\"2025-07-25T05:16:01+00:00\" \/>\n<meta property=\"og:image\" content=\"https:\/\/petalwhim.com\/wp-content\/uploads\/2024\/04\/product-image-1488753289.jpg\" \/>\n\t<meta property=\"og:image:width\" content=\"640\" \/>\n\t<meta property=\"og:image:height\" content=\"640\" \/>\n\t<meta property=\"og:image:type\" content=\"image\/jpeg\" \/>\n<meta name=\"twitter:card\" content=\"summary_large_image\" \/>\n<meta name=\"twitter:label1\" content=\"Ber\u00e4knad l\u00e4stid\" \/>\n\t<meta name=\"twitter:data1\" content=\"1 minut\" \/>\n<script type=\"application\/ld+json\" class=\"yoast-schema-graph\">{\"@context\":\"https:\/\/schema.org\",\"@graph\":[{\"@type\":\"WebPage\",\"@id\":\"https:\/\/petalwhim.com\/p\/gold-rose\/\",\"url\":\"https:\/\/petalwhim.com\/p\/gold-rose\/\",\"name\":\"Eternal Rose 24 Carat Gold Plated | Sverige Florist\",\"isPartOf\":{\"@id\":\"https:\/\/petalwhim.com\/#website\"},\"primaryImageOfPage\":{\"@id\":\"https:\/\/petalwhim.com\/p\/gold-rose\/#primaryimage\"},\"image\":{\"@id\":\"https:\/\/petalwhim.com\/p\/gold-rose\/#primaryimage\"},\"thumbnailUrl\":\"https:\/\/petalwhim.com\/wp-content\/uploads\/2024\/04\/product-image-1488753289.jpg\",\"datePublished\":\"2024-04-19T05:02:33+00:00\",\"dateModified\":\"2025-07-25T05:16:01+00:00\",\"description\":\"Celebrate everlasting love with our Eternal Rose 24 Carat Gold Plated .\ud83c\udf39Symbolize your endless affection. Shop now and get a free...\",\"breadcrumb\":{\"@id\":\"https:\/\/petalwhim.com\/p\/gold-rose\/#breadcrumb\"},\"inLanguage\":\"sv-SE\",\"potentialAction\":[{\"@type\":\"ReadAction\",\"target\":[\"https:\/\/petalwhim.com\/p\/gold-rose\/\"]}]},{\"@type\":\"ImageObject\",\"inLanguage\":\"sv-SE\",\"@id\":\"https:\/\/petalwhim.com\/p\/gold-rose\/#primaryimage\",\"url\":\"https:\/\/petalwhim.com\/wp-content\/uploads\/2024\/04\/product-image-1488753289.jpg\",\"contentUrl\":\"https:\/\/petalwhim.com\/wp-content\/uploads\/2024\/04\/product-image-1488753289.jpg\",\"width\":640,\"height\":640,\"caption\":\"Eternal Rose 24 Carat Gold Plated\"},{\"@type\":\"BreadcrumbList\",\"@id\":\"https:\/\/petalwhim.com\/p\/gold-rose\/#breadcrumb\",\"itemListElement\":[{\"@type\":\"ListItem\",\"position\":1,\"name\":\"Home\",\"item\":\"https:\/\/petalwhim.com\/\"},{\"@type\":\"ListItem\",\"position\":2,\"name\":\"Shop\",\"item\":\"https:\/\/petalwhim.com\/shop\/\"},{\"@type\":\"ListItem\",\"position\":3,\"name\":\"Eternal Rose 24 Carat Gold Plated\"}]},{\"@type\":\"WebSite\",\"@id\":\"https:\/\/petalwhim.com\/#website\",\"url\":\"https:\/\/petalwhim.com\/\",\"name\":\"Petal Whim\u2122\",\"description\":\"Rose in Glass\",\"publisher\":{\"@id\":\"https:\/\/petalwhim.com\/#organization\"},\"potentialAction\":[{\"@type\":\"SearchAction\",\"target\":{\"@type\":\"EntryPoint\",\"urlTemplate\":\"https:\/\/petalwhim.com\/?s={search_term_string}\"},\"query-input\":{\"@type\":\"PropertyValueSpecification\",\"valueRequired\":true,\"valueName\":\"search_term_string\"}}],\"inLanguage\":\"sv-SE\"},{\"@type\":\"Organization\",\"@id\":\"https:\/\/petalwhim.com\/#organization\",\"name\":\"Petal Whim\",\"alternateName\":\"Rose in Glass\",\"url\":\"https:\/\/petalwhim.com\/\",\"logo\":{\"@type\":\"ImageObject\",\"inLanguage\":\"sv-SE\",\"@id\":\"https:\/\/petalwhim.com\/#\/schema\/logo\/image\/\",\"url\":\"https:\/\/petalwhim.com\/wp-content\/uploads\/2024\/05\/cropped-Petal-Whim-Favicon.png\",\"contentUrl\":\"https:\/\/petalwhim.com\/wp-content\/uploads\/2024\/05\/cropped-Petal-Whim-Favicon.png\",\"width\":512,\"height\":512,\"caption\":\"Petal Whim\"},\"image\":{\"@id\":\"https:\/\/petalwhim.com\/#\/schema\/logo\/image\/\"}}]}<\/script>\n<!-- \/ Yoast SEO plugin. -->","yoast_head_json":{"title":"Eternal Rose 24 karats guldpl\u00e4terad | Sverige Florist","description":"Fira evig k\u00e4rlek med v\u00e5r Eternal Rose 24 Carat Gold Plated .\ud83c\udf39Symbolisera din o\u00e4ndliga tillgivenhet. Handla nu och f\u00e5 en gratis...","robots":{"index":"index","follow":"follow","max-snippet":"max-snippet:-1","max-image-preview":"max-image-preview:large","max-video-preview":"max-video-preview:-1"},"canonical":"https:\/\/petalwhim.com\/sv\/p\/guldfargad-ros\/","og_locale":"sv_SE","og_type":"article","og_title":"Eternal Rose 24 Carat Gold Plated | Sverige Florist","og_description":"Celebrate everlasting love with our Eternal Rose 24 Carat Gold Plated .\ud83c\udf39Symbolize your endless affection. Shop now and get a free...","og_url":"https:\/\/petalwhim.com\/sv\/p\/guldfargad-ros\/","og_site_name":"Petal Whim\u2122","article_modified_time":"2025-07-25T05:16:01+00:00","og_image":[{"width":640,"height":640,"url":"https:\/\/petalwhim.com\/wp-content\/uploads\/2024\/04\/product-image-1488753289.jpg","type":"image\/jpeg"}],"twitter_card":"summary_large_image","twitter_misc":{"Ber\u00e4knad l\u00e4stid":"1 minut"},"schema":{"@context":"https:\/\/schema.org","@graph":[{"@type":"WebPage","@id":"https:\/\/petalwhim.com\/p\/gold-rose\/","url":"https:\/\/petalwhim.com\/p\/gold-rose\/","name":"Eternal Rose 24 karats guldpl\u00e4terad | Sverige Florist","isPartOf":{"@id":"https:\/\/petalwhim.com\/#website"},"primaryImageOfPage":{"@id":"https:\/\/petalwhim.com\/p\/gold-rose\/#primaryimage"},"image":{"@id":"https:\/\/petalwhim.com\/p\/gold-rose\/#primaryimage"},"thumbnailUrl":"https:\/\/petalwhim.com\/wp-content\/uploads\/2024\/04\/product-image-1488753289.jpg","datePublished":"2024-04-19T05:02:33+00:00","dateModified":"2025-07-25T05:16:01+00:00","description":"Fira evig k\u00e4rlek med v\u00e5r Eternal Rose 24 Carat Gold Plated .\ud83c\udf39Symbolisera din o\u00e4ndliga tillgivenhet. Handla nu och f\u00e5 en gratis...","breadcrumb":{"@id":"https:\/\/petalwhim.com\/p\/gold-rose\/#breadcrumb"},"inLanguage":"sv-SE","potentialAction":[{"@type":"ReadAction","target":["https:\/\/petalwhim.com\/p\/gold-rose\/"]}]},{"@type":"ImageObject","inLanguage":"sv-SE","@id":"https:\/\/petalwhim.com\/p\/gold-rose\/#primaryimage","url":"https:\/\/petalwhim.com\/wp-content\/uploads\/2024\/04\/product-image-1488753289.jpg","contentUrl":"https:\/\/petalwhim.com\/wp-content\/uploads\/2024\/04\/product-image-1488753289.jpg","width":640,"height":640,"caption":"Eternal Rose 24 Carat Gold Plated"},{"@type":"BreadcrumbList","@id":"https:\/\/petalwhim.com\/p\/gold-rose\/#breadcrumb","itemListElement":[{"@type":"ListItem","position":1,"name":"Home","item":"https:\/\/petalwhim.com\/"},{"@type":"ListItem","position":2,"name":"Shop","item":"https:\/\/petalwhim.com\/shop\/"},{"@type":"ListItem","position":3,"name":"Eternal Rose 24 Carat Gold Plated"}]},{"@type":"WebSite","@id":"https:\/\/petalwhim.com\/#website","url":"https:\/\/petalwhim.com\/","name":"Petal Whim\u2122","description":"Ros i glas","publisher":{"@id":"https:\/\/petalwhim.com\/#organization"},"potentialAction":[{"@type":"SearchAction","target":{"@type":"EntryPoint","urlTemplate":"https:\/\/petalwhim.com\/?s={search_term_string}"},"query-input":{"@type":"PropertyValueSpecification","valueRequired":true,"valueName":"search_term_string"}}],"inLanguage":"sv-SE"},{"@type":"Organization","@id":"https:\/\/petalwhim.com\/#organization","name":"Petal Whim","alternateName":"Rose in Glass","url":"https:\/\/petalwhim.com\/","logo":{"@type":"ImageObject","inLanguage":"sv-SE","@id":"https:\/\/petalwhim.com\/#\/schema\/logo\/image\/","url":"https:\/\/petalwhim.com\/wp-content\/uploads\/2024\/05\/cropped-Petal-Whim-Favicon.png","contentUrl":"https:\/\/petalwhim.com\/wp-content\/uploads\/2024\/05\/cropped-Petal-Whim-Favicon.png","width":512,"height":512,"caption":"Petal Whim"},"image":{"@id":"https:\/\/petalwhim.com\/#\/schema\/logo\/image\/"}}]}},"_links":{"self":[{"href":"https:\/\/petalwhim.com\/sv\/wp-json\/wp\/v2\/product\/247","targetHints":{"allow":["GET"]}}],"collection":[{"href":"https:\/\/petalwhim.com\/sv\/wp-json\/wp\/v2\/product"}],"about":[{"href":"https:\/\/petalwhim.com\/sv\/wp-json\/wp\/v2\/types\/product"}],"wp:featuredmedia":[{"embeddable":true,"href":"https:\/\/petalwhim.com\/sv\/wp-json\/wp\/v2\/media\/246"}],"wp:attachment":[{"href":"https:\/\/petalwhim.com\/sv\/wp-json\/wp\/v2\/media?parent=247"}],"wp:term":[{"taxonomy":"product_brand","embeddable":true,"href":"https:\/\/petalwhim.com\/sv\/wp-json\/wp\/v2\/product_brand?post=247"},{"taxonomy":"product_cat","embeddable":true,"href":"https:\/\/petalwhim.com\/sv\/wp-json\/wp\/v2\/product_cat?post=247"},{"taxonomy":"product_tag","embeddable":true,"href":"https:\/\/petalwhim.com\/sv\/wp-json\/wp\/v2\/product_tag?post=247"}],"curies":[{"name":"wp","href":"https:\/\/api.w.org\/{rel}","templated":true}]}}