{"id":24,"date":"2024-04-10T02:26:26","date_gmt":"2024-04-10T02:26:26","guid":{"rendered":"https:\/\/roseinglass.kinsta.cloud\/?page_id=24"},"modified":"2024-06-06T01:04:53","modified_gmt":"2024-06-06T01:04:53","slug":"aterbetalnings-och-returpolicy","status":"publish","type":"page","link":"https:\/\/petalwhim.com\/sv\/aterbetalnings-och-returpolicy\/","title":{"rendered":"Policy f\u00f6r \u00e5terbetalning och returer"},"content":{"rendered":"<h2>Jag skulle vilja <strong>avkastning<\/strong> eller <strong>utbyte*<\/strong> en vara som inte passar mig.<\/h2>\r\n<strong>Steg 1:<\/strong> Om du skulle vilja <strong>avkastning<\/strong> eller <strong>utbyte<\/strong> din artikel (f\u00f6r att f\u00e5 en annan storlek eller f\u00e4rg), se till att du uppfyller f\u00f6ljande villkor:\r\n<ul>\r\n \t<li>Du har 30 dagar p\u00e5 dig fr\u00e5n det att du mottagit ditt paket att returnera det till oss.<\/li>\r\n \t<li>Etiketten m\u00e5ste f\u00e4stas p\u00e5 varan p\u00e5 samma s\u00e4tt som den mottogs.<\/li>\r\n \t<li>Varan m\u00e5ste vara i sin originalf\u00f6rpackning.<\/li>\r\n<\/ul>\r\n<strong>Steg 2:<\/strong> Kontakta oss via e-post p\u00e5 contact@petalwhim.com eller direkt via v\u00e5r kontakt.\r\n\r\nSe till att f\u00f6ljande information visas i ditt e-postmeddelande: din\u00a0<strong>ordernummer<\/strong>, <strong>namnen p\u00e5 de \u00e5terl\u00e4mnade f\u00f6rem\u00e5len<\/strong>samt <strong>vad du vill f\u00e5 ut av \u00e5terl\u00e4mnandet<\/strong> (\u00e5terbetalning, v\u00e4rdebevis eller byte till en annan storlek\/f\u00e4rg).\r\n\r\n<strong>Steg 3:<\/strong>\u00a0Vi kommer att svara dig inom 48 timmar med postadressen att returnera varorna till.\r\n\r\nVar informerad om att\u00a0<strong>returfraktkostnader kvarst\u00e5r p\u00e5 din bekostnad<\/strong>.\r\n\r\n<em>Varorna m\u00e5ste returneras i sitt ursprungliga skick. Varor som har tv\u00e4ttats eller anv\u00e4nts (utan etikett) kan inte returneras eller \u00e5terbetalas.<\/em>\r\n\r\n<strong>Steg 4<\/strong>: Bekr\u00e4fta till oss via e-post att din produkt har skickats och ge oss\u00a0<strong>paketets s\u00e4ndningsnummer<\/strong>.\r\n\r\nDetta g\u00f6r det m\u00f6jligt f\u00f6r oss att betala tullavgifter om n\u00e5gra till\u00e4mpas.\u00a0<strong>Om vi inte har denna information kommer vi inte att kunna betala tullavgifterna och ditt paket kommer att returneras till dig automatiskt<\/strong>.\r\n\r\n<strong>Steg 5:<\/strong> S\u00e5 snart vi f\u00e5r artiklarna kommer de att inspekteras och enligt din beg\u00e4ran vi:\r\n<ul>\r\n \t<li>\u00c5terbetalning av dina varor: du kommer att f\u00e5 ett e-postmeddelande f\u00f6r att bekr\u00e4fta \u00e5terbetalningen av din best\u00e4llning. \u00c5terbetalning mottas vanligtvis inom 5 arbetsdagar<\/li>\r\n \t<li>Byta ut dina varor: Varor kommer att bytas ut av de som anges p\u00e5 ditt returformul\u00e4r, du kommer att f\u00e5 ett e-postmeddelande som bekr\u00e4ftar utbytet samt ett nytt ordernummer.<\/li>\r\n<\/ul>\r\nPetal Whim\u2122 f\u00f6rbeh\u00e5ller sig r\u00e4tten att neka returer som skickats eller kommunicerats efter f\u00f6rsenad retur, eller varor som inte \u00e4r i samma skick som n\u00e4r de mottogs. N\u00e4r returen \u00e4r godk\u00e4nd kommer du att \u00e5terbetalas via <strong>samma betalningsmetod som anv\u00e4ndes f\u00f6r att g\u00f6ra k\u00f6pet<\/strong>. Den maximala \u00e5terbetalningsf\u00f6rdr\u00f6jningen \u00e4r 10 dagar. Observera att f\u00f6rdr\u00f6jningen av \u00e5terbetalningen p\u00e5 ditt bankkonto alltid beror p\u00e5 din bank","protected":false},"excerpt":{"rendered":"Jag skulle vilja returnera eller byta* en vara som inte passar mig. Steg 1: Om du vill returnera eller byta ut din vara (f\u00f6r att f\u00e5 en annan storlek eller f\u00e4rg), se till att du uppfyller f\u00f6ljande villkor: Du har 30 dagar p\u00e5 dig fr\u00e5n det att du mottagit ditt paket att returnera det [...].","protected":false},"author":1,"featured_media":0,"parent":0,"menu_order":0,"comment_status":"closed","ping_status":"closed","template":"page-blank-title-center.php","meta":{"footnotes":""},"class_list":["post-24","page","type-page","status-publish","hentry"],"yoast_head":"<!-- This site is optimized with the Yoast SEO plugin v25.9 - https:\/\/yoast.com\/wordpress\/plugins\/seo\/ -->\n<title>Refund and Returns Policy - Petal Whim\u2122<\/title>\n<meta name=\"robots\" content=\"noindex, follow\" \/>\n<meta property=\"og:locale\" content=\"sv_SE\" \/>\n<meta property=\"og:type\" content=\"article\" \/>\n<meta property=\"og:title\" content=\"Refund and Returns Policy - Petal Whim\u2122\" \/>\n<meta property=\"og:description\" content=\"I would like to return or exchange* an item that does not suit me. Step 1: If you would like to return or exchange your item (to get a different size or color), please make sure that you meet the following conditions: You have 30 days following the reception of your package to return it [...]\" \/>\n<meta property=\"og:url\" content=\"https:\/\/petalwhim.com\/sv\/aterbetalnings-och-returpolicy\/\" \/>\n<meta property=\"og:site_name\" content=\"Petal Whim\u2122\" \/>\n<meta property=\"article:modified_time\" content=\"2024-06-06T01:04:53+00:00\" \/>\n<meta property=\"og:image\" content=\"https:\/\/petalwhim.com\/wp-content\/uploads\/2024\/05\/cropped-Petal-Whim-Favicon.png\" \/>\n\t<meta property=\"og:image:width\" content=\"512\" \/>\n\t<meta property=\"og:image:height\" content=\"512\" \/>\n\t<meta property=\"og:image:type\" content=\"image\/png\" \/>\n<meta name=\"twitter:card\" content=\"summary_large_image\" \/>\n<meta name=\"twitter:label1\" content=\"Ber\u00e4knad l\u00e4stid\" \/>\n\t<meta name=\"twitter:data1\" content=\"2 minuter\" \/>\n<script type=\"application\/ld+json\" class=\"yoast-schema-graph\">{\"@context\":\"https:\/\/schema.org\",\"@graph\":[{\"@type\":\"WebPage\",\"@id\":\"https:\/\/petalwhim.com\/refund-and-returns-policy\/\",\"url\":\"https:\/\/petalwhim.com\/refund-and-returns-policy\/\",\"name\":\"Refund and Returns Policy - Petal Whim\u2122\",\"isPartOf\":{\"@id\":\"https:\/\/petalwhim.com\/#website\"},\"datePublished\":\"2024-04-10T02:26:26+00:00\",\"dateModified\":\"2024-06-06T01:04:53+00:00\",\"breadcrumb\":{\"@id\":\"https:\/\/petalwhim.com\/refund-and-returns-policy\/#breadcrumb\"},\"inLanguage\":\"sv-SE\",\"potentialAction\":[{\"@type\":\"ReadAction\",\"target\":[\"https:\/\/petalwhim.com\/refund-and-returns-policy\/\"]}]},{\"@type\":\"BreadcrumbList\",\"@id\":\"https:\/\/petalwhim.com\/refund-and-returns-policy\/#breadcrumb\",\"itemListElement\":[{\"@type\":\"ListItem\",\"position\":1,\"name\":\"Home\",\"item\":\"https:\/\/petalwhim.com\/\"},{\"@type\":\"ListItem\",\"position\":2,\"name\":\"Refund and Returns Policy\"}]},{\"@type\":\"WebSite\",\"@id\":\"https:\/\/petalwhim.com\/#website\",\"url\":\"https:\/\/petalwhim.com\/\",\"name\":\"Petal Whim\u2122\",\"description\":\"Rose in Glass\",\"publisher\":{\"@id\":\"https:\/\/petalwhim.com\/#organization\"},\"potentialAction\":[{\"@type\":\"SearchAction\",\"target\":{\"@type\":\"EntryPoint\",\"urlTemplate\":\"https:\/\/petalwhim.com\/?s={search_term_string}\"},\"query-input\":{\"@type\":\"PropertyValueSpecification\",\"valueRequired\":true,\"valueName\":\"search_term_string\"}}],\"inLanguage\":\"sv-SE\"},{\"@type\":\"Organization\",\"@id\":\"https:\/\/petalwhim.com\/#organization\",\"name\":\"Petal Whim\",\"alternateName\":\"Rose in Glass\",\"url\":\"https:\/\/petalwhim.com\/\",\"logo\":{\"@type\":\"ImageObject\",\"inLanguage\":\"sv-SE\",\"@id\":\"https:\/\/petalwhim.com\/#\/schema\/logo\/image\/\",\"url\":\"https:\/\/petalwhim.com\/wp-content\/uploads\/2024\/05\/cropped-Petal-Whim-Favicon.png\",\"contentUrl\":\"https:\/\/petalwhim.com\/wp-content\/uploads\/2024\/05\/cropped-Petal-Whim-Favicon.png\",\"width\":512,\"height\":512,\"caption\":\"Petal Whim\"},\"image\":{\"@id\":\"https:\/\/petalwhim.com\/#\/schema\/logo\/image\/\"}}]}<\/script>\n<!-- \/ Yoast SEO plugin. -->","yoast_head_json":{"title":"Policy f\u00f6r \u00e5terbetalning och returer - Petal Whim\u2122","robots":{"index":"noindex","follow":"follow"},"og_locale":"sv_SE","og_type":"article","og_title":"Refund and Returns Policy - Petal Whim\u2122","og_description":"I would like to return or exchange* an item that does not suit me. Step 1: If you would like to return or exchange your item (to get a different size or color), please make sure that you meet the following conditions: You have 30 days following the reception of your package to return it [...]","og_url":"https:\/\/petalwhim.com\/sv\/aterbetalnings-och-returpolicy\/","og_site_name":"Petal Whim\u2122","article_modified_time":"2024-06-06T01:04:53+00:00","og_image":[{"width":512,"height":512,"url":"https:\/\/petalwhim.com\/wp-content\/uploads\/2024\/05\/cropped-Petal-Whim-Favicon.png","type":"image\/png"}],"twitter_card":"summary_large_image","twitter_misc":{"Ber\u00e4knad l\u00e4stid":"2 minuter"},"schema":{"@context":"https:\/\/schema.org","@graph":[{"@type":"WebPage","@id":"https:\/\/petalwhim.com\/refund-and-returns-policy\/","url":"https:\/\/petalwhim.com\/refund-and-returns-policy\/","name":"Policy f\u00f6r \u00e5terbetalning och returer - Petal Whim\u2122","isPartOf":{"@id":"https:\/\/petalwhim.com\/#website"},"datePublished":"2024-04-10T02:26:26+00:00","dateModified":"2024-06-06T01:04:53+00:00","breadcrumb":{"@id":"https:\/\/petalwhim.com\/refund-and-returns-policy\/#breadcrumb"},"inLanguage":"sv-SE","potentialAction":[{"@type":"ReadAction","target":["https:\/\/petalwhim.com\/refund-and-returns-policy\/"]}]},{"@type":"BreadcrumbList","@id":"https:\/\/petalwhim.com\/refund-and-returns-policy\/#breadcrumb","itemListElement":[{"@type":"ListItem","position":1,"name":"Home","item":"https:\/\/petalwhim.com\/"},{"@type":"ListItem","position":2,"name":"Refund and Returns Policy"}]},{"@type":"WebSite","@id":"https:\/\/petalwhim.com\/#website","url":"https:\/\/petalwhim.com\/","name":"Petal Whim\u2122","description":"Ros i glas","publisher":{"@id":"https:\/\/petalwhim.com\/#organization"},"potentialAction":[{"@type":"SearchAction","target":{"@type":"EntryPoint","urlTemplate":"https:\/\/petalwhim.com\/?s={search_term_string}"},"query-input":{"@type":"PropertyValueSpecification","valueRequired":true,"valueName":"search_term_string"}}],"inLanguage":"sv-SE"},{"@type":"Organization","@id":"https:\/\/petalwhim.com\/#organization","name":"Petal Whim","alternateName":"Rose in Glass","url":"https:\/\/petalwhim.com\/","logo":{"@type":"ImageObject","inLanguage":"sv-SE","@id":"https:\/\/petalwhim.com\/#\/schema\/logo\/image\/","url":"https:\/\/petalwhim.com\/wp-content\/uploads\/2024\/05\/cropped-Petal-Whim-Favicon.png","contentUrl":"https:\/\/petalwhim.com\/wp-content\/uploads\/2024\/05\/cropped-Petal-Whim-Favicon.png","width":512,"height":512,"caption":"Petal Whim"},"image":{"@id":"https:\/\/petalwhim.com\/#\/schema\/logo\/image\/"}}]}},"_links":{"self":[{"href":"https:\/\/petalwhim.com\/sv\/wp-json\/wp\/v2\/pages\/24","targetHints":{"allow":["GET"]}}],"collection":[{"href":"https:\/\/petalwhim.com\/sv\/wp-json\/wp\/v2\/pages"}],"about":[{"href":"https:\/\/petalwhim.com\/sv\/wp-json\/wp\/v2\/types\/page"}],"author":[{"embeddable":true,"href":"https:\/\/petalwhim.com\/sv\/wp-json\/wp\/v2\/users\/1"}],"replies":[{"embeddable":true,"href":"https:\/\/petalwhim.com\/sv\/wp-json\/wp\/v2\/comments?post=24"}],"version-history":[{"count":0,"href":"https:\/\/petalwhim.com\/sv\/wp-json\/wp\/v2\/pages\/24\/revisions"}],"wp:attachment":[{"href":"https:\/\/petalwhim.com\/sv\/wp-json\/wp\/v2\/media?parent=24"}],"curies":[{"name":"wp","href":"https:\/\/api.w.org\/{rel}","templated":true}]}}