{"id":23,"date":"2024-04-10T02:26:00","date_gmt":"2024-04-10T02:26:00","guid":{"rendered":"https:\/\/roseinglass.kinsta.cloud\/?page_id=23"},"modified":"2024-04-10T02:26:00","modified_gmt":"2024-04-10T02:26:00","slug":"integritetspolicy-2","status":"publish","type":"page","link":"https:\/\/petalwhim.com\/sv\/integritetspolicy-2\/","title":{"rendered":"Integritetspolicy"},"content":{"rendered":"Denna sekretesspolicy beskriver hur din personliga information samlas in, anv\u00e4nds och delas n\u00e4r du bes\u00f6ker eller g\u00f6r ett k\u00f6p fr\u00e5n petalwhim.com (\"webbplatsen\").\r\n<h2>PERSONLIG INFORMATION SOM VI SAMLAR IN<\/h2>\r\nN\u00e4r du bes\u00f6ker webbplatsen samlar vi automatiskt in viss information om din enhet, inklusive information om din webbl\u00e4sare, IP-adress, tidszon och n\u00e5gra av de cookies som \u00e4r installerade p\u00e5 din enhet. N\u00e4r du surfar p\u00e5 webbplatsen samlar vi dessutom in information om de enskilda webbsidor eller produkter som du tittar p\u00e5, vilka webbplatser eller s\u00f6ktermer som h\u00e4nvisade dig till webbplatsen och information om hur du interagerar med webbplatsen. Vi kallar denna automatiskt insamlade information f\u00f6r \"enhetsinformation\".\r\n\r\nVi samlar in enhetsinformation med hj\u00e4lp av f\u00f6ljande tekniker:\r\n<ul>\r\n \t<li>\"Cookies\" \u00e4r datafiler som placeras p\u00e5 din enhet eller dator och som ofta inneh\u00e5ller en anonym unik identifierare. F\u00f6r mer information om cookies och hur du inaktiverar cookies, bes\u00f6k http:\/\/www.allaboutcookies.org.<\/li>\r\n \t<li>\"Loggfiler\" sp\u00e5rar \u00e5tg\u00e4rder som sker p\u00e5 webbplatsen och samlar in data inklusive din IP-adress, webbl\u00e4sartyp, Internetleverant\u00f6r, h\u00e4nvisnings-\/utg\u00e5ngssidor och datum-\/tidsst\u00e4mplar.<\/li>\r\n \t<li>\"Web beacons\", \"tags\" och \"pixels\" \u00e4r elektroniska filer som anv\u00e4nds f\u00f6r att registrera information om hur du surfar p\u00e5 webbplatsen.<\/li>\r\n<\/ul>\r\nN\u00e4r du g\u00f6r ett k\u00f6p eller f\u00f6rs\u00f6ker g\u00f6ra ett k\u00f6p via webbplatsen samlar vi dessutom in viss information fr\u00e5n dig, inklusive ditt namn, faktureringsadress, leveransadress, betalningsinformation (inklusive kreditkortsnummer ]\r\n\r\nN\u00e4r vi talar om \"personlig information\" i denna sekretesspolicy talar vi b\u00e5de om enhetsinformation och orderinformation.\r\n<h2>HUR ANV\u00c4NDER VI DIN PERSONLIGA INFORMATION?<\/h2>\r\nVi anv\u00e4nder den Orderinformation som vi samlar in i allm\u00e4nhet f\u00f6r att fullg\u00f6ra alla best\u00e4llningar som g\u00f6rs via Webbplatsen (inklusive att behandla din betalningsinformation, ordna med frakt och f\u00f6rse dig med fakturor och\/eller orderbekr\u00e4ftelser). Dessutom anv\u00e4nder vi denna Orderinformation f\u00f6r att:\r\n<ul>\r\n \t<li>Kommunicera med dig;<\/li>\r\n \t<li>granska v\u00e5ra best\u00e4llningar f\u00f6r att uppt\u00e4cka potentiella risker eller bedr\u00e4gerier; och<\/li>\r\n \t<li>I enlighet med de preferenser du har delat med oss, f\u00f6rse dig med information eller reklam som r\u00f6r v\u00e5ra produkter eller tj\u00e4nster.<\/li>\r\n<\/ul>\r\nVi anv\u00e4nder den enhetsinformation som vi samlar in f\u00f6r att hj\u00e4lpa oss att uppt\u00e4cka potentiella risker och bedr\u00e4gerier (i synnerhet din IP-adress) och mer allm\u00e4nt f\u00f6r att f\u00f6rb\u00e4ttra och optimera v\u00e5r webbplats (till exempel genom att generera analyser om hur v\u00e5ra kunder surfar och interagerar med webbplatsen och f\u00f6r att bed\u00f6ma hur framg\u00e5ngsrika v\u00e5ra marknadsf\u00f6rings- och reklamkampanjer \u00e4r).\r\n<h2>DELA DIN PERSONLIGA INFORMATION<\/h2>\r\nVi delar din personliga information med tredje part f\u00f6r att hj\u00e4lpa oss att anv\u00e4nda din personliga information, enligt beskrivningen ovan. Vi anv\u00e4nder till exempel Shopify f\u00f6r att driva v\u00e5r webbutik - du kan l\u00e4sa mer om hur Shopify anv\u00e4nder dina personuppgifter h\u00e4r: https:\/\/www.shopify.com\/legal\/privacy. Vi anv\u00e4nder ocks\u00e5 Google Analytics f\u00f6r att hj\u00e4lpa oss att f\u00f6rst\u00e5 hur v\u00e5ra kunder anv\u00e4nder webbplatsen - du kan l\u00e4sa mer om hur Google anv\u00e4nder dina personuppgifter h\u00e4r: https:\/\/www.google.com\/intl\/en\/policies\/privacy\/. Du kan ocks\u00e5 v\u00e4lja bort Google Analytics h\u00e4r: https:\/\/tools.google.com\/dlpage\/gaoptout.\r\n\r\nSlutligen kan vi ocks\u00e5 dela din personliga information f\u00f6r att f\u00f6lja g\u00e4llande lagar och f\u00f6rordningar, f\u00f6r att svara p\u00e5 en st\u00e4mning, husrannsakan eller annan laglig beg\u00e4ran om information som vi f\u00e5r, eller f\u00f6r att p\u00e5 annat s\u00e4tt skydda v\u00e5ra r\u00e4ttigheter.\r\n<h2>BETEENDEINRIKTAD REKLAM<\/h2>\r\nS\u00e5som beskrivs ovan anv\u00e4nder vi dina personuppgifter f\u00f6r att f\u00f6rse dig med riktade annonser eller marknadsf\u00f6ringskommunikation som vi tror kan vara av intresse f\u00f6r dig. F\u00f6r mer information om hur riktad annonsering fungerar kan du bes\u00f6ka Network Advertising Initiative's (\"NAI\") utbildningssida p\u00e5 http:\/\/www.networkadvertising.org\/understanding-online-advertising\/how-does-it-work.\r\n\r\nDessutom kan du v\u00e4lja bort vissa av dessa tj\u00e4nster genom att bes\u00f6ka Digital Advertising Alliance's opt-out-portal p\u00e5: http:\/\/optout.aboutads.info\/.\r\n<h2>SP\u00c5RAR INTE<\/h2>\r\nObservera att vi inte \u00e4ndrar v\u00e5r webbplats datainsamling och anv\u00e4ndningspraxis n\u00e4r vi ser en Do Not Track-signal fr\u00e5n din webbl\u00e4sare.\r\n<h2>DINA R\u00c4TTIGHETER<\/h2>\r\nOm du \u00e4r bosatt i Europa har du r\u00e4tt att f\u00e5 tillg\u00e5ng till de personuppgifter vi har om dig och att beg\u00e4ra att dina personuppgifter korrigeras, uppdateras eller raderas. Om du vill ut\u00f6va denna r\u00e4ttighet, v\u00e4nligen kontakta oss via kontaktuppgifterna nedan.\r\n\r\nOm du \u00e4r bosatt i Europa noterar vi dessutom att vi behandlar din information f\u00f6r att fullg\u00f6ra avtal som vi kan ha med dig (till exempel om du g\u00f6r en best\u00e4llning via webbplatsen), eller p\u00e5 annat s\u00e4tt f\u00f6r att fullf\u00f6lja v\u00e5ra legitima aff\u00e4rsintressen som anges ovan. Observera dessutom att din information kommer att \u00f6verf\u00f6ras utanf\u00f6r Europa, inklusive till Kanada och USA.\r\n<h2>BEVARANDE AV UPPGIFTER<\/h2>\r\nN\u00e4r du g\u00f6r en best\u00e4llning via webbplatsen kommer vi att beh\u00e5lla din best\u00e4llningsinformation i v\u00e5ra register om inte och tills du ber oss att radera denna information.\r\n<h2>F\u00d6R\u00c4NDRINGAR<\/h2>\r\nVi kan komma att uppdatera denna integritetspolicy fr\u00e5n tid till annan f\u00f6r att till exempel \u00e5terspegla \u00e4ndringar i v\u00e5r praxis eller av andra operativa, juridiska eller regleringsm\u00e4ssiga sk\u00e4l.\r\n<h2>KONTAKTA OSS<\/h2>\r\nF\u00f6r mer information om v\u00e5r integritetspolicy, om du har fr\u00e5gor eller om du vill l\u00e4mna ett klagom\u00e5l, v\u00e4nligen kontakta oss via e-post p\u00e5 contact@petalwhim.com eller via post med hj\u00e4lp av de uppgifter som anges nedan:\r\n\r\nPetal Whim\u2122<br\/>\r\nStockholmsv\u00e4gen 33<br\/>Stockholm 18133<br\/>Sverige<br\/>\r\ncontact@petalwhim.com","protected":false},"excerpt":{"rendered":"Denna sekretesspolicy beskriver hur dina personuppgifter samlas in, anv\u00e4nds och delas n\u00e4r du bes\u00f6ker eller g\u00f6r ett k\u00f6p fr\u00e5n (\"Webbplatsen\"). PERSONLIG INFORMATION SOM VI SAMLAR IN N\u00e4r du bes\u00f6ker webbplatsen samlar vi automatiskt in viss information om din enhet, inklusive information om din webbl\u00e4sare, IP-adress, tidszon och n\u00e5gra av de cookies som [...].","protected":false},"author":1,"featured_media":0,"parent":0,"menu_order":0,"comment_status":"closed","ping_status":"closed","template":"page-blank-title-center.php","meta":{"footnotes":""},"class_list":["post-23","page","type-page","status-publish","hentry"],"yoast_head":"<!-- This site is optimized with the Yoast SEO plugin v25.9 - https:\/\/yoast.com\/wordpress\/plugins\/seo\/ -->\n<title>Privacy Policy - Petal Whim\u2122<\/title>\n<meta name=\"robots\" content=\"noindex, follow\" \/>\n<meta property=\"og:locale\" content=\"sv_SE\" \/>\n<meta property=\"og:type\" content=\"article\" \/>\n<meta property=\"og:title\" content=\"Privacy Policy - Petal Whim\u2122\" \/>\n<meta property=\"og:description\" content=\"This Privacy Policy describes how your personal information is collected, used,and shared when you visit or make a purchase from (the \u201cSite\u201d). PERSONAL INFORMATION WE COLLECT When you visit the Site, we automatically collect certain information about your device, including information about your web browser, IP address, time zone, and some of the cookies that [...]\" \/>\n<meta property=\"og:url\" content=\"https:\/\/petalwhim.com\/sv\/integritetspolicy-2\/\" \/>\n<meta property=\"og:site_name\" content=\"Petal Whim\u2122\" \/>\n<meta property=\"og:image\" content=\"https:\/\/petalwhim.com\/wp-content\/uploads\/2024\/05\/cropped-Petal-Whim-Favicon.png\" \/>\n\t<meta property=\"og:image:width\" content=\"512\" \/>\n\t<meta property=\"og:image:height\" content=\"512\" \/>\n\t<meta property=\"og:image:type\" content=\"image\/png\" \/>\n<meta name=\"twitter:card\" content=\"summary_large_image\" \/>\n<script type=\"application\/ld+json\" class=\"yoast-schema-graph\">{\"@context\":\"https:\/\/schema.org\",\"@graph\":[{\"@type\":\"WebPage\",\"@id\":\"https:\/\/petalwhim.com\/privacy-policy-2\/\",\"url\":\"https:\/\/petalwhim.com\/privacy-policy-2\/\",\"name\":\"Privacy Policy - Petal Whim\u2122\",\"isPartOf\":{\"@id\":\"https:\/\/petalwhim.com\/#website\"},\"datePublished\":\"2024-04-10T02:26:00+00:00\",\"breadcrumb\":{\"@id\":\"https:\/\/petalwhim.com\/privacy-policy-2\/#breadcrumb\"},\"inLanguage\":\"sv-SE\",\"potentialAction\":[{\"@type\":\"ReadAction\",\"target\":[\"https:\/\/petalwhim.com\/privacy-policy-2\/\"]}]},{\"@type\":\"BreadcrumbList\",\"@id\":\"https:\/\/petalwhim.com\/privacy-policy-2\/#breadcrumb\",\"itemListElement\":[{\"@type\":\"ListItem\",\"position\":1,\"name\":\"Home\",\"item\":\"https:\/\/petalwhim.com\/\"},{\"@type\":\"ListItem\",\"position\":2,\"name\":\"Privacy Policy\"}]},{\"@type\":\"WebSite\",\"@id\":\"https:\/\/petalwhim.com\/#website\",\"url\":\"https:\/\/petalwhim.com\/\",\"name\":\"Petal Whim\u2122\",\"description\":\"Rose in Glass\",\"publisher\":{\"@id\":\"https:\/\/petalwhim.com\/#organization\"},\"potentialAction\":[{\"@type\":\"SearchAction\",\"target\":{\"@type\":\"EntryPoint\",\"urlTemplate\":\"https:\/\/petalwhim.com\/?s={search_term_string}\"},\"query-input\":{\"@type\":\"PropertyValueSpecification\",\"valueRequired\":true,\"valueName\":\"search_term_string\"}}],\"inLanguage\":\"sv-SE\"},{\"@type\":\"Organization\",\"@id\":\"https:\/\/petalwhim.com\/#organization\",\"name\":\"Petal Whim\",\"alternateName\":\"Rose in Glass\",\"url\":\"https:\/\/petalwhim.com\/\",\"logo\":{\"@type\":\"ImageObject\",\"inLanguage\":\"sv-SE\",\"@id\":\"https:\/\/petalwhim.com\/#\/schema\/logo\/image\/\",\"url\":\"https:\/\/petalwhim.com\/wp-content\/uploads\/2024\/05\/cropped-Petal-Whim-Favicon.png\",\"contentUrl\":\"https:\/\/petalwhim.com\/wp-content\/uploads\/2024\/05\/cropped-Petal-Whim-Favicon.png\",\"width\":512,\"height\":512,\"caption\":\"Petal Whim\"},\"image\":{\"@id\":\"https:\/\/petalwhim.com\/#\/schema\/logo\/image\/\"}}]}<\/script>\n<!-- \/ Yoast SEO plugin. -->","yoast_head_json":{"title":"Integritetspolicy - Petal Whim\u2122","robots":{"index":"noindex","follow":"follow"},"og_locale":"sv_SE","og_type":"article","og_title":"Privacy Policy - Petal Whim\u2122","og_description":"This Privacy Policy describes how your personal information is collected, used,and shared when you visit or make a purchase from (the \u201cSite\u201d). PERSONAL INFORMATION WE COLLECT When you visit the Site, we automatically collect certain information about your device, including information about your web browser, IP address, time zone, and some of the cookies that [...]","og_url":"https:\/\/petalwhim.com\/sv\/integritetspolicy-2\/","og_site_name":"Petal Whim\u2122","og_image":[{"width":512,"height":512,"url":"https:\/\/petalwhim.com\/wp-content\/uploads\/2024\/05\/cropped-Petal-Whim-Favicon.png","type":"image\/png"}],"twitter_card":"summary_large_image","schema":{"@context":"https:\/\/schema.org","@graph":[{"@type":"WebPage","@id":"https:\/\/petalwhim.com\/privacy-policy-2\/","url":"https:\/\/petalwhim.com\/privacy-policy-2\/","name":"Integritetspolicy - Petal Whim\u2122","isPartOf":{"@id":"https:\/\/petalwhim.com\/#website"},"datePublished":"2024-04-10T02:26:00+00:00","breadcrumb":{"@id":"https:\/\/petalwhim.com\/privacy-policy-2\/#breadcrumb"},"inLanguage":"sv-SE","potentialAction":[{"@type":"ReadAction","target":["https:\/\/petalwhim.com\/privacy-policy-2\/"]}]},{"@type":"BreadcrumbList","@id":"https:\/\/petalwhim.com\/privacy-policy-2\/#breadcrumb","itemListElement":[{"@type":"ListItem","position":1,"name":"Home","item":"https:\/\/petalwhim.com\/"},{"@type":"ListItem","position":2,"name":"Privacy Policy"}]},{"@type":"WebSite","@id":"https:\/\/petalwhim.com\/#website","url":"https:\/\/petalwhim.com\/","name":"Petal Whim\u2122","description":"Ros i glas","publisher":{"@id":"https:\/\/petalwhim.com\/#organization"},"potentialAction":[{"@type":"SearchAction","target":{"@type":"EntryPoint","urlTemplate":"https:\/\/petalwhim.com\/?s={search_term_string}"},"query-input":{"@type":"PropertyValueSpecification","valueRequired":true,"valueName":"search_term_string"}}],"inLanguage":"sv-SE"},{"@type":"Organization","@id":"https:\/\/petalwhim.com\/#organization","name":"Petal Whim","alternateName":"Rose in Glass","url":"https:\/\/petalwhim.com\/","logo":{"@type":"ImageObject","inLanguage":"sv-SE","@id":"https:\/\/petalwhim.com\/#\/schema\/logo\/image\/","url":"https:\/\/petalwhim.com\/wp-content\/uploads\/2024\/05\/cropped-Petal-Whim-Favicon.png","contentUrl":"https:\/\/petalwhim.com\/wp-content\/uploads\/2024\/05\/cropped-Petal-Whim-Favicon.png","width":512,"height":512,"caption":"Petal Whim"},"image":{"@id":"https:\/\/petalwhim.com\/#\/schema\/logo\/image\/"}}]}},"_links":{"self":[{"href":"https:\/\/petalwhim.com\/sv\/wp-json\/wp\/v2\/pages\/23","targetHints":{"allow":["GET"]}}],"collection":[{"href":"https:\/\/petalwhim.com\/sv\/wp-json\/wp\/v2\/pages"}],"about":[{"href":"https:\/\/petalwhim.com\/sv\/wp-json\/wp\/v2\/types\/page"}],"author":[{"embeddable":true,"href":"https:\/\/petalwhim.com\/sv\/wp-json\/wp\/v2\/users\/1"}],"replies":[{"embeddable":true,"href":"https:\/\/petalwhim.com\/sv\/wp-json\/wp\/v2\/comments?post=23"}],"version-history":[{"count":0,"href":"https:\/\/petalwhim.com\/sv\/wp-json\/wp\/v2\/pages\/23\/revisions"}],"wp:attachment":[{"href":"https:\/\/petalwhim.com\/sv\/wp-json\/wp\/v2\/media?parent=23"}],"curies":[{"name":"wp","href":"https:\/\/api.w.org\/{rel}","templated":true}]}}