{"id":99,"date":"2024-04-19T04:57:28","date_gmt":"2024-04-19T04:57:28","guid":{"rendered":"https:\/\/petalwhim.com\/p\/red-eternal-roses-under-glass-dome\/"},"modified":"2025-07-25T05:16:05","modified_gmt":"2025-07-25T05:16:05","slug":"trandafiri-rosii-vesnici-sub-cupola-de-sticla","status":"publish","type":"product","link":"https:\/\/petalwhim.com\/ro\/p\/trandafiri-rosii-vesnici-sub-cupola-de-sticla\/","title":{"rendered":"<span>Trandafiri mici Eternal Roses <\/span><span class=\"product-title-custom\">Ro\u0219u sub cupola de sticl\u0103<\/span>"},"content":{"rendered":"<h2>Eternul roz Smalls: O minune!<\/h2><p>Sub acest clopot se afl\u0103 dou\u0103 frumoase \u0219i <strong>Eternal pink Smalls \u00een ro\u0219u<\/strong> . Exist\u0103, de asemenea, flori albe mici. Acest clopot are o inim\u0103 \u00een partea de sus, precum \u0219i o fund\u0103 pe care sunt inscrip\u021bionate cuvintele Just For Your, \u0219i este a\u0219ezat pe o baz\u0103 neagr\u0103 \u00eenchis\u0103.<br><br>Culoarea ro\u0219ie a florilor sale evoc\u0103 <strong>dragoste pasional\u0103<\/strong> , romantism. Aceast\u0103 culoare ne aminte\u0219te s\u0103 urm\u0103m nop\u021bi frumoase de dragoste.<br><br>Acesta este un cadou perfect pentru iubita ta, cea c\u0103reia vrei s\u0103-i ar\u0103\u021bi cea mai frumoas\u0103 dragoste. Vei observa bucuria ei \u0219i <strong>fericire<\/strong> atunci c\u00e2nd \u00eel umple\u021bi.     <br><br><\/p>","protected":false},"excerpt":{"rendered":"Eternal pink Smalls: A marvel!Under this bell are two beautiful and Eternal pink Smalls in red . There are also Smalls white flowers. This bell has a heart on its top as well as a bow inscribed with the words Just For Your, and is set on a dark black base.The red color of its [&#8230;]","protected":false},"featured_media":98,"template":"","meta":[],"product_brand":[],"product_cat":[15,36,19,35],"product_tag":[34],"class_list":{"0":"post-99","1":"product","2":"type-product","3":"status-publish","4":"has-post-thumbnail","6":"product_cat-all-products","7":"product_cat-best-sellers","8":"product_cat-red-forever-rose","9":"product_cat-small-forever-rose","10":"product_tag-small-rose-in-glass","12":"first","13":"instock","14":"shipping-taxable","15":"purchasable","16":"product-type-simple"},"yoast_head":"<!-- This site is optimized with the Yoast SEO plugin v25.9 - https:\/\/yoast.com\/wordpress\/plugins\/seo\/ -->\n<title>Small Eternal Roses Red under Glass Dome | Rom\u00e2nia Florist<\/title>\n<meta name=\"description\" content=\"Celebrate everlasting love with our Small Eternal Roses Red under Glass Dome .\ud83c\udf39Symbolize your endless affection. Shop now and get a free...\" \/>\n<meta name=\"robots\" content=\"index, follow, max-snippet:-1, max-image-preview:large, max-video-preview:-1\" \/>\n<link rel=\"canonical\" href=\"https:\/\/petalwhim.com\/ro\/p\/trandafiri-rosii-vesnici-sub-cupola-de-sticla\/\" \/>\n<meta property=\"og:locale\" content=\"ro_RO\" \/>\n<meta property=\"og:type\" content=\"article\" \/>\n<meta property=\"og:title\" content=\"Small Eternal Roses Red under Glass Dome | Rom\u00e2nia Florist\" \/>\n<meta property=\"og:description\" content=\"Celebrate everlasting love with our Small Eternal Roses Red under Glass Dome .\ud83c\udf39Symbolize your endless affection. Shop now and get a free...\" \/>\n<meta property=\"og:url\" content=\"https:\/\/petalwhim.com\/ro\/p\/trandafiri-rosii-vesnici-sub-cupola-de-sticla\/\" \/>\n<meta property=\"og:site_name\" content=\"Petal Whim\u2122\" \/>\n<meta property=\"article:modified_time\" content=\"2025-07-25T05:16:05+00:00\" \/>\n<meta property=\"og:image\" content=\"https:\/\/petalwhim.com\/wp-content\/uploads\/2024\/04\/product-image-1594224953.jpg\" \/>\n\t<meta property=\"og:image:width\" content=\"640\" \/>\n\t<meta property=\"og:image:height\" content=\"640\" \/>\n\t<meta property=\"og:image:type\" content=\"image\/jpeg\" \/>\n<meta name=\"twitter:card\" content=\"summary_large_image\" \/>\n<meta name=\"twitter:label1\" content=\"Timp estimat pentru citire\" \/>\n\t<meta name=\"twitter:data1\" content=\"1 minut\" \/>\n<script type=\"application\/ld+json\" class=\"yoast-schema-graph\">{\"@context\":\"https:\/\/schema.org\",\"@graph\":[{\"@type\":\"WebPage\",\"@id\":\"https:\/\/petalwhim.com\/p\/red-eternal-roses-under-glass-dome\/\",\"url\":\"https:\/\/petalwhim.com\/p\/red-eternal-roses-under-glass-dome\/\",\"name\":\"Small Eternal Roses Red under Glass Dome | Rom\u00e2nia Florist\",\"isPartOf\":{\"@id\":\"https:\/\/petalwhim.com\/#website\"},\"primaryImageOfPage\":{\"@id\":\"https:\/\/petalwhim.com\/p\/red-eternal-roses-under-glass-dome\/#primaryimage\"},\"image\":{\"@id\":\"https:\/\/petalwhim.com\/p\/red-eternal-roses-under-glass-dome\/#primaryimage\"},\"thumbnailUrl\":\"https:\/\/petalwhim.com\/wp-content\/uploads\/2024\/04\/product-image-1594224953.jpg\",\"datePublished\":\"2024-04-19T04:57:28+00:00\",\"dateModified\":\"2025-07-25T05:16:05+00:00\",\"description\":\"Celebrate everlasting love with our Small Eternal Roses Red under Glass Dome .\ud83c\udf39Symbolize your endless affection. Shop now and get a free...\",\"breadcrumb\":{\"@id\":\"https:\/\/petalwhim.com\/p\/red-eternal-roses-under-glass-dome\/#breadcrumb\"},\"inLanguage\":\"ro-RO\",\"potentialAction\":[{\"@type\":\"ReadAction\",\"target\":[\"https:\/\/petalwhim.com\/p\/red-eternal-roses-under-glass-dome\/\"]}]},{\"@type\":\"ImageObject\",\"inLanguage\":\"ro-RO\",\"@id\":\"https:\/\/petalwhim.com\/p\/red-eternal-roses-under-glass-dome\/#primaryimage\",\"url\":\"https:\/\/petalwhim.com\/wp-content\/uploads\/2024\/04\/product-image-1594224953.jpg\",\"contentUrl\":\"https:\/\/petalwhim.com\/wp-content\/uploads\/2024\/04\/product-image-1594224953.jpg\",\"width\":640,\"height\":640,\"caption\":\"Small Eternal Roses Red under Glass Dome\"},{\"@type\":\"BreadcrumbList\",\"@id\":\"https:\/\/petalwhim.com\/p\/red-eternal-roses-under-glass-dome\/#breadcrumb\",\"itemListElement\":[{\"@type\":\"ListItem\",\"position\":1,\"name\":\"Home\",\"item\":\"https:\/\/petalwhim.com\/\"},{\"@type\":\"ListItem\",\"position\":2,\"name\":\"Shop\",\"item\":\"https:\/\/petalwhim.com\/shop\/\"},{\"@type\":\"ListItem\",\"position\":3,\"name\":\"Small Eternal Roses Red under Glass Dome\"}]},{\"@type\":\"WebSite\",\"@id\":\"https:\/\/petalwhim.com\/#website\",\"url\":\"https:\/\/petalwhim.com\/\",\"name\":\"Petal Whim\u2122\",\"description\":\"Rose in Glass\",\"publisher\":{\"@id\":\"https:\/\/petalwhim.com\/#organization\"},\"potentialAction\":[{\"@type\":\"SearchAction\",\"target\":{\"@type\":\"EntryPoint\",\"urlTemplate\":\"https:\/\/petalwhim.com\/?s={search_term_string}\"},\"query-input\":{\"@type\":\"PropertyValueSpecification\",\"valueRequired\":true,\"valueName\":\"search_term_string\"}}],\"inLanguage\":\"ro-RO\"},{\"@type\":\"Organization\",\"@id\":\"https:\/\/petalwhim.com\/#organization\",\"name\":\"Petal Whim\",\"alternateName\":\"Rose in Glass\",\"url\":\"https:\/\/petalwhim.com\/\",\"logo\":{\"@type\":\"ImageObject\",\"inLanguage\":\"ro-RO\",\"@id\":\"https:\/\/petalwhim.com\/#\/schema\/logo\/image\/\",\"url\":\"https:\/\/petalwhim.com\/wp-content\/uploads\/2024\/05\/cropped-Petal-Whim-Favicon.png\",\"contentUrl\":\"https:\/\/petalwhim.com\/wp-content\/uploads\/2024\/05\/cropped-Petal-Whim-Favicon.png\",\"width\":512,\"height\":512,\"caption\":\"Petal Whim\"},\"image\":{\"@id\":\"https:\/\/petalwhim.com\/#\/schema\/logo\/image\/\"}}]}<\/script>\n<!-- \/ Yoast SEO plugin. -->","yoast_head_json":{"title":"Trandafiri mici Eternal Red sub cupola de sticl\u0103 | Rom\u00e2nia Florarie","description":"S\u0103rb\u0103tori\u021bi dragostea ve\u0219nic\u0103 cu micii no\u0219tri trandafiri ro\u0219ii ve\u0219nici sub cupola de sticl\u0103.\ud83c\udf39Simboliza\u021bi afec\u021biunea voastr\u0103 nesf\u00e2r\u0219it\u0103. Cump\u0103ra\u021bi acum \u0219i primi\u021bi gratuit un...","robots":{"index":"index","follow":"follow","max-snippet":"max-snippet:-1","max-image-preview":"max-image-preview:large","max-video-preview":"max-video-preview:-1"},"canonical":"https:\/\/petalwhim.com\/ro\/p\/trandafiri-rosii-vesnici-sub-cupola-de-sticla\/","og_locale":"ro_RO","og_type":"article","og_title":"Small Eternal Roses Red under Glass Dome | Rom\u00e2nia Florist","og_description":"Celebrate everlasting love with our Small Eternal Roses Red under Glass Dome .\ud83c\udf39Symbolize your endless affection. Shop now and get a free...","og_url":"https:\/\/petalwhim.com\/ro\/p\/trandafiri-rosii-vesnici-sub-cupola-de-sticla\/","og_site_name":"Petal Whim\u2122","article_modified_time":"2025-07-25T05:16:05+00:00","og_image":[{"width":640,"height":640,"url":"https:\/\/petalwhim.com\/wp-content\/uploads\/2024\/04\/product-image-1594224953.jpg","type":"image\/jpeg"}],"twitter_card":"summary_large_image","twitter_misc":{"Timp estimat pentru citire":"1 minut"},"schema":{"@context":"https:\/\/schema.org","@graph":[{"@type":"WebPage","@id":"https:\/\/petalwhim.com\/p\/red-eternal-roses-under-glass-dome\/","url":"https:\/\/petalwhim.com\/p\/red-eternal-roses-under-glass-dome\/","name":"Trandafiri mici Eternal Red sub cupola de sticl\u0103 | Rom\u00e2nia Florarie","isPartOf":{"@id":"https:\/\/petalwhim.com\/#website"},"primaryImageOfPage":{"@id":"https:\/\/petalwhim.com\/p\/red-eternal-roses-under-glass-dome\/#primaryimage"},"image":{"@id":"https:\/\/petalwhim.com\/p\/red-eternal-roses-under-glass-dome\/#primaryimage"},"thumbnailUrl":"https:\/\/petalwhim.com\/wp-content\/uploads\/2024\/04\/product-image-1594224953.jpg","datePublished":"2024-04-19T04:57:28+00:00","dateModified":"2025-07-25T05:16:05+00:00","description":"S\u0103rb\u0103tori\u021bi dragostea ve\u0219nic\u0103 cu micii no\u0219tri trandafiri ro\u0219ii ve\u0219nici sub cupola de sticl\u0103.\ud83c\udf39Simboliza\u021bi afec\u021biunea voastr\u0103 nesf\u00e2r\u0219it\u0103. Cump\u0103ra\u021bi acum \u0219i primi\u021bi gratuit un...","breadcrumb":{"@id":"https:\/\/petalwhim.com\/p\/red-eternal-roses-under-glass-dome\/#breadcrumb"},"inLanguage":"ro-RO","potentialAction":[{"@type":"ReadAction","target":["https:\/\/petalwhim.com\/p\/red-eternal-roses-under-glass-dome\/"]}]},{"@type":"ImageObject","inLanguage":"ro-RO","@id":"https:\/\/petalwhim.com\/p\/red-eternal-roses-under-glass-dome\/#primaryimage","url":"https:\/\/petalwhim.com\/wp-content\/uploads\/2024\/04\/product-image-1594224953.jpg","contentUrl":"https:\/\/petalwhim.com\/wp-content\/uploads\/2024\/04\/product-image-1594224953.jpg","width":640,"height":640,"caption":"Small Eternal Roses Red under Glass Dome"},{"@type":"BreadcrumbList","@id":"https:\/\/petalwhim.com\/p\/red-eternal-roses-under-glass-dome\/#breadcrumb","itemListElement":[{"@type":"ListItem","position":1,"name":"Home","item":"https:\/\/petalwhim.com\/"},{"@type":"ListItem","position":2,"name":"Shop","item":"https:\/\/petalwhim.com\/shop\/"},{"@type":"ListItem","position":3,"name":"Small Eternal Roses Red under Glass Dome"}]},{"@type":"WebSite","@id":"https:\/\/petalwhim.com\/#website","url":"https:\/\/petalwhim.com\/","name":"Petal Whim\u2122","description":"Trandafir \u00een sticl\u0103","publisher":{"@id":"https:\/\/petalwhim.com\/#organization"},"potentialAction":[{"@type":"SearchAction","target":{"@type":"EntryPoint","urlTemplate":"https:\/\/petalwhim.com\/?s={search_term_string}"},"query-input":{"@type":"PropertyValueSpecification","valueRequired":true,"valueName":"search_term_string"}}],"inLanguage":"ro-RO"},{"@type":"Organization","@id":"https:\/\/petalwhim.com\/#organization","name":"Petal Whim","alternateName":"Rose in Glass","url":"https:\/\/petalwhim.com\/","logo":{"@type":"ImageObject","inLanguage":"ro-RO","@id":"https:\/\/petalwhim.com\/#\/schema\/logo\/image\/","url":"https:\/\/petalwhim.com\/wp-content\/uploads\/2024\/05\/cropped-Petal-Whim-Favicon.png","contentUrl":"https:\/\/petalwhim.com\/wp-content\/uploads\/2024\/05\/cropped-Petal-Whim-Favicon.png","width":512,"height":512,"caption":"Petal Whim"},"image":{"@id":"https:\/\/petalwhim.com\/#\/schema\/logo\/image\/"}}]}},"_links":{"self":[{"href":"https:\/\/petalwhim.com\/ro\/wp-json\/wp\/v2\/product\/99","targetHints":{"allow":["GET"]}}],"collection":[{"href":"https:\/\/petalwhim.com\/ro\/wp-json\/wp\/v2\/product"}],"about":[{"href":"https:\/\/petalwhim.com\/ro\/wp-json\/wp\/v2\/types\/product"}],"wp:featuredmedia":[{"embeddable":true,"href":"https:\/\/petalwhim.com\/ro\/wp-json\/wp\/v2\/media\/98"}],"wp:attachment":[{"href":"https:\/\/petalwhim.com\/ro\/wp-json\/wp\/v2\/media?parent=99"}],"wp:term":[{"taxonomy":"product_brand","embeddable":true,"href":"https:\/\/petalwhim.com\/ro\/wp-json\/wp\/v2\/product_brand?post=99"},{"taxonomy":"product_cat","embeddable":true,"href":"https:\/\/petalwhim.com\/ro\/wp-json\/wp\/v2\/product_cat?post=99"},{"taxonomy":"product_tag","embeddable":true,"href":"https:\/\/petalwhim.com\/ro\/wp-json\/wp\/v2\/product_tag?post=99"}],"curies":[{"name":"wp","href":"https:\/\/api.w.org\/{rel}","templated":true}]}}