{"id":79,"date":"2024-04-19T04:56:34","date_gmt":"2024-04-19T04:56:34","guid":{"rendered":"https:\/\/petalwhim.com\/p\/eternal-pink-rose-under-glass-dome\/"},"modified":"2025-07-25T05:16:06","modified_gmt":"2025-07-25T05:16:06","slug":"trandafir-roz-etern-sub-cupola-de-sticla","status":"publish","type":"product","link":"https:\/\/petalwhim.com\/ro\/p\/trandafir-roz-etern-sub-cupola-de-sticla\/","title":{"rendered":"<span>Trandafir etern mic <\/span><span class=\"product-title-custom\">Trandafir sub cupola de sticl\u0103<\/span>"},"content":{"rendered":"<h2>Dornic s\u0103 g\u0103se\u0219ti un cadou romantic pentru iubitul t\u0103u? <\/h2><p>Petal Whim\u2122 are grij\u0103 de tot. De fapt, \u00een aceste ultime luni ale anului, ea v\u0103 ofer\u0103 Micul ei <strong>roz etern<\/strong> sub clo\u0219c\u0103. Acest Small roz dr\u0103gu\u021b este disponibil cu clo\u0219ca sa, acoperit\u0103 cu o inimioar\u0103 dr\u0103gu\u021b\u0103, care v\u0103 va face cu siguran\u021b\u0103 s\u0103 v\u0103 \u00eendr\u0103gosti\u021bi. <\/p><p>Culoarea roz, folosit\u0103 pentru aceast\u0103 floare dr\u0103gu\u021b\u0103, semnific\u0103 natura inocent\u0103 a iubirii. <\/p><p>Aceast\u0103 floare este un cadou minunat pe care vei avea ocazia s\u0103 \u00eel oferi la o nunt\u0103 \u0219i va p\u0103stra prezent \u00een minte faptul c\u0103 mariajul este cea mai frumoas\u0103 zi din via\u021ba cuiva. <\/p>","protected":false},"excerpt":{"rendered":"Dornic s\u0103 g\u0103se\u0219ti un cadou romantic pentru iubitul t\u0103u? Petal Whim\u2122 are grij\u0103 de tot. De fapt, pentru aceste ultime luni ale anului, v\u0103 ofer\u0103 Micul ei etern roz sub clo\u0219c\u0103. Acest frumos Small roz este disponibil cu clo\u0219ca sa, \u00een v\u00e2rful c\u0103reia se afl\u0103 o inimioar\u0103 dr\u0103gu\u021b\u0103, care va face cu siguran\u021b\u0103 [...]","protected":false},"featured_media":78,"template":"","meta":[],"product_brand":[],"product_cat":[15,36,35],"product_tag":[34],"class_list":{"0":"post-79","1":"product","2":"type-product","3":"status-publish","4":"has-post-thumbnail","6":"product_cat-all-products","7":"product_cat-best-sellers","8":"product_cat-small-forever-rose","9":"product_tag-small-rose-in-glass","11":"first","12":"instock","13":"shipping-taxable","14":"purchasable","15":"product-type-simple"},"yoast_head":"<!-- This site is optimized with the Yoast SEO plugin v25.9 - https:\/\/yoast.com\/wordpress\/plugins\/seo\/ -->\n<title>Small Eternal Rose Rose under Glass Dome | Rom\u00e2nia Florist<\/title>\n<meta name=\"description\" content=\"Celebrate everlasting love with our Small Eternal Rose Rose under Glass Dome .\ud83c\udf39Symbolize your endless affection. Shop now and get a free...\" \/>\n<meta name=\"robots\" content=\"index, follow, max-snippet:-1, max-image-preview:large, max-video-preview:-1\" \/>\n<link rel=\"canonical\" href=\"https:\/\/petalwhim.com\/ro\/p\/trandafir-roz-etern-sub-cupola-de-sticla\/\" \/>\n<meta property=\"og:locale\" content=\"ro_RO\" \/>\n<meta property=\"og:type\" content=\"article\" \/>\n<meta property=\"og:title\" content=\"Small Eternal Rose Rose under Glass Dome | Rom\u00e2nia Florist\" \/>\n<meta property=\"og:description\" content=\"Celebrate everlasting love with our Small Eternal Rose Rose under Glass Dome .\ud83c\udf39Symbolize your endless affection. Shop now and get a free...\" \/>\n<meta property=\"og:url\" content=\"https:\/\/petalwhim.com\/ro\/p\/trandafir-roz-etern-sub-cupola-de-sticla\/\" \/>\n<meta property=\"og:site_name\" content=\"Petal Whim\u2122\" \/>\n<meta property=\"article:modified_time\" content=\"2025-07-25T05:16:06+00:00\" \/>\n<meta property=\"og:image\" content=\"https:\/\/petalwhim.com\/wp-content\/uploads\/2024\/04\/product-image-1594224960.jpg\" \/>\n\t<meta property=\"og:image:width\" content=\"640\" \/>\n\t<meta property=\"og:image:height\" content=\"640\" \/>\n\t<meta property=\"og:image:type\" content=\"image\/jpeg\" \/>\n<meta name=\"twitter:card\" content=\"summary_large_image\" \/>\n<meta name=\"twitter:label1\" content=\"Timp estimat pentru citire\" \/>\n\t<meta name=\"twitter:data1\" content=\"1 minut\" \/>\n<script type=\"application\/ld+json\" class=\"yoast-schema-graph\">{\"@context\":\"https:\/\/schema.org\",\"@graph\":[{\"@type\":\"WebPage\",\"@id\":\"https:\/\/petalwhim.com\/p\/eternal-pink-rose-under-glass-dome\/\",\"url\":\"https:\/\/petalwhim.com\/p\/eternal-pink-rose-under-glass-dome\/\",\"name\":\"Small Eternal Rose Rose under Glass Dome | Rom\u00e2nia Florist\",\"isPartOf\":{\"@id\":\"https:\/\/petalwhim.com\/#website\"},\"primaryImageOfPage\":{\"@id\":\"https:\/\/petalwhim.com\/p\/eternal-pink-rose-under-glass-dome\/#primaryimage\"},\"image\":{\"@id\":\"https:\/\/petalwhim.com\/p\/eternal-pink-rose-under-glass-dome\/#primaryimage\"},\"thumbnailUrl\":\"https:\/\/petalwhim.com\/wp-content\/uploads\/2024\/04\/product-image-1594224960.jpg\",\"datePublished\":\"2024-04-19T04:56:34+00:00\",\"dateModified\":\"2025-07-25T05:16:06+00:00\",\"description\":\"Celebrate everlasting love with our Small Eternal Rose Rose under Glass Dome .\ud83c\udf39Symbolize your endless affection. Shop now and get a free...\",\"breadcrumb\":{\"@id\":\"https:\/\/petalwhim.com\/p\/eternal-pink-rose-under-glass-dome\/#breadcrumb\"},\"inLanguage\":\"ro-RO\",\"potentialAction\":[{\"@type\":\"ReadAction\",\"target\":[\"https:\/\/petalwhim.com\/p\/eternal-pink-rose-under-glass-dome\/\"]}]},{\"@type\":\"ImageObject\",\"inLanguage\":\"ro-RO\",\"@id\":\"https:\/\/petalwhim.com\/p\/eternal-pink-rose-under-glass-dome\/#primaryimage\",\"url\":\"https:\/\/petalwhim.com\/wp-content\/uploads\/2024\/04\/product-image-1594224960.jpg\",\"contentUrl\":\"https:\/\/petalwhim.com\/wp-content\/uploads\/2024\/04\/product-image-1594224960.jpg\",\"width\":640,\"height\":640,\"caption\":\"Small Eternal Rose Rose under Glass Dome\"},{\"@type\":\"BreadcrumbList\",\"@id\":\"https:\/\/petalwhim.com\/p\/eternal-pink-rose-under-glass-dome\/#breadcrumb\",\"itemListElement\":[{\"@type\":\"ListItem\",\"position\":1,\"name\":\"Home\",\"item\":\"https:\/\/petalwhim.com\/\"},{\"@type\":\"ListItem\",\"position\":2,\"name\":\"Shop\",\"item\":\"https:\/\/petalwhim.com\/shop\/\"},{\"@type\":\"ListItem\",\"position\":3,\"name\":\"Small Eternal Rose Rose under Glass Dome\"}]},{\"@type\":\"WebSite\",\"@id\":\"https:\/\/petalwhim.com\/#website\",\"url\":\"https:\/\/petalwhim.com\/\",\"name\":\"Petal Whim\u2122\",\"description\":\"Rose in Glass\",\"publisher\":{\"@id\":\"https:\/\/petalwhim.com\/#organization\"},\"potentialAction\":[{\"@type\":\"SearchAction\",\"target\":{\"@type\":\"EntryPoint\",\"urlTemplate\":\"https:\/\/petalwhim.com\/?s={search_term_string}\"},\"query-input\":{\"@type\":\"PropertyValueSpecification\",\"valueRequired\":true,\"valueName\":\"search_term_string\"}}],\"inLanguage\":\"ro-RO\"},{\"@type\":\"Organization\",\"@id\":\"https:\/\/petalwhim.com\/#organization\",\"name\":\"Petal Whim\",\"alternateName\":\"Rose in Glass\",\"url\":\"https:\/\/petalwhim.com\/\",\"logo\":{\"@type\":\"ImageObject\",\"inLanguage\":\"ro-RO\",\"@id\":\"https:\/\/petalwhim.com\/#\/schema\/logo\/image\/\",\"url\":\"https:\/\/petalwhim.com\/wp-content\/uploads\/2024\/05\/cropped-Petal-Whim-Favicon.png\",\"contentUrl\":\"https:\/\/petalwhim.com\/wp-content\/uploads\/2024\/05\/cropped-Petal-Whim-Favicon.png\",\"width\":512,\"height\":512,\"caption\":\"Petal Whim\"},\"image\":{\"@id\":\"https:\/\/petalwhim.com\/#\/schema\/logo\/image\/\"}}]}<\/script>\n<!-- \/ Yoast SEO plugin. -->","yoast_head_json":{"title":"Trandafir Etern Mic Trandafir sub cupola de sticl\u0103 | Rom\u00e2nia Florarie","description":"S\u0103rb\u0103tori\u021bi dragostea ve\u0219nic\u0103 cu trandafirul nostru mic Eternal Rose Rose sub cupola de sticl\u0103 .\ud83c\udf39Simbolizeaz\u0103 afec\u021biunea ta nesf\u00e2r\u0219it\u0103. Cump\u0103ra\u021bi acum \u0219i primi\u021bi gratuit un...","robots":{"index":"index","follow":"follow","max-snippet":"max-snippet:-1","max-image-preview":"max-image-preview:large","max-video-preview":"max-video-preview:-1"},"canonical":"https:\/\/petalwhim.com\/ro\/p\/trandafir-roz-etern-sub-cupola-de-sticla\/","og_locale":"ro_RO","og_type":"article","og_title":"Small Eternal Rose Rose under Glass Dome | Rom\u00e2nia Florist","og_description":"Celebrate everlasting love with our Small Eternal Rose Rose under Glass Dome .\ud83c\udf39Symbolize your endless affection. Shop now and get a free...","og_url":"https:\/\/petalwhim.com\/ro\/p\/trandafir-roz-etern-sub-cupola-de-sticla\/","og_site_name":"Petal Whim\u2122","article_modified_time":"2025-07-25T05:16:06+00:00","og_image":[{"width":640,"height":640,"url":"https:\/\/petalwhim.com\/wp-content\/uploads\/2024\/04\/product-image-1594224960.jpg","type":"image\/jpeg"}],"twitter_card":"summary_large_image","twitter_misc":{"Timp estimat pentru citire":"1 minut"},"schema":{"@context":"https:\/\/schema.org","@graph":[{"@type":"WebPage","@id":"https:\/\/petalwhim.com\/p\/eternal-pink-rose-under-glass-dome\/","url":"https:\/\/petalwhim.com\/p\/eternal-pink-rose-under-glass-dome\/","name":"Trandafir Etern Mic Trandafir sub cupola de sticl\u0103 | Rom\u00e2nia Florarie","isPartOf":{"@id":"https:\/\/petalwhim.com\/#website"},"primaryImageOfPage":{"@id":"https:\/\/petalwhim.com\/p\/eternal-pink-rose-under-glass-dome\/#primaryimage"},"image":{"@id":"https:\/\/petalwhim.com\/p\/eternal-pink-rose-under-glass-dome\/#primaryimage"},"thumbnailUrl":"https:\/\/petalwhim.com\/wp-content\/uploads\/2024\/04\/product-image-1594224960.jpg","datePublished":"2024-04-19T04:56:34+00:00","dateModified":"2025-07-25T05:16:06+00:00","description":"S\u0103rb\u0103tori\u021bi dragostea ve\u0219nic\u0103 cu trandafirul nostru mic Eternal Rose Rose sub cupola de sticl\u0103 .\ud83c\udf39Simbolizeaz\u0103 afec\u021biunea ta nesf\u00e2r\u0219it\u0103. Cump\u0103ra\u021bi acum \u0219i primi\u021bi gratuit un...","breadcrumb":{"@id":"https:\/\/petalwhim.com\/p\/eternal-pink-rose-under-glass-dome\/#breadcrumb"},"inLanguage":"ro-RO","potentialAction":[{"@type":"ReadAction","target":["https:\/\/petalwhim.com\/p\/eternal-pink-rose-under-glass-dome\/"]}]},{"@type":"ImageObject","inLanguage":"ro-RO","@id":"https:\/\/petalwhim.com\/p\/eternal-pink-rose-under-glass-dome\/#primaryimage","url":"https:\/\/petalwhim.com\/wp-content\/uploads\/2024\/04\/product-image-1594224960.jpg","contentUrl":"https:\/\/petalwhim.com\/wp-content\/uploads\/2024\/04\/product-image-1594224960.jpg","width":640,"height":640,"caption":"Small Eternal Rose Rose under Glass Dome"},{"@type":"BreadcrumbList","@id":"https:\/\/petalwhim.com\/p\/eternal-pink-rose-under-glass-dome\/#breadcrumb","itemListElement":[{"@type":"ListItem","position":1,"name":"Home","item":"https:\/\/petalwhim.com\/"},{"@type":"ListItem","position":2,"name":"Shop","item":"https:\/\/petalwhim.com\/shop\/"},{"@type":"ListItem","position":3,"name":"Small Eternal Rose Rose under Glass Dome"}]},{"@type":"WebSite","@id":"https:\/\/petalwhim.com\/#website","url":"https:\/\/petalwhim.com\/","name":"Petal Whim\u2122","description":"Trandafir \u00een sticl\u0103","publisher":{"@id":"https:\/\/petalwhim.com\/#organization"},"potentialAction":[{"@type":"SearchAction","target":{"@type":"EntryPoint","urlTemplate":"https:\/\/petalwhim.com\/?s={search_term_string}"},"query-input":{"@type":"PropertyValueSpecification","valueRequired":true,"valueName":"search_term_string"}}],"inLanguage":"ro-RO"},{"@type":"Organization","@id":"https:\/\/petalwhim.com\/#organization","name":"Petal Whim","alternateName":"Rose in Glass","url":"https:\/\/petalwhim.com\/","logo":{"@type":"ImageObject","inLanguage":"ro-RO","@id":"https:\/\/petalwhim.com\/#\/schema\/logo\/image\/","url":"https:\/\/petalwhim.com\/wp-content\/uploads\/2024\/05\/cropped-Petal-Whim-Favicon.png","contentUrl":"https:\/\/petalwhim.com\/wp-content\/uploads\/2024\/05\/cropped-Petal-Whim-Favicon.png","width":512,"height":512,"caption":"Petal Whim"},"image":{"@id":"https:\/\/petalwhim.com\/#\/schema\/logo\/image\/"}}]}},"_links":{"self":[{"href":"https:\/\/petalwhim.com\/ro\/wp-json\/wp\/v2\/product\/79","targetHints":{"allow":["GET"]}}],"collection":[{"href":"https:\/\/petalwhim.com\/ro\/wp-json\/wp\/v2\/product"}],"about":[{"href":"https:\/\/petalwhim.com\/ro\/wp-json\/wp\/v2\/types\/product"}],"wp:featuredmedia":[{"embeddable":true,"href":"https:\/\/petalwhim.com\/ro\/wp-json\/wp\/v2\/media\/78"}],"wp:attachment":[{"href":"https:\/\/petalwhim.com\/ro\/wp-json\/wp\/v2\/media?parent=79"}],"wp:term":[{"taxonomy":"product_brand","embeddable":true,"href":"https:\/\/petalwhim.com\/ro\/wp-json\/wp\/v2\/product_brand?post=79"},{"taxonomy":"product_cat","embeddable":true,"href":"https:\/\/petalwhim.com\/ro\/wp-json\/wp\/v2\/product_cat?post=79"},{"taxonomy":"product_tag","embeddable":true,"href":"https:\/\/petalwhim.com\/ro\/wp-json\/wp\/v2\/product_tag?post=79"}],"curies":[{"name":"wp","href":"https:\/\/api.w.org\/{rel}","templated":true}]}}