{"id":245,"date":"2024-04-19T05:02:30","date_gmt":"2024-04-19T05:02:30","guid":{"rendered":"https:\/\/petalwhim.com\/p\/purple-gold-eternal-rose\/"},"modified":"2025-07-25T05:16:01","modified_gmt":"2025-07-25T05:16:01","slug":"violet-auriu-etern-trandafir","status":"publish","type":"product","link":"https:\/\/petalwhim.com\/ro\/p\/violet-auriu-etern-trandafir\/","title":{"rendered":"<span>Violet Eternal Rose violet <\/span><span class=\"product-title-custom\">Placat cu aur<\/span>"},"content":{"rendered":"<h2>Las\u0103-te purtat de frumuse\u021bea \u0219i farmecul trandafirului ve\u0219nic purpuriu placat cu aur.<\/h2><p><br>Amplasat \u00eentr-o cutie potrivit\u0103 elegan\u021bei sale. \u00cel va uimi pe cel care \u00eel va primi. <br><br> <strong>C\u00e2nd poate fi oferit \u0219i cu ce ocazie?<\/strong> <br><br>Un adev\u0103rat imn care simbolizeaz\u0103 dragostea \u0219i o iubire la prima vedere pentru cel c\u0103ruia \u00eei este oferit, acest trandafir violet etern poate fi oferit la nesf\u00e2r\u0219it.<br><br> <strong>C\u00e2t timp dureaz\u0103? <\/strong> <br><br>Nemuritor, v\u0103 va reprezenta \u00een fa\u021ba persoanei iubite pentru mul\u021bi ani de acum \u00eencolo. <br><br> <strong>Mai mult dec\u00e2t un cadou, oferi\u021bi o urm\u0103 de ne\u0219ters a prezen\u021bei dumneavoastr\u0103 celor dragi. <\/strong> <br><br><\/p>","protected":false},"excerpt":{"rendered":"<ul style=\"text-align: center;list-style-position: inside;\">\r\n<li>\ud83d\udc51 Trandafir cufundat \u00een aur de 24k<\/li>\r\n<li>\ud83c\udf39 Fabricat dintr-un trandafir adev\u0103rat<\/li>\r\n<li>Finisaj str\u0103lucitor \u0219i lucios.<\/li>\r\n<\/ul>","protected":false},"featured_media":244,"template":"","meta":[],"product_brand":[],"product_cat":[15,23],"product_tag":[],"class_list":{"0":"post-245","1":"product","2":"type-product","3":"status-publish","4":"has-post-thumbnail","6":"product_cat-all-products","7":"product_cat-gold-plated-rose","9":"first","10":"outofstock","11":"shipping-taxable","12":"purchasable","13":"product-type-simple"},"yoast_head":"<!-- This site is optimized with the Yoast SEO plugin v25.9 - https:\/\/yoast.com\/wordpress\/plugins\/seo\/ -->\n<title>Purple Eternal Rose Gold Plated | Rom\u00e2nia Florist<\/title>\n<meta name=\"description\" content=\"Celebrate everlasting love with our Purple Eternal Rose Gold Plated .\ud83c\udf39Symbolize your endless affection. Shop now and get a free...\" \/>\n<meta name=\"robots\" content=\"index, follow, max-snippet:-1, max-image-preview:large, max-video-preview:-1\" \/>\n<link rel=\"canonical\" href=\"https:\/\/petalwhim.com\/ro\/p\/violet-auriu-etern-trandafir\/\" \/>\n<meta property=\"og:locale\" content=\"ro_RO\" \/>\n<meta property=\"og:type\" content=\"article\" \/>\n<meta property=\"og:title\" content=\"Purple Eternal Rose Gold Plated | Rom\u00e2nia Florist\" \/>\n<meta property=\"og:description\" content=\"Celebrate everlasting love with our Purple Eternal Rose Gold Plated .\ud83c\udf39Symbolize your endless affection. Shop now and get a free...\" \/>\n<meta property=\"og:url\" content=\"https:\/\/petalwhim.com\/ro\/p\/violet-auriu-etern-trandafir\/\" \/>\n<meta property=\"og:site_name\" content=\"Petal Whim\u2122\" \/>\n<meta property=\"article:modified_time\" content=\"2025-07-25T05:16:01+00:00\" \/>\n<meta property=\"og:image\" content=\"https:\/\/petalwhim.com\/wp-content\/uploads\/2024\/04\/product-image-1488753295.jpg\" \/>\n\t<meta property=\"og:image:width\" content=\"640\" \/>\n\t<meta property=\"og:image:height\" content=\"640\" \/>\n\t<meta property=\"og:image:type\" content=\"image\/jpeg\" \/>\n<meta name=\"twitter:card\" content=\"summary_large_image\" \/>\n<meta name=\"twitter:label1\" content=\"Timp estimat pentru citire\" \/>\n\t<meta name=\"twitter:data1\" content=\"1 minut\" \/>\n<script type=\"application\/ld+json\" class=\"yoast-schema-graph\">{\"@context\":\"https:\/\/schema.org\",\"@graph\":[{\"@type\":\"WebPage\",\"@id\":\"https:\/\/petalwhim.com\/p\/purple-gold-eternal-rose\/\",\"url\":\"https:\/\/petalwhim.com\/p\/purple-gold-eternal-rose\/\",\"name\":\"Purple Eternal Rose Gold Plated | Rom\u00e2nia Florist\",\"isPartOf\":{\"@id\":\"https:\/\/petalwhim.com\/#website\"},\"primaryImageOfPage\":{\"@id\":\"https:\/\/petalwhim.com\/p\/purple-gold-eternal-rose\/#primaryimage\"},\"image\":{\"@id\":\"https:\/\/petalwhim.com\/p\/purple-gold-eternal-rose\/#primaryimage\"},\"thumbnailUrl\":\"https:\/\/petalwhim.com\/wp-content\/uploads\/2024\/04\/product-image-1488753295.jpg\",\"datePublished\":\"2024-04-19T05:02:30+00:00\",\"dateModified\":\"2025-07-25T05:16:01+00:00\",\"description\":\"Celebrate everlasting love with our Purple Eternal Rose Gold Plated .\ud83c\udf39Symbolize your endless affection. Shop now and get a free...\",\"breadcrumb\":{\"@id\":\"https:\/\/petalwhim.com\/p\/purple-gold-eternal-rose\/#breadcrumb\"},\"inLanguage\":\"ro-RO\",\"potentialAction\":[{\"@type\":\"ReadAction\",\"target\":[\"https:\/\/petalwhim.com\/p\/purple-gold-eternal-rose\/\"]}]},{\"@type\":\"ImageObject\",\"inLanguage\":\"ro-RO\",\"@id\":\"https:\/\/petalwhim.com\/p\/purple-gold-eternal-rose\/#primaryimage\",\"url\":\"https:\/\/petalwhim.com\/wp-content\/uploads\/2024\/04\/product-image-1488753295.jpg\",\"contentUrl\":\"https:\/\/petalwhim.com\/wp-content\/uploads\/2024\/04\/product-image-1488753295.jpg\",\"width\":640,\"height\":640,\"caption\":\"Purple Eternal Rose Gold Plated\"},{\"@type\":\"BreadcrumbList\",\"@id\":\"https:\/\/petalwhim.com\/p\/purple-gold-eternal-rose\/#breadcrumb\",\"itemListElement\":[{\"@type\":\"ListItem\",\"position\":1,\"name\":\"Home\",\"item\":\"https:\/\/petalwhim.com\/\"},{\"@type\":\"ListItem\",\"position\":2,\"name\":\"Shop\",\"item\":\"https:\/\/petalwhim.com\/shop\/\"},{\"@type\":\"ListItem\",\"position\":3,\"name\":\"Purple Eternal Rose Gold Plated\"}]},{\"@type\":\"WebSite\",\"@id\":\"https:\/\/petalwhim.com\/#website\",\"url\":\"https:\/\/petalwhim.com\/\",\"name\":\"Petal Whim\u2122\",\"description\":\"Rose in Glass\",\"publisher\":{\"@id\":\"https:\/\/petalwhim.com\/#organization\"},\"potentialAction\":[{\"@type\":\"SearchAction\",\"target\":{\"@type\":\"EntryPoint\",\"urlTemplate\":\"https:\/\/petalwhim.com\/?s={search_term_string}\"},\"query-input\":{\"@type\":\"PropertyValueSpecification\",\"valueRequired\":true,\"valueName\":\"search_term_string\"}}],\"inLanguage\":\"ro-RO\"},{\"@type\":\"Organization\",\"@id\":\"https:\/\/petalwhim.com\/#organization\",\"name\":\"Petal Whim\",\"alternateName\":\"Rose in Glass\",\"url\":\"https:\/\/petalwhim.com\/\",\"logo\":{\"@type\":\"ImageObject\",\"inLanguage\":\"ro-RO\",\"@id\":\"https:\/\/petalwhim.com\/#\/schema\/logo\/image\/\",\"url\":\"https:\/\/petalwhim.com\/wp-content\/uploads\/2024\/05\/cropped-Petal-Whim-Favicon.png\",\"contentUrl\":\"https:\/\/petalwhim.com\/wp-content\/uploads\/2024\/05\/cropped-Petal-Whim-Favicon.png\",\"width\":512,\"height\":512,\"caption\":\"Petal Whim\"},\"image\":{\"@id\":\"https:\/\/petalwhim.com\/#\/schema\/logo\/image\/\"}}]}<\/script>\n<!-- \/ Yoast SEO plugin. -->","yoast_head_json":{"title":"Trandafir Etern violet placat cu aur | Rom\u00e2nia Florarie","description":"S\u0103rb\u0103tori\u021bi dragostea ve\u0219nic\u0103 cu medalionul nostru Purple Eternal Rose Gold Plated .\ud83c\udf39Simbolizeaz\u0103 afec\u021biunea ta nesf\u00e2r\u0219it\u0103. Cump\u0103ra\u021bi acum \u0219i primi\u021bi un cadou gratuit...","robots":{"index":"index","follow":"follow","max-snippet":"max-snippet:-1","max-image-preview":"max-image-preview:large","max-video-preview":"max-video-preview:-1"},"canonical":"https:\/\/petalwhim.com\/ro\/p\/violet-auriu-etern-trandafir\/","og_locale":"ro_RO","og_type":"article","og_title":"Purple Eternal Rose Gold Plated | Rom\u00e2nia Florist","og_description":"Celebrate everlasting love with our Purple Eternal Rose Gold Plated .\ud83c\udf39Symbolize your endless affection. Shop now and get a free...","og_url":"https:\/\/petalwhim.com\/ro\/p\/violet-auriu-etern-trandafir\/","og_site_name":"Petal Whim\u2122","article_modified_time":"2025-07-25T05:16:01+00:00","og_image":[{"width":640,"height":640,"url":"https:\/\/petalwhim.com\/wp-content\/uploads\/2024\/04\/product-image-1488753295.jpg","type":"image\/jpeg"}],"twitter_card":"summary_large_image","twitter_misc":{"Timp estimat pentru citire":"1 minut"},"schema":{"@context":"https:\/\/schema.org","@graph":[{"@type":"WebPage","@id":"https:\/\/petalwhim.com\/p\/purple-gold-eternal-rose\/","url":"https:\/\/petalwhim.com\/p\/purple-gold-eternal-rose\/","name":"Trandafir Etern violet placat cu aur | Rom\u00e2nia Florarie","isPartOf":{"@id":"https:\/\/petalwhim.com\/#website"},"primaryImageOfPage":{"@id":"https:\/\/petalwhim.com\/p\/purple-gold-eternal-rose\/#primaryimage"},"image":{"@id":"https:\/\/petalwhim.com\/p\/purple-gold-eternal-rose\/#primaryimage"},"thumbnailUrl":"https:\/\/petalwhim.com\/wp-content\/uploads\/2024\/04\/product-image-1488753295.jpg","datePublished":"2024-04-19T05:02:30+00:00","dateModified":"2025-07-25T05:16:01+00:00","description":"S\u0103rb\u0103tori\u021bi dragostea ve\u0219nic\u0103 cu medalionul nostru Purple Eternal Rose Gold Plated .\ud83c\udf39Simbolizeaz\u0103 afec\u021biunea ta nesf\u00e2r\u0219it\u0103. Cump\u0103ra\u021bi acum \u0219i primi\u021bi un cadou gratuit...","breadcrumb":{"@id":"https:\/\/petalwhim.com\/p\/purple-gold-eternal-rose\/#breadcrumb"},"inLanguage":"ro-RO","potentialAction":[{"@type":"ReadAction","target":["https:\/\/petalwhim.com\/p\/purple-gold-eternal-rose\/"]}]},{"@type":"ImageObject","inLanguage":"ro-RO","@id":"https:\/\/petalwhim.com\/p\/purple-gold-eternal-rose\/#primaryimage","url":"https:\/\/petalwhim.com\/wp-content\/uploads\/2024\/04\/product-image-1488753295.jpg","contentUrl":"https:\/\/petalwhim.com\/wp-content\/uploads\/2024\/04\/product-image-1488753295.jpg","width":640,"height":640,"caption":"Purple Eternal Rose Gold Plated"},{"@type":"BreadcrumbList","@id":"https:\/\/petalwhim.com\/p\/purple-gold-eternal-rose\/#breadcrumb","itemListElement":[{"@type":"ListItem","position":1,"name":"Home","item":"https:\/\/petalwhim.com\/"},{"@type":"ListItem","position":2,"name":"Shop","item":"https:\/\/petalwhim.com\/shop\/"},{"@type":"ListItem","position":3,"name":"Purple Eternal Rose Gold Plated"}]},{"@type":"WebSite","@id":"https:\/\/petalwhim.com\/#website","url":"https:\/\/petalwhim.com\/","name":"Petal Whim\u2122","description":"Trandafir \u00een sticl\u0103","publisher":{"@id":"https:\/\/petalwhim.com\/#organization"},"potentialAction":[{"@type":"SearchAction","target":{"@type":"EntryPoint","urlTemplate":"https:\/\/petalwhim.com\/?s={search_term_string}"},"query-input":{"@type":"PropertyValueSpecification","valueRequired":true,"valueName":"search_term_string"}}],"inLanguage":"ro-RO"},{"@type":"Organization","@id":"https:\/\/petalwhim.com\/#organization","name":"Petal Whim","alternateName":"Rose in Glass","url":"https:\/\/petalwhim.com\/","logo":{"@type":"ImageObject","inLanguage":"ro-RO","@id":"https:\/\/petalwhim.com\/#\/schema\/logo\/image\/","url":"https:\/\/petalwhim.com\/wp-content\/uploads\/2024\/05\/cropped-Petal-Whim-Favicon.png","contentUrl":"https:\/\/petalwhim.com\/wp-content\/uploads\/2024\/05\/cropped-Petal-Whim-Favicon.png","width":512,"height":512,"caption":"Petal Whim"},"image":{"@id":"https:\/\/petalwhim.com\/#\/schema\/logo\/image\/"}}]}},"_links":{"self":[{"href":"https:\/\/petalwhim.com\/ro\/wp-json\/wp\/v2\/product\/245","targetHints":{"allow":["GET"]}}],"collection":[{"href":"https:\/\/petalwhim.com\/ro\/wp-json\/wp\/v2\/product"}],"about":[{"href":"https:\/\/petalwhim.com\/ro\/wp-json\/wp\/v2\/types\/product"}],"wp:featuredmedia":[{"embeddable":true,"href":"https:\/\/petalwhim.com\/ro\/wp-json\/wp\/v2\/media\/244"}],"wp:attachment":[{"href":"https:\/\/petalwhim.com\/ro\/wp-json\/wp\/v2\/media?parent=245"}],"wp:term":[{"taxonomy":"product_brand","embeddable":true,"href":"https:\/\/petalwhim.com\/ro\/wp-json\/wp\/v2\/product_brand?post=245"},{"taxonomy":"product_cat","embeddable":true,"href":"https:\/\/petalwhim.com\/ro\/wp-json\/wp\/v2\/product_cat?post=245"},{"taxonomy":"product_tag","embeddable":true,"href":"https:\/\/petalwhim.com\/ro\/wp-json\/wp\/v2\/product_tag?post=245"}],"curies":[{"name":"wp","href":"https:\/\/api.w.org\/{rel}","templated":true}]}}