{"id":135,"date":"2024-04-19T04:58:13","date_gmt":"2024-04-19T04:58:13","guid":{"rendered":"https:\/\/petalwhim.com\/p\/luminous-deep-pink-eternal-rose\/"},"modified":"2025-07-25T05:16:04","modified_gmt":"2025-07-25T05:16:04","slug":"luminos-roz-intens-roz-etern-2","status":"publish","type":"product","link":"https:\/\/petalwhim.com\/ro\/p\/luminos-roz-intens-roz-etern-2\/","title":{"rendered":"<span>Luminous Eternal Rose <\/span><span class=\"product-title-custom\">Trandafir profund<\/span>"},"content":{"rendered":"<h2>Las\u0103-te purtat de acest trandafir etern roz intens \u0219i luminos.<\/h2><p>La fel ca \u0219i culorile, acest trandafir exprim\u0103 singur sentimentele profunde \u0219i \u00eenmugurite pe care le tr\u0103ie\u0219ti.<br><br> <strong>Cu ce ocazie s\u0103 o dai?<\/strong> <br><br>Dac\u0103 vrei s\u0103 exprimi un sentiment nou \u00eentr-o nou\u0103 rela\u021bie pentru care e\u0219ti gata s\u0103 te investe\u0219ti, acest trandafir este pentru tine.<br><br> <strong>C\u00e2t timp dureaz\u0103?<\/strong> <br><br>Magia trandafirului etern este c\u0103 va supravie\u021bui iubirii tale \u0219i te va \u00eenso\u021bi mul\u021bi ani.<br><br> <strong>Acest trandafir v\u0103 va \u00eenc\u00e2nta partenerul, care nu va avea nicio \u00eendoial\u0103 \u00een privin\u021ba angajamentului dvs. sentimental \u0219i va fi simbolul iubirii dvs. \u00een devenire. <\/strong> <br><br><\/p>","protected":false},"excerpt":{"rendered":"Let yourself be swept away by this luminous deep pink eternal rose.Like colors, this rose alone expresses the deep, budding feelings you&#8217;re experiencing. On what occasion to give it? If you want to express a new feeling in a new relationship for which you&#8217;re ready to invest yourself this rose is for you. How long [&#8230;]","protected":false},"featured_media":134,"template":"","meta":[],"product_brand":[],"product_cat":[15,36],"product_tag":[33],"class_list":{"0":"post-135","1":"product","2":"type-product","3":"status-publish","4":"has-post-thumbnail","6":"product_cat-all-products","7":"product_cat-best-sellers","8":"product_tag-rose-in-glass-dome","10":"first","11":"instock","12":"shipping-taxable","13":"purchasable","14":"product-type-simple"},"yoast_head":"<!-- This site is optimized with the Yoast SEO plugin v25.9 - https:\/\/yoast.com\/wordpress\/plugins\/seo\/ -->\n<title>Luminous Eternal Rose Deep Rose | Rom\u00e2nia Florist<\/title>\n<meta name=\"description\" content=\"Celebrate everlasting love with our Luminous Eternal Rose Deep Rose .\ud83c\udf39Symbolize your endless affection. Shop now and get a free...\" \/>\n<meta name=\"robots\" content=\"index, follow, max-snippet:-1, max-image-preview:large, max-video-preview:-1\" \/>\n<link rel=\"canonical\" href=\"https:\/\/petalwhim.com\/ro\/p\/luminos-roz-intens-roz-etern-2\/\" \/>\n<meta property=\"og:locale\" content=\"ro_RO\" \/>\n<meta property=\"og:type\" content=\"article\" \/>\n<meta property=\"og:title\" content=\"Luminous Eternal Rose Deep Rose | Rom\u00e2nia Florist\" \/>\n<meta property=\"og:description\" content=\"Celebrate everlasting love with our Luminous Eternal Rose Deep Rose .\ud83c\udf39Symbolize your endless affection. Shop now and get a free...\" \/>\n<meta property=\"og:url\" content=\"https:\/\/petalwhim.com\/ro\/p\/luminos-roz-intens-roz-etern-2\/\" \/>\n<meta property=\"og:site_name\" content=\"Petal Whim\u2122\" \/>\n<meta property=\"article:modified_time\" content=\"2025-07-25T05:16:04+00:00\" \/>\n<meta property=\"og:image\" content=\"https:\/\/petalwhim.com\/wp-content\/uploads\/2024\/04\/product-image-1562975882.jpg\" \/>\n\t<meta property=\"og:image:width\" content=\"640\" \/>\n\t<meta property=\"og:image:height\" content=\"640\" \/>\n\t<meta property=\"og:image:type\" content=\"image\/jpeg\" \/>\n<meta name=\"twitter:card\" content=\"summary_large_image\" \/>\n<meta name=\"twitter:label1\" content=\"Timp estimat pentru citire\" \/>\n\t<meta name=\"twitter:data1\" content=\"1 minut\" \/>\n<script type=\"application\/ld+json\" class=\"yoast-schema-graph\">{\"@context\":\"https:\/\/schema.org\",\"@graph\":[{\"@type\":\"WebPage\",\"@id\":\"https:\/\/petalwhim.com\/p\/luminous-deep-pink-eternal-rose\/\",\"url\":\"https:\/\/petalwhim.com\/p\/luminous-deep-pink-eternal-rose\/\",\"name\":\"Luminous Eternal Rose Deep Rose | Rom\u00e2nia Florist\",\"isPartOf\":{\"@id\":\"https:\/\/petalwhim.com\/#website\"},\"primaryImageOfPage\":{\"@id\":\"https:\/\/petalwhim.com\/p\/luminous-deep-pink-eternal-rose\/#primaryimage\"},\"image\":{\"@id\":\"https:\/\/petalwhim.com\/p\/luminous-deep-pink-eternal-rose\/#primaryimage\"},\"thumbnailUrl\":\"https:\/\/petalwhim.com\/wp-content\/uploads\/2024\/04\/product-image-1562975882.jpg\",\"datePublished\":\"2024-04-19T04:58:13+00:00\",\"dateModified\":\"2025-07-25T05:16:04+00:00\",\"description\":\"Celebrate everlasting love with our Luminous Eternal Rose Deep Rose .\ud83c\udf39Symbolize your endless affection. Shop now and get a free...\",\"breadcrumb\":{\"@id\":\"https:\/\/petalwhim.com\/p\/luminous-deep-pink-eternal-rose\/#breadcrumb\"},\"inLanguage\":\"ro-RO\",\"potentialAction\":[{\"@type\":\"ReadAction\",\"target\":[\"https:\/\/petalwhim.com\/p\/luminous-deep-pink-eternal-rose\/\"]}]},{\"@type\":\"ImageObject\",\"inLanguage\":\"ro-RO\",\"@id\":\"https:\/\/petalwhim.com\/p\/luminous-deep-pink-eternal-rose\/#primaryimage\",\"url\":\"https:\/\/petalwhim.com\/wp-content\/uploads\/2024\/04\/product-image-1562975882.jpg\",\"contentUrl\":\"https:\/\/petalwhim.com\/wp-content\/uploads\/2024\/04\/product-image-1562975882.jpg\",\"width\":640,\"height\":640,\"caption\":\"Luminous Eternal Rose Deep Rose\"},{\"@type\":\"BreadcrumbList\",\"@id\":\"https:\/\/petalwhim.com\/p\/luminous-deep-pink-eternal-rose\/#breadcrumb\",\"itemListElement\":[{\"@type\":\"ListItem\",\"position\":1,\"name\":\"Home\",\"item\":\"https:\/\/petalwhim.com\/\"},{\"@type\":\"ListItem\",\"position\":2,\"name\":\"Shop\",\"item\":\"https:\/\/petalwhim.com\/shop\/\"},{\"@type\":\"ListItem\",\"position\":3,\"name\":\"Luminous Eternal Rose Deep Rose\"}]},{\"@type\":\"WebSite\",\"@id\":\"https:\/\/petalwhim.com\/#website\",\"url\":\"https:\/\/petalwhim.com\/\",\"name\":\"Petal Whim\u2122\",\"description\":\"Rose in Glass\",\"publisher\":{\"@id\":\"https:\/\/petalwhim.com\/#organization\"},\"potentialAction\":[{\"@type\":\"SearchAction\",\"target\":{\"@type\":\"EntryPoint\",\"urlTemplate\":\"https:\/\/petalwhim.com\/?s={search_term_string}\"},\"query-input\":{\"@type\":\"PropertyValueSpecification\",\"valueRequired\":true,\"valueName\":\"search_term_string\"}}],\"inLanguage\":\"ro-RO\"},{\"@type\":\"Organization\",\"@id\":\"https:\/\/petalwhim.com\/#organization\",\"name\":\"Petal Whim\",\"alternateName\":\"Rose in Glass\",\"url\":\"https:\/\/petalwhim.com\/\",\"logo\":{\"@type\":\"ImageObject\",\"inLanguage\":\"ro-RO\",\"@id\":\"https:\/\/petalwhim.com\/#\/schema\/logo\/image\/\",\"url\":\"https:\/\/petalwhim.com\/wp-content\/uploads\/2024\/05\/cropped-Petal-Whim-Favicon.png\",\"contentUrl\":\"https:\/\/petalwhim.com\/wp-content\/uploads\/2024\/05\/cropped-Petal-Whim-Favicon.png\",\"width\":512,\"height\":512,\"caption\":\"Petal Whim\"},\"image\":{\"@id\":\"https:\/\/petalwhim.com\/#\/schema\/logo\/image\/\"}}]}<\/script>\n<!-- \/ Yoast SEO plugin. -->","yoast_head_json":{"title":"Trandafir luminos Eternal Rose Deep Rose | Rom\u00e2nia Florist","description":"S\u0103rb\u0103tori\u021bi dragostea ve\u0219nic\u0103 cu trandafirul nostru Luminous Eternal Rose Deep Rose .\ud83c\udf39Simboliza\u021bi afec\u021biunea voastr\u0103 nesf\u00e2r\u0219it\u0103. Cump\u0103ra\u021bi acum \u0219i primi\u021bi un cadou gratuit...","robots":{"index":"index","follow":"follow","max-snippet":"max-snippet:-1","max-image-preview":"max-image-preview:large","max-video-preview":"max-video-preview:-1"},"canonical":"https:\/\/petalwhim.com\/ro\/p\/luminos-roz-intens-roz-etern-2\/","og_locale":"ro_RO","og_type":"article","og_title":"Luminous Eternal Rose Deep Rose | Rom\u00e2nia Florist","og_description":"Celebrate everlasting love with our Luminous Eternal Rose Deep Rose .\ud83c\udf39Symbolize your endless affection. Shop now and get a free...","og_url":"https:\/\/petalwhim.com\/ro\/p\/luminos-roz-intens-roz-etern-2\/","og_site_name":"Petal Whim\u2122","article_modified_time":"2025-07-25T05:16:04+00:00","og_image":[{"width":640,"height":640,"url":"https:\/\/petalwhim.com\/wp-content\/uploads\/2024\/04\/product-image-1562975882.jpg","type":"image\/jpeg"}],"twitter_card":"summary_large_image","twitter_misc":{"Timp estimat pentru citire":"1 minut"},"schema":{"@context":"https:\/\/schema.org","@graph":[{"@type":"WebPage","@id":"https:\/\/petalwhim.com\/p\/luminous-deep-pink-eternal-rose\/","url":"https:\/\/petalwhim.com\/p\/luminous-deep-pink-eternal-rose\/","name":"Trandafir luminos Eternal Rose Deep Rose | Rom\u00e2nia Florist","isPartOf":{"@id":"https:\/\/petalwhim.com\/#website"},"primaryImageOfPage":{"@id":"https:\/\/petalwhim.com\/p\/luminous-deep-pink-eternal-rose\/#primaryimage"},"image":{"@id":"https:\/\/petalwhim.com\/p\/luminous-deep-pink-eternal-rose\/#primaryimage"},"thumbnailUrl":"https:\/\/petalwhim.com\/wp-content\/uploads\/2024\/04\/product-image-1562975882.jpg","datePublished":"2024-04-19T04:58:13+00:00","dateModified":"2025-07-25T05:16:04+00:00","description":"S\u0103rb\u0103tori\u021bi dragostea ve\u0219nic\u0103 cu trandafirul nostru Luminous Eternal Rose Deep Rose .\ud83c\udf39Simboliza\u021bi afec\u021biunea voastr\u0103 nesf\u00e2r\u0219it\u0103. Cump\u0103ra\u021bi acum \u0219i primi\u021bi un cadou gratuit...","breadcrumb":{"@id":"https:\/\/petalwhim.com\/p\/luminous-deep-pink-eternal-rose\/#breadcrumb"},"inLanguage":"ro-RO","potentialAction":[{"@type":"ReadAction","target":["https:\/\/petalwhim.com\/p\/luminous-deep-pink-eternal-rose\/"]}]},{"@type":"ImageObject","inLanguage":"ro-RO","@id":"https:\/\/petalwhim.com\/p\/luminous-deep-pink-eternal-rose\/#primaryimage","url":"https:\/\/petalwhim.com\/wp-content\/uploads\/2024\/04\/product-image-1562975882.jpg","contentUrl":"https:\/\/petalwhim.com\/wp-content\/uploads\/2024\/04\/product-image-1562975882.jpg","width":640,"height":640,"caption":"Luminous Eternal Rose Deep Rose"},{"@type":"BreadcrumbList","@id":"https:\/\/petalwhim.com\/p\/luminous-deep-pink-eternal-rose\/#breadcrumb","itemListElement":[{"@type":"ListItem","position":1,"name":"Home","item":"https:\/\/petalwhim.com\/"},{"@type":"ListItem","position":2,"name":"Shop","item":"https:\/\/petalwhim.com\/shop\/"},{"@type":"ListItem","position":3,"name":"Luminous Eternal Rose Deep Rose"}]},{"@type":"WebSite","@id":"https:\/\/petalwhim.com\/#website","url":"https:\/\/petalwhim.com\/","name":"Petal Whim\u2122","description":"Trandafir \u00een sticl\u0103","publisher":{"@id":"https:\/\/petalwhim.com\/#organization"},"potentialAction":[{"@type":"SearchAction","target":{"@type":"EntryPoint","urlTemplate":"https:\/\/petalwhim.com\/?s={search_term_string}"},"query-input":{"@type":"PropertyValueSpecification","valueRequired":true,"valueName":"search_term_string"}}],"inLanguage":"ro-RO"},{"@type":"Organization","@id":"https:\/\/petalwhim.com\/#organization","name":"Petal Whim","alternateName":"Rose in Glass","url":"https:\/\/petalwhim.com\/","logo":{"@type":"ImageObject","inLanguage":"ro-RO","@id":"https:\/\/petalwhim.com\/#\/schema\/logo\/image\/","url":"https:\/\/petalwhim.com\/wp-content\/uploads\/2024\/05\/cropped-Petal-Whim-Favicon.png","contentUrl":"https:\/\/petalwhim.com\/wp-content\/uploads\/2024\/05\/cropped-Petal-Whim-Favicon.png","width":512,"height":512,"caption":"Petal Whim"},"image":{"@id":"https:\/\/petalwhim.com\/#\/schema\/logo\/image\/"}}]}},"_links":{"self":[{"href":"https:\/\/petalwhim.com\/ro\/wp-json\/wp\/v2\/product\/135","targetHints":{"allow":["GET"]}}],"collection":[{"href":"https:\/\/petalwhim.com\/ro\/wp-json\/wp\/v2\/product"}],"about":[{"href":"https:\/\/petalwhim.com\/ro\/wp-json\/wp\/v2\/types\/product"}],"wp:featuredmedia":[{"embeddable":true,"href":"https:\/\/petalwhim.com\/ro\/wp-json\/wp\/v2\/media\/134"}],"wp:attachment":[{"href":"https:\/\/petalwhim.com\/ro\/wp-json\/wp\/v2\/media?parent=135"}],"wp:term":[{"taxonomy":"product_brand","embeddable":true,"href":"https:\/\/petalwhim.com\/ro\/wp-json\/wp\/v2\/product_brand?post=135"},{"taxonomy":"product_cat","embeddable":true,"href":"https:\/\/petalwhim.com\/ro\/wp-json\/wp\/v2\/product_cat?post=135"},{"taxonomy":"product_tag","embeddable":true,"href":"https:\/\/petalwhim.com\/ro\/wp-json\/wp\/v2\/product_tag?post=135"}],"curies":[{"name":"wp","href":"https:\/\/api.w.org\/{rel}","templated":true}]}}