{"id":23,"date":"2024-04-10T02:26:00","date_gmt":"2024-04-10T02:26:00","guid":{"rendered":"https:\/\/roseinglass.kinsta.cloud\/?page_id=23"},"modified":"2024-04-10T02:26:00","modified_gmt":"2024-04-10T02:26:00","slug":"politica-de-confidentialitate-2","status":"publish","type":"page","link":"https:\/\/petalwhim.com\/ro\/politica-de-confidentialitate-2\/","title":{"rendered":"Politica de confiden\u021bialitate"},"content":{"rendered":"Aceast\u0103 Politic\u0103 de confiden\u021bialitate descrie modul \u00een care sunt colectate, utilizate \u0219i partajate informa\u021biile dvs. personale atunci c\u00e2nd vizita\u021bi sau face\u021bi o achizi\u021bie de pe petalwhim.com (\"Site-ul\").\r\n<h2>INFORMA\u021aII PERSONALE PE CARE LE COLECT\u0102M<\/h2>\r\nAtunci c\u00e2nd vizita\u021bi site-ul, colect\u0103m automat anumite informa\u021bii despre dispozitivul dumneavoastr\u0103, inclusiv informa\u021bii despre browserul dumneavoastr\u0103 web, adresa IP, fusul orar \u0219i unele dintre modulele cookie instalate pe dispozitivul dumneavoastr\u0103. \u00cen plus, pe m\u0103sur\u0103 ce naviga\u021bi pe site, colect\u0103m informa\u021bii despre paginile web sau produsele individuale pe care le vizualiza\u021bi, despre site-urile web sau termenii de c\u0103utare care v-au direc\u021bionat c\u0103tre site \u0219i informa\u021bii despre modul \u00een care interac\u021biona\u021bi cu site-ul. Ne referim la aceste informa\u021bii colectate automat sub denumirea de \"Informa\u021bii despre dispozitiv\".\r\n\r\nColect\u0103m informa\u021bii despre dispozitiv utiliz\u00e2nd urm\u0103toarele tehnologii:\r\n<ul>\r\n \t<li>\"Cookie-urile\" sunt fi\u0219iere de date care sunt plasate pe dispozitivul sau computerul dumneavoastr\u0103 \u0219i care includ adesea un identificator unic anonim. Pentru mai multe informa\u021bii despre modulele cookie \u0219i despre cum s\u0103 dezactiva\u021bi modulele cookie, vizita\u021bi http:\/\/www.allaboutcookies.org.<\/li>\r\n \t<li>\"Fi\u0219ierele jurnal\" urm\u0103resc ac\u021biunile care au loc pe site \u0219i colecteaz\u0103 date, inclusiv adresa IP, tipul de browser, furnizorul de servicii de internet, paginile de trimitere\/ie\u0219ire \u0219i \u0219tampilele de dat\u0103\/ora.<\/li>\r\n \t<li>\"Web beacons\", \"etichete\" \u0219i \"pixeli\" sunt fi\u0219iere electronice utilizate pentru a \u00eenregistra informa\u021bii despre modul \u00een care naviga\u021bi pe site.<\/li>\r\n<\/ul>\r\n\u00cen plus, atunci c\u00e2nd face\u021bi o achizi\u021bie sau \u00eencerca\u021bi s\u0103 face\u021bi o achizi\u021bie prin intermediul Site-ului, colect\u0103m anumite informa\u021bii de la dvs., inclusiv numele, adresa de facturare, adresa de expediere, informa\u021biile de plat\u0103 (inclusiv numerele cardurilor de credit ]\r\n\r\nAtunci c\u00e2nd vorbim despre \"Informa\u021bii personale\" \u00een aceast\u0103 Politic\u0103 de confiden\u021bialitate, ne referim at\u00e2t la Informa\u021bii despre dispozitiv, c\u00e2t \u0219i la Informa\u021bii despre comand\u0103.\r\n<h2>CUM FOLOSIM INFORMA\u021aIILE DUMNEAVOASTR\u0102 PERSONALE?<\/h2>\r\nUtiliz\u0103m informa\u021biile despre comenzi pe care le colect\u0103m \u00een general pentru a \u00eendeplini orice comand\u0103 plasat\u0103 prin intermediul site-ului (inclusiv pentru a procesa informa\u021biile dvs. de plat\u0103, pentru a aranja expedierea \u0219i pentru a v\u0103 furniza facturi \u0219i\/sau confirm\u0103ri de comand\u0103). \u00cen plus, folosim aceste Informa\u021bii despre comenzi pentru:\r\n<ul>\r\n \t<li>Comunica\u021bi cu dumneavoastr\u0103;<\/li>\r\n \t<li>s\u0103 ne verific\u0103m comenzile pentru a detecta eventualele riscuri sau fraude; \u0219i<\/li>\r\n \t<li>\u00cen conformitate cu preferin\u021bele pe care ni le-a\u021bi \u00eemp\u0103rt\u0103\u0219it, s\u0103 v\u0103 furniz\u0103m informa\u021bii sau publicitate referitoare la produsele sau serviciile noastre.<\/li>\r\n<\/ul>\r\nUtiliz\u0103m informa\u021biile despre dispozitiv pe care le colect\u0103m pentru a ne ajuta s\u0103 depist\u0103m poten\u021bialele riscuri \u0219i fraude (\u00een special adresa IP) \u0219i, \u00een general, pentru a \u00eembun\u0103t\u0103\u021bi \u0219i optimiza Site-ul nostru (de exemplu, prin generarea de analize despre modul \u00een care clien\u021bii no\u0219tri navigheaz\u0103 \u0219i interac\u021bioneaz\u0103 cu Site-ul \u0219i pentru a evalua succesul campaniilor noastre de marketing \u0219i publicitate).\r\n<h2>PARTAJAREA INFORMA\u021aIILOR DUMNEAVOASTR\u0102 PERSONALE<\/h2>\r\n\u00cemp\u0103rt\u0103\u0219im informa\u021biile dvs. personale cu ter\u021be p\u0103r\u021bi pentru a ne ajuta s\u0103 utiliz\u0103m informa\u021biile dvs. personale, a\u0219a cum este descris mai sus. De exemplu, folosim Shopify pentru a alimenta magazinul nostru online - pute\u021bi citi mai multe despre modul \u00een care Shopify utilizeaz\u0103 informa\u021biile dvs. personale aici: https:\/\/www.shopify.com\/legal\/privacy. De asemenea, utiliz\u0103m Google Analytics pentru a ne ajuta s\u0103 \u00een\u021belegem modul \u00een care clien\u021bii no\u0219tri utilizeaz\u0103 Site-ul - pute\u021bi citi mai multe despre modul \u00een care Google utilizeaz\u0103 informa\u021biile dvs. personale aici: https:\/\/www.google.com\/intl\/en\/policies\/privacy\/. De asemenea, pute\u021bi renun\u021ba la Google Analytics aici: https:\/\/tools.google.com\/dlpage\/gaoptout.\r\n\r\n\u00cen cele din urm\u0103, putem, de asemenea, s\u0103 \u00eemp\u0103rt\u0103\u0219im Informa\u021biile dvs. personale pentru a respecta legile \u0219i reglement\u0103rile aplicabile, pentru a r\u0103spunde unei cita\u021bii, unui mandat de perchezi\u021bie sau altei solicit\u0103ri legale de informa\u021bii pe care o primim sau pentru a ne proteja \u00een alt mod drepturile.\r\n<h2>PUBLICITATE COMPORTAMENTAL\u0102<\/h2>\r\nA\u0219a cum este descris mai sus, utiliz\u0103m informa\u021biile dvs. personale pentru a v\u0103 furniza reclame sau comunic\u0103ri de marketing direc\u021bionate despre care credem c\u0103 ar putea fi de interes pentru dvs. Pentru mai multe informa\u021bii despre modul \u00een care func\u021bioneaz\u0103 publicitatea direc\u021bionat\u0103, pute\u021bi vizita pagina educa\u021bional\u0103 a Network Advertising Initiative (\"NAI\") la http:\/\/www.networkadvertising.org\/understanding-online-advertising\/how-does-it-work.\r\n\r\n\u00cen plus, pute\u021bi renun\u021ba la unele dintre aceste servicii vizit\u00e2nd portalul de renun\u021bare al Digital Advertising Alliance la adresa: http:\/\/optout.aboutads.info\/.\r\n<h2>NU URM\u0102RI\u021aI<\/h2>\r\nV\u0103 rug\u0103m s\u0103 re\u021bine\u021bi c\u0103 nu modific\u0103m practicile de colectare \u0219i utilizare a datelor de pe site-ul nostru atunci c\u00e2nd vedem un semnal Do Not Track din partea browserului dumneavoastr\u0103.\r\n<h2>DREPTURILE DUMNEAVOASTR\u0102<\/h2>\r\nDac\u0103 sunte\u021bi rezident european, ave\u021bi dreptul de a accesa informa\u021biile personale pe care le de\u021binem despre dvs. \u0219i de a solicita corectarea, actualizarea sau \u0219tergerea informa\u021biilor dvs. personale. Dac\u0103 dori\u021bi s\u0103 v\u0103 exercita\u021bi acest drept, v\u0103 rug\u0103m s\u0103 ne contacta\u021bi prin intermediul informa\u021biilor de contact de mai jos.\r\n\r\n\u00cen plus, dac\u0103 sunte\u021bi rezident european, men\u021bion\u0103m c\u0103 prelucr\u0103m informa\u021biile dvs. pentru a \u00eendeplini contractele pe care le-am putea avea cu dvs. (de exemplu, dac\u0103 face\u021bi o comand\u0103 prin intermediul site-ului) sau pentru a urm\u0103ri interesele noastre comerciale legitime enumerate mai sus. \u00cen plus, v\u0103 rug\u0103m s\u0103 re\u021bine\u021bi c\u0103 informa\u021biile dvs. vor fi transferate \u00een afara Europei, inclusiv \u00een Canada \u0219i Statele Unite.\r\n<h2>RETEN\u021aIA DATELOR<\/h2>\r\nAtunci c\u00e2nd plasa\u021bi o comand\u0103 prin intermediul site-ului, vom p\u0103stra informa\u021biile privind comanda dumneavoastr\u0103 \u00een eviden\u021bele noastre, cu excep\u021bia cazului \u0219i p\u00e2n\u0103 c\u00e2nd ne solicita\u021bi s\u0103 \u0219tergem aceste informa\u021bii.\r\n<h2>SCHIMB\u0102RI<\/h2>\r\nEste posibil s\u0103 actualiz\u0103m aceast\u0103 politic\u0103 de confiden\u021bialitate din c\u00e2nd \u00een c\u00e2nd pentru a reflecta, de exemplu, modific\u0103ri ale practicilor noastre sau din alte motive opera\u021bionale, legale sau de reglementare.\r\n<h2>CONTACTA\u021aI-NE<\/h2>\r\nPentru mai multe informa\u021bii despre practicile noastre de confiden\u021bialitate, dac\u0103 ave\u021bi \u00eentreb\u0103ri sau dac\u0103 dori\u021bi s\u0103 depune\u021bi o pl\u00e2ngere, v\u0103 rug\u0103m s\u0103 ne contacta\u021bi prin e-mail la contact@petalwhim.com sau prin po\u0219t\u0103 folosind detaliile furnizate mai jos:\r\n\r\nPetal Whim\u2122<br\/>\r\nStrada Alexandru Vaida Voevod, nr. 53B<br\/>Cluj-Napoca 400436<br\/>Rom\u00e2nia<br\/>\r\ncontact@petalwhim.com","protected":false},"excerpt":{"rendered":"Aceast\u0103 politic\u0103 de confiden\u021bialitate descrie modul \u00een care informa\u021biile dvs. personale sunt colectate, utilizate \u0219i partajate atunci c\u00e2nd vizita\u021bi sau efectua\u021bi o achizi\u021bie de pe (\"Site\"). INFORMA\u021aII PERSONALE COLECT\u0102M C\u00e2nd vizita\u021bi Site-ul, colect\u0103m automat anumite informa\u021bii despre dispozitivul dvs., inclusiv informa\u021bii despre browserul dvs. web, adresa IP, fusul orar \u0219i unele dintre cookie-urile care [...]","protected":false},"author":1,"featured_media":0,"parent":0,"menu_order":0,"comment_status":"closed","ping_status":"closed","template":"page-blank-title-center.php","meta":{"footnotes":""},"class_list":["post-23","page","type-page","status-publish","hentry"],"yoast_head":"<!-- This site is optimized with the Yoast SEO plugin v25.9 - https:\/\/yoast.com\/wordpress\/plugins\/seo\/ -->\n<title>Privacy Policy - Petal Whim\u2122<\/title>\n<meta name=\"robots\" content=\"noindex, follow\" \/>\n<meta property=\"og:locale\" content=\"ro_RO\" \/>\n<meta property=\"og:type\" content=\"article\" \/>\n<meta property=\"og:title\" content=\"Privacy Policy - Petal Whim\u2122\" \/>\n<meta property=\"og:description\" content=\"This Privacy Policy describes how your personal information is collected, used,and shared when you visit or make a purchase from (the \u201cSite\u201d). PERSONAL INFORMATION WE COLLECT When you visit the Site, we automatically collect certain information about your device, including information about your web browser, IP address, time zone, and some of the cookies that [...]\" \/>\n<meta property=\"og:url\" content=\"https:\/\/petalwhim.com\/ro\/politica-de-confidentialitate-2\/\" \/>\n<meta property=\"og:site_name\" content=\"Petal Whim\u2122\" \/>\n<meta property=\"og:image\" content=\"https:\/\/petalwhim.com\/wp-content\/uploads\/2024\/05\/cropped-Petal-Whim-Favicon.png\" \/>\n\t<meta property=\"og:image:width\" content=\"512\" \/>\n\t<meta property=\"og:image:height\" content=\"512\" \/>\n\t<meta property=\"og:image:type\" content=\"image\/png\" \/>\n<meta name=\"twitter:card\" content=\"summary_large_image\" \/>\n<script type=\"application\/ld+json\" class=\"yoast-schema-graph\">{\"@context\":\"https:\/\/schema.org\",\"@graph\":[{\"@type\":\"WebPage\",\"@id\":\"https:\/\/petalwhim.com\/privacy-policy-2\/\",\"url\":\"https:\/\/petalwhim.com\/privacy-policy-2\/\",\"name\":\"Privacy Policy - Petal Whim\u2122\",\"isPartOf\":{\"@id\":\"https:\/\/petalwhim.com\/#website\"},\"datePublished\":\"2024-04-10T02:26:00+00:00\",\"breadcrumb\":{\"@id\":\"https:\/\/petalwhim.com\/privacy-policy-2\/#breadcrumb\"},\"inLanguage\":\"ro-RO\",\"potentialAction\":[{\"@type\":\"ReadAction\",\"target\":[\"https:\/\/petalwhim.com\/privacy-policy-2\/\"]}]},{\"@type\":\"BreadcrumbList\",\"@id\":\"https:\/\/petalwhim.com\/privacy-policy-2\/#breadcrumb\",\"itemListElement\":[{\"@type\":\"ListItem\",\"position\":1,\"name\":\"Home\",\"item\":\"https:\/\/petalwhim.com\/\"},{\"@type\":\"ListItem\",\"position\":2,\"name\":\"Privacy Policy\"}]},{\"@type\":\"WebSite\",\"@id\":\"https:\/\/petalwhim.com\/#website\",\"url\":\"https:\/\/petalwhim.com\/\",\"name\":\"Petal Whim\u2122\",\"description\":\"Rose in Glass\",\"publisher\":{\"@id\":\"https:\/\/petalwhim.com\/#organization\"},\"potentialAction\":[{\"@type\":\"SearchAction\",\"target\":{\"@type\":\"EntryPoint\",\"urlTemplate\":\"https:\/\/petalwhim.com\/?s={search_term_string}\"},\"query-input\":{\"@type\":\"PropertyValueSpecification\",\"valueRequired\":true,\"valueName\":\"search_term_string\"}}],\"inLanguage\":\"ro-RO\"},{\"@type\":\"Organization\",\"@id\":\"https:\/\/petalwhim.com\/#organization\",\"name\":\"Petal Whim\",\"alternateName\":\"Rose in Glass\",\"url\":\"https:\/\/petalwhim.com\/\",\"logo\":{\"@type\":\"ImageObject\",\"inLanguage\":\"ro-RO\",\"@id\":\"https:\/\/petalwhim.com\/#\/schema\/logo\/image\/\",\"url\":\"https:\/\/petalwhim.com\/wp-content\/uploads\/2024\/05\/cropped-Petal-Whim-Favicon.png\",\"contentUrl\":\"https:\/\/petalwhim.com\/wp-content\/uploads\/2024\/05\/cropped-Petal-Whim-Favicon.png\",\"width\":512,\"height\":512,\"caption\":\"Petal Whim\"},\"image\":{\"@id\":\"https:\/\/petalwhim.com\/#\/schema\/logo\/image\/\"}}]}<\/script>\n<!-- \/ Yoast SEO plugin. -->","yoast_head_json":{"title":"Politica de confiden\u021bialitate - Petal Whim\u2122","robots":{"index":"noindex","follow":"follow"},"og_locale":"ro_RO","og_type":"article","og_title":"Privacy Policy - Petal Whim\u2122","og_description":"This Privacy Policy describes how your personal information is collected, used,and shared when you visit or make a purchase from (the \u201cSite\u201d). PERSONAL INFORMATION WE COLLECT When you visit the Site, we automatically collect certain information about your device, including information about your web browser, IP address, time zone, and some of the cookies that [...]","og_url":"https:\/\/petalwhim.com\/ro\/politica-de-confidentialitate-2\/","og_site_name":"Petal Whim\u2122","og_image":[{"width":512,"height":512,"url":"https:\/\/petalwhim.com\/wp-content\/uploads\/2024\/05\/cropped-Petal-Whim-Favicon.png","type":"image\/png"}],"twitter_card":"summary_large_image","schema":{"@context":"https:\/\/schema.org","@graph":[{"@type":"WebPage","@id":"https:\/\/petalwhim.com\/privacy-policy-2\/","url":"https:\/\/petalwhim.com\/privacy-policy-2\/","name":"Politica de confiden\u021bialitate - Petal Whim\u2122","isPartOf":{"@id":"https:\/\/petalwhim.com\/#website"},"datePublished":"2024-04-10T02:26:00+00:00","breadcrumb":{"@id":"https:\/\/petalwhim.com\/privacy-policy-2\/#breadcrumb"},"inLanguage":"ro-RO","potentialAction":[{"@type":"ReadAction","target":["https:\/\/petalwhim.com\/privacy-policy-2\/"]}]},{"@type":"BreadcrumbList","@id":"https:\/\/petalwhim.com\/privacy-policy-2\/#breadcrumb","itemListElement":[{"@type":"ListItem","position":1,"name":"Home","item":"https:\/\/petalwhim.com\/"},{"@type":"ListItem","position":2,"name":"Privacy Policy"}]},{"@type":"WebSite","@id":"https:\/\/petalwhim.com\/#website","url":"https:\/\/petalwhim.com\/","name":"Petal Whim\u2122","description":"Trandafir \u00een sticl\u0103","publisher":{"@id":"https:\/\/petalwhim.com\/#organization"},"potentialAction":[{"@type":"SearchAction","target":{"@type":"EntryPoint","urlTemplate":"https:\/\/petalwhim.com\/?s={search_term_string}"},"query-input":{"@type":"PropertyValueSpecification","valueRequired":true,"valueName":"search_term_string"}}],"inLanguage":"ro-RO"},{"@type":"Organization","@id":"https:\/\/petalwhim.com\/#organization","name":"Petal Whim","alternateName":"Rose in Glass","url":"https:\/\/petalwhim.com\/","logo":{"@type":"ImageObject","inLanguage":"ro-RO","@id":"https:\/\/petalwhim.com\/#\/schema\/logo\/image\/","url":"https:\/\/petalwhim.com\/wp-content\/uploads\/2024\/05\/cropped-Petal-Whim-Favicon.png","contentUrl":"https:\/\/petalwhim.com\/wp-content\/uploads\/2024\/05\/cropped-Petal-Whim-Favicon.png","width":512,"height":512,"caption":"Petal Whim"},"image":{"@id":"https:\/\/petalwhim.com\/#\/schema\/logo\/image\/"}}]}},"_links":{"self":[{"href":"https:\/\/petalwhim.com\/ro\/wp-json\/wp\/v2\/pages\/23","targetHints":{"allow":["GET"]}}],"collection":[{"href":"https:\/\/petalwhim.com\/ro\/wp-json\/wp\/v2\/pages"}],"about":[{"href":"https:\/\/petalwhim.com\/ro\/wp-json\/wp\/v2\/types\/page"}],"author":[{"embeddable":true,"href":"https:\/\/petalwhim.com\/ro\/wp-json\/wp\/v2\/users\/1"}],"replies":[{"embeddable":true,"href":"https:\/\/petalwhim.com\/ro\/wp-json\/wp\/v2\/comments?post=23"}],"version-history":[{"count":0,"href":"https:\/\/petalwhim.com\/ro\/wp-json\/wp\/v2\/pages\/23\/revisions"}],"wp:attachment":[{"href":"https:\/\/petalwhim.com\/ro\/wp-json\/wp\/v2\/media?parent=23"}],"curies":[{"name":"wp","href":"https:\/\/api.w.org\/{rel}","templated":true}]}}