{"id":374,"date":"2024-04-29T01:31:39","date_gmt":"2024-04-29T01:31:39","guid":{"rendered":"https:\/\/petalwhim.com\/p\/rose-bear-azure-dream\/"},"modified":"2025-07-25T05:16:00","modified_gmt":"2025-07-25T05:16:00","slug":"urso-rosa-sonho-azul","status":"publish","type":"product","link":"https:\/\/petalwhim.com\/pt\/p\/urso-rosa-sonho-azul\/","title":{"rendered":"<span>Urso Rosa <\/span><span class=\"product-title-custom\">Azure Dream<\/span>"},"content":{"rendered":"<h2>Ursinho de peluche Blue Rose: o presente que traz alegria!<\/h2> <p>Petal Whim\u2122 oferece-lhe este magn\u00edfico ursinho de peluche feito de rosas azuis. \u00c9 feito de pequenas rosas com uma fita preta \u00e0 volta do pesco\u00e7o. Esta montagem \u00e9 muito bem feita, dando-lhe o aspeto de um ursinho de peluche.<\/p> <p>Pode oferecer este ursinho de peluche rosa azul \u00e0 sua amada, mostrando o seu afeto e ternura. Pode oferecer-lho em qualquer altura, especialmente quando ela menos espera, o que ir\u00e1 deslumbrar o seu dia.<\/p> <p>As rosas que s\u00e3o reunidas para fazer este ursinho de peluche s\u00e3o azuis, uma cor que evoca ternura.<\/p>","protected":false},"excerpt":{"rendered":"<ul> <li><strong>Teddy composto<\/strong> de 550 rosas eternas e uma fita de cetim preta<\/li> <li>Tamanho do ursinho de peluche: 40 cm<\/li> <li>Feito \u00e0 m\u00e3o na nossa oficina<\/li> <\/ul>","protected":false},"featured_media":373,"template":"","meta":[],"product_brand":[],"product_cat":[15,32],"product_tag":[],"class_list":{"0":"post-374","1":"product","2":"type-product","3":"status-publish","4":"has-post-thumbnail","6":"product_cat-all-products","7":"product_cat-flower-bear","9":"first","10":"instock","11":"shipping-taxable","12":"purchasable","13":"product-type-simple"},"yoast_head":"<!-- This site is optimized with the Yoast SEO plugin v25.9 - https:\/\/yoast.com\/wordpress\/plugins\/seo\/ -->\n<title>Rose Bear Azure Dream | Portugal Florist<\/title>\n<meta name=\"description\" content=\"Celebrate everlasting love with our Rose Bear Azure Dream .\ud83c\udf39Symbolize your endless affection. Shop now and get a free...\" \/>\n<meta name=\"robots\" content=\"index, follow, max-snippet:-1, max-image-preview:large, max-video-preview:-1\" \/>\n<link rel=\"canonical\" href=\"https:\/\/petalwhim.com\/pt\/p\/urso-rosa-sonho-azul\/\" \/>\n<meta property=\"og:locale\" content=\"pt_PT\" \/>\n<meta property=\"og:type\" content=\"article\" \/>\n<meta property=\"og:title\" content=\"Rose Bear Azure Dream | Portugal Florist\" \/>\n<meta property=\"og:description\" content=\"Celebrate everlasting love with our Rose Bear Azure Dream .\ud83c\udf39Symbolize your endless affection. Shop now and get a free...\" \/>\n<meta property=\"og:url\" content=\"https:\/\/petalwhim.com\/pt\/p\/urso-rosa-sonho-azul\/\" \/>\n<meta property=\"og:site_name\" content=\"Petal Whim\u2122\" \/>\n<meta property=\"article:modified_time\" content=\"2025-07-25T05:16:00+00:00\" \/>\n<meta property=\"og:image\" content=\"https:\/\/petalwhim.com\/wp-content\/uploads\/2024\/04\/ours-en-rose-bleu_600x_1eb44f26-ce6a-46a4-9d6c-14301e8b5895_2000x.jpg\" \/>\n\t<meta property=\"og:image:width\" content=\"600\" \/>\n\t<meta property=\"og:image:height\" content=\"600\" \/>\n\t<meta property=\"og:image:type\" content=\"image\/jpeg\" \/>\n<meta name=\"twitter:card\" content=\"summary_large_image\" \/>\n<meta name=\"twitter:label1\" content=\"Tempo estimado de leitura\" \/>\n\t<meta name=\"twitter:data1\" content=\"1 minuto\" \/>\n<script type=\"application\/ld+json\" class=\"yoast-schema-graph\">{\"@context\":\"https:\/\/schema.org\",\"@graph\":[{\"@type\":\"WebPage\",\"@id\":\"https:\/\/petalwhim.com\/p\/rose-bear-azure-dream\/\",\"url\":\"https:\/\/petalwhim.com\/p\/rose-bear-azure-dream\/\",\"name\":\"Rose Bear Azure Dream | Portugal Florist\",\"isPartOf\":{\"@id\":\"https:\/\/petalwhim.com\/#website\"},\"primaryImageOfPage\":{\"@id\":\"https:\/\/petalwhim.com\/p\/rose-bear-azure-dream\/#primaryimage\"},\"image\":{\"@id\":\"https:\/\/petalwhim.com\/p\/rose-bear-azure-dream\/#primaryimage\"},\"thumbnailUrl\":\"https:\/\/petalwhim.com\/wp-content\/uploads\/2024\/04\/ours-en-rose-bleu_600x_1eb44f26-ce6a-46a4-9d6c-14301e8b5895_2000x.jpg\",\"datePublished\":\"2024-04-29T01:31:39+00:00\",\"dateModified\":\"2025-07-25T05:16:00+00:00\",\"description\":\"Celebrate everlasting love with our Rose Bear Azure Dream .\ud83c\udf39Symbolize your endless affection. Shop now and get a free...\",\"breadcrumb\":{\"@id\":\"https:\/\/petalwhim.com\/p\/rose-bear-azure-dream\/#breadcrumb\"},\"inLanguage\":\"pt-PT\",\"potentialAction\":[{\"@type\":\"ReadAction\",\"target\":[\"https:\/\/petalwhim.com\/p\/rose-bear-azure-dream\/\"]}]},{\"@type\":\"ImageObject\",\"inLanguage\":\"pt-PT\",\"@id\":\"https:\/\/petalwhim.com\/p\/rose-bear-azure-dream\/#primaryimage\",\"url\":\"https:\/\/petalwhim.com\/wp-content\/uploads\/2024\/04\/ours-en-rose-bleu_600x_1eb44f26-ce6a-46a4-9d6c-14301e8b5895_2000x.jpg\",\"contentUrl\":\"https:\/\/petalwhim.com\/wp-content\/uploads\/2024\/04\/ours-en-rose-bleu_600x_1eb44f26-ce6a-46a4-9d6c-14301e8b5895_2000x.jpg\",\"width\":600,\"height\":600,\"caption\":\"Rose Bear Azure Dream\"},{\"@type\":\"BreadcrumbList\",\"@id\":\"https:\/\/petalwhim.com\/p\/rose-bear-azure-dream\/#breadcrumb\",\"itemListElement\":[{\"@type\":\"ListItem\",\"position\":1,\"name\":\"Home\",\"item\":\"https:\/\/petalwhim.com\/\"},{\"@type\":\"ListItem\",\"position\":2,\"name\":\"Shop\",\"item\":\"https:\/\/petalwhim.com\/shop\/\"},{\"@type\":\"ListItem\",\"position\":3,\"name\":\"Rose Bear Azure Dream\"}]},{\"@type\":\"WebSite\",\"@id\":\"https:\/\/petalwhim.com\/#website\",\"url\":\"https:\/\/petalwhim.com\/\",\"name\":\"Petal Whim\u2122\",\"description\":\"Rose in Glass\",\"publisher\":{\"@id\":\"https:\/\/petalwhim.com\/#organization\"},\"potentialAction\":[{\"@type\":\"SearchAction\",\"target\":{\"@type\":\"EntryPoint\",\"urlTemplate\":\"https:\/\/petalwhim.com\/?s={search_term_string}\"},\"query-input\":{\"@type\":\"PropertyValueSpecification\",\"valueRequired\":true,\"valueName\":\"search_term_string\"}}],\"inLanguage\":\"pt-PT\"},{\"@type\":\"Organization\",\"@id\":\"https:\/\/petalwhim.com\/#organization\",\"name\":\"Petal Whim\",\"alternateName\":\"Rose in Glass\",\"url\":\"https:\/\/petalwhim.com\/\",\"logo\":{\"@type\":\"ImageObject\",\"inLanguage\":\"pt-PT\",\"@id\":\"https:\/\/petalwhim.com\/#\/schema\/logo\/image\/\",\"url\":\"https:\/\/petalwhim.com\/wp-content\/uploads\/2024\/05\/cropped-Petal-Whim-Favicon.png\",\"contentUrl\":\"https:\/\/petalwhim.com\/wp-content\/uploads\/2024\/05\/cropped-Petal-Whim-Favicon.png\",\"width\":512,\"height\":512,\"caption\":\"Petal Whim\"},\"image\":{\"@id\":\"https:\/\/petalwhim.com\/#\/schema\/logo\/image\/\"}}]}<\/script>\n<!-- \/ Yoast SEO plugin. -->","yoast_head_json":{"title":"Urso Rosa Azure Dream | Portugal Florist","description":"Celebre o amor eterno com o nosso Urso Rosa Azure Dream .\ud83c\udf39Simbolize o seu afeto sem fim. Compre agora e receba um...","robots":{"index":"index","follow":"follow","max-snippet":"max-snippet:-1","max-image-preview":"max-image-preview:large","max-video-preview":"max-video-preview:-1"},"canonical":"https:\/\/petalwhim.com\/pt\/p\/urso-rosa-sonho-azul\/","og_locale":"pt_PT","og_type":"article","og_title":"Rose Bear Azure Dream | Portugal Florist","og_description":"Celebrate everlasting love with our Rose Bear Azure Dream .\ud83c\udf39Symbolize your endless affection. Shop now and get a free...","og_url":"https:\/\/petalwhim.com\/pt\/p\/urso-rosa-sonho-azul\/","og_site_name":"Petal Whim\u2122","article_modified_time":"2025-07-25T05:16:00+00:00","og_image":[{"width":600,"height":600,"url":"https:\/\/petalwhim.com\/wp-content\/uploads\/2024\/04\/ours-en-rose-bleu_600x_1eb44f26-ce6a-46a4-9d6c-14301e8b5895_2000x.jpg","type":"image\/jpeg"}],"twitter_card":"summary_large_image","twitter_misc":{"Tempo estimado de leitura":"1 minuto"},"schema":{"@context":"https:\/\/schema.org","@graph":[{"@type":"WebPage","@id":"https:\/\/petalwhim.com\/p\/rose-bear-azure-dream\/","url":"https:\/\/petalwhim.com\/p\/rose-bear-azure-dream\/","name":"Urso Rosa Azure Dream | Portugal Florist","isPartOf":{"@id":"https:\/\/petalwhim.com\/#website"},"primaryImageOfPage":{"@id":"https:\/\/petalwhim.com\/p\/rose-bear-azure-dream\/#primaryimage"},"image":{"@id":"https:\/\/petalwhim.com\/p\/rose-bear-azure-dream\/#primaryimage"},"thumbnailUrl":"https:\/\/petalwhim.com\/wp-content\/uploads\/2024\/04\/ours-en-rose-bleu_600x_1eb44f26-ce6a-46a4-9d6c-14301e8b5895_2000x.jpg","datePublished":"2024-04-29T01:31:39+00:00","dateModified":"2025-07-25T05:16:00+00:00","description":"Celebre o amor eterno com o nosso Urso Rosa Azure Dream .\ud83c\udf39Simbolize o seu afeto sem fim. Compre agora e receba um...","breadcrumb":{"@id":"https:\/\/petalwhim.com\/p\/rose-bear-azure-dream\/#breadcrumb"},"inLanguage":"pt-PT","potentialAction":[{"@type":"ReadAction","target":["https:\/\/petalwhim.com\/p\/rose-bear-azure-dream\/"]}]},{"@type":"ImageObject","inLanguage":"pt-PT","@id":"https:\/\/petalwhim.com\/p\/rose-bear-azure-dream\/#primaryimage","url":"https:\/\/petalwhim.com\/wp-content\/uploads\/2024\/04\/ours-en-rose-bleu_600x_1eb44f26-ce6a-46a4-9d6c-14301e8b5895_2000x.jpg","contentUrl":"https:\/\/petalwhim.com\/wp-content\/uploads\/2024\/04\/ours-en-rose-bleu_600x_1eb44f26-ce6a-46a4-9d6c-14301e8b5895_2000x.jpg","width":600,"height":600,"caption":"Rose Bear Azure Dream"},{"@type":"BreadcrumbList","@id":"https:\/\/petalwhim.com\/p\/rose-bear-azure-dream\/#breadcrumb","itemListElement":[{"@type":"ListItem","position":1,"name":"Home","item":"https:\/\/petalwhim.com\/"},{"@type":"ListItem","position":2,"name":"Shop","item":"https:\/\/petalwhim.com\/shop\/"},{"@type":"ListItem","position":3,"name":"Rose Bear Azure Dream"}]},{"@type":"WebSite","@id":"https:\/\/petalwhim.com\/#website","url":"https:\/\/petalwhim.com\/","name":"Petal Whim\u2122","description":"Rosa em vidro","publisher":{"@id":"https:\/\/petalwhim.com\/#organization"},"potentialAction":[{"@type":"SearchAction","target":{"@type":"EntryPoint","urlTemplate":"https:\/\/petalwhim.com\/?s={search_term_string}"},"query-input":{"@type":"PropertyValueSpecification","valueRequired":true,"valueName":"search_term_string"}}],"inLanguage":"pt-PT"},{"@type":"Organization","@id":"https:\/\/petalwhim.com\/#organization","name":"Petal Whim","alternateName":"Rose in Glass","url":"https:\/\/petalwhim.com\/","logo":{"@type":"ImageObject","inLanguage":"pt-PT","@id":"https:\/\/petalwhim.com\/#\/schema\/logo\/image\/","url":"https:\/\/petalwhim.com\/wp-content\/uploads\/2024\/05\/cropped-Petal-Whim-Favicon.png","contentUrl":"https:\/\/petalwhim.com\/wp-content\/uploads\/2024\/05\/cropped-Petal-Whim-Favicon.png","width":512,"height":512,"caption":"Petal Whim"},"image":{"@id":"https:\/\/petalwhim.com\/#\/schema\/logo\/image\/"}}]}},"_links":{"self":[{"href":"https:\/\/petalwhim.com\/pt\/wp-json\/wp\/v2\/product\/374","targetHints":{"allow":["GET"]}}],"collection":[{"href":"https:\/\/petalwhim.com\/pt\/wp-json\/wp\/v2\/product"}],"about":[{"href":"https:\/\/petalwhim.com\/pt\/wp-json\/wp\/v2\/types\/product"}],"wp:featuredmedia":[{"embeddable":true,"href":"https:\/\/petalwhim.com\/pt\/wp-json\/wp\/v2\/media\/373"}],"wp:attachment":[{"href":"https:\/\/petalwhim.com\/pt\/wp-json\/wp\/v2\/media?parent=374"}],"wp:term":[{"taxonomy":"product_brand","embeddable":true,"href":"https:\/\/petalwhim.com\/pt\/wp-json\/wp\/v2\/product_brand?post=374"},{"taxonomy":"product_cat","embeddable":true,"href":"https:\/\/petalwhim.com\/pt\/wp-json\/wp\/v2\/product_cat?post=374"},{"taxonomy":"product_tag","embeddable":true,"href":"https:\/\/petalwhim.com\/pt\/wp-json\/wp\/v2\/product_tag?post=374"}],"curies":[{"name":"wp","href":"https:\/\/api.w.org\/{rel}","templated":true}]}}