{"id":337,"date":"2024-04-29T01:31:02","date_gmt":"2024-04-29T01:31:02","guid":{"rendered":"https:\/\/petalwhim.com\/p\/rose-teddy-bear-paris\/"},"modified":"2025-07-25T05:16:00","modified_gmt":"2025-07-25T05:16:00","slug":"ursinho-de-peluche-rosa-paris","status":"publish","type":"product","link":"https:\/\/petalwhim.com\/pt\/p\/ursinho-de-peluche-rosa-paris\/","title":{"rendered":"<span>Urso de peluche rosa <\/span><span class=\"product-title-custom\">Paris<\/span>"},"content":{"rendered":"<h2>Ursinho de peluche Eternal Rose: uma maravilha para oferecer!<\/h2> <p>A Petal Whim\u2122 oferece este magn\u00edfico ursinho de peluche feito de rosas vermelhas eternas. Este conjunto de rosas cria um ursinho de peluche muito giro, que apresenta tamb\u00e9m uma fita preta \u00e0 volta do pesco\u00e7o.<\/p> <p>Este belo ursinho de peluche far\u00e1 as del\u00edcias da sua mulher ou filha se lho oferecer. Demonstrar\u00e1 a sua ternura e o seu amor.<\/p> <p>Este ursinho de peluche \u00e9 feito de rosas vermelhas eternas. Esta cor evoca o amor intenso, a paix\u00e3o e o lado rom\u00e2ntico. \u00c9, portanto, a ocasi\u00e3o ideal para exprimir os seus sentimentos a algu\u00e9m que lhe \u00e9 querido.<\/p>","protected":false},"excerpt":{"rendered":"<ul> <li><strong>Teddy composto<\/strong> de 350 rosas eternas e uma fita de cetim preta<\/li> <li>Tamanho do ursinho de peluche: 25 cm<\/li> <li>Feito \u00e0 m\u00e3o na nossa oficina<\/li> <\/ul>","protected":false},"featured_media":336,"template":"","meta":[],"product_brand":[],"product_cat":[15,32],"product_tag":[],"class_list":{"0":"post-337","1":"product","2":"type-product","3":"status-publish","4":"has-post-thumbnail","6":"product_cat-all-products","7":"product_cat-flower-bear","9":"first","10":"instock","11":"sale","12":"shipping-taxable","13":"purchasable","14":"product-type-simple"},"yoast_head":"<!-- This site is optimized with the Yoast SEO plugin v25.9 - https:\/\/yoast.com\/wordpress\/plugins\/seo\/ -->\n<title>Rose Teddy Bear Paris | Portugal Florist<\/title>\n<meta name=\"description\" content=\"Celebrate everlasting love with our Rose Teddy Bear Paris .\ud83c\udf39Symbolize your endless affection. Shop now and get a free...\" \/>\n<meta name=\"robots\" content=\"index, follow, max-snippet:-1, max-image-preview:large, max-video-preview:-1\" \/>\n<link rel=\"canonical\" href=\"https:\/\/petalwhim.com\/pt\/p\/ursinho-de-peluche-rosa-paris\/\" \/>\n<meta property=\"og:locale\" content=\"pt_PT\" \/>\n<meta property=\"og:type\" content=\"article\" \/>\n<meta property=\"og:title\" content=\"Rose Teddy Bear Paris | Portugal Florist\" \/>\n<meta property=\"og:description\" content=\"Celebrate everlasting love with our Rose Teddy Bear Paris .\ud83c\udf39Symbolize your endless affection. Shop now and get a free...\" \/>\n<meta property=\"og:url\" content=\"https:\/\/petalwhim.com\/pt\/p\/ursinho-de-peluche-rosa-paris\/\" \/>\n<meta property=\"og:site_name\" content=\"Petal Whim\u2122\" \/>\n<meta property=\"article:modified_time\" content=\"2025-07-25T05:16:00+00:00\" \/>\n<meta property=\"og:image\" content=\"https:\/\/petalwhim.com\/wp-content\/uploads\/2024\/04\/ourson-en-rose-eternelle_600x_d796c68c-a055-48f1-bac8-a4fddf5c5b5a_600x.jpg\" \/>\n\t<meta property=\"og:image:width\" content=\"600\" \/>\n\t<meta property=\"og:image:height\" content=\"600\" \/>\n\t<meta property=\"og:image:type\" content=\"image\/jpeg\" \/>\n<meta name=\"twitter:card\" content=\"summary_large_image\" \/>\n<script type=\"application\/ld+json\" class=\"yoast-schema-graph\">{\"@context\":\"https:\/\/schema.org\",\"@graph\":[{\"@type\":\"WebPage\",\"@id\":\"https:\/\/petalwhim.com\/p\/rose-teddy-bear-paris\/\",\"url\":\"https:\/\/petalwhim.com\/p\/rose-teddy-bear-paris\/\",\"name\":\"Rose Teddy Bear Paris | Portugal Florist\",\"isPartOf\":{\"@id\":\"https:\/\/petalwhim.com\/#website\"},\"primaryImageOfPage\":{\"@id\":\"https:\/\/petalwhim.com\/p\/rose-teddy-bear-paris\/#primaryimage\"},\"image\":{\"@id\":\"https:\/\/petalwhim.com\/p\/rose-teddy-bear-paris\/#primaryimage\"},\"thumbnailUrl\":\"https:\/\/petalwhim.com\/wp-content\/uploads\/2024\/04\/ourson-en-rose-eternelle_600x_d796c68c-a055-48f1-bac8-a4fddf5c5b5a_600x.jpg\",\"datePublished\":\"2024-04-29T01:31:02+00:00\",\"dateModified\":\"2025-07-25T05:16:00+00:00\",\"description\":\"Celebrate everlasting love with our Rose Teddy Bear Paris .\ud83c\udf39Symbolize your endless affection. Shop now and get a free...\",\"breadcrumb\":{\"@id\":\"https:\/\/petalwhim.com\/p\/rose-teddy-bear-paris\/#breadcrumb\"},\"inLanguage\":\"pt-PT\",\"potentialAction\":[{\"@type\":\"ReadAction\",\"target\":[\"https:\/\/petalwhim.com\/p\/rose-teddy-bear-paris\/\"]}]},{\"@type\":\"ImageObject\",\"inLanguage\":\"pt-PT\",\"@id\":\"https:\/\/petalwhim.com\/p\/rose-teddy-bear-paris\/#primaryimage\",\"url\":\"https:\/\/petalwhim.com\/wp-content\/uploads\/2024\/04\/ourson-en-rose-eternelle_600x_d796c68c-a055-48f1-bac8-a4fddf5c5b5a_600x.jpg\",\"contentUrl\":\"https:\/\/petalwhim.com\/wp-content\/uploads\/2024\/04\/ourson-en-rose-eternelle_600x_d796c68c-a055-48f1-bac8-a4fddf5c5b5a_600x.jpg\",\"width\":600,\"height\":600,\"caption\":\"Rose Teddy Bear Paris\"},{\"@type\":\"BreadcrumbList\",\"@id\":\"https:\/\/petalwhim.com\/p\/rose-teddy-bear-paris\/#breadcrumb\",\"itemListElement\":[{\"@type\":\"ListItem\",\"position\":1,\"name\":\"Home\",\"item\":\"https:\/\/petalwhim.com\/\"},{\"@type\":\"ListItem\",\"position\":2,\"name\":\"Shop\",\"item\":\"https:\/\/petalwhim.com\/shop\/\"},{\"@type\":\"ListItem\",\"position\":3,\"name\":\"Rose Teddy Bear Paris\"}]},{\"@type\":\"WebSite\",\"@id\":\"https:\/\/petalwhim.com\/#website\",\"url\":\"https:\/\/petalwhim.com\/\",\"name\":\"Petal Whim\u2122\",\"description\":\"Rose in Glass\",\"publisher\":{\"@id\":\"https:\/\/petalwhim.com\/#organization\"},\"potentialAction\":[{\"@type\":\"SearchAction\",\"target\":{\"@type\":\"EntryPoint\",\"urlTemplate\":\"https:\/\/petalwhim.com\/?s={search_term_string}\"},\"query-input\":{\"@type\":\"PropertyValueSpecification\",\"valueRequired\":true,\"valueName\":\"search_term_string\"}}],\"inLanguage\":\"pt-PT\"},{\"@type\":\"Organization\",\"@id\":\"https:\/\/petalwhim.com\/#organization\",\"name\":\"Petal Whim\",\"alternateName\":\"Rose in Glass\",\"url\":\"https:\/\/petalwhim.com\/\",\"logo\":{\"@type\":\"ImageObject\",\"inLanguage\":\"pt-PT\",\"@id\":\"https:\/\/petalwhim.com\/#\/schema\/logo\/image\/\",\"url\":\"https:\/\/petalwhim.com\/wp-content\/uploads\/2024\/05\/cropped-Petal-Whim-Favicon.png\",\"contentUrl\":\"https:\/\/petalwhim.com\/wp-content\/uploads\/2024\/05\/cropped-Petal-Whim-Favicon.png\",\"width\":512,\"height\":512,\"caption\":\"Petal Whim\"},\"image\":{\"@id\":\"https:\/\/petalwhim.com\/#\/schema\/logo\/image\/\"}}]}<\/script>\n<!-- \/ Yoast SEO plugin. -->","yoast_head_json":{"title":"Urso de peluche rosa Paris | Portugal Florist","description":"Celebre o amor eterno com o nosso Urso de Peluche Rosa Paris .\ud83c\udf39Simbolize o seu afeto sem fim. Compre agora e receba um...","robots":{"index":"index","follow":"follow","max-snippet":"max-snippet:-1","max-image-preview":"max-image-preview:large","max-video-preview":"max-video-preview:-1"},"canonical":"https:\/\/petalwhim.com\/pt\/p\/ursinho-de-peluche-rosa-paris\/","og_locale":"pt_PT","og_type":"article","og_title":"Rose Teddy Bear Paris | Portugal Florist","og_description":"Celebrate everlasting love with our Rose Teddy Bear Paris .\ud83c\udf39Symbolize your endless affection. Shop now and get a free...","og_url":"https:\/\/petalwhim.com\/pt\/p\/ursinho-de-peluche-rosa-paris\/","og_site_name":"Petal Whim\u2122","article_modified_time":"2025-07-25T05:16:00+00:00","og_image":[{"width":600,"height":600,"url":"https:\/\/petalwhim.com\/wp-content\/uploads\/2024\/04\/ourson-en-rose-eternelle_600x_d796c68c-a055-48f1-bac8-a4fddf5c5b5a_600x.jpg","type":"image\/jpeg"}],"twitter_card":"summary_large_image","schema":{"@context":"https:\/\/schema.org","@graph":[{"@type":"WebPage","@id":"https:\/\/petalwhim.com\/p\/rose-teddy-bear-paris\/","url":"https:\/\/petalwhim.com\/p\/rose-teddy-bear-paris\/","name":"Urso de peluche rosa Paris | Portugal Florist","isPartOf":{"@id":"https:\/\/petalwhim.com\/#website"},"primaryImageOfPage":{"@id":"https:\/\/petalwhim.com\/p\/rose-teddy-bear-paris\/#primaryimage"},"image":{"@id":"https:\/\/petalwhim.com\/p\/rose-teddy-bear-paris\/#primaryimage"},"thumbnailUrl":"https:\/\/petalwhim.com\/wp-content\/uploads\/2024\/04\/ourson-en-rose-eternelle_600x_d796c68c-a055-48f1-bac8-a4fddf5c5b5a_600x.jpg","datePublished":"2024-04-29T01:31:02+00:00","dateModified":"2025-07-25T05:16:00+00:00","description":"Celebre o amor eterno com o nosso Urso de Peluche Rosa Paris .\ud83c\udf39Simbolize o seu afeto sem fim. Compre agora e receba um...","breadcrumb":{"@id":"https:\/\/petalwhim.com\/p\/rose-teddy-bear-paris\/#breadcrumb"},"inLanguage":"pt-PT","potentialAction":[{"@type":"ReadAction","target":["https:\/\/petalwhim.com\/p\/rose-teddy-bear-paris\/"]}]},{"@type":"ImageObject","inLanguage":"pt-PT","@id":"https:\/\/petalwhim.com\/p\/rose-teddy-bear-paris\/#primaryimage","url":"https:\/\/petalwhim.com\/wp-content\/uploads\/2024\/04\/ourson-en-rose-eternelle_600x_d796c68c-a055-48f1-bac8-a4fddf5c5b5a_600x.jpg","contentUrl":"https:\/\/petalwhim.com\/wp-content\/uploads\/2024\/04\/ourson-en-rose-eternelle_600x_d796c68c-a055-48f1-bac8-a4fddf5c5b5a_600x.jpg","width":600,"height":600,"caption":"Rose Teddy Bear Paris"},{"@type":"BreadcrumbList","@id":"https:\/\/petalwhim.com\/p\/rose-teddy-bear-paris\/#breadcrumb","itemListElement":[{"@type":"ListItem","position":1,"name":"Home","item":"https:\/\/petalwhim.com\/"},{"@type":"ListItem","position":2,"name":"Shop","item":"https:\/\/petalwhim.com\/shop\/"},{"@type":"ListItem","position":3,"name":"Rose Teddy Bear Paris"}]},{"@type":"WebSite","@id":"https:\/\/petalwhim.com\/#website","url":"https:\/\/petalwhim.com\/","name":"Petal Whim\u2122","description":"Rosa em vidro","publisher":{"@id":"https:\/\/petalwhim.com\/#organization"},"potentialAction":[{"@type":"SearchAction","target":{"@type":"EntryPoint","urlTemplate":"https:\/\/petalwhim.com\/?s={search_term_string}"},"query-input":{"@type":"PropertyValueSpecification","valueRequired":true,"valueName":"search_term_string"}}],"inLanguage":"pt-PT"},{"@type":"Organization","@id":"https:\/\/petalwhim.com\/#organization","name":"Petal Whim","alternateName":"Rose in Glass","url":"https:\/\/petalwhim.com\/","logo":{"@type":"ImageObject","inLanguage":"pt-PT","@id":"https:\/\/petalwhim.com\/#\/schema\/logo\/image\/","url":"https:\/\/petalwhim.com\/wp-content\/uploads\/2024\/05\/cropped-Petal-Whim-Favicon.png","contentUrl":"https:\/\/petalwhim.com\/wp-content\/uploads\/2024\/05\/cropped-Petal-Whim-Favicon.png","width":512,"height":512,"caption":"Petal Whim"},"image":{"@id":"https:\/\/petalwhim.com\/#\/schema\/logo\/image\/"}}]}},"_links":{"self":[{"href":"https:\/\/petalwhim.com\/pt\/wp-json\/wp\/v2\/product\/337","targetHints":{"allow":["GET"]}}],"collection":[{"href":"https:\/\/petalwhim.com\/pt\/wp-json\/wp\/v2\/product"}],"about":[{"href":"https:\/\/petalwhim.com\/pt\/wp-json\/wp\/v2\/types\/product"}],"wp:featuredmedia":[{"embeddable":true,"href":"https:\/\/petalwhim.com\/pt\/wp-json\/wp\/v2\/media\/336"}],"wp:attachment":[{"href":"https:\/\/petalwhim.com\/pt\/wp-json\/wp\/v2\/media?parent=337"}],"wp:term":[{"taxonomy":"product_brand","embeddable":true,"href":"https:\/\/petalwhim.com\/pt\/wp-json\/wp\/v2\/product_brand?post=337"},{"taxonomy":"product_cat","embeddable":true,"href":"https:\/\/petalwhim.com\/pt\/wp-json\/wp\/v2\/product_cat?post=337"},{"taxonomy":"product_tag","embeddable":true,"href":"https:\/\/petalwhim.com\/pt\/wp-json\/wp\/v2\/product_tag?post=337"}],"curies":[{"name":"wp","href":"https:\/\/api.w.org\/{rel}","templated":true}]}}