{"id":207,"date":"2024-04-19T05:01:22","date_gmt":"2024-04-19T05:01:22","guid":{"rendered":"https:\/\/petalwhim.com\/p\/blue-eternal-rose-beauty-and-the-beast\/"},"modified":"2025-07-25T05:16:02","modified_gmt":"2025-07-25T05:16:02","slug":"azul-eterna-rosa-a-beleza-e-a-fera","status":"publish","type":"product","link":"https:\/\/petalwhim.com\/pt\/p\/azul-eterna-rosa-a-beleza-e-a-fera\/","title":{"rendered":"<span>Rosa Eterna Azul <\/span><span class=\"product-title-custom\">A Bela e o Monstro<\/span>"},"content":{"rendered":"<h2>Demonstre o seu afeto com esta rosa eterna!<br><\/h2><p>Concebida com requinte e precis\u00e3o, <strong>esta rosa eterna azul far\u00e1 as del\u00edcias dos seus amigos.<\/strong><\/p><p>Com o seu cloche de vidro protetor e a sua base de madeira de qualidade, bem como o filamento luminoso, destacam esta rosa eterna azul.<\/p><p>Esta rosa azul eterna \u00e9 a <strong>prova<\/strong>, ou s\u00edmbolo, <strong>do seu afeto pela pessoa que o recebe.<\/strong><\/p><p>Com esta rosa eterna azul sob cloche, poder\u00e1 mostrar o seu afeto mas tamb\u00e9m os sentimentos que o movem: paz, serenidade.<\/p><p>E esta flor que n\u00e3o murcha nem perde as suas folhas ser\u00e1 a <strong>demonstra\u00e7\u00e3o da vossa amizade inabal\u00e1vel.<\/strong><\/p>","protected":false},"excerpt":{"rendered":"Com o seu cloche de vidro protetor e a sua base de madeira de qualidade, bem como o filamento luminoso, destacam esta rosa eterna azul. Esta rosa eterna azul \u00e9 a prova, ou o s\u00edmbolo, do seu afeto pela pessoa que a recebe.","protected":false},"featured_media":206,"template":"","meta":[],"product_brand":[],"product_cat":[15,36,21],"product_tag":[33],"class_list":{"0":"post-207","1":"product","2":"type-product","3":"status-publish","4":"has-post-thumbnail","6":"product_cat-all-products","7":"product_cat-best-sellers","8":"product_cat-blue-forever-rose","9":"product_tag-rose-in-glass-dome","11":"first","12":"instock","13":"shipping-taxable","14":"purchasable","15":"product-type-simple"},"yoast_head":"<!-- This site is optimized with the Yoast SEO plugin v25.9 - https:\/\/yoast.com\/wordpress\/plugins\/seo\/ -->\n<title>Blue Eternal Rose Beauty and the Beast | Portugal Florist<\/title>\n<meta name=\"description\" content=\"Celebrate everlasting love with our Blue Eternal Rose Beauty and the Beast .\ud83c\udf39Symbolize your endless affection. Shop now and get a free...\" \/>\n<meta name=\"robots\" content=\"index, follow, max-snippet:-1, max-image-preview:large, max-video-preview:-1\" \/>\n<link rel=\"canonical\" href=\"https:\/\/petalwhim.com\/pt\/p\/azul-eterna-rosa-a-beleza-e-a-fera\/\" \/>\n<meta property=\"og:locale\" content=\"pt_PT\" \/>\n<meta property=\"og:type\" content=\"article\" \/>\n<meta property=\"og:title\" content=\"Blue Eternal Rose Beauty and the Beast | Portugal Florist\" \/>\n<meta property=\"og:description\" content=\"Celebrate everlasting love with our Blue Eternal Rose Beauty and the Beast .\ud83c\udf39Symbolize your endless affection. Shop now and get a free...\" \/>\n<meta property=\"og:url\" content=\"https:\/\/petalwhim.com\/pt\/p\/azul-eterna-rosa-a-beleza-e-a-fera\/\" \/>\n<meta property=\"og:site_name\" content=\"Petal Whim\u2122\" \/>\n<meta property=\"article:modified_time\" content=\"2025-07-25T05:16:02+00:00\" \/>\n<meta property=\"og:image\" content=\"https:\/\/petalwhim.com\/wp-content\/uploads\/2024\/04\/product-image-1562975867.jpg\" \/>\n\t<meta property=\"og:image:width\" content=\"640\" \/>\n\t<meta property=\"og:image:height\" content=\"640\" \/>\n\t<meta property=\"og:image:type\" content=\"image\/jpeg\" \/>\n<meta name=\"twitter:card\" content=\"summary_large_image\" \/>\n<script type=\"application\/ld+json\" class=\"yoast-schema-graph\">{\"@context\":\"https:\/\/schema.org\",\"@graph\":[{\"@type\":\"WebPage\",\"@id\":\"https:\/\/petalwhim.com\/p\/blue-eternal-rose-beauty-and-the-beast\/\",\"url\":\"https:\/\/petalwhim.com\/p\/blue-eternal-rose-beauty-and-the-beast\/\",\"name\":\"Blue Eternal Rose Beauty and the Beast | Portugal Florist\",\"isPartOf\":{\"@id\":\"https:\/\/petalwhim.com\/#website\"},\"primaryImageOfPage\":{\"@id\":\"https:\/\/petalwhim.com\/p\/blue-eternal-rose-beauty-and-the-beast\/#primaryimage\"},\"image\":{\"@id\":\"https:\/\/petalwhim.com\/p\/blue-eternal-rose-beauty-and-the-beast\/#primaryimage\"},\"thumbnailUrl\":\"https:\/\/petalwhim.com\/wp-content\/uploads\/2024\/04\/product-image-1562975867.jpg\",\"datePublished\":\"2024-04-19T05:01:22+00:00\",\"dateModified\":\"2025-07-25T05:16:02+00:00\",\"description\":\"Celebrate everlasting love with our Blue Eternal Rose Beauty and the Beast .\ud83c\udf39Symbolize your endless affection. Shop now and get a free...\",\"breadcrumb\":{\"@id\":\"https:\/\/petalwhim.com\/p\/blue-eternal-rose-beauty-and-the-beast\/#breadcrumb\"},\"inLanguage\":\"pt-PT\",\"potentialAction\":[{\"@type\":\"ReadAction\",\"target\":[\"https:\/\/petalwhim.com\/p\/blue-eternal-rose-beauty-and-the-beast\/\"]}]},{\"@type\":\"ImageObject\",\"inLanguage\":\"pt-PT\",\"@id\":\"https:\/\/petalwhim.com\/p\/blue-eternal-rose-beauty-and-the-beast\/#primaryimage\",\"url\":\"https:\/\/petalwhim.com\/wp-content\/uploads\/2024\/04\/product-image-1562975867.jpg\",\"contentUrl\":\"https:\/\/petalwhim.com\/wp-content\/uploads\/2024\/04\/product-image-1562975867.jpg\",\"width\":640,\"height\":640,\"caption\":\"Blue Eternal Rose Beauty and the Beast\"},{\"@type\":\"BreadcrumbList\",\"@id\":\"https:\/\/petalwhim.com\/p\/blue-eternal-rose-beauty-and-the-beast\/#breadcrumb\",\"itemListElement\":[{\"@type\":\"ListItem\",\"position\":1,\"name\":\"Home\",\"item\":\"https:\/\/petalwhim.com\/\"},{\"@type\":\"ListItem\",\"position\":2,\"name\":\"Shop\",\"item\":\"https:\/\/petalwhim.com\/shop\/\"},{\"@type\":\"ListItem\",\"position\":3,\"name\":\"Blue Eternal Rose Beauty and the Beast\"}]},{\"@type\":\"WebSite\",\"@id\":\"https:\/\/petalwhim.com\/#website\",\"url\":\"https:\/\/petalwhim.com\/\",\"name\":\"Petal Whim\u2122\",\"description\":\"Rose in Glass\",\"publisher\":{\"@id\":\"https:\/\/petalwhim.com\/#organization\"},\"potentialAction\":[{\"@type\":\"SearchAction\",\"target\":{\"@type\":\"EntryPoint\",\"urlTemplate\":\"https:\/\/petalwhim.com\/?s={search_term_string}\"},\"query-input\":{\"@type\":\"PropertyValueSpecification\",\"valueRequired\":true,\"valueName\":\"search_term_string\"}}],\"inLanguage\":\"pt-PT\"},{\"@type\":\"Organization\",\"@id\":\"https:\/\/petalwhim.com\/#organization\",\"name\":\"Petal Whim\",\"alternateName\":\"Rose in Glass\",\"url\":\"https:\/\/petalwhim.com\/\",\"logo\":{\"@type\":\"ImageObject\",\"inLanguage\":\"pt-PT\",\"@id\":\"https:\/\/petalwhim.com\/#\/schema\/logo\/image\/\",\"url\":\"https:\/\/petalwhim.com\/wp-content\/uploads\/2024\/05\/cropped-Petal-Whim-Favicon.png\",\"contentUrl\":\"https:\/\/petalwhim.com\/wp-content\/uploads\/2024\/05\/cropped-Petal-Whim-Favicon.png\",\"width\":512,\"height\":512,\"caption\":\"Petal Whim\"},\"image\":{\"@id\":\"https:\/\/petalwhim.com\/#\/schema\/logo\/image\/\"}}]}<\/script>\n<!-- \/ Yoast SEO plugin. -->","yoast_head_json":{"title":"Rosa Eterna Azul A Bela e o Monstro | Portugal Florist","description":"Celebre o amor eterno com a nossa Rosa Eterna Azul A Bela e o Monstro \ud83c\udf39Simbolize o seu afeto sem fim. Compre agora e ganhe um gr\u00e1tis...","robots":{"index":"index","follow":"follow","max-snippet":"max-snippet:-1","max-image-preview":"max-image-preview:large","max-video-preview":"max-video-preview:-1"},"canonical":"https:\/\/petalwhim.com\/pt\/p\/azul-eterna-rosa-a-beleza-e-a-fera\/","og_locale":"pt_PT","og_type":"article","og_title":"Blue Eternal Rose Beauty and the Beast | Portugal Florist","og_description":"Celebrate everlasting love with our Blue Eternal Rose Beauty and the Beast .\ud83c\udf39Symbolize your endless affection. Shop now and get a free...","og_url":"https:\/\/petalwhim.com\/pt\/p\/azul-eterna-rosa-a-beleza-e-a-fera\/","og_site_name":"Petal Whim\u2122","article_modified_time":"2025-07-25T05:16:02+00:00","og_image":[{"width":640,"height":640,"url":"https:\/\/petalwhim.com\/wp-content\/uploads\/2024\/04\/product-image-1562975867.jpg","type":"image\/jpeg"}],"twitter_card":"summary_large_image","schema":{"@context":"https:\/\/schema.org","@graph":[{"@type":"WebPage","@id":"https:\/\/petalwhim.com\/p\/blue-eternal-rose-beauty-and-the-beast\/","url":"https:\/\/petalwhim.com\/p\/blue-eternal-rose-beauty-and-the-beast\/","name":"Rosa Eterna Azul A Bela e o Monstro | Portugal Florist","isPartOf":{"@id":"https:\/\/petalwhim.com\/#website"},"primaryImageOfPage":{"@id":"https:\/\/petalwhim.com\/p\/blue-eternal-rose-beauty-and-the-beast\/#primaryimage"},"image":{"@id":"https:\/\/petalwhim.com\/p\/blue-eternal-rose-beauty-and-the-beast\/#primaryimage"},"thumbnailUrl":"https:\/\/petalwhim.com\/wp-content\/uploads\/2024\/04\/product-image-1562975867.jpg","datePublished":"2024-04-19T05:01:22+00:00","dateModified":"2025-07-25T05:16:02+00:00","description":"Celebre o amor eterno com a nossa Rosa Eterna Azul A Bela e o Monstro \ud83c\udf39Simbolize o seu afeto sem fim. Compre agora e ganhe um gr\u00e1tis...","breadcrumb":{"@id":"https:\/\/petalwhim.com\/p\/blue-eternal-rose-beauty-and-the-beast\/#breadcrumb"},"inLanguage":"pt-PT","potentialAction":[{"@type":"ReadAction","target":["https:\/\/petalwhim.com\/p\/blue-eternal-rose-beauty-and-the-beast\/"]}]},{"@type":"ImageObject","inLanguage":"pt-PT","@id":"https:\/\/petalwhim.com\/p\/blue-eternal-rose-beauty-and-the-beast\/#primaryimage","url":"https:\/\/petalwhim.com\/wp-content\/uploads\/2024\/04\/product-image-1562975867.jpg","contentUrl":"https:\/\/petalwhim.com\/wp-content\/uploads\/2024\/04\/product-image-1562975867.jpg","width":640,"height":640,"caption":"Blue Eternal Rose Beauty and the Beast"},{"@type":"BreadcrumbList","@id":"https:\/\/petalwhim.com\/p\/blue-eternal-rose-beauty-and-the-beast\/#breadcrumb","itemListElement":[{"@type":"ListItem","position":1,"name":"Home","item":"https:\/\/petalwhim.com\/"},{"@type":"ListItem","position":2,"name":"Shop","item":"https:\/\/petalwhim.com\/shop\/"},{"@type":"ListItem","position":3,"name":"Blue Eternal Rose Beauty and the Beast"}]},{"@type":"WebSite","@id":"https:\/\/petalwhim.com\/#website","url":"https:\/\/petalwhim.com\/","name":"Petal Whim\u2122","description":"Rosa em vidro","publisher":{"@id":"https:\/\/petalwhim.com\/#organization"},"potentialAction":[{"@type":"SearchAction","target":{"@type":"EntryPoint","urlTemplate":"https:\/\/petalwhim.com\/?s={search_term_string}"},"query-input":{"@type":"PropertyValueSpecification","valueRequired":true,"valueName":"search_term_string"}}],"inLanguage":"pt-PT"},{"@type":"Organization","@id":"https:\/\/petalwhim.com\/#organization","name":"Petal Whim","alternateName":"Rose in Glass","url":"https:\/\/petalwhim.com\/","logo":{"@type":"ImageObject","inLanguage":"pt-PT","@id":"https:\/\/petalwhim.com\/#\/schema\/logo\/image\/","url":"https:\/\/petalwhim.com\/wp-content\/uploads\/2024\/05\/cropped-Petal-Whim-Favicon.png","contentUrl":"https:\/\/petalwhim.com\/wp-content\/uploads\/2024\/05\/cropped-Petal-Whim-Favicon.png","width":512,"height":512,"caption":"Petal Whim"},"image":{"@id":"https:\/\/petalwhim.com\/#\/schema\/logo\/image\/"}}]}},"_links":{"self":[{"href":"https:\/\/petalwhim.com\/pt\/wp-json\/wp\/v2\/product\/207","targetHints":{"allow":["GET"]}}],"collection":[{"href":"https:\/\/petalwhim.com\/pt\/wp-json\/wp\/v2\/product"}],"about":[{"href":"https:\/\/petalwhim.com\/pt\/wp-json\/wp\/v2\/types\/product"}],"wp:featuredmedia":[{"embeddable":true,"href":"https:\/\/petalwhim.com\/pt\/wp-json\/wp\/v2\/media\/206"}],"wp:attachment":[{"href":"https:\/\/petalwhim.com\/pt\/wp-json\/wp\/v2\/media?parent=207"}],"wp:term":[{"taxonomy":"product_brand","embeddable":true,"href":"https:\/\/petalwhim.com\/pt\/wp-json\/wp\/v2\/product_brand?post=207"},{"taxonomy":"product_cat","embeddable":true,"href":"https:\/\/petalwhim.com\/pt\/wp-json\/wp\/v2\/product_cat?post=207"},{"taxonomy":"product_tag","embeddable":true,"href":"https:\/\/petalwhim.com\/pt\/wp-json\/wp\/v2\/product_tag?post=207"}],"curies":[{"name":"wp","href":"https:\/\/api.w.org\/{rel}","templated":true}]}}