{"id":141,"date":"2024-04-19T04:58:23","date_gmt":"2024-04-19T04:58:23","guid":{"rendered":"https:\/\/petalwhim.com\/p\/eternal-white-rose-under-glass-dome\/"},"modified":"2025-07-25T05:16:04","modified_gmt":"2025-07-25T05:16:04","slug":"rosa-branca-eterna-sob-cupula-de-vidro","status":"publish","type":"product","link":"https:\/\/petalwhim.com\/pt\/p\/rosa-branca-eterna-sob-cupula-de-vidro\/","title":{"rendered":"<span>Rosa Branca Eterna <\/span><span class=\"product-title-custom\">Sob a c\u00fapula de vidro<\/span>"},"content":{"rendered":"<h2>Deseja exprimir a pureza ou simbolizar a paz? A Rosa Branca Eterna sob cloche \u00e9 a ideal para si. <\/h2><p><br>Inegavelmente reconhecida como uma das mais belas, a rosa branca \u00e9 um magn\u00edfico arranjo floral.<br><br> <strong>Quando \u00e9 que o posso oferecer?<\/strong> <br><br>Pode ser oferecido em muitas ocasi\u00f5es:<br><br>-numa festa de batismo ou de casamento, pelo seu s\u00edmbolo de pureza;<br>-numa reconcilia\u00e7\u00e3o para sinalizar que \u00e9 altura de seguir em frente e esquecer o passado;<br>-quando se pretende fazer um sinal de respeito por um ente querido como sinal de sinceridade, eleg\u00e2ncia.<br><br> <strong>O seu tempo de vida \u00e9 ef\u00e9mero? <\/strong> <br><br>Tal como o sentimento que deseja exprimir, a rosa branca eterna durar\u00e1 anos e ser\u00e1 a prova do sentimento que o move.<br><br><\/p>","protected":false},"excerpt":{"rendered":"Deseja exprimir a pureza ou simbolizar a paz? A rosa branca eterna sob cloche \u00e9 a ideal para si. Inegavelmente reconhecida como uma das mais belas, a rosa branca \u00e9 um magn\u00edfico arranjo floral. Quando \u00e9 que o posso oferecer? Pode oferec\u00ea-la em muitas ocasi\u00f5es: - num batizado ou numa festa de casamento pelo seu s\u00edmbolo de [...]","protected":false},"featured_media":140,"template":"","meta":[],"product_brand":[],"product_cat":[15,36,20],"product_tag":[33],"class_list":{"0":"post-141","1":"product","2":"type-product","3":"status-publish","4":"has-post-thumbnail","6":"product_cat-all-products","7":"product_cat-best-sellers","8":"product_cat-white-forever-rose","9":"product_tag-rose-in-glass-dome","11":"first","12":"instock","13":"sale","14":"shipping-taxable","15":"purchasable","16":"product-type-simple"},"yoast_head":"<!-- This site is optimized with the Yoast SEO plugin v25.9 - https:\/\/yoast.com\/wordpress\/plugins\/seo\/ -->\n<title>Eternal White Rose Under Glass Dome | Portugal Florist<\/title>\n<meta name=\"description\" content=\"Celebrate everlasting love with our Eternal White Rose Under Glass Dome .\ud83c\udf39Symbolize your endless affection. Shop now and get a free...\" \/>\n<meta name=\"robots\" content=\"index, follow, max-snippet:-1, max-image-preview:large, max-video-preview:-1\" \/>\n<link rel=\"canonical\" href=\"https:\/\/petalwhim.com\/pt\/p\/rosa-branca-eterna-sob-cupula-de-vidro\/\" \/>\n<meta property=\"og:locale\" content=\"pt_PT\" \/>\n<meta property=\"og:type\" content=\"article\" \/>\n<meta property=\"og:title\" content=\"Eternal White Rose Under Glass Dome | Portugal Florist\" \/>\n<meta property=\"og:description\" content=\"Celebrate everlasting love with our Eternal White Rose Under Glass Dome .\ud83c\udf39Symbolize your endless affection. Shop now and get a free...\" \/>\n<meta property=\"og:url\" content=\"https:\/\/petalwhim.com\/pt\/p\/rosa-branca-eterna-sob-cupula-de-vidro\/\" \/>\n<meta property=\"og:site_name\" content=\"Petal Whim\u2122\" \/>\n<meta property=\"article:modified_time\" content=\"2025-07-25T05:16:04+00:00\" \/>\n<meta property=\"og:image\" content=\"https:\/\/petalwhim.com\/wp-content\/uploads\/2024\/04\/product-image-1588572238.jpg\" \/>\n\t<meta property=\"og:image:width\" content=\"640\" \/>\n\t<meta property=\"og:image:height\" content=\"640\" \/>\n\t<meta property=\"og:image:type\" content=\"image\/jpeg\" \/>\n<meta name=\"twitter:card\" content=\"summary_large_image\" \/>\n<meta name=\"twitter:label1\" content=\"Tempo estimado de leitura\" \/>\n\t<meta name=\"twitter:data1\" content=\"1 minuto\" \/>\n<script type=\"application\/ld+json\" class=\"yoast-schema-graph\">{\"@context\":\"https:\/\/schema.org\",\"@graph\":[{\"@type\":\"WebPage\",\"@id\":\"https:\/\/petalwhim.com\/p\/eternal-white-rose-under-glass-dome\/\",\"url\":\"https:\/\/petalwhim.com\/p\/eternal-white-rose-under-glass-dome\/\",\"name\":\"Eternal White Rose Under Glass Dome | Portugal Florist\",\"isPartOf\":{\"@id\":\"https:\/\/petalwhim.com\/#website\"},\"primaryImageOfPage\":{\"@id\":\"https:\/\/petalwhim.com\/p\/eternal-white-rose-under-glass-dome\/#primaryimage\"},\"image\":{\"@id\":\"https:\/\/petalwhim.com\/p\/eternal-white-rose-under-glass-dome\/#primaryimage\"},\"thumbnailUrl\":\"https:\/\/petalwhim.com\/wp-content\/uploads\/2024\/04\/product-image-1588572238.jpg\",\"datePublished\":\"2024-04-19T04:58:23+00:00\",\"dateModified\":\"2025-07-25T05:16:04+00:00\",\"description\":\"Celebrate everlasting love with our Eternal White Rose Under Glass Dome .\ud83c\udf39Symbolize your endless affection. Shop now and get a free...\",\"breadcrumb\":{\"@id\":\"https:\/\/petalwhim.com\/p\/eternal-white-rose-under-glass-dome\/#breadcrumb\"},\"inLanguage\":\"pt-PT\",\"potentialAction\":[{\"@type\":\"ReadAction\",\"target\":[\"https:\/\/petalwhim.com\/p\/eternal-white-rose-under-glass-dome\/\"]}]},{\"@type\":\"ImageObject\",\"inLanguage\":\"pt-PT\",\"@id\":\"https:\/\/petalwhim.com\/p\/eternal-white-rose-under-glass-dome\/#primaryimage\",\"url\":\"https:\/\/petalwhim.com\/wp-content\/uploads\/2024\/04\/product-image-1588572238.jpg\",\"contentUrl\":\"https:\/\/petalwhim.com\/wp-content\/uploads\/2024\/04\/product-image-1588572238.jpg\",\"width\":640,\"height\":640,\"caption\":\"Eternal White Rose Under Glass Dome\"},{\"@type\":\"BreadcrumbList\",\"@id\":\"https:\/\/petalwhim.com\/p\/eternal-white-rose-under-glass-dome\/#breadcrumb\",\"itemListElement\":[{\"@type\":\"ListItem\",\"position\":1,\"name\":\"Home\",\"item\":\"https:\/\/petalwhim.com\/\"},{\"@type\":\"ListItem\",\"position\":2,\"name\":\"Shop\",\"item\":\"https:\/\/petalwhim.com\/shop\/\"},{\"@type\":\"ListItem\",\"position\":3,\"name\":\"Eternal White Rose Under Glass Dome\"}]},{\"@type\":\"WebSite\",\"@id\":\"https:\/\/petalwhim.com\/#website\",\"url\":\"https:\/\/petalwhim.com\/\",\"name\":\"Petal Whim\u2122\",\"description\":\"Rose in Glass\",\"publisher\":{\"@id\":\"https:\/\/petalwhim.com\/#organization\"},\"potentialAction\":[{\"@type\":\"SearchAction\",\"target\":{\"@type\":\"EntryPoint\",\"urlTemplate\":\"https:\/\/petalwhim.com\/?s={search_term_string}\"},\"query-input\":{\"@type\":\"PropertyValueSpecification\",\"valueRequired\":true,\"valueName\":\"search_term_string\"}}],\"inLanguage\":\"pt-PT\"},{\"@type\":\"Organization\",\"@id\":\"https:\/\/petalwhim.com\/#organization\",\"name\":\"Petal Whim\",\"alternateName\":\"Rose in Glass\",\"url\":\"https:\/\/petalwhim.com\/\",\"logo\":{\"@type\":\"ImageObject\",\"inLanguage\":\"pt-PT\",\"@id\":\"https:\/\/petalwhim.com\/#\/schema\/logo\/image\/\",\"url\":\"https:\/\/petalwhim.com\/wp-content\/uploads\/2024\/05\/cropped-Petal-Whim-Favicon.png\",\"contentUrl\":\"https:\/\/petalwhim.com\/wp-content\/uploads\/2024\/05\/cropped-Petal-Whim-Favicon.png\",\"width\":512,\"height\":512,\"caption\":\"Petal Whim\"},\"image\":{\"@id\":\"https:\/\/petalwhim.com\/#\/schema\/logo\/image\/\"}}]}<\/script>\n<!-- \/ Yoast SEO plugin. -->","yoast_head_json":{"title":"Rosa Branca Eterna Sob C\u00fapula de Vidro | Portugal Florist","description":"Celebre o amor eterno com a nossa Rosa Branca Eterna sob C\u00fapula de Vidro.\ud83c\udf39Simbolize o seu afeto sem fim. Compre agora e receba um...","robots":{"index":"index","follow":"follow","max-snippet":"max-snippet:-1","max-image-preview":"max-image-preview:large","max-video-preview":"max-video-preview:-1"},"canonical":"https:\/\/petalwhim.com\/pt\/p\/rosa-branca-eterna-sob-cupula-de-vidro\/","og_locale":"pt_PT","og_type":"article","og_title":"Eternal White Rose Under Glass Dome | Portugal Florist","og_description":"Celebrate everlasting love with our Eternal White Rose Under Glass Dome .\ud83c\udf39Symbolize your endless affection. Shop now and get a free...","og_url":"https:\/\/petalwhim.com\/pt\/p\/rosa-branca-eterna-sob-cupula-de-vidro\/","og_site_name":"Petal Whim\u2122","article_modified_time":"2025-07-25T05:16:04+00:00","og_image":[{"width":640,"height":640,"url":"https:\/\/petalwhim.com\/wp-content\/uploads\/2024\/04\/product-image-1588572238.jpg","type":"image\/jpeg"}],"twitter_card":"summary_large_image","twitter_misc":{"Tempo estimado de leitura":"1 minuto"},"schema":{"@context":"https:\/\/schema.org","@graph":[{"@type":"WebPage","@id":"https:\/\/petalwhim.com\/p\/eternal-white-rose-under-glass-dome\/","url":"https:\/\/petalwhim.com\/p\/eternal-white-rose-under-glass-dome\/","name":"Rosa Branca Eterna Sob C\u00fapula de Vidro | Portugal Florist","isPartOf":{"@id":"https:\/\/petalwhim.com\/#website"},"primaryImageOfPage":{"@id":"https:\/\/petalwhim.com\/p\/eternal-white-rose-under-glass-dome\/#primaryimage"},"image":{"@id":"https:\/\/petalwhim.com\/p\/eternal-white-rose-under-glass-dome\/#primaryimage"},"thumbnailUrl":"https:\/\/petalwhim.com\/wp-content\/uploads\/2024\/04\/product-image-1588572238.jpg","datePublished":"2024-04-19T04:58:23+00:00","dateModified":"2025-07-25T05:16:04+00:00","description":"Celebre o amor eterno com a nossa Rosa Branca Eterna sob C\u00fapula de Vidro.\ud83c\udf39Simbolize o seu afeto sem fim. Compre agora e receba um...","breadcrumb":{"@id":"https:\/\/petalwhim.com\/p\/eternal-white-rose-under-glass-dome\/#breadcrumb"},"inLanguage":"pt-PT","potentialAction":[{"@type":"ReadAction","target":["https:\/\/petalwhim.com\/p\/eternal-white-rose-under-glass-dome\/"]}]},{"@type":"ImageObject","inLanguage":"pt-PT","@id":"https:\/\/petalwhim.com\/p\/eternal-white-rose-under-glass-dome\/#primaryimage","url":"https:\/\/petalwhim.com\/wp-content\/uploads\/2024\/04\/product-image-1588572238.jpg","contentUrl":"https:\/\/petalwhim.com\/wp-content\/uploads\/2024\/04\/product-image-1588572238.jpg","width":640,"height":640,"caption":"Eternal White Rose Under Glass Dome"},{"@type":"BreadcrumbList","@id":"https:\/\/petalwhim.com\/p\/eternal-white-rose-under-glass-dome\/#breadcrumb","itemListElement":[{"@type":"ListItem","position":1,"name":"Home","item":"https:\/\/petalwhim.com\/"},{"@type":"ListItem","position":2,"name":"Shop","item":"https:\/\/petalwhim.com\/shop\/"},{"@type":"ListItem","position":3,"name":"Eternal White Rose Under Glass Dome"}]},{"@type":"WebSite","@id":"https:\/\/petalwhim.com\/#website","url":"https:\/\/petalwhim.com\/","name":"Petal Whim\u2122","description":"Rosa em vidro","publisher":{"@id":"https:\/\/petalwhim.com\/#organization"},"potentialAction":[{"@type":"SearchAction","target":{"@type":"EntryPoint","urlTemplate":"https:\/\/petalwhim.com\/?s={search_term_string}"},"query-input":{"@type":"PropertyValueSpecification","valueRequired":true,"valueName":"search_term_string"}}],"inLanguage":"pt-PT"},{"@type":"Organization","@id":"https:\/\/petalwhim.com\/#organization","name":"Petal Whim","alternateName":"Rose in Glass","url":"https:\/\/petalwhim.com\/","logo":{"@type":"ImageObject","inLanguage":"pt-PT","@id":"https:\/\/petalwhim.com\/#\/schema\/logo\/image\/","url":"https:\/\/petalwhim.com\/wp-content\/uploads\/2024\/05\/cropped-Petal-Whim-Favicon.png","contentUrl":"https:\/\/petalwhim.com\/wp-content\/uploads\/2024\/05\/cropped-Petal-Whim-Favicon.png","width":512,"height":512,"caption":"Petal Whim"},"image":{"@id":"https:\/\/petalwhim.com\/#\/schema\/logo\/image\/"}}]}},"_links":{"self":[{"href":"https:\/\/petalwhim.com\/pt\/wp-json\/wp\/v2\/product\/141","targetHints":{"allow":["GET"]}}],"collection":[{"href":"https:\/\/petalwhim.com\/pt\/wp-json\/wp\/v2\/product"}],"about":[{"href":"https:\/\/petalwhim.com\/pt\/wp-json\/wp\/v2\/types\/product"}],"wp:featuredmedia":[{"embeddable":true,"href":"https:\/\/petalwhim.com\/pt\/wp-json\/wp\/v2\/media\/140"}],"wp:attachment":[{"href":"https:\/\/petalwhim.com\/pt\/wp-json\/wp\/v2\/media?parent=141"}],"wp:term":[{"taxonomy":"product_brand","embeddable":true,"href":"https:\/\/petalwhim.com\/pt\/wp-json\/wp\/v2\/product_brand?post=141"},{"taxonomy":"product_cat","embeddable":true,"href":"https:\/\/petalwhim.com\/pt\/wp-json\/wp\/v2\/product_cat?post=141"},{"taxonomy":"product_tag","embeddable":true,"href":"https:\/\/petalwhim.com\/pt\/wp-json\/wp\/v2\/product_tag?post=141"}],"curies":[{"name":"wp","href":"https:\/\/api.w.org\/{rel}","templated":true}]}}