{"id":109,"date":"2024-04-19T04:57:39","date_gmt":"2024-04-19T04:57:39","guid":{"rendered":"https:\/\/petalwhim.com\/p\/small-eternal-red-heart-shaped-glass-dome-rose\/"},"modified":"2025-07-25T05:16:05","modified_gmt":"2025-07-25T05:16:05","slug":"pequena-rosa-vermelha-eterna-em-forma-de-coracao-com-cupula-de-vidro","status":"publish","type":"product","link":"https:\/\/petalwhim.com\/pt\/p\/pequena-rosa-vermelha-eterna-em-forma-de-coracao-com-cupula-de-vidro\/","title":{"rendered":"<span>Pequena rosa eterna <\/span><span class=\"product-title-custom\">C\u00fapula de vidro vermelha em forma de cora\u00e7\u00e3o<\/span>"},"content":{"rendered":"<h2>Pequena rosa eterna sob cloche: a escolha certa!<\/h2><p><br>Este pequeno <strong>rosa eterno<\/strong> \u00e9 colocado sob uma cloche com v\u00e1rias flores Smalls cinzentas. A cloche est\u00e1 ligada \u00e0 sua base preta escura e tem um cora\u00e7\u00e3o no topo. Tem tamb\u00e9m um la\u00e7o com a inscri\u00e7\u00e3o Just For You.<br><br>O seu <strong>cor vermelha<\/strong> destaca o amor, o romance, a delicadeza. Esta cor mostra o apego a uma pessoa.<br><br>Pode oferecer esta flor ao seu amado, demonstrando assim a sua <strong>amor profundo<\/strong> para ela, e recordar-lhe a do\u00e7ura do amor que sente por ela.<\/p>","protected":false},"excerpt":{"rendered":"Pequena rosa eterna sob cloche: A escolha certa! Esta pequena rosa eterna vermelha \u00e9 colocada sob cloche com v\u00e1rias flores Smalls cinzentas. A cloche est\u00e1 ligada \u00e0 sua base preta escura e tem um cora\u00e7\u00e3o no topo. A sua cor vermelha real\u00e7a o amor, o romance, a delicadeza. Esta cor [...]","protected":false},"featured_media":108,"template":"","meta":[],"product_brand":[],"product_cat":[15,36,19,35],"product_tag":[34],"class_list":{"0":"post-109","1":"product","2":"type-product","3":"status-publish","4":"has-post-thumbnail","6":"product_cat-all-products","7":"product_cat-best-sellers","8":"product_cat-red-forever-rose","9":"product_cat-small-forever-rose","10":"product_tag-small-rose-in-glass","12":"first","13":"instock","14":"shipping-taxable","15":"purchasable","16":"product-type-simple"},"yoast_head":"<!-- This site is optimized with the Yoast SEO plugin v25.9 - https:\/\/yoast.com\/wordpress\/plugins\/seo\/ -->\n<title>Small Eternal Rose Red Heart-shaped Glass Dome | Portugal Florist<\/title>\n<meta name=\"description\" content=\"Celebrate everlasting love with our Small Eternal Rose Red Heart-shaped Glass Dome .\ud83c\udf39Symbolize your endless affection. Shop now and get a free...\" \/>\n<meta name=\"robots\" content=\"index, follow, max-snippet:-1, max-image-preview:large, max-video-preview:-1\" \/>\n<link rel=\"canonical\" href=\"https:\/\/petalwhim.com\/pt\/p\/pequena-rosa-vermelha-eterna-em-forma-de-coracao-com-cupula-de-vidro\/\" \/>\n<meta property=\"og:locale\" content=\"pt_PT\" \/>\n<meta property=\"og:type\" content=\"article\" \/>\n<meta property=\"og:title\" content=\"Small Eternal Rose Red Heart-shaped Glass Dome | Portugal Florist\" \/>\n<meta property=\"og:description\" content=\"Celebrate everlasting love with our Small Eternal Rose Red Heart-shaped Glass Dome .\ud83c\udf39Symbolize your endless affection. Shop now and get a free...\" \/>\n<meta property=\"og:url\" content=\"https:\/\/petalwhim.com\/pt\/p\/pequena-rosa-vermelha-eterna-em-forma-de-coracao-com-cupula-de-vidro\/\" \/>\n<meta property=\"og:site_name\" content=\"Petal Whim\u2122\" \/>\n<meta property=\"article:modified_time\" content=\"2025-07-25T05:16:05+00:00\" \/>\n<meta property=\"og:image\" content=\"https:\/\/petalwhim.com\/wp-content\/uploads\/2024\/04\/product-image-1594224943.jpg\" \/>\n\t<meta property=\"og:image:width\" content=\"640\" \/>\n\t<meta property=\"og:image:height\" content=\"640\" \/>\n\t<meta property=\"og:image:type\" content=\"image\/jpeg\" \/>\n<meta name=\"twitter:card\" content=\"summary_large_image\" \/>\n<script type=\"application\/ld+json\" class=\"yoast-schema-graph\">{\"@context\":\"https:\/\/schema.org\",\"@graph\":[{\"@type\":\"WebPage\",\"@id\":\"https:\/\/petalwhim.com\/p\/small-eternal-red-heart-shaped-glass-dome-rose\/\",\"url\":\"https:\/\/petalwhim.com\/p\/small-eternal-red-heart-shaped-glass-dome-rose\/\",\"name\":\"Small Eternal Rose Red Heart-shaped Glass Dome | Portugal Florist\",\"isPartOf\":{\"@id\":\"https:\/\/petalwhim.com\/#website\"},\"primaryImageOfPage\":{\"@id\":\"https:\/\/petalwhim.com\/p\/small-eternal-red-heart-shaped-glass-dome-rose\/#primaryimage\"},\"image\":{\"@id\":\"https:\/\/petalwhim.com\/p\/small-eternal-red-heart-shaped-glass-dome-rose\/#primaryimage\"},\"thumbnailUrl\":\"https:\/\/petalwhim.com\/wp-content\/uploads\/2024\/04\/product-image-1594224943.jpg\",\"datePublished\":\"2024-04-19T04:57:39+00:00\",\"dateModified\":\"2025-07-25T05:16:05+00:00\",\"description\":\"Celebrate everlasting love with our Small Eternal Rose Red Heart-shaped Glass Dome .\ud83c\udf39Symbolize your endless affection. Shop now and get a free...\",\"breadcrumb\":{\"@id\":\"https:\/\/petalwhim.com\/p\/small-eternal-red-heart-shaped-glass-dome-rose\/#breadcrumb\"},\"inLanguage\":\"pt-PT\",\"potentialAction\":[{\"@type\":\"ReadAction\",\"target\":[\"https:\/\/petalwhim.com\/p\/small-eternal-red-heart-shaped-glass-dome-rose\/\"]}]},{\"@type\":\"ImageObject\",\"inLanguage\":\"pt-PT\",\"@id\":\"https:\/\/petalwhim.com\/p\/small-eternal-red-heart-shaped-glass-dome-rose\/#primaryimage\",\"url\":\"https:\/\/petalwhim.com\/wp-content\/uploads\/2024\/04\/product-image-1594224943.jpg\",\"contentUrl\":\"https:\/\/petalwhim.com\/wp-content\/uploads\/2024\/04\/product-image-1594224943.jpg\",\"width\":640,\"height\":640,\"caption\":\"Small Eternal Rose Red Heart-shaped Glass Dome\"},{\"@type\":\"BreadcrumbList\",\"@id\":\"https:\/\/petalwhim.com\/p\/small-eternal-red-heart-shaped-glass-dome-rose\/#breadcrumb\",\"itemListElement\":[{\"@type\":\"ListItem\",\"position\":1,\"name\":\"Home\",\"item\":\"https:\/\/petalwhim.com\/\"},{\"@type\":\"ListItem\",\"position\":2,\"name\":\"Shop\",\"item\":\"https:\/\/petalwhim.com\/shop\/\"},{\"@type\":\"ListItem\",\"position\":3,\"name\":\"Small Eternal Rose Red Heart-shaped Glass Dome\"}]},{\"@type\":\"WebSite\",\"@id\":\"https:\/\/petalwhim.com\/#website\",\"url\":\"https:\/\/petalwhim.com\/\",\"name\":\"Petal Whim\u2122\",\"description\":\"Rose in Glass\",\"publisher\":{\"@id\":\"https:\/\/petalwhim.com\/#organization\"},\"potentialAction\":[{\"@type\":\"SearchAction\",\"target\":{\"@type\":\"EntryPoint\",\"urlTemplate\":\"https:\/\/petalwhim.com\/?s={search_term_string}\"},\"query-input\":{\"@type\":\"PropertyValueSpecification\",\"valueRequired\":true,\"valueName\":\"search_term_string\"}}],\"inLanguage\":\"pt-PT\"},{\"@type\":\"Organization\",\"@id\":\"https:\/\/petalwhim.com\/#organization\",\"name\":\"Petal Whim\",\"alternateName\":\"Rose in Glass\",\"url\":\"https:\/\/petalwhim.com\/\",\"logo\":{\"@type\":\"ImageObject\",\"inLanguage\":\"pt-PT\",\"@id\":\"https:\/\/petalwhim.com\/#\/schema\/logo\/image\/\",\"url\":\"https:\/\/petalwhim.com\/wp-content\/uploads\/2024\/05\/cropped-Petal-Whim-Favicon.png\",\"contentUrl\":\"https:\/\/petalwhim.com\/wp-content\/uploads\/2024\/05\/cropped-Petal-Whim-Favicon.png\",\"width\":512,\"height\":512,\"caption\":\"Petal Whim\"},\"image\":{\"@id\":\"https:\/\/petalwhim.com\/#\/schema\/logo\/image\/\"}}]}<\/script>\n<!-- \/ Yoast SEO plugin. -->","yoast_head_json":{"title":"C\u00fapula de Vidro Pequena Rosa Eterna Vermelha em Forma de Cora\u00e7\u00e3o | Portugal Florist","description":"Celebre o amor eterno com a nossa C\u00fapula de Vidro em Forma de Cora\u00e7\u00e3o Vermelho Rosa Eterna Pequena.\ud83c\udf39Simbolize o seu afeto sem fim. Compre agora e ganhe um gr\u00e1tis...","robots":{"index":"index","follow":"follow","max-snippet":"max-snippet:-1","max-image-preview":"max-image-preview:large","max-video-preview":"max-video-preview:-1"},"canonical":"https:\/\/petalwhim.com\/pt\/p\/pequena-rosa-vermelha-eterna-em-forma-de-coracao-com-cupula-de-vidro\/","og_locale":"pt_PT","og_type":"article","og_title":"Small Eternal Rose Red Heart-shaped Glass Dome | Portugal Florist","og_description":"Celebrate everlasting love with our Small Eternal Rose Red Heart-shaped Glass Dome .\ud83c\udf39Symbolize your endless affection. Shop now and get a free...","og_url":"https:\/\/petalwhim.com\/pt\/p\/pequena-rosa-vermelha-eterna-em-forma-de-coracao-com-cupula-de-vidro\/","og_site_name":"Petal Whim\u2122","article_modified_time":"2025-07-25T05:16:05+00:00","og_image":[{"width":640,"height":640,"url":"https:\/\/petalwhim.com\/wp-content\/uploads\/2024\/04\/product-image-1594224943.jpg","type":"image\/jpeg"}],"twitter_card":"summary_large_image","schema":{"@context":"https:\/\/schema.org","@graph":[{"@type":"WebPage","@id":"https:\/\/petalwhim.com\/p\/small-eternal-red-heart-shaped-glass-dome-rose\/","url":"https:\/\/petalwhim.com\/p\/small-eternal-red-heart-shaped-glass-dome-rose\/","name":"C\u00fapula de Vidro Pequena Rosa Eterna Vermelha em Forma de Cora\u00e7\u00e3o | Portugal Florist","isPartOf":{"@id":"https:\/\/petalwhim.com\/#website"},"primaryImageOfPage":{"@id":"https:\/\/petalwhim.com\/p\/small-eternal-red-heart-shaped-glass-dome-rose\/#primaryimage"},"image":{"@id":"https:\/\/petalwhim.com\/p\/small-eternal-red-heart-shaped-glass-dome-rose\/#primaryimage"},"thumbnailUrl":"https:\/\/petalwhim.com\/wp-content\/uploads\/2024\/04\/product-image-1594224943.jpg","datePublished":"2024-04-19T04:57:39+00:00","dateModified":"2025-07-25T05:16:05+00:00","description":"Celebre o amor eterno com a nossa C\u00fapula de Vidro em Forma de Cora\u00e7\u00e3o Vermelho Rosa Eterna Pequena.\ud83c\udf39Simbolize o seu afeto sem fim. Compre agora e ganhe um gr\u00e1tis...","breadcrumb":{"@id":"https:\/\/petalwhim.com\/p\/small-eternal-red-heart-shaped-glass-dome-rose\/#breadcrumb"},"inLanguage":"pt-PT","potentialAction":[{"@type":"ReadAction","target":["https:\/\/petalwhim.com\/p\/small-eternal-red-heart-shaped-glass-dome-rose\/"]}]},{"@type":"ImageObject","inLanguage":"pt-PT","@id":"https:\/\/petalwhim.com\/p\/small-eternal-red-heart-shaped-glass-dome-rose\/#primaryimage","url":"https:\/\/petalwhim.com\/wp-content\/uploads\/2024\/04\/product-image-1594224943.jpg","contentUrl":"https:\/\/petalwhim.com\/wp-content\/uploads\/2024\/04\/product-image-1594224943.jpg","width":640,"height":640,"caption":"Small Eternal Rose Red Heart-shaped Glass Dome"},{"@type":"BreadcrumbList","@id":"https:\/\/petalwhim.com\/p\/small-eternal-red-heart-shaped-glass-dome-rose\/#breadcrumb","itemListElement":[{"@type":"ListItem","position":1,"name":"Home","item":"https:\/\/petalwhim.com\/"},{"@type":"ListItem","position":2,"name":"Shop","item":"https:\/\/petalwhim.com\/shop\/"},{"@type":"ListItem","position":3,"name":"Small Eternal Rose Red Heart-shaped Glass Dome"}]},{"@type":"WebSite","@id":"https:\/\/petalwhim.com\/#website","url":"https:\/\/petalwhim.com\/","name":"Petal Whim\u2122","description":"Rosa em vidro","publisher":{"@id":"https:\/\/petalwhim.com\/#organization"},"potentialAction":[{"@type":"SearchAction","target":{"@type":"EntryPoint","urlTemplate":"https:\/\/petalwhim.com\/?s={search_term_string}"},"query-input":{"@type":"PropertyValueSpecification","valueRequired":true,"valueName":"search_term_string"}}],"inLanguage":"pt-PT"},{"@type":"Organization","@id":"https:\/\/petalwhim.com\/#organization","name":"Petal Whim","alternateName":"Rose in Glass","url":"https:\/\/petalwhim.com\/","logo":{"@type":"ImageObject","inLanguage":"pt-PT","@id":"https:\/\/petalwhim.com\/#\/schema\/logo\/image\/","url":"https:\/\/petalwhim.com\/wp-content\/uploads\/2024\/05\/cropped-Petal-Whim-Favicon.png","contentUrl":"https:\/\/petalwhim.com\/wp-content\/uploads\/2024\/05\/cropped-Petal-Whim-Favicon.png","width":512,"height":512,"caption":"Petal Whim"},"image":{"@id":"https:\/\/petalwhim.com\/#\/schema\/logo\/image\/"}}]}},"_links":{"self":[{"href":"https:\/\/petalwhim.com\/pt\/wp-json\/wp\/v2\/product\/109","targetHints":{"allow":["GET"]}}],"collection":[{"href":"https:\/\/petalwhim.com\/pt\/wp-json\/wp\/v2\/product"}],"about":[{"href":"https:\/\/petalwhim.com\/pt\/wp-json\/wp\/v2\/types\/product"}],"wp:featuredmedia":[{"embeddable":true,"href":"https:\/\/petalwhim.com\/pt\/wp-json\/wp\/v2\/media\/108"}],"wp:attachment":[{"href":"https:\/\/petalwhim.com\/pt\/wp-json\/wp\/v2\/media?parent=109"}],"wp:term":[{"taxonomy":"product_brand","embeddable":true,"href":"https:\/\/petalwhim.com\/pt\/wp-json\/wp\/v2\/product_brand?post=109"},{"taxonomy":"product_cat","embeddable":true,"href":"https:\/\/petalwhim.com\/pt\/wp-json\/wp\/v2\/product_cat?post=109"},{"taxonomy":"product_tag","embeddable":true,"href":"https:\/\/petalwhim.com\/pt\/wp-json\/wp\/v2\/product_tag?post=109"}],"curies":[{"name":"wp","href":"https:\/\/api.w.org\/{rel}","templated":true}]}}