{"id":23,"date":"2024-04-10T02:26:00","date_gmt":"2024-04-10T02:26:00","guid":{"rendered":"https:\/\/roseinglass.kinsta.cloud\/?page_id=23"},"modified":"2024-04-10T02:26:00","modified_gmt":"2024-04-10T02:26:00","slug":"politica-de-privacidade-2","status":"publish","type":"page","link":"https:\/\/petalwhim.com\/pt\/politica-de-privacidade-2\/","title":{"rendered":"Pol\u00edtica de privacidade"},"content":{"rendered":"Esta Pol\u00edtica de Privacidade descreve como a sua informa\u00e7\u00e3o pessoal \u00e9 recolhida, utilizada e partilhada quando visita ou faz uma compra em petalwhim.com (o \"Site\").\r\n<h2>INFORMA\u00c7\u00d5ES PESSOAIS QUE RECOLHEMOS<\/h2>\r\nQuando visita o Site, recolhemos automaticamente determinadas informa\u00e7\u00f5es sobre o seu dispositivo, incluindo informa\u00e7\u00f5es sobre o seu browser, endere\u00e7o IP, fuso hor\u00e1rio e alguns dos cookies que est\u00e3o instalados no seu dispositivo. Al\u00e9m disso, \u00e0 medida que o utilizador navega no S\u00edtio, recolhemos informa\u00e7\u00f5es sobre as p\u00e1ginas Web ou produtos individuais que visualiza, que s\u00edtios Web ou termos de pesquisa o encaminharam para o S\u00edtio e informa\u00e7\u00f5es sobre a forma como interage com o S\u00edtio. Referimo-nos a estas informa\u00e7\u00f5es recolhidas automaticamente como \"Informa\u00e7\u00f5es do dispositivo\".\r\n\r\nRecolhemos Informa\u00e7\u00f5es do dispositivo utilizando as seguintes tecnologias:\r\n<ul>\r\n \t<li>Os \"cookies\" s\u00e3o ficheiros de dados que s\u00e3o colocados no seu dispositivo ou computador e que incluem frequentemente um identificador \u00fanico an\u00f3nimo. Para mais informa\u00e7\u00f5es sobre cookies e sobre como desativar os cookies, visite http:\/\/www.allaboutcookies.org.<\/li>\r\n \t<li>Os \"ficheiros de registo\" monitorizam as ac\u00e7\u00f5es que ocorrem no Site e recolhem dados, incluindo o seu endere\u00e7o IP, tipo de browser, fornecedor de servi\u00e7os Internet, p\u00e1ginas de refer\u00eancia\/sa\u00edda e carimbos de data\/hora.<\/li>\r\n \t<li>Os \"Web beacons\", \"tags\" e \"pixels\" s\u00e3o ficheiros electr\u00f3nicos utilizados para registar informa\u00e7\u00f5es sobre a forma como o utilizador navega no Site.<\/li>\r\n<\/ul>\r\nAl\u00e9m disso, quando o utilizador efectua uma compra ou tenta efetuar uma compra atrav\u00e9s do S\u00edtio, recolhemos determinadas informa\u00e7\u00f5es do utilizador, incluindo o seu nome, endere\u00e7o de fatura\u00e7\u00e3o, endere\u00e7o de envio, informa\u00e7\u00f5es de pagamento (incluindo n\u00fameros de cart\u00e3o de cr\u00e9dito ]\r\n\r\nQuando falamos de \"Informa\u00e7\u00f5es Pessoais\" nesta Pol\u00edtica de Privacidade, estamos a falar tanto de Informa\u00e7\u00f5es do Dispositivo como de Informa\u00e7\u00f5es da Encomenda.\r\n<h2>COMO \u00c9 QUE UTILIZAMOS AS SUAS INFORMA\u00c7\u00d5ES PESSOAIS?<\/h2>\r\nUtilizamos as Informa\u00e7\u00f5es de Encomenda que recolhemos geralmente para cumprir quaisquer encomendas efectuadas atrav\u00e9s do Site (incluindo o processamento das suas informa\u00e7\u00f5es de pagamento, a organiza\u00e7\u00e3o do envio e o fornecimento de facturas e\/ou confirma\u00e7\u00f5es de encomendas). Adicionalmente, utilizamos esta Informa\u00e7\u00e3o de Encomenda para:\r\n<ul>\r\n \t<li>Comunicar consigo;<\/li>\r\n \t<li>Examinar as nossas encomendas para detetar potenciais riscos ou fraudes; e<\/li>\r\n \t<li>Quando estiver de acordo com as prefer\u00eancias que partilhou connosco, fornecer-lhe informa\u00e7\u00f5es ou publicidade relacionadas com os nossos produtos ou servi\u00e7os.<\/li>\r\n<\/ul>\r\nUtilizamos as Informa\u00e7\u00f5es do dispositivo que recolhemos para nos ajudar a detetar potenciais riscos e fraudes (em particular, o seu endere\u00e7o IP) e, de uma forma mais geral, para melhorar e otimizar o nosso Site (por exemplo, gerando an\u00e1lises sobre a forma como os nossos clientes navegam e interagem com o Site e para avaliar o sucesso das nossas campanhas de marketing e publicidade).\r\n<h2>PARTILHAR AS SUAS INFORMA\u00c7\u00d5ES PESSOAIS<\/h2>\r\nPartilhamos os seus Dados Pessoais com terceiros para nos ajudarem a utilizar os seus Dados Pessoais, conforme descrito acima. Por exemplo, utilizamos a Shopify para alimentar a nossa loja online - pode ler mais sobre a forma como a Shopify utiliza os seus Dados Pessoais aqui: https:\/\/www.shopify.com\/legal\/privacy. Tamb\u00e9m utilizamos o Google Analytics para nos ajudar a compreender a forma como os nossos clientes utilizam o Site - pode ler mais sobre a forma como o Google utiliza os seus Dados Pessoais aqui: https:\/\/www.google.com\/intl\/en\/policies\/privacy\/. Tamb\u00e9m pode optar por sair do Google Analytics aqui: https:\/\/tools.google.com\/dlpage\/gaoptout.\r\n\r\nPor fim, tamb\u00e9m podemos partilhar as suas Informa\u00e7\u00f5es Pessoais para cumprir as leis e regulamentos aplic\u00e1veis, para responder a uma intima\u00e7\u00e3o, mandado de busca ou outro pedido legal de informa\u00e7\u00f5es que recebamos, ou para proteger os nossos direitos.\r\n<h2>PUBLICIDADE COMPORTAMENTAL<\/h2>\r\nConforme descrito acima, utilizamos as suas Informa\u00e7\u00f5es Pessoais para lhe fornecer an\u00fancios direcionados ou comunica\u00e7\u00f5es de marketing que acreditamos serem do seu interesse. Para obter mais informa\u00e7\u00f5es sobre como funciona a publicidade direcionada, pode visitar a p\u00e1gina educacional da Network Advertising Initiative (\"NAI\") em http:\/\/www.networkadvertising.org\/understanding-online-advertising\/how-does-it-work.\r\n\r\nAl\u00e9m disso, o utilizador pode optar por sair de alguns destes servi\u00e7os visitando o portal de exclus\u00e3o da Digital Advertising Alliance em: http:\/\/optout.aboutads.info\/.\r\n<h2>N\u00c3O RASTREAR<\/h2>\r\nTenha em aten\u00e7\u00e3o que n\u00e3o alteramos as pr\u00e1ticas de recolha e utiliza\u00e7\u00e3o de dados do nosso S\u00edtio quando vemos um sinal de \"N\u00e3o seguir\" do seu browser.\r\n<h2>OS SEUS DIREITOS<\/h2>\r\nSe for um residente europeu, tem o direito de aceder \u00e0s informa\u00e7\u00f5es pessoais que temos sobre si e de solicitar que as suas informa\u00e7\u00f5es pessoais sejam corrigidas, actualizadas ou eliminadas. Se pretender exercer este direito, contacte-nos atrav\u00e9s das informa\u00e7\u00f5es de contacto abaixo.\r\n\r\nAl\u00e9m disso, se o utilizador for um residente europeu, informamos que estamos a processar as suas informa\u00e7\u00f5es para cumprir contratos que possamos ter com o utilizador (por exemplo, se fizer uma encomenda atrav\u00e9s do S\u00edtio) ou para prosseguir os nossos interesses comerciais leg\u00edtimos acima indicados. Al\u00e9m disso, note que as suas informa\u00e7\u00f5es ser\u00e3o transferidas para fora da Europa, incluindo para o Canad\u00e1 e os Estados Unidos.\r\n<h2>RETEN\u00c7\u00c3O DE DADOS<\/h2>\r\nQuando o utilizador efectua uma encomenda atrav\u00e9s do S\u00edtio, manteremos as suas Informa\u00e7\u00f5es de Encomenda nos nossos registos, a menos e at\u00e9 que o utilizador nos pe\u00e7a para eliminar essas informa\u00e7\u00f5es.\r\n<h2>ALTERA\u00c7\u00d5ES<\/h2>\r\nPodemos atualizar esta pol\u00edtica de privacidade periodicamente para refletir, por exemplo, altera\u00e7\u00f5es \u00e0s nossas pr\u00e1ticas ou por outras raz\u00f5es operacionais, legais ou regulamentares.\r\n<h2>CONTACTE-NOS<\/h2>\r\nPara obter mais informa\u00e7\u00f5es sobre as nossas pr\u00e1ticas de privacidade, se tiver d\u00favidas ou se pretender apresentar uma queixa, contacte-nos por correio eletr\u00f3nico para contact@petalwhim.com ou por correio, utilizando os dados fornecidos abaixo:\r\n\r\nPetal Whim\u2122<br\/>\r\nLagoas Park, Edif\u00edcio 7<br\/>Oeiras 2740-244<br\/>Portugal<br\/>\r\ncontact@petalwhim.com","protected":false},"excerpt":{"rendered":"Esta Pol\u00edtica de Privacidade descreve a forma como as suas informa\u00e7\u00f5es pessoais s\u00e3o recolhidas, utilizadas e partilhadas quando visita ou efectua uma compra no (o \"S\u00edtio\"). INFORMA\u00c7\u00d5ES PESSOAIS QUE RECOLHEMOS Quando o utilizador visita o S\u00edtio, recolhemos automaticamente determinadas informa\u00e7\u00f5es sobre o seu dispositivo, incluindo informa\u00e7\u00f5es sobre o seu navegador Web, endere\u00e7o IP, fuso hor\u00e1rio e alguns dos cookies que [...]","protected":false},"author":1,"featured_media":0,"parent":0,"menu_order":0,"comment_status":"closed","ping_status":"closed","template":"page-blank-title-center.php","meta":{"footnotes":""},"class_list":["post-23","page","type-page","status-publish","hentry"],"yoast_head":"<!-- This site is optimized with the Yoast SEO plugin v25.9 - https:\/\/yoast.com\/wordpress\/plugins\/seo\/ -->\n<title>Privacy Policy - Petal Whim\u2122<\/title>\n<meta name=\"robots\" content=\"noindex, follow\" \/>\n<meta property=\"og:locale\" content=\"pt_PT\" \/>\n<meta property=\"og:type\" content=\"article\" \/>\n<meta property=\"og:title\" content=\"Privacy Policy - Petal Whim\u2122\" \/>\n<meta property=\"og:description\" content=\"This Privacy Policy describes how your personal information is collected, used,and shared when you visit or make a purchase from (the \u201cSite\u201d). PERSONAL INFORMATION WE COLLECT When you visit the Site, we automatically collect certain information about your device, including information about your web browser, IP address, time zone, and some of the cookies that [...]\" \/>\n<meta property=\"og:url\" content=\"https:\/\/petalwhim.com\/pt\/politica-de-privacidade-2\/\" \/>\n<meta property=\"og:site_name\" content=\"Petal Whim\u2122\" \/>\n<meta property=\"og:image\" content=\"https:\/\/petalwhim.com\/wp-content\/uploads\/2024\/05\/cropped-Petal-Whim-Favicon.png\" \/>\n\t<meta property=\"og:image:width\" content=\"512\" \/>\n\t<meta property=\"og:image:height\" content=\"512\" \/>\n\t<meta property=\"og:image:type\" content=\"image\/png\" \/>\n<meta name=\"twitter:card\" content=\"summary_large_image\" \/>\n<script type=\"application\/ld+json\" class=\"yoast-schema-graph\">{\"@context\":\"https:\/\/schema.org\",\"@graph\":[{\"@type\":\"WebPage\",\"@id\":\"https:\/\/petalwhim.com\/privacy-policy-2\/\",\"url\":\"https:\/\/petalwhim.com\/privacy-policy-2\/\",\"name\":\"Privacy Policy - Petal Whim\u2122\",\"isPartOf\":{\"@id\":\"https:\/\/petalwhim.com\/#website\"},\"datePublished\":\"2024-04-10T02:26:00+00:00\",\"breadcrumb\":{\"@id\":\"https:\/\/petalwhim.com\/privacy-policy-2\/#breadcrumb\"},\"inLanguage\":\"pt-PT\",\"potentialAction\":[{\"@type\":\"ReadAction\",\"target\":[\"https:\/\/petalwhim.com\/privacy-policy-2\/\"]}]},{\"@type\":\"BreadcrumbList\",\"@id\":\"https:\/\/petalwhim.com\/privacy-policy-2\/#breadcrumb\",\"itemListElement\":[{\"@type\":\"ListItem\",\"position\":1,\"name\":\"Home\",\"item\":\"https:\/\/petalwhim.com\/\"},{\"@type\":\"ListItem\",\"position\":2,\"name\":\"Privacy Policy\"}]},{\"@type\":\"WebSite\",\"@id\":\"https:\/\/petalwhim.com\/#website\",\"url\":\"https:\/\/petalwhim.com\/\",\"name\":\"Petal Whim\u2122\",\"description\":\"Rose in Glass\",\"publisher\":{\"@id\":\"https:\/\/petalwhim.com\/#organization\"},\"potentialAction\":[{\"@type\":\"SearchAction\",\"target\":{\"@type\":\"EntryPoint\",\"urlTemplate\":\"https:\/\/petalwhim.com\/?s={search_term_string}\"},\"query-input\":{\"@type\":\"PropertyValueSpecification\",\"valueRequired\":true,\"valueName\":\"search_term_string\"}}],\"inLanguage\":\"pt-PT\"},{\"@type\":\"Organization\",\"@id\":\"https:\/\/petalwhim.com\/#organization\",\"name\":\"Petal Whim\",\"alternateName\":\"Rose in Glass\",\"url\":\"https:\/\/petalwhim.com\/\",\"logo\":{\"@type\":\"ImageObject\",\"inLanguage\":\"pt-PT\",\"@id\":\"https:\/\/petalwhim.com\/#\/schema\/logo\/image\/\",\"url\":\"https:\/\/petalwhim.com\/wp-content\/uploads\/2024\/05\/cropped-Petal-Whim-Favicon.png\",\"contentUrl\":\"https:\/\/petalwhim.com\/wp-content\/uploads\/2024\/05\/cropped-Petal-Whim-Favicon.png\",\"width\":512,\"height\":512,\"caption\":\"Petal Whim\"},\"image\":{\"@id\":\"https:\/\/petalwhim.com\/#\/schema\/logo\/image\/\"}}]}<\/script>\n<!-- \/ Yoast SEO plugin. -->","yoast_head_json":{"title":"Pol\u00edtica de privacidade - Petal Whim\u2122","robots":{"index":"noindex","follow":"follow"},"og_locale":"pt_PT","og_type":"article","og_title":"Privacy Policy - Petal Whim\u2122","og_description":"This Privacy Policy describes how your personal information is collected, used,and shared when you visit or make a purchase from (the \u201cSite\u201d). PERSONAL INFORMATION WE COLLECT When you visit the Site, we automatically collect certain information about your device, including information about your web browser, IP address, time zone, and some of the cookies that [...]","og_url":"https:\/\/petalwhim.com\/pt\/politica-de-privacidade-2\/","og_site_name":"Petal Whim\u2122","og_image":[{"width":512,"height":512,"url":"https:\/\/petalwhim.com\/wp-content\/uploads\/2024\/05\/cropped-Petal-Whim-Favicon.png","type":"image\/png"}],"twitter_card":"summary_large_image","schema":{"@context":"https:\/\/schema.org","@graph":[{"@type":"WebPage","@id":"https:\/\/petalwhim.com\/privacy-policy-2\/","url":"https:\/\/petalwhim.com\/privacy-policy-2\/","name":"Pol\u00edtica de privacidade - Petal Whim\u2122","isPartOf":{"@id":"https:\/\/petalwhim.com\/#website"},"datePublished":"2024-04-10T02:26:00+00:00","breadcrumb":{"@id":"https:\/\/petalwhim.com\/privacy-policy-2\/#breadcrumb"},"inLanguage":"pt-PT","potentialAction":[{"@type":"ReadAction","target":["https:\/\/petalwhim.com\/privacy-policy-2\/"]}]},{"@type":"BreadcrumbList","@id":"https:\/\/petalwhim.com\/privacy-policy-2\/#breadcrumb","itemListElement":[{"@type":"ListItem","position":1,"name":"Home","item":"https:\/\/petalwhim.com\/"},{"@type":"ListItem","position":2,"name":"Privacy Policy"}]},{"@type":"WebSite","@id":"https:\/\/petalwhim.com\/#website","url":"https:\/\/petalwhim.com\/","name":"Petal Whim\u2122","description":"Rosa em vidro","publisher":{"@id":"https:\/\/petalwhim.com\/#organization"},"potentialAction":[{"@type":"SearchAction","target":{"@type":"EntryPoint","urlTemplate":"https:\/\/petalwhim.com\/?s={search_term_string}"},"query-input":{"@type":"PropertyValueSpecification","valueRequired":true,"valueName":"search_term_string"}}],"inLanguage":"pt-PT"},{"@type":"Organization","@id":"https:\/\/petalwhim.com\/#organization","name":"Petal Whim","alternateName":"Rose in Glass","url":"https:\/\/petalwhim.com\/","logo":{"@type":"ImageObject","inLanguage":"pt-PT","@id":"https:\/\/petalwhim.com\/#\/schema\/logo\/image\/","url":"https:\/\/petalwhim.com\/wp-content\/uploads\/2024\/05\/cropped-Petal-Whim-Favicon.png","contentUrl":"https:\/\/petalwhim.com\/wp-content\/uploads\/2024\/05\/cropped-Petal-Whim-Favicon.png","width":512,"height":512,"caption":"Petal Whim"},"image":{"@id":"https:\/\/petalwhim.com\/#\/schema\/logo\/image\/"}}]}},"_links":{"self":[{"href":"https:\/\/petalwhim.com\/pt\/wp-json\/wp\/v2\/pages\/23","targetHints":{"allow":["GET"]}}],"collection":[{"href":"https:\/\/petalwhim.com\/pt\/wp-json\/wp\/v2\/pages"}],"about":[{"href":"https:\/\/petalwhim.com\/pt\/wp-json\/wp\/v2\/types\/page"}],"author":[{"embeddable":true,"href":"https:\/\/petalwhim.com\/pt\/wp-json\/wp\/v2\/users\/1"}],"replies":[{"embeddable":true,"href":"https:\/\/petalwhim.com\/pt\/wp-json\/wp\/v2\/comments?post=23"}],"version-history":[{"count":0,"href":"https:\/\/petalwhim.com\/pt\/wp-json\/wp\/v2\/pages\/23\/revisions"}],"wp:attachment":[{"href":"https:\/\/petalwhim.com\/pt\/wp-json\/wp\/v2\/media?parent=23"}],"curies":[{"name":"wp","href":"https:\/\/api.w.org\/{rel}","templated":true}]}}