{"id":384,"date":"2024-04-29T01:31:49","date_gmt":"2024-04-29T01:31:49","guid":{"rendered":"https:\/\/petalwhim.com\/p\/rose-bear-mothers-day\/"},"modified":"2025-07-25T05:16:00","modified_gmt":"2025-07-25T05:16:00","slug":"rozany-mis-dzien-matki","status":"publish","type":"product","link":"https:\/\/petalwhim.com\/pl\/p\/rozany-mis-dzien-matki\/","title":{"rendered":"<span>Rose Bear <\/span><span class=\"product-title-custom\">Dzie\u0144 Matki<\/span>"},"content":{"rendered":"<h2>Mi\u015b Blue Rose: prezent, kt\u00f3ry daje chwil\u0119 szcz\u0119\u015bcia!<\/h2> <p>Petal Whim\u2122 prezentuje wspania\u0142ego misia wykonanego z ma\u0142ych niebieskich r\u00f3\u017cyczek. Z\u0142o\u017cenie ma\u0142ych r\u00f3\u017cyczek tworzy pi\u0119knego misia, przypominaj\u0105cego pluszow\u0105 zabawk\u0119. Zosta\u0142 on zaprojektowany z czarn\u0105 wst\u0105\u017ck\u0105 wok\u00f3\u0142 szyi.<\/p> <p>Ten pluszowy mi\u015b mo\u017ce by\u0107 podarowany na ka\u017cd\u0105 okazj\u0119, ukochanej lub c\u00f3rce. Ta chwila czu\u0142o\u015bci i mi\u0142o\u015bci rozja\u015bni jej dzie\u0144 i poka\u017ce Twoj\u0105 g\u0142\u0119bok\u0105 i delikatn\u0105 mi\u0142o\u015b\u0107.<\/p> <p>Ten zestaw sk\u0142ada si\u0119 z ma\u0142ych niebieskich r\u00f3\u017c, koloru, kt\u00f3ry przywo\u0142uje delikatn\u0105 stron\u0119, czu\u0142o\u015b\u0107 mi\u0142o\u015bci.<\/p>","protected":false},"excerpt":{"rendered":"<ul> <li><strong>Mi\u015b z\u0142o\u017cony<\/strong> 550 wiecznych r\u00f3\u017c i czarna satynowa wst\u0105\u017cka<\/li> <li>Rozmiar tego misia: 40 cm<\/li> <li>Wykonane r\u0119cznie w naszym warsztacie<\/li> <\/ul>","protected":false},"featured_media":383,"template":"","meta":[],"product_brand":[],"product_cat":[15,32],"product_tag":[],"class_list":{"0":"post-384","1":"product","2":"type-product","3":"status-publish","4":"has-post-thumbnail","6":"product_cat-all-products","7":"product_cat-flower-bear","9":"first","10":"instock","11":"shipping-taxable","12":"purchasable","13":"product-type-simple"},"yoast_head":"<!-- This site is optimized with the Yoast SEO plugin v25.9 - https:\/\/yoast.com\/wordpress\/plugins\/seo\/ -->\n<title>Rose Bear Mother&#039;s Day | Polska Florist<\/title>\n<meta name=\"description\" content=\"Celebrate everlasting love with our Rose Bear Mother&#039;s Day .\ud83c\udf39Symbolize your endless affection. Shop now and get a free...\" \/>\n<meta name=\"robots\" content=\"index, follow, max-snippet:-1, max-image-preview:large, max-video-preview:-1\" \/>\n<link rel=\"canonical\" href=\"https:\/\/petalwhim.com\/pl\/p\/rozany-mis-dzien-matki\/\" \/>\n<meta property=\"og:locale\" content=\"pl_PL\" \/>\n<meta property=\"og:type\" content=\"article\" \/>\n<meta property=\"og:title\" content=\"Rose Bear Mother&#039;s Day | Polska Florist\" \/>\n<meta property=\"og:description\" content=\"Celebrate everlasting love with our Rose Bear Mother&#039;s Day .\ud83c\udf39Symbolize your endless affection. Shop now and get a free...\" \/>\n<meta property=\"og:url\" content=\"https:\/\/petalwhim.com\/pl\/p\/rozany-mis-dzien-matki\/\" \/>\n<meta property=\"og:site_name\" content=\"Petal Whim\u2122\" \/>\n<meta property=\"article:modified_time\" content=\"2025-07-25T05:16:00+00:00\" \/>\n<meta property=\"og:image\" content=\"https:\/\/petalwhim.com\/wp-content\/uploads\/2024\/04\/ours-en-rose-fleur_600x_e19370b4-88e6-4f65-a5fb-8395efe1d3ca_2000x.jpg\" \/>\n\t<meta property=\"og:image:width\" content=\"600\" \/>\n\t<meta property=\"og:image:height\" content=\"600\" \/>\n\t<meta property=\"og:image:type\" content=\"image\/jpeg\" \/>\n<meta name=\"twitter:card\" content=\"summary_large_image\" \/>\n<meta name=\"twitter:label1\" content=\"Szacowany czas czytania\" \/>\n\t<meta name=\"twitter:data1\" content=\"1 minuta\" \/>\n<script type=\"application\/ld+json\" class=\"yoast-schema-graph\">{\"@context\":\"https:\/\/schema.org\",\"@graph\":[{\"@type\":\"WebPage\",\"@id\":\"https:\/\/petalwhim.com\/p\/rose-bear-mothers-day\/\",\"url\":\"https:\/\/petalwhim.com\/p\/rose-bear-mothers-day\/\",\"name\":\"Rose Bear Mother's Day | Polska Florist\",\"isPartOf\":{\"@id\":\"https:\/\/petalwhim.com\/#website\"},\"primaryImageOfPage\":{\"@id\":\"https:\/\/petalwhim.com\/p\/rose-bear-mothers-day\/#primaryimage\"},\"image\":{\"@id\":\"https:\/\/petalwhim.com\/p\/rose-bear-mothers-day\/#primaryimage\"},\"thumbnailUrl\":\"https:\/\/petalwhim.com\/wp-content\/uploads\/2024\/04\/ours-en-rose-fleur_600x_e19370b4-88e6-4f65-a5fb-8395efe1d3ca_2000x.jpg\",\"datePublished\":\"2024-04-29T01:31:49+00:00\",\"dateModified\":\"2025-07-25T05:16:00+00:00\",\"description\":\"Celebrate everlasting love with our Rose Bear Mother's Day .\ud83c\udf39Symbolize your endless affection. Shop now and get a free...\",\"breadcrumb\":{\"@id\":\"https:\/\/petalwhim.com\/p\/rose-bear-mothers-day\/#breadcrumb\"},\"inLanguage\":\"pl-PL\",\"potentialAction\":[{\"@type\":\"ReadAction\",\"target\":[\"https:\/\/petalwhim.com\/p\/rose-bear-mothers-day\/\"]}]},{\"@type\":\"ImageObject\",\"inLanguage\":\"pl-PL\",\"@id\":\"https:\/\/petalwhim.com\/p\/rose-bear-mothers-day\/#primaryimage\",\"url\":\"https:\/\/petalwhim.com\/wp-content\/uploads\/2024\/04\/ours-en-rose-fleur_600x_e19370b4-88e6-4f65-a5fb-8395efe1d3ca_2000x.jpg\",\"contentUrl\":\"https:\/\/petalwhim.com\/wp-content\/uploads\/2024\/04\/ours-en-rose-fleur_600x_e19370b4-88e6-4f65-a5fb-8395efe1d3ca_2000x.jpg\",\"width\":600,\"height\":600,\"caption\":\"Rose Bear Mother's Day\"},{\"@type\":\"BreadcrumbList\",\"@id\":\"https:\/\/petalwhim.com\/p\/rose-bear-mothers-day\/#breadcrumb\",\"itemListElement\":[{\"@type\":\"ListItem\",\"position\":1,\"name\":\"Home\",\"item\":\"https:\/\/petalwhim.com\/\"},{\"@type\":\"ListItem\",\"position\":2,\"name\":\"Shop\",\"item\":\"https:\/\/petalwhim.com\/shop\/\"},{\"@type\":\"ListItem\",\"position\":3,\"name\":\"Rose Bear Mother&#8217;s Day\"}]},{\"@type\":\"WebSite\",\"@id\":\"https:\/\/petalwhim.com\/#website\",\"url\":\"https:\/\/petalwhim.com\/\",\"name\":\"Petal Whim\u2122\",\"description\":\"Rose in Glass\",\"publisher\":{\"@id\":\"https:\/\/petalwhim.com\/#organization\"},\"potentialAction\":[{\"@type\":\"SearchAction\",\"target\":{\"@type\":\"EntryPoint\",\"urlTemplate\":\"https:\/\/petalwhim.com\/?s={search_term_string}\"},\"query-input\":{\"@type\":\"PropertyValueSpecification\",\"valueRequired\":true,\"valueName\":\"search_term_string\"}}],\"inLanguage\":\"pl-PL\"},{\"@type\":\"Organization\",\"@id\":\"https:\/\/petalwhim.com\/#organization\",\"name\":\"Petal Whim\",\"alternateName\":\"Rose in Glass\",\"url\":\"https:\/\/petalwhim.com\/\",\"logo\":{\"@type\":\"ImageObject\",\"inLanguage\":\"pl-PL\",\"@id\":\"https:\/\/petalwhim.com\/#\/schema\/logo\/image\/\",\"url\":\"https:\/\/petalwhim.com\/wp-content\/uploads\/2024\/05\/cropped-Petal-Whim-Favicon.png\",\"contentUrl\":\"https:\/\/petalwhim.com\/wp-content\/uploads\/2024\/05\/cropped-Petal-Whim-Favicon.png\",\"width\":512,\"height\":512,\"caption\":\"Petal Whim\"},\"image\":{\"@id\":\"https:\/\/petalwhim.com\/#\/schema\/logo\/image\/\"}}]}<\/script>\n<!-- \/ Yoast SEO plugin. -->","yoast_head_json":{"title":"R\u00f3\u017cany mi\u015b na Dzie\u0144 Matki | Polska Kwiaciarnia","description":"\u015awi\u0119tuj wieczn\u0105 mi\u0142o\u015b\u0107 z naszym R\u00f3\u017canym Misiem na Dzie\u0144 Matki .\ud83c\udf39Symbolizuj swoje nieko\u0144cz\u0105ce si\u0119 uczucie. Kup teraz i otrzymaj bezp\u0142atny...","robots":{"index":"index","follow":"follow","max-snippet":"max-snippet:-1","max-image-preview":"max-image-preview:large","max-video-preview":"max-video-preview:-1"},"canonical":"https:\/\/petalwhim.com\/pl\/p\/rozany-mis-dzien-matki\/","og_locale":"pl_PL","og_type":"article","og_title":"Rose Bear Mother's Day | Polska Florist","og_description":"Celebrate everlasting love with our Rose Bear Mother's Day .\ud83c\udf39Symbolize your endless affection. Shop now and get a free...","og_url":"https:\/\/petalwhim.com\/pl\/p\/rozany-mis-dzien-matki\/","og_site_name":"Petal Whim\u2122","article_modified_time":"2025-07-25T05:16:00+00:00","og_image":[{"width":600,"height":600,"url":"https:\/\/petalwhim.com\/wp-content\/uploads\/2024\/04\/ours-en-rose-fleur_600x_e19370b4-88e6-4f65-a5fb-8395efe1d3ca_2000x.jpg","type":"image\/jpeg"}],"twitter_card":"summary_large_image","twitter_misc":{"Szacowany czas czytania":"1 minuta"},"schema":{"@context":"https:\/\/schema.org","@graph":[{"@type":"WebPage","@id":"https:\/\/petalwhim.com\/p\/rose-bear-mothers-day\/","url":"https:\/\/petalwhim.com\/p\/rose-bear-mothers-day\/","name":"R\u00f3\u017cany mi\u015b na Dzie\u0144 Matki | Polska Kwiaciarnia","isPartOf":{"@id":"https:\/\/petalwhim.com\/#website"},"primaryImageOfPage":{"@id":"https:\/\/petalwhim.com\/p\/rose-bear-mothers-day\/#primaryimage"},"image":{"@id":"https:\/\/petalwhim.com\/p\/rose-bear-mothers-day\/#primaryimage"},"thumbnailUrl":"https:\/\/petalwhim.com\/wp-content\/uploads\/2024\/04\/ours-en-rose-fleur_600x_e19370b4-88e6-4f65-a5fb-8395efe1d3ca_2000x.jpg","datePublished":"2024-04-29T01:31:49+00:00","dateModified":"2025-07-25T05:16:00+00:00","description":"\u015awi\u0119tuj wieczn\u0105 mi\u0142o\u015b\u0107 z naszym R\u00f3\u017canym Misiem na Dzie\u0144 Matki .\ud83c\udf39Symbolizuj swoje nieko\u0144cz\u0105ce si\u0119 uczucie. Kup teraz i otrzymaj bezp\u0142atny...","breadcrumb":{"@id":"https:\/\/petalwhim.com\/p\/rose-bear-mothers-day\/#breadcrumb"},"inLanguage":"pl-PL","potentialAction":[{"@type":"ReadAction","target":["https:\/\/petalwhim.com\/p\/rose-bear-mothers-day\/"]}]},{"@type":"ImageObject","inLanguage":"pl-PL","@id":"https:\/\/petalwhim.com\/p\/rose-bear-mothers-day\/#primaryimage","url":"https:\/\/petalwhim.com\/wp-content\/uploads\/2024\/04\/ours-en-rose-fleur_600x_e19370b4-88e6-4f65-a5fb-8395efe1d3ca_2000x.jpg","contentUrl":"https:\/\/petalwhim.com\/wp-content\/uploads\/2024\/04\/ours-en-rose-fleur_600x_e19370b4-88e6-4f65-a5fb-8395efe1d3ca_2000x.jpg","width":600,"height":600,"caption":"Rose Bear Mother's Day"},{"@type":"BreadcrumbList","@id":"https:\/\/petalwhim.com\/p\/rose-bear-mothers-day\/#breadcrumb","itemListElement":[{"@type":"ListItem","position":1,"name":"Home","item":"https:\/\/petalwhim.com\/"},{"@type":"ListItem","position":2,"name":"Shop","item":"https:\/\/petalwhim.com\/shop\/"},{"@type":"ListItem","position":3,"name":"Rose Bear Mother&#8217;s Day"}]},{"@type":"WebSite","@id":"https:\/\/petalwhim.com\/#website","url":"https:\/\/petalwhim.com\/","name":"Petal Whim\u2122","description":"R\u00f3\u017ca w szkle","publisher":{"@id":"https:\/\/petalwhim.com\/#organization"},"potentialAction":[{"@type":"SearchAction","target":{"@type":"EntryPoint","urlTemplate":"https:\/\/petalwhim.com\/?s={search_term_string}"},"query-input":{"@type":"PropertyValueSpecification","valueRequired":true,"valueName":"search_term_string"}}],"inLanguage":"pl-PL"},{"@type":"Organization","@id":"https:\/\/petalwhim.com\/#organization","name":"Petal Whim","alternateName":"Rose in Glass","url":"https:\/\/petalwhim.com\/","logo":{"@type":"ImageObject","inLanguage":"pl-PL","@id":"https:\/\/petalwhim.com\/#\/schema\/logo\/image\/","url":"https:\/\/petalwhim.com\/wp-content\/uploads\/2024\/05\/cropped-Petal-Whim-Favicon.png","contentUrl":"https:\/\/petalwhim.com\/wp-content\/uploads\/2024\/05\/cropped-Petal-Whim-Favicon.png","width":512,"height":512,"caption":"Petal Whim"},"image":{"@id":"https:\/\/petalwhim.com\/#\/schema\/logo\/image\/"}}]}},"_links":{"self":[{"href":"https:\/\/petalwhim.com\/pl\/wp-json\/wp\/v2\/product\/384","targetHints":{"allow":["GET"]}}],"collection":[{"href":"https:\/\/petalwhim.com\/pl\/wp-json\/wp\/v2\/product"}],"about":[{"href":"https:\/\/petalwhim.com\/pl\/wp-json\/wp\/v2\/types\/product"}],"wp:featuredmedia":[{"embeddable":true,"href":"https:\/\/petalwhim.com\/pl\/wp-json\/wp\/v2\/media\/383"}],"wp:attachment":[{"href":"https:\/\/petalwhim.com\/pl\/wp-json\/wp\/v2\/media?parent=384"}],"wp:term":[{"taxonomy":"product_brand","embeddable":true,"href":"https:\/\/petalwhim.com\/pl\/wp-json\/wp\/v2\/product_brand?post=384"},{"taxonomy":"product_cat","embeddable":true,"href":"https:\/\/petalwhim.com\/pl\/wp-json\/wp\/v2\/product_cat?post=384"},{"taxonomy":"product_tag","embeddable":true,"href":"https:\/\/petalwhim.com\/pl\/wp-json\/wp\/v2\/product_tag?post=384"}],"curies":[{"name":"wp","href":"https:\/\/api.w.org\/{rel}","templated":true}]}}