{"id":247,"date":"2024-04-19T05:02:33","date_gmt":"2024-04-19T05:02:33","guid":{"rendered":"https:\/\/petalwhim.com\/p\/gold-rose\/"},"modified":"2025-07-25T05:16:01","modified_gmt":"2025-07-25T05:16:01","slug":"zlota-roza","status":"publish","type":"product","link":"https:\/\/petalwhim.com\/pl\/p\/zlota-roza\/","title":{"rendered":"<span>Wieczna r\u00f3\u017ca <\/span><span class=\"product-title-custom\">Poz\u0142acany 24-karatowym z\u0142otem<\/span>"},"content":{"rendered":"<h2>Wieczna r\u00f3\u017ca symbolizuje wieczn\u0105 mi\u0142o\u015b\u0107 i silne emocje.<\/h2><p>Ten produkt posiada poz\u0142acan\u0105 24-karatowym z\u0142otem <strong>wieczna r\u00f3\u017ca.<\/strong>Od \u0142odygi, przez li\u015b\u0107, po r\u00f3\u017c\u0119 - wszystko jest ze z\u0142ota.<br>Pude\u0142ko posiada ultra-designerski stojak, a tak\u017ce eleganckie br\u0105zowe pude\u0142ko, kt\u00f3re b\u0119dzie przypomina\u0107 prawdziwe pude\u0142ko na bi\u017cuteri\u0119. . <br><br>Wieczna r\u00f3\u017ca to <strong>nie\u015bmiertelny kwiat.<\/strong>Ta magiczna, \u015bwietlista r\u00f3\u017ca nie wymaga specjalnej piel\u0119gnacji. Umieszczona na stoliku nocnym lub w salonie, nie\u015bmiertelno\u015b\u0107 tej wiecznej r\u00f3\u017cy przywo\u0142a na my\u015bl <strong>wspomnienia i wszelkiego rodzaju emocje ka\u017cdego dnia. <\/strong> <br><br>Mo\u017cesz zaoferowa\u0107 t\u0119 pi\u0119kn\u0105 r\u00f3\u017c\u0119 pod kloszem, dla <strong>specjalne okazje<\/strong> Walentynki, rocznica lub po prostu, aby wyrazi\u0107 \u017carliw\u0105 mi\u0142o\u015b\u0107.<\/p>","protected":false},"excerpt":{"rendered":"<ul style=\"text-align: center;list-style-position: inside;\">\r\n<li>R\u00f3\u017ca zanurzona w 24-karatowym z\u0142ocie<\/li>\r\n<li>Wykonane z prawdziwej r\u00f3\u017cy<\/li>\r\n<li>Doskona\u0142e i b\u0142yszcz\u0105ce wyko\u0144czenie.<\/li>\r\n<\/ul>","protected":false},"featured_media":246,"template":"","meta":[],"product_brand":[],"product_cat":[15,23],"product_tag":[],"class_list":{"0":"post-247","1":"product","2":"type-product","3":"status-publish","4":"has-post-thumbnail","6":"product_cat-all-products","7":"product_cat-gold-plated-rose","9":"first","10":"outofstock","11":"sale","12":"shipping-taxable","13":"purchasable","14":"product-type-simple"},"yoast_head":"<!-- This site is optimized with the Yoast SEO plugin v25.9 - https:\/\/yoast.com\/wordpress\/plugins\/seo\/ -->\n<title>Eternal Rose 24 Carat Gold Plated | Polska Florist<\/title>\n<meta name=\"description\" content=\"Celebrate everlasting love with our Eternal Rose 24 Carat Gold Plated .\ud83c\udf39Symbolize your endless affection. Shop now and get a free...\" \/>\n<meta name=\"robots\" content=\"index, follow, max-snippet:-1, max-image-preview:large, max-video-preview:-1\" \/>\n<link rel=\"canonical\" href=\"https:\/\/petalwhim.com\/pl\/p\/zlota-roza\/\" \/>\n<meta property=\"og:locale\" content=\"pl_PL\" \/>\n<meta property=\"og:type\" content=\"article\" \/>\n<meta property=\"og:title\" content=\"Eternal Rose 24 Carat Gold Plated | Polska Florist\" \/>\n<meta property=\"og:description\" content=\"Celebrate everlasting love with our Eternal Rose 24 Carat Gold Plated .\ud83c\udf39Symbolize your endless affection. Shop now and get a free...\" \/>\n<meta property=\"og:url\" content=\"https:\/\/petalwhim.com\/pl\/p\/zlota-roza\/\" \/>\n<meta property=\"og:site_name\" content=\"Petal Whim\u2122\" \/>\n<meta property=\"article:modified_time\" content=\"2025-07-25T05:16:01+00:00\" \/>\n<meta property=\"og:image\" content=\"https:\/\/petalwhim.com\/wp-content\/uploads\/2024\/04\/product-image-1488753289.jpg\" \/>\n\t<meta property=\"og:image:width\" content=\"640\" \/>\n\t<meta property=\"og:image:height\" content=\"640\" \/>\n\t<meta property=\"og:image:type\" content=\"image\/jpeg\" \/>\n<meta name=\"twitter:card\" content=\"summary_large_image\" \/>\n<meta name=\"twitter:label1\" content=\"Szacowany czas czytania\" \/>\n\t<meta name=\"twitter:data1\" content=\"1 minuta\" \/>\n<script type=\"application\/ld+json\" class=\"yoast-schema-graph\">{\"@context\":\"https:\/\/schema.org\",\"@graph\":[{\"@type\":\"WebPage\",\"@id\":\"https:\/\/petalwhim.com\/p\/gold-rose\/\",\"url\":\"https:\/\/petalwhim.com\/p\/gold-rose\/\",\"name\":\"Eternal Rose 24 Carat Gold Plated | Polska Florist\",\"isPartOf\":{\"@id\":\"https:\/\/petalwhim.com\/#website\"},\"primaryImageOfPage\":{\"@id\":\"https:\/\/petalwhim.com\/p\/gold-rose\/#primaryimage\"},\"image\":{\"@id\":\"https:\/\/petalwhim.com\/p\/gold-rose\/#primaryimage\"},\"thumbnailUrl\":\"https:\/\/petalwhim.com\/wp-content\/uploads\/2024\/04\/product-image-1488753289.jpg\",\"datePublished\":\"2024-04-19T05:02:33+00:00\",\"dateModified\":\"2025-07-25T05:16:01+00:00\",\"description\":\"Celebrate everlasting love with our Eternal Rose 24 Carat Gold Plated .\ud83c\udf39Symbolize your endless affection. Shop now and get a free...\",\"breadcrumb\":{\"@id\":\"https:\/\/petalwhim.com\/p\/gold-rose\/#breadcrumb\"},\"inLanguage\":\"pl-PL\",\"potentialAction\":[{\"@type\":\"ReadAction\",\"target\":[\"https:\/\/petalwhim.com\/p\/gold-rose\/\"]}]},{\"@type\":\"ImageObject\",\"inLanguage\":\"pl-PL\",\"@id\":\"https:\/\/petalwhim.com\/p\/gold-rose\/#primaryimage\",\"url\":\"https:\/\/petalwhim.com\/wp-content\/uploads\/2024\/04\/product-image-1488753289.jpg\",\"contentUrl\":\"https:\/\/petalwhim.com\/wp-content\/uploads\/2024\/04\/product-image-1488753289.jpg\",\"width\":640,\"height\":640,\"caption\":\"Eternal Rose 24 Carat Gold Plated\"},{\"@type\":\"BreadcrumbList\",\"@id\":\"https:\/\/petalwhim.com\/p\/gold-rose\/#breadcrumb\",\"itemListElement\":[{\"@type\":\"ListItem\",\"position\":1,\"name\":\"Home\",\"item\":\"https:\/\/petalwhim.com\/\"},{\"@type\":\"ListItem\",\"position\":2,\"name\":\"Shop\",\"item\":\"https:\/\/petalwhim.com\/shop\/\"},{\"@type\":\"ListItem\",\"position\":3,\"name\":\"Eternal Rose 24 Carat Gold Plated\"}]},{\"@type\":\"WebSite\",\"@id\":\"https:\/\/petalwhim.com\/#website\",\"url\":\"https:\/\/petalwhim.com\/\",\"name\":\"Petal Whim\u2122\",\"description\":\"Rose in Glass\",\"publisher\":{\"@id\":\"https:\/\/petalwhim.com\/#organization\"},\"potentialAction\":[{\"@type\":\"SearchAction\",\"target\":{\"@type\":\"EntryPoint\",\"urlTemplate\":\"https:\/\/petalwhim.com\/?s={search_term_string}\"},\"query-input\":{\"@type\":\"PropertyValueSpecification\",\"valueRequired\":true,\"valueName\":\"search_term_string\"}}],\"inLanguage\":\"pl-PL\"},{\"@type\":\"Organization\",\"@id\":\"https:\/\/petalwhim.com\/#organization\",\"name\":\"Petal Whim\",\"alternateName\":\"Rose in Glass\",\"url\":\"https:\/\/petalwhim.com\/\",\"logo\":{\"@type\":\"ImageObject\",\"inLanguage\":\"pl-PL\",\"@id\":\"https:\/\/petalwhim.com\/#\/schema\/logo\/image\/\",\"url\":\"https:\/\/petalwhim.com\/wp-content\/uploads\/2024\/05\/cropped-Petal-Whim-Favicon.png\",\"contentUrl\":\"https:\/\/petalwhim.com\/wp-content\/uploads\/2024\/05\/cropped-Petal-Whim-Favicon.png\",\"width\":512,\"height\":512,\"caption\":\"Petal Whim\"},\"image\":{\"@id\":\"https:\/\/petalwhim.com\/#\/schema\/logo\/image\/\"}}]}<\/script>\n<!-- \/ Yoast SEO plugin. -->","yoast_head_json":{"title":"Wieczna R\u00f3\u017ca poz\u0142acana 24 karatowym z\u0142otem | Polska Kwiaciarnia","description":"\u015awi\u0119tuj wieczn\u0105 mi\u0142o\u015b\u0107 z nasz\u0105 24-karatow\u0105 poz\u0142acan\u0105 r\u00f3\u017c\u0105 .\ud83c\udf39Symbolizuj swoje nieko\u0144cz\u0105ce si\u0119 uczucie. Kup teraz i otrzymaj darmowy...","robots":{"index":"index","follow":"follow","max-snippet":"max-snippet:-1","max-image-preview":"max-image-preview:large","max-video-preview":"max-video-preview:-1"},"canonical":"https:\/\/petalwhim.com\/pl\/p\/zlota-roza\/","og_locale":"pl_PL","og_type":"article","og_title":"Eternal Rose 24 Carat Gold Plated | Polska Florist","og_description":"Celebrate everlasting love with our Eternal Rose 24 Carat Gold Plated .\ud83c\udf39Symbolize your endless affection. Shop now and get a free...","og_url":"https:\/\/petalwhim.com\/pl\/p\/zlota-roza\/","og_site_name":"Petal Whim\u2122","article_modified_time":"2025-07-25T05:16:01+00:00","og_image":[{"width":640,"height":640,"url":"https:\/\/petalwhim.com\/wp-content\/uploads\/2024\/04\/product-image-1488753289.jpg","type":"image\/jpeg"}],"twitter_card":"summary_large_image","twitter_misc":{"Szacowany czas czytania":"1 minuta"},"schema":{"@context":"https:\/\/schema.org","@graph":[{"@type":"WebPage","@id":"https:\/\/petalwhim.com\/p\/gold-rose\/","url":"https:\/\/petalwhim.com\/p\/gold-rose\/","name":"Wieczna R\u00f3\u017ca poz\u0142acana 24 karatowym z\u0142otem | Polska Kwiaciarnia","isPartOf":{"@id":"https:\/\/petalwhim.com\/#website"},"primaryImageOfPage":{"@id":"https:\/\/petalwhim.com\/p\/gold-rose\/#primaryimage"},"image":{"@id":"https:\/\/petalwhim.com\/p\/gold-rose\/#primaryimage"},"thumbnailUrl":"https:\/\/petalwhim.com\/wp-content\/uploads\/2024\/04\/product-image-1488753289.jpg","datePublished":"2024-04-19T05:02:33+00:00","dateModified":"2025-07-25T05:16:01+00:00","description":"\u015awi\u0119tuj wieczn\u0105 mi\u0142o\u015b\u0107 z nasz\u0105 24-karatow\u0105 poz\u0142acan\u0105 r\u00f3\u017c\u0105 .\ud83c\udf39Symbolizuj swoje nieko\u0144cz\u0105ce si\u0119 uczucie. Kup teraz i otrzymaj darmowy...","breadcrumb":{"@id":"https:\/\/petalwhim.com\/p\/gold-rose\/#breadcrumb"},"inLanguage":"pl-PL","potentialAction":[{"@type":"ReadAction","target":["https:\/\/petalwhim.com\/p\/gold-rose\/"]}]},{"@type":"ImageObject","inLanguage":"pl-PL","@id":"https:\/\/petalwhim.com\/p\/gold-rose\/#primaryimage","url":"https:\/\/petalwhim.com\/wp-content\/uploads\/2024\/04\/product-image-1488753289.jpg","contentUrl":"https:\/\/petalwhim.com\/wp-content\/uploads\/2024\/04\/product-image-1488753289.jpg","width":640,"height":640,"caption":"Eternal Rose 24 Carat Gold Plated"},{"@type":"BreadcrumbList","@id":"https:\/\/petalwhim.com\/p\/gold-rose\/#breadcrumb","itemListElement":[{"@type":"ListItem","position":1,"name":"Home","item":"https:\/\/petalwhim.com\/"},{"@type":"ListItem","position":2,"name":"Shop","item":"https:\/\/petalwhim.com\/shop\/"},{"@type":"ListItem","position":3,"name":"Eternal Rose 24 Carat Gold Plated"}]},{"@type":"WebSite","@id":"https:\/\/petalwhim.com\/#website","url":"https:\/\/petalwhim.com\/","name":"Petal Whim\u2122","description":"R\u00f3\u017ca w szkle","publisher":{"@id":"https:\/\/petalwhim.com\/#organization"},"potentialAction":[{"@type":"SearchAction","target":{"@type":"EntryPoint","urlTemplate":"https:\/\/petalwhim.com\/?s={search_term_string}"},"query-input":{"@type":"PropertyValueSpecification","valueRequired":true,"valueName":"search_term_string"}}],"inLanguage":"pl-PL"},{"@type":"Organization","@id":"https:\/\/petalwhim.com\/#organization","name":"Petal Whim","alternateName":"Rose in Glass","url":"https:\/\/petalwhim.com\/","logo":{"@type":"ImageObject","inLanguage":"pl-PL","@id":"https:\/\/petalwhim.com\/#\/schema\/logo\/image\/","url":"https:\/\/petalwhim.com\/wp-content\/uploads\/2024\/05\/cropped-Petal-Whim-Favicon.png","contentUrl":"https:\/\/petalwhim.com\/wp-content\/uploads\/2024\/05\/cropped-Petal-Whim-Favicon.png","width":512,"height":512,"caption":"Petal Whim"},"image":{"@id":"https:\/\/petalwhim.com\/#\/schema\/logo\/image\/"}}]}},"_links":{"self":[{"href":"https:\/\/petalwhim.com\/pl\/wp-json\/wp\/v2\/product\/247","targetHints":{"allow":["GET"]}}],"collection":[{"href":"https:\/\/petalwhim.com\/pl\/wp-json\/wp\/v2\/product"}],"about":[{"href":"https:\/\/petalwhim.com\/pl\/wp-json\/wp\/v2\/types\/product"}],"wp:featuredmedia":[{"embeddable":true,"href":"https:\/\/petalwhim.com\/pl\/wp-json\/wp\/v2\/media\/246"}],"wp:attachment":[{"href":"https:\/\/petalwhim.com\/pl\/wp-json\/wp\/v2\/media?parent=247"}],"wp:term":[{"taxonomy":"product_brand","embeddable":true,"href":"https:\/\/petalwhim.com\/pl\/wp-json\/wp\/v2\/product_brand?post=247"},{"taxonomy":"product_cat","embeddable":true,"href":"https:\/\/petalwhim.com\/pl\/wp-json\/wp\/v2\/product_cat?post=247"},{"taxonomy":"product_tag","embeddable":true,"href":"https:\/\/petalwhim.com\/pl\/wp-json\/wp\/v2\/product_tag?post=247"}],"curies":[{"name":"wp","href":"https:\/\/api.w.org\/{rel}","templated":true}]}}