{"id":227,"date":"2024-04-19T05:01:55","date_gmt":"2024-04-19T05:01:55","guid":{"rendered":"https:\/\/petalwhim.com\/p\/mini-copper-eternal-rose-under-glass-dome\/"},"modified":"2025-10-15T04:21:04","modified_gmt":"2025-10-15T04:21:04","slug":"mini-miedziana-wieczna-roza-pod-szklana-kopula","status":"publish","type":"product","link":"https:\/\/petalwhim.com\/pl\/p\/mini-miedziana-wieczna-roza-pod-szklana-kopula\/","title":{"rendered":"<span>Mini wieczna r\u00f3\u017ca pod szklan\u0105 kopu\u0142\u0105 <\/span><span class=\"product-title-custom\">Mied\u017a<\/span>"},"content":{"rendered":"<h2>Wieczna r\u00f3\u017ca symbolizuj\u0105ca wieczn\u0105 mi\u0142o\u015b\u0107 i silne emocje.<\/h2><p>Ten produkt jest wyposa\u017cony w <strong>miedziana wieczna r\u00f3\u017ca,<\/strong> otoczony pi\u0119knymi czarno-bia\u0142ymi li\u015b\u0107mi i kwiatami Smalls, a tak\u017ce delikatn\u0105 girland\u0105 \u015bwietln\u0105, kt\u00f3ra rozja\u015bni i wprowadzi ciep\u0142o i mi\u0119kko\u015b\u0107 do Twojego domu. Ca\u0142o\u015b\u0107 pokryta jest <strong>dzwonek z grubego szk\u0142a<\/strong> z pi\u0119knym sercem na g\u00f3rze i drewnian\u0105 podstaw\u0105.<br><br>Wieczna r\u00f3\u017ca to <strong>nie\u015bmiertelny kwiat<\/strong> .  Te magiczne, \u015bwietliste r\u00f3\u017ce nie wymagaj\u0105 specjalnej piel\u0119gnacji. Umieszczone na stoliku nocnym lub w salonie, nie\u015bmiertelno\u015b\u0107 tych wiecznych r\u00f3\u017c przywo\u0142a na my\u015bl <strong>wspomnienia i wszelkiego rodzaju emocje ka\u017cdego dnia.  <\/strong> <br><br>Mo\u017cesz zaoferowa\u0107 t\u0119 pi\u0119kn\u0105 r\u00f3\u017c\u0119 pod kloszem, dla <strong>specjalne okazje<\/strong> Walentynki, rocznica lub po prostu, aby wyrazi\u0107 \u017carliw\u0105 mi\u0142o\u015b\u0107.<\/p>","protected":false},"excerpt":{"rendered":"Wieczna r\u00f3\u017ca symbolizuj\u0105ca wieczn\u0105 mi\u0142o\u015b\u0107 i silne uczuciaTen produkt zawiera miedzian\u0105 wieczn\u0105 r\u00f3\u017c\u0119, otoczon\u0105 pi\u0119knymi czarno-bia\u0142ymi li\u015b\u0107mi i kwiatami Smalls, a tak\u017ce delikatn\u0105 girland\u0119 \u015bwietln\u0105, kt\u00f3ra rozja\u015bni i wniesie ciep\u0142o i mi\u0119kko\u015b\u0107 do Twojego domu. Ca\u0142o\u015b\u0107 przykrywa gruby szklany dzwonek z [...]","protected":false},"featured_media":226,"template":"","meta":[],"product_brand":[],"product_cat":[15,36,22,35],"product_tag":[34],"class_list":{"0":"post-227","1":"product","2":"type-product","3":"status-publish","4":"has-post-thumbnail","6":"product_cat-all-products","7":"product_cat-best-sellers","8":"product_cat-black-forever-rose","9":"product_cat-small-forever-rose","10":"product_tag-small-rose-in-glass","12":"first","13":"outofstock","14":"shipping-taxable","15":"purchasable","16":"product-type-simple"},"yoast_head":"<!-- This site is optimized with the Yoast SEO plugin v25.9 - https:\/\/yoast.com\/wordpress\/plugins\/seo\/ -->\n<title>Mini Eternal Rose under Glass Dome Copper | Polska Florist<\/title>\n<meta name=\"description\" content=\"Celebrate everlasting love with our Mini Eternal Rose under Glass Dome Copper .\ud83c\udf39Symbolize your endless affection. Shop now and get a free...\" \/>\n<meta name=\"robots\" content=\"index, follow, max-snippet:-1, max-image-preview:large, max-video-preview:-1\" \/>\n<link rel=\"canonical\" href=\"https:\/\/petalwhim.com\/pl\/p\/mini-miedziana-wieczna-roza-pod-szklana-kopula\/\" \/>\n<meta property=\"og:locale\" content=\"pl_PL\" \/>\n<meta property=\"og:type\" content=\"article\" \/>\n<meta property=\"og:title\" content=\"Mini Eternal Rose under Glass Dome Copper | Polska Florist\" \/>\n<meta property=\"og:description\" content=\"Celebrate everlasting love with our Mini Eternal Rose under Glass Dome Copper .\ud83c\udf39Symbolize your endless affection. Shop now and get a free...\" \/>\n<meta property=\"og:url\" content=\"https:\/\/petalwhim.com\/pl\/p\/mini-miedziana-wieczna-roza-pod-szklana-kopula\/\" \/>\n<meta property=\"og:site_name\" content=\"Petal Whim\u2122\" \/>\n<meta property=\"article:modified_time\" content=\"2025-10-15T04:21:04+00:00\" \/>\n<meta property=\"og:image\" content=\"https:\/\/petalwhim.com\/wp-content\/uploads\/2024\/04\/product-image-1487364152_825235d8-6d72-4313-b180-b1eb1b263bc7.jpg\" \/>\n\t<meta property=\"og:image:width\" content=\"640\" \/>\n\t<meta property=\"og:image:height\" content=\"640\" \/>\n\t<meta property=\"og:image:type\" content=\"image\/jpeg\" \/>\n<meta name=\"twitter:card\" content=\"summary_large_image\" \/>\n<meta name=\"twitter:label1\" content=\"Szacowany czas czytania\" \/>\n\t<meta name=\"twitter:data1\" content=\"1 minuta\" \/>\n<script type=\"application\/ld+json\" class=\"yoast-schema-graph\">{\"@context\":\"https:\/\/schema.org\",\"@graph\":[{\"@type\":\"WebPage\",\"@id\":\"https:\/\/petalwhim.com\/p\/mini-copper-eternal-rose-under-glass-dome\/\",\"url\":\"https:\/\/petalwhim.com\/p\/mini-copper-eternal-rose-under-glass-dome\/\",\"name\":\"Mini Eternal Rose under Glass Dome Copper | Polska Florist\",\"isPartOf\":{\"@id\":\"https:\/\/petalwhim.com\/#website\"},\"primaryImageOfPage\":{\"@id\":\"https:\/\/petalwhim.com\/p\/mini-copper-eternal-rose-under-glass-dome\/#primaryimage\"},\"image\":{\"@id\":\"https:\/\/petalwhim.com\/p\/mini-copper-eternal-rose-under-glass-dome\/#primaryimage\"},\"thumbnailUrl\":\"https:\/\/petalwhim.com\/wp-content\/uploads\/2024\/04\/product-image-1487364152_825235d8-6d72-4313-b180-b1eb1b263bc7.jpg\",\"datePublished\":\"2024-04-19T05:01:55+00:00\",\"dateModified\":\"2025-10-15T04:21:04+00:00\",\"description\":\"Celebrate everlasting love with our Mini Eternal Rose under Glass Dome Copper .\ud83c\udf39Symbolize your endless affection. Shop now and get a free...\",\"breadcrumb\":{\"@id\":\"https:\/\/petalwhim.com\/p\/mini-copper-eternal-rose-under-glass-dome\/#breadcrumb\"},\"inLanguage\":\"pl-PL\",\"potentialAction\":[{\"@type\":\"ReadAction\",\"target\":[\"https:\/\/petalwhim.com\/p\/mini-copper-eternal-rose-under-glass-dome\/\"]}]},{\"@type\":\"ImageObject\",\"inLanguage\":\"pl-PL\",\"@id\":\"https:\/\/petalwhim.com\/p\/mini-copper-eternal-rose-under-glass-dome\/#primaryimage\",\"url\":\"https:\/\/petalwhim.com\/wp-content\/uploads\/2024\/04\/product-image-1487364152_825235d8-6d72-4313-b180-b1eb1b263bc7.jpg\",\"contentUrl\":\"https:\/\/petalwhim.com\/wp-content\/uploads\/2024\/04\/product-image-1487364152_825235d8-6d72-4313-b180-b1eb1b263bc7.jpg\",\"width\":640,\"height\":640,\"caption\":\"Mini Eternal Rose under Glass Dome Copper\"},{\"@type\":\"BreadcrumbList\",\"@id\":\"https:\/\/petalwhim.com\/p\/mini-copper-eternal-rose-under-glass-dome\/#breadcrumb\",\"itemListElement\":[{\"@type\":\"ListItem\",\"position\":1,\"name\":\"Home\",\"item\":\"https:\/\/petalwhim.com\/\"},{\"@type\":\"ListItem\",\"position\":2,\"name\":\"Shop\",\"item\":\"https:\/\/petalwhim.com\/shop\/\"},{\"@type\":\"ListItem\",\"position\":3,\"name\":\"Mini Eternal Rose under Glass Dome Copper\"}]},{\"@type\":\"WebSite\",\"@id\":\"https:\/\/petalwhim.com\/#website\",\"url\":\"https:\/\/petalwhim.com\/\",\"name\":\"Petal Whim\u2122\",\"description\":\"Rose in Glass\",\"publisher\":{\"@id\":\"https:\/\/petalwhim.com\/#organization\"},\"potentialAction\":[{\"@type\":\"SearchAction\",\"target\":{\"@type\":\"EntryPoint\",\"urlTemplate\":\"https:\/\/petalwhim.com\/?s={search_term_string}\"},\"query-input\":{\"@type\":\"PropertyValueSpecification\",\"valueRequired\":true,\"valueName\":\"search_term_string\"}}],\"inLanguage\":\"pl-PL\"},{\"@type\":\"Organization\",\"@id\":\"https:\/\/petalwhim.com\/#organization\",\"name\":\"Petal Whim\",\"alternateName\":\"Rose in Glass\",\"url\":\"https:\/\/petalwhim.com\/\",\"logo\":{\"@type\":\"ImageObject\",\"inLanguage\":\"pl-PL\",\"@id\":\"https:\/\/petalwhim.com\/#\/schema\/logo\/image\/\",\"url\":\"https:\/\/petalwhim.com\/wp-content\/uploads\/2024\/05\/cropped-Petal-Whim-Favicon.png\",\"contentUrl\":\"https:\/\/petalwhim.com\/wp-content\/uploads\/2024\/05\/cropped-Petal-Whim-Favicon.png\",\"width\":512,\"height\":512,\"caption\":\"Petal Whim\"},\"image\":{\"@id\":\"https:\/\/petalwhim.com\/#\/schema\/logo\/image\/\"}}]}<\/script>\n<!-- \/ Yoast SEO plugin. -->","yoast_head_json":{"title":"Mini Wieczna R\u00f3\u017ca pod Szklan\u0105 Kopu\u0142\u0105 Mied\u017a | Polska Kwiaciarnia","description":"\u015awi\u0119tuj wieczn\u0105 mi\u0142o\u015b\u0107 z nasz\u0105 Mini Wieczn\u0105 R\u00f3\u017c\u0105 pod Szklan\u0105 Kopu\u0142\u0105 Miedzian\u0105 .\ud83c\udf39Symbolizuj swoje nieko\u0144cz\u0105ce si\u0119 uczucie. Kup teraz i otrzymaj darmowy...","robots":{"index":"index","follow":"follow","max-snippet":"max-snippet:-1","max-image-preview":"max-image-preview:large","max-video-preview":"max-video-preview:-1"},"canonical":"https:\/\/petalwhim.com\/pl\/p\/mini-miedziana-wieczna-roza-pod-szklana-kopula\/","og_locale":"pl_PL","og_type":"article","og_title":"Mini Eternal Rose under Glass Dome Copper | Polska Florist","og_description":"Celebrate everlasting love with our Mini Eternal Rose under Glass Dome Copper .\ud83c\udf39Symbolize your endless affection. Shop now and get a free...","og_url":"https:\/\/petalwhim.com\/pl\/p\/mini-miedziana-wieczna-roza-pod-szklana-kopula\/","og_site_name":"Petal Whim\u2122","article_modified_time":"2025-10-15T04:21:04+00:00","og_image":[{"width":640,"height":640,"url":"https:\/\/petalwhim.com\/wp-content\/uploads\/2024\/04\/product-image-1487364152_825235d8-6d72-4313-b180-b1eb1b263bc7.jpg","type":"image\/jpeg"}],"twitter_card":"summary_large_image","twitter_misc":{"Szacowany czas czytania":"1 minuta"},"schema":{"@context":"https:\/\/schema.org","@graph":[{"@type":"WebPage","@id":"https:\/\/petalwhim.com\/p\/mini-copper-eternal-rose-under-glass-dome\/","url":"https:\/\/petalwhim.com\/p\/mini-copper-eternal-rose-under-glass-dome\/","name":"Mini Wieczna R\u00f3\u017ca pod Szklan\u0105 Kopu\u0142\u0105 Mied\u017a | Polska Kwiaciarnia","isPartOf":{"@id":"https:\/\/petalwhim.com\/#website"},"primaryImageOfPage":{"@id":"https:\/\/petalwhim.com\/p\/mini-copper-eternal-rose-under-glass-dome\/#primaryimage"},"image":{"@id":"https:\/\/petalwhim.com\/p\/mini-copper-eternal-rose-under-glass-dome\/#primaryimage"},"thumbnailUrl":"https:\/\/petalwhim.com\/wp-content\/uploads\/2024\/04\/product-image-1487364152_825235d8-6d72-4313-b180-b1eb1b263bc7.jpg","datePublished":"2024-04-19T05:01:55+00:00","dateModified":"2025-10-15T04:21:04+00:00","description":"\u015awi\u0119tuj wieczn\u0105 mi\u0142o\u015b\u0107 z nasz\u0105 Mini Wieczn\u0105 R\u00f3\u017c\u0105 pod Szklan\u0105 Kopu\u0142\u0105 Miedzian\u0105 .\ud83c\udf39Symbolizuj swoje nieko\u0144cz\u0105ce si\u0119 uczucie. Kup teraz i otrzymaj darmowy...","breadcrumb":{"@id":"https:\/\/petalwhim.com\/p\/mini-copper-eternal-rose-under-glass-dome\/#breadcrumb"},"inLanguage":"pl-PL","potentialAction":[{"@type":"ReadAction","target":["https:\/\/petalwhim.com\/p\/mini-copper-eternal-rose-under-glass-dome\/"]}]},{"@type":"ImageObject","inLanguage":"pl-PL","@id":"https:\/\/petalwhim.com\/p\/mini-copper-eternal-rose-under-glass-dome\/#primaryimage","url":"https:\/\/petalwhim.com\/wp-content\/uploads\/2024\/04\/product-image-1487364152_825235d8-6d72-4313-b180-b1eb1b263bc7.jpg","contentUrl":"https:\/\/petalwhim.com\/wp-content\/uploads\/2024\/04\/product-image-1487364152_825235d8-6d72-4313-b180-b1eb1b263bc7.jpg","width":640,"height":640,"caption":"Mini Eternal Rose under Glass Dome Copper"},{"@type":"BreadcrumbList","@id":"https:\/\/petalwhim.com\/p\/mini-copper-eternal-rose-under-glass-dome\/#breadcrumb","itemListElement":[{"@type":"ListItem","position":1,"name":"Home","item":"https:\/\/petalwhim.com\/"},{"@type":"ListItem","position":2,"name":"Shop","item":"https:\/\/petalwhim.com\/shop\/"},{"@type":"ListItem","position":3,"name":"Mini Eternal Rose under Glass Dome Copper"}]},{"@type":"WebSite","@id":"https:\/\/petalwhim.com\/#website","url":"https:\/\/petalwhim.com\/","name":"Petal Whim\u2122","description":"R\u00f3\u017ca w szkle","publisher":{"@id":"https:\/\/petalwhim.com\/#organization"},"potentialAction":[{"@type":"SearchAction","target":{"@type":"EntryPoint","urlTemplate":"https:\/\/petalwhim.com\/?s={search_term_string}"},"query-input":{"@type":"PropertyValueSpecification","valueRequired":true,"valueName":"search_term_string"}}],"inLanguage":"pl-PL"},{"@type":"Organization","@id":"https:\/\/petalwhim.com\/#organization","name":"Petal Whim","alternateName":"Rose in Glass","url":"https:\/\/petalwhim.com\/","logo":{"@type":"ImageObject","inLanguage":"pl-PL","@id":"https:\/\/petalwhim.com\/#\/schema\/logo\/image\/","url":"https:\/\/petalwhim.com\/wp-content\/uploads\/2024\/05\/cropped-Petal-Whim-Favicon.png","contentUrl":"https:\/\/petalwhim.com\/wp-content\/uploads\/2024\/05\/cropped-Petal-Whim-Favicon.png","width":512,"height":512,"caption":"Petal Whim"},"image":{"@id":"https:\/\/petalwhim.com\/#\/schema\/logo\/image\/"}}]}},"_links":{"self":[{"href":"https:\/\/petalwhim.com\/pl\/wp-json\/wp\/v2\/product\/227","targetHints":{"allow":["GET"]}}],"collection":[{"href":"https:\/\/petalwhim.com\/pl\/wp-json\/wp\/v2\/product"}],"about":[{"href":"https:\/\/petalwhim.com\/pl\/wp-json\/wp\/v2\/types\/product"}],"wp:featuredmedia":[{"embeddable":true,"href":"https:\/\/petalwhim.com\/pl\/wp-json\/wp\/v2\/media\/226"}],"wp:attachment":[{"href":"https:\/\/petalwhim.com\/pl\/wp-json\/wp\/v2\/media?parent=227"}],"wp:term":[{"taxonomy":"product_brand","embeddable":true,"href":"https:\/\/petalwhim.com\/pl\/wp-json\/wp\/v2\/product_brand?post=227"},{"taxonomy":"product_cat","embeddable":true,"href":"https:\/\/petalwhim.com\/pl\/wp-json\/wp\/v2\/product_cat?post=227"},{"taxonomy":"product_tag","embeddable":true,"href":"https:\/\/petalwhim.com\/pl\/wp-json\/wp\/v2\/product_tag?post=227"}],"curies":[{"name":"wp","href":"https:\/\/api.w.org\/{rel}","templated":true}]}}