{"id":215,"date":"2024-04-19T05:01:36","date_gmt":"2024-04-19T05:01:36","guid":{"rendered":"https:\/\/petalwhim.com\/p\/dark-blue-eternal-rose-beauty-and-the-beast\/"},"modified":"2025-07-25T05:16:02","modified_gmt":"2025-07-25T05:16:02","slug":"ciemnoniebieski-wieczna-roza-piekno-i-bestia","status":"publish","type":"product","link":"https:\/\/petalwhim.com\/pl\/p\/ciemnoniebieski-wieczna-roza-piekno-i-bestia\/","title":{"rendered":"<span>Ciemnoniebieska wieczna r\u00f3\u017ca <\/span><span class=\"product-title-custom\">Pi\u0119kna i Bestia<\/span>"},"content":{"rendered":"<h2>Wieczna r\u00f3\u017ca symbolizuje wieczn\u0105 mi\u0142o\u015b\u0107 i silne emocje.<\/h2><p><br>Ten produkt sk\u0142ada si\u0119 z <strong>wieczna r\u00f3\u017ca w b\u0142yszcz\u0105cym b\u0142\u0119kicie<\/strong>Wisz\u0105ce li\u015bcie i z\u0142ota \u0142odyga, a tak\u017ce delikatna lekka girlanda wprowadz\u0105 mi\u0119kko\u015b\u0107 i ciep\u0142o do Twojego domu. Ca\u0142o\u015b\u0107 jest pokryta <strong>dzwonek z grubego szk\u0142a<\/strong> i jego drewnian\u0105 podstaw\u0119. <br><br>Wieczna r\u00f3\u017ca to <strong>nie\u015bmiertelny kwiat<\/strong> .  Ta magiczna, \u015bwietlista r\u00f3\u017ca nie wymaga specjalnej piel\u0119gnacji. Umieszczona na stoliku nocnym lub w salonie, nie\u015bmiertelno\u015b\u0107 tej wiecznej r\u00f3\u017cy b\u0119dzie przywo\u0142ywa\u0107 <strong>wspomnienia i wszelkiego rodzaju emocje ka\u017cdego dnia. <\/strong> <br><br>Mo\u017cesz zaoferowa\u0107 t\u0119 pi\u0119kn\u0105 r\u00f3\u017c\u0119 pod kloszem, dla <strong>specjalne okazje<\/strong> Walentynki, rocznica lub po prostu, aby wyrazi\u0107 \u017carliw\u0105 mi\u0142o\u015b\u0107.<\/p>","protected":false},"excerpt":{"rendered":"Wieczna r\u00f3\u017ca symbolizuj\u0105ca wieczn\u0105 mi\u0142o\u015b\u0107 i silne emocje. Ten produkt sk\u0142ada si\u0119 z wiecznej r\u00f3\u017cy w b\u0142yszcz\u0105cym niebieskim kolorze, li\u015bci i z\u0142otej \u0142odygi, a tak\u017ce delikatnej girlandy \u015bwietlnej, kt\u00f3ra wniesie mi\u0119kko\u015b\u0107 i ciep\u0142o do Twojego domu. Ca\u0142o\u015b\u0107 jest pokryta grubym szklanym dzwonem i jego drewnian\u0105 podstaw\u0105. [...]","protected":false},"featured_media":214,"template":"","meta":[],"product_brand":[],"product_cat":[15,36,21],"product_tag":[33],"class_list":{"0":"post-215","1":"product","2":"type-product","3":"status-publish","4":"has-post-thumbnail","6":"product_cat-all-products","7":"product_cat-best-sellers","8":"product_cat-blue-forever-rose","9":"product_tag-rose-in-glass-dome","11":"first","12":"instock","13":"shipping-taxable","14":"purchasable","15":"product-type-simple"},"yoast_head":"<!-- This site is optimized with the Yoast SEO plugin v25.9 - https:\/\/yoast.com\/wordpress\/plugins\/seo\/ -->\n<title>Dark Blue Eternal Rose Beauty and the Beast | Polska Florist<\/title>\n<meta name=\"description\" content=\"Celebrate everlasting love with our Dark Blue Eternal Rose Beauty and the Beast .\ud83c\udf39Symbolize your endless affection. Shop now and get a free...\" \/>\n<meta name=\"robots\" content=\"index, follow, max-snippet:-1, max-image-preview:large, max-video-preview:-1\" \/>\n<link rel=\"canonical\" href=\"https:\/\/petalwhim.com\/pl\/p\/ciemnoniebieski-wieczna-roza-piekno-i-bestia\/\" \/>\n<meta property=\"og:locale\" content=\"pl_PL\" \/>\n<meta property=\"og:type\" content=\"article\" \/>\n<meta property=\"og:title\" content=\"Dark Blue Eternal Rose Beauty and the Beast | Polska Florist\" \/>\n<meta property=\"og:description\" content=\"Celebrate everlasting love with our Dark Blue Eternal Rose Beauty and the Beast .\ud83c\udf39Symbolize your endless affection. Shop now and get a free...\" \/>\n<meta property=\"og:url\" content=\"https:\/\/petalwhim.com\/pl\/p\/ciemnoniebieski-wieczna-roza-piekno-i-bestia\/\" \/>\n<meta property=\"og:site_name\" content=\"Petal Whim\u2122\" \/>\n<meta property=\"article:modified_time\" content=\"2025-07-25T05:16:02+00:00\" \/>\n<meta property=\"og:image\" content=\"https:\/\/petalwhim.com\/wp-content\/uploads\/2024\/04\/product-image-1562975859.jpg\" \/>\n\t<meta property=\"og:image:width\" content=\"640\" \/>\n\t<meta property=\"og:image:height\" content=\"640\" \/>\n\t<meta property=\"og:image:type\" content=\"image\/jpeg\" \/>\n<meta name=\"twitter:card\" content=\"summary_large_image\" \/>\n<meta name=\"twitter:label1\" content=\"Szacowany czas czytania\" \/>\n\t<meta name=\"twitter:data1\" content=\"1 minuta\" \/>\n<script type=\"application\/ld+json\" class=\"yoast-schema-graph\">{\"@context\":\"https:\/\/schema.org\",\"@graph\":[{\"@type\":\"WebPage\",\"@id\":\"https:\/\/petalwhim.com\/p\/dark-blue-eternal-rose-beauty-and-the-beast\/\",\"url\":\"https:\/\/petalwhim.com\/p\/dark-blue-eternal-rose-beauty-and-the-beast\/\",\"name\":\"Dark Blue Eternal Rose Beauty and the Beast | Polska Florist\",\"isPartOf\":{\"@id\":\"https:\/\/petalwhim.com\/#website\"},\"primaryImageOfPage\":{\"@id\":\"https:\/\/petalwhim.com\/p\/dark-blue-eternal-rose-beauty-and-the-beast\/#primaryimage\"},\"image\":{\"@id\":\"https:\/\/petalwhim.com\/p\/dark-blue-eternal-rose-beauty-and-the-beast\/#primaryimage\"},\"thumbnailUrl\":\"https:\/\/petalwhim.com\/wp-content\/uploads\/2024\/04\/product-image-1562975859.jpg\",\"datePublished\":\"2024-04-19T05:01:36+00:00\",\"dateModified\":\"2025-07-25T05:16:02+00:00\",\"description\":\"Celebrate everlasting love with our Dark Blue Eternal Rose Beauty and the Beast .\ud83c\udf39Symbolize your endless affection. Shop now and get a free...\",\"breadcrumb\":{\"@id\":\"https:\/\/petalwhim.com\/p\/dark-blue-eternal-rose-beauty-and-the-beast\/#breadcrumb\"},\"inLanguage\":\"pl-PL\",\"potentialAction\":[{\"@type\":\"ReadAction\",\"target\":[\"https:\/\/petalwhim.com\/p\/dark-blue-eternal-rose-beauty-and-the-beast\/\"]}]},{\"@type\":\"ImageObject\",\"inLanguage\":\"pl-PL\",\"@id\":\"https:\/\/petalwhim.com\/p\/dark-blue-eternal-rose-beauty-and-the-beast\/#primaryimage\",\"url\":\"https:\/\/petalwhim.com\/wp-content\/uploads\/2024\/04\/product-image-1562975859.jpg\",\"contentUrl\":\"https:\/\/petalwhim.com\/wp-content\/uploads\/2024\/04\/product-image-1562975859.jpg\",\"width\":640,\"height\":640,\"caption\":\"Dark Blue Eternal Rose Beauty and the Beast\"},{\"@type\":\"BreadcrumbList\",\"@id\":\"https:\/\/petalwhim.com\/p\/dark-blue-eternal-rose-beauty-and-the-beast\/#breadcrumb\",\"itemListElement\":[{\"@type\":\"ListItem\",\"position\":1,\"name\":\"Home\",\"item\":\"https:\/\/petalwhim.com\/\"},{\"@type\":\"ListItem\",\"position\":2,\"name\":\"Shop\",\"item\":\"https:\/\/petalwhim.com\/shop\/\"},{\"@type\":\"ListItem\",\"position\":3,\"name\":\"Dark Blue Eternal Rose Beauty and the Beast\"}]},{\"@type\":\"WebSite\",\"@id\":\"https:\/\/petalwhim.com\/#website\",\"url\":\"https:\/\/petalwhim.com\/\",\"name\":\"Petal Whim\u2122\",\"description\":\"Rose in Glass\",\"publisher\":{\"@id\":\"https:\/\/petalwhim.com\/#organization\"},\"potentialAction\":[{\"@type\":\"SearchAction\",\"target\":{\"@type\":\"EntryPoint\",\"urlTemplate\":\"https:\/\/petalwhim.com\/?s={search_term_string}\"},\"query-input\":{\"@type\":\"PropertyValueSpecification\",\"valueRequired\":true,\"valueName\":\"search_term_string\"}}],\"inLanguage\":\"pl-PL\"},{\"@type\":\"Organization\",\"@id\":\"https:\/\/petalwhim.com\/#organization\",\"name\":\"Petal Whim\",\"alternateName\":\"Rose in Glass\",\"url\":\"https:\/\/petalwhim.com\/\",\"logo\":{\"@type\":\"ImageObject\",\"inLanguage\":\"pl-PL\",\"@id\":\"https:\/\/petalwhim.com\/#\/schema\/logo\/image\/\",\"url\":\"https:\/\/petalwhim.com\/wp-content\/uploads\/2024\/05\/cropped-Petal-Whim-Favicon.png\",\"contentUrl\":\"https:\/\/petalwhim.com\/wp-content\/uploads\/2024\/05\/cropped-Petal-Whim-Favicon.png\",\"width\":512,\"height\":512,\"caption\":\"Petal Whim\"},\"image\":{\"@id\":\"https:\/\/petalwhim.com\/#\/schema\/logo\/image\/\"}}]}<\/script>\n<!-- \/ Yoast SEO plugin. -->","yoast_head_json":{"title":"Ciemnoniebieska wieczna r\u00f3\u017ca Pi\u0119kna i Bestia | Polska kwiaciarnia","description":"\u015awi\u0119tuj wieczn\u0105 mi\u0142o\u015b\u0107 z nasz\u0105 ciemnoniebiesk\u0105 wieczn\u0105 r\u00f3\u017c\u0105 Pi\u0119kna i Bestia .\ud83c\udf39Symbolizuj swoje nieko\u0144cz\u0105ce si\u0119 uczucie. Kup teraz i otrzymaj darmowy...","robots":{"index":"index","follow":"follow","max-snippet":"max-snippet:-1","max-image-preview":"max-image-preview:large","max-video-preview":"max-video-preview:-1"},"canonical":"https:\/\/petalwhim.com\/pl\/p\/ciemnoniebieski-wieczna-roza-piekno-i-bestia\/","og_locale":"pl_PL","og_type":"article","og_title":"Dark Blue Eternal Rose Beauty and the Beast | Polska Florist","og_description":"Celebrate everlasting love with our Dark Blue Eternal Rose Beauty and the Beast .\ud83c\udf39Symbolize your endless affection. Shop now and get a free...","og_url":"https:\/\/petalwhim.com\/pl\/p\/ciemnoniebieski-wieczna-roza-piekno-i-bestia\/","og_site_name":"Petal Whim\u2122","article_modified_time":"2025-07-25T05:16:02+00:00","og_image":[{"width":640,"height":640,"url":"https:\/\/petalwhim.com\/wp-content\/uploads\/2024\/04\/product-image-1562975859.jpg","type":"image\/jpeg"}],"twitter_card":"summary_large_image","twitter_misc":{"Szacowany czas czytania":"1 minuta"},"schema":{"@context":"https:\/\/schema.org","@graph":[{"@type":"WebPage","@id":"https:\/\/petalwhim.com\/p\/dark-blue-eternal-rose-beauty-and-the-beast\/","url":"https:\/\/petalwhim.com\/p\/dark-blue-eternal-rose-beauty-and-the-beast\/","name":"Ciemnoniebieska wieczna r\u00f3\u017ca Pi\u0119kna i Bestia | Polska kwiaciarnia","isPartOf":{"@id":"https:\/\/petalwhim.com\/#website"},"primaryImageOfPage":{"@id":"https:\/\/petalwhim.com\/p\/dark-blue-eternal-rose-beauty-and-the-beast\/#primaryimage"},"image":{"@id":"https:\/\/petalwhim.com\/p\/dark-blue-eternal-rose-beauty-and-the-beast\/#primaryimage"},"thumbnailUrl":"https:\/\/petalwhim.com\/wp-content\/uploads\/2024\/04\/product-image-1562975859.jpg","datePublished":"2024-04-19T05:01:36+00:00","dateModified":"2025-07-25T05:16:02+00:00","description":"\u015awi\u0119tuj wieczn\u0105 mi\u0142o\u015b\u0107 z nasz\u0105 ciemnoniebiesk\u0105 wieczn\u0105 r\u00f3\u017c\u0105 Pi\u0119kna i Bestia .\ud83c\udf39Symbolizuj swoje nieko\u0144cz\u0105ce si\u0119 uczucie. Kup teraz i otrzymaj darmowy...","breadcrumb":{"@id":"https:\/\/petalwhim.com\/p\/dark-blue-eternal-rose-beauty-and-the-beast\/#breadcrumb"},"inLanguage":"pl-PL","potentialAction":[{"@type":"ReadAction","target":["https:\/\/petalwhim.com\/p\/dark-blue-eternal-rose-beauty-and-the-beast\/"]}]},{"@type":"ImageObject","inLanguage":"pl-PL","@id":"https:\/\/petalwhim.com\/p\/dark-blue-eternal-rose-beauty-and-the-beast\/#primaryimage","url":"https:\/\/petalwhim.com\/wp-content\/uploads\/2024\/04\/product-image-1562975859.jpg","contentUrl":"https:\/\/petalwhim.com\/wp-content\/uploads\/2024\/04\/product-image-1562975859.jpg","width":640,"height":640,"caption":"Dark Blue Eternal Rose Beauty and the Beast"},{"@type":"BreadcrumbList","@id":"https:\/\/petalwhim.com\/p\/dark-blue-eternal-rose-beauty-and-the-beast\/#breadcrumb","itemListElement":[{"@type":"ListItem","position":1,"name":"Home","item":"https:\/\/petalwhim.com\/"},{"@type":"ListItem","position":2,"name":"Shop","item":"https:\/\/petalwhim.com\/shop\/"},{"@type":"ListItem","position":3,"name":"Dark Blue Eternal Rose Beauty and the Beast"}]},{"@type":"WebSite","@id":"https:\/\/petalwhim.com\/#website","url":"https:\/\/petalwhim.com\/","name":"Petal Whim\u2122","description":"R\u00f3\u017ca w szkle","publisher":{"@id":"https:\/\/petalwhim.com\/#organization"},"potentialAction":[{"@type":"SearchAction","target":{"@type":"EntryPoint","urlTemplate":"https:\/\/petalwhim.com\/?s={search_term_string}"},"query-input":{"@type":"PropertyValueSpecification","valueRequired":true,"valueName":"search_term_string"}}],"inLanguage":"pl-PL"},{"@type":"Organization","@id":"https:\/\/petalwhim.com\/#organization","name":"Petal Whim","alternateName":"Rose in Glass","url":"https:\/\/petalwhim.com\/","logo":{"@type":"ImageObject","inLanguage":"pl-PL","@id":"https:\/\/petalwhim.com\/#\/schema\/logo\/image\/","url":"https:\/\/petalwhim.com\/wp-content\/uploads\/2024\/05\/cropped-Petal-Whim-Favicon.png","contentUrl":"https:\/\/petalwhim.com\/wp-content\/uploads\/2024\/05\/cropped-Petal-Whim-Favicon.png","width":512,"height":512,"caption":"Petal Whim"},"image":{"@id":"https:\/\/petalwhim.com\/#\/schema\/logo\/image\/"}}]}},"_links":{"self":[{"href":"https:\/\/petalwhim.com\/pl\/wp-json\/wp\/v2\/product\/215","targetHints":{"allow":["GET"]}}],"collection":[{"href":"https:\/\/petalwhim.com\/pl\/wp-json\/wp\/v2\/product"}],"about":[{"href":"https:\/\/petalwhim.com\/pl\/wp-json\/wp\/v2\/types\/product"}],"wp:featuredmedia":[{"embeddable":true,"href":"https:\/\/petalwhim.com\/pl\/wp-json\/wp\/v2\/media\/214"}],"wp:attachment":[{"href":"https:\/\/petalwhim.com\/pl\/wp-json\/wp\/v2\/media?parent=215"}],"wp:term":[{"taxonomy":"product_brand","embeddable":true,"href":"https:\/\/petalwhim.com\/pl\/wp-json\/wp\/v2\/product_brand?post=215"},{"taxonomy":"product_cat","embeddable":true,"href":"https:\/\/petalwhim.com\/pl\/wp-json\/wp\/v2\/product_cat?post=215"},{"taxonomy":"product_tag","embeddable":true,"href":"https:\/\/petalwhim.com\/pl\/wp-json\/wp\/v2\/product_tag?post=215"}],"curies":[{"name":"wp","href":"https:\/\/api.w.org\/{rel}","templated":true}]}}