{"id":123,"date":"2024-04-19T04:57:58","date_gmt":"2024-04-19T04:57:58","guid":{"rendered":"https:\/\/petalwhim.com\/p\/small-eternal-violet-rose-under-glass-dome\/"},"modified":"2025-07-25T05:16:04","modified_gmt":"2025-07-25T05:16:04","slug":"mala-wieczna-fioletowa-roza-pod-szklana-kopula","status":"publish","type":"product","link":"https:\/\/petalwhim.com\/pl\/p\/mala-wieczna-fioletowa-roza-pod-szklana-kopula\/","title":{"rendered":"<span>Ma\u0142a wieczna r\u00f3\u017ca <\/span><span class=\"product-title-custom\">Fioletowy pod szklan\u0105 kopu\u0142\u0105<\/span>"},"content":{"rendered":"<h2>Ma\u0142a wieczna fioletowa r\u00f3\u017ca pod dzwonkiem: Idealny prezent!<\/h2><p>Pod tym dzwonem znajduje si\u0119 pi\u0119kny <strong>Ma\u0142a wieczna fioletowa r\u00f3\u017ca<\/strong> wraz z bia\u0142ymi kwiatami i per\u0142ami. Ten dzwonek jest osadzony na ciemnej czarnej podstawie i ma serce na g\u00f3rze. Jest te\u017c fioletowa kokardka z napisem Just For You.<\/p><p>Ta r\u00f3\u017ca ma fioletowy kolor, kt\u00f3ry reprezentuje <strong>prawdziwa mi\u0142o\u015b\u0107<\/strong>pierwsza prawdziwa mi\u0142o\u015b\u0107, prawdziwa wieczna mi\u0142o\u015b\u0107.<\/p><p>Je\u015bli podarujesz ukochanej osobie ten pi\u0119kny kwiat w formie klosza, poka\u017cesz jej, \u017ce <strong>prawdziwa mi\u0142o\u015b\u0107<\/strong> kt\u00f3ra z pewno\u015bci\u0105 b\u0119dzie trwa\u0142a.<\/p>","protected":false},"excerpt":{"rendered":"Ma\u0142a wieczna fioletowa r\u00f3\u017ca pod dzwonkiem: Idealny prezent! Pod tym dzwonkiem znajduje si\u0119 pi\u0119kna ma\u0142a wieczna fioletowa r\u00f3\u017ca wraz z ma\u0142ymi bia\u0142ymi kwiatami i per\u0142ami. Dzwonek jest osadzony na ciemnej czarnej podstawie i ma serce na g\u00f3rze. Jest te\u017c fioletowa kokardka z napisem Just For You.Ta r\u00f3\u017ca jest fioletowa w [...]","protected":false},"featured_media":122,"template":"","meta":[],"product_brand":[],"product_cat":[15,36,35],"product_tag":[34],"class_list":{"0":"post-123","1":"product","2":"type-product","3":"status-publish","4":"has-post-thumbnail","6":"product_cat-all-products","7":"product_cat-best-sellers","8":"product_cat-small-forever-rose","9":"product_tag-small-rose-in-glass","11":"first","12":"instock","13":"shipping-taxable","14":"purchasable","15":"product-type-simple"},"yoast_head":"<!-- This site is optimized with the Yoast SEO plugin v25.9 - https:\/\/yoast.com\/wordpress\/plugins\/seo\/ -->\n<title>Small Eternal Rose Violet under Glass Dome | Polska Florist<\/title>\n<meta name=\"description\" content=\"Celebrate everlasting love with our Small Eternal Rose Violet under Glass Dome .\ud83c\udf39Symbolize your endless affection. Shop now and get a free...\" \/>\n<meta name=\"robots\" content=\"index, follow, max-snippet:-1, max-image-preview:large, max-video-preview:-1\" \/>\n<link rel=\"canonical\" href=\"https:\/\/petalwhim.com\/pl\/p\/mala-wieczna-fioletowa-roza-pod-szklana-kopula\/\" \/>\n<meta property=\"og:locale\" content=\"pl_PL\" \/>\n<meta property=\"og:type\" content=\"article\" \/>\n<meta property=\"og:title\" content=\"Small Eternal Rose Violet under Glass Dome | Polska Florist\" \/>\n<meta property=\"og:description\" content=\"Celebrate everlasting love with our Small Eternal Rose Violet under Glass Dome .\ud83c\udf39Symbolize your endless affection. Shop now and get a free...\" \/>\n<meta property=\"og:url\" content=\"https:\/\/petalwhim.com\/pl\/p\/mala-wieczna-fioletowa-roza-pod-szklana-kopula\/\" \/>\n<meta property=\"og:site_name\" content=\"Petal Whim\u2122\" \/>\n<meta property=\"article:modified_time\" content=\"2025-07-25T05:16:04+00:00\" \/>\n<meta property=\"og:image\" content=\"https:\/\/petalwhim.com\/wp-content\/uploads\/2024\/04\/product-image-1594224936.jpg\" \/>\n\t<meta property=\"og:image:width\" content=\"640\" \/>\n\t<meta property=\"og:image:height\" content=\"640\" \/>\n\t<meta property=\"og:image:type\" content=\"image\/jpeg\" \/>\n<meta name=\"twitter:card\" content=\"summary_large_image\" \/>\n<script type=\"application\/ld+json\" class=\"yoast-schema-graph\">{\"@context\":\"https:\/\/schema.org\",\"@graph\":[{\"@type\":\"WebPage\",\"@id\":\"https:\/\/petalwhim.com\/p\/small-eternal-violet-rose-under-glass-dome\/\",\"url\":\"https:\/\/petalwhim.com\/p\/small-eternal-violet-rose-under-glass-dome\/\",\"name\":\"Small Eternal Rose Violet under Glass Dome | Polska Florist\",\"isPartOf\":{\"@id\":\"https:\/\/petalwhim.com\/#website\"},\"primaryImageOfPage\":{\"@id\":\"https:\/\/petalwhim.com\/p\/small-eternal-violet-rose-under-glass-dome\/#primaryimage\"},\"image\":{\"@id\":\"https:\/\/petalwhim.com\/p\/small-eternal-violet-rose-under-glass-dome\/#primaryimage\"},\"thumbnailUrl\":\"https:\/\/petalwhim.com\/wp-content\/uploads\/2024\/04\/product-image-1594224936.jpg\",\"datePublished\":\"2024-04-19T04:57:58+00:00\",\"dateModified\":\"2025-07-25T05:16:04+00:00\",\"description\":\"Celebrate everlasting love with our Small Eternal Rose Violet under Glass Dome .\ud83c\udf39Symbolize your endless affection. Shop now and get a free...\",\"breadcrumb\":{\"@id\":\"https:\/\/petalwhim.com\/p\/small-eternal-violet-rose-under-glass-dome\/#breadcrumb\"},\"inLanguage\":\"pl-PL\",\"potentialAction\":[{\"@type\":\"ReadAction\",\"target\":[\"https:\/\/petalwhim.com\/p\/small-eternal-violet-rose-under-glass-dome\/\"]}]},{\"@type\":\"ImageObject\",\"inLanguage\":\"pl-PL\",\"@id\":\"https:\/\/petalwhim.com\/p\/small-eternal-violet-rose-under-glass-dome\/#primaryimage\",\"url\":\"https:\/\/petalwhim.com\/wp-content\/uploads\/2024\/04\/product-image-1594224936.jpg\",\"contentUrl\":\"https:\/\/petalwhim.com\/wp-content\/uploads\/2024\/04\/product-image-1594224936.jpg\",\"width\":640,\"height\":640,\"caption\":\"Small Eternal Rose Violet under Glass Dome\"},{\"@type\":\"BreadcrumbList\",\"@id\":\"https:\/\/petalwhim.com\/p\/small-eternal-violet-rose-under-glass-dome\/#breadcrumb\",\"itemListElement\":[{\"@type\":\"ListItem\",\"position\":1,\"name\":\"Home\",\"item\":\"https:\/\/petalwhim.com\/\"},{\"@type\":\"ListItem\",\"position\":2,\"name\":\"Shop\",\"item\":\"https:\/\/petalwhim.com\/shop\/\"},{\"@type\":\"ListItem\",\"position\":3,\"name\":\"Small Eternal Rose Violet under Glass Dome\"}]},{\"@type\":\"WebSite\",\"@id\":\"https:\/\/petalwhim.com\/#website\",\"url\":\"https:\/\/petalwhim.com\/\",\"name\":\"Petal Whim\u2122\",\"description\":\"Rose in Glass\",\"publisher\":{\"@id\":\"https:\/\/petalwhim.com\/#organization\"},\"potentialAction\":[{\"@type\":\"SearchAction\",\"target\":{\"@type\":\"EntryPoint\",\"urlTemplate\":\"https:\/\/petalwhim.com\/?s={search_term_string}\"},\"query-input\":{\"@type\":\"PropertyValueSpecification\",\"valueRequired\":true,\"valueName\":\"search_term_string\"}}],\"inLanguage\":\"pl-PL\"},{\"@type\":\"Organization\",\"@id\":\"https:\/\/petalwhim.com\/#organization\",\"name\":\"Petal Whim\",\"alternateName\":\"Rose in Glass\",\"url\":\"https:\/\/petalwhim.com\/\",\"logo\":{\"@type\":\"ImageObject\",\"inLanguage\":\"pl-PL\",\"@id\":\"https:\/\/petalwhim.com\/#\/schema\/logo\/image\/\",\"url\":\"https:\/\/petalwhim.com\/wp-content\/uploads\/2024\/05\/cropped-Petal-Whim-Favicon.png\",\"contentUrl\":\"https:\/\/petalwhim.com\/wp-content\/uploads\/2024\/05\/cropped-Petal-Whim-Favicon.png\",\"width\":512,\"height\":512,\"caption\":\"Petal Whim\"},\"image\":{\"@id\":\"https:\/\/petalwhim.com\/#\/schema\/logo\/image\/\"}}]}<\/script>\n<!-- \/ Yoast SEO plugin. -->","yoast_head_json":{"title":"Ma\u0142a wieczna r\u00f3\u017ca fioletowa pod szklan\u0105 kopu\u0142\u0105 | Polska kwiaciarnia","description":"\u015awi\u0119tuj wieczn\u0105 mi\u0142o\u015b\u0107 z nasz\u0105 Ma\u0142\u0105 Wieczn\u0105 R\u00f3\u017c\u0105 Fioletow\u0105 pod Szklan\u0105 Kopu\u0142\u0105 .\ud83c\udf39Symbolizuj swoje nieko\u0144cz\u0105ce si\u0119 uczucie. Kup teraz i otrzymaj darmowy...","robots":{"index":"index","follow":"follow","max-snippet":"max-snippet:-1","max-image-preview":"max-image-preview:large","max-video-preview":"max-video-preview:-1"},"canonical":"https:\/\/petalwhim.com\/pl\/p\/mala-wieczna-fioletowa-roza-pod-szklana-kopula\/","og_locale":"pl_PL","og_type":"article","og_title":"Small Eternal Rose Violet under Glass Dome | Polska Florist","og_description":"Celebrate everlasting love with our Small Eternal Rose Violet under Glass Dome .\ud83c\udf39Symbolize your endless affection. Shop now and get a free...","og_url":"https:\/\/petalwhim.com\/pl\/p\/mala-wieczna-fioletowa-roza-pod-szklana-kopula\/","og_site_name":"Petal Whim\u2122","article_modified_time":"2025-07-25T05:16:04+00:00","og_image":[{"width":640,"height":640,"url":"https:\/\/petalwhim.com\/wp-content\/uploads\/2024\/04\/product-image-1594224936.jpg","type":"image\/jpeg"}],"twitter_card":"summary_large_image","schema":{"@context":"https:\/\/schema.org","@graph":[{"@type":"WebPage","@id":"https:\/\/petalwhim.com\/p\/small-eternal-violet-rose-under-glass-dome\/","url":"https:\/\/petalwhim.com\/p\/small-eternal-violet-rose-under-glass-dome\/","name":"Ma\u0142a wieczna r\u00f3\u017ca fioletowa pod szklan\u0105 kopu\u0142\u0105 | Polska kwiaciarnia","isPartOf":{"@id":"https:\/\/petalwhim.com\/#website"},"primaryImageOfPage":{"@id":"https:\/\/petalwhim.com\/p\/small-eternal-violet-rose-under-glass-dome\/#primaryimage"},"image":{"@id":"https:\/\/petalwhim.com\/p\/small-eternal-violet-rose-under-glass-dome\/#primaryimage"},"thumbnailUrl":"https:\/\/petalwhim.com\/wp-content\/uploads\/2024\/04\/product-image-1594224936.jpg","datePublished":"2024-04-19T04:57:58+00:00","dateModified":"2025-07-25T05:16:04+00:00","description":"\u015awi\u0119tuj wieczn\u0105 mi\u0142o\u015b\u0107 z nasz\u0105 Ma\u0142\u0105 Wieczn\u0105 R\u00f3\u017c\u0105 Fioletow\u0105 pod Szklan\u0105 Kopu\u0142\u0105 .\ud83c\udf39Symbolizuj swoje nieko\u0144cz\u0105ce si\u0119 uczucie. Kup teraz i otrzymaj darmowy...","breadcrumb":{"@id":"https:\/\/petalwhim.com\/p\/small-eternal-violet-rose-under-glass-dome\/#breadcrumb"},"inLanguage":"pl-PL","potentialAction":[{"@type":"ReadAction","target":["https:\/\/petalwhim.com\/p\/small-eternal-violet-rose-under-glass-dome\/"]}]},{"@type":"ImageObject","inLanguage":"pl-PL","@id":"https:\/\/petalwhim.com\/p\/small-eternal-violet-rose-under-glass-dome\/#primaryimage","url":"https:\/\/petalwhim.com\/wp-content\/uploads\/2024\/04\/product-image-1594224936.jpg","contentUrl":"https:\/\/petalwhim.com\/wp-content\/uploads\/2024\/04\/product-image-1594224936.jpg","width":640,"height":640,"caption":"Small Eternal Rose Violet under Glass Dome"},{"@type":"BreadcrumbList","@id":"https:\/\/petalwhim.com\/p\/small-eternal-violet-rose-under-glass-dome\/#breadcrumb","itemListElement":[{"@type":"ListItem","position":1,"name":"Home","item":"https:\/\/petalwhim.com\/"},{"@type":"ListItem","position":2,"name":"Shop","item":"https:\/\/petalwhim.com\/shop\/"},{"@type":"ListItem","position":3,"name":"Small Eternal Rose Violet under Glass Dome"}]},{"@type":"WebSite","@id":"https:\/\/petalwhim.com\/#website","url":"https:\/\/petalwhim.com\/","name":"Petal Whim\u2122","description":"R\u00f3\u017ca w szkle","publisher":{"@id":"https:\/\/petalwhim.com\/#organization"},"potentialAction":[{"@type":"SearchAction","target":{"@type":"EntryPoint","urlTemplate":"https:\/\/petalwhim.com\/?s={search_term_string}"},"query-input":{"@type":"PropertyValueSpecification","valueRequired":true,"valueName":"search_term_string"}}],"inLanguage":"pl-PL"},{"@type":"Organization","@id":"https:\/\/petalwhim.com\/#organization","name":"Petal Whim","alternateName":"Rose in Glass","url":"https:\/\/petalwhim.com\/","logo":{"@type":"ImageObject","inLanguage":"pl-PL","@id":"https:\/\/petalwhim.com\/#\/schema\/logo\/image\/","url":"https:\/\/petalwhim.com\/wp-content\/uploads\/2024\/05\/cropped-Petal-Whim-Favicon.png","contentUrl":"https:\/\/petalwhim.com\/wp-content\/uploads\/2024\/05\/cropped-Petal-Whim-Favicon.png","width":512,"height":512,"caption":"Petal Whim"},"image":{"@id":"https:\/\/petalwhim.com\/#\/schema\/logo\/image\/"}}]}},"_links":{"self":[{"href":"https:\/\/petalwhim.com\/pl\/wp-json\/wp\/v2\/product\/123","targetHints":{"allow":["GET"]}}],"collection":[{"href":"https:\/\/petalwhim.com\/pl\/wp-json\/wp\/v2\/product"}],"about":[{"href":"https:\/\/petalwhim.com\/pl\/wp-json\/wp\/v2\/types\/product"}],"wp:featuredmedia":[{"embeddable":true,"href":"https:\/\/petalwhim.com\/pl\/wp-json\/wp\/v2\/media\/122"}],"wp:attachment":[{"href":"https:\/\/petalwhim.com\/pl\/wp-json\/wp\/v2\/media?parent=123"}],"wp:term":[{"taxonomy":"product_brand","embeddable":true,"href":"https:\/\/petalwhim.com\/pl\/wp-json\/wp\/v2\/product_brand?post=123"},{"taxonomy":"product_cat","embeddable":true,"href":"https:\/\/petalwhim.com\/pl\/wp-json\/wp\/v2\/product_cat?post=123"},{"taxonomy":"product_tag","embeddable":true,"href":"https:\/\/petalwhim.com\/pl\/wp-json\/wp\/v2\/product_tag?post=123"}],"curies":[{"name":"wp","href":"https:\/\/api.w.org\/{rel}","templated":true}]}}