{"id":117,"date":"2024-04-19T04:57:49","date_gmt":"2024-04-19T04:57:49","guid":{"rendered":"https:\/\/petalwhim.com\/p\/small-eternal-turquoise-blue-rose\/"},"modified":"2025-10-20T04:33:43","modified_gmt":"2025-10-20T04:33:43","slug":"mala-wieczna-turkusowo-niebieska-roza","status":"publish","type":"product","link":"https:\/\/petalwhim.com\/pl\/p\/mala-wieczna-turkusowo-niebieska-roza\/","title":{"rendered":"<span>Ma\u0142a wieczna r\u00f3\u017ca <\/span><span class=\"product-title-custom\">Turkusowy niebieski<\/span>"},"content":{"rendered":"<h2>Zazdro\u015bcisz romantyzmu z ma\u0142\u0105 r\u00f3\u017c\u0105 do zaoferowania? <\/h2><p>Petal Whim\u2122 odpowiada, jest tam, aby wspiera\u0107 Ci\u0119 w Twoich wyborach. Na te ostatnie miesi\u0105ce roku Petal Whim\u2122 oferuje ci ten Small <strong>wieczny r\u00f3\u017c<\/strong> turkusowo-niebieski. Ten ma\u0142y kwiatek jest zwie\u0144czony ma\u0142ym dzwoneczkiem, kt\u00f3ry ma \u015bliczne ma\u0142e serduszko, kt\u00f3re sprawi, \u017ce ulegniesz. <\/p><p>Ten ma\u0142y <strong>wieczny r\u00f3\u017c<\/strong> turkusowy b\u0142\u0119kit. Zabierze Ci\u0119 w podr\u00f3\u017c na opuszczone pla\u017ce z drobnym piaskiem i turkusowym morzem. <\/p><p>The Small <strong>wieczny r\u00f3\u017c<\/strong> Turkus to co\u015b w sam raz dla nowo\u017ce\u0144c\u00f3w, kt\u00f3rzy w czasie \u015blubu p\u0142awi\u0105 si\u0119 w szcz\u0119\u015bciu. <\/p>","protected":false},"excerpt":{"rendered":"Zazdro\u015bcisz romantyzmu z ma\u0142\u0105 r\u00f3\u017c\u0105 do zaoferowania? Petal Whim\u2122 odpowiada, jest po to, aby wspiera\u0107 Ci\u0119 w Twoich wyborach. Na ostatnie miesi\u0105ce roku, Petal Whim\u2122 oferuje ten wiecznie r\u00f3\u017cowo-turkusowo-niebieski Small. Ten ma\u0142y kwiat jest zwie\u0144czony ma\u0142ym dzwonkiem, kt\u00f3ry ma \u0142adne ma\u0142e serce, [...]","protected":false},"featured_media":116,"template":"","meta":[],"product_brand":[],"product_cat":[15,36,21,35],"product_tag":[34],"class_list":{"0":"post-117","1":"product","2":"type-product","3":"status-publish","4":"has-post-thumbnail","6":"product_cat-all-products","7":"product_cat-best-sellers","8":"product_cat-blue-forever-rose","9":"product_cat-small-forever-rose","10":"product_tag-small-rose-in-glass","12":"first","13":"outofstock","14":"shipping-taxable","15":"purchasable","16":"product-type-simple"},"yoast_head":"<!-- This site is optimized with the Yoast SEO plugin v25.9 - https:\/\/yoast.com\/wordpress\/plugins\/seo\/ -->\n<title>Small Eternal Rose Turquoise Blue | Polska Florist<\/title>\n<meta name=\"description\" content=\"Celebrate everlasting love with our Small Eternal Rose Turquoise Blue .\ud83c\udf39Symbolize your endless affection. Shop now and get a free...\" \/>\n<meta name=\"robots\" content=\"index, follow, max-snippet:-1, max-image-preview:large, max-video-preview:-1\" \/>\n<link rel=\"canonical\" href=\"https:\/\/petalwhim.com\/pl\/p\/mala-wieczna-turkusowo-niebieska-roza\/\" \/>\n<meta property=\"og:locale\" content=\"pl_PL\" \/>\n<meta property=\"og:type\" content=\"article\" \/>\n<meta property=\"og:title\" content=\"Small Eternal Rose Turquoise Blue | Polska Florist\" \/>\n<meta property=\"og:description\" content=\"Celebrate everlasting love with our Small Eternal Rose Turquoise Blue .\ud83c\udf39Symbolize your endless affection. Shop now and get a free...\" \/>\n<meta property=\"og:url\" content=\"https:\/\/petalwhim.com\/pl\/p\/mala-wieczna-turkusowo-niebieska-roza\/\" \/>\n<meta property=\"og:site_name\" content=\"Petal Whim\u2122\" \/>\n<meta property=\"article:modified_time\" content=\"2025-10-20T04:33:43+00:00\" \/>\n<meta property=\"og:image\" content=\"https:\/\/petalwhim.com\/wp-content\/uploads\/2024\/04\/product-image-1594224938.jpg\" \/>\n\t<meta property=\"og:image:width\" content=\"640\" \/>\n\t<meta property=\"og:image:height\" content=\"640\" \/>\n\t<meta property=\"og:image:type\" content=\"image\/jpeg\" \/>\n<meta name=\"twitter:card\" content=\"summary_large_image\" \/>\n<meta name=\"twitter:label1\" content=\"Szacowany czas czytania\" \/>\n\t<meta name=\"twitter:data1\" content=\"1 minuta\" \/>\n<script type=\"application\/ld+json\" class=\"yoast-schema-graph\">{\"@context\":\"https:\/\/schema.org\",\"@graph\":[{\"@type\":\"WebPage\",\"@id\":\"https:\/\/petalwhim.com\/p\/small-eternal-turquoise-blue-rose\/\",\"url\":\"https:\/\/petalwhim.com\/p\/small-eternal-turquoise-blue-rose\/\",\"name\":\"Small Eternal Rose Turquoise Blue | Polska Florist\",\"isPartOf\":{\"@id\":\"https:\/\/petalwhim.com\/#website\"},\"primaryImageOfPage\":{\"@id\":\"https:\/\/petalwhim.com\/p\/small-eternal-turquoise-blue-rose\/#primaryimage\"},\"image\":{\"@id\":\"https:\/\/petalwhim.com\/p\/small-eternal-turquoise-blue-rose\/#primaryimage\"},\"thumbnailUrl\":\"https:\/\/petalwhim.com\/wp-content\/uploads\/2024\/04\/product-image-1594224938.jpg\",\"datePublished\":\"2024-04-19T04:57:49+00:00\",\"dateModified\":\"2025-10-20T04:33:43+00:00\",\"description\":\"Celebrate everlasting love with our Small Eternal Rose Turquoise Blue .\ud83c\udf39Symbolize your endless affection. Shop now and get a free...\",\"breadcrumb\":{\"@id\":\"https:\/\/petalwhim.com\/p\/small-eternal-turquoise-blue-rose\/#breadcrumb\"},\"inLanguage\":\"pl-PL\",\"potentialAction\":[{\"@type\":\"ReadAction\",\"target\":[\"https:\/\/petalwhim.com\/p\/small-eternal-turquoise-blue-rose\/\"]}]},{\"@type\":\"ImageObject\",\"inLanguage\":\"pl-PL\",\"@id\":\"https:\/\/petalwhim.com\/p\/small-eternal-turquoise-blue-rose\/#primaryimage\",\"url\":\"https:\/\/petalwhim.com\/wp-content\/uploads\/2024\/04\/product-image-1594224938.jpg\",\"contentUrl\":\"https:\/\/petalwhim.com\/wp-content\/uploads\/2024\/04\/product-image-1594224938.jpg\",\"width\":640,\"height\":640,\"caption\":\"Small Eternal Rose Turquoise Blue\"},{\"@type\":\"BreadcrumbList\",\"@id\":\"https:\/\/petalwhim.com\/p\/small-eternal-turquoise-blue-rose\/#breadcrumb\",\"itemListElement\":[{\"@type\":\"ListItem\",\"position\":1,\"name\":\"Home\",\"item\":\"https:\/\/petalwhim.com\/\"},{\"@type\":\"ListItem\",\"position\":2,\"name\":\"Shop\",\"item\":\"https:\/\/petalwhim.com\/shop\/\"},{\"@type\":\"ListItem\",\"position\":3,\"name\":\"Small Eternal Rose Turquoise Blue\"}]},{\"@type\":\"WebSite\",\"@id\":\"https:\/\/petalwhim.com\/#website\",\"url\":\"https:\/\/petalwhim.com\/\",\"name\":\"Petal Whim\u2122\",\"description\":\"Rose in Glass\",\"publisher\":{\"@id\":\"https:\/\/petalwhim.com\/#organization\"},\"potentialAction\":[{\"@type\":\"SearchAction\",\"target\":{\"@type\":\"EntryPoint\",\"urlTemplate\":\"https:\/\/petalwhim.com\/?s={search_term_string}\"},\"query-input\":{\"@type\":\"PropertyValueSpecification\",\"valueRequired\":true,\"valueName\":\"search_term_string\"}}],\"inLanguage\":\"pl-PL\"},{\"@type\":\"Organization\",\"@id\":\"https:\/\/petalwhim.com\/#organization\",\"name\":\"Petal Whim\",\"alternateName\":\"Rose in Glass\",\"url\":\"https:\/\/petalwhim.com\/\",\"logo\":{\"@type\":\"ImageObject\",\"inLanguage\":\"pl-PL\",\"@id\":\"https:\/\/petalwhim.com\/#\/schema\/logo\/image\/\",\"url\":\"https:\/\/petalwhim.com\/wp-content\/uploads\/2024\/05\/cropped-Petal-Whim-Favicon.png\",\"contentUrl\":\"https:\/\/petalwhim.com\/wp-content\/uploads\/2024\/05\/cropped-Petal-Whim-Favicon.png\",\"width\":512,\"height\":512,\"caption\":\"Petal Whim\"},\"image\":{\"@id\":\"https:\/\/petalwhim.com\/#\/schema\/logo\/image\/\"}}]}<\/script>\n<!-- \/ Yoast SEO plugin. -->","yoast_head_json":{"title":"Ma\u0142a wieczna r\u00f3\u017ca turkusowo-niebieska | Polska kwiaciarnia","description":"\u015awi\u0119tuj wieczn\u0105 mi\u0142o\u015b\u0107 z nasz\u0105 Ma\u0142\u0105 Wieczn\u0105 R\u00f3\u017c\u0105 Turkusowo-Niebiesk\u0105 .\ud83c\udf39Symbolizuj swoje nieko\u0144cz\u0105ce si\u0119 uczucie. Kup teraz i otrzymaj darmowy...","robots":{"index":"index","follow":"follow","max-snippet":"max-snippet:-1","max-image-preview":"max-image-preview:large","max-video-preview":"max-video-preview:-1"},"canonical":"https:\/\/petalwhim.com\/pl\/p\/mala-wieczna-turkusowo-niebieska-roza\/","og_locale":"pl_PL","og_type":"article","og_title":"Small Eternal Rose Turquoise Blue | Polska Florist","og_description":"Celebrate everlasting love with our Small Eternal Rose Turquoise Blue .\ud83c\udf39Symbolize your endless affection. Shop now and get a free...","og_url":"https:\/\/petalwhim.com\/pl\/p\/mala-wieczna-turkusowo-niebieska-roza\/","og_site_name":"Petal Whim\u2122","article_modified_time":"2025-10-20T04:33:43+00:00","og_image":[{"width":640,"height":640,"url":"https:\/\/petalwhim.com\/wp-content\/uploads\/2024\/04\/product-image-1594224938.jpg","type":"image\/jpeg"}],"twitter_card":"summary_large_image","twitter_misc":{"Szacowany czas czytania":"1 minuta"},"schema":{"@context":"https:\/\/schema.org","@graph":[{"@type":"WebPage","@id":"https:\/\/petalwhim.com\/p\/small-eternal-turquoise-blue-rose\/","url":"https:\/\/petalwhim.com\/p\/small-eternal-turquoise-blue-rose\/","name":"Ma\u0142a wieczna r\u00f3\u017ca turkusowo-niebieska | Polska kwiaciarnia","isPartOf":{"@id":"https:\/\/petalwhim.com\/#website"},"primaryImageOfPage":{"@id":"https:\/\/petalwhim.com\/p\/small-eternal-turquoise-blue-rose\/#primaryimage"},"image":{"@id":"https:\/\/petalwhim.com\/p\/small-eternal-turquoise-blue-rose\/#primaryimage"},"thumbnailUrl":"https:\/\/petalwhim.com\/wp-content\/uploads\/2024\/04\/product-image-1594224938.jpg","datePublished":"2024-04-19T04:57:49+00:00","dateModified":"2025-10-20T04:33:43+00:00","description":"\u015awi\u0119tuj wieczn\u0105 mi\u0142o\u015b\u0107 z nasz\u0105 Ma\u0142\u0105 Wieczn\u0105 R\u00f3\u017c\u0105 Turkusowo-Niebiesk\u0105 .\ud83c\udf39Symbolizuj swoje nieko\u0144cz\u0105ce si\u0119 uczucie. Kup teraz i otrzymaj darmowy...","breadcrumb":{"@id":"https:\/\/petalwhim.com\/p\/small-eternal-turquoise-blue-rose\/#breadcrumb"},"inLanguage":"pl-PL","potentialAction":[{"@type":"ReadAction","target":["https:\/\/petalwhim.com\/p\/small-eternal-turquoise-blue-rose\/"]}]},{"@type":"ImageObject","inLanguage":"pl-PL","@id":"https:\/\/petalwhim.com\/p\/small-eternal-turquoise-blue-rose\/#primaryimage","url":"https:\/\/petalwhim.com\/wp-content\/uploads\/2024\/04\/product-image-1594224938.jpg","contentUrl":"https:\/\/petalwhim.com\/wp-content\/uploads\/2024\/04\/product-image-1594224938.jpg","width":640,"height":640,"caption":"Small Eternal Rose Turquoise Blue"},{"@type":"BreadcrumbList","@id":"https:\/\/petalwhim.com\/p\/small-eternal-turquoise-blue-rose\/#breadcrumb","itemListElement":[{"@type":"ListItem","position":1,"name":"Home","item":"https:\/\/petalwhim.com\/"},{"@type":"ListItem","position":2,"name":"Shop","item":"https:\/\/petalwhim.com\/shop\/"},{"@type":"ListItem","position":3,"name":"Small Eternal Rose Turquoise Blue"}]},{"@type":"WebSite","@id":"https:\/\/petalwhim.com\/#website","url":"https:\/\/petalwhim.com\/","name":"Petal Whim\u2122","description":"R\u00f3\u017ca w szkle","publisher":{"@id":"https:\/\/petalwhim.com\/#organization"},"potentialAction":[{"@type":"SearchAction","target":{"@type":"EntryPoint","urlTemplate":"https:\/\/petalwhim.com\/?s={search_term_string}"},"query-input":{"@type":"PropertyValueSpecification","valueRequired":true,"valueName":"search_term_string"}}],"inLanguage":"pl-PL"},{"@type":"Organization","@id":"https:\/\/petalwhim.com\/#organization","name":"Petal Whim","alternateName":"Rose in Glass","url":"https:\/\/petalwhim.com\/","logo":{"@type":"ImageObject","inLanguage":"pl-PL","@id":"https:\/\/petalwhim.com\/#\/schema\/logo\/image\/","url":"https:\/\/petalwhim.com\/wp-content\/uploads\/2024\/05\/cropped-Petal-Whim-Favicon.png","contentUrl":"https:\/\/petalwhim.com\/wp-content\/uploads\/2024\/05\/cropped-Petal-Whim-Favicon.png","width":512,"height":512,"caption":"Petal Whim"},"image":{"@id":"https:\/\/petalwhim.com\/#\/schema\/logo\/image\/"}}]}},"_links":{"self":[{"href":"https:\/\/petalwhim.com\/pl\/wp-json\/wp\/v2\/product\/117","targetHints":{"allow":["GET"]}}],"collection":[{"href":"https:\/\/petalwhim.com\/pl\/wp-json\/wp\/v2\/product"}],"about":[{"href":"https:\/\/petalwhim.com\/pl\/wp-json\/wp\/v2\/types\/product"}],"wp:featuredmedia":[{"embeddable":true,"href":"https:\/\/petalwhim.com\/pl\/wp-json\/wp\/v2\/media\/116"}],"wp:attachment":[{"href":"https:\/\/petalwhim.com\/pl\/wp-json\/wp\/v2\/media?parent=117"}],"wp:term":[{"taxonomy":"product_brand","embeddable":true,"href":"https:\/\/petalwhim.com\/pl\/wp-json\/wp\/v2\/product_brand?post=117"},{"taxonomy":"product_cat","embeddable":true,"href":"https:\/\/petalwhim.com\/pl\/wp-json\/wp\/v2\/product_cat?post=117"},{"taxonomy":"product_tag","embeddable":true,"href":"https:\/\/petalwhim.com\/pl\/wp-json\/wp\/v2\/product_tag?post=117"}],"curies":[{"name":"wp","href":"https:\/\/api.w.org\/{rel}","templated":true}]}}