{"id":115,"date":"2024-04-19T04:57:47","date_gmt":"2024-04-19T04:57:47","guid":{"rendered":"https:\/\/petalwhim.com\/p\/small-eternal-pink-heart-shaped-glass-dome-rose\/"},"modified":"2025-07-25T05:16:05","modified_gmt":"2025-07-25T05:16:05","slug":"mala-rozowa-roza-w-ksztalcie-serca-w-szklanej-kopule","status":"publish","type":"product","link":"https:\/\/petalwhim.com\/pl\/p\/mala-rozowa-roza-w-ksztalcie-serca-w-szklanej-kopule\/","title":{"rendered":"<span>Ma\u0142a wieczna r\u00f3\u017ca <\/span><span class=\"product-title-custom\">Szklana r\u00f3\u017ca w kszta\u0142cie serca<\/span>"},"content":{"rendered":"<h2>Ma\u0142a r\u00f3\u017ca dla wydarzenia apoteozy? <\/h2><p>Petal Whim\u2122 odpowiada, wi\u0119c pozw\u00f3l si\u0119 poprowadzi\u0107. Ona oferuje ci, w rzeczywisto\u015bci, jej Small <strong>wieczny r\u00f3\u017c<\/strong> serce dzwonek r\u00f3\u017cowy. Jest zwie\u0144czona pi\u0119knym ma\u0142ym kloszem, kt\u00f3ry sam jest zwie\u0144czony sercem, kt\u00f3re sprawi, \u017ce ulegniesz jego urokowi. <\/p><p>To <strong>wieczna r\u00f3\u017ca<\/strong> ma r\u00f3\u017cowy kolor, kt\u00f3ry przypomina o niewinno\u015bci prawdziwej mi\u0142o\u015bci. <\/p><p>The Small <strong>wieczny r\u00f3\u017c<\/strong> oferowany tutaj, to przede wszystkim prezent wykonany z mi\u0142o\u015bci. Rzeczywi\u015bcie, jest to co\u015b, co mo\u017cna podarowa\u0107 nowo\u017ce\u0144com, na weselu lub temu, kt\u00f3rego kochasz.  <\/p>","protected":false},"excerpt":{"rendered":"Ma\u0142a r\u00f3\u017ca na wydarzenie w apoteozie? Petal Whim\u2122 odpowiada, wi\u0119c daj si\u0119 poprowadzi\u0107. W rzeczywisto\u015bci oferuje ci swoje ma\u0142e, wiecznie r\u00f3\u017cowe dzwonkowe serce. Jest zwie\u0144czony pi\u0119knym ma\u0142ym kloszem, kt\u00f3ry sam jest zwie\u0144czony sercem, kt\u00f3re sprawi, \u017ce wpadniesz pod jego urok. Ta wieczna r\u00f3\u017ca jest [...]","protected":false},"featured_media":114,"template":"","meta":[],"product_brand":[],"product_cat":[15,36,35],"product_tag":[34],"class_list":{"0":"post-115","1":"product","2":"type-product","3":"status-publish","4":"has-post-thumbnail","6":"product_cat-all-products","7":"product_cat-best-sellers","8":"product_cat-small-forever-rose","9":"product_tag-small-rose-in-glass","11":"first","12":"instock","13":"shipping-taxable","14":"purchasable","15":"product-type-simple"},"yoast_head":"<!-- This site is optimized with the Yoast SEO plugin v25.9 - https:\/\/yoast.com\/wordpress\/plugins\/seo\/ -->\n<title>Small Eternal Rose Heart-shaped Glass Dome Rose | Polska Florist<\/title>\n<meta name=\"description\" content=\"Celebrate everlasting love with our Small Eternal Rose Heart-shaped Glass Dome Rose .\ud83c\udf39Symbolize your endless affection. Shop now and get a free...\" \/>\n<meta name=\"robots\" content=\"index, follow, max-snippet:-1, max-image-preview:large, max-video-preview:-1\" \/>\n<link rel=\"canonical\" href=\"https:\/\/petalwhim.com\/pl\/p\/mala-rozowa-roza-w-ksztalcie-serca-w-szklanej-kopule\/\" \/>\n<meta property=\"og:locale\" content=\"pl_PL\" \/>\n<meta property=\"og:type\" content=\"article\" \/>\n<meta property=\"og:title\" content=\"Small Eternal Rose Heart-shaped Glass Dome Rose | Polska Florist\" \/>\n<meta property=\"og:description\" content=\"Celebrate everlasting love with our Small Eternal Rose Heart-shaped Glass Dome Rose .\ud83c\udf39Symbolize your endless affection. Shop now and get a free...\" \/>\n<meta property=\"og:url\" content=\"https:\/\/petalwhim.com\/pl\/p\/mala-rozowa-roza-w-ksztalcie-serca-w-szklanej-kopule\/\" \/>\n<meta property=\"og:site_name\" content=\"Petal Whim\u2122\" \/>\n<meta property=\"article:modified_time\" content=\"2025-07-25T05:16:05+00:00\" \/>\n<meta property=\"og:image\" content=\"https:\/\/petalwhim.com\/wp-content\/uploads\/2024\/04\/product-image-1594224944.jpg\" \/>\n\t<meta property=\"og:image:width\" content=\"640\" \/>\n\t<meta property=\"og:image:height\" content=\"640\" \/>\n\t<meta property=\"og:image:type\" content=\"image\/jpeg\" \/>\n<meta name=\"twitter:card\" content=\"summary_large_image\" \/>\n<meta name=\"twitter:label1\" content=\"Szacowany czas czytania\" \/>\n\t<meta name=\"twitter:data1\" content=\"1 minuta\" \/>\n<script type=\"application\/ld+json\" class=\"yoast-schema-graph\">{\"@context\":\"https:\/\/schema.org\",\"@graph\":[{\"@type\":\"WebPage\",\"@id\":\"https:\/\/petalwhim.com\/p\/small-eternal-pink-heart-shaped-glass-dome-rose\/\",\"url\":\"https:\/\/petalwhim.com\/p\/small-eternal-pink-heart-shaped-glass-dome-rose\/\",\"name\":\"Small Eternal Rose Heart-shaped Glass Dome Rose | Polska Florist\",\"isPartOf\":{\"@id\":\"https:\/\/petalwhim.com\/#website\"},\"primaryImageOfPage\":{\"@id\":\"https:\/\/petalwhim.com\/p\/small-eternal-pink-heart-shaped-glass-dome-rose\/#primaryimage\"},\"image\":{\"@id\":\"https:\/\/petalwhim.com\/p\/small-eternal-pink-heart-shaped-glass-dome-rose\/#primaryimage\"},\"thumbnailUrl\":\"https:\/\/petalwhim.com\/wp-content\/uploads\/2024\/04\/product-image-1594224944.jpg\",\"datePublished\":\"2024-04-19T04:57:47+00:00\",\"dateModified\":\"2025-07-25T05:16:05+00:00\",\"description\":\"Celebrate everlasting love with our Small Eternal Rose Heart-shaped Glass Dome Rose .\ud83c\udf39Symbolize your endless affection. Shop now and get a free...\",\"breadcrumb\":{\"@id\":\"https:\/\/petalwhim.com\/p\/small-eternal-pink-heart-shaped-glass-dome-rose\/#breadcrumb\"},\"inLanguage\":\"pl-PL\",\"potentialAction\":[{\"@type\":\"ReadAction\",\"target\":[\"https:\/\/petalwhim.com\/p\/small-eternal-pink-heart-shaped-glass-dome-rose\/\"]}]},{\"@type\":\"ImageObject\",\"inLanguage\":\"pl-PL\",\"@id\":\"https:\/\/petalwhim.com\/p\/small-eternal-pink-heart-shaped-glass-dome-rose\/#primaryimage\",\"url\":\"https:\/\/petalwhim.com\/wp-content\/uploads\/2024\/04\/product-image-1594224944.jpg\",\"contentUrl\":\"https:\/\/petalwhim.com\/wp-content\/uploads\/2024\/04\/product-image-1594224944.jpg\",\"width\":640,\"height\":640,\"caption\":\"Small Eternal Rose Heart-shaped Glass Dome Rose\"},{\"@type\":\"BreadcrumbList\",\"@id\":\"https:\/\/petalwhim.com\/p\/small-eternal-pink-heart-shaped-glass-dome-rose\/#breadcrumb\",\"itemListElement\":[{\"@type\":\"ListItem\",\"position\":1,\"name\":\"Home\",\"item\":\"https:\/\/petalwhim.com\/\"},{\"@type\":\"ListItem\",\"position\":2,\"name\":\"Shop\",\"item\":\"https:\/\/petalwhim.com\/shop\/\"},{\"@type\":\"ListItem\",\"position\":3,\"name\":\"Small Eternal Rose Heart-shaped Glass Dome Rose\"}]},{\"@type\":\"WebSite\",\"@id\":\"https:\/\/petalwhim.com\/#website\",\"url\":\"https:\/\/petalwhim.com\/\",\"name\":\"Petal Whim\u2122\",\"description\":\"Rose in Glass\",\"publisher\":{\"@id\":\"https:\/\/petalwhim.com\/#organization\"},\"potentialAction\":[{\"@type\":\"SearchAction\",\"target\":{\"@type\":\"EntryPoint\",\"urlTemplate\":\"https:\/\/petalwhim.com\/?s={search_term_string}\"},\"query-input\":{\"@type\":\"PropertyValueSpecification\",\"valueRequired\":true,\"valueName\":\"search_term_string\"}}],\"inLanguage\":\"pl-PL\"},{\"@type\":\"Organization\",\"@id\":\"https:\/\/petalwhim.com\/#organization\",\"name\":\"Petal Whim\",\"alternateName\":\"Rose in Glass\",\"url\":\"https:\/\/petalwhim.com\/\",\"logo\":{\"@type\":\"ImageObject\",\"inLanguage\":\"pl-PL\",\"@id\":\"https:\/\/petalwhim.com\/#\/schema\/logo\/image\/\",\"url\":\"https:\/\/petalwhim.com\/wp-content\/uploads\/2024\/05\/cropped-Petal-Whim-Favicon.png\",\"contentUrl\":\"https:\/\/petalwhim.com\/wp-content\/uploads\/2024\/05\/cropped-Petal-Whim-Favicon.png\",\"width\":512,\"height\":512,\"caption\":\"Petal Whim\"},\"image\":{\"@id\":\"https:\/\/petalwhim.com\/#\/schema\/logo\/image\/\"}}]}<\/script>\n<!-- \/ Yoast SEO plugin. -->","yoast_head_json":{"title":"Ma\u0142a wieczna r\u00f3\u017ca w kszta\u0142cie serca w szklanej kopule | Polska kwiaciarnia","description":"\u015awi\u0119tuj wieczn\u0105 mi\u0142o\u015b\u0107 z nasz\u0105 ma\u0142\u0105 wieczn\u0105 r\u00f3\u017c\u0105 w kszta\u0142cie serca ze szklan\u0105 kopu\u0142\u0105 .\ud83c\udf39Symbolizuj swoje nieko\u0144cz\u0105ce si\u0119 uczucie. Kup teraz i otrzymaj darmowy...","robots":{"index":"index","follow":"follow","max-snippet":"max-snippet:-1","max-image-preview":"max-image-preview:large","max-video-preview":"max-video-preview:-1"},"canonical":"https:\/\/petalwhim.com\/pl\/p\/mala-rozowa-roza-w-ksztalcie-serca-w-szklanej-kopule\/","og_locale":"pl_PL","og_type":"article","og_title":"Small Eternal Rose Heart-shaped Glass Dome Rose | Polska Florist","og_description":"Celebrate everlasting love with our Small Eternal Rose Heart-shaped Glass Dome Rose .\ud83c\udf39Symbolize your endless affection. Shop now and get a free...","og_url":"https:\/\/petalwhim.com\/pl\/p\/mala-rozowa-roza-w-ksztalcie-serca-w-szklanej-kopule\/","og_site_name":"Petal Whim\u2122","article_modified_time":"2025-07-25T05:16:05+00:00","og_image":[{"width":640,"height":640,"url":"https:\/\/petalwhim.com\/wp-content\/uploads\/2024\/04\/product-image-1594224944.jpg","type":"image\/jpeg"}],"twitter_card":"summary_large_image","twitter_misc":{"Szacowany czas czytania":"1 minuta"},"schema":{"@context":"https:\/\/schema.org","@graph":[{"@type":"WebPage","@id":"https:\/\/petalwhim.com\/p\/small-eternal-pink-heart-shaped-glass-dome-rose\/","url":"https:\/\/petalwhim.com\/p\/small-eternal-pink-heart-shaped-glass-dome-rose\/","name":"Ma\u0142a wieczna r\u00f3\u017ca w kszta\u0142cie serca w szklanej kopule | Polska kwiaciarnia","isPartOf":{"@id":"https:\/\/petalwhim.com\/#website"},"primaryImageOfPage":{"@id":"https:\/\/petalwhim.com\/p\/small-eternal-pink-heart-shaped-glass-dome-rose\/#primaryimage"},"image":{"@id":"https:\/\/petalwhim.com\/p\/small-eternal-pink-heart-shaped-glass-dome-rose\/#primaryimage"},"thumbnailUrl":"https:\/\/petalwhim.com\/wp-content\/uploads\/2024\/04\/product-image-1594224944.jpg","datePublished":"2024-04-19T04:57:47+00:00","dateModified":"2025-07-25T05:16:05+00:00","description":"\u015awi\u0119tuj wieczn\u0105 mi\u0142o\u015b\u0107 z nasz\u0105 ma\u0142\u0105 wieczn\u0105 r\u00f3\u017c\u0105 w kszta\u0142cie serca ze szklan\u0105 kopu\u0142\u0105 .\ud83c\udf39Symbolizuj swoje nieko\u0144cz\u0105ce si\u0119 uczucie. Kup teraz i otrzymaj darmowy...","breadcrumb":{"@id":"https:\/\/petalwhim.com\/p\/small-eternal-pink-heart-shaped-glass-dome-rose\/#breadcrumb"},"inLanguage":"pl-PL","potentialAction":[{"@type":"ReadAction","target":["https:\/\/petalwhim.com\/p\/small-eternal-pink-heart-shaped-glass-dome-rose\/"]}]},{"@type":"ImageObject","inLanguage":"pl-PL","@id":"https:\/\/petalwhim.com\/p\/small-eternal-pink-heart-shaped-glass-dome-rose\/#primaryimage","url":"https:\/\/petalwhim.com\/wp-content\/uploads\/2024\/04\/product-image-1594224944.jpg","contentUrl":"https:\/\/petalwhim.com\/wp-content\/uploads\/2024\/04\/product-image-1594224944.jpg","width":640,"height":640,"caption":"Small Eternal Rose Heart-shaped Glass Dome Rose"},{"@type":"BreadcrumbList","@id":"https:\/\/petalwhim.com\/p\/small-eternal-pink-heart-shaped-glass-dome-rose\/#breadcrumb","itemListElement":[{"@type":"ListItem","position":1,"name":"Home","item":"https:\/\/petalwhim.com\/"},{"@type":"ListItem","position":2,"name":"Shop","item":"https:\/\/petalwhim.com\/shop\/"},{"@type":"ListItem","position":3,"name":"Small Eternal Rose Heart-shaped Glass Dome Rose"}]},{"@type":"WebSite","@id":"https:\/\/petalwhim.com\/#website","url":"https:\/\/petalwhim.com\/","name":"Petal Whim\u2122","description":"R\u00f3\u017ca w szkle","publisher":{"@id":"https:\/\/petalwhim.com\/#organization"},"potentialAction":[{"@type":"SearchAction","target":{"@type":"EntryPoint","urlTemplate":"https:\/\/petalwhim.com\/?s={search_term_string}"},"query-input":{"@type":"PropertyValueSpecification","valueRequired":true,"valueName":"search_term_string"}}],"inLanguage":"pl-PL"},{"@type":"Organization","@id":"https:\/\/petalwhim.com\/#organization","name":"Petal Whim","alternateName":"Rose in Glass","url":"https:\/\/petalwhim.com\/","logo":{"@type":"ImageObject","inLanguage":"pl-PL","@id":"https:\/\/petalwhim.com\/#\/schema\/logo\/image\/","url":"https:\/\/petalwhim.com\/wp-content\/uploads\/2024\/05\/cropped-Petal-Whim-Favicon.png","contentUrl":"https:\/\/petalwhim.com\/wp-content\/uploads\/2024\/05\/cropped-Petal-Whim-Favicon.png","width":512,"height":512,"caption":"Petal Whim"},"image":{"@id":"https:\/\/petalwhim.com\/#\/schema\/logo\/image\/"}}]}},"_links":{"self":[{"href":"https:\/\/petalwhim.com\/pl\/wp-json\/wp\/v2\/product\/115","targetHints":{"allow":["GET"]}}],"collection":[{"href":"https:\/\/petalwhim.com\/pl\/wp-json\/wp\/v2\/product"}],"about":[{"href":"https:\/\/petalwhim.com\/pl\/wp-json\/wp\/v2\/types\/product"}],"wp:featuredmedia":[{"embeddable":true,"href":"https:\/\/petalwhim.com\/pl\/wp-json\/wp\/v2\/media\/114"}],"wp:attachment":[{"href":"https:\/\/petalwhim.com\/pl\/wp-json\/wp\/v2\/media?parent=115"}],"wp:term":[{"taxonomy":"product_brand","embeddable":true,"href":"https:\/\/petalwhim.com\/pl\/wp-json\/wp\/v2\/product_brand?post=115"},{"taxonomy":"product_cat","embeddable":true,"href":"https:\/\/petalwhim.com\/pl\/wp-json\/wp\/v2\/product_cat?post=115"},{"taxonomy":"product_tag","embeddable":true,"href":"https:\/\/petalwhim.com\/pl\/wp-json\/wp\/v2\/product_tag?post=115"}],"curies":[{"name":"wp","href":"https:\/\/api.w.org\/{rel}","templated":true}]}}