{"id":103,"date":"2024-04-19T04:57:32","date_gmt":"2024-04-19T04:57:32","guid":{"rendered":"https:\/\/petalwhim.com\/p\/small-eternal-three-roses\/"},"modified":"2025-07-25T05:16:05","modified_gmt":"2025-07-25T05:16:05","slug":"male-wieczne-trzy-roze","status":"publish","type":"product","link":"https:\/\/petalwhim.com\/pl\/p\/male-wieczne-trzy-roze\/","title":{"rendered":"<span>Ma\u0142a wieczna r\u00f3\u017ca <\/span><span class=\"product-title-custom\">Trzy r\u00f3\u017ce<\/span>"},"content":{"rendered":"<h2>Podarowanie ma\u0142ej wiecznej r\u00f3\u017cy: Trafiony pomys\u0142!<\/h2><p>Pod tym wspania\u0142ym dzwonem odkryjesz<strong> trzy wspania\u0142e r\u00f3\u017ce<\/strong>. Jeden w kolorze czerwonym, jeden w kolorze r\u00f3\u017cowym i jeden w kolorze niebieskim. Ten dzwonek jest osadzony na czarnej podstawie, a na jego szczycie znajduje si\u0119 serce z czarn\u0105 kokard\u0105 z turbanem i napisem.<\/p><p>Ka\u017cdy kolor tych r\u00f3\u017c ma swoj\u0105 definicj\u0119. Czerwony symbolizuje <strong>\u017carliwa mi\u0142o\u015b\u0107<\/strong>Niebieski symbolizuje wierno\u015b\u0107, a bia\u0142y czysto\u015b\u0107.<\/p><p>Mo\u017cesz ofiarowa\u0107 ten pi\u0119kny dzwonek swojej ukochanej osobie, symbolizuj\u0105c jej \u017carliw\u0105 mi\u0142o\u015b\u0107. <strong>czysta i wierna mi\u0142o\u015b\u0107<\/strong> czujesz do niej.<\/p>","protected":false},"excerpt":{"rendered":"Podarowanie ma\u0142ej wiecznej r\u00f3\u017cy: W\u0142a\u015bciwy pomys\u0142! Pod tym wspania\u0142ym dzwonkiem odkryjesz trzy wspania\u0142e r\u00f3\u017ce. Jedn\u0105 czerwon\u0105, jedn\u0105 r\u00f3\u017cow\u0105 i jedn\u0105 niebiesk\u0105. Ten dzwonek jest osadzony na czarnej podstawie, a na jego szczycie znajduje si\u0119 serce z czarn\u0105 kokard\u0105 z turbanem z napisem.Kolor tych r\u00f3\u017c ma [...]","protected":false},"featured_media":102,"template":"","meta":[],"product_brand":[],"product_cat":[15,36,19,35],"product_tag":[34],"class_list":{"0":"post-103","1":"product","2":"type-product","3":"status-publish","4":"has-post-thumbnail","6":"product_cat-all-products","7":"product_cat-best-sellers","8":"product_cat-red-forever-rose","9":"product_cat-small-forever-rose","10":"product_tag-small-rose-in-glass","12":"first","13":"outofstock","14":"shipping-taxable","15":"purchasable","16":"product-type-simple"},"yoast_head":"<!-- This site is optimized with the Yoast SEO plugin v25.9 - https:\/\/yoast.com\/wordpress\/plugins\/seo\/ -->\n<title>Small Eternal Rose Three Roses | Polska Florist<\/title>\n<meta name=\"description\" content=\"Celebrate everlasting love with our Small Eternal Rose Three Roses .\ud83c\udf39Symbolize your endless affection. Shop now and get a free...\" \/>\n<meta name=\"robots\" content=\"index, follow, max-snippet:-1, max-image-preview:large, max-video-preview:-1\" \/>\n<link rel=\"canonical\" href=\"https:\/\/petalwhim.com\/pl\/p\/male-wieczne-trzy-roze\/\" \/>\n<meta property=\"og:locale\" content=\"pl_PL\" \/>\n<meta property=\"og:type\" content=\"article\" \/>\n<meta property=\"og:title\" content=\"Small Eternal Rose Three Roses | Polska Florist\" \/>\n<meta property=\"og:description\" content=\"Celebrate everlasting love with our Small Eternal Rose Three Roses .\ud83c\udf39Symbolize your endless affection. Shop now and get a free...\" \/>\n<meta property=\"og:url\" content=\"https:\/\/petalwhim.com\/pl\/p\/male-wieczne-trzy-roze\/\" \/>\n<meta property=\"og:site_name\" content=\"Petal Whim\u2122\" \/>\n<meta property=\"article:modified_time\" content=\"2025-07-25T05:16:05+00:00\" \/>\n<meta property=\"og:image\" content=\"https:\/\/petalwhim.com\/wp-content\/uploads\/2024\/04\/product-image-1594224952.jpg\" \/>\n\t<meta property=\"og:image:width\" content=\"640\" \/>\n\t<meta property=\"og:image:height\" content=\"640\" \/>\n\t<meta property=\"og:image:type\" content=\"image\/jpeg\" \/>\n<meta name=\"twitter:card\" content=\"summary_large_image\" \/>\n<meta name=\"twitter:label1\" content=\"Szacowany czas czytania\" \/>\n\t<meta name=\"twitter:data1\" content=\"1 minuta\" \/>\n<script type=\"application\/ld+json\" class=\"yoast-schema-graph\">{\"@context\":\"https:\/\/schema.org\",\"@graph\":[{\"@type\":\"WebPage\",\"@id\":\"https:\/\/petalwhim.com\/p\/small-eternal-three-roses\/\",\"url\":\"https:\/\/petalwhim.com\/p\/small-eternal-three-roses\/\",\"name\":\"Small Eternal Rose Three Roses | Polska Florist\",\"isPartOf\":{\"@id\":\"https:\/\/petalwhim.com\/#website\"},\"primaryImageOfPage\":{\"@id\":\"https:\/\/petalwhim.com\/p\/small-eternal-three-roses\/#primaryimage\"},\"image\":{\"@id\":\"https:\/\/petalwhim.com\/p\/small-eternal-three-roses\/#primaryimage\"},\"thumbnailUrl\":\"https:\/\/petalwhim.com\/wp-content\/uploads\/2024\/04\/product-image-1594224952.jpg\",\"datePublished\":\"2024-04-19T04:57:32+00:00\",\"dateModified\":\"2025-07-25T05:16:05+00:00\",\"description\":\"Celebrate everlasting love with our Small Eternal Rose Three Roses .\ud83c\udf39Symbolize your endless affection. Shop now and get a free...\",\"breadcrumb\":{\"@id\":\"https:\/\/petalwhim.com\/p\/small-eternal-three-roses\/#breadcrumb\"},\"inLanguage\":\"pl-PL\",\"potentialAction\":[{\"@type\":\"ReadAction\",\"target\":[\"https:\/\/petalwhim.com\/p\/small-eternal-three-roses\/\"]}]},{\"@type\":\"ImageObject\",\"inLanguage\":\"pl-PL\",\"@id\":\"https:\/\/petalwhim.com\/p\/small-eternal-three-roses\/#primaryimage\",\"url\":\"https:\/\/petalwhim.com\/wp-content\/uploads\/2024\/04\/product-image-1594224952.jpg\",\"contentUrl\":\"https:\/\/petalwhim.com\/wp-content\/uploads\/2024\/04\/product-image-1594224952.jpg\",\"width\":640,\"height\":640,\"caption\":\"Small Eternal Rose Three Roses\"},{\"@type\":\"BreadcrumbList\",\"@id\":\"https:\/\/petalwhim.com\/p\/small-eternal-three-roses\/#breadcrumb\",\"itemListElement\":[{\"@type\":\"ListItem\",\"position\":1,\"name\":\"Home\",\"item\":\"https:\/\/petalwhim.com\/\"},{\"@type\":\"ListItem\",\"position\":2,\"name\":\"Shop\",\"item\":\"https:\/\/petalwhim.com\/shop\/\"},{\"@type\":\"ListItem\",\"position\":3,\"name\":\"Small Eternal Rose Three Roses\"}]},{\"@type\":\"WebSite\",\"@id\":\"https:\/\/petalwhim.com\/#website\",\"url\":\"https:\/\/petalwhim.com\/\",\"name\":\"Petal Whim\u2122\",\"description\":\"Rose in Glass\",\"publisher\":{\"@id\":\"https:\/\/petalwhim.com\/#organization\"},\"potentialAction\":[{\"@type\":\"SearchAction\",\"target\":{\"@type\":\"EntryPoint\",\"urlTemplate\":\"https:\/\/petalwhim.com\/?s={search_term_string}\"},\"query-input\":{\"@type\":\"PropertyValueSpecification\",\"valueRequired\":true,\"valueName\":\"search_term_string\"}}],\"inLanguage\":\"pl-PL\"},{\"@type\":\"Organization\",\"@id\":\"https:\/\/petalwhim.com\/#organization\",\"name\":\"Petal Whim\",\"alternateName\":\"Rose in Glass\",\"url\":\"https:\/\/petalwhim.com\/\",\"logo\":{\"@type\":\"ImageObject\",\"inLanguage\":\"pl-PL\",\"@id\":\"https:\/\/petalwhim.com\/#\/schema\/logo\/image\/\",\"url\":\"https:\/\/petalwhim.com\/wp-content\/uploads\/2024\/05\/cropped-Petal-Whim-Favicon.png\",\"contentUrl\":\"https:\/\/petalwhim.com\/wp-content\/uploads\/2024\/05\/cropped-Petal-Whim-Favicon.png\",\"width\":512,\"height\":512,\"caption\":\"Petal Whim\"},\"image\":{\"@id\":\"https:\/\/petalwhim.com\/#\/schema\/logo\/image\/\"}}]}<\/script>\n<!-- \/ Yoast SEO plugin. -->","yoast_head_json":{"title":"Ma\u0142a Wieczna R\u00f3\u017ca Trzy R\u00f3\u017ce | Polska Kwiaciarnia","description":"\u015awi\u0119tuj wieczn\u0105 mi\u0142o\u015b\u0107 z naszymi Ma\u0142ymi Wiecznymi R\u00f3\u017cami Trzy R\u00f3\u017ce .\ud83c\udf39Symbolizuj swoje nieko\u0144cz\u0105ce si\u0119 uczucie. Kup teraz i otrzymaj darmowy...","robots":{"index":"index","follow":"follow","max-snippet":"max-snippet:-1","max-image-preview":"max-image-preview:large","max-video-preview":"max-video-preview:-1"},"canonical":"https:\/\/petalwhim.com\/pl\/p\/male-wieczne-trzy-roze\/","og_locale":"pl_PL","og_type":"article","og_title":"Small Eternal Rose Three Roses | Polska Florist","og_description":"Celebrate everlasting love with our Small Eternal Rose Three Roses .\ud83c\udf39Symbolize your endless affection. Shop now and get a free...","og_url":"https:\/\/petalwhim.com\/pl\/p\/male-wieczne-trzy-roze\/","og_site_name":"Petal Whim\u2122","article_modified_time":"2025-07-25T05:16:05+00:00","og_image":[{"width":640,"height":640,"url":"https:\/\/petalwhim.com\/wp-content\/uploads\/2024\/04\/product-image-1594224952.jpg","type":"image\/jpeg"}],"twitter_card":"summary_large_image","twitter_misc":{"Szacowany czas czytania":"1 minuta"},"schema":{"@context":"https:\/\/schema.org","@graph":[{"@type":"WebPage","@id":"https:\/\/petalwhim.com\/p\/small-eternal-three-roses\/","url":"https:\/\/petalwhim.com\/p\/small-eternal-three-roses\/","name":"Ma\u0142a Wieczna R\u00f3\u017ca Trzy R\u00f3\u017ce | Polska Kwiaciarnia","isPartOf":{"@id":"https:\/\/petalwhim.com\/#website"},"primaryImageOfPage":{"@id":"https:\/\/petalwhim.com\/p\/small-eternal-three-roses\/#primaryimage"},"image":{"@id":"https:\/\/petalwhim.com\/p\/small-eternal-three-roses\/#primaryimage"},"thumbnailUrl":"https:\/\/petalwhim.com\/wp-content\/uploads\/2024\/04\/product-image-1594224952.jpg","datePublished":"2024-04-19T04:57:32+00:00","dateModified":"2025-07-25T05:16:05+00:00","description":"\u015awi\u0119tuj wieczn\u0105 mi\u0142o\u015b\u0107 z naszymi Ma\u0142ymi Wiecznymi R\u00f3\u017cami Trzy R\u00f3\u017ce .\ud83c\udf39Symbolizuj swoje nieko\u0144cz\u0105ce si\u0119 uczucie. Kup teraz i otrzymaj darmowy...","breadcrumb":{"@id":"https:\/\/petalwhim.com\/p\/small-eternal-three-roses\/#breadcrumb"},"inLanguage":"pl-PL","potentialAction":[{"@type":"ReadAction","target":["https:\/\/petalwhim.com\/p\/small-eternal-three-roses\/"]}]},{"@type":"ImageObject","inLanguage":"pl-PL","@id":"https:\/\/petalwhim.com\/p\/small-eternal-three-roses\/#primaryimage","url":"https:\/\/petalwhim.com\/wp-content\/uploads\/2024\/04\/product-image-1594224952.jpg","contentUrl":"https:\/\/petalwhim.com\/wp-content\/uploads\/2024\/04\/product-image-1594224952.jpg","width":640,"height":640,"caption":"Small Eternal Rose Three Roses"},{"@type":"BreadcrumbList","@id":"https:\/\/petalwhim.com\/p\/small-eternal-three-roses\/#breadcrumb","itemListElement":[{"@type":"ListItem","position":1,"name":"Home","item":"https:\/\/petalwhim.com\/"},{"@type":"ListItem","position":2,"name":"Shop","item":"https:\/\/petalwhim.com\/shop\/"},{"@type":"ListItem","position":3,"name":"Small Eternal Rose Three Roses"}]},{"@type":"WebSite","@id":"https:\/\/petalwhim.com\/#website","url":"https:\/\/petalwhim.com\/","name":"Petal Whim\u2122","description":"R\u00f3\u017ca w szkle","publisher":{"@id":"https:\/\/petalwhim.com\/#organization"},"potentialAction":[{"@type":"SearchAction","target":{"@type":"EntryPoint","urlTemplate":"https:\/\/petalwhim.com\/?s={search_term_string}"},"query-input":{"@type":"PropertyValueSpecification","valueRequired":true,"valueName":"search_term_string"}}],"inLanguage":"pl-PL"},{"@type":"Organization","@id":"https:\/\/petalwhim.com\/#organization","name":"Petal Whim","alternateName":"Rose in Glass","url":"https:\/\/petalwhim.com\/","logo":{"@type":"ImageObject","inLanguage":"pl-PL","@id":"https:\/\/petalwhim.com\/#\/schema\/logo\/image\/","url":"https:\/\/petalwhim.com\/wp-content\/uploads\/2024\/05\/cropped-Petal-Whim-Favicon.png","contentUrl":"https:\/\/petalwhim.com\/wp-content\/uploads\/2024\/05\/cropped-Petal-Whim-Favicon.png","width":512,"height":512,"caption":"Petal Whim"},"image":{"@id":"https:\/\/petalwhim.com\/#\/schema\/logo\/image\/"}}]}},"_links":{"self":[{"href":"https:\/\/petalwhim.com\/pl\/wp-json\/wp\/v2\/product\/103","targetHints":{"allow":["GET"]}}],"collection":[{"href":"https:\/\/petalwhim.com\/pl\/wp-json\/wp\/v2\/product"}],"about":[{"href":"https:\/\/petalwhim.com\/pl\/wp-json\/wp\/v2\/types\/product"}],"wp:featuredmedia":[{"embeddable":true,"href":"https:\/\/petalwhim.com\/pl\/wp-json\/wp\/v2\/media\/102"}],"wp:attachment":[{"href":"https:\/\/petalwhim.com\/pl\/wp-json\/wp\/v2\/media?parent=103"}],"wp:term":[{"taxonomy":"product_brand","embeddable":true,"href":"https:\/\/petalwhim.com\/pl\/wp-json\/wp\/v2\/product_brand?post=103"},{"taxonomy":"product_cat","embeddable":true,"href":"https:\/\/petalwhim.com\/pl\/wp-json\/wp\/v2\/product_cat?post=103"},{"taxonomy":"product_tag","embeddable":true,"href":"https:\/\/petalwhim.com\/pl\/wp-json\/wp\/v2\/product_tag?post=103"}],"curies":[{"name":"wp","href":"https:\/\/api.w.org\/{rel}","templated":true}]}}