{"id":24,"date":"2024-04-10T02:26:26","date_gmt":"2024-04-10T02:26:26","guid":{"rendered":"https:\/\/roseinglass.kinsta.cloud\/?page_id=24"},"modified":"2024-06-06T01:04:53","modified_gmt":"2024-06-06T01:04:53","slug":"polityka-zwrotow-i-refundacji","status":"publish","type":"page","link":"https:\/\/petalwhim.com\/pl\/polityka-zwrotow-i-refundacji\/","title":{"rendered":"Polityka zwrot\u00f3w i refundacji"},"content":{"rendered":"<h2>Chcia\u0142bym <strong>powr\u00f3t<\/strong> lub <strong>wymiana*<\/strong> przedmiot, kt\u00f3ry mi nie odpowiada.<\/h2>\r\n<strong>Krok 1:<\/strong> Je\u015bli chcesz <strong>powr\u00f3t<\/strong> lub <strong>wymiana<\/strong> (aby uzyska\u0107 inny rozmiar lub kolor), upewnij si\u0119, \u017ce spe\u0142niasz nast\u0119puj\u0105ce warunki:\r\n<ul>\r\n \t<li>Na zwrot paczki masz 30 dni od jej otrzymania.<\/li>\r\n \t<li>Etykiety musz\u0105 by\u0107 przymocowane do przedmiotu w taki sam spos\u00f3b, w jaki zosta\u0142y odebrane.<\/li>\r\n \t<li>Przedmiot musi znajdowa\u0107 si\u0119 w oryginalnym opakowaniu.<\/li>\r\n<\/ul>\r\n<strong>Krok 2:<\/strong> Skontaktuj si\u0119 z nami, wysy\u0142aj\u0105c wiadomo\u015b\u0107 e-mail na adres contact@petalwhim.com lub bezpo\u015brednio przez nasz kontakt.\r\n\r\nUpewnij si\u0119, \u017ce w wiadomo\u015bci e-mail znajduj\u0105 si\u0119 nast\u0119puj\u0105ce informacje\u00a0<strong>numer zam\u00f3wienia<\/strong>, <strong>nazwy zwr\u00f3conych przedmiot\u00f3w<\/strong>jak r\u00f3wnie\u017c <strong>co chcesz uzyska\u0107 w ramach zwrotu<\/strong> (zwrot pieni\u0119dzy, voucher lub wymiana na inny rozmiar\/kolor).\r\n\r\n<strong>Krok 3:<\/strong>\u00a0Odpowiemy w ci\u0105gu 48 godzin, podaj\u0105c adres pocztowy, na kt\u00f3ry nale\u017cy zwr\u00f3ci\u0107 towar.\r\n\r\nInformujemy, \u017ce\u00a0<strong>Koszty wysy\u0142ki zwrotnej pozostaj\u0105 na koszt u\u017cytkownika<\/strong>.\r\n\r\n<em>Produkty musz\u0105 by\u0107 zwr\u00f3cone w oryginalnym stanie. Wszelkie przedmioty, kt\u00f3re by\u0142y prane lub noszone (bez metki), nie mog\u0105 zosta\u0107 zwr\u00f3cone ani zrefundowane.<\/em>\r\n\r\n<strong>Krok 4<\/strong>: Potwierd\u017a nam e-mailem, \u017ce Tw\u00f3j produkt zosta\u0142 wys\u0142any i podaj nam jego adres e-mail.\u00a0<strong>numer przesy\u0142ki paczki<\/strong>.\r\n\r\nPozwoli nam to ui\u015bci\u0107 ewentualne op\u0142aty celne.\u00a0<strong>Je\u015bli nie b\u0119dziemy posiada\u0107 tych informacji, nie b\u0119dziemy w stanie ui\u015bci\u0107 op\u0142at celnych, a przesy\u0142ka zostanie automatycznie zwr\u00f3cona do u\u017cytkownika<\/strong>.\r\n\r\n<strong>Krok 5:<\/strong> Jak tylko otrzymamy przedmioty, zostan\u0105 one sprawdzone i zgodnie z twoj\u0105 pro\u015bb\u0105:\r\n<ul>\r\n \t<li>Zwrot pieni\u0119dzy: otrzymasz wiadomo\u015b\u0107 e-mail z potwierdzeniem zwrotu pieni\u0119dzy za zam\u00f3wienie. Zwroty s\u0105 zazwyczaj otrzymywane w ci\u0105gu 5 dni roboczych<\/li>\r\n \t<li>Wymiana produkt\u00f3w: Przedmioty zostan\u0105 wymienione przez osoby wskazane w formularzu zwrotu, otrzymasz wiadomo\u015b\u0107 e-mail potwierdzaj\u0105c\u0105 wymian\u0119, a tak\u017ce nowy numer zam\u00f3wienia.<\/li>\r\n<\/ul>\r\nPetal Whim\u2122 zastrzega sobie prawo do odrzucenia zwrot\u00f3w wys\u0142anych lub przekazanych po op\u00f3\u017anieniu zwrotu lub artyku\u0142\u00f3w, kt\u00f3re nie s\u0105 w takim samym stanie, w jakim zosta\u0142y otrzymane. Po zatwierdzeniu zwrotu otrzymasz zwrot pieni\u0119dzy za po\u015brednictwem <strong>ta sama metoda p\u0142atno\u015bci u\u017cyta do dokonania zakupu<\/strong>. Maksymalne op\u00f3\u017anienie zwrotu wynosi 10 dni. Nale\u017cy pami\u0119ta\u0107, \u017ce op\u00f3\u017anienie zwrotu \u015brodk\u00f3w na konto bankowe zawsze zale\u017cy od banku.","protected":false},"excerpt":{"rendered":"Chcia\u0142bym zwr\u00f3ci\u0107 lub wymieni\u0107* produkt, kt\u00f3ry mi nie odpowiada. Krok 1: Je\u015bli chcesz zwr\u00f3ci\u0107 lub wymieni\u0107 przedmiot (aby uzyska\u0107 inny rozmiar lub kolor), upewnij si\u0119, \u017ce spe\u0142niasz nast\u0119puj\u0105ce warunki: Na zwrot masz 30 dni od otrzymania przesy\u0142ki [...]","protected":false},"author":1,"featured_media":0,"parent":0,"menu_order":0,"comment_status":"closed","ping_status":"closed","template":"page-blank-title-center.php","meta":{"footnotes":""},"class_list":["post-24","page","type-page","status-publish","hentry"],"yoast_head":"<!-- This site is optimized with the Yoast SEO plugin v25.9 - https:\/\/yoast.com\/wordpress\/plugins\/seo\/ -->\n<title>Refund and Returns Policy - Petal Whim\u2122<\/title>\n<meta name=\"robots\" content=\"noindex, follow\" \/>\n<meta property=\"og:locale\" content=\"pl_PL\" \/>\n<meta property=\"og:type\" content=\"article\" \/>\n<meta property=\"og:title\" content=\"Refund and Returns Policy - Petal Whim\u2122\" \/>\n<meta property=\"og:description\" content=\"I would like to return or exchange* an item that does not suit me. Step 1: If you would like to return or exchange your item (to get a different size or color), please make sure that you meet the following conditions: You have 30 days following the reception of your package to return it [...]\" \/>\n<meta property=\"og:url\" content=\"https:\/\/petalwhim.com\/pl\/polityka-zwrotow-i-refundacji\/\" \/>\n<meta property=\"og:site_name\" content=\"Petal Whim\u2122\" \/>\n<meta property=\"article:modified_time\" content=\"2024-06-06T01:04:53+00:00\" \/>\n<meta property=\"og:image\" content=\"https:\/\/petalwhim.com\/wp-content\/uploads\/2024\/05\/cropped-Petal-Whim-Favicon.png\" \/>\n\t<meta property=\"og:image:width\" content=\"512\" \/>\n\t<meta property=\"og:image:height\" content=\"512\" \/>\n\t<meta property=\"og:image:type\" content=\"image\/png\" \/>\n<meta name=\"twitter:card\" content=\"summary_large_image\" \/>\n<meta name=\"twitter:label1\" content=\"Szacowany czas czytania\" \/>\n\t<meta name=\"twitter:data1\" content=\"2 minuty\" \/>\n<script type=\"application\/ld+json\" class=\"yoast-schema-graph\">{\"@context\":\"https:\/\/schema.org\",\"@graph\":[{\"@type\":\"WebPage\",\"@id\":\"https:\/\/petalwhim.com\/refund-and-returns-policy\/\",\"url\":\"https:\/\/petalwhim.com\/refund-and-returns-policy\/\",\"name\":\"Refund and Returns Policy - Petal Whim\u2122\",\"isPartOf\":{\"@id\":\"https:\/\/petalwhim.com\/#website\"},\"datePublished\":\"2024-04-10T02:26:26+00:00\",\"dateModified\":\"2024-06-06T01:04:53+00:00\",\"breadcrumb\":{\"@id\":\"https:\/\/petalwhim.com\/refund-and-returns-policy\/#breadcrumb\"},\"inLanguage\":\"pl-PL\",\"potentialAction\":[{\"@type\":\"ReadAction\",\"target\":[\"https:\/\/petalwhim.com\/refund-and-returns-policy\/\"]}]},{\"@type\":\"BreadcrumbList\",\"@id\":\"https:\/\/petalwhim.com\/refund-and-returns-policy\/#breadcrumb\",\"itemListElement\":[{\"@type\":\"ListItem\",\"position\":1,\"name\":\"Home\",\"item\":\"https:\/\/petalwhim.com\/\"},{\"@type\":\"ListItem\",\"position\":2,\"name\":\"Refund and Returns Policy\"}]},{\"@type\":\"WebSite\",\"@id\":\"https:\/\/petalwhim.com\/#website\",\"url\":\"https:\/\/petalwhim.com\/\",\"name\":\"Petal Whim\u2122\",\"description\":\"Rose in Glass\",\"publisher\":{\"@id\":\"https:\/\/petalwhim.com\/#organization\"},\"potentialAction\":[{\"@type\":\"SearchAction\",\"target\":{\"@type\":\"EntryPoint\",\"urlTemplate\":\"https:\/\/petalwhim.com\/?s={search_term_string}\"},\"query-input\":{\"@type\":\"PropertyValueSpecification\",\"valueRequired\":true,\"valueName\":\"search_term_string\"}}],\"inLanguage\":\"pl-PL\"},{\"@type\":\"Organization\",\"@id\":\"https:\/\/petalwhim.com\/#organization\",\"name\":\"Petal Whim\",\"alternateName\":\"Rose in Glass\",\"url\":\"https:\/\/petalwhim.com\/\",\"logo\":{\"@type\":\"ImageObject\",\"inLanguage\":\"pl-PL\",\"@id\":\"https:\/\/petalwhim.com\/#\/schema\/logo\/image\/\",\"url\":\"https:\/\/petalwhim.com\/wp-content\/uploads\/2024\/05\/cropped-Petal-Whim-Favicon.png\",\"contentUrl\":\"https:\/\/petalwhim.com\/wp-content\/uploads\/2024\/05\/cropped-Petal-Whim-Favicon.png\",\"width\":512,\"height\":512,\"caption\":\"Petal Whim\"},\"image\":{\"@id\":\"https:\/\/petalwhim.com\/#\/schema\/logo\/image\/\"}}]}<\/script>\n<!-- \/ Yoast SEO plugin. -->","yoast_head_json":{"title":"Polityka zwrot\u00f3w i refundacji - Petal Whim\u2122","robots":{"index":"noindex","follow":"follow"},"og_locale":"pl_PL","og_type":"article","og_title":"Refund and Returns Policy - Petal Whim\u2122","og_description":"I would like to return or exchange* an item that does not suit me. Step 1: If you would like to return or exchange your item (to get a different size or color), please make sure that you meet the following conditions: You have 30 days following the reception of your package to return it [...]","og_url":"https:\/\/petalwhim.com\/pl\/polityka-zwrotow-i-refundacji\/","og_site_name":"Petal Whim\u2122","article_modified_time":"2024-06-06T01:04:53+00:00","og_image":[{"width":512,"height":512,"url":"https:\/\/petalwhim.com\/wp-content\/uploads\/2024\/05\/cropped-Petal-Whim-Favicon.png","type":"image\/png"}],"twitter_card":"summary_large_image","twitter_misc":{"Szacowany czas czytania":"2 minuty"},"schema":{"@context":"https:\/\/schema.org","@graph":[{"@type":"WebPage","@id":"https:\/\/petalwhim.com\/refund-and-returns-policy\/","url":"https:\/\/petalwhim.com\/refund-and-returns-policy\/","name":"Polityka zwrot\u00f3w i refundacji - Petal Whim\u2122","isPartOf":{"@id":"https:\/\/petalwhim.com\/#website"},"datePublished":"2024-04-10T02:26:26+00:00","dateModified":"2024-06-06T01:04:53+00:00","breadcrumb":{"@id":"https:\/\/petalwhim.com\/refund-and-returns-policy\/#breadcrumb"},"inLanguage":"pl-PL","potentialAction":[{"@type":"ReadAction","target":["https:\/\/petalwhim.com\/refund-and-returns-policy\/"]}]},{"@type":"BreadcrumbList","@id":"https:\/\/petalwhim.com\/refund-and-returns-policy\/#breadcrumb","itemListElement":[{"@type":"ListItem","position":1,"name":"Home","item":"https:\/\/petalwhim.com\/"},{"@type":"ListItem","position":2,"name":"Refund and Returns Policy"}]},{"@type":"WebSite","@id":"https:\/\/petalwhim.com\/#website","url":"https:\/\/petalwhim.com\/","name":"Petal Whim\u2122","description":"R\u00f3\u017ca w szkle","publisher":{"@id":"https:\/\/petalwhim.com\/#organization"},"potentialAction":[{"@type":"SearchAction","target":{"@type":"EntryPoint","urlTemplate":"https:\/\/petalwhim.com\/?s={search_term_string}"},"query-input":{"@type":"PropertyValueSpecification","valueRequired":true,"valueName":"search_term_string"}}],"inLanguage":"pl-PL"},{"@type":"Organization","@id":"https:\/\/petalwhim.com\/#organization","name":"Petal Whim","alternateName":"Rose in Glass","url":"https:\/\/petalwhim.com\/","logo":{"@type":"ImageObject","inLanguage":"pl-PL","@id":"https:\/\/petalwhim.com\/#\/schema\/logo\/image\/","url":"https:\/\/petalwhim.com\/wp-content\/uploads\/2024\/05\/cropped-Petal-Whim-Favicon.png","contentUrl":"https:\/\/petalwhim.com\/wp-content\/uploads\/2024\/05\/cropped-Petal-Whim-Favicon.png","width":512,"height":512,"caption":"Petal Whim"},"image":{"@id":"https:\/\/petalwhim.com\/#\/schema\/logo\/image\/"}}]}},"_links":{"self":[{"href":"https:\/\/petalwhim.com\/pl\/wp-json\/wp\/v2\/pages\/24","targetHints":{"allow":["GET"]}}],"collection":[{"href":"https:\/\/petalwhim.com\/pl\/wp-json\/wp\/v2\/pages"}],"about":[{"href":"https:\/\/petalwhim.com\/pl\/wp-json\/wp\/v2\/types\/page"}],"author":[{"embeddable":true,"href":"https:\/\/petalwhim.com\/pl\/wp-json\/wp\/v2\/users\/1"}],"replies":[{"embeddable":true,"href":"https:\/\/petalwhim.com\/pl\/wp-json\/wp\/v2\/comments?post=24"}],"version-history":[{"count":0,"href":"https:\/\/petalwhim.com\/pl\/wp-json\/wp\/v2\/pages\/24\/revisions"}],"wp:attachment":[{"href":"https:\/\/petalwhim.com\/pl\/wp-json\/wp\/v2\/media?parent=24"}],"curies":[{"name":"wp","href":"https:\/\/api.w.org\/{rel}","templated":true}]}}