{"id":233,"date":"2024-04-19T05:02:05","date_gmt":"2024-04-19T05:02:05","guid":{"rendered":"https:\/\/petalwhim.com\/p\/mini-red-eternal-rose-under-glass-dome\/"},"modified":"2025-07-25T05:16:01","modified_gmt":"2025-07-25T05:16:01","slug":"mini-rode-eeuwige-roos-onder-glazen-stolp","status":"publish","type":"product","link":"https:\/\/petalwhim.com\/nl\/p\/mini-rode-eeuwige-roos-onder-glazen-stolp\/","title":{"rendered":"<span>Eeuwige roos <\/span><span class=\"product-title-custom\">LED glazen koepel<\/span>"},"content":{"rendered":"<h2>T\u00e9moignez de votre amour fou avec cette mini rose \u00e9ternelle rouge<\/h2>\r\nHier is een <strong>majestueuze roos \u00e9ternelle rouge<\/strong> in een aangepaste omgeving, glinsterend met duizend lichtjes dankzij een <strong>miniguirlande LED<\/strong>.\r\n\r\nIn de bloementaal is diep levendig rood het onovertroffen symbool van <strong>gekke liefde<\/strong>, <strong>passionele liefde<\/strong> wiens gevoelens zo krachtig zijn dat we ons de diepte ervan niet kunnen voorstellen.\r\n\r\nHet geven van een <strong>mini eeuwige rode passie roos<\/strong>is uitsluitend gereserveerd voor degene die je hebt gekozen. Je verklaart je eeuwige liefde op een klassieke manier, maar de boodschap zal met plezier worden ontvangen. Je hoeft niet te wachten tot <strong>Valentijnsdag<\/strong> om deze roos te geven: een <strong>liefdesverklaring<\/strong> kan niet wachten!\r\n\r\n<!-- split -->\r\n<h2>LED-lampje voor zachte verlichting<\/h2>\r\n<strong>LED-verlichting<\/strong> is subtiel en perfect voor <strong>je eeuwige roos benadrukken<\/strong> zonder een te intense lichtbron te cre\u00ebren. Bovendien zorgt het lage stroomverbruik van LED-lampen ervoor dat je <strong>eeuwige bloem verlicht<\/strong> voor vele jaren.","protected":false},"excerpt":{"rendered":"T\u00e9moignez de votre amour fou avec cette mini rose \u00e9ternelle rouge Hier is een majestueuze roos \u00e9ternelle rouge in een aangepaste setting, glinsterend met duizend lichtjes dankzij een mini guirlande LED. In de taal van bloemen is diep levendig rood het onovertroffen symbool van waanzinnige liefde, gepassioneerde liefde waarvan de gevoelens zo krachtig zijn dat we [...]","protected":false},"featured_media":232,"template":"","meta":[],"product_brand":[],"product_cat":[15,36,19,35],"product_tag":[34],"class_list":{"0":"post-233","1":"product","2":"type-product","3":"status-publish","4":"has-post-thumbnail","6":"product_cat-all-products","7":"product_cat-best-sellers","8":"product_cat-red-forever-rose","9":"product_cat-small-forever-rose","10":"product_tag-small-rose-in-glass","12":"first","13":"instock","14":"shipping-taxable","15":"purchasable","16":"product-type-simple"},"yoast_head":"<!-- This site is optimized with the Yoast SEO plugin v25.9 - https:\/\/yoast.com\/wordpress\/plugins\/seo\/ -->\n<title>Eternal Rose LED Glass Dome | Nederland Florist<\/title>\n<meta name=\"description\" content=\"Celebrate everlasting love with our Eternal Rose LED Glass Dome .\ud83c\udf39Symbolize your endless affection. Shop now and get a free...\" \/>\n<meta name=\"robots\" content=\"index, follow, max-snippet:-1, max-image-preview:large, max-video-preview:-1\" \/>\n<link rel=\"canonical\" href=\"https:\/\/petalwhim.com\/nl\/p\/mini-rode-eeuwige-roos-onder-glazen-stolp\/\" \/>\n<meta property=\"og:locale\" content=\"nl_NL\" \/>\n<meta property=\"og:type\" content=\"article\" \/>\n<meta property=\"og:title\" content=\"Eternal Rose LED Glass Dome | Nederland Florist\" \/>\n<meta property=\"og:description\" content=\"Celebrate everlasting love with our Eternal Rose LED Glass Dome .\ud83c\udf39Symbolize your endless affection. Shop now and get a free...\" \/>\n<meta property=\"og:url\" content=\"https:\/\/petalwhim.com\/nl\/p\/mini-rode-eeuwige-roos-onder-glazen-stolp\/\" \/>\n<meta property=\"og:site_name\" content=\"Petal Whim\u2122\" \/>\n<meta property=\"article:modified_time\" content=\"2025-07-25T05:16:01+00:00\" \/>\n<meta property=\"og:image\" content=\"https:\/\/petalwhim.com\/wp-content\/uploads\/2024\/04\/product-image-1487364151.jpg\" \/>\n\t<meta property=\"og:image:width\" content=\"640\" \/>\n\t<meta property=\"og:image:height\" content=\"640\" \/>\n\t<meta property=\"og:image:type\" content=\"image\/jpeg\" \/>\n<meta name=\"twitter:card\" content=\"summary_large_image\" \/>\n<meta name=\"twitter:label1\" content=\"Geschatte leestijd\" \/>\n\t<meta name=\"twitter:data1\" content=\"1 minuut\" \/>\n<script type=\"application\/ld+json\" class=\"yoast-schema-graph\">{\"@context\":\"https:\/\/schema.org\",\"@graph\":[{\"@type\":\"WebPage\",\"@id\":\"https:\/\/petalwhim.com\/p\/mini-red-eternal-rose-under-glass-dome\/\",\"url\":\"https:\/\/petalwhim.com\/p\/mini-red-eternal-rose-under-glass-dome\/\",\"name\":\"Eternal Rose LED Glass Dome | Nederland Florist\",\"isPartOf\":{\"@id\":\"https:\/\/petalwhim.com\/#website\"},\"primaryImageOfPage\":{\"@id\":\"https:\/\/petalwhim.com\/p\/mini-red-eternal-rose-under-glass-dome\/#primaryimage\"},\"image\":{\"@id\":\"https:\/\/petalwhim.com\/p\/mini-red-eternal-rose-under-glass-dome\/#primaryimage\"},\"thumbnailUrl\":\"https:\/\/petalwhim.com\/wp-content\/uploads\/2024\/04\/product-image-1487364151.jpg\",\"datePublished\":\"2024-04-19T05:02:05+00:00\",\"dateModified\":\"2025-07-25T05:16:01+00:00\",\"description\":\"Celebrate everlasting love with our Eternal Rose LED Glass Dome .\ud83c\udf39Symbolize your endless affection. Shop now and get a free...\",\"breadcrumb\":{\"@id\":\"https:\/\/petalwhim.com\/p\/mini-red-eternal-rose-under-glass-dome\/#breadcrumb\"},\"inLanguage\":\"nl-NL\",\"potentialAction\":[{\"@type\":\"ReadAction\",\"target\":[\"https:\/\/petalwhim.com\/p\/mini-red-eternal-rose-under-glass-dome\/\"]}]},{\"@type\":\"ImageObject\",\"inLanguage\":\"nl-NL\",\"@id\":\"https:\/\/petalwhim.com\/p\/mini-red-eternal-rose-under-glass-dome\/#primaryimage\",\"url\":\"https:\/\/petalwhim.com\/wp-content\/uploads\/2024\/04\/product-image-1487364151.jpg\",\"contentUrl\":\"https:\/\/petalwhim.com\/wp-content\/uploads\/2024\/04\/product-image-1487364151.jpg\",\"width\":640,\"height\":640,\"caption\":\"Eternal Rose LED Glass Dome\"},{\"@type\":\"BreadcrumbList\",\"@id\":\"https:\/\/petalwhim.com\/p\/mini-red-eternal-rose-under-glass-dome\/#breadcrumb\",\"itemListElement\":[{\"@type\":\"ListItem\",\"position\":1,\"name\":\"Home\",\"item\":\"https:\/\/petalwhim.com\/\"},{\"@type\":\"ListItem\",\"position\":2,\"name\":\"Shop\",\"item\":\"https:\/\/petalwhim.com\/shop\/\"},{\"@type\":\"ListItem\",\"position\":3,\"name\":\"Eternal Rose LED Glass Dome\"}]},{\"@type\":\"WebSite\",\"@id\":\"https:\/\/petalwhim.com\/#website\",\"url\":\"https:\/\/petalwhim.com\/\",\"name\":\"Petal Whim\u2122\",\"description\":\"Rose in Glass\",\"publisher\":{\"@id\":\"https:\/\/petalwhim.com\/#organization\"},\"potentialAction\":[{\"@type\":\"SearchAction\",\"target\":{\"@type\":\"EntryPoint\",\"urlTemplate\":\"https:\/\/petalwhim.com\/?s={search_term_string}\"},\"query-input\":{\"@type\":\"PropertyValueSpecification\",\"valueRequired\":true,\"valueName\":\"search_term_string\"}}],\"inLanguage\":\"nl-NL\"},{\"@type\":\"Organization\",\"@id\":\"https:\/\/petalwhim.com\/#organization\",\"name\":\"Petal Whim\",\"alternateName\":\"Rose in Glass\",\"url\":\"https:\/\/petalwhim.com\/\",\"logo\":{\"@type\":\"ImageObject\",\"inLanguage\":\"nl-NL\",\"@id\":\"https:\/\/petalwhim.com\/#\/schema\/logo\/image\/\",\"url\":\"https:\/\/petalwhim.com\/wp-content\/uploads\/2024\/05\/cropped-Petal-Whim-Favicon.png\",\"contentUrl\":\"https:\/\/petalwhim.com\/wp-content\/uploads\/2024\/05\/cropped-Petal-Whim-Favicon.png\",\"width\":512,\"height\":512,\"caption\":\"Petal Whim\"},\"image\":{\"@id\":\"https:\/\/petalwhim.com\/#\/schema\/logo\/image\/\"}}]}<\/script>\n<!-- \/ Yoast SEO plugin. -->","yoast_head_json":{"title":"Eeuwige Roos LED Glazen Koepel | Nederland Bloemist","description":"Vier je eeuwige liefde met onze Eternal Rose LED Glass Dome .\ud83c\udf39Symboliseer je eindeloze genegenheid. Shop nu en krijg een gratis...","robots":{"index":"index","follow":"follow","max-snippet":"max-snippet:-1","max-image-preview":"max-image-preview:large","max-video-preview":"max-video-preview:-1"},"canonical":"https:\/\/petalwhim.com\/nl\/p\/mini-rode-eeuwige-roos-onder-glazen-stolp\/","og_locale":"nl_NL","og_type":"article","og_title":"Eternal Rose LED Glass Dome | Nederland Florist","og_description":"Celebrate everlasting love with our Eternal Rose LED Glass Dome .\ud83c\udf39Symbolize your endless affection. Shop now and get a free...","og_url":"https:\/\/petalwhim.com\/nl\/p\/mini-rode-eeuwige-roos-onder-glazen-stolp\/","og_site_name":"Petal Whim\u2122","article_modified_time":"2025-07-25T05:16:01+00:00","og_image":[{"width":640,"height":640,"url":"https:\/\/petalwhim.com\/wp-content\/uploads\/2024\/04\/product-image-1487364151.jpg","type":"image\/jpeg"}],"twitter_card":"summary_large_image","twitter_misc":{"Geschatte leestijd":"1 minuut"},"schema":{"@context":"https:\/\/schema.org","@graph":[{"@type":"WebPage","@id":"https:\/\/petalwhim.com\/p\/mini-red-eternal-rose-under-glass-dome\/","url":"https:\/\/petalwhim.com\/p\/mini-red-eternal-rose-under-glass-dome\/","name":"Eeuwige Roos LED Glazen Koepel | Nederland Bloemist","isPartOf":{"@id":"https:\/\/petalwhim.com\/#website"},"primaryImageOfPage":{"@id":"https:\/\/petalwhim.com\/p\/mini-red-eternal-rose-under-glass-dome\/#primaryimage"},"image":{"@id":"https:\/\/petalwhim.com\/p\/mini-red-eternal-rose-under-glass-dome\/#primaryimage"},"thumbnailUrl":"https:\/\/petalwhim.com\/wp-content\/uploads\/2024\/04\/product-image-1487364151.jpg","datePublished":"2024-04-19T05:02:05+00:00","dateModified":"2025-07-25T05:16:01+00:00","description":"Vier je eeuwige liefde met onze Eternal Rose LED Glass Dome .\ud83c\udf39Symboliseer je eindeloze genegenheid. Shop nu en krijg een gratis...","breadcrumb":{"@id":"https:\/\/petalwhim.com\/p\/mini-red-eternal-rose-under-glass-dome\/#breadcrumb"},"inLanguage":"nl-NL","potentialAction":[{"@type":"ReadAction","target":["https:\/\/petalwhim.com\/p\/mini-red-eternal-rose-under-glass-dome\/"]}]},{"@type":"ImageObject","inLanguage":"nl-NL","@id":"https:\/\/petalwhim.com\/p\/mini-red-eternal-rose-under-glass-dome\/#primaryimage","url":"https:\/\/petalwhim.com\/wp-content\/uploads\/2024\/04\/product-image-1487364151.jpg","contentUrl":"https:\/\/petalwhim.com\/wp-content\/uploads\/2024\/04\/product-image-1487364151.jpg","width":640,"height":640,"caption":"Eternal Rose LED Glass Dome"},{"@type":"BreadcrumbList","@id":"https:\/\/petalwhim.com\/p\/mini-red-eternal-rose-under-glass-dome\/#breadcrumb","itemListElement":[{"@type":"ListItem","position":1,"name":"Home","item":"https:\/\/petalwhim.com\/"},{"@type":"ListItem","position":2,"name":"Shop","item":"https:\/\/petalwhim.com\/shop\/"},{"@type":"ListItem","position":3,"name":"Eternal Rose LED Glass Dome"}]},{"@type":"WebSite","@id":"https:\/\/petalwhim.com\/#website","url":"https:\/\/petalwhim.com\/","name":"Bloemengril\u2122","description":"Roos in glas","publisher":{"@id":"https:\/\/petalwhim.com\/#organization"},"potentialAction":[{"@type":"SearchAction","target":{"@type":"EntryPoint","urlTemplate":"https:\/\/petalwhim.com\/?s={search_term_string}"},"query-input":{"@type":"PropertyValueSpecification","valueRequired":true,"valueName":"search_term_string"}}],"inLanguage":"nl-NL"},{"@type":"Organization","@id":"https:\/\/petalwhim.com\/#organization","name":"Petal gril","alternateName":"Rose in Glass","url":"https:\/\/petalwhim.com\/","logo":{"@type":"ImageObject","inLanguage":"nl-NL","@id":"https:\/\/petalwhim.com\/#\/schema\/logo\/image\/","url":"https:\/\/petalwhim.com\/wp-content\/uploads\/2024\/05\/cropped-Petal-Whim-Favicon.png","contentUrl":"https:\/\/petalwhim.com\/wp-content\/uploads\/2024\/05\/cropped-Petal-Whim-Favicon.png","width":512,"height":512,"caption":"Petal Whim"},"image":{"@id":"https:\/\/petalwhim.com\/#\/schema\/logo\/image\/"}}]}},"_links":{"self":[{"href":"https:\/\/petalwhim.com\/nl\/wp-json\/wp\/v2\/product\/233","targetHints":{"allow":["GET"]}}],"collection":[{"href":"https:\/\/petalwhim.com\/nl\/wp-json\/wp\/v2\/product"}],"about":[{"href":"https:\/\/petalwhim.com\/nl\/wp-json\/wp\/v2\/types\/product"}],"wp:featuredmedia":[{"embeddable":true,"href":"https:\/\/petalwhim.com\/nl\/wp-json\/wp\/v2\/media\/232"}],"wp:attachment":[{"href":"https:\/\/petalwhim.com\/nl\/wp-json\/wp\/v2\/media?parent=233"}],"wp:term":[{"taxonomy":"product_brand","embeddable":true,"href":"https:\/\/petalwhim.com\/nl\/wp-json\/wp\/v2\/product_brand?post=233"},{"taxonomy":"product_cat","embeddable":true,"href":"https:\/\/petalwhim.com\/nl\/wp-json\/wp\/v2\/product_cat?post=233"},{"taxonomy":"product_tag","embeddable":true,"href":"https:\/\/petalwhim.com\/nl\/wp-json\/wp\/v2\/product_tag?post=233"}],"curies":[{"name":"wp","href":"https:\/\/api.w.org\/{rel}","templated":true}]}}