{"id":399,"date":"2024-04-29T01:32:03","date_gmt":"2024-04-29T01:32:03","guid":{"rendered":"https:\/\/petalwhim.com\/p\/rose-teddy-bear-eternal-grey\/"},"modified":"2025-07-25T05:16:00","modified_gmt":"2025-07-25T05:16:00","slug":"rose-teddybjorn-eternal-grey","status":"publish","type":"product","link":"https:\/\/petalwhim.com\/nb\/p\/rose-teddybjorn-eternal-grey\/","title":{"rendered":"<span>Rose Teddybj\u00f8rn <\/span><span class=\"product-title-custom\">Eternal Grey<\/span>"},"content":{"rendered":"<h2>A <strong>liten rosa teddybj\u00f8rn<\/strong> for \u00e5 uttrykke all din kj\u00e6rlighet til din elskede?<\/h2> <p>Petal Whim\u2122 er her for \u00e5 hjelpe deg i disse siste m\u00e5nedene av \u00e5ret. Vi tilbyr en liten rosa bamse i gr\u00e5tt. Den er bundet med en liten sl\u00f8yfe som gj\u00f8r den veldig s\u00f8t, og som vil sjarmere den du er glad i.<\/p> <h2>Hvor mye koster denne lille bamsen?<\/h2> <p>For \u00e5 kj\u00f8pe det, ikke n\u00f8l med. Faktisk vil det koste bare 40 euro, noe som er en betydelig fordel. Denne gaven vil bli sendt til deg innen 24 timer. S\u00e5 et r\u00e5d, ikke n\u00f8l lenger. G\u00e5 videre og kj\u00f8p denne lille gr\u00e5 rosebamsen!<\/p>","protected":false},"excerpt":{"rendered":"<ul> <li><strong>Teddy komponerte<\/strong> av 350 evige roser og et svart satengb\u00e5nd<\/li> <li>St\u00f8rrelse p\u00e5 denne bamsen: 25 cm<\/li> <li>H\u00e5ndlaget i v\u00e5rt verksted<\/li> <\/ul>","protected":false},"featured_media":398,"template":"","meta":[],"product_brand":[],"product_cat":[15,32],"product_tag":[],"class_list":{"0":"post-399","1":"product","2":"type-product","3":"status-publish","4":"has-post-thumbnail","6":"product_cat-all-products","7":"product_cat-flower-bear","9":"first","10":"instock","11":"shipping-taxable","12":"purchasable","13":"product-type-simple"},"yoast_head":"<!-- This site is optimized with the Yoast SEO plugin v25.9 - https:\/\/yoast.com\/wordpress\/plugins\/seo\/ -->\n<title>Rose Teddy Bear Eternal Grey | Norge Florist<\/title>\n<meta name=\"description\" content=\"Celebrate everlasting love with our Rose Teddy Bear Eternal Grey .\ud83c\udf39Symbolize your endless affection. Shop now and get a free...\" \/>\n<meta name=\"robots\" content=\"index, follow, max-snippet:-1, max-image-preview:large, max-video-preview:-1\" \/>\n<link rel=\"canonical\" href=\"https:\/\/petalwhim.com\/nb\/p\/rose-teddybjorn-eternal-grey\/\" \/>\n<meta property=\"og:locale\" content=\"nb_NO\" \/>\n<meta property=\"og:type\" content=\"article\" \/>\n<meta property=\"og:title\" content=\"Rose Teddy Bear Eternal Grey | Norge Florist\" \/>\n<meta property=\"og:description\" content=\"Celebrate everlasting love with our Rose Teddy Bear Eternal Grey .\ud83c\udf39Symbolize your endless affection. Shop now and get a free...\" \/>\n<meta property=\"og:url\" content=\"https:\/\/petalwhim.com\/nb\/p\/rose-teddybjorn-eternal-grey\/\" \/>\n<meta property=\"og:site_name\" content=\"Petal Whim\u2122\" \/>\n<meta property=\"article:modified_time\" content=\"2025-07-25T05:16:00+00:00\" \/>\n<meta property=\"og:image\" content=\"https:\/\/petalwhim.com\/wp-content\/uploads\/2024\/04\/ourson-en-rose-paris_600x_747a6d3f-b864-4641-94f1-89339f02915b_600x.jpg\" \/>\n\t<meta property=\"og:image:width\" content=\"600\" \/>\n\t<meta property=\"og:image:height\" content=\"600\" \/>\n\t<meta property=\"og:image:type\" content=\"image\/jpeg\" \/>\n<meta name=\"twitter:card\" content=\"summary_large_image\" \/>\n<meta name=\"twitter:label1\" content=\"Ansl. lesetid\" \/>\n\t<meta name=\"twitter:data1\" content=\"1 minutt\" \/>\n<script type=\"application\/ld+json\" class=\"yoast-schema-graph\">{\"@context\":\"https:\/\/schema.org\",\"@graph\":[{\"@type\":\"WebPage\",\"@id\":\"https:\/\/petalwhim.com\/p\/rose-teddy-bear-eternal-grey\/\",\"url\":\"https:\/\/petalwhim.com\/p\/rose-teddy-bear-eternal-grey\/\",\"name\":\"Rose Teddy Bear Eternal Grey | Norge Florist\",\"isPartOf\":{\"@id\":\"https:\/\/petalwhim.com\/#website\"},\"primaryImageOfPage\":{\"@id\":\"https:\/\/petalwhim.com\/p\/rose-teddy-bear-eternal-grey\/#primaryimage\"},\"image\":{\"@id\":\"https:\/\/petalwhim.com\/p\/rose-teddy-bear-eternal-grey\/#primaryimage\"},\"thumbnailUrl\":\"https:\/\/petalwhim.com\/wp-content\/uploads\/2024\/04\/ourson-en-rose-paris_600x_747a6d3f-b864-4641-94f1-89339f02915b_600x.jpg\",\"datePublished\":\"2024-04-29T01:32:03+00:00\",\"dateModified\":\"2025-07-25T05:16:00+00:00\",\"description\":\"Celebrate everlasting love with our Rose Teddy Bear Eternal Grey .\ud83c\udf39Symbolize your endless affection. Shop now and get a free...\",\"breadcrumb\":{\"@id\":\"https:\/\/petalwhim.com\/p\/rose-teddy-bear-eternal-grey\/#breadcrumb\"},\"inLanguage\":\"nb-NO\",\"potentialAction\":[{\"@type\":\"ReadAction\",\"target\":[\"https:\/\/petalwhim.com\/p\/rose-teddy-bear-eternal-grey\/\"]}]},{\"@type\":\"ImageObject\",\"inLanguage\":\"nb-NO\",\"@id\":\"https:\/\/petalwhim.com\/p\/rose-teddy-bear-eternal-grey\/#primaryimage\",\"url\":\"https:\/\/petalwhim.com\/wp-content\/uploads\/2024\/04\/ourson-en-rose-paris_600x_747a6d3f-b864-4641-94f1-89339f02915b_600x.jpg\",\"contentUrl\":\"https:\/\/petalwhim.com\/wp-content\/uploads\/2024\/04\/ourson-en-rose-paris_600x_747a6d3f-b864-4641-94f1-89339f02915b_600x.jpg\",\"width\":600,\"height\":600,\"caption\":\"Rose Teddy Bear Eternal Grey\"},{\"@type\":\"BreadcrumbList\",\"@id\":\"https:\/\/petalwhim.com\/p\/rose-teddy-bear-eternal-grey\/#breadcrumb\",\"itemListElement\":[{\"@type\":\"ListItem\",\"position\":1,\"name\":\"Home\",\"item\":\"https:\/\/petalwhim.com\/\"},{\"@type\":\"ListItem\",\"position\":2,\"name\":\"Shop\",\"item\":\"https:\/\/petalwhim.com\/shop\/\"},{\"@type\":\"ListItem\",\"position\":3,\"name\":\"Rose Teddy Bear Eternal Grey\"}]},{\"@type\":\"WebSite\",\"@id\":\"https:\/\/petalwhim.com\/#website\",\"url\":\"https:\/\/petalwhim.com\/\",\"name\":\"Petal Whim\u2122\",\"description\":\"Rose in Glass\",\"publisher\":{\"@id\":\"https:\/\/petalwhim.com\/#organization\"},\"potentialAction\":[{\"@type\":\"SearchAction\",\"target\":{\"@type\":\"EntryPoint\",\"urlTemplate\":\"https:\/\/petalwhim.com\/?s={search_term_string}\"},\"query-input\":{\"@type\":\"PropertyValueSpecification\",\"valueRequired\":true,\"valueName\":\"search_term_string\"}}],\"inLanguage\":\"nb-NO\"},{\"@type\":\"Organization\",\"@id\":\"https:\/\/petalwhim.com\/#organization\",\"name\":\"Petal Whim\",\"alternateName\":\"Rose in Glass\",\"url\":\"https:\/\/petalwhim.com\/\",\"logo\":{\"@type\":\"ImageObject\",\"inLanguage\":\"nb-NO\",\"@id\":\"https:\/\/petalwhim.com\/#\/schema\/logo\/image\/\",\"url\":\"https:\/\/petalwhim.com\/wp-content\/uploads\/2024\/05\/cropped-Petal-Whim-Favicon.png\",\"contentUrl\":\"https:\/\/petalwhim.com\/wp-content\/uploads\/2024\/05\/cropped-Petal-Whim-Favicon.png\",\"width\":512,\"height\":512,\"caption\":\"Petal Whim\"},\"image\":{\"@id\":\"https:\/\/petalwhim.com\/#\/schema\/logo\/image\/\"}}]}<\/script>\n<!-- \/ Yoast SEO plugin. -->","yoast_head_json":{"title":"Rose Teddybj\u00f8rn Eternal Grey | Norge Florist","description":"Feir evig kj\u00e6rlighet med v\u00e5r Rose Teddy Bear Eternal Grey .\ud83c\udf39 Symboliser din uendelige hengivenhet. Handle n\u00e5 og f\u00e5 en gratis ...","robots":{"index":"index","follow":"follow","max-snippet":"max-snippet:-1","max-image-preview":"max-image-preview:large","max-video-preview":"max-video-preview:-1"},"canonical":"https:\/\/petalwhim.com\/nb\/p\/rose-teddybjorn-eternal-grey\/","og_locale":"nb_NO","og_type":"article","og_title":"Rose Teddy Bear Eternal Grey | Norge Florist","og_description":"Celebrate everlasting love with our Rose Teddy Bear Eternal Grey .\ud83c\udf39Symbolize your endless affection. Shop now and get a free...","og_url":"https:\/\/petalwhim.com\/nb\/p\/rose-teddybjorn-eternal-grey\/","og_site_name":"Petal Whim\u2122","article_modified_time":"2025-07-25T05:16:00+00:00","og_image":[{"width":600,"height":600,"url":"https:\/\/petalwhim.com\/wp-content\/uploads\/2024\/04\/ourson-en-rose-paris_600x_747a6d3f-b864-4641-94f1-89339f02915b_600x.jpg","type":"image\/jpeg"}],"twitter_card":"summary_large_image","twitter_misc":{"Ansl. lesetid":"1 minutt"},"schema":{"@context":"https:\/\/schema.org","@graph":[{"@type":"WebPage","@id":"https:\/\/petalwhim.com\/p\/rose-teddy-bear-eternal-grey\/","url":"https:\/\/petalwhim.com\/p\/rose-teddy-bear-eternal-grey\/","name":"Rose Teddybj\u00f8rn Eternal Grey | Norge Florist","isPartOf":{"@id":"https:\/\/petalwhim.com\/#website"},"primaryImageOfPage":{"@id":"https:\/\/petalwhim.com\/p\/rose-teddy-bear-eternal-grey\/#primaryimage"},"image":{"@id":"https:\/\/petalwhim.com\/p\/rose-teddy-bear-eternal-grey\/#primaryimage"},"thumbnailUrl":"https:\/\/petalwhim.com\/wp-content\/uploads\/2024\/04\/ourson-en-rose-paris_600x_747a6d3f-b864-4641-94f1-89339f02915b_600x.jpg","datePublished":"2024-04-29T01:32:03+00:00","dateModified":"2025-07-25T05:16:00+00:00","description":"Feir evig kj\u00e6rlighet med v\u00e5r Rose Teddy Bear Eternal Grey .\ud83c\udf39 Symboliser din uendelige hengivenhet. Handle n\u00e5 og f\u00e5 en gratis ...","breadcrumb":{"@id":"https:\/\/petalwhim.com\/p\/rose-teddy-bear-eternal-grey\/#breadcrumb"},"inLanguage":"nb-NO","potentialAction":[{"@type":"ReadAction","target":["https:\/\/petalwhim.com\/p\/rose-teddy-bear-eternal-grey\/"]}]},{"@type":"ImageObject","inLanguage":"nb-NO","@id":"https:\/\/petalwhim.com\/p\/rose-teddy-bear-eternal-grey\/#primaryimage","url":"https:\/\/petalwhim.com\/wp-content\/uploads\/2024\/04\/ourson-en-rose-paris_600x_747a6d3f-b864-4641-94f1-89339f02915b_600x.jpg","contentUrl":"https:\/\/petalwhim.com\/wp-content\/uploads\/2024\/04\/ourson-en-rose-paris_600x_747a6d3f-b864-4641-94f1-89339f02915b_600x.jpg","width":600,"height":600,"caption":"Rose Teddy Bear Eternal Grey"},{"@type":"BreadcrumbList","@id":"https:\/\/petalwhim.com\/p\/rose-teddy-bear-eternal-grey\/#breadcrumb","itemListElement":[{"@type":"ListItem","position":1,"name":"Home","item":"https:\/\/petalwhim.com\/"},{"@type":"ListItem","position":2,"name":"Shop","item":"https:\/\/petalwhim.com\/shop\/"},{"@type":"ListItem","position":3,"name":"Rose Teddy Bear Eternal Grey"}]},{"@type":"WebSite","@id":"https:\/\/petalwhim.com\/#website","url":"https:\/\/petalwhim.com\/","name":"Petal Whim","description":"Rose i glass","publisher":{"@id":"https:\/\/petalwhim.com\/#organization"},"potentialAction":[{"@type":"SearchAction","target":{"@type":"EntryPoint","urlTemplate":"https:\/\/petalwhim.com\/?s={search_term_string}"},"query-input":{"@type":"PropertyValueSpecification","valueRequired":true,"valueName":"search_term_string"}}],"inLanguage":"nb-NO"},{"@type":"Organization","@id":"https:\/\/petalwhim.com\/#organization","name":"Petal Whim","alternateName":"Rose in Glass","url":"https:\/\/petalwhim.com\/","logo":{"@type":"ImageObject","inLanguage":"nb-NO","@id":"https:\/\/petalwhim.com\/#\/schema\/logo\/image\/","url":"https:\/\/petalwhim.com\/wp-content\/uploads\/2024\/05\/cropped-Petal-Whim-Favicon.png","contentUrl":"https:\/\/petalwhim.com\/wp-content\/uploads\/2024\/05\/cropped-Petal-Whim-Favicon.png","width":512,"height":512,"caption":"Petal Whim"},"image":{"@id":"https:\/\/petalwhim.com\/#\/schema\/logo\/image\/"}}]}},"_links":{"self":[{"href":"https:\/\/petalwhim.com\/nb\/wp-json\/wp\/v2\/product\/399","targetHints":{"allow":["GET"]}}],"collection":[{"href":"https:\/\/petalwhim.com\/nb\/wp-json\/wp\/v2\/product"}],"about":[{"href":"https:\/\/petalwhim.com\/nb\/wp-json\/wp\/v2\/types\/product"}],"wp:featuredmedia":[{"embeddable":true,"href":"https:\/\/petalwhim.com\/nb\/wp-json\/wp\/v2\/media\/398"}],"wp:attachment":[{"href":"https:\/\/petalwhim.com\/nb\/wp-json\/wp\/v2\/media?parent=399"}],"wp:term":[{"taxonomy":"product_brand","embeddable":true,"href":"https:\/\/petalwhim.com\/nb\/wp-json\/wp\/v2\/product_brand?post=399"},{"taxonomy":"product_cat","embeddable":true,"href":"https:\/\/petalwhim.com\/nb\/wp-json\/wp\/v2\/product_cat?post=399"},{"taxonomy":"product_tag","embeddable":true,"href":"https:\/\/petalwhim.com\/nb\/wp-json\/wp\/v2\/product_tag?post=399"}],"curies":[{"name":"wp","href":"https:\/\/api.w.org\/{rel}","templated":true}]}}