{"id":358,"date":"2024-04-29T01:31:28","date_gmt":"2024-04-29T01:31:28","guid":{"rendered":"https:\/\/petalwhim.com\/p\/flower-teddy-bear-pink-petal\/"},"modified":"2025-07-25T05:16:00","modified_gmt":"2025-07-25T05:16:00","slug":"blomst-teddybjorn-rosa-kronblad","status":"publish","type":"product","link":"https:\/\/petalwhim.com\/nb\/p\/blomst-teddybjorn-rosa-kronblad\/","title":{"rendered":"<span>Blomsterbamse <\/span><span class=\"product-title-custom\">Pink Petal<\/span>"},"content":{"rendered":"<h2>En romantisk liten gave til den du elsker?<\/h2> <p>Nok en gang har du muligheten til \u00e5 tilby det beste i disse siste m\u00e5nedene av \u00e5ret. Ikke v\u00e6r redd lenger! Vi tilbyr en <strong>rosa teddybj\u00f8rn<\/strong>Den er tilgjengelig i to forskjellige farger, alt etter din smak. Fargene er rosa og hvit. Du vil blende din elskede med denne gaven.<\/p> <h2>Vil du ha en liten prisid\u00e9 for denne bamsen?<\/h2> <p>Du gj\u00f8r lurt i \u00e5 kj\u00f8pe denne lille bamsen, for den koster deg bare 40 euro. Dette er en beskjeden sum for \u00e5 gi din kj\u00e6re en gave som vil glede henne, og som vil gj\u00f8re deg til en absolutt romantiker.<\/p>","protected":false},"excerpt":{"rendered":"<ul> <li><strong>Teddy komponerte<\/strong> av 350 evige roser og et svart satengb\u00e5nd<\/li> <li>St\u00f8rrelse p\u00e5 denne bamsen: 25 cm<\/li> <li>H\u00e5ndlaget i v\u00e5rt verksted<\/li> <\/ul>","protected":false},"featured_media":357,"template":"","meta":[],"product_brand":[],"product_cat":[15,32],"product_tag":[],"class_list":{"0":"post-358","1":"product","2":"type-product","3":"status-publish","4":"has-post-thumbnail","6":"product_cat-all-products","7":"product_cat-flower-bear","9":"first","10":"instock","11":"sale","12":"shipping-taxable","13":"purchasable","14":"product-type-simple"},"yoast_head":"<!-- This site is optimized with the Yoast SEO plugin v25.9 - https:\/\/yoast.com\/wordpress\/plugins\/seo\/ -->\n<title>Flower Teddy Bear Pink Petal | Norge Florist<\/title>\n<meta name=\"description\" content=\"Celebrate everlasting love with our Flower Teddy Bear Pink Petal .\ud83c\udf39Symbolize your endless affection. Shop now and get a free...\" \/>\n<meta name=\"robots\" content=\"index, follow, max-snippet:-1, max-image-preview:large, max-video-preview:-1\" \/>\n<link rel=\"canonical\" href=\"https:\/\/petalwhim.com\/nb\/p\/blomst-teddybjorn-rosa-kronblad\/\" \/>\n<meta property=\"og:locale\" content=\"nb_NO\" \/>\n<meta property=\"og:type\" content=\"article\" \/>\n<meta property=\"og:title\" content=\"Flower Teddy Bear Pink Petal | Norge Florist\" \/>\n<meta property=\"og:description\" content=\"Celebrate everlasting love with our Flower Teddy Bear Pink Petal .\ud83c\udf39Symbolize your endless affection. Shop now and get a free...\" \/>\n<meta property=\"og:url\" content=\"https:\/\/petalwhim.com\/nb\/p\/blomst-teddybjorn-rosa-kronblad\/\" \/>\n<meta property=\"og:site_name\" content=\"Petal Whim\u2122\" \/>\n<meta property=\"article:modified_time\" content=\"2025-07-25T05:16:00+00:00\" \/>\n<meta property=\"og:image\" content=\"https:\/\/petalwhim.com\/wp-content\/uploads\/2024\/04\/ourson-de-rose_600x_8efad23b-4ed4-4fff-8e65-b776f67d0236_2000x.jpg\" \/>\n\t<meta property=\"og:image:width\" content=\"600\" \/>\n\t<meta property=\"og:image:height\" content=\"600\" \/>\n\t<meta property=\"og:image:type\" content=\"image\/jpeg\" \/>\n<meta name=\"twitter:card\" content=\"summary_large_image\" \/>\n<meta name=\"twitter:label1\" content=\"Ansl. lesetid\" \/>\n\t<meta name=\"twitter:data1\" content=\"1 minutt\" \/>\n<script type=\"application\/ld+json\" class=\"yoast-schema-graph\">{\"@context\":\"https:\/\/schema.org\",\"@graph\":[{\"@type\":\"WebPage\",\"@id\":\"https:\/\/petalwhim.com\/p\/flower-teddy-bear-pink-petal\/\",\"url\":\"https:\/\/petalwhim.com\/p\/flower-teddy-bear-pink-petal\/\",\"name\":\"Flower Teddy Bear Pink Petal | Norge Florist\",\"isPartOf\":{\"@id\":\"https:\/\/petalwhim.com\/#website\"},\"primaryImageOfPage\":{\"@id\":\"https:\/\/petalwhim.com\/p\/flower-teddy-bear-pink-petal\/#primaryimage\"},\"image\":{\"@id\":\"https:\/\/petalwhim.com\/p\/flower-teddy-bear-pink-petal\/#primaryimage\"},\"thumbnailUrl\":\"https:\/\/petalwhim.com\/wp-content\/uploads\/2024\/04\/ourson-de-rose_600x_8efad23b-4ed4-4fff-8e65-b776f67d0236_2000x.jpg\",\"datePublished\":\"2024-04-29T01:31:28+00:00\",\"dateModified\":\"2025-07-25T05:16:00+00:00\",\"description\":\"Celebrate everlasting love with our Flower Teddy Bear Pink Petal .\ud83c\udf39Symbolize your endless affection. Shop now and get a free...\",\"breadcrumb\":{\"@id\":\"https:\/\/petalwhim.com\/p\/flower-teddy-bear-pink-petal\/#breadcrumb\"},\"inLanguage\":\"nb-NO\",\"potentialAction\":[{\"@type\":\"ReadAction\",\"target\":[\"https:\/\/petalwhim.com\/p\/flower-teddy-bear-pink-petal\/\"]}]},{\"@type\":\"ImageObject\",\"inLanguage\":\"nb-NO\",\"@id\":\"https:\/\/petalwhim.com\/p\/flower-teddy-bear-pink-petal\/#primaryimage\",\"url\":\"https:\/\/petalwhim.com\/wp-content\/uploads\/2024\/04\/ourson-de-rose_600x_8efad23b-4ed4-4fff-8e65-b776f67d0236_2000x.jpg\",\"contentUrl\":\"https:\/\/petalwhim.com\/wp-content\/uploads\/2024\/04\/ourson-de-rose_600x_8efad23b-4ed4-4fff-8e65-b776f67d0236_2000x.jpg\",\"width\":600,\"height\":600,\"caption\":\"Flower Teddy Bear Pink Petal\"},{\"@type\":\"BreadcrumbList\",\"@id\":\"https:\/\/petalwhim.com\/p\/flower-teddy-bear-pink-petal\/#breadcrumb\",\"itemListElement\":[{\"@type\":\"ListItem\",\"position\":1,\"name\":\"Home\",\"item\":\"https:\/\/petalwhim.com\/\"},{\"@type\":\"ListItem\",\"position\":2,\"name\":\"Shop\",\"item\":\"https:\/\/petalwhim.com\/shop\/\"},{\"@type\":\"ListItem\",\"position\":3,\"name\":\"Flower Teddy Bear Pink Petal\"}]},{\"@type\":\"WebSite\",\"@id\":\"https:\/\/petalwhim.com\/#website\",\"url\":\"https:\/\/petalwhim.com\/\",\"name\":\"Petal Whim\u2122\",\"description\":\"Rose in Glass\",\"publisher\":{\"@id\":\"https:\/\/petalwhim.com\/#organization\"},\"potentialAction\":[{\"@type\":\"SearchAction\",\"target\":{\"@type\":\"EntryPoint\",\"urlTemplate\":\"https:\/\/petalwhim.com\/?s={search_term_string}\"},\"query-input\":{\"@type\":\"PropertyValueSpecification\",\"valueRequired\":true,\"valueName\":\"search_term_string\"}}],\"inLanguage\":\"nb-NO\"},{\"@type\":\"Organization\",\"@id\":\"https:\/\/petalwhim.com\/#organization\",\"name\":\"Petal Whim\",\"alternateName\":\"Rose in Glass\",\"url\":\"https:\/\/petalwhim.com\/\",\"logo\":{\"@type\":\"ImageObject\",\"inLanguage\":\"nb-NO\",\"@id\":\"https:\/\/petalwhim.com\/#\/schema\/logo\/image\/\",\"url\":\"https:\/\/petalwhim.com\/wp-content\/uploads\/2024\/05\/cropped-Petal-Whim-Favicon.png\",\"contentUrl\":\"https:\/\/petalwhim.com\/wp-content\/uploads\/2024\/05\/cropped-Petal-Whim-Favicon.png\",\"width\":512,\"height\":512,\"caption\":\"Petal Whim\"},\"image\":{\"@id\":\"https:\/\/petalwhim.com\/#\/schema\/logo\/image\/\"}}]}<\/script>\n<!-- \/ Yoast SEO plugin. -->","yoast_head_json":{"title":"Blomst Teddybj\u00f8rn Pink Petal | Norge Florist","description":"Feir evig kj\u00e6rlighet med v\u00e5r Flower Teddy Bear Pink Petal .\ud83c\udf39Symboliser din uendelige hengivenhet. Handle n\u00e5 og f\u00e5 en gratis ...","robots":{"index":"index","follow":"follow","max-snippet":"max-snippet:-1","max-image-preview":"max-image-preview:large","max-video-preview":"max-video-preview:-1"},"canonical":"https:\/\/petalwhim.com\/nb\/p\/blomst-teddybjorn-rosa-kronblad\/","og_locale":"nb_NO","og_type":"article","og_title":"Flower Teddy Bear Pink Petal | Norge Florist","og_description":"Celebrate everlasting love with our Flower Teddy Bear Pink Petal .\ud83c\udf39Symbolize your endless affection. Shop now and get a free...","og_url":"https:\/\/petalwhim.com\/nb\/p\/blomst-teddybjorn-rosa-kronblad\/","og_site_name":"Petal Whim\u2122","article_modified_time":"2025-07-25T05:16:00+00:00","og_image":[{"width":600,"height":600,"url":"https:\/\/petalwhim.com\/wp-content\/uploads\/2024\/04\/ourson-de-rose_600x_8efad23b-4ed4-4fff-8e65-b776f67d0236_2000x.jpg","type":"image\/jpeg"}],"twitter_card":"summary_large_image","twitter_misc":{"Ansl. lesetid":"1 minutt"},"schema":{"@context":"https:\/\/schema.org","@graph":[{"@type":"WebPage","@id":"https:\/\/petalwhim.com\/p\/flower-teddy-bear-pink-petal\/","url":"https:\/\/petalwhim.com\/p\/flower-teddy-bear-pink-petal\/","name":"Blomst Teddybj\u00f8rn Pink Petal | Norge Florist","isPartOf":{"@id":"https:\/\/petalwhim.com\/#website"},"primaryImageOfPage":{"@id":"https:\/\/petalwhim.com\/p\/flower-teddy-bear-pink-petal\/#primaryimage"},"image":{"@id":"https:\/\/petalwhim.com\/p\/flower-teddy-bear-pink-petal\/#primaryimage"},"thumbnailUrl":"https:\/\/petalwhim.com\/wp-content\/uploads\/2024\/04\/ourson-de-rose_600x_8efad23b-4ed4-4fff-8e65-b776f67d0236_2000x.jpg","datePublished":"2024-04-29T01:31:28+00:00","dateModified":"2025-07-25T05:16:00+00:00","description":"Feir evig kj\u00e6rlighet med v\u00e5r Flower Teddy Bear Pink Petal .\ud83c\udf39Symboliser din uendelige hengivenhet. Handle n\u00e5 og f\u00e5 en gratis ...","breadcrumb":{"@id":"https:\/\/petalwhim.com\/p\/flower-teddy-bear-pink-petal\/#breadcrumb"},"inLanguage":"nb-NO","potentialAction":[{"@type":"ReadAction","target":["https:\/\/petalwhim.com\/p\/flower-teddy-bear-pink-petal\/"]}]},{"@type":"ImageObject","inLanguage":"nb-NO","@id":"https:\/\/petalwhim.com\/p\/flower-teddy-bear-pink-petal\/#primaryimage","url":"https:\/\/petalwhim.com\/wp-content\/uploads\/2024\/04\/ourson-de-rose_600x_8efad23b-4ed4-4fff-8e65-b776f67d0236_2000x.jpg","contentUrl":"https:\/\/petalwhim.com\/wp-content\/uploads\/2024\/04\/ourson-de-rose_600x_8efad23b-4ed4-4fff-8e65-b776f67d0236_2000x.jpg","width":600,"height":600,"caption":"Flower Teddy Bear Pink Petal"},{"@type":"BreadcrumbList","@id":"https:\/\/petalwhim.com\/p\/flower-teddy-bear-pink-petal\/#breadcrumb","itemListElement":[{"@type":"ListItem","position":1,"name":"Home","item":"https:\/\/petalwhim.com\/"},{"@type":"ListItem","position":2,"name":"Shop","item":"https:\/\/petalwhim.com\/shop\/"},{"@type":"ListItem","position":3,"name":"Flower Teddy Bear Pink Petal"}]},{"@type":"WebSite","@id":"https:\/\/petalwhim.com\/#website","url":"https:\/\/petalwhim.com\/","name":"Petal Whim","description":"Rose i glass","publisher":{"@id":"https:\/\/petalwhim.com\/#organization"},"potentialAction":[{"@type":"SearchAction","target":{"@type":"EntryPoint","urlTemplate":"https:\/\/petalwhim.com\/?s={search_term_string}"},"query-input":{"@type":"PropertyValueSpecification","valueRequired":true,"valueName":"search_term_string"}}],"inLanguage":"nb-NO"},{"@type":"Organization","@id":"https:\/\/petalwhim.com\/#organization","name":"Petal Whim","alternateName":"Rose in Glass","url":"https:\/\/petalwhim.com\/","logo":{"@type":"ImageObject","inLanguage":"nb-NO","@id":"https:\/\/petalwhim.com\/#\/schema\/logo\/image\/","url":"https:\/\/petalwhim.com\/wp-content\/uploads\/2024\/05\/cropped-Petal-Whim-Favicon.png","contentUrl":"https:\/\/petalwhim.com\/wp-content\/uploads\/2024\/05\/cropped-Petal-Whim-Favicon.png","width":512,"height":512,"caption":"Petal Whim"},"image":{"@id":"https:\/\/petalwhim.com\/#\/schema\/logo\/image\/"}}]}},"_links":{"self":[{"href":"https:\/\/petalwhim.com\/nb\/wp-json\/wp\/v2\/product\/358","targetHints":{"allow":["GET"]}}],"collection":[{"href":"https:\/\/petalwhim.com\/nb\/wp-json\/wp\/v2\/product"}],"about":[{"href":"https:\/\/petalwhim.com\/nb\/wp-json\/wp\/v2\/types\/product"}],"wp:featuredmedia":[{"embeddable":true,"href":"https:\/\/petalwhim.com\/nb\/wp-json\/wp\/v2\/media\/357"}],"wp:attachment":[{"href":"https:\/\/petalwhim.com\/nb\/wp-json\/wp\/v2\/media?parent=358"}],"wp:term":[{"taxonomy":"product_brand","embeddable":true,"href":"https:\/\/petalwhim.com\/nb\/wp-json\/wp\/v2\/product_brand?post=358"},{"taxonomy":"product_cat","embeddable":true,"href":"https:\/\/petalwhim.com\/nb\/wp-json\/wp\/v2\/product_cat?post=358"},{"taxonomy":"product_tag","embeddable":true,"href":"https:\/\/petalwhim.com\/nb\/wp-json\/wp\/v2\/product_tag?post=358"}],"curies":[{"name":"wp","href":"https:\/\/api.w.org\/{rel}","templated":true}]}}