{"id":239,"date":"2024-04-19T05:02:23","date_gmt":"2024-04-19T05:02:23","guid":{"rendered":"https:\/\/petalwhim.com\/p\/mini-pink-and-white-eternal-rose-under-glass-dome\/"},"modified":"2025-07-25T05:16:01","modified_gmt":"2025-07-25T05:16:01","slug":"mini-rosa-og-hvit-evighetsrose-under-glasskuppel","status":"publish","type":"product","link":"https:\/\/petalwhim.com\/nb\/p\/mini-rosa-og-hvit-evighetsrose-under-glasskuppel\/","title":{"rendered":"<span>Mini Eternal Rose under glasskuppel <\/span><span class=\"product-title-custom\">Rosa og hvit<\/span>"},"content":{"rendered":"<h2>Vis din bedre halvdel at han eller hun teller i dine \u00f8yne ved \u00e5 la deg sjarmere av denne evige minirosen i rosa og hvitt under cloche.<\/h2><p>En blanding mellom to farger som er rike p\u00e5 f\u00f8lelser og emosjoner.<br><br> <strong>Hvorfor gi bort denne evige rosa og hvite minirosen?<\/strong> <br><br>Ved \u00e5 tilby det kan du bare falle rett. Den rosa rosen representerer \u00f8mhet, hengivenhet og tilknytning til en elsket, og den hvitfargede rosen representerer fornyelse, renhet, raffinement og eleganse.<br><br>En enkelt gave som gjenspeiler en palett av de f\u00f8lelsene du f\u00f8ler for den andre.<br><br> <strong>S\u00e5 ikke vent lenger og fortell henne hva du f\u00f8ler ved \u00e5 tilby det. <\/strong> <br><br><br><\/p>","protected":false},"excerpt":{"rendered":"Vis din bedre halvdel at han eller hun teller i dine \u00f8yne ved \u00e5 la deg sjarmere av denne evige rosa og hvite minirosen under cloche, en blanding av to farger som er rik p\u00e5 f\u00f8lelser. Hvorfor gi denne mini evig rosa og hvit rose? Ved \u00e5 tilby det kan du bare falle rett. Den rosa-fargede [...]].","protected":false},"featured_media":238,"template":"","meta":[],"product_brand":[],"product_cat":[15,36,35,20],"product_tag":[34],"class_list":{"0":"post-239","1":"product","2":"type-product","3":"status-publish","4":"has-post-thumbnail","6":"product_cat-all-products","7":"product_cat-best-sellers","8":"product_cat-small-forever-rose","9":"product_cat-white-forever-rose","10":"product_tag-small-rose-in-glass","12":"first","13":"instock","14":"shipping-taxable","15":"purchasable","16":"product-type-simple"},"yoast_head":"<!-- This site is optimized with the Yoast SEO plugin v25.9 - https:\/\/yoast.com\/wordpress\/plugins\/seo\/ -->\n<title>Mini Eternal Rose under Glass Dome Pink and White | Norge Florist<\/title>\n<meta name=\"description\" content=\"Celebrate everlasting love with our Mini Eternal Rose under Glass Dome Pink and White .\ud83c\udf39Symbolize your endless affection. Shop now and get a free...\" \/>\n<meta name=\"robots\" content=\"index, follow, max-snippet:-1, max-image-preview:large, max-video-preview:-1\" \/>\n<link rel=\"canonical\" href=\"https:\/\/petalwhim.com\/nb\/p\/mini-rosa-og-hvit-evighetsrose-under-glasskuppel\/\" \/>\n<meta property=\"og:locale\" content=\"nb_NO\" \/>\n<meta property=\"og:type\" content=\"article\" \/>\n<meta property=\"og:title\" content=\"Mini Eternal Rose under Glass Dome Pink and White | Norge Florist\" \/>\n<meta property=\"og:description\" content=\"Celebrate everlasting love with our Mini Eternal Rose under Glass Dome Pink and White .\ud83c\udf39Symbolize your endless affection. Shop now and get a free...\" \/>\n<meta property=\"og:url\" content=\"https:\/\/petalwhim.com\/nb\/p\/mini-rosa-og-hvit-evighetsrose-under-glasskuppel\/\" \/>\n<meta property=\"og:site_name\" content=\"Petal Whim\u2122\" \/>\n<meta property=\"article:modified_time\" content=\"2025-07-25T05:16:01+00:00\" \/>\n<meta property=\"og:image\" content=\"https:\/\/petalwhim.com\/wp-content\/uploads\/2024\/04\/product-image-1487364160_7f5a1cec-c5ae-4a52-bf84-7f4535c0d155.jpg\" \/>\n\t<meta property=\"og:image:width\" content=\"640\" \/>\n\t<meta property=\"og:image:height\" content=\"640\" \/>\n\t<meta property=\"og:image:type\" content=\"image\/jpeg\" \/>\n<meta name=\"twitter:card\" content=\"summary_large_image\" \/>\n<meta name=\"twitter:label1\" content=\"Ansl. lesetid\" \/>\n\t<meta name=\"twitter:data1\" content=\"1 minutt\" \/>\n<script type=\"application\/ld+json\" class=\"yoast-schema-graph\">{\"@context\":\"https:\/\/schema.org\",\"@graph\":[{\"@type\":\"WebPage\",\"@id\":\"https:\/\/petalwhim.com\/p\/mini-pink-and-white-eternal-rose-under-glass-dome\/\",\"url\":\"https:\/\/petalwhim.com\/p\/mini-pink-and-white-eternal-rose-under-glass-dome\/\",\"name\":\"Mini Eternal Rose under Glass Dome Pink and White | Norge Florist\",\"isPartOf\":{\"@id\":\"https:\/\/petalwhim.com\/#website\"},\"primaryImageOfPage\":{\"@id\":\"https:\/\/petalwhim.com\/p\/mini-pink-and-white-eternal-rose-under-glass-dome\/#primaryimage\"},\"image\":{\"@id\":\"https:\/\/petalwhim.com\/p\/mini-pink-and-white-eternal-rose-under-glass-dome\/#primaryimage\"},\"thumbnailUrl\":\"https:\/\/petalwhim.com\/wp-content\/uploads\/2024\/04\/product-image-1487364160_7f5a1cec-c5ae-4a52-bf84-7f4535c0d155.jpg\",\"datePublished\":\"2024-04-19T05:02:23+00:00\",\"dateModified\":\"2025-07-25T05:16:01+00:00\",\"description\":\"Celebrate everlasting love with our Mini Eternal Rose under Glass Dome Pink and White .\ud83c\udf39Symbolize your endless affection. Shop now and get a free...\",\"breadcrumb\":{\"@id\":\"https:\/\/petalwhim.com\/p\/mini-pink-and-white-eternal-rose-under-glass-dome\/#breadcrumb\"},\"inLanguage\":\"nb-NO\",\"potentialAction\":[{\"@type\":\"ReadAction\",\"target\":[\"https:\/\/petalwhim.com\/p\/mini-pink-and-white-eternal-rose-under-glass-dome\/\"]}]},{\"@type\":\"ImageObject\",\"inLanguage\":\"nb-NO\",\"@id\":\"https:\/\/petalwhim.com\/p\/mini-pink-and-white-eternal-rose-under-glass-dome\/#primaryimage\",\"url\":\"https:\/\/petalwhim.com\/wp-content\/uploads\/2024\/04\/product-image-1487364160_7f5a1cec-c5ae-4a52-bf84-7f4535c0d155.jpg\",\"contentUrl\":\"https:\/\/petalwhim.com\/wp-content\/uploads\/2024\/04\/product-image-1487364160_7f5a1cec-c5ae-4a52-bf84-7f4535c0d155.jpg\",\"width\":640,\"height\":640,\"caption\":\"Mini Eternal Rose under Glass Dome Pink and White\"},{\"@type\":\"BreadcrumbList\",\"@id\":\"https:\/\/petalwhim.com\/p\/mini-pink-and-white-eternal-rose-under-glass-dome\/#breadcrumb\",\"itemListElement\":[{\"@type\":\"ListItem\",\"position\":1,\"name\":\"Home\",\"item\":\"https:\/\/petalwhim.com\/\"},{\"@type\":\"ListItem\",\"position\":2,\"name\":\"Shop\",\"item\":\"https:\/\/petalwhim.com\/shop\/\"},{\"@type\":\"ListItem\",\"position\":3,\"name\":\"Mini Eternal Rose under Glass Dome Pink and White\"}]},{\"@type\":\"WebSite\",\"@id\":\"https:\/\/petalwhim.com\/#website\",\"url\":\"https:\/\/petalwhim.com\/\",\"name\":\"Petal Whim\u2122\",\"description\":\"Rose in Glass\",\"publisher\":{\"@id\":\"https:\/\/petalwhim.com\/#organization\"},\"potentialAction\":[{\"@type\":\"SearchAction\",\"target\":{\"@type\":\"EntryPoint\",\"urlTemplate\":\"https:\/\/petalwhim.com\/?s={search_term_string}\"},\"query-input\":{\"@type\":\"PropertyValueSpecification\",\"valueRequired\":true,\"valueName\":\"search_term_string\"}}],\"inLanguage\":\"nb-NO\"},{\"@type\":\"Organization\",\"@id\":\"https:\/\/petalwhim.com\/#organization\",\"name\":\"Petal Whim\",\"alternateName\":\"Rose in Glass\",\"url\":\"https:\/\/petalwhim.com\/\",\"logo\":{\"@type\":\"ImageObject\",\"inLanguage\":\"nb-NO\",\"@id\":\"https:\/\/petalwhim.com\/#\/schema\/logo\/image\/\",\"url\":\"https:\/\/petalwhim.com\/wp-content\/uploads\/2024\/05\/cropped-Petal-Whim-Favicon.png\",\"contentUrl\":\"https:\/\/petalwhim.com\/wp-content\/uploads\/2024\/05\/cropped-Petal-Whim-Favicon.png\",\"width\":512,\"height\":512,\"caption\":\"Petal Whim\"},\"image\":{\"@id\":\"https:\/\/petalwhim.com\/#\/schema\/logo\/image\/\"}}]}<\/script>\n<!-- \/ Yoast SEO plugin. -->","yoast_head_json":{"title":"Mini Eternal Rose under glasskuppel rosa og hvit | Norge Florist","description":"Feir evig kj\u00e6rlighet med v\u00e5r Mini Eternal Rose under Glass Dome Pink and White .\ud83c\udf39Symboliser din endel\u00f8se hengivenhet. Handle n\u00e5 og f\u00e5 en gratis ...","robots":{"index":"index","follow":"follow","max-snippet":"max-snippet:-1","max-image-preview":"max-image-preview:large","max-video-preview":"max-video-preview:-1"},"canonical":"https:\/\/petalwhim.com\/nb\/p\/mini-rosa-og-hvit-evighetsrose-under-glasskuppel\/","og_locale":"nb_NO","og_type":"article","og_title":"Mini Eternal Rose under Glass Dome Pink and White | Norge Florist","og_description":"Celebrate everlasting love with our Mini Eternal Rose under Glass Dome Pink and White .\ud83c\udf39Symbolize your endless affection. Shop now and get a free...","og_url":"https:\/\/petalwhim.com\/nb\/p\/mini-rosa-og-hvit-evighetsrose-under-glasskuppel\/","og_site_name":"Petal Whim\u2122","article_modified_time":"2025-07-25T05:16:01+00:00","og_image":[{"width":640,"height":640,"url":"https:\/\/petalwhim.com\/wp-content\/uploads\/2024\/04\/product-image-1487364160_7f5a1cec-c5ae-4a52-bf84-7f4535c0d155.jpg","type":"image\/jpeg"}],"twitter_card":"summary_large_image","twitter_misc":{"Ansl. lesetid":"1 minutt"},"schema":{"@context":"https:\/\/schema.org","@graph":[{"@type":"WebPage","@id":"https:\/\/petalwhim.com\/p\/mini-pink-and-white-eternal-rose-under-glass-dome\/","url":"https:\/\/petalwhim.com\/p\/mini-pink-and-white-eternal-rose-under-glass-dome\/","name":"Mini Eternal Rose under glasskuppel rosa og hvit | Norge Florist","isPartOf":{"@id":"https:\/\/petalwhim.com\/#website"},"primaryImageOfPage":{"@id":"https:\/\/petalwhim.com\/p\/mini-pink-and-white-eternal-rose-under-glass-dome\/#primaryimage"},"image":{"@id":"https:\/\/petalwhim.com\/p\/mini-pink-and-white-eternal-rose-under-glass-dome\/#primaryimage"},"thumbnailUrl":"https:\/\/petalwhim.com\/wp-content\/uploads\/2024\/04\/product-image-1487364160_7f5a1cec-c5ae-4a52-bf84-7f4535c0d155.jpg","datePublished":"2024-04-19T05:02:23+00:00","dateModified":"2025-07-25T05:16:01+00:00","description":"Feir evig kj\u00e6rlighet med v\u00e5r Mini Eternal Rose under Glass Dome Pink and White .\ud83c\udf39Symboliser din endel\u00f8se hengivenhet. Handle n\u00e5 og f\u00e5 en gratis ...","breadcrumb":{"@id":"https:\/\/petalwhim.com\/p\/mini-pink-and-white-eternal-rose-under-glass-dome\/#breadcrumb"},"inLanguage":"nb-NO","potentialAction":[{"@type":"ReadAction","target":["https:\/\/petalwhim.com\/p\/mini-pink-and-white-eternal-rose-under-glass-dome\/"]}]},{"@type":"ImageObject","inLanguage":"nb-NO","@id":"https:\/\/petalwhim.com\/p\/mini-pink-and-white-eternal-rose-under-glass-dome\/#primaryimage","url":"https:\/\/petalwhim.com\/wp-content\/uploads\/2024\/04\/product-image-1487364160_7f5a1cec-c5ae-4a52-bf84-7f4535c0d155.jpg","contentUrl":"https:\/\/petalwhim.com\/wp-content\/uploads\/2024\/04\/product-image-1487364160_7f5a1cec-c5ae-4a52-bf84-7f4535c0d155.jpg","width":640,"height":640,"caption":"Mini Eternal Rose under Glass Dome Pink and White"},{"@type":"BreadcrumbList","@id":"https:\/\/petalwhim.com\/p\/mini-pink-and-white-eternal-rose-under-glass-dome\/#breadcrumb","itemListElement":[{"@type":"ListItem","position":1,"name":"Home","item":"https:\/\/petalwhim.com\/"},{"@type":"ListItem","position":2,"name":"Shop","item":"https:\/\/petalwhim.com\/shop\/"},{"@type":"ListItem","position":3,"name":"Mini Eternal Rose under Glass Dome Pink and White"}]},{"@type":"WebSite","@id":"https:\/\/petalwhim.com\/#website","url":"https:\/\/petalwhim.com\/","name":"Petal Whim","description":"Rose i glass","publisher":{"@id":"https:\/\/petalwhim.com\/#organization"},"potentialAction":[{"@type":"SearchAction","target":{"@type":"EntryPoint","urlTemplate":"https:\/\/petalwhim.com\/?s={search_term_string}"},"query-input":{"@type":"PropertyValueSpecification","valueRequired":true,"valueName":"search_term_string"}}],"inLanguage":"nb-NO"},{"@type":"Organization","@id":"https:\/\/petalwhim.com\/#organization","name":"Petal Whim","alternateName":"Rose in Glass","url":"https:\/\/petalwhim.com\/","logo":{"@type":"ImageObject","inLanguage":"nb-NO","@id":"https:\/\/petalwhim.com\/#\/schema\/logo\/image\/","url":"https:\/\/petalwhim.com\/wp-content\/uploads\/2024\/05\/cropped-Petal-Whim-Favicon.png","contentUrl":"https:\/\/petalwhim.com\/wp-content\/uploads\/2024\/05\/cropped-Petal-Whim-Favicon.png","width":512,"height":512,"caption":"Petal Whim"},"image":{"@id":"https:\/\/petalwhim.com\/#\/schema\/logo\/image\/"}}]}},"_links":{"self":[{"href":"https:\/\/petalwhim.com\/nb\/wp-json\/wp\/v2\/product\/239","targetHints":{"allow":["GET"]}}],"collection":[{"href":"https:\/\/petalwhim.com\/nb\/wp-json\/wp\/v2\/product"}],"about":[{"href":"https:\/\/petalwhim.com\/nb\/wp-json\/wp\/v2\/types\/product"}],"wp:featuredmedia":[{"embeddable":true,"href":"https:\/\/petalwhim.com\/nb\/wp-json\/wp\/v2\/media\/238"}],"wp:attachment":[{"href":"https:\/\/petalwhim.com\/nb\/wp-json\/wp\/v2\/media?parent=239"}],"wp:term":[{"taxonomy":"product_brand","embeddable":true,"href":"https:\/\/petalwhim.com\/nb\/wp-json\/wp\/v2\/product_brand?post=239"},{"taxonomy":"product_cat","embeddable":true,"href":"https:\/\/petalwhim.com\/nb\/wp-json\/wp\/v2\/product_cat?post=239"},{"taxonomy":"product_tag","embeddable":true,"href":"https:\/\/petalwhim.com\/nb\/wp-json\/wp\/v2\/product_tag?post=239"}],"curies":[{"name":"wp","href":"https:\/\/api.w.org\/{rel}","templated":true}]}}