{"id":163,"date":"2024-04-19T04:58:54","date_gmt":"2024-04-19T04:58:54","guid":{"rendered":"https:\/\/petalwhim.com\/p\/paris-eternal-rose\/"},"modified":"2025-07-25T05:16:03","modified_gmt":"2025-07-25T05:16:03","slug":"paris-evig-rose","status":"publish","type":"product","link":"https:\/\/petalwhim.com\/nb\/p\/paris-evig-rose\/","title":{"rendered":"<span>Evig Rose <\/span><span class=\"product-title-custom\">Paris<\/span>"},"content":{"rendered":"<h2>En evig rose som symboliserer evig kj\u00e6rlighet og sterke f\u00f8lelser<\/h2><p>Dette produktet best\u00e5r av en r\u00f8d <strong>evig rose,<\/strong> vakre, ultrarealistiske gr\u00f8nne blader og en fin led-lyskrans som lyser opp og gir varme og mykhet til hjemmet ditt. Det hele er dekket av en <strong>tykk glassklokke<\/strong> og den svarte basen.<br><br>Den evige rose er en <strong>ud\u00f8delig blomst. <\/strong> Denne magiske, lysende rosen trenger ingen spesiell pleie. Plassert p\u00e5 nattbordet eller i stuen vil ud\u00f8deligheten til denne evige rosen fremkalle <strong>minner og alle slags f\u00f8lelser for deg hver dag. <\/strong> <br><br>Du kan gi denne vakre rosen under en kappe, for <strong>spesielle anledninger<\/strong> som valentinsdagen, en bryllupsdag eller rett og slett for \u00e5 uttrykke gl\u00f8dende kj\u00e6rlighet.<\/p><!-- split --><h2>Paris kj\u00e6rlighetens og lidenskapens by<\/h2><p>Vi har gitt denne evighetsrosen navnet \"Paris\" som en hyllest til <strong>verdens mest romantiske by<\/strong>. <\/p><p>Paris skylder sitt rykte som den <strong>kj\u00e6rlighetens by<\/strong> til sin <strong>romantiske poeter<\/strong> av det 19. \u00e5rhundre (Hugo, <span data-mce-fragment=\"1\">Chateaubriand, La Rousseau<\/span>) samt den pittoreske arkitekturen.<\/p><p>De fleste aktivitetene i Paris oppfattes som romantiske av mennesker over hele verden. A <strong>ballade langs nota<\/strong>En god restaurant eller en enkel spasertur i en park med utsikt over Sacr\u00e9-C\u0153ur, alle disse aktivitetene har en romantisk klang som <strong>fremkaller kj\u00e6rlighet og romantikk<\/strong>.<\/p>","protected":false},"excerpt":{"rendered":"An eternal rose to symbolize everlasting love and strong emotionsThis product is made up of a red eternal rose, pretty ultra-realistic green leaves and a fine led light garland to brighten up and bring warmth and softness to your home. The whole is covered by a thick glass bell and its black base.The eternal rose [&#8230;]","protected":false},"featured_media":162,"template":"","meta":[],"product_brand":[],"product_cat":[15,36,19],"product_tag":[33],"class_list":{"0":"post-163","1":"product","2":"type-product","3":"status-publish","4":"has-post-thumbnail","6":"product_cat-all-products","7":"product_cat-best-sellers","8":"product_cat-red-forever-rose","9":"product_tag-rose-in-glass-dome","11":"first","12":"instock","13":"sale","14":"shipping-taxable","15":"purchasable","16":"product-type-simple"},"yoast_head":"<!-- This site is optimized with the Yoast SEO plugin v25.9 - https:\/\/yoast.com\/wordpress\/plugins\/seo\/ -->\n<title>Eternal Rose Paris | Norge Florist<\/title>\n<meta name=\"description\" content=\"Celebrate everlasting love with our Eternal Rose Paris .\ud83c\udf39Symbolize your endless affection. Shop now and get a free...\" \/>\n<meta name=\"robots\" content=\"index, follow, max-snippet:-1, max-image-preview:large, max-video-preview:-1\" \/>\n<link rel=\"canonical\" href=\"https:\/\/petalwhim.com\/nb\/p\/paris-evig-rose\/\" \/>\n<meta property=\"og:locale\" content=\"nb_NO\" \/>\n<meta property=\"og:type\" content=\"article\" \/>\n<meta property=\"og:title\" content=\"Eternal Rose Paris | Norge Florist\" \/>\n<meta property=\"og:description\" content=\"Celebrate everlasting love with our Eternal Rose Paris .\ud83c\udf39Symbolize your endless affection. Shop now and get a free...\" \/>\n<meta property=\"og:url\" content=\"https:\/\/petalwhim.com\/nb\/p\/paris-evig-rose\/\" \/>\n<meta property=\"og:site_name\" content=\"Petal Whim\u2122\" \/>\n<meta property=\"article:modified_time\" content=\"2025-07-25T05:16:03+00:00\" \/>\n<meta property=\"og:image\" content=\"https:\/\/petalwhim.com\/wp-content\/uploads\/2024\/04\/product-image-1145632006.jpg\" \/>\n\t<meta property=\"og:image:width\" content=\"640\" \/>\n\t<meta property=\"og:image:height\" content=\"640\" \/>\n\t<meta property=\"og:image:type\" content=\"image\/jpeg\" \/>\n<meta name=\"twitter:card\" content=\"summary_large_image\" \/>\n<meta name=\"twitter:label1\" content=\"Ansl. lesetid\" \/>\n\t<meta name=\"twitter:data1\" content=\"1 minutt\" \/>\n<script type=\"application\/ld+json\" class=\"yoast-schema-graph\">{\"@context\":\"https:\/\/schema.org\",\"@graph\":[{\"@type\":\"WebPage\",\"@id\":\"https:\/\/petalwhim.com\/p\/paris-eternal-rose\/\",\"url\":\"https:\/\/petalwhim.com\/p\/paris-eternal-rose\/\",\"name\":\"Eternal Rose Paris | Norge Florist\",\"isPartOf\":{\"@id\":\"https:\/\/petalwhim.com\/#website\"},\"primaryImageOfPage\":{\"@id\":\"https:\/\/petalwhim.com\/p\/paris-eternal-rose\/#primaryimage\"},\"image\":{\"@id\":\"https:\/\/petalwhim.com\/p\/paris-eternal-rose\/#primaryimage\"},\"thumbnailUrl\":\"https:\/\/petalwhim.com\/wp-content\/uploads\/2024\/04\/product-image-1145632006.jpg\",\"datePublished\":\"2024-04-19T04:58:54+00:00\",\"dateModified\":\"2025-07-25T05:16:03+00:00\",\"description\":\"Celebrate everlasting love with our Eternal Rose Paris .\ud83c\udf39Symbolize your endless affection. Shop now and get a free...\",\"breadcrumb\":{\"@id\":\"https:\/\/petalwhim.com\/p\/paris-eternal-rose\/#breadcrumb\"},\"inLanguage\":\"nb-NO\",\"potentialAction\":[{\"@type\":\"ReadAction\",\"target\":[\"https:\/\/petalwhim.com\/p\/paris-eternal-rose\/\"]}]},{\"@type\":\"ImageObject\",\"inLanguage\":\"nb-NO\",\"@id\":\"https:\/\/petalwhim.com\/p\/paris-eternal-rose\/#primaryimage\",\"url\":\"https:\/\/petalwhim.com\/wp-content\/uploads\/2024\/04\/product-image-1145632006.jpg\",\"contentUrl\":\"https:\/\/petalwhim.com\/wp-content\/uploads\/2024\/04\/product-image-1145632006.jpg\",\"width\":640,\"height\":640,\"caption\":\"Eternal Rose Paris\"},{\"@type\":\"BreadcrumbList\",\"@id\":\"https:\/\/petalwhim.com\/p\/paris-eternal-rose\/#breadcrumb\",\"itemListElement\":[{\"@type\":\"ListItem\",\"position\":1,\"name\":\"Home\",\"item\":\"https:\/\/petalwhim.com\/\"},{\"@type\":\"ListItem\",\"position\":2,\"name\":\"Shop\",\"item\":\"https:\/\/petalwhim.com\/shop\/\"},{\"@type\":\"ListItem\",\"position\":3,\"name\":\"Eternal Rose Paris\"}]},{\"@type\":\"WebSite\",\"@id\":\"https:\/\/petalwhim.com\/#website\",\"url\":\"https:\/\/petalwhim.com\/\",\"name\":\"Petal Whim\u2122\",\"description\":\"Rose in Glass\",\"publisher\":{\"@id\":\"https:\/\/petalwhim.com\/#organization\"},\"potentialAction\":[{\"@type\":\"SearchAction\",\"target\":{\"@type\":\"EntryPoint\",\"urlTemplate\":\"https:\/\/petalwhim.com\/?s={search_term_string}\"},\"query-input\":{\"@type\":\"PropertyValueSpecification\",\"valueRequired\":true,\"valueName\":\"search_term_string\"}}],\"inLanguage\":\"nb-NO\"},{\"@type\":\"Organization\",\"@id\":\"https:\/\/petalwhim.com\/#organization\",\"name\":\"Petal Whim\",\"alternateName\":\"Rose in Glass\",\"url\":\"https:\/\/petalwhim.com\/\",\"logo\":{\"@type\":\"ImageObject\",\"inLanguage\":\"nb-NO\",\"@id\":\"https:\/\/petalwhim.com\/#\/schema\/logo\/image\/\",\"url\":\"https:\/\/petalwhim.com\/wp-content\/uploads\/2024\/05\/cropped-Petal-Whim-Favicon.png\",\"contentUrl\":\"https:\/\/petalwhim.com\/wp-content\/uploads\/2024\/05\/cropped-Petal-Whim-Favicon.png\",\"width\":512,\"height\":512,\"caption\":\"Petal Whim\"},\"image\":{\"@id\":\"https:\/\/petalwhim.com\/#\/schema\/logo\/image\/\"}}]}<\/script>\n<!-- \/ Yoast SEO plugin. -->","yoast_head_json":{"title":"Eternal Rose Paris | Norge Florist","description":"Feir evig kj\u00e6rlighet med v\u00e5r Eternal Rose Paris .\ud83c\udf39Symboliser din uendelige hengivenhet. Handle n\u00e5 og f\u00e5 en gratis ...","robots":{"index":"index","follow":"follow","max-snippet":"max-snippet:-1","max-image-preview":"max-image-preview:large","max-video-preview":"max-video-preview:-1"},"canonical":"https:\/\/petalwhim.com\/nb\/p\/paris-evig-rose\/","og_locale":"nb_NO","og_type":"article","og_title":"Eternal Rose Paris | Norge Florist","og_description":"Celebrate everlasting love with our Eternal Rose Paris .\ud83c\udf39Symbolize your endless affection. Shop now and get a free...","og_url":"https:\/\/petalwhim.com\/nb\/p\/paris-evig-rose\/","og_site_name":"Petal Whim\u2122","article_modified_time":"2025-07-25T05:16:03+00:00","og_image":[{"width":640,"height":640,"url":"https:\/\/petalwhim.com\/wp-content\/uploads\/2024\/04\/product-image-1145632006.jpg","type":"image\/jpeg"}],"twitter_card":"summary_large_image","twitter_misc":{"Ansl. lesetid":"1 minutt"},"schema":{"@context":"https:\/\/schema.org","@graph":[{"@type":"WebPage","@id":"https:\/\/petalwhim.com\/p\/paris-eternal-rose\/","url":"https:\/\/petalwhim.com\/p\/paris-eternal-rose\/","name":"Eternal Rose Paris | Norge Florist","isPartOf":{"@id":"https:\/\/petalwhim.com\/#website"},"primaryImageOfPage":{"@id":"https:\/\/petalwhim.com\/p\/paris-eternal-rose\/#primaryimage"},"image":{"@id":"https:\/\/petalwhim.com\/p\/paris-eternal-rose\/#primaryimage"},"thumbnailUrl":"https:\/\/petalwhim.com\/wp-content\/uploads\/2024\/04\/product-image-1145632006.jpg","datePublished":"2024-04-19T04:58:54+00:00","dateModified":"2025-07-25T05:16:03+00:00","description":"Feir evig kj\u00e6rlighet med v\u00e5r Eternal Rose Paris .\ud83c\udf39Symboliser din uendelige hengivenhet. Handle n\u00e5 og f\u00e5 en gratis ...","breadcrumb":{"@id":"https:\/\/petalwhim.com\/p\/paris-eternal-rose\/#breadcrumb"},"inLanguage":"nb-NO","potentialAction":[{"@type":"ReadAction","target":["https:\/\/petalwhim.com\/p\/paris-eternal-rose\/"]}]},{"@type":"ImageObject","inLanguage":"nb-NO","@id":"https:\/\/petalwhim.com\/p\/paris-eternal-rose\/#primaryimage","url":"https:\/\/petalwhim.com\/wp-content\/uploads\/2024\/04\/product-image-1145632006.jpg","contentUrl":"https:\/\/petalwhim.com\/wp-content\/uploads\/2024\/04\/product-image-1145632006.jpg","width":640,"height":640,"caption":"Eternal Rose Paris"},{"@type":"BreadcrumbList","@id":"https:\/\/petalwhim.com\/p\/paris-eternal-rose\/#breadcrumb","itemListElement":[{"@type":"ListItem","position":1,"name":"Home","item":"https:\/\/petalwhim.com\/"},{"@type":"ListItem","position":2,"name":"Shop","item":"https:\/\/petalwhim.com\/shop\/"},{"@type":"ListItem","position":3,"name":"Eternal Rose Paris"}]},{"@type":"WebSite","@id":"https:\/\/petalwhim.com\/#website","url":"https:\/\/petalwhim.com\/","name":"Petal Whim","description":"Rose i glass","publisher":{"@id":"https:\/\/petalwhim.com\/#organization"},"potentialAction":[{"@type":"SearchAction","target":{"@type":"EntryPoint","urlTemplate":"https:\/\/petalwhim.com\/?s={search_term_string}"},"query-input":{"@type":"PropertyValueSpecification","valueRequired":true,"valueName":"search_term_string"}}],"inLanguage":"nb-NO"},{"@type":"Organization","@id":"https:\/\/petalwhim.com\/#organization","name":"Petal Whim","alternateName":"Rose in Glass","url":"https:\/\/petalwhim.com\/","logo":{"@type":"ImageObject","inLanguage":"nb-NO","@id":"https:\/\/petalwhim.com\/#\/schema\/logo\/image\/","url":"https:\/\/petalwhim.com\/wp-content\/uploads\/2024\/05\/cropped-Petal-Whim-Favicon.png","contentUrl":"https:\/\/petalwhim.com\/wp-content\/uploads\/2024\/05\/cropped-Petal-Whim-Favicon.png","width":512,"height":512,"caption":"Petal Whim"},"image":{"@id":"https:\/\/petalwhim.com\/#\/schema\/logo\/image\/"}}]}},"_links":{"self":[{"href":"https:\/\/petalwhim.com\/nb\/wp-json\/wp\/v2\/product\/163","targetHints":{"allow":["GET"]}}],"collection":[{"href":"https:\/\/petalwhim.com\/nb\/wp-json\/wp\/v2\/product"}],"about":[{"href":"https:\/\/petalwhim.com\/nb\/wp-json\/wp\/v2\/types\/product"}],"wp:featuredmedia":[{"embeddable":true,"href":"https:\/\/petalwhim.com\/nb\/wp-json\/wp\/v2\/media\/162"}],"wp:attachment":[{"href":"https:\/\/petalwhim.com\/nb\/wp-json\/wp\/v2\/media?parent=163"}],"wp:term":[{"taxonomy":"product_brand","embeddable":true,"href":"https:\/\/petalwhim.com\/nb\/wp-json\/wp\/v2\/product_brand?post=163"},{"taxonomy":"product_cat","embeddable":true,"href":"https:\/\/petalwhim.com\/nb\/wp-json\/wp\/v2\/product_cat?post=163"},{"taxonomy":"product_tag","embeddable":true,"href":"https:\/\/petalwhim.com\/nb\/wp-json\/wp\/v2\/product_tag?post=163"}],"curies":[{"name":"wp","href":"https:\/\/api.w.org\/{rel}","templated":true}]}}