{"id":109,"date":"2024-04-19T04:57:39","date_gmt":"2024-04-19T04:57:39","guid":{"rendered":"https:\/\/petalwhim.com\/p\/small-eternal-red-heart-shaped-glass-dome-rose\/"},"modified":"2025-07-25T05:16:05","modified_gmt":"2025-07-25T05:16:05","slug":"liten-evig-rod-hjerteformet-glasskuppelrose","status":"publish","type":"product","link":"https:\/\/petalwhim.com\/nb\/p\/liten-evig-rod-hjerteformet-glasskuppelrose\/","title":{"rendered":"<span>Liten evigvarende rose <\/span><span class=\"product-title-custom\">R\u00f8d hjerteformet glasskuppel<\/span>"},"content":{"rendered":"<h2>Liten evig rosa under cloche: Det riktige valget!<\/h2><p><br>Denne r\u00f8de Small <strong>evig rosa<\/strong> er satt under en cloche med forskjellige gr\u00e5 Smalls blomster. Clochen er festet til den m\u00f8rke sorte sokkelen og har et hjerte p\u00e5 toppen. Det er ogs\u00e5 en sl\u00f8yfe med inskripsjonen Just For You.<br><br>Hans <strong>r\u00f8d farge<\/strong> fremhever kj\u00e6rlighet, romantikk, delikatesse. Denne fargen viser tilknytning til en person.<br><br>Du kan tilby denne blomsten til din elskede, og p\u00e5 den m\u00e5ten demonstrere din <strong>dyp kj\u00e6rlighet<\/strong> for henne, og minne henne p\u00e5 den s\u00f8te kj\u00e6rligheten du f\u00f8ler for hennes person.<\/p>","protected":false},"excerpt":{"rendered":"Small eternal pink under cloche: Det rette valget! Denne r\u00f8de Small eternal pink er satt under cloche med forskjellige gr\u00e5 Smalls blomster. Clochen er festet til en m\u00f8rk svart base, og har et hjerte p\u00e5 toppen. Det er ogs\u00e5 en sl\u00f8yfe med inskripsjonen Just For You. Hans r\u00f8de farge fremhever kj\u00e6rlighet, romantikk, delikatesse. Denne fargen [...]].","protected":false},"featured_media":108,"template":"","meta":[],"product_brand":[],"product_cat":[15,36,19,35],"product_tag":[34],"class_list":{"0":"post-109","1":"product","2":"type-product","3":"status-publish","4":"has-post-thumbnail","6":"product_cat-all-products","7":"product_cat-best-sellers","8":"product_cat-red-forever-rose","9":"product_cat-small-forever-rose","10":"product_tag-small-rose-in-glass","12":"first","13":"instock","14":"shipping-taxable","15":"purchasable","16":"product-type-simple"},"yoast_head":"<!-- This site is optimized with the Yoast SEO plugin v25.9 - https:\/\/yoast.com\/wordpress\/plugins\/seo\/ -->\n<title>Small Eternal Rose Red Heart-shaped Glass Dome | Norge Florist<\/title>\n<meta name=\"description\" content=\"Celebrate everlasting love with our Small Eternal Rose Red Heart-shaped Glass Dome .\ud83c\udf39Symbolize your endless affection. Shop now and get a free...\" \/>\n<meta name=\"robots\" content=\"index, follow, max-snippet:-1, max-image-preview:large, max-video-preview:-1\" \/>\n<link rel=\"canonical\" href=\"https:\/\/petalwhim.com\/nb\/p\/liten-evig-rod-hjerteformet-glasskuppelrose\/\" \/>\n<meta property=\"og:locale\" content=\"nb_NO\" \/>\n<meta property=\"og:type\" content=\"article\" \/>\n<meta property=\"og:title\" content=\"Small Eternal Rose Red Heart-shaped Glass Dome | Norge Florist\" \/>\n<meta property=\"og:description\" content=\"Celebrate everlasting love with our Small Eternal Rose Red Heart-shaped Glass Dome .\ud83c\udf39Symbolize your endless affection. Shop now and get a free...\" \/>\n<meta property=\"og:url\" content=\"https:\/\/petalwhim.com\/nb\/p\/liten-evig-rod-hjerteformet-glasskuppelrose\/\" \/>\n<meta property=\"og:site_name\" content=\"Petal Whim\u2122\" \/>\n<meta property=\"article:modified_time\" content=\"2025-07-25T05:16:05+00:00\" \/>\n<meta property=\"og:image\" content=\"https:\/\/petalwhim.com\/wp-content\/uploads\/2024\/04\/product-image-1594224943.jpg\" \/>\n\t<meta property=\"og:image:width\" content=\"640\" \/>\n\t<meta property=\"og:image:height\" content=\"640\" \/>\n\t<meta property=\"og:image:type\" content=\"image\/jpeg\" \/>\n<meta name=\"twitter:card\" content=\"summary_large_image\" \/>\n<script type=\"application\/ld+json\" class=\"yoast-schema-graph\">{\"@context\":\"https:\/\/schema.org\",\"@graph\":[{\"@type\":\"WebPage\",\"@id\":\"https:\/\/petalwhim.com\/p\/small-eternal-red-heart-shaped-glass-dome-rose\/\",\"url\":\"https:\/\/petalwhim.com\/p\/small-eternal-red-heart-shaped-glass-dome-rose\/\",\"name\":\"Small Eternal Rose Red Heart-shaped Glass Dome | Norge Florist\",\"isPartOf\":{\"@id\":\"https:\/\/petalwhim.com\/#website\"},\"primaryImageOfPage\":{\"@id\":\"https:\/\/petalwhim.com\/p\/small-eternal-red-heart-shaped-glass-dome-rose\/#primaryimage\"},\"image\":{\"@id\":\"https:\/\/petalwhim.com\/p\/small-eternal-red-heart-shaped-glass-dome-rose\/#primaryimage\"},\"thumbnailUrl\":\"https:\/\/petalwhim.com\/wp-content\/uploads\/2024\/04\/product-image-1594224943.jpg\",\"datePublished\":\"2024-04-19T04:57:39+00:00\",\"dateModified\":\"2025-07-25T05:16:05+00:00\",\"description\":\"Celebrate everlasting love with our Small Eternal Rose Red Heart-shaped Glass Dome .\ud83c\udf39Symbolize your endless affection. Shop now and get a free...\",\"breadcrumb\":{\"@id\":\"https:\/\/petalwhim.com\/p\/small-eternal-red-heart-shaped-glass-dome-rose\/#breadcrumb\"},\"inLanguage\":\"nb-NO\",\"potentialAction\":[{\"@type\":\"ReadAction\",\"target\":[\"https:\/\/petalwhim.com\/p\/small-eternal-red-heart-shaped-glass-dome-rose\/\"]}]},{\"@type\":\"ImageObject\",\"inLanguage\":\"nb-NO\",\"@id\":\"https:\/\/petalwhim.com\/p\/small-eternal-red-heart-shaped-glass-dome-rose\/#primaryimage\",\"url\":\"https:\/\/petalwhim.com\/wp-content\/uploads\/2024\/04\/product-image-1594224943.jpg\",\"contentUrl\":\"https:\/\/petalwhim.com\/wp-content\/uploads\/2024\/04\/product-image-1594224943.jpg\",\"width\":640,\"height\":640,\"caption\":\"Small Eternal Rose Red Heart-shaped Glass Dome\"},{\"@type\":\"BreadcrumbList\",\"@id\":\"https:\/\/petalwhim.com\/p\/small-eternal-red-heart-shaped-glass-dome-rose\/#breadcrumb\",\"itemListElement\":[{\"@type\":\"ListItem\",\"position\":1,\"name\":\"Home\",\"item\":\"https:\/\/petalwhim.com\/\"},{\"@type\":\"ListItem\",\"position\":2,\"name\":\"Shop\",\"item\":\"https:\/\/petalwhim.com\/shop\/\"},{\"@type\":\"ListItem\",\"position\":3,\"name\":\"Small Eternal Rose Red Heart-shaped Glass Dome\"}]},{\"@type\":\"WebSite\",\"@id\":\"https:\/\/petalwhim.com\/#website\",\"url\":\"https:\/\/petalwhim.com\/\",\"name\":\"Petal Whim\u2122\",\"description\":\"Rose in Glass\",\"publisher\":{\"@id\":\"https:\/\/petalwhim.com\/#organization\"},\"potentialAction\":[{\"@type\":\"SearchAction\",\"target\":{\"@type\":\"EntryPoint\",\"urlTemplate\":\"https:\/\/petalwhim.com\/?s={search_term_string}\"},\"query-input\":{\"@type\":\"PropertyValueSpecification\",\"valueRequired\":true,\"valueName\":\"search_term_string\"}}],\"inLanguage\":\"nb-NO\"},{\"@type\":\"Organization\",\"@id\":\"https:\/\/petalwhim.com\/#organization\",\"name\":\"Petal Whim\",\"alternateName\":\"Rose in Glass\",\"url\":\"https:\/\/petalwhim.com\/\",\"logo\":{\"@type\":\"ImageObject\",\"inLanguage\":\"nb-NO\",\"@id\":\"https:\/\/petalwhim.com\/#\/schema\/logo\/image\/\",\"url\":\"https:\/\/petalwhim.com\/wp-content\/uploads\/2024\/05\/cropped-Petal-Whim-Favicon.png\",\"contentUrl\":\"https:\/\/petalwhim.com\/wp-content\/uploads\/2024\/05\/cropped-Petal-Whim-Favicon.png\",\"width\":512,\"height\":512,\"caption\":\"Petal Whim\"},\"image\":{\"@id\":\"https:\/\/petalwhim.com\/#\/schema\/logo\/image\/\"}}]}<\/script>\n<!-- \/ Yoast SEO plugin. -->","yoast_head_json":{"title":"Liten evigvarende rose r\u00f8d hjerteformet glasskuppel | Norge Florist","description":"Feir evig kj\u00e6rlighet med v\u00e5r Small Eternal Rose Red Heart-formede glasskuppel \ud83c\udf39Symboliser din uendelige hengivenhet. Handle n\u00e5 og f\u00e5 en gratis ...","robots":{"index":"index","follow":"follow","max-snippet":"max-snippet:-1","max-image-preview":"max-image-preview:large","max-video-preview":"max-video-preview:-1"},"canonical":"https:\/\/petalwhim.com\/nb\/p\/liten-evig-rod-hjerteformet-glasskuppelrose\/","og_locale":"nb_NO","og_type":"article","og_title":"Small Eternal Rose Red Heart-shaped Glass Dome | Norge Florist","og_description":"Celebrate everlasting love with our Small Eternal Rose Red Heart-shaped Glass Dome .\ud83c\udf39Symbolize your endless affection. Shop now and get a free...","og_url":"https:\/\/petalwhim.com\/nb\/p\/liten-evig-rod-hjerteformet-glasskuppelrose\/","og_site_name":"Petal Whim\u2122","article_modified_time":"2025-07-25T05:16:05+00:00","og_image":[{"width":640,"height":640,"url":"https:\/\/petalwhim.com\/wp-content\/uploads\/2024\/04\/product-image-1594224943.jpg","type":"image\/jpeg"}],"twitter_card":"summary_large_image","schema":{"@context":"https:\/\/schema.org","@graph":[{"@type":"WebPage","@id":"https:\/\/petalwhim.com\/p\/small-eternal-red-heart-shaped-glass-dome-rose\/","url":"https:\/\/petalwhim.com\/p\/small-eternal-red-heart-shaped-glass-dome-rose\/","name":"Liten evigvarende rose r\u00f8d hjerteformet glasskuppel | Norge Florist","isPartOf":{"@id":"https:\/\/petalwhim.com\/#website"},"primaryImageOfPage":{"@id":"https:\/\/petalwhim.com\/p\/small-eternal-red-heart-shaped-glass-dome-rose\/#primaryimage"},"image":{"@id":"https:\/\/petalwhim.com\/p\/small-eternal-red-heart-shaped-glass-dome-rose\/#primaryimage"},"thumbnailUrl":"https:\/\/petalwhim.com\/wp-content\/uploads\/2024\/04\/product-image-1594224943.jpg","datePublished":"2024-04-19T04:57:39+00:00","dateModified":"2025-07-25T05:16:05+00:00","description":"Feir evig kj\u00e6rlighet med v\u00e5r Small Eternal Rose Red Heart-formede glasskuppel \ud83c\udf39Symboliser din uendelige hengivenhet. Handle n\u00e5 og f\u00e5 en gratis ...","breadcrumb":{"@id":"https:\/\/petalwhim.com\/p\/small-eternal-red-heart-shaped-glass-dome-rose\/#breadcrumb"},"inLanguage":"nb-NO","potentialAction":[{"@type":"ReadAction","target":["https:\/\/petalwhim.com\/p\/small-eternal-red-heart-shaped-glass-dome-rose\/"]}]},{"@type":"ImageObject","inLanguage":"nb-NO","@id":"https:\/\/petalwhim.com\/p\/small-eternal-red-heart-shaped-glass-dome-rose\/#primaryimage","url":"https:\/\/petalwhim.com\/wp-content\/uploads\/2024\/04\/product-image-1594224943.jpg","contentUrl":"https:\/\/petalwhim.com\/wp-content\/uploads\/2024\/04\/product-image-1594224943.jpg","width":640,"height":640,"caption":"Small Eternal Rose Red Heart-shaped Glass Dome"},{"@type":"BreadcrumbList","@id":"https:\/\/petalwhim.com\/p\/small-eternal-red-heart-shaped-glass-dome-rose\/#breadcrumb","itemListElement":[{"@type":"ListItem","position":1,"name":"Home","item":"https:\/\/petalwhim.com\/"},{"@type":"ListItem","position":2,"name":"Shop","item":"https:\/\/petalwhim.com\/shop\/"},{"@type":"ListItem","position":3,"name":"Small Eternal Rose Red Heart-shaped Glass Dome"}]},{"@type":"WebSite","@id":"https:\/\/petalwhim.com\/#website","url":"https:\/\/petalwhim.com\/","name":"Petal Whim","description":"Rose i glass","publisher":{"@id":"https:\/\/petalwhim.com\/#organization"},"potentialAction":[{"@type":"SearchAction","target":{"@type":"EntryPoint","urlTemplate":"https:\/\/petalwhim.com\/?s={search_term_string}"},"query-input":{"@type":"PropertyValueSpecification","valueRequired":true,"valueName":"search_term_string"}}],"inLanguage":"nb-NO"},{"@type":"Organization","@id":"https:\/\/petalwhim.com\/#organization","name":"Petal Whim","alternateName":"Rose in Glass","url":"https:\/\/petalwhim.com\/","logo":{"@type":"ImageObject","inLanguage":"nb-NO","@id":"https:\/\/petalwhim.com\/#\/schema\/logo\/image\/","url":"https:\/\/petalwhim.com\/wp-content\/uploads\/2024\/05\/cropped-Petal-Whim-Favicon.png","contentUrl":"https:\/\/petalwhim.com\/wp-content\/uploads\/2024\/05\/cropped-Petal-Whim-Favicon.png","width":512,"height":512,"caption":"Petal Whim"},"image":{"@id":"https:\/\/petalwhim.com\/#\/schema\/logo\/image\/"}}]}},"_links":{"self":[{"href":"https:\/\/petalwhim.com\/nb\/wp-json\/wp\/v2\/product\/109","targetHints":{"allow":["GET"]}}],"collection":[{"href":"https:\/\/petalwhim.com\/nb\/wp-json\/wp\/v2\/product"}],"about":[{"href":"https:\/\/petalwhim.com\/nb\/wp-json\/wp\/v2\/types\/product"}],"wp:featuredmedia":[{"embeddable":true,"href":"https:\/\/petalwhim.com\/nb\/wp-json\/wp\/v2\/media\/108"}],"wp:attachment":[{"href":"https:\/\/petalwhim.com\/nb\/wp-json\/wp\/v2\/media?parent=109"}],"wp:term":[{"taxonomy":"product_brand","embeddable":true,"href":"https:\/\/petalwhim.com\/nb\/wp-json\/wp\/v2\/product_brand?post=109"},{"taxonomy":"product_cat","embeddable":true,"href":"https:\/\/petalwhim.com\/nb\/wp-json\/wp\/v2\/product_cat?post=109"},{"taxonomy":"product_tag","embeddable":true,"href":"https:\/\/petalwhim.com\/nb\/wp-json\/wp\/v2\/product_tag?post=109"}],"curies":[{"name":"wp","href":"https:\/\/api.w.org\/{rel}","templated":true}]}}