{"id":31,"date":"2024-04-10T02:30:24","date_gmt":"2024-04-10T02:30:24","guid":{"rendered":"https:\/\/roseinglass.kinsta.cloud\/?page_id=31"},"modified":"2025-07-18T13:06:53","modified_gmt":"2025-07-18T13:06:53","slug":"kontakt-oss","status":"publish","type":"page","link":"https:\/\/petalwhim.com\/nb\/kontakt-oss\/","title":{"rendered":"Kontakt oss"},"content":{"rendered":"<script src=\"https:\/\/www.google.com\/recaptcha\/api.js\" async defer><\/script>\n\n    <form id=\"custom-contact-form\" method=\"post\" action=\"\" data-trp-original-action=\"\">\n        <label for=\"custom_name\">Navn<\/label>\n        <input type=\"text\" id=\"custom_name\" name=\"custom_name\" required>\n\n        <label for=\"custom_email\">E-post<\/label>\n        <input type=\"email\" id=\"custom_email\" name=\"custom_email\" required>\n\n        <label for=\"custom_phone\">Telefon (valgfritt)<\/label>\n        <input type=\"text\" id=\"custom_phone\" name=\"custom_phone\">\n\n        <label for=\"custom_message\">Melding<\/label>\n        <textarea id=\"custom_message\" name=\"custom_message\" required><\/textarea>\n\n        <button type=\"submit\" id=\"submit-button\">Send melding<\/button>\n\t\t<div class=\"g-recaptcha\" data-sitekey=\"6LegiocrAAAAAPtGEsgdOSpPsfhGYLbPenTsIO07\"><\/div>\n\n    <input type=\"hidden\" name=\"trp-form-language\" value=\"nb\"\/><\/form>\n\n    <div id=\"form-response\"><\/div>\n\n    <script type=\"text\/javascript\">\n        document.getElementById(\"custom-contact-form\").addEventListener(\"submit\", function(event){\n            event.preventDefault(); \/\/ Prevent the form from submitting normally\n\n            var formData = new FormData(this); \/\/ Get form data\n            var responseDiv = document.getElementById(\"form-response\");\n            var submitButton = document.getElementById(\"submit-button\");\n\n            \/\/ Disable the submit button and show loading spinner\n            submitButton.disabled = true;\n            responseDiv.innerHTML = \"<div id='loading-spinner' style='text-align:center;'><img src='\/wp-content\/uploads\/2025\/07\/loading-spinner-custom.gif' alt='Loading...'><\/div>\";\n    var recaptcha = document.querySelector('#g-recaptcha-response').value;\n    if (!recaptcha) {\n        responseDiv.innerHTML = \"<p style='color: red; font-weight: bold; font-size: 1.2em;'>Please complete the CAPTCHA.<\/p>\";\n        submitButton.disabled = false;\n        return;\n    }\n            \/\/ AJAX request\n            var xhr = new XMLHttpRequest();\n            xhr.open(\"POST\", window.location.href, true); \/\/ Post to the same page\n            xhr.onload = function () {\n                if (xhr.status === 200) {\n                    responseDiv.innerHTML = \"<p style='color: green; font-weight: bold; font-size: 1.2em;'>Thank you! Your message has been sent successfully.<\/p>\";\n                } else {\n                    responseDiv.innerHTML = \"<p style='color: red; font-weight: bold; font-size: 1.2em;'>Sorry, something went wrong. Please try again.<\/p>\";\n                }\n\n                \/\/ Re-enable the submit button after response\n                submitButton.disabled = false;\n            };\n            xhr.onerror = function () {\n                responseDiv.innerHTML = \"<p style='color: red; font-weight: bold; font-size: 1.2em;'>Sorry, something went wrong. Please try again.<\/p>\";\n                submitButton.disabled = false;\n            };\n            xhr.send(formData);\n        });\n    <\/script>\n\n    <style>\n        #submit-button {\n            background-color: #661731; \/* Button background color *\/\n            color: white; \/* Button text color *\/\n            padding: 10px 20px;\n            border: none;\n            cursor: pointer;\n            font-size: 1em;\n        }\n\n        #submit-button:hover {\n            background-color: #550e2f; \/* Darker background on hover *\/\n        }\n\n        #form-response {\n            margin-top: 15px;\n        }\n\n        #loading-spinner img {\n            width: 50px; \/* Adjust size *\/\n            height: 50px;\n        }\n    <\/style>\n\n    \r\n<h2>Andre m\u00e5ter \u00e5 kontakte oss p\u00e5<\/h2>\r\n<p><strong>Via e-post<\/strong> E-post: contact@petalwhim.com Hvis du har kontaktet oss via e-post, setter vi pris p\u00e5 din t\u00e5lmodighet mens teamet v\u00e5rt jobber for \u00e5 svare p\u00e5 hver henvendelse. Vi vil gj\u00f8re v\u00e5rt beste for \u00e5 svare innen 48 timer. V\u00e6r oppmerksom p\u00e5 at svartiden v\u00e5r kan bli forsinket hvis vi opplever et h\u00f8yt volum av meldinger, spesielt i salgsperioden og julen. Vi vil gj\u00f8re v\u00e5rt beste for \u00e5 komme tilbake til deg s\u00e5 snart som mulig. Takk for din forst\u00e5else.<\/p>\r\n<p><strong>P\u00e5 telefon<\/strong> Hvis du har sp\u00f8rsm\u00e5l eller bekymringer, er du alltid velkommen til \u00e5 ringe oss. Vi hjelper deg mer enn gjerne. V\u00e5r kundeservicetelefon er tilgjengelig mandag-fredag fra 8:00 til 20:00 UTC+11.<\/p>\r\n<p><strong>Per post<\/strong> Adresse : Petal Whim\u2122, Karenslyst All\u00e8 53, Oslo 0279, Norge Vi svarer vanligvis p\u00e5 post innen 7-14 virkedager.<\/p>\r\n<h2>V\u00e5r forpliktelse til god kundeservice<\/h2>\r\nPetal Whim\u2122 er forpliktet til \u00e5 yte god kundeservice. Vi mener at kundene v\u00e5re fortjener den best mulige opplevelsen n\u00e5r de handler hos oss, og vi streber etter \u00e5 gi dem det hver gang. V\u00e5rt kundeserviceteam er alltid tilgjengelig for \u00e5 svare p\u00e5 eventuelle sp\u00f8rsm\u00e5l du m\u00e5tte ha, og hjelpe deg med \u00e5 finne det perfekte produktet for dine behov. Vi vet at din tid er verdifull, s\u00e5 vi setter pris p\u00e5 at du handler hos oss og takker for at du valgte Petal Whim\u2122!<\/p>\r\n<h2>Personvern<\/h2>\r\n<p>V\u00e5re utvekslinger er strengt konfidensielle, og alle v\u00e5re utvekslinger vil forbli private. I samsvar med v\u00e5re retningslinjer for personvern overf\u00f8rer vi ingen data til tredjeparter.<\/p>","protected":false},"excerpt":{"rendered":"Andre m\u00e5ter \u00e5 kontakte oss p\u00e5 Via e-post E-post: kontakt@ Hvis du har kontaktet oss via e-post, setter vi pris p\u00e5 din t\u00e5lmodighet mens teamet v\u00e5rt jobber for \u00e5 svare p\u00e5 hver henvendelse. Vi vil gj\u00f8re v\u00e5rt beste for \u00e5 svare innen 48 timer. V\u00e6r oppmerksom p\u00e5 at svartiden v\u00e5r kan bli forsinket hvis vi opplever [...].","protected":false},"author":1,"featured_media":0,"parent":0,"menu_order":0,"comment_status":"closed","ping_status":"closed","template":"page-blank-title-center.php","meta":{"footnotes":""},"class_list":["post-31","page","type-page","status-publish","hentry"],"yoast_head":"<!-- This site is optimized with the Yoast SEO plugin v25.9 - https:\/\/yoast.com\/wordpress\/plugins\/seo\/ -->\n<title>Contact us - Petal Whim\u2122<\/title>\n<meta name=\"robots\" content=\"noindex, follow\" \/>\n<meta property=\"og:locale\" content=\"nb_NO\" \/>\n<meta property=\"og:type\" content=\"article\" \/>\n<meta property=\"og:title\" content=\"Contact us - Petal Whim\u2122\" \/>\n<meta property=\"og:description\" content=\"Other ways to contact us By email Email : contact@ If you have reached out to us via email, we appreciate your patience as our team works to respond to each inquiry. We will do our best to answer within 48 hours. Please note that our response time may be delayed if we are experiencing [...]\" \/>\n<meta property=\"og:url\" content=\"https:\/\/petalwhim.com\/nb\/kontakt-oss\/\" \/>\n<meta property=\"og:site_name\" content=\"Petal Whim\u2122\" \/>\n<meta property=\"article:modified_time\" content=\"2025-07-18T13:06:53+00:00\" \/>\n<meta property=\"og:image\" content=\"https:\/\/petalwhim.com\/wp-content\/uploads\/2024\/05\/cropped-Petal-Whim-Favicon.png\" \/>\n\t<meta property=\"og:image:width\" content=\"512\" \/>\n\t<meta property=\"og:image:height\" content=\"512\" \/>\n\t<meta property=\"og:image:type\" content=\"image\/png\" \/>\n<meta name=\"twitter:card\" content=\"summary_large_image\" \/>\n<meta name=\"twitter:label1\" content=\"Ansl. lesetid\" \/>\n\t<meta name=\"twitter:data1\" content=\"2 minutter\" \/>\n<script type=\"application\/ld+json\" class=\"yoast-schema-graph\">{\"@context\":\"https:\/\/schema.org\",\"@graph\":[{\"@type\":\"WebPage\",\"@id\":\"https:\/\/petalwhim.com\/contact-us\/\",\"url\":\"https:\/\/petalwhim.com\/contact-us\/\",\"name\":\"Contact us - Petal Whim\u2122\",\"isPartOf\":{\"@id\":\"https:\/\/petalwhim.com\/#website\"},\"datePublished\":\"2024-04-10T02:30:24+00:00\",\"dateModified\":\"2025-07-18T13:06:53+00:00\",\"breadcrumb\":{\"@id\":\"https:\/\/petalwhim.com\/contact-us\/#breadcrumb\"},\"inLanguage\":\"nb-NO\",\"potentialAction\":[{\"@type\":\"ReadAction\",\"target\":[\"https:\/\/petalwhim.com\/contact-us\/\"]}]},{\"@type\":\"BreadcrumbList\",\"@id\":\"https:\/\/petalwhim.com\/contact-us\/#breadcrumb\",\"itemListElement\":[{\"@type\":\"ListItem\",\"position\":1,\"name\":\"Home\",\"item\":\"https:\/\/petalwhim.com\/\"},{\"@type\":\"ListItem\",\"position\":2,\"name\":\"Contact us\"}]},{\"@type\":\"WebSite\",\"@id\":\"https:\/\/petalwhim.com\/#website\",\"url\":\"https:\/\/petalwhim.com\/\",\"name\":\"Petal Whim\u2122\",\"description\":\"Rose in Glass\",\"publisher\":{\"@id\":\"https:\/\/petalwhim.com\/#organization\"},\"potentialAction\":[{\"@type\":\"SearchAction\",\"target\":{\"@type\":\"EntryPoint\",\"urlTemplate\":\"https:\/\/petalwhim.com\/?s={search_term_string}\"},\"query-input\":{\"@type\":\"PropertyValueSpecification\",\"valueRequired\":true,\"valueName\":\"search_term_string\"}}],\"inLanguage\":\"nb-NO\"},{\"@type\":\"Organization\",\"@id\":\"https:\/\/petalwhim.com\/#organization\",\"name\":\"Petal Whim\",\"alternateName\":\"Rose in Glass\",\"url\":\"https:\/\/petalwhim.com\/\",\"logo\":{\"@type\":\"ImageObject\",\"inLanguage\":\"nb-NO\",\"@id\":\"https:\/\/petalwhim.com\/#\/schema\/logo\/image\/\",\"url\":\"https:\/\/petalwhim.com\/wp-content\/uploads\/2024\/05\/cropped-Petal-Whim-Favicon.png\",\"contentUrl\":\"https:\/\/petalwhim.com\/wp-content\/uploads\/2024\/05\/cropped-Petal-Whim-Favicon.png\",\"width\":512,\"height\":512,\"caption\":\"Petal Whim\"},\"image\":{\"@id\":\"https:\/\/petalwhim.com\/#\/schema\/logo\/image\/\"}}]}<\/script>\n<!-- \/ Yoast SEO plugin. -->","yoast_head_json":{"title":"Kontakt oss - Petal Whim\u2122","robots":{"index":"noindex","follow":"follow"},"og_locale":"nb_NO","og_type":"article","og_title":"Contact us - Petal Whim\u2122","og_description":"Other ways to contact us By email Email : contact@ If you have reached out to us via email, we appreciate your patience as our team works to respond to each inquiry. We will do our best to answer within 48 hours. Please note that our response time may be delayed if we are experiencing [...]","og_url":"https:\/\/petalwhim.com\/nb\/kontakt-oss\/","og_site_name":"Petal Whim\u2122","article_modified_time":"2025-07-18T13:06:53+00:00","og_image":[{"width":512,"height":512,"url":"https:\/\/petalwhim.com\/wp-content\/uploads\/2024\/05\/cropped-Petal-Whim-Favicon.png","type":"image\/png"}],"twitter_card":"summary_large_image","twitter_misc":{"Ansl. lesetid":"2 minutter"},"schema":{"@context":"https:\/\/schema.org","@graph":[{"@type":"WebPage","@id":"https:\/\/petalwhim.com\/contact-us\/","url":"https:\/\/petalwhim.com\/contact-us\/","name":"Kontakt oss - Petal Whim\u2122","isPartOf":{"@id":"https:\/\/petalwhim.com\/#website"},"datePublished":"2024-04-10T02:30:24+00:00","dateModified":"2025-07-18T13:06:53+00:00","breadcrumb":{"@id":"https:\/\/petalwhim.com\/contact-us\/#breadcrumb"},"inLanguage":"nb-NO","potentialAction":[{"@type":"ReadAction","target":["https:\/\/petalwhim.com\/contact-us\/"]}]},{"@type":"BreadcrumbList","@id":"https:\/\/petalwhim.com\/contact-us\/#breadcrumb","itemListElement":[{"@type":"ListItem","position":1,"name":"Home","item":"https:\/\/petalwhim.com\/"},{"@type":"ListItem","position":2,"name":"Contact us"}]},{"@type":"WebSite","@id":"https:\/\/petalwhim.com\/#website","url":"https:\/\/petalwhim.com\/","name":"Petal Whim","description":"Rose i glass","publisher":{"@id":"https:\/\/petalwhim.com\/#organization"},"potentialAction":[{"@type":"SearchAction","target":{"@type":"EntryPoint","urlTemplate":"https:\/\/petalwhim.com\/?s={search_term_string}"},"query-input":{"@type":"PropertyValueSpecification","valueRequired":true,"valueName":"search_term_string"}}],"inLanguage":"nb-NO"},{"@type":"Organization","@id":"https:\/\/petalwhim.com\/#organization","name":"Petal Whim","alternateName":"Rose in Glass","url":"https:\/\/petalwhim.com\/","logo":{"@type":"ImageObject","inLanguage":"nb-NO","@id":"https:\/\/petalwhim.com\/#\/schema\/logo\/image\/","url":"https:\/\/petalwhim.com\/wp-content\/uploads\/2024\/05\/cropped-Petal-Whim-Favicon.png","contentUrl":"https:\/\/petalwhim.com\/wp-content\/uploads\/2024\/05\/cropped-Petal-Whim-Favicon.png","width":512,"height":512,"caption":"Petal Whim"},"image":{"@id":"https:\/\/petalwhim.com\/#\/schema\/logo\/image\/"}}]}},"_links":{"self":[{"href":"https:\/\/petalwhim.com\/nb\/wp-json\/wp\/v2\/pages\/31","targetHints":{"allow":["GET"]}}],"collection":[{"href":"https:\/\/petalwhim.com\/nb\/wp-json\/wp\/v2\/pages"}],"about":[{"href":"https:\/\/petalwhim.com\/nb\/wp-json\/wp\/v2\/types\/page"}],"author":[{"embeddable":true,"href":"https:\/\/petalwhim.com\/nb\/wp-json\/wp\/v2\/users\/1"}],"replies":[{"embeddable":true,"href":"https:\/\/petalwhim.com\/nb\/wp-json\/wp\/v2\/comments?post=31"}],"version-history":[{"count":0,"href":"https:\/\/petalwhim.com\/nb\/wp-json\/wp\/v2\/pages\/31\/revisions"}],"wp:attachment":[{"href":"https:\/\/petalwhim.com\/nb\/wp-json\/wp\/v2\/media?parent=31"}],"curies":[{"name":"wp","href":"https:\/\/api.w.org\/{rel}","templated":true}]}}