{"id":24,"date":"2024-04-10T02:26:26","date_gmt":"2024-04-10T02:26:26","guid":{"rendered":"https:\/\/roseinglass.kinsta.cloud\/?page_id=24"},"modified":"2024-06-06T01:04:53","modified_gmt":"2024-06-06T01:04:53","slug":"retningslinjer-for-refusjon-og-retur","status":"publish","type":"page","link":"https:\/\/petalwhim.com\/nb\/retningslinjer-for-refusjon-og-retur\/","title":{"rendered":"Retningslinjer for refusjon og retur"},"content":{"rendered":"<h2>Jeg vil gjerne <strong>retur<\/strong> eller <strong>utveksling*<\/strong> en vare som ikke passer meg.<\/h2>\r\n<strong>Trinn 1:<\/strong> Hvis du \u00f8nsker \u00e5 <strong>retur<\/strong> eller <strong>utveksling<\/strong> varen din (for \u00e5 f\u00e5 en annen st\u00f8rrelse eller farge), m\u00e5 du s\u00f8rge for at du oppfyller f\u00f8lgende betingelser:\r\n<ul>\r\n \t<li>Du har 30 dager p\u00e5 deg til \u00e5 returnere pakken til oss etter at du har mottatt den.<\/li>\r\n \t<li>Etikettene m\u00e5 festes p\u00e5 varen p\u00e5 samme m\u00e5te som de ble mottatt.<\/li>\r\n \t<li>Varen m\u00e5 v\u00e6re i originalemballasjen.<\/li>\r\n<\/ul>\r\n<strong>Trinn 2:<\/strong> Kontakt oss via e-post p\u00e5 contact@petalwhim.com eller direkte via v\u00e5r kontaktside.\r\n\r\nS\u00f8rg for at f\u00f8lgende informasjon vises i e-posten din: din\u00a0<strong>ordrenummer<\/strong>, <strong>navn p\u00e5 de returnerte varene<\/strong>, samt <strong>hva du \u00f8nsker \u00e5 f\u00e5 ut av returen<\/strong> (refusjon, tilgodelapp eller bytte til en annen st\u00f8rrelse\/farge).\r\n\r\n<strong>Trinn 3:<\/strong>\u00a0Vi vil svare deg innen 48 timer med postadressen du skal returnere varene til.\r\n\r\nV\u00e6r oppmerksom p\u00e5 at\u00a0<strong>returfraktkostnader forblir p\u00e5 din bekostning<\/strong>.\r\n\r\n<em>Varene m\u00e5 returneres i original stand. Varer som er vasket eller slitt (uten etikett) kan ikke returneres eller refunderes.<\/em>\r\n\r\n<strong>Trinn 4<\/strong>: Bekreft til oss via e-post at produktet ditt er sendt, og gi oss informasjon om\u00a0<strong>pakkens forsendelsesnummer<\/strong>.\r\n\r\nDette gj\u00f8r det mulig for oss \u00e5 betale eventuelle tollavgifter.\u00a0<strong>Hvis vi ikke har denne informasjonen, kan vi ikke betale tollavgiftene, og pakken vil automatisk bli returnert til deg.<\/strong>.\r\n\r\n<strong>Trinn 5:<\/strong> S\u00e5 snart vi mottar varene, vil de bli inspisert og i henhold til dine \u00f8nsker vil vi:\r\n<ul>\r\n \t<li>Refusjon av varene dine: Du vil motta en e-post for \u00e5 bekrefte refusjonen av bestillingen din. Refusjon mottas vanligvis innen 5 virkedager<\/li>\r\n \t<li>Bytte av varene dine: Varene byttes av de som er angitt p\u00e5 returskjemaet, og du vil motta en e-post med bekreftelse p\u00e5 byttet samt et nytt ordrenummer.<\/li>\r\n<\/ul>\r\nPetal Whim\u2122 forbeholder seg retten til \u00e5 nekte returer som er sendt eller kommunisert etter at returen er forsinket, eller varer som ikke er i samme stand som da de ble mottatt. N\u00e5r returen er godkjent, vil du bli refundert gjennom <strong>samme betalingsm\u00e5te som ble brukt for \u00e5 gjennomf\u00f8re kj\u00f8pet<\/strong>. Den maksimale refusjonsforsinkelsen er p\u00e5 10 dager. V\u00e6r oppmerksom p\u00e5 at refusjonsforsinkelsen p\u00e5 bankkontoen din alltid avhenger av banken din","protected":false},"excerpt":{"rendered":"Jeg \u00f8nsker \u00e5 returnere eller bytte* en vare som ikke passer meg. Trinn 1: Hvis du \u00f8nsker \u00e5 returnere eller bytte varen din (for \u00e5 f\u00e5 en annen st\u00f8rrelse eller farge), m\u00e5 du s\u00f8rge for at du oppfyller f\u00f8lgende betingelser: Du har 30 dager etter mottak av pakken til \u00e5 returnere den [...].","protected":false},"author":1,"featured_media":0,"parent":0,"menu_order":0,"comment_status":"closed","ping_status":"closed","template":"page-blank-title-center.php","meta":{"footnotes":""},"class_list":["post-24","page","type-page","status-publish","hentry"],"yoast_head":"<!-- This site is optimized with the Yoast SEO plugin v25.9 - https:\/\/yoast.com\/wordpress\/plugins\/seo\/ -->\n<title>Refund and Returns Policy - Petal Whim\u2122<\/title>\n<meta name=\"robots\" content=\"noindex, follow\" \/>\n<meta property=\"og:locale\" content=\"nb_NO\" \/>\n<meta property=\"og:type\" content=\"article\" \/>\n<meta property=\"og:title\" content=\"Refund and Returns Policy - Petal Whim\u2122\" \/>\n<meta property=\"og:description\" content=\"I would like to return or exchange* an item that does not suit me. Step 1: If you would like to return or exchange your item (to get a different size or color), please make sure that you meet the following conditions: You have 30 days following the reception of your package to return it [...]\" \/>\n<meta property=\"og:url\" content=\"https:\/\/petalwhim.com\/nb\/retningslinjer-for-refusjon-og-retur\/\" \/>\n<meta property=\"og:site_name\" content=\"Petal Whim\u2122\" \/>\n<meta property=\"article:modified_time\" content=\"2024-06-06T01:04:53+00:00\" \/>\n<meta property=\"og:image\" content=\"https:\/\/petalwhim.com\/wp-content\/uploads\/2024\/05\/cropped-Petal-Whim-Favicon.png\" \/>\n\t<meta property=\"og:image:width\" content=\"512\" \/>\n\t<meta property=\"og:image:height\" content=\"512\" \/>\n\t<meta property=\"og:image:type\" content=\"image\/png\" \/>\n<meta name=\"twitter:card\" content=\"summary_large_image\" \/>\n<meta name=\"twitter:label1\" content=\"Ansl. lesetid\" \/>\n\t<meta name=\"twitter:data1\" content=\"2 minutter\" \/>\n<script type=\"application\/ld+json\" class=\"yoast-schema-graph\">{\"@context\":\"https:\/\/schema.org\",\"@graph\":[{\"@type\":\"WebPage\",\"@id\":\"https:\/\/petalwhim.com\/refund-and-returns-policy\/\",\"url\":\"https:\/\/petalwhim.com\/refund-and-returns-policy\/\",\"name\":\"Refund and Returns Policy - Petal Whim\u2122\",\"isPartOf\":{\"@id\":\"https:\/\/petalwhim.com\/#website\"},\"datePublished\":\"2024-04-10T02:26:26+00:00\",\"dateModified\":\"2024-06-06T01:04:53+00:00\",\"breadcrumb\":{\"@id\":\"https:\/\/petalwhim.com\/refund-and-returns-policy\/#breadcrumb\"},\"inLanguage\":\"nb-NO\",\"potentialAction\":[{\"@type\":\"ReadAction\",\"target\":[\"https:\/\/petalwhim.com\/refund-and-returns-policy\/\"]}]},{\"@type\":\"BreadcrumbList\",\"@id\":\"https:\/\/petalwhim.com\/refund-and-returns-policy\/#breadcrumb\",\"itemListElement\":[{\"@type\":\"ListItem\",\"position\":1,\"name\":\"Home\",\"item\":\"https:\/\/petalwhim.com\/\"},{\"@type\":\"ListItem\",\"position\":2,\"name\":\"Refund and Returns Policy\"}]},{\"@type\":\"WebSite\",\"@id\":\"https:\/\/petalwhim.com\/#website\",\"url\":\"https:\/\/petalwhim.com\/\",\"name\":\"Petal Whim\u2122\",\"description\":\"Rose in Glass\",\"publisher\":{\"@id\":\"https:\/\/petalwhim.com\/#organization\"},\"potentialAction\":[{\"@type\":\"SearchAction\",\"target\":{\"@type\":\"EntryPoint\",\"urlTemplate\":\"https:\/\/petalwhim.com\/?s={search_term_string}\"},\"query-input\":{\"@type\":\"PropertyValueSpecification\",\"valueRequired\":true,\"valueName\":\"search_term_string\"}}],\"inLanguage\":\"nb-NO\"},{\"@type\":\"Organization\",\"@id\":\"https:\/\/petalwhim.com\/#organization\",\"name\":\"Petal Whim\",\"alternateName\":\"Rose in Glass\",\"url\":\"https:\/\/petalwhim.com\/\",\"logo\":{\"@type\":\"ImageObject\",\"inLanguage\":\"nb-NO\",\"@id\":\"https:\/\/petalwhim.com\/#\/schema\/logo\/image\/\",\"url\":\"https:\/\/petalwhim.com\/wp-content\/uploads\/2024\/05\/cropped-Petal-Whim-Favicon.png\",\"contentUrl\":\"https:\/\/petalwhim.com\/wp-content\/uploads\/2024\/05\/cropped-Petal-Whim-Favicon.png\",\"width\":512,\"height\":512,\"caption\":\"Petal Whim\"},\"image\":{\"@id\":\"https:\/\/petalwhim.com\/#\/schema\/logo\/image\/\"}}]}<\/script>\n<!-- \/ Yoast SEO plugin. -->","yoast_head_json":{"title":"Retningslinjer for refusjon og retur - Petal Whim\u2122","robots":{"index":"noindex","follow":"follow"},"og_locale":"nb_NO","og_type":"article","og_title":"Refund and Returns Policy - Petal Whim\u2122","og_description":"I would like to return or exchange* an item that does not suit me. Step 1: If you would like to return or exchange your item (to get a different size or color), please make sure that you meet the following conditions: You have 30 days following the reception of your package to return it [...]","og_url":"https:\/\/petalwhim.com\/nb\/retningslinjer-for-refusjon-og-retur\/","og_site_name":"Petal Whim\u2122","article_modified_time":"2024-06-06T01:04:53+00:00","og_image":[{"width":512,"height":512,"url":"https:\/\/petalwhim.com\/wp-content\/uploads\/2024\/05\/cropped-Petal-Whim-Favicon.png","type":"image\/png"}],"twitter_card":"summary_large_image","twitter_misc":{"Ansl. lesetid":"2 minutter"},"schema":{"@context":"https:\/\/schema.org","@graph":[{"@type":"WebPage","@id":"https:\/\/petalwhim.com\/refund-and-returns-policy\/","url":"https:\/\/petalwhim.com\/refund-and-returns-policy\/","name":"Retningslinjer for refusjon og retur - Petal Whim\u2122","isPartOf":{"@id":"https:\/\/petalwhim.com\/#website"},"datePublished":"2024-04-10T02:26:26+00:00","dateModified":"2024-06-06T01:04:53+00:00","breadcrumb":{"@id":"https:\/\/petalwhim.com\/refund-and-returns-policy\/#breadcrumb"},"inLanguage":"nb-NO","potentialAction":[{"@type":"ReadAction","target":["https:\/\/petalwhim.com\/refund-and-returns-policy\/"]}]},{"@type":"BreadcrumbList","@id":"https:\/\/petalwhim.com\/refund-and-returns-policy\/#breadcrumb","itemListElement":[{"@type":"ListItem","position":1,"name":"Home","item":"https:\/\/petalwhim.com\/"},{"@type":"ListItem","position":2,"name":"Refund and Returns Policy"}]},{"@type":"WebSite","@id":"https:\/\/petalwhim.com\/#website","url":"https:\/\/petalwhim.com\/","name":"Petal Whim","description":"Rose i glass","publisher":{"@id":"https:\/\/petalwhim.com\/#organization"},"potentialAction":[{"@type":"SearchAction","target":{"@type":"EntryPoint","urlTemplate":"https:\/\/petalwhim.com\/?s={search_term_string}"},"query-input":{"@type":"PropertyValueSpecification","valueRequired":true,"valueName":"search_term_string"}}],"inLanguage":"nb-NO"},{"@type":"Organization","@id":"https:\/\/petalwhim.com\/#organization","name":"Petal Whim","alternateName":"Rose in Glass","url":"https:\/\/petalwhim.com\/","logo":{"@type":"ImageObject","inLanguage":"nb-NO","@id":"https:\/\/petalwhim.com\/#\/schema\/logo\/image\/","url":"https:\/\/petalwhim.com\/wp-content\/uploads\/2024\/05\/cropped-Petal-Whim-Favicon.png","contentUrl":"https:\/\/petalwhim.com\/wp-content\/uploads\/2024\/05\/cropped-Petal-Whim-Favicon.png","width":512,"height":512,"caption":"Petal Whim"},"image":{"@id":"https:\/\/petalwhim.com\/#\/schema\/logo\/image\/"}}]}},"_links":{"self":[{"href":"https:\/\/petalwhim.com\/nb\/wp-json\/wp\/v2\/pages\/24","targetHints":{"allow":["GET"]}}],"collection":[{"href":"https:\/\/petalwhim.com\/nb\/wp-json\/wp\/v2\/pages"}],"about":[{"href":"https:\/\/petalwhim.com\/nb\/wp-json\/wp\/v2\/types\/page"}],"author":[{"embeddable":true,"href":"https:\/\/petalwhim.com\/nb\/wp-json\/wp\/v2\/users\/1"}],"replies":[{"embeddable":true,"href":"https:\/\/petalwhim.com\/nb\/wp-json\/wp\/v2\/comments?post=24"}],"version-history":[{"count":0,"href":"https:\/\/petalwhim.com\/nb\/wp-json\/wp\/v2\/pages\/24\/revisions"}],"wp:attachment":[{"href":"https:\/\/petalwhim.com\/nb\/wp-json\/wp\/v2\/media?parent=24"}],"curies":[{"name":"wp","href":"https:\/\/api.w.org\/{rel}","templated":true}]}}