{"id":23,"date":"2024-04-10T02:26:00","date_gmt":"2024-04-10T02:26:00","guid":{"rendered":"https:\/\/roseinglass.kinsta.cloud\/?page_id=23"},"modified":"2024-04-10T02:26:00","modified_gmt":"2024-04-10T02:26:00","slug":"personvernerklaering-2","status":"publish","type":"page","link":"https:\/\/petalwhim.com\/nb\/personvernerklaering-2\/","title":{"rendered":"Retningslinjer for personvern"},"content":{"rendered":"Denne personvernerkl\u00e6ringen beskriver hvordan din personlige informasjon samles inn, brukes og deles n\u00e5r du bes\u00f8ker eller foretar et kj\u00f8p fra petalwhim.com (\"nettstedet\").\r\n<h2>PERSONLIG INFORMASJON VI SAMLER INN<\/h2>\r\nN\u00e5r du bes\u00f8ker nettstedet, samler vi automatisk inn visse opplysninger om enheten din, inkludert informasjon om nettleseren din, IP-adresse, tidssone og noen av informasjonskapslene som er installert p\u00e5 enheten din. N\u00e5r du surfer p\u00e5 nettstedet, samler vi i tillegg inn informasjon om de enkelte nettsidene eller produktene du ser p\u00e5, hvilke nettsteder eller s\u00f8keord som henviste deg til nettstedet, og informasjon om hvordan du samhandler med nettstedet. Vi kaller denne automatisk innsamlede informasjonen for \"enhetsinformasjon\".\r\n\r\nVi samler inn enhetsinformasjon ved hjelp av f\u00f8lgende teknologier:\r\n<ul>\r\n \t<li>\"Informasjonskapsler\" er datafiler som plasseres p\u00e5 enheten eller datamaskinen din, og som ofte inneholder en anonym, unik identifikator. Du finner mer informasjon om informasjonskapsler og hvordan du deaktiverer informasjonskapsler p\u00e5 http:\/\/www.allaboutcookies.org.<\/li>\r\n \t<li>\"Loggfiler\" sporer handlinger som skjer p\u00e5 nettstedet, og samler inn data, inkludert din IP-adresse, nettlesertype, Internett-leverand\u00f8r, henvisnings-\/utgangssider og dato- og tidsstempler.<\/li>\r\n \t<li>\"Web beacons\", \"tags\" og \"piksler\" er elektroniske filer som brukes til \u00e5 registrere informasjon om hvordan du surfer p\u00e5 nettstedet.<\/li>\r\n<\/ul>\r\nN\u00e5r du foretar et kj\u00f8p eller fors\u00f8ker \u00e5 foreta et kj\u00f8p via nettstedet, samler vi i tillegg inn visse opplysninger fra deg, inkludert navn, faktureringsadresse, leveringsadresse, betalingsinformasjon (inkludert kredittkortnummer ]\r\n\r\nN\u00e5r vi snakker om \"personopplysninger\" i denne personvernerkl\u00e6ringen, snakker vi b\u00e5de om enhetsinformasjon og bestillingsinformasjon.\r\n<h2>HVORDAN BRUKER VI PERSONOPPLYSNINGENE DINE?<\/h2>\r\nVi bruker bestillingsinformasjonen som vi samler inn, generelt til \u00e5 oppfylle bestillinger som er lagt inn via nettstedet (inkludert behandling av betalingsinformasjonen din, ordne med frakt og gi deg fakturaer og\/eller ordrebekreftelser). I tillegg bruker vi denne bestillingsinformasjonen til \u00e5:\r\n<ul>\r\n \t<li>Kommunisere med deg;<\/li>\r\n \t<li>Unders\u00f8ke ordrene v\u00e5re for potensiell risiko eller svindel; og<\/li>\r\n \t<li>N\u00e5r det er i tr\u00e5d med preferansene du har delt med oss, gi deg informasjon eller reklame knyttet til v\u00e5re produkter eller tjenester.<\/li>\r\n<\/ul>\r\nVi bruker enhetsinformasjonen vi samler inn til \u00e5 hjelpe oss med \u00e5 avdekke potensiell risiko og svindel (spesielt IP-adressen din), og mer generelt til \u00e5 forbedre og optimalisere nettstedet v\u00e5rt (for eksempel ved \u00e5 generere analyser om hvordan kundene v\u00e5re surfer og samhandler med nettstedet, og for \u00e5 vurdere hvor vellykket markedsf\u00f8rings- og reklamekampanjene v\u00e5re er).\r\n<h2>DELE DINE PERSONLIGE OPPLYSNINGER<\/h2>\r\nVi deler personopplysningene dine med tredjeparter for \u00e5 hjelpe oss med \u00e5 bruke personopplysningene dine, som beskrevet ovenfor. Vi bruker for eksempel Shopify til \u00e5 drive nettbutikken v\u00e5r - du kan lese mer om hvordan Shopify bruker personopplysningene dine her: https:\/\/www.shopify.com\/legal\/privacy. Vi bruker ogs\u00e5 Google Analytics for \u00e5 hjelpe oss med \u00e5 forst\u00e5 hvordan kundene v\u00e5re bruker nettstedet - du kan lese mer om hvordan Google bruker personopplysningene dine her: https:\/\/www.google.com\/intl\/en\/policies\/privacy\/. Du kan ogs\u00e5 velge bort Google Analytics her: https:\/\/tools.google.com\/dlpage\/gaoptout.\r\n\r\nTil slutt kan vi ogs\u00e5 dele personopplysningene dine for \u00e5 overholde gjeldende lover og forskrifter, for \u00e5 svare p\u00e5 en stevning, ransakingsordre eller annen lovlig foresp\u00f8rsel om informasjon vi mottar, eller for \u00e5 beskytte v\u00e5re rettigheter p\u00e5 annen m\u00e5te.\r\n<h2>ATFERDSBASERT REKLAME<\/h2>\r\nSom beskrevet ovenfor bruker vi personopplysningene dine til \u00e5 gi deg m\u00e5lrettede annonser eller markedsf\u00f8ringskommunikasjon som vi tror kan v\u00e6re av interesse for deg. Hvis du vil ha mer informasjon om hvordan m\u00e5lrettet annonsering fungerer, kan du g\u00e5 til Network Advertising Initiative's (\"NAI\") oppl\u00e6ringsside p\u00e5 http:\/\/www.networkadvertising.org\/understanding-online-advertising\/how-does-it-work.\r\n\r\nI tillegg kan du velge bort noen av disse tjenestene ved \u00e5 bes\u00f8ke Digital Advertising Alliance's opt-out portal p\u00e5: http:\/\/optout.aboutads.info\/.\r\n<h2>IKKE SPOR<\/h2>\r\nV\u00e6r oppmerksom p\u00e5 at vi ikke endrer nettstedets datainnsamlings- og brukspraksis n\u00e5r vi ser et \"Ikke spor\"-signal fra nettleseren din.\r\n<h2>DINE RETTIGHETER<\/h2>\r\nHvis du er bosatt i Europa, har du rett til \u00e5 f\u00e5 tilgang til personopplysningene vi har om deg, og til \u00e5 be om at personopplysningene dine korrigeres, oppdateres eller slettes. Hvis du \u00f8nsker \u00e5 ut\u00f8ve denne retten, kan du kontakte oss via kontaktinformasjonen nedenfor.\r\n\r\nHvis du er bosatt i Europa, gj\u00f8r vi oppmerksom p\u00e5 at vi behandler opplysningene dine for \u00e5 oppfylle kontrakter vi m\u00e5tte ha med deg (for eksempel hvis du foretar en bestilling via nettstedet), eller p\u00e5 annen m\u00e5te for \u00e5 ivareta v\u00e5re legitime forretningsinteresser som nevnt ovenfor. I tillegg gj\u00f8r vi oppmerksom p\u00e5 at opplysningene dine vil bli overf\u00f8rt utenfor Europa, inkludert til Canada og USA.\r\n<h2>OPPBEVARING AV DATA<\/h2>\r\nN\u00e5r du legger inn en bestilling via nettstedet, vil vi oppbevare bestillingsinformasjonen din i v\u00e5re arkiver med mindre og inntil du ber oss om \u00e5 slette denne informasjonen.\r\n<h2>ENDRINGER<\/h2>\r\nVi kan oppdatere denne personvernerkl\u00e6ringen fra tid til annen, for eksempel for \u00e5 gjenspeile endringer i v\u00e5r praksis eller av andre driftsmessige, juridiske eller regulatoriske \u00e5rsaker.\r\n<h2>KONTAKT OSS<\/h2>\r\nHvis du vil ha mer informasjon om v\u00e5r personvernpraksis, hvis du har sp\u00f8rsm\u00e5l, eller hvis du \u00f8nsker \u00e5 klage, kan du kontakte oss via e-post p\u00e5 contact@petalwhim.com eller per post ved hjelp av opplysningene nedenfor:\r\n\r\nPetal Whim\u2122<br\/>\r\nKarenslyst All\u00e8 53<br\/>Oslo 0279<br\/>Norge<br\/>\r\ncontact@petalwhim.com","protected":false},"excerpt":{"rendered":"Denne personvernerkl\u00e6ringen beskriver hvordan personopplysningene dine samles inn, brukes og deles n\u00e5r du bes\u00f8ker eller kj\u00f8per noe fra (\"Nettstedet\"). PERSONLIG INFORMASJON VI SAMLER INN N\u00e5r du bes\u00f8ker nettstedet, samler vi automatisk inn visse opplysninger om enheten din, inkludert informasjon om nettleseren din, IP-adresse, tidssone og noen av informasjonskapslene som [...].","protected":false},"author":1,"featured_media":0,"parent":0,"menu_order":0,"comment_status":"closed","ping_status":"closed","template":"page-blank-title-center.php","meta":{"footnotes":""},"class_list":["post-23","page","type-page","status-publish","hentry"],"yoast_head":"<!-- This site is optimized with the Yoast SEO plugin v25.9 - https:\/\/yoast.com\/wordpress\/plugins\/seo\/ -->\n<title>Privacy Policy - Petal Whim\u2122<\/title>\n<meta name=\"robots\" content=\"noindex, follow\" \/>\n<meta property=\"og:locale\" content=\"nb_NO\" \/>\n<meta property=\"og:type\" content=\"article\" \/>\n<meta property=\"og:title\" content=\"Privacy Policy - Petal Whim\u2122\" \/>\n<meta property=\"og:description\" content=\"This Privacy Policy describes how your personal information is collected, used,and shared when you visit or make a purchase from (the \u201cSite\u201d). PERSONAL INFORMATION WE COLLECT When you visit the Site, we automatically collect certain information about your device, including information about your web browser, IP address, time zone, and some of the cookies that [...]\" \/>\n<meta property=\"og:url\" content=\"https:\/\/petalwhim.com\/nb\/personvernerklaering-2\/\" \/>\n<meta property=\"og:site_name\" content=\"Petal Whim\u2122\" \/>\n<meta property=\"og:image\" content=\"https:\/\/petalwhim.com\/wp-content\/uploads\/2024\/05\/cropped-Petal-Whim-Favicon.png\" \/>\n\t<meta property=\"og:image:width\" content=\"512\" \/>\n\t<meta property=\"og:image:height\" content=\"512\" \/>\n\t<meta property=\"og:image:type\" content=\"image\/png\" \/>\n<meta name=\"twitter:card\" content=\"summary_large_image\" \/>\n<script type=\"application\/ld+json\" class=\"yoast-schema-graph\">{\"@context\":\"https:\/\/schema.org\",\"@graph\":[{\"@type\":\"WebPage\",\"@id\":\"https:\/\/petalwhim.com\/privacy-policy-2\/\",\"url\":\"https:\/\/petalwhim.com\/privacy-policy-2\/\",\"name\":\"Privacy Policy - Petal Whim\u2122\",\"isPartOf\":{\"@id\":\"https:\/\/petalwhim.com\/#website\"},\"datePublished\":\"2024-04-10T02:26:00+00:00\",\"breadcrumb\":{\"@id\":\"https:\/\/petalwhim.com\/privacy-policy-2\/#breadcrumb\"},\"inLanguage\":\"nb-NO\",\"potentialAction\":[{\"@type\":\"ReadAction\",\"target\":[\"https:\/\/petalwhim.com\/privacy-policy-2\/\"]}]},{\"@type\":\"BreadcrumbList\",\"@id\":\"https:\/\/petalwhim.com\/privacy-policy-2\/#breadcrumb\",\"itemListElement\":[{\"@type\":\"ListItem\",\"position\":1,\"name\":\"Home\",\"item\":\"https:\/\/petalwhim.com\/\"},{\"@type\":\"ListItem\",\"position\":2,\"name\":\"Privacy Policy\"}]},{\"@type\":\"WebSite\",\"@id\":\"https:\/\/petalwhim.com\/#website\",\"url\":\"https:\/\/petalwhim.com\/\",\"name\":\"Petal Whim\u2122\",\"description\":\"Rose in Glass\",\"publisher\":{\"@id\":\"https:\/\/petalwhim.com\/#organization\"},\"potentialAction\":[{\"@type\":\"SearchAction\",\"target\":{\"@type\":\"EntryPoint\",\"urlTemplate\":\"https:\/\/petalwhim.com\/?s={search_term_string}\"},\"query-input\":{\"@type\":\"PropertyValueSpecification\",\"valueRequired\":true,\"valueName\":\"search_term_string\"}}],\"inLanguage\":\"nb-NO\"},{\"@type\":\"Organization\",\"@id\":\"https:\/\/petalwhim.com\/#organization\",\"name\":\"Petal Whim\",\"alternateName\":\"Rose in Glass\",\"url\":\"https:\/\/petalwhim.com\/\",\"logo\":{\"@type\":\"ImageObject\",\"inLanguage\":\"nb-NO\",\"@id\":\"https:\/\/petalwhim.com\/#\/schema\/logo\/image\/\",\"url\":\"https:\/\/petalwhim.com\/wp-content\/uploads\/2024\/05\/cropped-Petal-Whim-Favicon.png\",\"contentUrl\":\"https:\/\/petalwhim.com\/wp-content\/uploads\/2024\/05\/cropped-Petal-Whim-Favicon.png\",\"width\":512,\"height\":512,\"caption\":\"Petal Whim\"},\"image\":{\"@id\":\"https:\/\/petalwhim.com\/#\/schema\/logo\/image\/\"}}]}<\/script>\n<!-- \/ Yoast SEO plugin. -->","yoast_head_json":{"title":"Retningslinjer for personvern - Petal Whim\u2122","robots":{"index":"noindex","follow":"follow"},"og_locale":"nb_NO","og_type":"article","og_title":"Privacy Policy - Petal Whim\u2122","og_description":"This Privacy Policy describes how your personal information is collected, used,and shared when you visit or make a purchase from (the \u201cSite\u201d). PERSONAL INFORMATION WE COLLECT When you visit the Site, we automatically collect certain information about your device, including information about your web browser, IP address, time zone, and some of the cookies that [...]","og_url":"https:\/\/petalwhim.com\/nb\/personvernerklaering-2\/","og_site_name":"Petal Whim\u2122","og_image":[{"width":512,"height":512,"url":"https:\/\/petalwhim.com\/wp-content\/uploads\/2024\/05\/cropped-Petal-Whim-Favicon.png","type":"image\/png"}],"twitter_card":"summary_large_image","schema":{"@context":"https:\/\/schema.org","@graph":[{"@type":"WebPage","@id":"https:\/\/petalwhim.com\/privacy-policy-2\/","url":"https:\/\/petalwhim.com\/privacy-policy-2\/","name":"Retningslinjer for personvern - Petal Whim\u2122","isPartOf":{"@id":"https:\/\/petalwhim.com\/#website"},"datePublished":"2024-04-10T02:26:00+00:00","breadcrumb":{"@id":"https:\/\/petalwhim.com\/privacy-policy-2\/#breadcrumb"},"inLanguage":"nb-NO","potentialAction":[{"@type":"ReadAction","target":["https:\/\/petalwhim.com\/privacy-policy-2\/"]}]},{"@type":"BreadcrumbList","@id":"https:\/\/petalwhim.com\/privacy-policy-2\/#breadcrumb","itemListElement":[{"@type":"ListItem","position":1,"name":"Home","item":"https:\/\/petalwhim.com\/"},{"@type":"ListItem","position":2,"name":"Privacy Policy"}]},{"@type":"WebSite","@id":"https:\/\/petalwhim.com\/#website","url":"https:\/\/petalwhim.com\/","name":"Petal Whim","description":"Rose i glass","publisher":{"@id":"https:\/\/petalwhim.com\/#organization"},"potentialAction":[{"@type":"SearchAction","target":{"@type":"EntryPoint","urlTemplate":"https:\/\/petalwhim.com\/?s={search_term_string}"},"query-input":{"@type":"PropertyValueSpecification","valueRequired":true,"valueName":"search_term_string"}}],"inLanguage":"nb-NO"},{"@type":"Organization","@id":"https:\/\/petalwhim.com\/#organization","name":"Petal Whim","alternateName":"Rose in Glass","url":"https:\/\/petalwhim.com\/","logo":{"@type":"ImageObject","inLanguage":"nb-NO","@id":"https:\/\/petalwhim.com\/#\/schema\/logo\/image\/","url":"https:\/\/petalwhim.com\/wp-content\/uploads\/2024\/05\/cropped-Petal-Whim-Favicon.png","contentUrl":"https:\/\/petalwhim.com\/wp-content\/uploads\/2024\/05\/cropped-Petal-Whim-Favicon.png","width":512,"height":512,"caption":"Petal Whim"},"image":{"@id":"https:\/\/petalwhim.com\/#\/schema\/logo\/image\/"}}]}},"_links":{"self":[{"href":"https:\/\/petalwhim.com\/nb\/wp-json\/wp\/v2\/pages\/23","targetHints":{"allow":["GET"]}}],"collection":[{"href":"https:\/\/petalwhim.com\/nb\/wp-json\/wp\/v2\/pages"}],"about":[{"href":"https:\/\/petalwhim.com\/nb\/wp-json\/wp\/v2\/types\/page"}],"author":[{"embeddable":true,"href":"https:\/\/petalwhim.com\/nb\/wp-json\/wp\/v2\/users\/1"}],"replies":[{"embeddable":true,"href":"https:\/\/petalwhim.com\/nb\/wp-json\/wp\/v2\/comments?post=23"}],"version-history":[{"count":0,"href":"https:\/\/petalwhim.com\/nb\/wp-json\/wp\/v2\/pages\/23\/revisions"}],"wp:attachment":[{"href":"https:\/\/petalwhim.com\/nb\/wp-json\/wp\/v2\/media?parent=23"}],"curies":[{"name":"wp","href":"https:\/\/api.w.org\/{rel}","templated":true}]}}