{"id":93,"date":"2024-04-19T04:57:13","date_gmt":"2024-04-19T04:57:13","guid":{"rendered":"https:\/\/petalwhim.com\/p\/grey-eternal-roses-under-glass-dome\/"},"modified":"2025-07-25T05:16:05","modified_gmt":"2025-07-25T05:16:05","slug":"rose-eterne-grigie-sotto-una-cupola-di-vetro","status":"publish","type":"product","link":"https:\/\/petalwhim.com\/it\/p\/rose-eterne-grigie-sotto-una-cupola-di-vetro\/","title":{"rendered":"<span>Piccole rose eterne <\/span><span class=\"product-title-custom\">Grigio sotto cupola di vetro<\/span>"},"content":{"rendered":"<h2>Piccoli eterni grigi sotto una cloche: una bella cattura!<\/h2><p>Sotto questa cloche si trovano queste splendide <strong>Piccoli rosa eterni grigi<\/strong> e fiori rosa. La campana \u00e8 fissata sulla base nera con un cuore sulla parte superiore. C'\u00e8 anche un fiocco nero con un'iscrizione.<\/p><p>Questi fiori sono di colore grigio. Questo colore non \u00e8 necessariamente negativo, poich\u00e9 ricorda anche <strong>neutralit\u00e0<\/strong>da cui il desiderio di pace. Ecco perch\u00e9 questo colore viene usato qui.<\/p><p>Potete benissimo offrire questa rosa grigia eterna al vostro amore, che dimostrer\u00e0 la vostra <strong>benessere<\/strong> al suo fianco.<\/p>","protected":false},"excerpt":{"rendered":"Sotto questa cloche si trovano questi splendidi piccoli rosa eterni grigi e fiori rosa. La campana \u00e8 fissata sulla base nera con un cuore sulla parte superiore. C'\u00e8 anche un fiocco di nastro nero con un'iscrizione su di esso.Questi fiori sono grigi [...]","protected":false},"featured_media":92,"template":"","meta":[],"product_brand":[],"product_cat":[15,36,35,20],"product_tag":[34],"class_list":{"0":"post-93","1":"product","2":"type-product","3":"status-publish","4":"has-post-thumbnail","6":"product_cat-all-products","7":"product_cat-best-sellers","8":"product_cat-small-forever-rose","9":"product_cat-white-forever-rose","10":"product_tag-small-rose-in-glass","12":"first","13":"instock","14":"shipping-taxable","15":"purchasable","16":"product-type-simple"},"yoast_head":"<!-- This site is optimized with the Yoast SEO plugin v25.9 - https:\/\/yoast.com\/wordpress\/plugins\/seo\/ -->\n<title>Small Eternal Roses Grey under Glass Dome | Italia Florist<\/title>\n<meta name=\"description\" content=\"Celebrate everlasting love with our Small Eternal Roses Grey under Glass Dome .\ud83c\udf39Symbolize your endless affection. Shop now and get a free...\" \/>\n<meta name=\"robots\" content=\"index, follow, max-snippet:-1, max-image-preview:large, max-video-preview:-1\" \/>\n<link rel=\"canonical\" href=\"https:\/\/petalwhim.com\/it\/p\/rose-eterne-grigie-sotto-una-cupola-di-vetro\/\" \/>\n<meta property=\"og:locale\" content=\"it_IT\" \/>\n<meta property=\"og:type\" content=\"article\" \/>\n<meta property=\"og:title\" content=\"Small Eternal Roses Grey under Glass Dome | Italia Florist\" \/>\n<meta property=\"og:description\" content=\"Celebrate everlasting love with our Small Eternal Roses Grey under Glass Dome .\ud83c\udf39Symbolize your endless affection. Shop now and get a free...\" \/>\n<meta property=\"og:url\" content=\"https:\/\/petalwhim.com\/it\/p\/rose-eterne-grigie-sotto-una-cupola-di-vetro\/\" \/>\n<meta property=\"og:site_name\" content=\"Petal Whim\u2122\" \/>\n<meta property=\"article:modified_time\" content=\"2025-07-25T05:16:05+00:00\" \/>\n<meta property=\"og:image\" content=\"https:\/\/petalwhim.com\/wp-content\/uploads\/2024\/04\/product-image-1594224954.jpg\" \/>\n\t<meta property=\"og:image:width\" content=\"640\" \/>\n\t<meta property=\"og:image:height\" content=\"640\" \/>\n\t<meta property=\"og:image:type\" content=\"image\/jpeg\" \/>\n<meta name=\"twitter:card\" content=\"summary_large_image\" \/>\n<meta name=\"twitter:label1\" content=\"Tempo di lettura stimato\" \/>\n\t<meta name=\"twitter:data1\" content=\"1 minuto\" \/>\n<script type=\"application\/ld+json\" class=\"yoast-schema-graph\">{\"@context\":\"https:\/\/schema.org\",\"@graph\":[{\"@type\":\"WebPage\",\"@id\":\"https:\/\/petalwhim.com\/p\/grey-eternal-roses-under-glass-dome\/\",\"url\":\"https:\/\/petalwhim.com\/p\/grey-eternal-roses-under-glass-dome\/\",\"name\":\"Small Eternal Roses Grey under Glass Dome | Italia Florist\",\"isPartOf\":{\"@id\":\"https:\/\/petalwhim.com\/#website\"},\"primaryImageOfPage\":{\"@id\":\"https:\/\/petalwhim.com\/p\/grey-eternal-roses-under-glass-dome\/#primaryimage\"},\"image\":{\"@id\":\"https:\/\/petalwhim.com\/p\/grey-eternal-roses-under-glass-dome\/#primaryimage\"},\"thumbnailUrl\":\"https:\/\/petalwhim.com\/wp-content\/uploads\/2024\/04\/product-image-1594224954.jpg\",\"datePublished\":\"2024-04-19T04:57:13+00:00\",\"dateModified\":\"2025-07-25T05:16:05+00:00\",\"description\":\"Celebrate everlasting love with our Small Eternal Roses Grey under Glass Dome .\ud83c\udf39Symbolize your endless affection. Shop now and get a free...\",\"breadcrumb\":{\"@id\":\"https:\/\/petalwhim.com\/p\/grey-eternal-roses-under-glass-dome\/#breadcrumb\"},\"inLanguage\":\"it-IT\",\"potentialAction\":[{\"@type\":\"ReadAction\",\"target\":[\"https:\/\/petalwhim.com\/p\/grey-eternal-roses-under-glass-dome\/\"]}]},{\"@type\":\"ImageObject\",\"inLanguage\":\"it-IT\",\"@id\":\"https:\/\/petalwhim.com\/p\/grey-eternal-roses-under-glass-dome\/#primaryimage\",\"url\":\"https:\/\/petalwhim.com\/wp-content\/uploads\/2024\/04\/product-image-1594224954.jpg\",\"contentUrl\":\"https:\/\/petalwhim.com\/wp-content\/uploads\/2024\/04\/product-image-1594224954.jpg\",\"width\":640,\"height\":640,\"caption\":\"Small Eternal Roses Grey under Glass Dome\"},{\"@type\":\"BreadcrumbList\",\"@id\":\"https:\/\/petalwhim.com\/p\/grey-eternal-roses-under-glass-dome\/#breadcrumb\",\"itemListElement\":[{\"@type\":\"ListItem\",\"position\":1,\"name\":\"Home\",\"item\":\"https:\/\/petalwhim.com\/\"},{\"@type\":\"ListItem\",\"position\":2,\"name\":\"Shop\",\"item\":\"https:\/\/petalwhim.com\/shop\/\"},{\"@type\":\"ListItem\",\"position\":3,\"name\":\"Small Eternal Roses Grey under Glass Dome\"}]},{\"@type\":\"WebSite\",\"@id\":\"https:\/\/petalwhim.com\/#website\",\"url\":\"https:\/\/petalwhim.com\/\",\"name\":\"Petal Whim\u2122\",\"description\":\"Rose in Glass\",\"publisher\":{\"@id\":\"https:\/\/petalwhim.com\/#organization\"},\"potentialAction\":[{\"@type\":\"SearchAction\",\"target\":{\"@type\":\"EntryPoint\",\"urlTemplate\":\"https:\/\/petalwhim.com\/?s={search_term_string}\"},\"query-input\":{\"@type\":\"PropertyValueSpecification\",\"valueRequired\":true,\"valueName\":\"search_term_string\"}}],\"inLanguage\":\"it-IT\"},{\"@type\":\"Organization\",\"@id\":\"https:\/\/petalwhim.com\/#organization\",\"name\":\"Petal Whim\",\"alternateName\":\"Rose in Glass\",\"url\":\"https:\/\/petalwhim.com\/\",\"logo\":{\"@type\":\"ImageObject\",\"inLanguage\":\"it-IT\",\"@id\":\"https:\/\/petalwhim.com\/#\/schema\/logo\/image\/\",\"url\":\"https:\/\/petalwhim.com\/wp-content\/uploads\/2024\/05\/cropped-Petal-Whim-Favicon.png\",\"contentUrl\":\"https:\/\/petalwhim.com\/wp-content\/uploads\/2024\/05\/cropped-Petal-Whim-Favicon.png\",\"width\":512,\"height\":512,\"caption\":\"Petal Whim\"},\"image\":{\"@id\":\"https:\/\/petalwhim.com\/#\/schema\/logo\/image\/\"}}]}<\/script>\n<!-- \/ Yoast SEO plugin. -->","yoast_head_json":{"title":"Piccole rose eterne grigie sotto cupola di vetro | Italia Florist","description":"Celebrate l'amore eterno con le nostre piccole rose eterne grigie sotto la cupola di vetro \ud83c\udf39Simboleggiate il vostro affetto senza fine. Acquistate ora e riceverete un...","robots":{"index":"index","follow":"follow","max-snippet":"max-snippet:-1","max-image-preview":"max-image-preview:large","max-video-preview":"max-video-preview:-1"},"canonical":"https:\/\/petalwhim.com\/it\/p\/rose-eterne-grigie-sotto-una-cupola-di-vetro\/","og_locale":"it_IT","og_type":"article","og_title":"Small Eternal Roses Grey under Glass Dome | Italia Florist","og_description":"Celebrate everlasting love with our Small Eternal Roses Grey under Glass Dome .\ud83c\udf39Symbolize your endless affection. Shop now and get a free...","og_url":"https:\/\/petalwhim.com\/it\/p\/rose-eterne-grigie-sotto-una-cupola-di-vetro\/","og_site_name":"Petal Whim\u2122","article_modified_time":"2025-07-25T05:16:05+00:00","og_image":[{"width":640,"height":640,"url":"https:\/\/petalwhim.com\/wp-content\/uploads\/2024\/04\/product-image-1594224954.jpg","type":"image\/jpeg"}],"twitter_card":"summary_large_image","twitter_misc":{"Tempo di lettura stimato":"1 minuto"},"schema":{"@context":"https:\/\/schema.org","@graph":[{"@type":"WebPage","@id":"https:\/\/petalwhim.com\/p\/grey-eternal-roses-under-glass-dome\/","url":"https:\/\/petalwhim.com\/p\/grey-eternal-roses-under-glass-dome\/","name":"Piccole rose eterne grigie sotto cupola di vetro | Italia Florist","isPartOf":{"@id":"https:\/\/petalwhim.com\/#website"},"primaryImageOfPage":{"@id":"https:\/\/petalwhim.com\/p\/grey-eternal-roses-under-glass-dome\/#primaryimage"},"image":{"@id":"https:\/\/petalwhim.com\/p\/grey-eternal-roses-under-glass-dome\/#primaryimage"},"thumbnailUrl":"https:\/\/petalwhim.com\/wp-content\/uploads\/2024\/04\/product-image-1594224954.jpg","datePublished":"2024-04-19T04:57:13+00:00","dateModified":"2025-07-25T05:16:05+00:00","description":"Celebrate l'amore eterno con le nostre piccole rose eterne grigie sotto la cupola di vetro \ud83c\udf39Simboleggiate il vostro affetto senza fine. Acquistate ora e riceverete un...","breadcrumb":{"@id":"https:\/\/petalwhim.com\/p\/grey-eternal-roses-under-glass-dome\/#breadcrumb"},"inLanguage":"it-IT","potentialAction":[{"@type":"ReadAction","target":["https:\/\/petalwhim.com\/p\/grey-eternal-roses-under-glass-dome\/"]}]},{"@type":"ImageObject","inLanguage":"it-IT","@id":"https:\/\/petalwhim.com\/p\/grey-eternal-roses-under-glass-dome\/#primaryimage","url":"https:\/\/petalwhim.com\/wp-content\/uploads\/2024\/04\/product-image-1594224954.jpg","contentUrl":"https:\/\/petalwhim.com\/wp-content\/uploads\/2024\/04\/product-image-1594224954.jpg","width":640,"height":640,"caption":"Small Eternal Roses Grey under Glass Dome"},{"@type":"BreadcrumbList","@id":"https:\/\/petalwhim.com\/p\/grey-eternal-roses-under-glass-dome\/#breadcrumb","itemListElement":[{"@type":"ListItem","position":1,"name":"Home","item":"https:\/\/petalwhim.com\/"},{"@type":"ListItem","position":2,"name":"Shop","item":"https:\/\/petalwhim.com\/shop\/"},{"@type":"ListItem","position":3,"name":"Small Eternal Roses Grey under Glass Dome"}]},{"@type":"WebSite","@id":"https:\/\/petalwhim.com\/#website","url":"https:\/\/petalwhim.com\/","name":"Capriccio di petali","description":"Rosa in vetro","publisher":{"@id":"https:\/\/petalwhim.com\/#organization"},"potentialAction":[{"@type":"SearchAction","target":{"@type":"EntryPoint","urlTemplate":"https:\/\/petalwhim.com\/?s={search_term_string}"},"query-input":{"@type":"PropertyValueSpecification","valueRequired":true,"valueName":"search_term_string"}}],"inLanguage":"it-IT"},{"@type":"Organization","@id":"https:\/\/petalwhim.com\/#organization","name":"Capriccio dei petali","alternateName":"Rose in Glass","url":"https:\/\/petalwhim.com\/","logo":{"@type":"ImageObject","inLanguage":"it-IT","@id":"https:\/\/petalwhim.com\/#\/schema\/logo\/image\/","url":"https:\/\/petalwhim.com\/wp-content\/uploads\/2024\/05\/cropped-Petal-Whim-Favicon.png","contentUrl":"https:\/\/petalwhim.com\/wp-content\/uploads\/2024\/05\/cropped-Petal-Whim-Favicon.png","width":512,"height":512,"caption":"Petal Whim"},"image":{"@id":"https:\/\/petalwhim.com\/#\/schema\/logo\/image\/"}}]}},"_links":{"self":[{"href":"https:\/\/petalwhim.com\/it\/wp-json\/wp\/v2\/product\/93","targetHints":{"allow":["GET"]}}],"collection":[{"href":"https:\/\/petalwhim.com\/it\/wp-json\/wp\/v2\/product"}],"about":[{"href":"https:\/\/petalwhim.com\/it\/wp-json\/wp\/v2\/types\/product"}],"wp:featuredmedia":[{"embeddable":true,"href":"https:\/\/petalwhim.com\/it\/wp-json\/wp\/v2\/media\/92"}],"wp:attachment":[{"href":"https:\/\/petalwhim.com\/it\/wp-json\/wp\/v2\/media?parent=93"}],"wp:term":[{"taxonomy":"product_brand","embeddable":true,"href":"https:\/\/petalwhim.com\/it\/wp-json\/wp\/v2\/product_brand?post=93"},{"taxonomy":"product_cat","embeddable":true,"href":"https:\/\/petalwhim.com\/it\/wp-json\/wp\/v2\/product_cat?post=93"},{"taxonomy":"product_tag","embeddable":true,"href":"https:\/\/petalwhim.com\/it\/wp-json\/wp\/v2\/product_tag?post=93"}],"curies":[{"name":"wp","href":"https:\/\/api.w.org\/{rel}","templated":true}]}}