{"id":141,"date":"2024-04-19T04:58:23","date_gmt":"2024-04-19T04:58:23","guid":{"rendered":"https:\/\/petalwhim.com\/p\/eternal-white-rose-under-glass-dome\/"},"modified":"2025-07-25T05:16:04","modified_gmt":"2025-07-25T05:16:04","slug":"rosa-bianca-eterna-sotto-cupola-di-vetro","status":"publish","type":"product","link":"https:\/\/petalwhim.com\/it\/p\/rosa-bianca-eterna-sotto-cupola-di-vetro\/","title":{"rendered":"<span>Rosa bianca eterna <\/span><span class=\"product-title-custom\">Cupola sotto vetro<\/span>"},"content":{"rendered":"<h2>Desiderate esprimere purezza o simboleggiare la pace? La rosa bianca eterna sotto cloche \u00e8 quella che fa per voi. <\/h2><p><br>Innegabilmente riconosciuta come una delle pi\u00f9 belle, la rosa bianca \u00e8 una magnifica composizione floreale.<br><br> <strong>Quando posso offrirlo?<\/strong> <br><br>Potete offrirlo in molte occasioni:<br><br>-in occasione di un battesimo o di un matrimonio per il suo simbolo di purezza;<br>-ad una riconciliazione, per segnalare che \u00e8 arrivato il momento di voltare pagina e dimenticare il passato;<br>-Quando si vuole lasciare un segno di rispetto per una persona cara come segno di sincerit\u00e0, eleganza.<br><br> <strong>La sua durata \u00e8 effimera? <\/strong> <br><br>Come il sentimento che desiderate esprimere, la rosa bianca eterna durer\u00e0 per anni e sar\u00e0 la prova del sentimento che vi muove.<br><br><\/p>","protected":false},"excerpt":{"rendered":"Desiderate esprimere purezza o simboleggiare la pace? La rosa bianca eterna sotto cloche \u00e8 quella che fa per voi. Innegabilmente riconosciuta come una delle pi\u00f9 belle, la rosa bianca \u00e8 una magnifica composizione floreale. Quando posso offrirla? Si pu\u00f2 offrire in molte occasioni: in occasione di un battesimo o di un matrimonio per il suo simbolo di [...]","protected":false},"featured_media":140,"template":"","meta":[],"product_brand":[],"product_cat":[15,36,20],"product_tag":[33],"class_list":{"0":"post-141","1":"product","2":"type-product","3":"status-publish","4":"has-post-thumbnail","6":"product_cat-all-products","7":"product_cat-best-sellers","8":"product_cat-white-forever-rose","9":"product_tag-rose-in-glass-dome","11":"first","12":"instock","13":"sale","14":"shipping-taxable","15":"purchasable","16":"product-type-simple"},"yoast_head":"<!-- This site is optimized with the Yoast SEO plugin v25.9 - https:\/\/yoast.com\/wordpress\/plugins\/seo\/ -->\n<title>Eternal White Rose Under Glass Dome | Italia Florist<\/title>\n<meta name=\"description\" content=\"Celebrate everlasting love with our Eternal White Rose Under Glass Dome .\ud83c\udf39Symbolize your endless affection. Shop now and get a free...\" \/>\n<meta name=\"robots\" content=\"index, follow, max-snippet:-1, max-image-preview:large, max-video-preview:-1\" \/>\n<link rel=\"canonical\" href=\"https:\/\/petalwhim.com\/it\/p\/rosa-bianca-eterna-sotto-cupola-di-vetro\/\" \/>\n<meta property=\"og:locale\" content=\"it_IT\" \/>\n<meta property=\"og:type\" content=\"article\" \/>\n<meta property=\"og:title\" content=\"Eternal White Rose Under Glass Dome | Italia Florist\" \/>\n<meta property=\"og:description\" content=\"Celebrate everlasting love with our Eternal White Rose Under Glass Dome .\ud83c\udf39Symbolize your endless affection. Shop now and get a free...\" \/>\n<meta property=\"og:url\" content=\"https:\/\/petalwhim.com\/it\/p\/rosa-bianca-eterna-sotto-cupola-di-vetro\/\" \/>\n<meta property=\"og:site_name\" content=\"Petal Whim\u2122\" \/>\n<meta property=\"article:modified_time\" content=\"2025-07-25T05:16:04+00:00\" \/>\n<meta property=\"og:image\" content=\"https:\/\/petalwhim.com\/wp-content\/uploads\/2024\/04\/product-image-1588572238.jpg\" \/>\n\t<meta property=\"og:image:width\" content=\"640\" \/>\n\t<meta property=\"og:image:height\" content=\"640\" \/>\n\t<meta property=\"og:image:type\" content=\"image\/jpeg\" \/>\n<meta name=\"twitter:card\" content=\"summary_large_image\" \/>\n<meta name=\"twitter:label1\" content=\"Tempo di lettura stimato\" \/>\n\t<meta name=\"twitter:data1\" content=\"1 minuto\" \/>\n<script type=\"application\/ld+json\" class=\"yoast-schema-graph\">{\"@context\":\"https:\/\/schema.org\",\"@graph\":[{\"@type\":\"WebPage\",\"@id\":\"https:\/\/petalwhim.com\/p\/eternal-white-rose-under-glass-dome\/\",\"url\":\"https:\/\/petalwhim.com\/p\/eternal-white-rose-under-glass-dome\/\",\"name\":\"Eternal White Rose Under Glass Dome | Italia Florist\",\"isPartOf\":{\"@id\":\"https:\/\/petalwhim.com\/#website\"},\"primaryImageOfPage\":{\"@id\":\"https:\/\/petalwhim.com\/p\/eternal-white-rose-under-glass-dome\/#primaryimage\"},\"image\":{\"@id\":\"https:\/\/petalwhim.com\/p\/eternal-white-rose-under-glass-dome\/#primaryimage\"},\"thumbnailUrl\":\"https:\/\/petalwhim.com\/wp-content\/uploads\/2024\/04\/product-image-1588572238.jpg\",\"datePublished\":\"2024-04-19T04:58:23+00:00\",\"dateModified\":\"2025-07-25T05:16:04+00:00\",\"description\":\"Celebrate everlasting love with our Eternal White Rose Under Glass Dome .\ud83c\udf39Symbolize your endless affection. Shop now and get a free...\",\"breadcrumb\":{\"@id\":\"https:\/\/petalwhim.com\/p\/eternal-white-rose-under-glass-dome\/#breadcrumb\"},\"inLanguage\":\"it-IT\",\"potentialAction\":[{\"@type\":\"ReadAction\",\"target\":[\"https:\/\/petalwhim.com\/p\/eternal-white-rose-under-glass-dome\/\"]}]},{\"@type\":\"ImageObject\",\"inLanguage\":\"it-IT\",\"@id\":\"https:\/\/petalwhim.com\/p\/eternal-white-rose-under-glass-dome\/#primaryimage\",\"url\":\"https:\/\/petalwhim.com\/wp-content\/uploads\/2024\/04\/product-image-1588572238.jpg\",\"contentUrl\":\"https:\/\/petalwhim.com\/wp-content\/uploads\/2024\/04\/product-image-1588572238.jpg\",\"width\":640,\"height\":640,\"caption\":\"Eternal White Rose Under Glass Dome\"},{\"@type\":\"BreadcrumbList\",\"@id\":\"https:\/\/petalwhim.com\/p\/eternal-white-rose-under-glass-dome\/#breadcrumb\",\"itemListElement\":[{\"@type\":\"ListItem\",\"position\":1,\"name\":\"Home\",\"item\":\"https:\/\/petalwhim.com\/\"},{\"@type\":\"ListItem\",\"position\":2,\"name\":\"Shop\",\"item\":\"https:\/\/petalwhim.com\/shop\/\"},{\"@type\":\"ListItem\",\"position\":3,\"name\":\"Eternal White Rose Under Glass Dome\"}]},{\"@type\":\"WebSite\",\"@id\":\"https:\/\/petalwhim.com\/#website\",\"url\":\"https:\/\/petalwhim.com\/\",\"name\":\"Petal Whim\u2122\",\"description\":\"Rose in Glass\",\"publisher\":{\"@id\":\"https:\/\/petalwhim.com\/#organization\"},\"potentialAction\":[{\"@type\":\"SearchAction\",\"target\":{\"@type\":\"EntryPoint\",\"urlTemplate\":\"https:\/\/petalwhim.com\/?s={search_term_string}\"},\"query-input\":{\"@type\":\"PropertyValueSpecification\",\"valueRequired\":true,\"valueName\":\"search_term_string\"}}],\"inLanguage\":\"it-IT\"},{\"@type\":\"Organization\",\"@id\":\"https:\/\/petalwhim.com\/#organization\",\"name\":\"Petal Whim\",\"alternateName\":\"Rose in Glass\",\"url\":\"https:\/\/petalwhim.com\/\",\"logo\":{\"@type\":\"ImageObject\",\"inLanguage\":\"it-IT\",\"@id\":\"https:\/\/petalwhim.com\/#\/schema\/logo\/image\/\",\"url\":\"https:\/\/petalwhim.com\/wp-content\/uploads\/2024\/05\/cropped-Petal-Whim-Favicon.png\",\"contentUrl\":\"https:\/\/petalwhim.com\/wp-content\/uploads\/2024\/05\/cropped-Petal-Whim-Favicon.png\",\"width\":512,\"height\":512,\"caption\":\"Petal Whim\"},\"image\":{\"@id\":\"https:\/\/petalwhim.com\/#\/schema\/logo\/image\/\"}}]}<\/script>\n<!-- \/ Yoast SEO plugin. -->","yoast_head_json":{"title":"Rosa bianca eterna sotto cupola di vetro | Italia Florist","description":"Celebrate l'amore eterno con la nostra Rosa Bianca Eterna sotto cupola di vetro \ud83c\udf39Simboleggiate il vostro affetto senza fine. Acquistate ora e riceverete un...","robots":{"index":"index","follow":"follow","max-snippet":"max-snippet:-1","max-image-preview":"max-image-preview:large","max-video-preview":"max-video-preview:-1"},"canonical":"https:\/\/petalwhim.com\/it\/p\/rosa-bianca-eterna-sotto-cupola-di-vetro\/","og_locale":"it_IT","og_type":"article","og_title":"Eternal White Rose Under Glass Dome | Italia Florist","og_description":"Celebrate everlasting love with our Eternal White Rose Under Glass Dome .\ud83c\udf39Symbolize your endless affection. Shop now and get a free...","og_url":"https:\/\/petalwhim.com\/it\/p\/rosa-bianca-eterna-sotto-cupola-di-vetro\/","og_site_name":"Petal Whim\u2122","article_modified_time":"2025-07-25T05:16:04+00:00","og_image":[{"width":640,"height":640,"url":"https:\/\/petalwhim.com\/wp-content\/uploads\/2024\/04\/product-image-1588572238.jpg","type":"image\/jpeg"}],"twitter_card":"summary_large_image","twitter_misc":{"Tempo di lettura stimato":"1 minuto"},"schema":{"@context":"https:\/\/schema.org","@graph":[{"@type":"WebPage","@id":"https:\/\/petalwhim.com\/p\/eternal-white-rose-under-glass-dome\/","url":"https:\/\/petalwhim.com\/p\/eternal-white-rose-under-glass-dome\/","name":"Rosa bianca eterna sotto cupola di vetro | Italia Florist","isPartOf":{"@id":"https:\/\/petalwhim.com\/#website"},"primaryImageOfPage":{"@id":"https:\/\/petalwhim.com\/p\/eternal-white-rose-under-glass-dome\/#primaryimage"},"image":{"@id":"https:\/\/petalwhim.com\/p\/eternal-white-rose-under-glass-dome\/#primaryimage"},"thumbnailUrl":"https:\/\/petalwhim.com\/wp-content\/uploads\/2024\/04\/product-image-1588572238.jpg","datePublished":"2024-04-19T04:58:23+00:00","dateModified":"2025-07-25T05:16:04+00:00","description":"Celebrate l'amore eterno con la nostra Rosa Bianca Eterna sotto cupola di vetro \ud83c\udf39Simboleggiate il vostro affetto senza fine. Acquistate ora e riceverete un...","breadcrumb":{"@id":"https:\/\/petalwhim.com\/p\/eternal-white-rose-under-glass-dome\/#breadcrumb"},"inLanguage":"it-IT","potentialAction":[{"@type":"ReadAction","target":["https:\/\/petalwhim.com\/p\/eternal-white-rose-under-glass-dome\/"]}]},{"@type":"ImageObject","inLanguage":"it-IT","@id":"https:\/\/petalwhim.com\/p\/eternal-white-rose-under-glass-dome\/#primaryimage","url":"https:\/\/petalwhim.com\/wp-content\/uploads\/2024\/04\/product-image-1588572238.jpg","contentUrl":"https:\/\/petalwhim.com\/wp-content\/uploads\/2024\/04\/product-image-1588572238.jpg","width":640,"height":640,"caption":"Eternal White Rose Under Glass Dome"},{"@type":"BreadcrumbList","@id":"https:\/\/petalwhim.com\/p\/eternal-white-rose-under-glass-dome\/#breadcrumb","itemListElement":[{"@type":"ListItem","position":1,"name":"Home","item":"https:\/\/petalwhim.com\/"},{"@type":"ListItem","position":2,"name":"Shop","item":"https:\/\/petalwhim.com\/shop\/"},{"@type":"ListItem","position":3,"name":"Eternal White Rose Under Glass Dome"}]},{"@type":"WebSite","@id":"https:\/\/petalwhim.com\/#website","url":"https:\/\/petalwhim.com\/","name":"Capriccio di petali","description":"Rosa in vetro","publisher":{"@id":"https:\/\/petalwhim.com\/#organization"},"potentialAction":[{"@type":"SearchAction","target":{"@type":"EntryPoint","urlTemplate":"https:\/\/petalwhim.com\/?s={search_term_string}"},"query-input":{"@type":"PropertyValueSpecification","valueRequired":true,"valueName":"search_term_string"}}],"inLanguage":"it-IT"},{"@type":"Organization","@id":"https:\/\/petalwhim.com\/#organization","name":"Capriccio dei petali","alternateName":"Rose in Glass","url":"https:\/\/petalwhim.com\/","logo":{"@type":"ImageObject","inLanguage":"it-IT","@id":"https:\/\/petalwhim.com\/#\/schema\/logo\/image\/","url":"https:\/\/petalwhim.com\/wp-content\/uploads\/2024\/05\/cropped-Petal-Whim-Favicon.png","contentUrl":"https:\/\/petalwhim.com\/wp-content\/uploads\/2024\/05\/cropped-Petal-Whim-Favicon.png","width":512,"height":512,"caption":"Petal Whim"},"image":{"@id":"https:\/\/petalwhim.com\/#\/schema\/logo\/image\/"}}]}},"_links":{"self":[{"href":"https:\/\/petalwhim.com\/it\/wp-json\/wp\/v2\/product\/141","targetHints":{"allow":["GET"]}}],"collection":[{"href":"https:\/\/petalwhim.com\/it\/wp-json\/wp\/v2\/product"}],"about":[{"href":"https:\/\/petalwhim.com\/it\/wp-json\/wp\/v2\/types\/product"}],"wp:featuredmedia":[{"embeddable":true,"href":"https:\/\/petalwhim.com\/it\/wp-json\/wp\/v2\/media\/140"}],"wp:attachment":[{"href":"https:\/\/petalwhim.com\/it\/wp-json\/wp\/v2\/media?parent=141"}],"wp:term":[{"taxonomy":"product_brand","embeddable":true,"href":"https:\/\/petalwhim.com\/it\/wp-json\/wp\/v2\/product_brand?post=141"},{"taxonomy":"product_cat","embeddable":true,"href":"https:\/\/petalwhim.com\/it\/wp-json\/wp\/v2\/product_cat?post=141"},{"taxonomy":"product_tag","embeddable":true,"href":"https:\/\/petalwhim.com\/it\/wp-json\/wp\/v2\/product_tag?post=141"}],"curies":[{"name":"wp","href":"https:\/\/api.w.org\/{rel}","templated":true}]}}