{"id":71,"date":"2024-04-19T04:56:21","date_gmt":"2024-04-19T04:56:21","guid":{"rendered":"https:\/\/petalwhim.com\/p\/enchanted-eternal-rose\/"},"modified":"2025-07-25T05:16:06","modified_gmt":"2025-07-25T05:16:06","slug":"elvarazsolt-orok-rozsa","status":"publish","type":"product","link":"https:\/\/petalwhim.com\/hu\/p\/elvarazsolt-orok-rozsa\/","title":{"rendered":"<span>\u00d6r\u00f6k r\u00f3zsa <\/span><span class=\"product-title-custom\">Elvar\u00e1zsolt<\/span>"},"content":{"rendered":"<h2>Elvar\u00e1zsolt \u00f6r\u00f6k k\u00e9k r\u00f3zsa, hogy megvalld gyeng\u00e9ds\u00e9ged egy titokzatos vagy t\u00e1voli szem\u00e9lynek.<\/h2><p>Aj\u00e1nlja ezt a finom <strong>\u00f6r\u00f6k r\u00f3zsa<\/strong> korl\u00e1toz\u00e1s n\u00e9lk\u00fcl a v\u00e9d\u0151\u00fcveg alatt. Fekete fa talapzat\u00e1ban tartott sz\u00e1rra van szerelve, \u00e9s egy finom <strong>LED izz\u00f3k \u00fatmutat\u00f3ja<\/strong> amely megvil\u00e1g\u00edtja az arc\u00e1t.<\/p><p>Ez az eleg\u00e1ns <strong>vil\u00e1gosk\u00e9k r\u00f3zsa<\/strong> olyasvalakinek aj\u00e1nlj\u00e1k, akit a titokzatoss\u00e1g aur\u00e1ja vesz k\u00f6r\u00fcl, ami megk\u00f6zel\u00edthetetlenn\u00e9 teszi; egy olyan szem\u00e9lyt szimboliz\u00e1l, akit a titokzatoss\u00e1g aur\u00e1ja vesz k\u00f6r\u00fcl. <strong>be nem vallott gyeng\u00e9ds\u00e9g<\/strong> \u00e9s az elv\u00e1r\u00e1sokat k\u00e9pviseli egy kapcsolatban.<br><br> A <strong>elvar\u00e1zsolt \u00f6r\u00f6k vil\u00e1gosk\u00e9k r\u00f3zsa<\/strong> minden alkalomra, sz\u00fclet\u00e9snapra, k\u00fcl\u00f6nb\u00f6z\u0151 \u00fcnnepekre adhat\u00f3; t\u00f6k\u00e9letes aj\u00e1nd\u00e9k egy tan\u00e1r nyugd\u00edjaz\u00e1s\u00e1nak meg\u00fcnnepl\u00e9s\u00e9re vagy iskola\u00e9v v\u00e9gi aj\u00e1nd\u00e9kk\u00e9nt.  <\/p>","protected":false},"excerpt":{"rendered":"Elvar\u00e1zsolt \u00f6r\u00f6kk\u00e9val\u00f3 k\u00e9k r\u00f3zsa, hogy megvallja gyeng\u00e9ds\u00e9g\u00e9t egy titokzatos vagy t\u00e1voli szem\u00e9lynekAz \u00fcveg alatt l\u00e9v\u0151 v\u00e9d\u0151\u00fcveg alatt visszafogotts\u00e1g n\u00e9lk\u00fcl k\u00edn\u00e1lja ezt a finom \u00f6r\u00f6kk\u00e9val\u00f3 r\u00f3zs\u00e1t. Fekete fa talapzat\u00e1ban tartott sz\u00e1rra van szerelve, \u00e9s egy finom LED izz\u00f3kb\u00f3l \u00e1ll\u00f3 guirlande veszi k\u00f6r\u00fcl, amely megvil\u00e1g\u00edtja az arc\u00e1t.Ez az eleg\u00e1ns vil\u00e1gosk\u00e9k r\u00f3zsa [...]","protected":false},"featured_media":70,"template":"","meta":[],"product_brand":[],"product_cat":[15,36,24],"product_tag":[33],"class_list":{"0":"post-71","1":"product","2":"type-product","3":"status-publish","4":"has-post-thumbnail","6":"product_cat-all-products","7":"product_cat-best-sellers","8":"product_cat-galactic-diamond-rose","9":"product_tag-rose-in-glass-dome","11":"first","12":"instock","13":"shipping-taxable","14":"purchasable","15":"product-type-simple"},"yoast_head":"<!-- This site is optimized with the Yoast SEO plugin v25.9 - https:\/\/yoast.com\/wordpress\/plugins\/seo\/ -->\n<title>Eternal Rose Enchanted | Magyarorsz\u00e1g Florist<\/title>\n<meta name=\"description\" content=\"Celebrate everlasting love with our Eternal Rose Enchanted .\ud83c\udf39Symbolize your endless affection. Shop now and get a free...\" \/>\n<meta name=\"robots\" content=\"index, follow, max-snippet:-1, max-image-preview:large, max-video-preview:-1\" \/>\n<link rel=\"canonical\" href=\"https:\/\/petalwhim.com\/hu\/p\/elvarazsolt-orok-rozsa\/\" \/>\n<meta property=\"og:locale\" content=\"hu_HU\" \/>\n<meta property=\"og:type\" content=\"article\" \/>\n<meta property=\"og:title\" content=\"Eternal Rose Enchanted | Magyarorsz\u00e1g Florist\" \/>\n<meta property=\"og:description\" content=\"Celebrate everlasting love with our Eternal Rose Enchanted .\ud83c\udf39Symbolize your endless affection. Shop now and get a free...\" \/>\n<meta property=\"og:url\" content=\"https:\/\/petalwhim.com\/hu\/p\/elvarazsolt-orok-rozsa\/\" \/>\n<meta property=\"og:site_name\" content=\"Petal Whim\u2122\" \/>\n<meta property=\"article:modified_time\" content=\"2025-07-25T05:16:06+00:00\" \/>\n<meta property=\"og:image\" content=\"https:\/\/petalwhim.com\/wp-content\/uploads\/2024\/04\/product-image-1494965199.jpg\" \/>\n\t<meta property=\"og:image:width\" content=\"640\" \/>\n\t<meta property=\"og:image:height\" content=\"640\" \/>\n\t<meta property=\"og:image:type\" content=\"image\/jpeg\" \/>\n<meta name=\"twitter:card\" content=\"summary_large_image\" \/>\n<meta name=\"twitter:label1\" content=\"Becs\u00fclt olvas\u00e1si id\u0151\" \/>\n\t<meta name=\"twitter:data1\" content=\"1 perc\" \/>\n<script type=\"application\/ld+json\" class=\"yoast-schema-graph\">{\"@context\":\"https:\/\/schema.org\",\"@graph\":[{\"@type\":\"WebPage\",\"@id\":\"https:\/\/petalwhim.com\/p\/enchanted-eternal-rose\/\",\"url\":\"https:\/\/petalwhim.com\/p\/enchanted-eternal-rose\/\",\"name\":\"Eternal Rose Enchanted | Magyarorsz\u00e1g Florist\",\"isPartOf\":{\"@id\":\"https:\/\/petalwhim.com\/#website\"},\"primaryImageOfPage\":{\"@id\":\"https:\/\/petalwhim.com\/p\/enchanted-eternal-rose\/#primaryimage\"},\"image\":{\"@id\":\"https:\/\/petalwhim.com\/p\/enchanted-eternal-rose\/#primaryimage\"},\"thumbnailUrl\":\"https:\/\/petalwhim.com\/wp-content\/uploads\/2024\/04\/product-image-1494965199.jpg\",\"datePublished\":\"2024-04-19T04:56:21+00:00\",\"dateModified\":\"2025-07-25T05:16:06+00:00\",\"description\":\"Celebrate everlasting love with our Eternal Rose Enchanted .\ud83c\udf39Symbolize your endless affection. Shop now and get a free...\",\"breadcrumb\":{\"@id\":\"https:\/\/petalwhim.com\/p\/enchanted-eternal-rose\/#breadcrumb\"},\"inLanguage\":\"hu\",\"potentialAction\":[{\"@type\":\"ReadAction\",\"target\":[\"https:\/\/petalwhim.com\/p\/enchanted-eternal-rose\/\"]}]},{\"@type\":\"ImageObject\",\"inLanguage\":\"hu\",\"@id\":\"https:\/\/petalwhim.com\/p\/enchanted-eternal-rose\/#primaryimage\",\"url\":\"https:\/\/petalwhim.com\/wp-content\/uploads\/2024\/04\/product-image-1494965199.jpg\",\"contentUrl\":\"https:\/\/petalwhim.com\/wp-content\/uploads\/2024\/04\/product-image-1494965199.jpg\",\"width\":640,\"height\":640,\"caption\":\"Eternal Rose Enchanted\"},{\"@type\":\"BreadcrumbList\",\"@id\":\"https:\/\/petalwhim.com\/p\/enchanted-eternal-rose\/#breadcrumb\",\"itemListElement\":[{\"@type\":\"ListItem\",\"position\":1,\"name\":\"Home\",\"item\":\"https:\/\/petalwhim.com\/\"},{\"@type\":\"ListItem\",\"position\":2,\"name\":\"Shop\",\"item\":\"https:\/\/petalwhim.com\/shop\/\"},{\"@type\":\"ListItem\",\"position\":3,\"name\":\"Eternal Rose Enchanted\"}]},{\"@type\":\"WebSite\",\"@id\":\"https:\/\/petalwhim.com\/#website\",\"url\":\"https:\/\/petalwhim.com\/\",\"name\":\"Petal Whim\u2122\",\"description\":\"Rose in Glass\",\"publisher\":{\"@id\":\"https:\/\/petalwhim.com\/#organization\"},\"potentialAction\":[{\"@type\":\"SearchAction\",\"target\":{\"@type\":\"EntryPoint\",\"urlTemplate\":\"https:\/\/petalwhim.com\/?s={search_term_string}\"},\"query-input\":{\"@type\":\"PropertyValueSpecification\",\"valueRequired\":true,\"valueName\":\"search_term_string\"}}],\"inLanguage\":\"hu\"},{\"@type\":\"Organization\",\"@id\":\"https:\/\/petalwhim.com\/#organization\",\"name\":\"Petal Whim\",\"alternateName\":\"Rose in Glass\",\"url\":\"https:\/\/petalwhim.com\/\",\"logo\":{\"@type\":\"ImageObject\",\"inLanguage\":\"hu\",\"@id\":\"https:\/\/petalwhim.com\/#\/schema\/logo\/image\/\",\"url\":\"https:\/\/petalwhim.com\/wp-content\/uploads\/2024\/05\/cropped-Petal-Whim-Favicon.png\",\"contentUrl\":\"https:\/\/petalwhim.com\/wp-content\/uploads\/2024\/05\/cropped-Petal-Whim-Favicon.png\",\"width\":512,\"height\":512,\"caption\":\"Petal Whim\"},\"image\":{\"@id\":\"https:\/\/petalwhim.com\/#\/schema\/logo\/image\/\"}}]}<\/script>\n<!-- \/ Yoast SEO plugin. -->","yoast_head_json":{"title":"Elvar\u00e1zsolt \u00d6r\u00f6k R\u00f3zsa | Magyarorsz\u00e1g Vir\u00e1g\u00fczlet\u00e1g","description":"\u00dcnnepeld az \u00f6r\u00f6kk\u00e9 tart\u00f3 szerelmet az \u00d6r\u00f6k r\u00f3zsa elvar\u00e1zsolt .\ud83c\udf39Szimboliz\u00e1lja v\u00e9gtelen szeretetedet. V\u00e1s\u00e1roljon most \u00e9s kap egy ingyenes...","robots":{"index":"index","follow":"follow","max-snippet":"max-snippet:-1","max-image-preview":"max-image-preview:large","max-video-preview":"max-video-preview:-1"},"canonical":"https:\/\/petalwhim.com\/hu\/p\/elvarazsolt-orok-rozsa\/","og_locale":"hu_HU","og_type":"article","og_title":"Eternal Rose Enchanted | Magyarorsz\u00e1g Florist","og_description":"Celebrate everlasting love with our Eternal Rose Enchanted .\ud83c\udf39Symbolize your endless affection. Shop now and get a free...","og_url":"https:\/\/petalwhim.com\/hu\/p\/elvarazsolt-orok-rozsa\/","og_site_name":"Petal Whim\u2122","article_modified_time":"2025-07-25T05:16:06+00:00","og_image":[{"width":640,"height":640,"url":"https:\/\/petalwhim.com\/wp-content\/uploads\/2024\/04\/product-image-1494965199.jpg","type":"image\/jpeg"}],"twitter_card":"summary_large_image","twitter_misc":{"Becs\u00fclt olvas\u00e1si id\u0151":"1 perc"},"schema":{"@context":"https:\/\/schema.org","@graph":[{"@type":"WebPage","@id":"https:\/\/petalwhim.com\/p\/enchanted-eternal-rose\/","url":"https:\/\/petalwhim.com\/p\/enchanted-eternal-rose\/","name":"Elvar\u00e1zsolt \u00d6r\u00f6k R\u00f3zsa | Magyarorsz\u00e1g Vir\u00e1g\u00fczlet\u00e1g","isPartOf":{"@id":"https:\/\/petalwhim.com\/#website"},"primaryImageOfPage":{"@id":"https:\/\/petalwhim.com\/p\/enchanted-eternal-rose\/#primaryimage"},"image":{"@id":"https:\/\/petalwhim.com\/p\/enchanted-eternal-rose\/#primaryimage"},"thumbnailUrl":"https:\/\/petalwhim.com\/wp-content\/uploads\/2024\/04\/product-image-1494965199.jpg","datePublished":"2024-04-19T04:56:21+00:00","dateModified":"2025-07-25T05:16:06+00:00","description":"\u00dcnnepeld az \u00f6r\u00f6kk\u00e9 tart\u00f3 szerelmet az \u00d6r\u00f6k r\u00f3zsa elvar\u00e1zsolt .\ud83c\udf39Szimboliz\u00e1lja v\u00e9gtelen szeretetedet. V\u00e1s\u00e1roljon most \u00e9s kap egy ingyenes...","breadcrumb":{"@id":"https:\/\/petalwhim.com\/p\/enchanted-eternal-rose\/#breadcrumb"},"inLanguage":"hu","potentialAction":[{"@type":"ReadAction","target":["https:\/\/petalwhim.com\/p\/enchanted-eternal-rose\/"]}]},{"@type":"ImageObject","inLanguage":"hu","@id":"https:\/\/petalwhim.com\/p\/enchanted-eternal-rose\/#primaryimage","url":"https:\/\/petalwhim.com\/wp-content\/uploads\/2024\/04\/product-image-1494965199.jpg","contentUrl":"https:\/\/petalwhim.com\/wp-content\/uploads\/2024\/04\/product-image-1494965199.jpg","width":640,"height":640,"caption":"Eternal Rose Enchanted"},{"@type":"BreadcrumbList","@id":"https:\/\/petalwhim.com\/p\/enchanted-eternal-rose\/#breadcrumb","itemListElement":[{"@type":"ListItem","position":1,"name":"Home","item":"https:\/\/petalwhim.com\/"},{"@type":"ListItem","position":2,"name":"Shop","item":"https:\/\/petalwhim.com\/shop\/"},{"@type":"ListItem","position":3,"name":"Eternal Rose Enchanted"}]},{"@type":"WebSite","@id":"https:\/\/petalwhim.com\/#website","url":"https:\/\/petalwhim.com\/","name":"Szirom szesz\u00e9ly\u2122","description":"R\u00f3zsa \u00fcvegben","publisher":{"@id":"https:\/\/petalwhim.com\/#organization"},"potentialAction":[{"@type":"SearchAction","target":{"@type":"EntryPoint","urlTemplate":"https:\/\/petalwhim.com\/?s={search_term_string}"},"query-input":{"@type":"PropertyValueSpecification","valueRequired":true,"valueName":"search_term_string"}}],"inLanguage":"hu"},{"@type":"Organization","@id":"https:\/\/petalwhim.com\/#organization","name":"Szirom szesz\u00e9ly","alternateName":"Rose in Glass","url":"https:\/\/petalwhim.com\/","logo":{"@type":"ImageObject","inLanguage":"hu","@id":"https:\/\/petalwhim.com\/#\/schema\/logo\/image\/","url":"https:\/\/petalwhim.com\/wp-content\/uploads\/2024\/05\/cropped-Petal-Whim-Favicon.png","contentUrl":"https:\/\/petalwhim.com\/wp-content\/uploads\/2024\/05\/cropped-Petal-Whim-Favicon.png","width":512,"height":512,"caption":"Petal Whim"},"image":{"@id":"https:\/\/petalwhim.com\/#\/schema\/logo\/image\/"}}]}},"_links":{"self":[{"href":"https:\/\/petalwhim.com\/hu\/wp-json\/wp\/v2\/product\/71","targetHints":{"allow":["GET"]}}],"collection":[{"href":"https:\/\/petalwhim.com\/hu\/wp-json\/wp\/v2\/product"}],"about":[{"href":"https:\/\/petalwhim.com\/hu\/wp-json\/wp\/v2\/types\/product"}],"wp:featuredmedia":[{"embeddable":true,"href":"https:\/\/petalwhim.com\/hu\/wp-json\/wp\/v2\/media\/70"}],"wp:attachment":[{"href":"https:\/\/petalwhim.com\/hu\/wp-json\/wp\/v2\/media?parent=71"}],"wp:term":[{"taxonomy":"product_brand","embeddable":true,"href":"https:\/\/petalwhim.com\/hu\/wp-json\/wp\/v2\/product_brand?post=71"},{"taxonomy":"product_cat","embeddable":true,"href":"https:\/\/petalwhim.com\/hu\/wp-json\/wp\/v2\/product_cat?post=71"},{"taxonomy":"product_tag","embeddable":true,"href":"https:\/\/petalwhim.com\/hu\/wp-json\/wp\/v2\/product_tag?post=71"}],"curies":[{"name":"wp","href":"https:\/\/api.w.org\/{rel}","templated":true}]}}