{"id":659,"date":"2024-06-07T16:25:44","date_gmt":"2024-06-07T16:25:44","guid":{"rendered":"https:\/\/petalwhim.com\/p\/eternal-blue-rose-neptune-blue\/"},"modified":"2025-07-25T05:15:59","modified_gmt":"2025-07-25T05:15:59","slug":"orok-kek-rozsa-rozsa-neptun-kek","status":"publish","type":"product","link":"https:\/\/petalwhim.com\/hu\/p\/orok-kek-rozsa-rozsa-neptun-kek\/","title":{"rendered":"<span>\u00d6r\u00f6kk\u00e9val\u00f3 k\u00e9k r\u00f3zsa <\/span><span class='product-title-custom'>Neptune Blue<\/span>"},"content":{"rendered":"","protected":false},"excerpt":{"rendered":"","protected":false},"featured_media":658,"template":"","meta":[],"product_brand":[],"product_cat":[36,21],"product_tag":[33],"class_list":{"0":"post-659","1":"product","2":"type-product","3":"status-publish","4":"has-post-thumbnail","6":"product_cat-best-sellers","7":"product_cat-blue-forever-rose","8":"product_tag-rose-in-glass-dome","10":"first","11":"instock","12":"shipping-taxable","13":"purchasable","14":"product-type-simple"},"yoast_head":"<!-- This site is optimized with the Yoast SEO plugin v25.9 - https:\/\/yoast.com\/wordpress\/plugins\/seo\/ -->\n<title>Eternal Blue Rose In Glass by Petal Whim\u2122<\/title>\n<meta name=\"description\" content=\"Celebrate everlasting love with our Eternal Blue Rose \ud83c\udf39. Symbolize your endless affection. Shop now and get a free...\" \/>\n<meta name=\"robots\" content=\"index, follow, max-snippet:-1, max-image-preview:large, max-video-preview:-1\" \/>\n<link rel=\"canonical\" href=\"https:\/\/petalwhim.com\/hu\/p\/orok-kek-rozsa-rozsa-neptun-kek\/\" \/>\n<meta property=\"og:locale\" content=\"hu_HU\" \/>\n<meta property=\"og:type\" content=\"article\" \/>\n<meta property=\"og:title\" content=\"Eternal Blue Rose In Glass by Petal Whim\u2122\" \/>\n<meta property=\"og:description\" content=\"Celebrate everlasting love with our Eternal Blue Rose \ud83c\udf39. Symbolize your endless affection. Shop now and get a free...\" \/>\n<meta property=\"og:url\" content=\"https:\/\/petalwhim.com\/hu\/p\/orok-kek-rozsa-rozsa-neptun-kek\/\" \/>\n<meta property=\"og:site_name\" content=\"Petal Whim\u2122\" \/>\n<meta property=\"article:modified_time\" content=\"2025-07-25T05:15:59+00:00\" \/>\n<meta property=\"og:image\" content=\"https:\/\/petalwhim.com\/wp-content\/uploads\/2024\/06\/RoseEternellebleu_7ce848d3-9de0-462b-a0c9-e4ba188e32b6.jpg\" \/>\n\t<meta property=\"og:image:width\" content=\"750\" \/>\n\t<meta property=\"og:image:height\" content=\"750\" \/>\n\t<meta property=\"og:image:type\" content=\"image\/jpeg\" \/>\n<meta name=\"twitter:card\" content=\"summary_large_image\" \/>\n<meta name=\"twitter:label1\" content=\"Becs\u00fclt olvas\u00e1si id\u0151\" \/>\n\t<meta name=\"twitter:data1\" content=\"1 perc\" \/>\n<script type=\"application\/ld+json\" class=\"yoast-schema-graph\">{\"@context\":\"https:\/\/schema.org\",\"@graph\":[{\"@type\":\"WebPage\",\"@id\":\"https:\/\/petalwhim.com\/p\/eternal-blue-rose-neptune-blue\/\",\"url\":\"https:\/\/petalwhim.com\/p\/eternal-blue-rose-neptune-blue\/\",\"name\":\"Eternal Blue Rose In Glass by Petal Whim\u2122\",\"isPartOf\":{\"@id\":\"https:\/\/petalwhim.com\/#website\"},\"primaryImageOfPage\":{\"@id\":\"https:\/\/petalwhim.com\/p\/eternal-blue-rose-neptune-blue\/#primaryimage\"},\"image\":{\"@id\":\"https:\/\/petalwhim.com\/p\/eternal-blue-rose-neptune-blue\/#primaryimage\"},\"thumbnailUrl\":\"https:\/\/petalwhim.com\/wp-content\/uploads\/2024\/06\/RoseEternellebleu_7ce848d3-9de0-462b-a0c9-e4ba188e32b6.jpg\",\"datePublished\":\"2024-06-07T16:25:44+00:00\",\"dateModified\":\"2025-07-25T05:15:59+00:00\",\"description\":\"Celebrate everlasting love with our Eternal Blue Rose \ud83c\udf39. Symbolize your endless affection. Shop now and get a free...\",\"breadcrumb\":{\"@id\":\"https:\/\/petalwhim.com\/p\/eternal-blue-rose-neptune-blue\/#breadcrumb\"},\"inLanguage\":\"hu\",\"potentialAction\":[{\"@type\":\"ReadAction\",\"target\":[\"https:\/\/petalwhim.com\/p\/eternal-blue-rose-neptune-blue\/\"]}]},{\"@type\":\"ImageObject\",\"inLanguage\":\"hu\",\"@id\":\"https:\/\/petalwhim.com\/p\/eternal-blue-rose-neptune-blue\/#primaryimage\",\"url\":\"https:\/\/petalwhim.com\/wp-content\/uploads\/2024\/06\/RoseEternellebleu_7ce848d3-9de0-462b-a0c9-e4ba188e32b6.jpg\",\"contentUrl\":\"https:\/\/petalwhim.com\/wp-content\/uploads\/2024\/06\/RoseEternellebleu_7ce848d3-9de0-462b-a0c9-e4ba188e32b6.jpg\",\"width\":750,\"height\":750,\"caption\":\"Eternal Blue Rose\"},{\"@type\":\"BreadcrumbList\",\"@id\":\"https:\/\/petalwhim.com\/p\/eternal-blue-rose-neptune-blue\/#breadcrumb\",\"itemListElement\":[{\"@type\":\"ListItem\",\"position\":1,\"name\":\"Home\",\"item\":\"https:\/\/petalwhim.com\/\"},{\"@type\":\"ListItem\",\"position\":2,\"name\":\"Shop\",\"item\":\"https:\/\/petalwhim.com\/shop\/\"},{\"@type\":\"ListItem\",\"position\":3,\"name\":\"Eternal Blue Rose Neptune Blue\"}]},{\"@type\":\"WebSite\",\"@id\":\"https:\/\/petalwhim.com\/#website\",\"url\":\"https:\/\/petalwhim.com\/\",\"name\":\"Petal Whim\u2122\",\"description\":\"Rose in Glass\",\"publisher\":{\"@id\":\"https:\/\/petalwhim.com\/#organization\"},\"potentialAction\":[{\"@type\":\"SearchAction\",\"target\":{\"@type\":\"EntryPoint\",\"urlTemplate\":\"https:\/\/petalwhim.com\/?s={search_term_string}\"},\"query-input\":{\"@type\":\"PropertyValueSpecification\",\"valueRequired\":true,\"valueName\":\"search_term_string\"}}],\"inLanguage\":\"hu\"},{\"@type\":\"Organization\",\"@id\":\"https:\/\/petalwhim.com\/#organization\",\"name\":\"Petal Whim\",\"alternateName\":\"Rose in Glass\",\"url\":\"https:\/\/petalwhim.com\/\",\"logo\":{\"@type\":\"ImageObject\",\"inLanguage\":\"hu\",\"@id\":\"https:\/\/petalwhim.com\/#\/schema\/logo\/image\/\",\"url\":\"https:\/\/petalwhim.com\/wp-content\/uploads\/2024\/05\/cropped-Petal-Whim-Favicon.png\",\"contentUrl\":\"https:\/\/petalwhim.com\/wp-content\/uploads\/2024\/05\/cropped-Petal-Whim-Favicon.png\",\"width\":512,\"height\":512,\"caption\":\"Petal Whim\"},\"image\":{\"@id\":\"https:\/\/petalwhim.com\/#\/schema\/logo\/image\/\"}}]}<\/script>\n<!-- \/ Yoast SEO plugin. -->","yoast_head_json":{"title":"\u00d6r\u00f6kk\u00e9val\u00f3 k\u00e9k r\u00f3zsa \u00fcvegben a Petal Whim\u2122 \u00e1ltal","description":"\u00dcnnepeld az \u00f6r\u00f6k szerelmet az \u00d6r\u00f6kk\u00e9val\u00f3 k\u00e9k r\u00f3zs\u00e1val \ud83c\udf39. Szimboliz\u00e1lja v\u00e9gtelen ragaszkod\u00e1sotokat. V\u00e1s\u00e1roljon most \u00e9s kap egy ingyenes...","robots":{"index":"index","follow":"follow","max-snippet":"max-snippet:-1","max-image-preview":"max-image-preview:large","max-video-preview":"max-video-preview:-1"},"canonical":"https:\/\/petalwhim.com\/hu\/p\/orok-kek-rozsa-rozsa-neptun-kek\/","og_locale":"hu_HU","og_type":"article","og_title":"Eternal Blue Rose In Glass by Petal Whim\u2122","og_description":"Celebrate everlasting love with our Eternal Blue Rose \ud83c\udf39. Symbolize your endless affection. Shop now and get a free...","og_url":"https:\/\/petalwhim.com\/hu\/p\/orok-kek-rozsa-rozsa-neptun-kek\/","og_site_name":"Petal Whim\u2122","article_modified_time":"2025-07-25T05:15:59+00:00","og_image":[{"width":750,"height":750,"url":"https:\/\/petalwhim.com\/wp-content\/uploads\/2024\/06\/RoseEternellebleu_7ce848d3-9de0-462b-a0c9-e4ba188e32b6.jpg","type":"image\/jpeg"}],"twitter_card":"summary_large_image","twitter_misc":{"Becs\u00fclt olvas\u00e1si id\u0151":"1 perc"},"schema":{"@context":"https:\/\/schema.org","@graph":[{"@type":"WebPage","@id":"https:\/\/petalwhim.com\/p\/eternal-blue-rose-neptune-blue\/","url":"https:\/\/petalwhim.com\/p\/eternal-blue-rose-neptune-blue\/","name":"\u00d6r\u00f6kk\u00e9val\u00f3 k\u00e9k r\u00f3zsa \u00fcvegben a Petal Whim\u2122 \u00e1ltal","isPartOf":{"@id":"https:\/\/petalwhim.com\/#website"},"primaryImageOfPage":{"@id":"https:\/\/petalwhim.com\/p\/eternal-blue-rose-neptune-blue\/#primaryimage"},"image":{"@id":"https:\/\/petalwhim.com\/p\/eternal-blue-rose-neptune-blue\/#primaryimage"},"thumbnailUrl":"https:\/\/petalwhim.com\/wp-content\/uploads\/2024\/06\/RoseEternellebleu_7ce848d3-9de0-462b-a0c9-e4ba188e32b6.jpg","datePublished":"2024-06-07T16:25:44+00:00","dateModified":"2025-07-25T05:15:59+00:00","description":"\u00dcnnepeld az \u00f6r\u00f6k szerelmet az \u00d6r\u00f6kk\u00e9val\u00f3 k\u00e9k r\u00f3zs\u00e1val \ud83c\udf39. Szimboliz\u00e1lja v\u00e9gtelen ragaszkod\u00e1sotokat. V\u00e1s\u00e1roljon most \u00e9s kap egy ingyenes...","breadcrumb":{"@id":"https:\/\/petalwhim.com\/p\/eternal-blue-rose-neptune-blue\/#breadcrumb"},"inLanguage":"hu","potentialAction":[{"@type":"ReadAction","target":["https:\/\/petalwhim.com\/p\/eternal-blue-rose-neptune-blue\/"]}]},{"@type":"ImageObject","inLanguage":"hu","@id":"https:\/\/petalwhim.com\/p\/eternal-blue-rose-neptune-blue\/#primaryimage","url":"https:\/\/petalwhim.com\/wp-content\/uploads\/2024\/06\/RoseEternellebleu_7ce848d3-9de0-462b-a0c9-e4ba188e32b6.jpg","contentUrl":"https:\/\/petalwhim.com\/wp-content\/uploads\/2024\/06\/RoseEternellebleu_7ce848d3-9de0-462b-a0c9-e4ba188e32b6.jpg","width":750,"height":750,"caption":"Eternal Blue Rose"},{"@type":"BreadcrumbList","@id":"https:\/\/petalwhim.com\/p\/eternal-blue-rose-neptune-blue\/#breadcrumb","itemListElement":[{"@type":"ListItem","position":1,"name":"Home","item":"https:\/\/petalwhim.com\/"},{"@type":"ListItem","position":2,"name":"Shop","item":"https:\/\/petalwhim.com\/shop\/"},{"@type":"ListItem","position":3,"name":"Eternal Blue Rose Neptune Blue"}]},{"@type":"WebSite","@id":"https:\/\/petalwhim.com\/#website","url":"https:\/\/petalwhim.com\/","name":"Szirom szesz\u00e9ly\u2122","description":"R\u00f3zsa \u00fcvegben","publisher":{"@id":"https:\/\/petalwhim.com\/#organization"},"potentialAction":[{"@type":"SearchAction","target":{"@type":"EntryPoint","urlTemplate":"https:\/\/petalwhim.com\/?s={search_term_string}"},"query-input":{"@type":"PropertyValueSpecification","valueRequired":true,"valueName":"search_term_string"}}],"inLanguage":"hu"},{"@type":"Organization","@id":"https:\/\/petalwhim.com\/#organization","name":"Szirom szesz\u00e9ly","alternateName":"Rose in Glass","url":"https:\/\/petalwhim.com\/","logo":{"@type":"ImageObject","inLanguage":"hu","@id":"https:\/\/petalwhim.com\/#\/schema\/logo\/image\/","url":"https:\/\/petalwhim.com\/wp-content\/uploads\/2024\/05\/cropped-Petal-Whim-Favicon.png","contentUrl":"https:\/\/petalwhim.com\/wp-content\/uploads\/2024\/05\/cropped-Petal-Whim-Favicon.png","width":512,"height":512,"caption":"Petal Whim"},"image":{"@id":"https:\/\/petalwhim.com\/#\/schema\/logo\/image\/"}}]}},"_links":{"self":[{"href":"https:\/\/petalwhim.com\/hu\/wp-json\/wp\/v2\/product\/659","targetHints":{"allow":["GET"]}}],"collection":[{"href":"https:\/\/petalwhim.com\/hu\/wp-json\/wp\/v2\/product"}],"about":[{"href":"https:\/\/petalwhim.com\/hu\/wp-json\/wp\/v2\/types\/product"}],"wp:featuredmedia":[{"embeddable":true,"href":"https:\/\/petalwhim.com\/hu\/wp-json\/wp\/v2\/media\/658"}],"wp:attachment":[{"href":"https:\/\/petalwhim.com\/hu\/wp-json\/wp\/v2\/media?parent=659"}],"wp:term":[{"taxonomy":"product_brand","embeddable":true,"href":"https:\/\/petalwhim.com\/hu\/wp-json\/wp\/v2\/product_brand?post=659"},{"taxonomy":"product_cat","embeddable":true,"href":"https:\/\/petalwhim.com\/hu\/wp-json\/wp\/v2\/product_cat?post=659"},{"taxonomy":"product_tag","embeddable":true,"href":"https:\/\/petalwhim.com\/hu\/wp-json\/wp\/v2\/product_tag?post=659"}],"curies":[{"name":"wp","href":"https:\/\/api.w.org\/{rel}","templated":true}]}}