{"id":389,"date":"2024-04-29T01:31:55","date_gmt":"2024-04-29T01:31:55","guid":{"rendered":"https:\/\/petalwhim.com\/p\/rose-teddy-bear-mothers-day\/"},"modified":"2025-07-25T05:16:00","modified_gmt":"2025-07-25T05:16:00","slug":"rozsa-macko-anyak-napja","status":"publish","type":"product","link":"https:\/\/petalwhim.com\/hu\/p\/rozsa-macko-anyak-napja\/","title":{"rendered":"<span>R\u00f3zsa mack\u00f3 <\/span><span class=\"product-title-custom\">Any\u00e1k napja<\/span>"},"content":{"rendered":"<h2>Vir\u00e1gr\u00f3zsa mack\u00f3: A megfelel\u0151 hangulat!<\/h2> <p>A Petal Whim\u2122 k\u00edn\u00e1lja ezt a csod\u00e1latos \u00e9s aranyos kis mack\u00f3t r\u00f3zs\u00e1kb\u00f3l. Ez a r\u00f3zs\u00e1kb\u00f3l \u00e1ll\u00f3 \u00f6ssze\u00e1ll\u00edt\u00e1s egy pl\u00fcssmack\u00f3ra eml\u00e9keztet\u0151 mack\u00f3t hoz l\u00e9tre. A nyak\u00e1n egy fekete szalag is tal\u00e1lhat\u00f3.<\/p> <p>Ezt a mack\u00f3t aj\u00e1nd\u00e9kba adhatod kedvesednek vagy l\u00e1nyodnak, ezzel is kifejezve szereteted \u00e9s gyeng\u00e9ds\u00e9ged. Egy gy\u00f6ny\u00f6r\u0171 meglepet\u00e9ssel feldobod a napj\u00e1t.<\/p> <p>A r\u00f3zs\u00e1k, amelyek ezt az aranyos kis mack\u00f3t form\u00e1zz\u00e1k, k\u00e9k sz\u00edn\u0171ek, amely a gyeng\u00e9d oldal\u00e1t, a szerelem gyeng\u00e9ds\u00e9g\u00e9t id\u00e9zi. Azzal, hogy ezt a pl\u00fcssmack\u00f3t adod neki, a gyeng\u00e9ds\u00e9g jel\u00e9t adod neki.<\/p>","protected":false},"excerpt":{"rendered":"<ul> <li><strong>Teddy \u00e1llt \u00f6ssze<\/strong> 350 \u00f6r\u00f6k r\u00f3zs\u00e1b\u00f3l \u00e9s egy fekete szat\u00e9nszalagb\u00f3l.<\/li> <li>A mack\u00f3 m\u00e9rete: 25 cm<\/li> <li>K\u00e9zzel k\u00e9sz\u00edtett m\u0171hely\u00fcnkben<\/li> <\/ul>","protected":false},"featured_media":388,"template":"","meta":[],"product_brand":[],"product_cat":[15,32],"product_tag":[],"class_list":{"0":"post-389","1":"product","2":"type-product","3":"status-publish","4":"has-post-thumbnail","6":"product_cat-all-products","7":"product_cat-flower-bear","9":"first","10":"instock","11":"shipping-taxable","12":"purchasable","13":"product-type-simple"},"yoast_head":"<!-- This site is optimized with the Yoast SEO plugin v25.9 - https:\/\/yoast.com\/wordpress\/plugins\/seo\/ -->\n<title>Rose Teddy Bear Mother&#039;s Day | Magyarorsz\u00e1g Florist<\/title>\n<meta name=\"description\" content=\"Celebrate everlasting love with our Rose Teddy Bear Mother&#039;s Day .\ud83c\udf39Symbolize your endless affection. Shop now and get a free...\" \/>\n<meta name=\"robots\" content=\"index, follow, max-snippet:-1, max-image-preview:large, max-video-preview:-1\" \/>\n<link rel=\"canonical\" href=\"https:\/\/petalwhim.com\/hu\/p\/rozsa-macko-anyak-napja\/\" \/>\n<meta property=\"og:locale\" content=\"hu_HU\" \/>\n<meta property=\"og:type\" content=\"article\" \/>\n<meta property=\"og:title\" content=\"Rose Teddy Bear Mother&#039;s Day | Magyarorsz\u00e1g Florist\" \/>\n<meta property=\"og:description\" content=\"Celebrate everlasting love with our Rose Teddy Bear Mother&#039;s Day .\ud83c\udf39Symbolize your endless affection. Shop now and get a free...\" \/>\n<meta property=\"og:url\" content=\"https:\/\/petalwhim.com\/hu\/p\/rozsa-macko-anyak-napja\/\" \/>\n<meta property=\"og:site_name\" content=\"Petal Whim\u2122\" \/>\n<meta property=\"article:modified_time\" content=\"2025-07-25T05:16:00+00:00\" \/>\n<meta property=\"og:image\" content=\"https:\/\/petalwhim.com\/wp-content\/uploads\/2024\/04\/ourson-en-rose-fleur_600x_8f01db7a-1a1e-46fe-ba85-faca88eb5e47_2000x.jpg\" \/>\n\t<meta property=\"og:image:width\" content=\"600\" \/>\n\t<meta property=\"og:image:height\" content=\"600\" \/>\n\t<meta property=\"og:image:type\" content=\"image\/jpeg\" \/>\n<meta name=\"twitter:card\" content=\"summary_large_image\" \/>\n<meta name=\"twitter:label1\" content=\"Becs\u00fclt olvas\u00e1si id\u0151\" \/>\n\t<meta name=\"twitter:data1\" content=\"1 perc\" \/>\n<script type=\"application\/ld+json\" class=\"yoast-schema-graph\">{\"@context\":\"https:\/\/schema.org\",\"@graph\":[{\"@type\":\"WebPage\",\"@id\":\"https:\/\/petalwhim.com\/p\/rose-teddy-bear-mothers-day\/\",\"url\":\"https:\/\/petalwhim.com\/p\/rose-teddy-bear-mothers-day\/\",\"name\":\"Rose Teddy Bear Mother's Day | Magyarorsz\u00e1g Florist\",\"isPartOf\":{\"@id\":\"https:\/\/petalwhim.com\/#website\"},\"primaryImageOfPage\":{\"@id\":\"https:\/\/petalwhim.com\/p\/rose-teddy-bear-mothers-day\/#primaryimage\"},\"image\":{\"@id\":\"https:\/\/petalwhim.com\/p\/rose-teddy-bear-mothers-day\/#primaryimage\"},\"thumbnailUrl\":\"https:\/\/petalwhim.com\/wp-content\/uploads\/2024\/04\/ourson-en-rose-fleur_600x_8f01db7a-1a1e-46fe-ba85-faca88eb5e47_2000x.jpg\",\"datePublished\":\"2024-04-29T01:31:55+00:00\",\"dateModified\":\"2025-07-25T05:16:00+00:00\",\"description\":\"Celebrate everlasting love with our Rose Teddy Bear Mother's Day .\ud83c\udf39Symbolize your endless affection. Shop now and get a free...\",\"breadcrumb\":{\"@id\":\"https:\/\/petalwhim.com\/p\/rose-teddy-bear-mothers-day\/#breadcrumb\"},\"inLanguage\":\"hu\",\"potentialAction\":[{\"@type\":\"ReadAction\",\"target\":[\"https:\/\/petalwhim.com\/p\/rose-teddy-bear-mothers-day\/\"]}]},{\"@type\":\"ImageObject\",\"inLanguage\":\"hu\",\"@id\":\"https:\/\/petalwhim.com\/p\/rose-teddy-bear-mothers-day\/#primaryimage\",\"url\":\"https:\/\/petalwhim.com\/wp-content\/uploads\/2024\/04\/ourson-en-rose-fleur_600x_8f01db7a-1a1e-46fe-ba85-faca88eb5e47_2000x.jpg\",\"contentUrl\":\"https:\/\/petalwhim.com\/wp-content\/uploads\/2024\/04\/ourson-en-rose-fleur_600x_8f01db7a-1a1e-46fe-ba85-faca88eb5e47_2000x.jpg\",\"width\":600,\"height\":600,\"caption\":\"Rose Teddy Bear Mother's Day\"},{\"@type\":\"BreadcrumbList\",\"@id\":\"https:\/\/petalwhim.com\/p\/rose-teddy-bear-mothers-day\/#breadcrumb\",\"itemListElement\":[{\"@type\":\"ListItem\",\"position\":1,\"name\":\"Home\",\"item\":\"https:\/\/petalwhim.com\/\"},{\"@type\":\"ListItem\",\"position\":2,\"name\":\"Shop\",\"item\":\"https:\/\/petalwhim.com\/shop\/\"},{\"@type\":\"ListItem\",\"position\":3,\"name\":\"Rose Teddy Bear Mother&#8217;s Day\"}]},{\"@type\":\"WebSite\",\"@id\":\"https:\/\/petalwhim.com\/#website\",\"url\":\"https:\/\/petalwhim.com\/\",\"name\":\"Petal Whim\u2122\",\"description\":\"Rose in Glass\",\"publisher\":{\"@id\":\"https:\/\/petalwhim.com\/#organization\"},\"potentialAction\":[{\"@type\":\"SearchAction\",\"target\":{\"@type\":\"EntryPoint\",\"urlTemplate\":\"https:\/\/petalwhim.com\/?s={search_term_string}\"},\"query-input\":{\"@type\":\"PropertyValueSpecification\",\"valueRequired\":true,\"valueName\":\"search_term_string\"}}],\"inLanguage\":\"hu\"},{\"@type\":\"Organization\",\"@id\":\"https:\/\/petalwhim.com\/#organization\",\"name\":\"Petal Whim\",\"alternateName\":\"Rose in Glass\",\"url\":\"https:\/\/petalwhim.com\/\",\"logo\":{\"@type\":\"ImageObject\",\"inLanguage\":\"hu\",\"@id\":\"https:\/\/petalwhim.com\/#\/schema\/logo\/image\/\",\"url\":\"https:\/\/petalwhim.com\/wp-content\/uploads\/2024\/05\/cropped-Petal-Whim-Favicon.png\",\"contentUrl\":\"https:\/\/petalwhim.com\/wp-content\/uploads\/2024\/05\/cropped-Petal-Whim-Favicon.png\",\"width\":512,\"height\":512,\"caption\":\"Petal Whim\"},\"image\":{\"@id\":\"https:\/\/petalwhim.com\/#\/schema\/logo\/image\/\"}}]}<\/script>\n<!-- \/ Yoast SEO plugin. -->","yoast_head_json":{"title":"R\u00f3zsa mack\u00f3 any\u00e1k napja | Magyarorsz\u00e1g Vir\u00e1g\u00fczlet\u00e1g | Magyarorsz\u00e1g Vir\u00e1g\u00fczlet","description":"\u00dcnnepeld az \u00f6r\u00f6kk\u00e9 tart\u00f3 szeretetet a r\u00f3zs\u00e1s mack\u00f3 any\u00e1k napj\u00e1ra .\ud83c\udf39 Szimboliz\u00e1lja a v\u00e9gtelen szeretetet. V\u00e1s\u00e1roljon most \u00e9s kap egy ingyenes...","robots":{"index":"index","follow":"follow","max-snippet":"max-snippet:-1","max-image-preview":"max-image-preview:large","max-video-preview":"max-video-preview:-1"},"canonical":"https:\/\/petalwhim.com\/hu\/p\/rozsa-macko-anyak-napja\/","og_locale":"hu_HU","og_type":"article","og_title":"Rose Teddy Bear Mother's Day | Magyarorsz\u00e1g Florist","og_description":"Celebrate everlasting love with our Rose Teddy Bear Mother's Day .\ud83c\udf39Symbolize your endless affection. Shop now and get a free...","og_url":"https:\/\/petalwhim.com\/hu\/p\/rozsa-macko-anyak-napja\/","og_site_name":"Petal Whim\u2122","article_modified_time":"2025-07-25T05:16:00+00:00","og_image":[{"width":600,"height":600,"url":"https:\/\/petalwhim.com\/wp-content\/uploads\/2024\/04\/ourson-en-rose-fleur_600x_8f01db7a-1a1e-46fe-ba85-faca88eb5e47_2000x.jpg","type":"image\/jpeg"}],"twitter_card":"summary_large_image","twitter_misc":{"Becs\u00fclt olvas\u00e1si id\u0151":"1 perc"},"schema":{"@context":"https:\/\/schema.org","@graph":[{"@type":"WebPage","@id":"https:\/\/petalwhim.com\/p\/rose-teddy-bear-mothers-day\/","url":"https:\/\/petalwhim.com\/p\/rose-teddy-bear-mothers-day\/","name":"R\u00f3zsa mack\u00f3 any\u00e1k napja | Magyarorsz\u00e1g Vir\u00e1g\u00fczlet\u00e1g | Magyarorsz\u00e1g Vir\u00e1g\u00fczlet","isPartOf":{"@id":"https:\/\/petalwhim.com\/#website"},"primaryImageOfPage":{"@id":"https:\/\/petalwhim.com\/p\/rose-teddy-bear-mothers-day\/#primaryimage"},"image":{"@id":"https:\/\/petalwhim.com\/p\/rose-teddy-bear-mothers-day\/#primaryimage"},"thumbnailUrl":"https:\/\/petalwhim.com\/wp-content\/uploads\/2024\/04\/ourson-en-rose-fleur_600x_8f01db7a-1a1e-46fe-ba85-faca88eb5e47_2000x.jpg","datePublished":"2024-04-29T01:31:55+00:00","dateModified":"2025-07-25T05:16:00+00:00","description":"\u00dcnnepeld az \u00f6r\u00f6kk\u00e9 tart\u00f3 szeretetet a r\u00f3zs\u00e1s mack\u00f3 any\u00e1k napj\u00e1ra .\ud83c\udf39 Szimboliz\u00e1lja a v\u00e9gtelen szeretetet. V\u00e1s\u00e1roljon most \u00e9s kap egy ingyenes...","breadcrumb":{"@id":"https:\/\/petalwhim.com\/p\/rose-teddy-bear-mothers-day\/#breadcrumb"},"inLanguage":"hu","potentialAction":[{"@type":"ReadAction","target":["https:\/\/petalwhim.com\/p\/rose-teddy-bear-mothers-day\/"]}]},{"@type":"ImageObject","inLanguage":"hu","@id":"https:\/\/petalwhim.com\/p\/rose-teddy-bear-mothers-day\/#primaryimage","url":"https:\/\/petalwhim.com\/wp-content\/uploads\/2024\/04\/ourson-en-rose-fleur_600x_8f01db7a-1a1e-46fe-ba85-faca88eb5e47_2000x.jpg","contentUrl":"https:\/\/petalwhim.com\/wp-content\/uploads\/2024\/04\/ourson-en-rose-fleur_600x_8f01db7a-1a1e-46fe-ba85-faca88eb5e47_2000x.jpg","width":600,"height":600,"caption":"Rose Teddy Bear Mother's Day"},{"@type":"BreadcrumbList","@id":"https:\/\/petalwhim.com\/p\/rose-teddy-bear-mothers-day\/#breadcrumb","itemListElement":[{"@type":"ListItem","position":1,"name":"Home","item":"https:\/\/petalwhim.com\/"},{"@type":"ListItem","position":2,"name":"Shop","item":"https:\/\/petalwhim.com\/shop\/"},{"@type":"ListItem","position":3,"name":"Rose Teddy Bear Mother&#8217;s Day"}]},{"@type":"WebSite","@id":"https:\/\/petalwhim.com\/#website","url":"https:\/\/petalwhim.com\/","name":"Szirom szesz\u00e9ly\u2122","description":"R\u00f3zsa \u00fcvegben","publisher":{"@id":"https:\/\/petalwhim.com\/#organization"},"potentialAction":[{"@type":"SearchAction","target":{"@type":"EntryPoint","urlTemplate":"https:\/\/petalwhim.com\/?s={search_term_string}"},"query-input":{"@type":"PropertyValueSpecification","valueRequired":true,"valueName":"search_term_string"}}],"inLanguage":"hu"},{"@type":"Organization","@id":"https:\/\/petalwhim.com\/#organization","name":"Szirom szesz\u00e9ly","alternateName":"Rose in Glass","url":"https:\/\/petalwhim.com\/","logo":{"@type":"ImageObject","inLanguage":"hu","@id":"https:\/\/petalwhim.com\/#\/schema\/logo\/image\/","url":"https:\/\/petalwhim.com\/wp-content\/uploads\/2024\/05\/cropped-Petal-Whim-Favicon.png","contentUrl":"https:\/\/petalwhim.com\/wp-content\/uploads\/2024\/05\/cropped-Petal-Whim-Favicon.png","width":512,"height":512,"caption":"Petal Whim"},"image":{"@id":"https:\/\/petalwhim.com\/#\/schema\/logo\/image\/"}}]}},"_links":{"self":[{"href":"https:\/\/petalwhim.com\/hu\/wp-json\/wp\/v2\/product\/389","targetHints":{"allow":["GET"]}}],"collection":[{"href":"https:\/\/petalwhim.com\/hu\/wp-json\/wp\/v2\/product"}],"about":[{"href":"https:\/\/petalwhim.com\/hu\/wp-json\/wp\/v2\/types\/product"}],"wp:featuredmedia":[{"embeddable":true,"href":"https:\/\/petalwhim.com\/hu\/wp-json\/wp\/v2\/media\/388"}],"wp:attachment":[{"href":"https:\/\/petalwhim.com\/hu\/wp-json\/wp\/v2\/media?parent=389"}],"wp:term":[{"taxonomy":"product_brand","embeddable":true,"href":"https:\/\/petalwhim.com\/hu\/wp-json\/wp\/v2\/product_brand?post=389"},{"taxonomy":"product_cat","embeddable":true,"href":"https:\/\/petalwhim.com\/hu\/wp-json\/wp\/v2\/product_cat?post=389"},{"taxonomy":"product_tag","embeddable":true,"href":"https:\/\/petalwhim.com\/hu\/wp-json\/wp\/v2\/product_tag?post=389"}],"curies":[{"name":"wp","href":"https:\/\/api.w.org\/{rel}","templated":true}]}}