{"id":363,"date":"2024-04-29T01:31:31","date_gmt":"2024-04-29T01:31:31","guid":{"rendered":"https:\/\/petalwhim.com\/p\/rose-bear-love\/"},"modified":"2025-07-25T05:16:00","modified_gmt":"2025-07-25T05:16:00","slug":"rozsa-medve-szerelem","status":"publish","type":"product","link":"https:\/\/petalwhim.com\/hu\/p\/rozsa-medve-szerelem\/","title":{"rendered":"<span>R\u00f3zsa medve <\/span><span class=\"product-title-custom\">Szerelem<\/span>"},"content":{"rendered":"<h2>Piros r\u00f3zs\u00e1s mack\u00f3: Az aj\u00e1nd\u00e9k, ami megsz\u00e9p\u00edt!<\/h2> <p>A Petal Whim\u2122 bemutatja ezt a csod\u00e1latos v\u00f6r\u00f6s r\u00f3zs\u00e1s mack\u00f3t. Ez az apr\u00f3 r\u00f3zs\u00e1kb\u00f3l \u00e1ll\u00f3 \u00f6ssze\u00e1ll\u00edt\u00e1s kiemeli a pl\u00fcssmack\u00f3ra eml\u00e9keztet\u0151 gy\u00f6ny\u00f6r\u0171 mack\u00f3t. Ezt az aranyos kis mack\u00f3t \u00f6r\u00f6mteli aj\u00e1nd\u00e9kozni.<\/p> <p>Ez a mack\u00f3 b\u00e1rmilyen alkalomra adhat\u00f3, legyen az a feles\u00e9ged vagy a l\u00e1nyod. Kimutatja szeretet\u00e9t \u00e9s gyeng\u00e9ds\u00e9g\u00e9t. Egy kis meglepet\u00e9ssel \u00e9s \u00e9rzelemmel feldobod a napj\u00e1t.<\/p> <p>Ezeknek a r\u00f3zs\u00e1knak a sz\u00edne piros. Ez a sz\u00edn a szenved\u00e9ly, a romantika \u00e9s az intenz\u00edv szerelem szimb\u00f3luma.<\/p>","protected":false},"excerpt":{"rendered":"<ul> <li><strong>Teddy \u00e1llt \u00f6ssze<\/strong> 550 \u00f6r\u00f6k r\u00f3zs\u00e1b\u00f3l \u00e9s egy fekete szat\u00e9nszalagb\u00f3l.<\/li> <li>A mack\u00f3 m\u00e9rete: 40 cm<\/li> <li>K\u00e9zzel k\u00e9sz\u00edtett m\u0171hely\u00fcnkben<\/li> <\/ul>","protected":false},"featured_media":362,"template":"","meta":[],"product_brand":[],"product_cat":[15,32],"product_tag":[],"class_list":{"0":"post-363","1":"product","2":"type-product","3":"status-publish","4":"has-post-thumbnail","6":"product_cat-all-products","7":"product_cat-flower-bear","9":"first","10":"instock","11":"shipping-taxable","12":"purchasable","13":"product-type-simple"},"yoast_head":"<!-- This site is optimized with the Yoast SEO plugin v25.9 - https:\/\/yoast.com\/wordpress\/plugins\/seo\/ -->\n<title>Rose Bear Love | Magyarorsz\u00e1g Florist<\/title>\n<meta name=\"description\" content=\"Celebrate everlasting love with our Rose Bear Love .\ud83c\udf39Symbolize your endless affection. Shop now and get a free...\" \/>\n<meta name=\"robots\" content=\"index, follow, max-snippet:-1, max-image-preview:large, max-video-preview:-1\" \/>\n<link rel=\"canonical\" href=\"https:\/\/petalwhim.com\/hu\/p\/rozsa-medve-szerelem\/\" \/>\n<meta property=\"og:locale\" content=\"hu_HU\" \/>\n<meta property=\"og:type\" content=\"article\" \/>\n<meta property=\"og:title\" content=\"Rose Bear Love | Magyarorsz\u00e1g Florist\" \/>\n<meta property=\"og:description\" content=\"Celebrate everlasting love with our Rose Bear Love .\ud83c\udf39Symbolize your endless affection. Shop now and get a free...\" \/>\n<meta property=\"og:url\" content=\"https:\/\/petalwhim.com\/hu\/p\/rozsa-medve-szerelem\/\" \/>\n<meta property=\"og:site_name\" content=\"Petal Whim\u2122\" \/>\n<meta property=\"article:modified_time\" content=\"2025-07-25T05:16:00+00:00\" \/>\n<meta property=\"og:image\" content=\"https:\/\/petalwhim.com\/wp-content\/uploads\/2024\/04\/ours-en-rose-rouge_600x_55199ed4-18d8-4f30-9da5-fc216a0ec268_600x.jpg\" \/>\n\t<meta property=\"og:image:width\" content=\"600\" \/>\n\t<meta property=\"og:image:height\" content=\"600\" \/>\n\t<meta property=\"og:image:type\" content=\"image\/jpeg\" \/>\n<meta name=\"twitter:card\" content=\"summary_large_image\" \/>\n<script type=\"application\/ld+json\" class=\"yoast-schema-graph\">{\"@context\":\"https:\/\/schema.org\",\"@graph\":[{\"@type\":\"WebPage\",\"@id\":\"https:\/\/petalwhim.com\/p\/rose-bear-love\/\",\"url\":\"https:\/\/petalwhim.com\/p\/rose-bear-love\/\",\"name\":\"Rose Bear Love | Magyarorsz\u00e1g Florist\",\"isPartOf\":{\"@id\":\"https:\/\/petalwhim.com\/#website\"},\"primaryImageOfPage\":{\"@id\":\"https:\/\/petalwhim.com\/p\/rose-bear-love\/#primaryimage\"},\"image\":{\"@id\":\"https:\/\/petalwhim.com\/p\/rose-bear-love\/#primaryimage\"},\"thumbnailUrl\":\"https:\/\/petalwhim.com\/wp-content\/uploads\/2024\/04\/ours-en-rose-rouge_600x_55199ed4-18d8-4f30-9da5-fc216a0ec268_600x.jpg\",\"datePublished\":\"2024-04-29T01:31:31+00:00\",\"dateModified\":\"2025-07-25T05:16:00+00:00\",\"description\":\"Celebrate everlasting love with our Rose Bear Love .\ud83c\udf39Symbolize your endless affection. Shop now and get a free...\",\"breadcrumb\":{\"@id\":\"https:\/\/petalwhim.com\/p\/rose-bear-love\/#breadcrumb\"},\"inLanguage\":\"hu\",\"potentialAction\":[{\"@type\":\"ReadAction\",\"target\":[\"https:\/\/petalwhim.com\/p\/rose-bear-love\/\"]}]},{\"@type\":\"ImageObject\",\"inLanguage\":\"hu\",\"@id\":\"https:\/\/petalwhim.com\/p\/rose-bear-love\/#primaryimage\",\"url\":\"https:\/\/petalwhim.com\/wp-content\/uploads\/2024\/04\/ours-en-rose-rouge_600x_55199ed4-18d8-4f30-9da5-fc216a0ec268_600x.jpg\",\"contentUrl\":\"https:\/\/petalwhim.com\/wp-content\/uploads\/2024\/04\/ours-en-rose-rouge_600x_55199ed4-18d8-4f30-9da5-fc216a0ec268_600x.jpg\",\"width\":600,\"height\":600,\"caption\":\"Rose Bear Love\"},{\"@type\":\"BreadcrumbList\",\"@id\":\"https:\/\/petalwhim.com\/p\/rose-bear-love\/#breadcrumb\",\"itemListElement\":[{\"@type\":\"ListItem\",\"position\":1,\"name\":\"Home\",\"item\":\"https:\/\/petalwhim.com\/\"},{\"@type\":\"ListItem\",\"position\":2,\"name\":\"Shop\",\"item\":\"https:\/\/petalwhim.com\/shop\/\"},{\"@type\":\"ListItem\",\"position\":3,\"name\":\"Rose Bear Love\"}]},{\"@type\":\"WebSite\",\"@id\":\"https:\/\/petalwhim.com\/#website\",\"url\":\"https:\/\/petalwhim.com\/\",\"name\":\"Petal Whim\u2122\",\"description\":\"Rose in Glass\",\"publisher\":{\"@id\":\"https:\/\/petalwhim.com\/#organization\"},\"potentialAction\":[{\"@type\":\"SearchAction\",\"target\":{\"@type\":\"EntryPoint\",\"urlTemplate\":\"https:\/\/petalwhim.com\/?s={search_term_string}\"},\"query-input\":{\"@type\":\"PropertyValueSpecification\",\"valueRequired\":true,\"valueName\":\"search_term_string\"}}],\"inLanguage\":\"hu\"},{\"@type\":\"Organization\",\"@id\":\"https:\/\/petalwhim.com\/#organization\",\"name\":\"Petal Whim\",\"alternateName\":\"Rose in Glass\",\"url\":\"https:\/\/petalwhim.com\/\",\"logo\":{\"@type\":\"ImageObject\",\"inLanguage\":\"hu\",\"@id\":\"https:\/\/petalwhim.com\/#\/schema\/logo\/image\/\",\"url\":\"https:\/\/petalwhim.com\/wp-content\/uploads\/2024\/05\/cropped-Petal-Whim-Favicon.png\",\"contentUrl\":\"https:\/\/petalwhim.com\/wp-content\/uploads\/2024\/05\/cropped-Petal-Whim-Favicon.png\",\"width\":512,\"height\":512,\"caption\":\"Petal Whim\"},\"image\":{\"@id\":\"https:\/\/petalwhim.com\/#\/schema\/logo\/image\/\"}}]}<\/script>\n<!-- \/ Yoast SEO plugin. -->","yoast_head_json":{"title":"R\u00f3zsa Medve Szerelem | Magyarorsz\u00e1g Vir\u00e1g\u00fczlet\u00e1g","description":"\u00dcnnepeld az \u00f6r\u00f6k szerelmet a r\u00f3zs\u00e1s medve szerelemmel .\ud83c\udf39 Szimboliz\u00e1lja v\u00e9gtelen szeretetedet. V\u00e1s\u00e1roljon most \u00e9s kap egy ingyenes...","robots":{"index":"index","follow":"follow","max-snippet":"max-snippet:-1","max-image-preview":"max-image-preview:large","max-video-preview":"max-video-preview:-1"},"canonical":"https:\/\/petalwhim.com\/hu\/p\/rozsa-medve-szerelem\/","og_locale":"hu_HU","og_type":"article","og_title":"Rose Bear Love | Magyarorsz\u00e1g Florist","og_description":"Celebrate everlasting love with our Rose Bear Love .\ud83c\udf39Symbolize your endless affection. Shop now and get a free...","og_url":"https:\/\/petalwhim.com\/hu\/p\/rozsa-medve-szerelem\/","og_site_name":"Petal Whim\u2122","article_modified_time":"2025-07-25T05:16:00+00:00","og_image":[{"width":600,"height":600,"url":"https:\/\/petalwhim.com\/wp-content\/uploads\/2024\/04\/ours-en-rose-rouge_600x_55199ed4-18d8-4f30-9da5-fc216a0ec268_600x.jpg","type":"image\/jpeg"}],"twitter_card":"summary_large_image","schema":{"@context":"https:\/\/schema.org","@graph":[{"@type":"WebPage","@id":"https:\/\/petalwhim.com\/p\/rose-bear-love\/","url":"https:\/\/petalwhim.com\/p\/rose-bear-love\/","name":"R\u00f3zsa Medve Szerelem | Magyarorsz\u00e1g Vir\u00e1g\u00fczlet\u00e1g","isPartOf":{"@id":"https:\/\/petalwhim.com\/#website"},"primaryImageOfPage":{"@id":"https:\/\/petalwhim.com\/p\/rose-bear-love\/#primaryimage"},"image":{"@id":"https:\/\/petalwhim.com\/p\/rose-bear-love\/#primaryimage"},"thumbnailUrl":"https:\/\/petalwhim.com\/wp-content\/uploads\/2024\/04\/ours-en-rose-rouge_600x_55199ed4-18d8-4f30-9da5-fc216a0ec268_600x.jpg","datePublished":"2024-04-29T01:31:31+00:00","dateModified":"2025-07-25T05:16:00+00:00","description":"\u00dcnnepeld az \u00f6r\u00f6k szerelmet a r\u00f3zs\u00e1s medve szerelemmel .\ud83c\udf39 Szimboliz\u00e1lja v\u00e9gtelen szeretetedet. V\u00e1s\u00e1roljon most \u00e9s kap egy ingyenes...","breadcrumb":{"@id":"https:\/\/petalwhim.com\/p\/rose-bear-love\/#breadcrumb"},"inLanguage":"hu","potentialAction":[{"@type":"ReadAction","target":["https:\/\/petalwhim.com\/p\/rose-bear-love\/"]}]},{"@type":"ImageObject","inLanguage":"hu","@id":"https:\/\/petalwhim.com\/p\/rose-bear-love\/#primaryimage","url":"https:\/\/petalwhim.com\/wp-content\/uploads\/2024\/04\/ours-en-rose-rouge_600x_55199ed4-18d8-4f30-9da5-fc216a0ec268_600x.jpg","contentUrl":"https:\/\/petalwhim.com\/wp-content\/uploads\/2024\/04\/ours-en-rose-rouge_600x_55199ed4-18d8-4f30-9da5-fc216a0ec268_600x.jpg","width":600,"height":600,"caption":"Rose Bear Love"},{"@type":"BreadcrumbList","@id":"https:\/\/petalwhim.com\/p\/rose-bear-love\/#breadcrumb","itemListElement":[{"@type":"ListItem","position":1,"name":"Home","item":"https:\/\/petalwhim.com\/"},{"@type":"ListItem","position":2,"name":"Shop","item":"https:\/\/petalwhim.com\/shop\/"},{"@type":"ListItem","position":3,"name":"Rose Bear Love"}]},{"@type":"WebSite","@id":"https:\/\/petalwhim.com\/#website","url":"https:\/\/petalwhim.com\/","name":"Szirom szesz\u00e9ly\u2122","description":"R\u00f3zsa \u00fcvegben","publisher":{"@id":"https:\/\/petalwhim.com\/#organization"},"potentialAction":[{"@type":"SearchAction","target":{"@type":"EntryPoint","urlTemplate":"https:\/\/petalwhim.com\/?s={search_term_string}"},"query-input":{"@type":"PropertyValueSpecification","valueRequired":true,"valueName":"search_term_string"}}],"inLanguage":"hu"},{"@type":"Organization","@id":"https:\/\/petalwhim.com\/#organization","name":"Szirom szesz\u00e9ly","alternateName":"Rose in Glass","url":"https:\/\/petalwhim.com\/","logo":{"@type":"ImageObject","inLanguage":"hu","@id":"https:\/\/petalwhim.com\/#\/schema\/logo\/image\/","url":"https:\/\/petalwhim.com\/wp-content\/uploads\/2024\/05\/cropped-Petal-Whim-Favicon.png","contentUrl":"https:\/\/petalwhim.com\/wp-content\/uploads\/2024\/05\/cropped-Petal-Whim-Favicon.png","width":512,"height":512,"caption":"Petal Whim"},"image":{"@id":"https:\/\/petalwhim.com\/#\/schema\/logo\/image\/"}}]}},"_links":{"self":[{"href":"https:\/\/petalwhim.com\/hu\/wp-json\/wp\/v2\/product\/363","targetHints":{"allow":["GET"]}}],"collection":[{"href":"https:\/\/petalwhim.com\/hu\/wp-json\/wp\/v2\/product"}],"about":[{"href":"https:\/\/petalwhim.com\/hu\/wp-json\/wp\/v2\/types\/product"}],"wp:featuredmedia":[{"embeddable":true,"href":"https:\/\/petalwhim.com\/hu\/wp-json\/wp\/v2\/media\/362"}],"wp:attachment":[{"href":"https:\/\/petalwhim.com\/hu\/wp-json\/wp\/v2\/media?parent=363"}],"wp:term":[{"taxonomy":"product_brand","embeddable":true,"href":"https:\/\/petalwhim.com\/hu\/wp-json\/wp\/v2\/product_brand?post=363"},{"taxonomy":"product_cat","embeddable":true,"href":"https:\/\/petalwhim.com\/hu\/wp-json\/wp\/v2\/product_cat?post=363"},{"taxonomy":"product_tag","embeddable":true,"href":"https:\/\/petalwhim.com\/hu\/wp-json\/wp\/v2\/product_tag?post=363"}],"curies":[{"name":"wp","href":"https:\/\/api.w.org\/{rel}","templated":true}]}}