{"id":251,"date":"2024-04-19T05:02:38","date_gmt":"2024-04-19T05:02:38","guid":{"rendered":"https:\/\/petalwhim.com\/p\/cyan-gold-plated-eternal-rose\/"},"modified":"2025-07-25T05:16:01","modified_gmt":"2025-07-25T05:16:01","slug":"cian-aranyozott-orok-rozsa","status":"publish","type":"product","link":"https:\/\/petalwhim.com\/hu\/p\/cian-aranyozott-orok-rozsa\/","title":{"rendered":"<span>Cyan \u00d6r\u00f6k r\u00f3zsa <\/span><span class=\"product-title-custom\">Aranyozott<\/span>"},"content":{"rendered":"<h2>B\u00e9ke \u00e9s harm\u00f3nia vagy lehetetlen szeretet. Az aranyozott cian \u00f6r\u00f6k r\u00f3zsa b\u00e1rmilyen \u00e9rz\u00e9st kifejez, amit csak szeretn\u00e9l.<\/h2><p>Mer\u00fclj\u00f6n el ennek az \u00f6r\u00f6k r\u00f3zs\u00e1nak a k\u00e9kj\u00e9ben, \u00e9s \u00e9lvezze f\u00e9msz\u00edn\u0171 szirmait, amelyeket ez a csod\u00e1latos arany d\u00edsz kiemel.<br><br> <strong>De milyen alkalomb\u00f3l adjuk?<\/strong> <br><br>A tiszta, de lehetetlen szerelmet szimboliz\u00e1lja. Ha ezt az er\u0151s \u00fczenetet szeretn\u00e9d \u00e1tadni, akkor ez neked sz\u00f3l.<br><br>A megtal\u00e1lt vagy v\u00e1gyott b\u00e9k\u00e9t \u00e9s harm\u00f3ni\u00e1t is jelk\u00e9pezi. Aj\u00e1nlja fel a megb\u00e9k\u00e9l\u00e9s jelek\u00e9nt.<br><br> <strong>\u00c9s a meg\u0151rz\u00e9se?<\/strong> <br><br>\u00dagy t\u0171nik, hogy semmi sem \u00f6r\u00f6kk\u00e9val\u00f3, de m\u00e9gis az. Az \u00e9rz\u00e9seid m\u00e9g \u00e9vekig k\u00e9pviselve lesznek. <br><br>Adja h\u00e1t aj\u00e1nd\u00e9kba k\u00e9sedelem n\u00e9lk\u00fcl. <br><br><\/p>","protected":false},"excerpt":{"rendered":"<ul style=\"text-align: center;list-style-position: inside;\">\r\n<li>\ud83d\udc51 R\u00f3zsa 24k aranyba m\u00e1rtott r\u00f3zsa<\/li>\r\n<li>\ud83c\udf39 Igazi r\u00f3zs\u00e1b\u00f3l k\u00e9sz\u00fclt<\/li>\r\n<li>Ragyog\u00f3 \u00e9s f\u00e9nyes kivitelben.<\/li>\r\n<\/ul>","protected":false},"featured_media":250,"template":"","meta":[],"product_brand":[],"product_cat":[15,23],"product_tag":[],"class_list":{"0":"post-251","1":"product","2":"type-product","3":"status-publish","4":"has-post-thumbnail","6":"product_cat-all-products","7":"product_cat-gold-plated-rose","9":"first","10":"instock","11":"shipping-taxable","12":"purchasable","13":"product-type-simple"},"yoast_head":"<!-- This site is optimized with the Yoast SEO plugin v25.9 - https:\/\/yoast.com\/wordpress\/plugins\/seo\/ -->\n<title>Cyan Eternal Rose Gold Plated | Magyarorsz\u00e1g Florist<\/title>\n<meta name=\"description\" content=\"Celebrate everlasting love with our Cyan Eternal Rose Gold Plated .\ud83c\udf39Symbolize your endless affection. Shop now and get a free...\" \/>\n<meta name=\"robots\" content=\"index, follow, max-snippet:-1, max-image-preview:large, max-video-preview:-1\" \/>\n<link rel=\"canonical\" href=\"https:\/\/petalwhim.com\/hu\/p\/cian-aranyozott-orok-rozsa\/\" \/>\n<meta property=\"og:locale\" content=\"hu_HU\" \/>\n<meta property=\"og:type\" content=\"article\" \/>\n<meta property=\"og:title\" content=\"Cyan Eternal Rose Gold Plated | Magyarorsz\u00e1g Florist\" \/>\n<meta property=\"og:description\" content=\"Celebrate everlasting love with our Cyan Eternal Rose Gold Plated .\ud83c\udf39Symbolize your endless affection. Shop now and get a free...\" \/>\n<meta property=\"og:url\" content=\"https:\/\/petalwhim.com\/hu\/p\/cian-aranyozott-orok-rozsa\/\" \/>\n<meta property=\"og:site_name\" content=\"Petal Whim\u2122\" \/>\n<meta property=\"article:modified_time\" content=\"2025-07-25T05:16:01+00:00\" \/>\n<meta property=\"og:image\" content=\"https:\/\/petalwhim.com\/wp-content\/uploads\/2024\/04\/product-image-1488753287.jpg\" \/>\n\t<meta property=\"og:image:width\" content=\"640\" \/>\n\t<meta property=\"og:image:height\" content=\"640\" \/>\n\t<meta property=\"og:image:type\" content=\"image\/jpeg\" \/>\n<meta name=\"twitter:card\" content=\"summary_large_image\" \/>\n<meta name=\"twitter:label1\" content=\"Becs\u00fclt olvas\u00e1si id\u0151\" \/>\n\t<meta name=\"twitter:data1\" content=\"1 perc\" \/>\n<script type=\"application\/ld+json\" class=\"yoast-schema-graph\">{\"@context\":\"https:\/\/schema.org\",\"@graph\":[{\"@type\":\"WebPage\",\"@id\":\"https:\/\/petalwhim.com\/p\/cyan-gold-plated-eternal-rose\/\",\"url\":\"https:\/\/petalwhim.com\/p\/cyan-gold-plated-eternal-rose\/\",\"name\":\"Cyan Eternal Rose Gold Plated | Magyarorsz\u00e1g Florist\",\"isPartOf\":{\"@id\":\"https:\/\/petalwhim.com\/#website\"},\"primaryImageOfPage\":{\"@id\":\"https:\/\/petalwhim.com\/p\/cyan-gold-plated-eternal-rose\/#primaryimage\"},\"image\":{\"@id\":\"https:\/\/petalwhim.com\/p\/cyan-gold-plated-eternal-rose\/#primaryimage\"},\"thumbnailUrl\":\"https:\/\/petalwhim.com\/wp-content\/uploads\/2024\/04\/product-image-1488753287.jpg\",\"datePublished\":\"2024-04-19T05:02:38+00:00\",\"dateModified\":\"2025-07-25T05:16:01+00:00\",\"description\":\"Celebrate everlasting love with our Cyan Eternal Rose Gold Plated .\ud83c\udf39Symbolize your endless affection. Shop now and get a free...\",\"breadcrumb\":{\"@id\":\"https:\/\/petalwhim.com\/p\/cyan-gold-plated-eternal-rose\/#breadcrumb\"},\"inLanguage\":\"hu\",\"potentialAction\":[{\"@type\":\"ReadAction\",\"target\":[\"https:\/\/petalwhim.com\/p\/cyan-gold-plated-eternal-rose\/\"]}]},{\"@type\":\"ImageObject\",\"inLanguage\":\"hu\",\"@id\":\"https:\/\/petalwhim.com\/p\/cyan-gold-plated-eternal-rose\/#primaryimage\",\"url\":\"https:\/\/petalwhim.com\/wp-content\/uploads\/2024\/04\/product-image-1488753287.jpg\",\"contentUrl\":\"https:\/\/petalwhim.com\/wp-content\/uploads\/2024\/04\/product-image-1488753287.jpg\",\"width\":640,\"height\":640,\"caption\":\"Cyan Eternal Rose Gold Plated\"},{\"@type\":\"BreadcrumbList\",\"@id\":\"https:\/\/petalwhim.com\/p\/cyan-gold-plated-eternal-rose\/#breadcrumb\",\"itemListElement\":[{\"@type\":\"ListItem\",\"position\":1,\"name\":\"Home\",\"item\":\"https:\/\/petalwhim.com\/\"},{\"@type\":\"ListItem\",\"position\":2,\"name\":\"Shop\",\"item\":\"https:\/\/petalwhim.com\/shop\/\"},{\"@type\":\"ListItem\",\"position\":3,\"name\":\"Cyan Eternal Rose Gold Plated\"}]},{\"@type\":\"WebSite\",\"@id\":\"https:\/\/petalwhim.com\/#website\",\"url\":\"https:\/\/petalwhim.com\/\",\"name\":\"Petal Whim\u2122\",\"description\":\"Rose in Glass\",\"publisher\":{\"@id\":\"https:\/\/petalwhim.com\/#organization\"},\"potentialAction\":[{\"@type\":\"SearchAction\",\"target\":{\"@type\":\"EntryPoint\",\"urlTemplate\":\"https:\/\/petalwhim.com\/?s={search_term_string}\"},\"query-input\":{\"@type\":\"PropertyValueSpecification\",\"valueRequired\":true,\"valueName\":\"search_term_string\"}}],\"inLanguage\":\"hu\"},{\"@type\":\"Organization\",\"@id\":\"https:\/\/petalwhim.com\/#organization\",\"name\":\"Petal Whim\",\"alternateName\":\"Rose in Glass\",\"url\":\"https:\/\/petalwhim.com\/\",\"logo\":{\"@type\":\"ImageObject\",\"inLanguage\":\"hu\",\"@id\":\"https:\/\/petalwhim.com\/#\/schema\/logo\/image\/\",\"url\":\"https:\/\/petalwhim.com\/wp-content\/uploads\/2024\/05\/cropped-Petal-Whim-Favicon.png\",\"contentUrl\":\"https:\/\/petalwhim.com\/wp-content\/uploads\/2024\/05\/cropped-Petal-Whim-Favicon.png\",\"width\":512,\"height\":512,\"caption\":\"Petal Whim\"},\"image\":{\"@id\":\"https:\/\/petalwhim.com\/#\/schema\/logo\/image\/\"}}]}<\/script>\n<!-- \/ Yoast SEO plugin. -->","yoast_head_json":{"title":"Cyan Eternal Rose aranyozott r\u00f3zsa | Magyarorsz\u00e1g Vir\u00e1g\u00fczlet\u00e1g","description":"\u00dcnnepeld az \u00f6r\u00f6k szerelmet a Cyan Eternal Rose Gold Plated .\ud83c\udf39Szimboliz\u00e1lja a v\u00e9gtelen szeretetet. V\u00e1s\u00e1roljon most \u00e9s kap egy ingyenes...","robots":{"index":"index","follow":"follow","max-snippet":"max-snippet:-1","max-image-preview":"max-image-preview:large","max-video-preview":"max-video-preview:-1"},"canonical":"https:\/\/petalwhim.com\/hu\/p\/cian-aranyozott-orok-rozsa\/","og_locale":"hu_HU","og_type":"article","og_title":"Cyan Eternal Rose Gold Plated | Magyarorsz\u00e1g Florist","og_description":"Celebrate everlasting love with our Cyan Eternal Rose Gold Plated .\ud83c\udf39Symbolize your endless affection. Shop now and get a free...","og_url":"https:\/\/petalwhim.com\/hu\/p\/cian-aranyozott-orok-rozsa\/","og_site_name":"Petal Whim\u2122","article_modified_time":"2025-07-25T05:16:01+00:00","og_image":[{"width":640,"height":640,"url":"https:\/\/petalwhim.com\/wp-content\/uploads\/2024\/04\/product-image-1488753287.jpg","type":"image\/jpeg"}],"twitter_card":"summary_large_image","twitter_misc":{"Becs\u00fclt olvas\u00e1si id\u0151":"1 perc"},"schema":{"@context":"https:\/\/schema.org","@graph":[{"@type":"WebPage","@id":"https:\/\/petalwhim.com\/p\/cyan-gold-plated-eternal-rose\/","url":"https:\/\/petalwhim.com\/p\/cyan-gold-plated-eternal-rose\/","name":"Cyan Eternal Rose aranyozott r\u00f3zsa | Magyarorsz\u00e1g Vir\u00e1g\u00fczlet\u00e1g","isPartOf":{"@id":"https:\/\/petalwhim.com\/#website"},"primaryImageOfPage":{"@id":"https:\/\/petalwhim.com\/p\/cyan-gold-plated-eternal-rose\/#primaryimage"},"image":{"@id":"https:\/\/petalwhim.com\/p\/cyan-gold-plated-eternal-rose\/#primaryimage"},"thumbnailUrl":"https:\/\/petalwhim.com\/wp-content\/uploads\/2024\/04\/product-image-1488753287.jpg","datePublished":"2024-04-19T05:02:38+00:00","dateModified":"2025-07-25T05:16:01+00:00","description":"\u00dcnnepeld az \u00f6r\u00f6k szerelmet a Cyan Eternal Rose Gold Plated .\ud83c\udf39Szimboliz\u00e1lja a v\u00e9gtelen szeretetet. V\u00e1s\u00e1roljon most \u00e9s kap egy ingyenes...","breadcrumb":{"@id":"https:\/\/petalwhim.com\/p\/cyan-gold-plated-eternal-rose\/#breadcrumb"},"inLanguage":"hu","potentialAction":[{"@type":"ReadAction","target":["https:\/\/petalwhim.com\/p\/cyan-gold-plated-eternal-rose\/"]}]},{"@type":"ImageObject","inLanguage":"hu","@id":"https:\/\/petalwhim.com\/p\/cyan-gold-plated-eternal-rose\/#primaryimage","url":"https:\/\/petalwhim.com\/wp-content\/uploads\/2024\/04\/product-image-1488753287.jpg","contentUrl":"https:\/\/petalwhim.com\/wp-content\/uploads\/2024\/04\/product-image-1488753287.jpg","width":640,"height":640,"caption":"Cyan Eternal Rose Gold Plated"},{"@type":"BreadcrumbList","@id":"https:\/\/petalwhim.com\/p\/cyan-gold-plated-eternal-rose\/#breadcrumb","itemListElement":[{"@type":"ListItem","position":1,"name":"Home","item":"https:\/\/petalwhim.com\/"},{"@type":"ListItem","position":2,"name":"Shop","item":"https:\/\/petalwhim.com\/shop\/"},{"@type":"ListItem","position":3,"name":"Cyan Eternal Rose Gold Plated"}]},{"@type":"WebSite","@id":"https:\/\/petalwhim.com\/#website","url":"https:\/\/petalwhim.com\/","name":"Szirom szesz\u00e9ly\u2122","description":"R\u00f3zsa \u00fcvegben","publisher":{"@id":"https:\/\/petalwhim.com\/#organization"},"potentialAction":[{"@type":"SearchAction","target":{"@type":"EntryPoint","urlTemplate":"https:\/\/petalwhim.com\/?s={search_term_string}"},"query-input":{"@type":"PropertyValueSpecification","valueRequired":true,"valueName":"search_term_string"}}],"inLanguage":"hu"},{"@type":"Organization","@id":"https:\/\/petalwhim.com\/#organization","name":"Szirom szesz\u00e9ly","alternateName":"Rose in Glass","url":"https:\/\/petalwhim.com\/","logo":{"@type":"ImageObject","inLanguage":"hu","@id":"https:\/\/petalwhim.com\/#\/schema\/logo\/image\/","url":"https:\/\/petalwhim.com\/wp-content\/uploads\/2024\/05\/cropped-Petal-Whim-Favicon.png","contentUrl":"https:\/\/petalwhim.com\/wp-content\/uploads\/2024\/05\/cropped-Petal-Whim-Favicon.png","width":512,"height":512,"caption":"Petal Whim"},"image":{"@id":"https:\/\/petalwhim.com\/#\/schema\/logo\/image\/"}}]}},"_links":{"self":[{"href":"https:\/\/petalwhim.com\/hu\/wp-json\/wp\/v2\/product\/251","targetHints":{"allow":["GET"]}}],"collection":[{"href":"https:\/\/petalwhim.com\/hu\/wp-json\/wp\/v2\/product"}],"about":[{"href":"https:\/\/petalwhim.com\/hu\/wp-json\/wp\/v2\/types\/product"}],"wp:featuredmedia":[{"embeddable":true,"href":"https:\/\/petalwhim.com\/hu\/wp-json\/wp\/v2\/media\/250"}],"wp:attachment":[{"href":"https:\/\/petalwhim.com\/hu\/wp-json\/wp\/v2\/media?parent=251"}],"wp:term":[{"taxonomy":"product_brand","embeddable":true,"href":"https:\/\/petalwhim.com\/hu\/wp-json\/wp\/v2\/product_brand?post=251"},{"taxonomy":"product_cat","embeddable":true,"href":"https:\/\/petalwhim.com\/hu\/wp-json\/wp\/v2\/product_cat?post=251"},{"taxonomy":"product_tag","embeddable":true,"href":"https:\/\/petalwhim.com\/hu\/wp-json\/wp\/v2\/product_tag?post=251"}],"curies":[{"name":"wp","href":"https:\/\/api.w.org\/{rel}","templated":true}]}}